{"id":162271,"date":"2024-12-29T11:42:55","date_gmt":"2024-12-29T10:42:55","guid":{"rendered":"https:\/\/revolutionpadelstore.com\/sudadera-bullpadel-gomese-015\/"},"modified":"2026-04-08T08:47:37","modified_gmt":"2026-04-08T06:47:37","slug":"sudadera-bullpadel-gomese-015-3","status":"publish","type":"product","link":"https:\/\/revolutionpadelstore.com\/fr\/produit\/sudadera-bullpadel-gomese-015-3\/","title":{"rendered":"SUDADERA BULLPADEL GOMESE 015"},"content":{"rendered":"<p><H2> Bullpadel gomsee 015 Kaki Sweatshirt: style et performance <\/h2>\n<p>Le Sweat-shirt Kaki <strong> Bullpadel Gomsee 015 est con\u00e7u pour offrir un \u00e9quilibre parfait entre le confort, la fonctionnalit\u00e9 et le style. Id\u00e9al pour les amateurs de pagaie ou toute activit\u00e9 ext\u00e9rieure, ce mod\u00e8le se distingue par son tissu en polyester <strong> avec technologie thermalflex <\/strong>, ce qui garantit une respirabilit\u00e9 optimale et un contr\u00f4le de la temp\u00e9rature.<\/p>\n<h2> <strong> Caract\u00e9ristiques principales <\/strong>: <\/h2>\n<p><strong> -tronglex <\/strong>: assure une excellente isolation thermique et r\u00e9gule la temp\u00e9rature corporelle.<\/p>\n<p><strong>-h\u00f4te ajust\u00e9 <\/strong>: avec des lacets pour un ajustement personnalis\u00e9 et une protection suppl\u00e9mentaire.<\/p>\n<p><strong> -relief <\/strong>: Design moderne qui fournit une touche distinctive dans la poitrine.<\/p>\n<p><strong> -Kangaroo Type <\/strong>: spacieux et pratique pour garder les mains chaudes ou sauver de petits objets.<\/p>\n<p><strong> -ib dans les poings et bas <\/strong>: permet un ajustement parfait, offrant un confort tout au long de la journ\u00e9e.<\/p>\n<p><strong> -Color Kaki <\/strong>: polyvalent et en tendance, id\u00e9al pour combiner avec n&#8217;importe quel \u00e9quipement.<\/p>\n<p>Le tissu est <strong> doux et r\u00e9sistant <\/strong>, con\u00e7u pour r\u00e9sister \u00e0 l&#8217;usure quotidienne, \u00e9tant parfait pour les jours frais ou les s\u00e9ances sportives. Ce sweat-shirt est plus qu&#8217;un v\u00eatement; C&#8217;est un partenaire fiable qui vous gardera \u00e0 l&#8217;aise tout en am\u00e9liorant vos performances ou profitez simplement de votre temps libre.<\/p>\n<h2> disponible maintenant <\/h2>\n<p>Achetez le sweat <strong> bullpadel gomsee 015 kaki dans notre boutique en ligne <a href=\"https:\/\/www.revolutionpadelstore.com\/\"> Revolution Padel Store <\/a> et assurez-vous que vous l&#8217;obtiez probablement au meilleur march\u00e9 du meilleur march\u00e9 prix!<\/p>\n<h3> <\/h3>\n<h2>Sudadera Bullpadel Gomese 015 Kaki: estilo y rendimiento<\/h2>\n","protected":false},"excerpt":{"rendered":"<p>Le sweat-shirt Kaki Bullpadel Gomsee 015 combine le confort, la fonctionnalit\u00e9 et le style dans un design parfait. Il est id\u00e9al pour les deux amateurs de paddle et toute activit\u00e9 de plein air. Fabriqu\u00e9 avec un polyester p\u00e9n\u00e9tr\u00e9 et \u00e9quip\u00e9 avec une technologie thermalflex, il garantit une excellente respirabilit\u00e9 et un contr\u00f4le efficace de la temp\u00e9rature corporelle.<\/p>\n","protected":false},"featured_media":157451,"comment_status":"open","ping_status":"closed","template":"","meta":{"_acf_changed":false,"_joinchat":[]},"acabado":[],"balance":[],"dureza":[],"forma":[],"jugador":[1192],"marca":[1257],"nivel-de-juego":[],"superficie":[],"tipo-de-juego":[],"product_brand":[],"product_cat":[344],"product_tag":[],"class_list":{"0":"post-162271","1":"product","2":"type-product","3":"status-publish","4":"has-post-thumbnail","6":"jugador-homme","7":"marca-bullpadel-fr","8":"product_cat-ropa-fr","10":"first","11":"outofstock","12":"sale","13":"taxable","14":"shipping-taxable","15":"purchasable","16":"product-type-variable"},"acf":[],"yoast_head":"<!-- This site is optimized with the Yoast SEO plugin v27.4 - https:\/\/yoast.com\/product\/yoast-seo-wordpress\/ -->\n<title>SUDADERA BULLPADEL GOMESE 015 - Revolution Padel Store<\/title>\n<meta name=\"description\" content=\"Descubre la sudadera Bullpadel Gomese 015 Kaki con tecnolog\u00eda Termalflex, dise\u00f1o moderno y confort total. Disponible en Revolution Padel Store al mejor precio.\" \/>\n<meta name=\"robots\" content=\"index, follow, max-snippet:-1, max-image-preview:large, max-video-preview:-1\" \/>\n<link rel=\"canonical\" href=\"https:\/\/revolutionpadelstore.com\/fr\/produit\/sudadera-bullpadel-gomese-015-3\/\" \/>\n<meta property=\"og:locale\" content=\"fr_FR\" \/>\n<meta property=\"og:type\" content=\"article\" \/>\n<meta property=\"og:title\" content=\"SUDADERA BULLPADEL GOMESE 015 - Revolution Padel Store\" \/>\n<meta property=\"og:description\" content=\"Descubre la sudadera Bullpadel Gomese 015 Kaki con tecnolog\u00eda Termalflex, dise\u00f1o moderno y confort total. Disponible en Revolution Padel Store al mejor precio.\" \/>\n<meta property=\"og:url\" content=\"https:\/\/revolutionpadelstore.com\/fr\/produit\/sudadera-bullpadel-gomese-015-3\/\" \/>\n<meta property=\"og:site_name\" content=\"Revolution Padel Store\" \/>\n<meta property=\"article:modified_time\" content=\"2026-04-08T06:47:37+00:00\" \/>\n<meta property=\"og:image\" content=\"https:\/\/revolutionpadelstore.com\/wp-content\/uploads\/2024\/12\/179E-4.png\" \/>\n\t<meta property=\"og:image:width\" content=\"1500\" \/>\n\t<meta property=\"og:image:height\" content=\"1500\" \/>\n\t<meta property=\"og:image:type\" content=\"image\/png\" \/>\n<meta name=\"twitter:card\" content=\"summary_large_image\" \/>\n<meta name=\"twitter:label1\" content=\"Dur\u00e9e de lecture estim\u00e9e\" \/>\n\t<meta name=\"twitter:data1\" content=\"1 minute\" \/>\n<script type=\"application\/ld+json\" class=\"yoast-schema-graph\">{\"@context\":\"https:\\\/\\\/schema.org\",\"@graph\":[{\"@type\":\"WebPage\",\"@id\":\"https:\\\/\\\/revolutionpadelstore.com\\\/fr\\\/produit\\\/sudadera-bullpadel-gomese-015-3\\\/\",\"url\":\"https:\\\/\\\/revolutionpadelstore.com\\\/fr\\\/produit\\\/sudadera-bullpadel-gomese-015-3\\\/\",\"name\":\"SUDADERA BULLPADEL GOMESE 015 - Revolution Padel Store\",\"isPartOf\":{\"@id\":\"https:\\\/\\\/revolutionpadelstore.com\\\/fr\\\/#website\"},\"primaryImageOfPage\":{\"@id\":\"https:\\\/\\\/revolutionpadelstore.com\\\/fr\\\/produit\\\/sudadera-bullpadel-gomese-015-3\\\/#primaryimage\"},\"image\":{\"@id\":\"https:\\\/\\\/revolutionpadelstore.com\\\/fr\\\/produit\\\/sudadera-bullpadel-gomese-015-3\\\/#primaryimage\"},\"thumbnailUrl\":\"https:\\\/\\\/revolutionpadelstore.com\\\/wp-content\\\/uploads\\\/2024\\\/12\\\/179E-4.png\",\"datePublished\":\"2024-12-29T10:42:55+00:00\",\"dateModified\":\"2026-04-08T06:47:37+00:00\",\"description\":\"Descubre la sudadera Bullpadel Gomese 015 Kaki con tecnolog\u00eda Termalflex, dise\u00f1o moderno y confort total. Disponible en Revolution Padel Store al mejor precio.\",\"breadcrumb\":{\"@id\":\"https:\\\/\\\/revolutionpadelstore.com\\\/fr\\\/produit\\\/sudadera-bullpadel-gomese-015-3\\\/#breadcrumb\"},\"inLanguage\":\"fr-FR\",\"potentialAction\":[{\"@type\":\"ReadAction\",\"target\":[\"https:\\\/\\\/revolutionpadelstore.com\\\/fr\\\/produit\\\/sudadera-bullpadel-gomese-015-3\\\/\"]}]},{\"@type\":\"ImageObject\",\"inLanguage\":\"fr-FR\",\"@id\":\"https:\\\/\\\/revolutionpadelstore.com\\\/fr\\\/produit\\\/sudadera-bullpadel-gomese-015-3\\\/#primaryimage\",\"url\":\"https:\\\/\\\/revolutionpadelstore.com\\\/wp-content\\\/uploads\\\/2024\\\/12\\\/179E-4.png\",\"contentUrl\":\"https:\\\/\\\/revolutionpadelstore.com\\\/wp-content\\\/uploads\\\/2024\\\/12\\\/179E-4.png\",\"width\":1500,\"height\":1500},{\"@type\":\"BreadcrumbList\",\"@id\":\"https:\\\/\\\/revolutionpadelstore.com\\\/fr\\\/produit\\\/sudadera-bullpadel-gomese-015-3\\\/#breadcrumb\",\"itemListElement\":[{\"@type\":\"ListItem\",\"position\":1,\"name\":\"Portada\",\"item\":\"https:\\\/\\\/revolutionpadelstore.com\\\/fr\\\/\"},{\"@type\":\"ListItem\",\"position\":2,\"name\":\"Boutique\",\"item\":\"https:\\\/\\\/revolutionpadelstore.com\\\/fr\\\/tienda\\\/\"},{\"@type\":\"ListItem\",\"position\":3,\"name\":\"SUDADERA BULLPADEL GOMESE 015\"}]},{\"@type\":\"WebSite\",\"@id\":\"https:\\\/\\\/revolutionpadelstore.com\\\/fr\\\/#website\",\"url\":\"https:\\\/\\\/revolutionpadelstore.com\\\/fr\\\/\",\"name\":\"Revolution Padel Store\",\"description\":\"\",\"publisher\":{\"@id\":\"https:\\\/\\\/revolutionpadelstore.com\\\/fr\\\/#organization\"},\"potentialAction\":[{\"@type\":\"SearchAction\",\"target\":{\"@type\":\"EntryPoint\",\"urlTemplate\":\"https:\\\/\\\/revolutionpadelstore.com\\\/fr\\\/?s={search_term_string}\"},\"query-input\":{\"@type\":\"PropertyValueSpecification\",\"valueRequired\":true,\"valueName\":\"search_term_string\"}}],\"inLanguage\":\"fr-FR\"},{\"@type\":\"Organization\",\"@id\":\"https:\\\/\\\/revolutionpadelstore.com\\\/fr\\\/#organization\",\"name\":\"Revolution Padel Store\",\"url\":\"https:\\\/\\\/revolutionpadelstore.com\\\/fr\\\/\",\"logo\":{\"@type\":\"ImageObject\",\"inLanguage\":\"fr-FR\",\"@id\":\"https:\\\/\\\/revolutionpadelstore.com\\\/fr\\\/#\\\/schema\\\/logo\\\/image\\\/\",\"url\":\"https:\\\/\\\/revolutionpadelstore.com\\\/wp-content\\\/uploads\\\/2026\\\/02\\\/revolution-padel-store.jpg\",\"contentUrl\":\"https:\\\/\\\/revolutionpadelstore.com\\\/wp-content\\\/uploads\\\/2026\\\/02\\\/revolution-padel-store.jpg\",\"width\":2000,\"height\":2000,\"caption\":\"Revolution Padel Store\"},\"image\":{\"@id\":\"https:\\\/\\\/revolutionpadelstore.com\\\/fr\\\/#\\\/schema\\\/logo\\\/image\\\/\"},\"sameAs\":[\"https:\\\/\\\/www.instagram.com\\\/revolutionpadelstore\\\/\"]}]}<\/script>\n<!-- \/ Yoast SEO plugin. -->","yoast_head_json":{"title":"SUDADERA BULLPADEL GOMESE 015 - Revolution Padel Store","description":"Descubre la sudadera Bullpadel Gomese 015 Kaki con tecnolog\u00eda Termalflex, dise\u00f1o moderno y confort total. Disponible en Revolution Padel Store al mejor precio.","robots":{"index":"index","follow":"follow","max-snippet":"max-snippet:-1","max-image-preview":"max-image-preview:large","max-video-preview":"max-video-preview:-1"},"canonical":"https:\/\/revolutionpadelstore.com\/fr\/produit\/sudadera-bullpadel-gomese-015-3\/","og_locale":"fr_FR","og_type":"article","og_title":"SUDADERA BULLPADEL GOMESE 015 - Revolution Padel Store","og_description":"Descubre la sudadera Bullpadel Gomese 015 Kaki con tecnolog\u00eda Termalflex, dise\u00f1o moderno y confort total. Disponible en Revolution Padel Store al mejor precio.","og_url":"https:\/\/revolutionpadelstore.com\/fr\/produit\/sudadera-bullpadel-gomese-015-3\/","og_site_name":"Revolution Padel Store","article_modified_time":"2026-04-08T06:47:37+00:00","og_image":[{"width":1500,"height":1500,"url":"https:\/\/revolutionpadelstore.com\/wp-content\/uploads\/2024\/12\/179E-4.png","type":"image\/png"}],"twitter_card":"summary_large_image","twitter_misc":{"Dur\u00e9e de lecture estim\u00e9e":"1 minute"},"schema":{"@context":"https:\/\/schema.org","@graph":[{"@type":"WebPage","@id":"https:\/\/revolutionpadelstore.com\/fr\/produit\/sudadera-bullpadel-gomese-015-3\/","url":"https:\/\/revolutionpadelstore.com\/fr\/produit\/sudadera-bullpadel-gomese-015-3\/","name":"SUDADERA BULLPADEL GOMESE 015 - Revolution Padel Store","isPartOf":{"@id":"https:\/\/revolutionpadelstore.com\/fr\/#website"},"primaryImageOfPage":{"@id":"https:\/\/revolutionpadelstore.com\/fr\/produit\/sudadera-bullpadel-gomese-015-3\/#primaryimage"},"image":{"@id":"https:\/\/revolutionpadelstore.com\/fr\/produit\/sudadera-bullpadel-gomese-015-3\/#primaryimage"},"thumbnailUrl":"https:\/\/revolutionpadelstore.com\/wp-content\/uploads\/2024\/12\/179E-4.png","datePublished":"2024-12-29T10:42:55+00:00","dateModified":"2026-04-08T06:47:37+00:00","description":"Descubre la sudadera Bullpadel Gomese 015 Kaki con tecnolog\u00eda Termalflex, dise\u00f1o moderno y confort total. Disponible en Revolution Padel Store al mejor precio.","breadcrumb":{"@id":"https:\/\/revolutionpadelstore.com\/fr\/produit\/sudadera-bullpadel-gomese-015-3\/#breadcrumb"},"inLanguage":"fr-FR","potentialAction":[{"@type":"ReadAction","target":["https:\/\/revolutionpadelstore.com\/fr\/produit\/sudadera-bullpadel-gomese-015-3\/"]}]},{"@type":"ImageObject","inLanguage":"fr-FR","@id":"https:\/\/revolutionpadelstore.com\/fr\/produit\/sudadera-bullpadel-gomese-015-3\/#primaryimage","url":"https:\/\/revolutionpadelstore.com\/wp-content\/uploads\/2024\/12\/179E-4.png","contentUrl":"https:\/\/revolutionpadelstore.com\/wp-content\/uploads\/2024\/12\/179E-4.png","width":1500,"height":1500},{"@type":"BreadcrumbList","@id":"https:\/\/revolutionpadelstore.com\/fr\/produit\/sudadera-bullpadel-gomese-015-3\/#breadcrumb","itemListElement":[{"@type":"ListItem","position":1,"name":"Portada","item":"https:\/\/revolutionpadelstore.com\/fr\/"},{"@type":"ListItem","position":2,"name":"Boutique","item":"https:\/\/revolutionpadelstore.com\/fr\/tienda\/"},{"@type":"ListItem","position":3,"name":"SUDADERA BULLPADEL GOMESE 015"}]},{"@type":"WebSite","@id":"https:\/\/revolutionpadelstore.com\/fr\/#website","url":"https:\/\/revolutionpadelstore.com\/fr\/","name":"Revolution Padel Store","description":"","publisher":{"@id":"https:\/\/revolutionpadelstore.com\/fr\/#organization"},"potentialAction":[{"@type":"SearchAction","target":{"@type":"EntryPoint","urlTemplate":"https:\/\/revolutionpadelstore.com\/fr\/?s={search_term_string}"},"query-input":{"@type":"PropertyValueSpecification","valueRequired":true,"valueName":"search_term_string"}}],"inLanguage":"fr-FR"},{"@type":"Organization","@id":"https:\/\/revolutionpadelstore.com\/fr\/#organization","name":"Revolution Padel Store","url":"https:\/\/revolutionpadelstore.com\/fr\/","logo":{"@type":"ImageObject","inLanguage":"fr-FR","@id":"https:\/\/revolutionpadelstore.com\/fr\/#\/schema\/logo\/image\/","url":"https:\/\/revolutionpadelstore.com\/wp-content\/uploads\/2026\/02\/revolution-padel-store.jpg","contentUrl":"https:\/\/revolutionpadelstore.com\/wp-content\/uploads\/2026\/02\/revolution-padel-store.jpg","width":2000,"height":2000,"caption":"Revolution Padel Store"},"image":{"@id":"https:\/\/revolutionpadelstore.com\/fr\/#\/schema\/logo\/image\/"},"sameAs":["https:\/\/www.instagram.com\/revolutionpadelstore\/"]}]}},"_links":{"self":[{"href":"https:\/\/revolutionpadelstore.com\/fr\/wp-json\/wp\/v2\/product\/162271","targetHints":{"allow":["GET"]}}],"collection":[{"href":"https:\/\/revolutionpadelstore.com\/fr\/wp-json\/wp\/v2\/product"}],"about":[{"href":"https:\/\/revolutionpadelstore.com\/fr\/wp-json\/wp\/v2\/types\/product"}],"replies":[{"embeddable":true,"href":"https:\/\/revolutionpadelstore.com\/fr\/wp-json\/wp\/v2\/comments?post=162271"}],"wp:featuredmedia":[{"embeddable":true,"href":"https:\/\/revolutionpadelstore.com\/fr\/wp-json\/wp\/v2\/media\/157451"}],"wp:attachment":[{"href":"https:\/\/revolutionpadelstore.com\/fr\/wp-json\/wp\/v2\/media?parent=162271"}],"wp:term":[{"taxonomy":"acabado","embeddable":true,"href":"https:\/\/revolutionpadelstore.com\/fr\/wp-json\/wp\/v2\/acabado?post=162271"},{"taxonomy":"balance","embeddable":true,"href":"https:\/\/revolutionpadelstore.com\/fr\/wp-json\/wp\/v2\/balance?post=162271"},{"taxonomy":"dureza","embeddable":true,"href":"https:\/\/revolutionpadelstore.com\/fr\/wp-json\/wp\/v2\/dureza?post=162271"},{"taxonomy":"forma","embeddable":true,"href":"https:\/\/revolutionpadelstore.com\/fr\/wp-json\/wp\/v2\/forma?post=162271"},{"taxonomy":"jugador","embeddable":true,"href":"https:\/\/revolutionpadelstore.com\/fr\/wp-json\/wp\/v2\/jugador?post=162271"},{"taxonomy":"marca","embeddable":true,"href":"https:\/\/revolutionpadelstore.com\/fr\/wp-json\/wp\/v2\/marca?post=162271"},{"taxonomy":"nivel-de-juego","embeddable":true,"href":"https:\/\/revolutionpadelstore.com\/fr\/wp-json\/wp\/v2\/nivel-de-juego?post=162271"},{"taxonomy":"superficie","embeddable":true,"href":"https:\/\/revolutionpadelstore.com\/fr\/wp-json\/wp\/v2\/superficie?post=162271"},{"taxonomy":"tipo-de-juego","embeddable":true,"href":"https:\/\/revolutionpadelstore.com\/fr\/wp-json\/wp\/v2\/tipo-de-juego?post=162271"},{"taxonomy":"product_brand","embeddable":true,"href":"https:\/\/revolutionpadelstore.com\/fr\/wp-json\/wp\/v2\/product_brand?post=162271"},{"taxonomy":"product_cat","embeddable":true,"href":"https:\/\/revolutionpadelstore.com\/fr\/wp-json\/wp\/v2\/product_cat?post=162271"},{"taxonomy":"product_tag","embeddable":true,"href":"https:\/\/revolutionpadelstore.com\/fr\/wp-json\/wp\/v2\/product_tag?post=162271"}],"curies":[{"name":"wp","href":"https:\/\/api.w.org\/{rel}","templated":true}]}}