{"id":162216,"date":"2024-12-29T12:14:01","date_gmt":"2024-12-29T11:14:01","guid":{"rendered":"https:\/\/revolutionpadelstore.com\/sudadera-bullpadel-gondo-151-gris-medio-vigore\/"},"modified":"2026-04-08T08:45:04","modified_gmt":"2026-04-08T06:45:04","slug":"sudadera-bullpadel-gondo-151-gris-medio-vigore-3","status":"publish","type":"product","link":"https:\/\/revolutionpadelstore.com\/fr\/produit\/sudadera-bullpadel-gondo-151-gris-medio-vigore-3\/","title":{"rendered":"SUDADERA BULLPADEL GONDO 151 GRIS MEDIO VIGORE"},"content":{"rendered":"<p><H2> Sweat-shirt Gondo Bullpadel 151 Vigore Medium Vigore Gray <\/H2><br \/>\nLe <strong> sweat-shirt Gondo Bullpadel <\/strong> pour un demi-vigore gris combine le style, la fonctionnalit\u00e9 et la technologie de la derni\u00e8re g\u00e9n\u00e9ration pour les amateurs de paddle et les amateurs de sport. Fabriqu\u00e9e avec <strong> verrouillage mannequin 100% polyester <\/strong> et \u00e9quip\u00e9 de la technologie innovante <strong> thermalflex <\/strong>, ce v\u00eatement assure une excellente r\u00e9tention de chaleur, tout en maintenant une respirabilit\u00e9 optimale. Id\u00e9al pour l&#8217;entra\u00eenement en plein air ou pour profiter des moments de loisirs avec un confort total.<\/p>\n<h2> Caract\u00e9ristiques principales: <\/h2>\n<p><strong> &#8211; T\u00e2che technique de qualit\u00e9 \u00e9lev\u00e9e: <\/strong> mat\u00e9riel <strong> perchado verrouillage <\/strong> pour une plus grande durabilit\u00e9 et confort.<\/p>\n<p><strong> -tronglex: <\/strong> garantit la r\u00e9gulation de l&#8217;isolation thermique et de l&#8217;humidit\u00e9.<\/p>\n<p><strong> &#8211; Conception fonctionnelle: <\/strong><\/p>\n<p> Hood r\u00e9glable pour une plus grande protection les jours froids.<\/p>\n<p> Pocket Kangaroo pour le stockage pratique et gardez vos mains chaudes.<br \/>\n<strong> -Premium en forme: <\/strong> D\u00e9tails des c\u00f4tes dans les poings et les basses qui optimisent le r\u00e9glage.<\/p>\n<p><strong> -Modern Styl: <\/strong> graphique avant qui ajoute une touche dynamique et sportive.<\/p>\n<h2> Avantages: <\/h2>\n<p>-Perfect de garder le corps <strong> chaud et sec <\/strong> dans les climats frais.<\/p>\n<p><strong> -versatilit\u00e9 <\/strong> dans son utilisation, \u00e0 la fois pour les activit\u00e9s sportives et pour les jours.<\/p>\n<p>-Va conception moderne et ergonomique offre <strong> un maximum de confort <\/strong> sans sacrifier le style.<\/p>\n<p>Obtenez le sweat-shirt Bullpadel Gondo et profitez de la combinaison <strong> parfaite de conception et de fonctionnalit\u00e9 <\/strong>. Disponible maintenant dans notre boutique en ligne <a href=\"https:\/\/www.revolutionpadelstore.com\/\"> <strong> www.revolutionpadelstore.com <\/strong> <\/a>, probablement au meilleur prix du march\u00e9.<\/p>\n<h4> <\/h4>\n<h2>Sudadera Bullpadel Gondo 151 Gris Medio Vigore<\/h2>\n","protected":false},"excerpt":{"rendered":"<p>Le sweat-shirt Bullpadel Gondo pour les hommes, dans un \u00e9l\u00e9gant ton gris \u00e0 demi-vigore, offre une combinaison parfaite de style moderne, de fonctionnalit\u00e9s pratiques et de technologie avanc\u00e9e, id\u00e9ale pour passionn\u00e9e de tennis et de sports en g\u00e9n\u00e9ral.<\/p>\n","protected":false},"featured_media":157555,"comment_status":"open","ping_status":"closed","template":"","meta":{"_acf_changed":false,"_joinchat":[]},"acabado":[],"balance":[],"dureza":[],"forma":[],"jugador":[1192],"marca":[1257],"nivel-de-juego":[],"superficie":[],"tipo-de-juego":[],"product_brand":[],"product_cat":[344],"product_tag":[],"class_list":{"0":"post-162216","1":"product","2":"type-product","3":"status-publish","4":"has-post-thumbnail","6":"jugador-homme","7":"marca-bullpadel-fr","8":"product_cat-ropa-fr","10":"first","11":"outofstock","12":"sale","13":"taxable","14":"shipping-taxable","15":"purchasable","16":"product-type-variable"},"acf":[],"yoast_head":"<!-- This site is optimized with the Yoast SEO plugin v27.4 - https:\/\/yoast.com\/product\/yoast-seo-wordpress\/ -->\n<title>SUDADERA BULLPADEL GONDO 151 GRIS MEDIO VIGORE - Revolution Padel Store<\/title>\n<meta name=\"description\" content=\"Compra la Sudadera Bullpadel Gondo Gris Medio Vigore con tecnolog\u00eda Termalflex. Ideal para entrenamientos y momentos de ocio. Disponible en www.revolutionpadelstore.com.\" \/>\n<meta name=\"robots\" content=\"index, follow, max-snippet:-1, max-image-preview:large, max-video-preview:-1\" \/>\n<link rel=\"canonical\" href=\"https:\/\/revolutionpadelstore.com\/fr\/produit\/sudadera-bullpadel-gondo-151-gris-medio-vigore-3\/\" \/>\n<meta property=\"og:locale\" content=\"fr_FR\" \/>\n<meta property=\"og:type\" content=\"article\" \/>\n<meta property=\"og:title\" content=\"SUDADERA BULLPADEL GONDO 151 GRIS MEDIO VIGORE - Revolution Padel Store\" \/>\n<meta property=\"og:description\" content=\"Compra la Sudadera Bullpadel Gondo Gris Medio Vigore con tecnolog\u00eda Termalflex. Ideal para entrenamientos y momentos de ocio. Disponible en www.revolutionpadelstore.com.\" \/>\n<meta property=\"og:url\" content=\"https:\/\/revolutionpadelstore.com\/fr\/produit\/sudadera-bullpadel-gondo-151-gris-medio-vigore-3\/\" \/>\n<meta property=\"og:site_name\" content=\"Revolution Padel Store\" \/>\n<meta property=\"article:modified_time\" content=\"2026-04-08T06:45:04+00:00\" \/>\n<meta property=\"og:image\" content=\"https:\/\/revolutionpadelstore.com\/wp-content\/uploads\/2024\/12\/179E-7.png\" \/>\n\t<meta property=\"og:image:width\" content=\"1500\" \/>\n\t<meta property=\"og:image:height\" content=\"1500\" \/>\n\t<meta property=\"og:image:type\" content=\"image\/png\" \/>\n<meta name=\"twitter:card\" content=\"summary_large_image\" \/>\n<meta name=\"twitter:label1\" content=\"Dur\u00e9e de lecture estim\u00e9e\" \/>\n\t<meta name=\"twitter:data1\" content=\"1 minute\" \/>\n<script type=\"application\/ld+json\" class=\"yoast-schema-graph\">{\"@context\":\"https:\\\/\\\/schema.org\",\"@graph\":[{\"@type\":\"WebPage\",\"@id\":\"https:\\\/\\\/revolutionpadelstore.com\\\/fr\\\/produit\\\/sudadera-bullpadel-gondo-151-gris-medio-vigore-3\\\/\",\"url\":\"https:\\\/\\\/revolutionpadelstore.com\\\/fr\\\/produit\\\/sudadera-bullpadel-gondo-151-gris-medio-vigore-3\\\/\",\"name\":\"SUDADERA BULLPADEL GONDO 151 GRIS MEDIO VIGORE - Revolution Padel Store\",\"isPartOf\":{\"@id\":\"https:\\\/\\\/revolutionpadelstore.com\\\/fr\\\/#website\"},\"primaryImageOfPage\":{\"@id\":\"https:\\\/\\\/revolutionpadelstore.com\\\/fr\\\/produit\\\/sudadera-bullpadel-gondo-151-gris-medio-vigore-3\\\/#primaryimage\"},\"image\":{\"@id\":\"https:\\\/\\\/revolutionpadelstore.com\\\/fr\\\/produit\\\/sudadera-bullpadel-gondo-151-gris-medio-vigore-3\\\/#primaryimage\"},\"thumbnailUrl\":\"https:\\\/\\\/revolutionpadelstore.com\\\/wp-content\\\/uploads\\\/2024\\\/12\\\/179E-7.png\",\"datePublished\":\"2024-12-29T11:14:01+00:00\",\"dateModified\":\"2026-04-08T06:45:04+00:00\",\"description\":\"Compra la Sudadera Bullpadel Gondo Gris Medio Vigore con tecnolog\u00eda Termalflex. Ideal para entrenamientos y momentos de ocio. Disponible en www.revolutionpadelstore.com.\",\"breadcrumb\":{\"@id\":\"https:\\\/\\\/revolutionpadelstore.com\\\/fr\\\/produit\\\/sudadera-bullpadel-gondo-151-gris-medio-vigore-3\\\/#breadcrumb\"},\"inLanguage\":\"fr-FR\",\"potentialAction\":[{\"@type\":\"ReadAction\",\"target\":[\"https:\\\/\\\/revolutionpadelstore.com\\\/fr\\\/produit\\\/sudadera-bullpadel-gondo-151-gris-medio-vigore-3\\\/\"]}]},{\"@type\":\"ImageObject\",\"inLanguage\":\"fr-FR\",\"@id\":\"https:\\\/\\\/revolutionpadelstore.com\\\/fr\\\/produit\\\/sudadera-bullpadel-gondo-151-gris-medio-vigore-3\\\/#primaryimage\",\"url\":\"https:\\\/\\\/revolutionpadelstore.com\\\/wp-content\\\/uploads\\\/2024\\\/12\\\/179E-7.png\",\"contentUrl\":\"https:\\\/\\\/revolutionpadelstore.com\\\/wp-content\\\/uploads\\\/2024\\\/12\\\/179E-7.png\",\"width\":1500,\"height\":1500},{\"@type\":\"BreadcrumbList\",\"@id\":\"https:\\\/\\\/revolutionpadelstore.com\\\/fr\\\/produit\\\/sudadera-bullpadel-gondo-151-gris-medio-vigore-3\\\/#breadcrumb\",\"itemListElement\":[{\"@type\":\"ListItem\",\"position\":1,\"name\":\"Portada\",\"item\":\"https:\\\/\\\/revolutionpadelstore.com\\\/fr\\\/\"},{\"@type\":\"ListItem\",\"position\":2,\"name\":\"Boutique\",\"item\":\"https:\\\/\\\/revolutionpadelstore.com\\\/fr\\\/tienda\\\/\"},{\"@type\":\"ListItem\",\"position\":3,\"name\":\"SUDADERA BULLPADEL GONDO 151 GRIS MEDIO VIGORE\"}]},{\"@type\":\"WebSite\",\"@id\":\"https:\\\/\\\/revolutionpadelstore.com\\\/fr\\\/#website\",\"url\":\"https:\\\/\\\/revolutionpadelstore.com\\\/fr\\\/\",\"name\":\"Revolution Padel Store\",\"description\":\"\",\"publisher\":{\"@id\":\"https:\\\/\\\/revolutionpadelstore.com\\\/fr\\\/#organization\"},\"potentialAction\":[{\"@type\":\"SearchAction\",\"target\":{\"@type\":\"EntryPoint\",\"urlTemplate\":\"https:\\\/\\\/revolutionpadelstore.com\\\/fr\\\/?s={search_term_string}\"},\"query-input\":{\"@type\":\"PropertyValueSpecification\",\"valueRequired\":true,\"valueName\":\"search_term_string\"}}],\"inLanguage\":\"fr-FR\"},{\"@type\":\"Organization\",\"@id\":\"https:\\\/\\\/revolutionpadelstore.com\\\/fr\\\/#organization\",\"name\":\"Revolution Padel Store\",\"url\":\"https:\\\/\\\/revolutionpadelstore.com\\\/fr\\\/\",\"logo\":{\"@type\":\"ImageObject\",\"inLanguage\":\"fr-FR\",\"@id\":\"https:\\\/\\\/revolutionpadelstore.com\\\/fr\\\/#\\\/schema\\\/logo\\\/image\\\/\",\"url\":\"https:\\\/\\\/revolutionpadelstore.com\\\/wp-content\\\/uploads\\\/2026\\\/02\\\/revolution-padel-store.jpg\",\"contentUrl\":\"https:\\\/\\\/revolutionpadelstore.com\\\/wp-content\\\/uploads\\\/2026\\\/02\\\/revolution-padel-store.jpg\",\"width\":2000,\"height\":2000,\"caption\":\"Revolution Padel Store\"},\"image\":{\"@id\":\"https:\\\/\\\/revolutionpadelstore.com\\\/fr\\\/#\\\/schema\\\/logo\\\/image\\\/\"},\"sameAs\":[\"https:\\\/\\\/www.instagram.com\\\/revolutionpadelstore\\\/\"]}]}<\/script>\n<!-- \/ Yoast SEO plugin. -->","yoast_head_json":{"title":"SUDADERA BULLPADEL GONDO 151 GRIS MEDIO VIGORE - Revolution Padel Store","description":"Compra la Sudadera Bullpadel Gondo Gris Medio Vigore con tecnolog\u00eda Termalflex. Ideal para entrenamientos y momentos de ocio. Disponible en www.revolutionpadelstore.com.","robots":{"index":"index","follow":"follow","max-snippet":"max-snippet:-1","max-image-preview":"max-image-preview:large","max-video-preview":"max-video-preview:-1"},"canonical":"https:\/\/revolutionpadelstore.com\/fr\/produit\/sudadera-bullpadel-gondo-151-gris-medio-vigore-3\/","og_locale":"fr_FR","og_type":"article","og_title":"SUDADERA BULLPADEL GONDO 151 GRIS MEDIO VIGORE - Revolution Padel Store","og_description":"Compra la Sudadera Bullpadel Gondo Gris Medio Vigore con tecnolog\u00eda Termalflex. Ideal para entrenamientos y momentos de ocio. Disponible en www.revolutionpadelstore.com.","og_url":"https:\/\/revolutionpadelstore.com\/fr\/produit\/sudadera-bullpadel-gondo-151-gris-medio-vigore-3\/","og_site_name":"Revolution Padel Store","article_modified_time":"2026-04-08T06:45:04+00:00","og_image":[{"width":1500,"height":1500,"url":"https:\/\/revolutionpadelstore.com\/wp-content\/uploads\/2024\/12\/179E-7.png","type":"image\/png"}],"twitter_card":"summary_large_image","twitter_misc":{"Dur\u00e9e de lecture estim\u00e9e":"1 minute"},"schema":{"@context":"https:\/\/schema.org","@graph":[{"@type":"WebPage","@id":"https:\/\/revolutionpadelstore.com\/fr\/produit\/sudadera-bullpadel-gondo-151-gris-medio-vigore-3\/","url":"https:\/\/revolutionpadelstore.com\/fr\/produit\/sudadera-bullpadel-gondo-151-gris-medio-vigore-3\/","name":"SUDADERA BULLPADEL GONDO 151 GRIS MEDIO VIGORE - Revolution Padel Store","isPartOf":{"@id":"https:\/\/revolutionpadelstore.com\/fr\/#website"},"primaryImageOfPage":{"@id":"https:\/\/revolutionpadelstore.com\/fr\/produit\/sudadera-bullpadel-gondo-151-gris-medio-vigore-3\/#primaryimage"},"image":{"@id":"https:\/\/revolutionpadelstore.com\/fr\/produit\/sudadera-bullpadel-gondo-151-gris-medio-vigore-3\/#primaryimage"},"thumbnailUrl":"https:\/\/revolutionpadelstore.com\/wp-content\/uploads\/2024\/12\/179E-7.png","datePublished":"2024-12-29T11:14:01+00:00","dateModified":"2026-04-08T06:45:04+00:00","description":"Compra la Sudadera Bullpadel Gondo Gris Medio Vigore con tecnolog\u00eda Termalflex. Ideal para entrenamientos y momentos de ocio. Disponible en www.revolutionpadelstore.com.","breadcrumb":{"@id":"https:\/\/revolutionpadelstore.com\/fr\/produit\/sudadera-bullpadel-gondo-151-gris-medio-vigore-3\/#breadcrumb"},"inLanguage":"fr-FR","potentialAction":[{"@type":"ReadAction","target":["https:\/\/revolutionpadelstore.com\/fr\/produit\/sudadera-bullpadel-gondo-151-gris-medio-vigore-3\/"]}]},{"@type":"ImageObject","inLanguage":"fr-FR","@id":"https:\/\/revolutionpadelstore.com\/fr\/produit\/sudadera-bullpadel-gondo-151-gris-medio-vigore-3\/#primaryimage","url":"https:\/\/revolutionpadelstore.com\/wp-content\/uploads\/2024\/12\/179E-7.png","contentUrl":"https:\/\/revolutionpadelstore.com\/wp-content\/uploads\/2024\/12\/179E-7.png","width":1500,"height":1500},{"@type":"BreadcrumbList","@id":"https:\/\/revolutionpadelstore.com\/fr\/produit\/sudadera-bullpadel-gondo-151-gris-medio-vigore-3\/#breadcrumb","itemListElement":[{"@type":"ListItem","position":1,"name":"Portada","item":"https:\/\/revolutionpadelstore.com\/fr\/"},{"@type":"ListItem","position":2,"name":"Boutique","item":"https:\/\/revolutionpadelstore.com\/fr\/tienda\/"},{"@type":"ListItem","position":3,"name":"SUDADERA BULLPADEL GONDO 151 GRIS MEDIO VIGORE"}]},{"@type":"WebSite","@id":"https:\/\/revolutionpadelstore.com\/fr\/#website","url":"https:\/\/revolutionpadelstore.com\/fr\/","name":"Revolution Padel Store","description":"","publisher":{"@id":"https:\/\/revolutionpadelstore.com\/fr\/#organization"},"potentialAction":[{"@type":"SearchAction","target":{"@type":"EntryPoint","urlTemplate":"https:\/\/revolutionpadelstore.com\/fr\/?s={search_term_string}"},"query-input":{"@type":"PropertyValueSpecification","valueRequired":true,"valueName":"search_term_string"}}],"inLanguage":"fr-FR"},{"@type":"Organization","@id":"https:\/\/revolutionpadelstore.com\/fr\/#organization","name":"Revolution Padel Store","url":"https:\/\/revolutionpadelstore.com\/fr\/","logo":{"@type":"ImageObject","inLanguage":"fr-FR","@id":"https:\/\/revolutionpadelstore.com\/fr\/#\/schema\/logo\/image\/","url":"https:\/\/revolutionpadelstore.com\/wp-content\/uploads\/2026\/02\/revolution-padel-store.jpg","contentUrl":"https:\/\/revolutionpadelstore.com\/wp-content\/uploads\/2026\/02\/revolution-padel-store.jpg","width":2000,"height":2000,"caption":"Revolution Padel Store"},"image":{"@id":"https:\/\/revolutionpadelstore.com\/fr\/#\/schema\/logo\/image\/"},"sameAs":["https:\/\/www.instagram.com\/revolutionpadelstore\/"]}]}},"_links":{"self":[{"href":"https:\/\/revolutionpadelstore.com\/fr\/wp-json\/wp\/v2\/product\/162216","targetHints":{"allow":["GET"]}}],"collection":[{"href":"https:\/\/revolutionpadelstore.com\/fr\/wp-json\/wp\/v2\/product"}],"about":[{"href":"https:\/\/revolutionpadelstore.com\/fr\/wp-json\/wp\/v2\/types\/product"}],"replies":[{"embeddable":true,"href":"https:\/\/revolutionpadelstore.com\/fr\/wp-json\/wp\/v2\/comments?post=162216"}],"wp:featuredmedia":[{"embeddable":true,"href":"https:\/\/revolutionpadelstore.com\/fr\/wp-json\/wp\/v2\/media\/157555"}],"wp:attachment":[{"href":"https:\/\/revolutionpadelstore.com\/fr\/wp-json\/wp\/v2\/media?parent=162216"}],"wp:term":[{"taxonomy":"acabado","embeddable":true,"href":"https:\/\/revolutionpadelstore.com\/fr\/wp-json\/wp\/v2\/acabado?post=162216"},{"taxonomy":"balance","embeddable":true,"href":"https:\/\/revolutionpadelstore.com\/fr\/wp-json\/wp\/v2\/balance?post=162216"},{"taxonomy":"dureza","embeddable":true,"href":"https:\/\/revolutionpadelstore.com\/fr\/wp-json\/wp\/v2\/dureza?post=162216"},{"taxonomy":"forma","embeddable":true,"href":"https:\/\/revolutionpadelstore.com\/fr\/wp-json\/wp\/v2\/forma?post=162216"},{"taxonomy":"jugador","embeddable":true,"href":"https:\/\/revolutionpadelstore.com\/fr\/wp-json\/wp\/v2\/jugador?post=162216"},{"taxonomy":"marca","embeddable":true,"href":"https:\/\/revolutionpadelstore.com\/fr\/wp-json\/wp\/v2\/marca?post=162216"},{"taxonomy":"nivel-de-juego","embeddable":true,"href":"https:\/\/revolutionpadelstore.com\/fr\/wp-json\/wp\/v2\/nivel-de-juego?post=162216"},{"taxonomy":"superficie","embeddable":true,"href":"https:\/\/revolutionpadelstore.com\/fr\/wp-json\/wp\/v2\/superficie?post=162216"},{"taxonomy":"tipo-de-juego","embeddable":true,"href":"https:\/\/revolutionpadelstore.com\/fr\/wp-json\/wp\/v2\/tipo-de-juego?post=162216"},{"taxonomy":"product_brand","embeddable":true,"href":"https:\/\/revolutionpadelstore.com\/fr\/wp-json\/wp\/v2\/product_brand?post=162216"},{"taxonomy":"product_cat","embeddable":true,"href":"https:\/\/revolutionpadelstore.com\/fr\/wp-json\/wp\/v2\/product_cat?post=162216"},{"taxonomy":"product_tag","embeddable":true,"href":"https:\/\/revolutionpadelstore.com\/fr\/wp-json\/wp\/v2\/product_tag?post=162216"}],"curies":[{"name":"wp","href":"https:\/\/api.w.org\/{rel}","templated":true}]}}