{"id":162171,"date":"2024-12-29T21:28:27","date_gmt":"2024-12-29T20:28:27","guid":{"rendered":"https:\/\/revolutionpadelstore.com\/pantalon-bullpadel-gudina-004-azul-marino\/"},"modified":"2026-04-08T08:42:41","modified_gmt":"2026-04-08T06:42:41","slug":"pantalon-bullpadel-gudina-004-azul-marino-3","status":"publish","type":"product","link":"https:\/\/revolutionpadelstore.com\/fr\/produit\/pantalon-bullpadel-gudina-004-azul-marino-3\/","title":{"rendered":"PANTAL\u00d3N BULLPADEL GUDINA 004 AZUL MARINO"},"content":{"rendered":"<p><H2> Bullpadel Gudina 004 Pantalon bleu marine <\/h2>\n<p>Le pantalon <strong> bullpadel Gudina 004 en bleu marine <\/strong> est l&#8217;option parfaite pour ceux qui recherchent le confort, le style et la fonctionnalit\u00e9 dans un seul v\u00eatement. Con\u00e7u sp\u00e9cialement pour les sports et l&#8217;utilisation quotidienne, ce pantalon se distingue par ses caract\u00e9ristiques techniques et mat\u00e9rielles de haute qualit\u00e9.<\/p>\n<h2> Caract\u00e9ristiques exceptionnelles: <\/h2>\n<p><strong> &#8211; Mat\u00e9riau de qualit\u00e9 haute <\/strong>: Fabriqu\u00e9 en tissu de verrouillage de polyester Perchado, offre une touche douce et maintient la chaleur, id\u00e9ale pour les climats plus frais.<\/p>\n<p><strong> -hajuste confortable et s\u00fbr <\/strong>: Votre ceinture de cordon r\u00e9glable permet un ajustement personnalis\u00e9 pour plus de confort.<\/p>\n<p><strong> &#8211; bits pratiques <\/strong>: comprend des poches inclin\u00e9es, l&#8217;une d&#8217;entre elles avec une fermeture \u00e9clair invisible, pour stocker de petits objets en toute s\u00e9curit\u00e9.<\/p>\n<p><strong> &#8211; Conception fonctionnelle <\/strong>: fermetures \u00e0 glissi\u00e8re dans la basse qui facilitent son utilisation avec diff\u00e9rents types de chaussures.<\/p>\n<p><strong> -Durabilit\u00e9 et style <\/strong>: fabriqu\u00e9s pour r\u00e9sister \u00e0 l&#8217;usure de l&#8217;utilisation quotidienne, avec un design moderne et attrayant.<\/p>\n<h2> Avantages: <\/h2>\n<p><strong> -versatilit\u00e9 <\/strong>: parfait pour les s\u00e9ances d&#8217;entra\u00eenement, les jeux de paddle ou les activit\u00e9s occasionnelles.<\/p>\n<p><strong> -trong&gt; marchand thermique: id\u00e9al pour vous garder au chaud et confortable pendant vos activit\u00e9s.<\/p>\n<p><strong> -Alafe Almacement <\/strong>: Prenez vos effets essentiels en toute s\u00e9curit\u00e9 et accessibles.<\/p>\n<h2> Prenez votre bullpadel Gudina 004 bleu marine<br \/>\nObtenez ce pantalon essentiel et portez votre tenue sportive au niveau sup\u00e9rieur. Disponible maintenant dans notre boutique en ligne <a href=\"http:\/\/www.revolutionpadelstore.com\/\"> www.revolutionpadelstore.com <\/a>, probablement au meilleur prix du march\u00e9.<\/p>\n<h2>Pantal\u00f3n Bullpadel Gudina 004 Azul Marino<\/h2>\n","protected":false},"excerpt":{"rendered":"<p>Le pantalon Bullpadel Gudina 004 en bleu marine est id\u00e9al pour ceux qui veulent combiner le confort, le style et la praticit\u00e9 dans un seul v\u00eatement. Pens\u00e9 \u00e0 la fois pour les activit\u00e9s sportives et au jour le jour, ce pantalon se distingue par sa conception technique et la qualit\u00e9 sup\u00e9rieure de ses mat\u00e9riaux.<\/p>\n","protected":false},"featured_media":157695,"comment_status":"open","ping_status":"closed","template":"","meta":{"_acf_changed":false,"_joinchat":[]},"acabado":[],"balance":[],"dureza":[],"forma":[],"jugador":[1192],"marca":[1257],"nivel-de-juego":[],"superficie":[],"tipo-de-juego":[],"product_brand":[],"product_cat":[344],"product_tag":[],"class_list":{"0":"post-162171","1":"product","2":"type-product","3":"status-publish","4":"has-post-thumbnail","6":"jugador-homme","7":"marca-bullpadel-fr","8":"product_cat-ropa-fr","10":"first","11":"outofstock","12":"sale","13":"taxable","14":"shipping-taxable","15":"purchasable","16":"product-type-variable"},"acf":[],"yoast_head":"<!-- This site is optimized with the Yoast SEO plugin v27.4 - https:\/\/yoast.com\/product\/yoast-seo-wordpress\/ -->\n<title>PANTAL\u00d3N BULLPADEL GUDINA 004 AZUL MARINO - Revolution Padel Store<\/title>\n<meta name=\"description\" content=\"Descubre el pantal\u00f3n Bullpadel Gudina 004 en azul marino. Confeccionado en tejido c\u00e1lido, ofrece ajuste personalizado, bolsillos pr\u00e1cticos y dise\u00f1o moderno. \u00a1Disponible en Revolution Padel Store!\" \/>\n<meta name=\"robots\" content=\"index, follow, max-snippet:-1, max-image-preview:large, max-video-preview:-1\" \/>\n<link rel=\"canonical\" href=\"https:\/\/revolutionpadelstore.com\/fr\/produit\/pantalon-bullpadel-gudina-004-azul-marino-3\/\" \/>\n<meta property=\"og:locale\" content=\"fr_FR\" \/>\n<meta property=\"og:type\" content=\"article\" \/>\n<meta property=\"og:title\" content=\"PANTAL\u00d3N BULLPADEL GUDINA 004 AZUL MARINO - Revolution Padel Store\" \/>\n<meta property=\"og:description\" content=\"Descubre el pantal\u00f3n Bullpadel Gudina 004 en azul marino. Confeccionado en tejido c\u00e1lido, ofrece ajuste personalizado, bolsillos pr\u00e1cticos y dise\u00f1o moderno. \u00a1Disponible en Revolution Padel Store!\" \/>\n<meta property=\"og:url\" content=\"https:\/\/revolutionpadelstore.com\/fr\/produit\/pantalon-bullpadel-gudina-004-azul-marino-3\/\" \/>\n<meta property=\"og:site_name\" content=\"Revolution Padel Store\" \/>\n<meta property=\"article:modified_time\" content=\"2026-04-08T06:42:41+00:00\" \/>\n<meta property=\"og:image\" content=\"https:\/\/revolutionpadelstore.com\/wp-content\/uploads\/2024\/12\/179E-9.png\" \/>\n\t<meta property=\"og:image:width\" content=\"1500\" \/>\n\t<meta property=\"og:image:height\" content=\"1500\" \/>\n\t<meta property=\"og:image:type\" content=\"image\/png\" \/>\n<meta name=\"twitter:card\" content=\"summary_large_image\" \/>\n<meta name=\"twitter:label1\" content=\"Dur\u00e9e de lecture estim\u00e9e\" \/>\n\t<meta name=\"twitter:data1\" content=\"1 minute\" \/>\n<script type=\"application\/ld+json\" class=\"yoast-schema-graph\">{\"@context\":\"https:\\\/\\\/schema.org\",\"@graph\":[{\"@type\":\"WebPage\",\"@id\":\"https:\\\/\\\/revolutionpadelstore.com\\\/fr\\\/produit\\\/pantalon-bullpadel-gudina-004-azul-marino-3\\\/\",\"url\":\"https:\\\/\\\/revolutionpadelstore.com\\\/fr\\\/produit\\\/pantalon-bullpadel-gudina-004-azul-marino-3\\\/\",\"name\":\"PANTAL\u00d3N BULLPADEL GUDINA 004 AZUL MARINO - Revolution Padel Store\",\"isPartOf\":{\"@id\":\"https:\\\/\\\/revolutionpadelstore.com\\\/fr\\\/#website\"},\"primaryImageOfPage\":{\"@id\":\"https:\\\/\\\/revolutionpadelstore.com\\\/fr\\\/produit\\\/pantalon-bullpadel-gudina-004-azul-marino-3\\\/#primaryimage\"},\"image\":{\"@id\":\"https:\\\/\\\/revolutionpadelstore.com\\\/fr\\\/produit\\\/pantalon-bullpadel-gudina-004-azul-marino-3\\\/#primaryimage\"},\"thumbnailUrl\":\"https:\\\/\\\/revolutionpadelstore.com\\\/wp-content\\\/uploads\\\/2024\\\/12\\\/179E-9.png\",\"datePublished\":\"2024-12-29T20:28:27+00:00\",\"dateModified\":\"2026-04-08T06:42:41+00:00\",\"description\":\"Descubre el pantal\u00f3n Bullpadel Gudina 004 en azul marino. Confeccionado en tejido c\u00e1lido, ofrece ajuste personalizado, bolsillos pr\u00e1cticos y dise\u00f1o moderno. \u00a1Disponible en Revolution Padel Store!\",\"breadcrumb\":{\"@id\":\"https:\\\/\\\/revolutionpadelstore.com\\\/fr\\\/produit\\\/pantalon-bullpadel-gudina-004-azul-marino-3\\\/#breadcrumb\"},\"inLanguage\":\"fr-FR\",\"potentialAction\":[{\"@type\":\"ReadAction\",\"target\":[\"https:\\\/\\\/revolutionpadelstore.com\\\/fr\\\/produit\\\/pantalon-bullpadel-gudina-004-azul-marino-3\\\/\"]}]},{\"@type\":\"ImageObject\",\"inLanguage\":\"fr-FR\",\"@id\":\"https:\\\/\\\/revolutionpadelstore.com\\\/fr\\\/produit\\\/pantalon-bullpadel-gudina-004-azul-marino-3\\\/#primaryimage\",\"url\":\"https:\\\/\\\/revolutionpadelstore.com\\\/wp-content\\\/uploads\\\/2024\\\/12\\\/179E-9.png\",\"contentUrl\":\"https:\\\/\\\/revolutionpadelstore.com\\\/wp-content\\\/uploads\\\/2024\\\/12\\\/179E-9.png\",\"width\":1500,\"height\":1500},{\"@type\":\"BreadcrumbList\",\"@id\":\"https:\\\/\\\/revolutionpadelstore.com\\\/fr\\\/produit\\\/pantalon-bullpadel-gudina-004-azul-marino-3\\\/#breadcrumb\",\"itemListElement\":[{\"@type\":\"ListItem\",\"position\":1,\"name\":\"Portada\",\"item\":\"https:\\\/\\\/revolutionpadelstore.com\\\/fr\\\/\"},{\"@type\":\"ListItem\",\"position\":2,\"name\":\"Boutique\",\"item\":\"https:\\\/\\\/revolutionpadelstore.com\\\/fr\\\/tienda\\\/\"},{\"@type\":\"ListItem\",\"position\":3,\"name\":\"PANTAL\u00d3N BULLPADEL GUDINA 004 AZUL MARINO\"}]},{\"@type\":\"WebSite\",\"@id\":\"https:\\\/\\\/revolutionpadelstore.com\\\/fr\\\/#website\",\"url\":\"https:\\\/\\\/revolutionpadelstore.com\\\/fr\\\/\",\"name\":\"Revolution Padel Store\",\"description\":\"\",\"publisher\":{\"@id\":\"https:\\\/\\\/revolutionpadelstore.com\\\/fr\\\/#organization\"},\"potentialAction\":[{\"@type\":\"SearchAction\",\"target\":{\"@type\":\"EntryPoint\",\"urlTemplate\":\"https:\\\/\\\/revolutionpadelstore.com\\\/fr\\\/?s={search_term_string}\"},\"query-input\":{\"@type\":\"PropertyValueSpecification\",\"valueRequired\":true,\"valueName\":\"search_term_string\"}}],\"inLanguage\":\"fr-FR\"},{\"@type\":\"Organization\",\"@id\":\"https:\\\/\\\/revolutionpadelstore.com\\\/fr\\\/#organization\",\"name\":\"Revolution Padel Store\",\"url\":\"https:\\\/\\\/revolutionpadelstore.com\\\/fr\\\/\",\"logo\":{\"@type\":\"ImageObject\",\"inLanguage\":\"fr-FR\",\"@id\":\"https:\\\/\\\/revolutionpadelstore.com\\\/fr\\\/#\\\/schema\\\/logo\\\/image\\\/\",\"url\":\"https:\\\/\\\/revolutionpadelstore.com\\\/wp-content\\\/uploads\\\/2026\\\/02\\\/revolution-padel-store.jpg\",\"contentUrl\":\"https:\\\/\\\/revolutionpadelstore.com\\\/wp-content\\\/uploads\\\/2026\\\/02\\\/revolution-padel-store.jpg\",\"width\":2000,\"height\":2000,\"caption\":\"Revolution Padel Store\"},\"image\":{\"@id\":\"https:\\\/\\\/revolutionpadelstore.com\\\/fr\\\/#\\\/schema\\\/logo\\\/image\\\/\"},\"sameAs\":[\"https:\\\/\\\/www.instagram.com\\\/revolutionpadelstore\\\/\"]}]}<\/script>\n<!-- \/ Yoast SEO plugin. -->","yoast_head_json":{"title":"PANTAL\u00d3N BULLPADEL GUDINA 004 AZUL MARINO - Revolution Padel Store","description":"Descubre el pantal\u00f3n Bullpadel Gudina 004 en azul marino. Confeccionado en tejido c\u00e1lido, ofrece ajuste personalizado, bolsillos pr\u00e1cticos y dise\u00f1o moderno. \u00a1Disponible en Revolution Padel Store!","robots":{"index":"index","follow":"follow","max-snippet":"max-snippet:-1","max-image-preview":"max-image-preview:large","max-video-preview":"max-video-preview:-1"},"canonical":"https:\/\/revolutionpadelstore.com\/fr\/produit\/pantalon-bullpadel-gudina-004-azul-marino-3\/","og_locale":"fr_FR","og_type":"article","og_title":"PANTAL\u00d3N BULLPADEL GUDINA 004 AZUL MARINO - Revolution Padel Store","og_description":"Descubre el pantal\u00f3n Bullpadel Gudina 004 en azul marino. Confeccionado en tejido c\u00e1lido, ofrece ajuste personalizado, bolsillos pr\u00e1cticos y dise\u00f1o moderno. \u00a1Disponible en Revolution Padel Store!","og_url":"https:\/\/revolutionpadelstore.com\/fr\/produit\/pantalon-bullpadel-gudina-004-azul-marino-3\/","og_site_name":"Revolution Padel Store","article_modified_time":"2026-04-08T06:42:41+00:00","og_image":[{"width":1500,"height":1500,"url":"https:\/\/revolutionpadelstore.com\/wp-content\/uploads\/2024\/12\/179E-9.png","type":"image\/png"}],"twitter_card":"summary_large_image","twitter_misc":{"Dur\u00e9e de lecture estim\u00e9e":"1 minute"},"schema":{"@context":"https:\/\/schema.org","@graph":[{"@type":"WebPage","@id":"https:\/\/revolutionpadelstore.com\/fr\/produit\/pantalon-bullpadel-gudina-004-azul-marino-3\/","url":"https:\/\/revolutionpadelstore.com\/fr\/produit\/pantalon-bullpadel-gudina-004-azul-marino-3\/","name":"PANTAL\u00d3N BULLPADEL GUDINA 004 AZUL MARINO - Revolution Padel Store","isPartOf":{"@id":"https:\/\/revolutionpadelstore.com\/fr\/#website"},"primaryImageOfPage":{"@id":"https:\/\/revolutionpadelstore.com\/fr\/produit\/pantalon-bullpadel-gudina-004-azul-marino-3\/#primaryimage"},"image":{"@id":"https:\/\/revolutionpadelstore.com\/fr\/produit\/pantalon-bullpadel-gudina-004-azul-marino-3\/#primaryimage"},"thumbnailUrl":"https:\/\/revolutionpadelstore.com\/wp-content\/uploads\/2024\/12\/179E-9.png","datePublished":"2024-12-29T20:28:27+00:00","dateModified":"2026-04-08T06:42:41+00:00","description":"Descubre el pantal\u00f3n Bullpadel Gudina 004 en azul marino. Confeccionado en tejido c\u00e1lido, ofrece ajuste personalizado, bolsillos pr\u00e1cticos y dise\u00f1o moderno. \u00a1Disponible en Revolution Padel Store!","breadcrumb":{"@id":"https:\/\/revolutionpadelstore.com\/fr\/produit\/pantalon-bullpadel-gudina-004-azul-marino-3\/#breadcrumb"},"inLanguage":"fr-FR","potentialAction":[{"@type":"ReadAction","target":["https:\/\/revolutionpadelstore.com\/fr\/produit\/pantalon-bullpadel-gudina-004-azul-marino-3\/"]}]},{"@type":"ImageObject","inLanguage":"fr-FR","@id":"https:\/\/revolutionpadelstore.com\/fr\/produit\/pantalon-bullpadel-gudina-004-azul-marino-3\/#primaryimage","url":"https:\/\/revolutionpadelstore.com\/wp-content\/uploads\/2024\/12\/179E-9.png","contentUrl":"https:\/\/revolutionpadelstore.com\/wp-content\/uploads\/2024\/12\/179E-9.png","width":1500,"height":1500},{"@type":"BreadcrumbList","@id":"https:\/\/revolutionpadelstore.com\/fr\/produit\/pantalon-bullpadel-gudina-004-azul-marino-3\/#breadcrumb","itemListElement":[{"@type":"ListItem","position":1,"name":"Portada","item":"https:\/\/revolutionpadelstore.com\/fr\/"},{"@type":"ListItem","position":2,"name":"Boutique","item":"https:\/\/revolutionpadelstore.com\/fr\/tienda\/"},{"@type":"ListItem","position":3,"name":"PANTAL\u00d3N BULLPADEL GUDINA 004 AZUL MARINO"}]},{"@type":"WebSite","@id":"https:\/\/revolutionpadelstore.com\/fr\/#website","url":"https:\/\/revolutionpadelstore.com\/fr\/","name":"Revolution Padel Store","description":"","publisher":{"@id":"https:\/\/revolutionpadelstore.com\/fr\/#organization"},"potentialAction":[{"@type":"SearchAction","target":{"@type":"EntryPoint","urlTemplate":"https:\/\/revolutionpadelstore.com\/fr\/?s={search_term_string}"},"query-input":{"@type":"PropertyValueSpecification","valueRequired":true,"valueName":"search_term_string"}}],"inLanguage":"fr-FR"},{"@type":"Organization","@id":"https:\/\/revolutionpadelstore.com\/fr\/#organization","name":"Revolution Padel Store","url":"https:\/\/revolutionpadelstore.com\/fr\/","logo":{"@type":"ImageObject","inLanguage":"fr-FR","@id":"https:\/\/revolutionpadelstore.com\/fr\/#\/schema\/logo\/image\/","url":"https:\/\/revolutionpadelstore.com\/wp-content\/uploads\/2026\/02\/revolution-padel-store.jpg","contentUrl":"https:\/\/revolutionpadelstore.com\/wp-content\/uploads\/2026\/02\/revolution-padel-store.jpg","width":2000,"height":2000,"caption":"Revolution Padel Store"},"image":{"@id":"https:\/\/revolutionpadelstore.com\/fr\/#\/schema\/logo\/image\/"},"sameAs":["https:\/\/www.instagram.com\/revolutionpadelstore\/"]}]}},"_links":{"self":[{"href":"https:\/\/revolutionpadelstore.com\/fr\/wp-json\/wp\/v2\/product\/162171","targetHints":{"allow":["GET"]}}],"collection":[{"href":"https:\/\/revolutionpadelstore.com\/fr\/wp-json\/wp\/v2\/product"}],"about":[{"href":"https:\/\/revolutionpadelstore.com\/fr\/wp-json\/wp\/v2\/types\/product"}],"replies":[{"embeddable":true,"href":"https:\/\/revolutionpadelstore.com\/fr\/wp-json\/wp\/v2\/comments?post=162171"}],"wp:featuredmedia":[{"embeddable":true,"href":"https:\/\/revolutionpadelstore.com\/fr\/wp-json\/wp\/v2\/media\/157695"}],"wp:attachment":[{"href":"https:\/\/revolutionpadelstore.com\/fr\/wp-json\/wp\/v2\/media?parent=162171"}],"wp:term":[{"taxonomy":"acabado","embeddable":true,"href":"https:\/\/revolutionpadelstore.com\/fr\/wp-json\/wp\/v2\/acabado?post=162171"},{"taxonomy":"balance","embeddable":true,"href":"https:\/\/revolutionpadelstore.com\/fr\/wp-json\/wp\/v2\/balance?post=162171"},{"taxonomy":"dureza","embeddable":true,"href":"https:\/\/revolutionpadelstore.com\/fr\/wp-json\/wp\/v2\/dureza?post=162171"},{"taxonomy":"forma","embeddable":true,"href":"https:\/\/revolutionpadelstore.com\/fr\/wp-json\/wp\/v2\/forma?post=162171"},{"taxonomy":"jugador","embeddable":true,"href":"https:\/\/revolutionpadelstore.com\/fr\/wp-json\/wp\/v2\/jugador?post=162171"},{"taxonomy":"marca","embeddable":true,"href":"https:\/\/revolutionpadelstore.com\/fr\/wp-json\/wp\/v2\/marca?post=162171"},{"taxonomy":"nivel-de-juego","embeddable":true,"href":"https:\/\/revolutionpadelstore.com\/fr\/wp-json\/wp\/v2\/nivel-de-juego?post=162171"},{"taxonomy":"superficie","embeddable":true,"href":"https:\/\/revolutionpadelstore.com\/fr\/wp-json\/wp\/v2\/superficie?post=162171"},{"taxonomy":"tipo-de-juego","embeddable":true,"href":"https:\/\/revolutionpadelstore.com\/fr\/wp-json\/wp\/v2\/tipo-de-juego?post=162171"},{"taxonomy":"product_brand","embeddable":true,"href":"https:\/\/revolutionpadelstore.com\/fr\/wp-json\/wp\/v2\/product_brand?post=162171"},{"taxonomy":"product_cat","embeddable":true,"href":"https:\/\/revolutionpadelstore.com\/fr\/wp-json\/wp\/v2\/product_cat?post=162171"},{"taxonomy":"product_tag","embeddable":true,"href":"https:\/\/revolutionpadelstore.com\/fr\/wp-json\/wp\/v2\/product_tag?post=162171"}],"curies":[{"name":"wp","href":"https:\/\/api.w.org\/{rel}","templated":true}]}}