{"id":162096,"date":"2025-01-20T08:37:29","date_gmt":"2025-01-20T07:37:29","guid":{"rendered":"https:\/\/revolutionpadelstore.com\/paletero-adidas-tour-3-4-negro\/"},"modified":"2026-04-08T08:20:53","modified_gmt":"2026-04-08T06:20:53","slug":"paletero-adidas-tour-3-4-negro-3","status":"publish","type":"product","link":"https:\/\/revolutionpadelstore.com\/fr\/produit\/paletero-adidas-tour-3-4-negro-3\/","title":{"rendered":"PALETERO ADIDAS TOUR 3.4 NEGRO"},"content":{"rendered":"<h2> Paletero adidas Tour 3.4 Black &#8211; Fonctionnalit\u00e9 et style pour les joueurs exigeants <\/h2>\n<p>D\u00e9couvrez le <strong> Paletero Adidas Tour 3.4 Black <\/strong>, con\u00e7u pour r\u00e9pondre aux besoins des joueurs de paddle les plus exigeants. Fabriqu\u00e9 avec des mat\u00e9riaux de haute qualit\u00e9 tels que <strong> nylon, polyur\u00e9thane et polyester recycl\u00e9 <\/strong>, ce paletero combine <strong> r\u00e9sistance, durabilit\u00e9 et engagement \u00e9cologique <\/strong>, ce qui en fait le partenaire id\u00e9al pour votre formation et vos comp\u00e9titions.<\/p>\n<h2> Caract\u00e9ristiques principales <\/h2>\n<p><P> <strong> -mplio Spange Space: <\/strong> <\/p>\n<p><P style=\"padding-left: 80px\"> &#8211; compartiment principal avec fermeture \u00e9clair \u00e0 l&#8217;arri\u00e8re, id\u00e9al pour organiser des v\u00eatements et des \u00e9quipements sportifs.<\/p>\n<p> &#8211; Deux poches lat\u00e9rales avec <strong> isolation thermique <\/strong>, parfaite pour prot\u00e9ger jusqu&#8217;\u00e0 <strong> 4 pelles <\/strong> des changements de temp\u00e9rature.<\/p>\n<p> &#8211; Compartiment en filet inf\u00e9rieur avec <strong> ventilation <\/strong>, parfait pour les chaussures, \u00e9vitant les mauvaises odeurs.<\/p>\n<p> &#8211; Poche sup\u00e9rieure pour les petits objets tels que les cl\u00e9s, le mobile ou le portefeuille, assurant un acc\u00e8s facile.<br \/>\n<P> <strong> -Tens confortable et ergonomique: <\/strong> <\/p>\n<p> <strong> -Les fermetures ajust\u00e9es <\/strong> avec un maillage rembourr\u00e9 qui fournit un ajustement personnalis\u00e9 et un confort maximal.<\/p>\n<p style=\"padding-left: 40px\"> &#8211; conception l\u00e9g\u00e8re et r\u00e9sistante pour la mobilit\u00e9 sans effort.<br \/>\n<P> <strong> -Dimensions et capacit\u00e9: <\/strong> <\/p>\n<p><P> &#8211; Mesures: <strong> 39 x 55 x 27,5 cm <\/strong> <\/p>\n<p><P> &#8211; Capacit\u00e9: <strong> 54 litres <\/strong> <\/p>\n<h2> Avantages de la tourn\u00e9e Paletero Adidas 3.4 Black <\/h2>\n<p> <strong> &#8211; Protection optimale: <\/strong> Gr\u00e2ce \u00e0 leurs compartiments thermiques, vos lames seront toujours en s\u00e9curit\u00e9.<br \/>\n<P> <strong> -Fed Organization efficace: <\/strong> Gardez votre \u00e9quipement en ordre avec ses multiples compartiments sp\u00e9cialis\u00e9s.<\/p>\n<p> <strong> -Modern et \u00e9l\u00e9gant Design: <\/strong> Votre finition noire combine le style et la fonctionnalit\u00e9 dans n&#8217;importe quelle situation.<br \/>\nNe manquez pas l&#8217;occasion d&#8217;am\u00e9liorer votre exp\u00e9rience sur la piste avec le <strong> Paletero Adidas Tour 3.4 Black <\/strong>, disponible dans notre boutique en ligne <strong> <a href=\"https:\/\/chatgpt.com\/g\/g-675432e026888191b6ee6d6f2fdbb15e-optimisation-textos\/c\/www.revolutionpadelstore.com\"> ww.revolutionpadelstore.com <\/a> du march\u00e9!<\/p>\n<h2>Paletero Adidas Tour 3.4 Negro \u2013 Funcionalidad y Estilo para Jugadores Exigentes<\/h2>\n","protected":false},"excerpt":{"rendered":"<p>Adidas Tour 3.4 Black Bag, con\u00e7u pour \u00eatre pratique et large, vous permettant de transporter vos effets personnels d&#8217;une mani\u00e8re ordonn\u00e9e et s\u00fbre. Il a des compartiments thermiques avec une capacit\u00e9 pouvant aller jusqu&#8217;\u00e0 4 lames.<\/p>\n","protected":false},"featured_media":160385,"comment_status":"open","ping_status":"closed","template":"","meta":{"_acf_changed":false,"_joinchat":[]},"acabado":[],"balance":[],"dureza":[],"forma":[],"jugador":[],"marca":[1232],"nivel-de-juego":[],"superficie":[],"tipo-de-juego":[],"product_brand":[],"product_cat":[320],"product_tag":[],"class_list":{"0":"post-162096","1":"product","2":"type-product","3":"status-publish","4":"has-post-thumbnail","6":"marca-adidas-fr","7":"product_cat-sacs","9":"first","10":"instock","11":"sale","12":"taxable","13":"shipping-taxable","14":"purchasable","15":"product-type-simple"},"acf":[],"yoast_head":"<!-- This site is optimized with the Yoast SEO plugin v27.4 - https:\/\/yoast.com\/product\/yoast-seo-wordpress\/ -->\n<title>PALETERO ADIDAS TOUR 3.4 NEGRO - Revolution Padel Store<\/title>\n<meta name=\"description\" content=\"Compra el Paletero Adidas Tour 3.4 Negro en nuestra tienda online. Gran capacidad, materiales de calidad y dise\u00f1o ergon\u00f3mico. \u00a1Env\u00edo r\u00e1pido y mejor precio garantizado!\" \/>\n<meta name=\"robots\" content=\"index, follow, max-snippet:-1, max-image-preview:large, max-video-preview:-1\" \/>\n<link rel=\"canonical\" href=\"https:\/\/revolutionpadelstore.com\/fr\/produit\/paletero-adidas-tour-3-4-negro-3\/\" \/>\n<meta property=\"og:locale\" content=\"fr_FR\" \/>\n<meta property=\"og:type\" content=\"article\" \/>\n<meta property=\"og:title\" content=\"PALETERO ADIDAS TOUR 3.4 NEGRO - Revolution Padel Store\" \/>\n<meta property=\"og:description\" content=\"Compra el Paletero Adidas Tour 3.4 Negro en nuestra tienda online. Gran capacidad, materiales de calidad y dise\u00f1o ergon\u00f3mico. \u00a1Env\u00edo r\u00e1pido y mejor precio garantizado!\" \/>\n<meta property=\"og:url\" content=\"https:\/\/revolutionpadelstore.com\/fr\/produit\/paletero-adidas-tour-3-4-negro-3\/\" \/>\n<meta property=\"og:site_name\" content=\"Revolution Padel Store\" \/>\n<meta property=\"article:modified_time\" content=\"2026-04-08T06:20:53+00:00\" \/>\n<meta property=\"og:image\" content=\"https:\/\/revolutionpadelstore.com\/wp-content\/uploads\/2025\/01\/113732-paletero-adidas-tour-black-3-4-ab2pa1u101500x1500-1.webp\" \/>\n\t<meta property=\"og:image:width\" content=\"1500\" \/>\n\t<meta property=\"og:image:height\" content=\"1500\" \/>\n\t<meta property=\"og:image:type\" content=\"image\/webp\" \/>\n<meta name=\"twitter:card\" content=\"summary_large_image\" \/>\n<meta name=\"twitter:label1\" content=\"Dur\u00e9e de lecture estim\u00e9e\" \/>\n\t<meta name=\"twitter:data1\" content=\"1 minute\" \/>\n<script type=\"application\/ld+json\" class=\"yoast-schema-graph\">{\"@context\":\"https:\\\/\\\/schema.org\",\"@graph\":[{\"@type\":\"WebPage\",\"@id\":\"https:\\\/\\\/revolutionpadelstore.com\\\/fr\\\/produit\\\/paletero-adidas-tour-3-4-negro-3\\\/\",\"url\":\"https:\\\/\\\/revolutionpadelstore.com\\\/fr\\\/produit\\\/paletero-adidas-tour-3-4-negro-3\\\/\",\"name\":\"PALETERO ADIDAS TOUR 3.4 NEGRO - Revolution Padel Store\",\"isPartOf\":{\"@id\":\"https:\\\/\\\/revolutionpadelstore.com\\\/fr\\\/#website\"},\"primaryImageOfPage\":{\"@id\":\"https:\\\/\\\/revolutionpadelstore.com\\\/fr\\\/produit\\\/paletero-adidas-tour-3-4-negro-3\\\/#primaryimage\"},\"image\":{\"@id\":\"https:\\\/\\\/revolutionpadelstore.com\\\/fr\\\/produit\\\/paletero-adidas-tour-3-4-negro-3\\\/#primaryimage\"},\"thumbnailUrl\":\"https:\\\/\\\/revolutionpadelstore.com\\\/wp-content\\\/uploads\\\/2025\\\/01\\\/113732-paletero-adidas-tour-black-3-4-ab2pa1u101500x1500-1.webp\",\"datePublished\":\"2025-01-20T07:37:29+00:00\",\"dateModified\":\"2026-04-08T06:20:53+00:00\",\"description\":\"Compra el Paletero Adidas Tour 3.4 Negro en nuestra tienda online. Gran capacidad, materiales de calidad y dise\u00f1o ergon\u00f3mico. \u00a1Env\u00edo r\u00e1pido y mejor precio garantizado!\",\"breadcrumb\":{\"@id\":\"https:\\\/\\\/revolutionpadelstore.com\\\/fr\\\/produit\\\/paletero-adidas-tour-3-4-negro-3\\\/#breadcrumb\"},\"inLanguage\":\"fr-FR\",\"potentialAction\":[{\"@type\":\"ReadAction\",\"target\":[\"https:\\\/\\\/revolutionpadelstore.com\\\/fr\\\/produit\\\/paletero-adidas-tour-3-4-negro-3\\\/\"]}]},{\"@type\":\"ImageObject\",\"inLanguage\":\"fr-FR\",\"@id\":\"https:\\\/\\\/revolutionpadelstore.com\\\/fr\\\/produit\\\/paletero-adidas-tour-3-4-negro-3\\\/#primaryimage\",\"url\":\"https:\\\/\\\/revolutionpadelstore.com\\\/wp-content\\\/uploads\\\/2025\\\/01\\\/113732-paletero-adidas-tour-black-3-4-ab2pa1u101500x1500-1.webp\",\"contentUrl\":\"https:\\\/\\\/revolutionpadelstore.com\\\/wp-content\\\/uploads\\\/2025\\\/01\\\/113732-paletero-adidas-tour-black-3-4-ab2pa1u101500x1500-1.webp\",\"width\":1500,\"height\":1500},{\"@type\":\"BreadcrumbList\",\"@id\":\"https:\\\/\\\/revolutionpadelstore.com\\\/fr\\\/produit\\\/paletero-adidas-tour-3-4-negro-3\\\/#breadcrumb\",\"itemListElement\":[{\"@type\":\"ListItem\",\"position\":1,\"name\":\"Portada\",\"item\":\"https:\\\/\\\/revolutionpadelstore.com\\\/fr\\\/\"},{\"@type\":\"ListItem\",\"position\":2,\"name\":\"Boutique\",\"item\":\"https:\\\/\\\/revolutionpadelstore.com\\\/fr\\\/tienda\\\/\"},{\"@type\":\"ListItem\",\"position\":3,\"name\":\"PALETERO ADIDAS TOUR 3.4 NEGRO\"}]},{\"@type\":\"WebSite\",\"@id\":\"https:\\\/\\\/revolutionpadelstore.com\\\/fr\\\/#website\",\"url\":\"https:\\\/\\\/revolutionpadelstore.com\\\/fr\\\/\",\"name\":\"Revolution Padel Store\",\"description\":\"\",\"publisher\":{\"@id\":\"https:\\\/\\\/revolutionpadelstore.com\\\/fr\\\/#organization\"},\"potentialAction\":[{\"@type\":\"SearchAction\",\"target\":{\"@type\":\"EntryPoint\",\"urlTemplate\":\"https:\\\/\\\/revolutionpadelstore.com\\\/fr\\\/?s={search_term_string}\"},\"query-input\":{\"@type\":\"PropertyValueSpecification\",\"valueRequired\":true,\"valueName\":\"search_term_string\"}}],\"inLanguage\":\"fr-FR\"},{\"@type\":\"Organization\",\"@id\":\"https:\\\/\\\/revolutionpadelstore.com\\\/fr\\\/#organization\",\"name\":\"Revolution Padel Store\",\"url\":\"https:\\\/\\\/revolutionpadelstore.com\\\/fr\\\/\",\"logo\":{\"@type\":\"ImageObject\",\"inLanguage\":\"fr-FR\",\"@id\":\"https:\\\/\\\/revolutionpadelstore.com\\\/fr\\\/#\\\/schema\\\/logo\\\/image\\\/\",\"url\":\"https:\\\/\\\/revolutionpadelstore.com\\\/wp-content\\\/uploads\\\/2026\\\/02\\\/revolution-padel-store.jpg\",\"contentUrl\":\"https:\\\/\\\/revolutionpadelstore.com\\\/wp-content\\\/uploads\\\/2026\\\/02\\\/revolution-padel-store.jpg\",\"width\":2000,\"height\":2000,\"caption\":\"Revolution Padel Store\"},\"image\":{\"@id\":\"https:\\\/\\\/revolutionpadelstore.com\\\/fr\\\/#\\\/schema\\\/logo\\\/image\\\/\"},\"sameAs\":[\"https:\\\/\\\/www.instagram.com\\\/revolutionpadelstore\\\/\"]}]}<\/script>\n<!-- \/ Yoast SEO plugin. -->","yoast_head_json":{"title":"PALETERO ADIDAS TOUR 3.4 NEGRO - Revolution Padel Store","description":"Compra el Paletero Adidas Tour 3.4 Negro en nuestra tienda online. Gran capacidad, materiales de calidad y dise\u00f1o ergon\u00f3mico. \u00a1Env\u00edo r\u00e1pido y mejor precio garantizado!","robots":{"index":"index","follow":"follow","max-snippet":"max-snippet:-1","max-image-preview":"max-image-preview:large","max-video-preview":"max-video-preview:-1"},"canonical":"https:\/\/revolutionpadelstore.com\/fr\/produit\/paletero-adidas-tour-3-4-negro-3\/","og_locale":"fr_FR","og_type":"article","og_title":"PALETERO ADIDAS TOUR 3.4 NEGRO - Revolution Padel Store","og_description":"Compra el Paletero Adidas Tour 3.4 Negro en nuestra tienda online. Gran capacidad, materiales de calidad y dise\u00f1o ergon\u00f3mico. \u00a1Env\u00edo r\u00e1pido y mejor precio garantizado!","og_url":"https:\/\/revolutionpadelstore.com\/fr\/produit\/paletero-adidas-tour-3-4-negro-3\/","og_site_name":"Revolution Padel Store","article_modified_time":"2026-04-08T06:20:53+00:00","og_image":[{"width":1500,"height":1500,"url":"https:\/\/revolutionpadelstore.com\/wp-content\/uploads\/2025\/01\/113732-paletero-adidas-tour-black-3-4-ab2pa1u101500x1500-1.webp","type":"image\/webp"}],"twitter_card":"summary_large_image","twitter_misc":{"Dur\u00e9e de lecture estim\u00e9e":"1 minute"},"schema":{"@context":"https:\/\/schema.org","@graph":[{"@type":"WebPage","@id":"https:\/\/revolutionpadelstore.com\/fr\/produit\/paletero-adidas-tour-3-4-negro-3\/","url":"https:\/\/revolutionpadelstore.com\/fr\/produit\/paletero-adidas-tour-3-4-negro-3\/","name":"PALETERO ADIDAS TOUR 3.4 NEGRO - Revolution Padel Store","isPartOf":{"@id":"https:\/\/revolutionpadelstore.com\/fr\/#website"},"primaryImageOfPage":{"@id":"https:\/\/revolutionpadelstore.com\/fr\/produit\/paletero-adidas-tour-3-4-negro-3\/#primaryimage"},"image":{"@id":"https:\/\/revolutionpadelstore.com\/fr\/produit\/paletero-adidas-tour-3-4-negro-3\/#primaryimage"},"thumbnailUrl":"https:\/\/revolutionpadelstore.com\/wp-content\/uploads\/2025\/01\/113732-paletero-adidas-tour-black-3-4-ab2pa1u101500x1500-1.webp","datePublished":"2025-01-20T07:37:29+00:00","dateModified":"2026-04-08T06:20:53+00:00","description":"Compra el Paletero Adidas Tour 3.4 Negro en nuestra tienda online. Gran capacidad, materiales de calidad y dise\u00f1o ergon\u00f3mico. \u00a1Env\u00edo r\u00e1pido y mejor precio garantizado!","breadcrumb":{"@id":"https:\/\/revolutionpadelstore.com\/fr\/produit\/paletero-adidas-tour-3-4-negro-3\/#breadcrumb"},"inLanguage":"fr-FR","potentialAction":[{"@type":"ReadAction","target":["https:\/\/revolutionpadelstore.com\/fr\/produit\/paletero-adidas-tour-3-4-negro-3\/"]}]},{"@type":"ImageObject","inLanguage":"fr-FR","@id":"https:\/\/revolutionpadelstore.com\/fr\/produit\/paletero-adidas-tour-3-4-negro-3\/#primaryimage","url":"https:\/\/revolutionpadelstore.com\/wp-content\/uploads\/2025\/01\/113732-paletero-adidas-tour-black-3-4-ab2pa1u101500x1500-1.webp","contentUrl":"https:\/\/revolutionpadelstore.com\/wp-content\/uploads\/2025\/01\/113732-paletero-adidas-tour-black-3-4-ab2pa1u101500x1500-1.webp","width":1500,"height":1500},{"@type":"BreadcrumbList","@id":"https:\/\/revolutionpadelstore.com\/fr\/produit\/paletero-adidas-tour-3-4-negro-3\/#breadcrumb","itemListElement":[{"@type":"ListItem","position":1,"name":"Portada","item":"https:\/\/revolutionpadelstore.com\/fr\/"},{"@type":"ListItem","position":2,"name":"Boutique","item":"https:\/\/revolutionpadelstore.com\/fr\/tienda\/"},{"@type":"ListItem","position":3,"name":"PALETERO ADIDAS TOUR 3.4 NEGRO"}]},{"@type":"WebSite","@id":"https:\/\/revolutionpadelstore.com\/fr\/#website","url":"https:\/\/revolutionpadelstore.com\/fr\/","name":"Revolution Padel Store","description":"","publisher":{"@id":"https:\/\/revolutionpadelstore.com\/fr\/#organization"},"potentialAction":[{"@type":"SearchAction","target":{"@type":"EntryPoint","urlTemplate":"https:\/\/revolutionpadelstore.com\/fr\/?s={search_term_string}"},"query-input":{"@type":"PropertyValueSpecification","valueRequired":true,"valueName":"search_term_string"}}],"inLanguage":"fr-FR"},{"@type":"Organization","@id":"https:\/\/revolutionpadelstore.com\/fr\/#organization","name":"Revolution Padel Store","url":"https:\/\/revolutionpadelstore.com\/fr\/","logo":{"@type":"ImageObject","inLanguage":"fr-FR","@id":"https:\/\/revolutionpadelstore.com\/fr\/#\/schema\/logo\/image\/","url":"https:\/\/revolutionpadelstore.com\/wp-content\/uploads\/2026\/02\/revolution-padel-store.jpg","contentUrl":"https:\/\/revolutionpadelstore.com\/wp-content\/uploads\/2026\/02\/revolution-padel-store.jpg","width":2000,"height":2000,"caption":"Revolution Padel Store"},"image":{"@id":"https:\/\/revolutionpadelstore.com\/fr\/#\/schema\/logo\/image\/"},"sameAs":["https:\/\/www.instagram.com\/revolutionpadelstore\/"]}]}},"_links":{"self":[{"href":"https:\/\/revolutionpadelstore.com\/fr\/wp-json\/wp\/v2\/product\/162096","targetHints":{"allow":["GET"]}}],"collection":[{"href":"https:\/\/revolutionpadelstore.com\/fr\/wp-json\/wp\/v2\/product"}],"about":[{"href":"https:\/\/revolutionpadelstore.com\/fr\/wp-json\/wp\/v2\/types\/product"}],"replies":[{"embeddable":true,"href":"https:\/\/revolutionpadelstore.com\/fr\/wp-json\/wp\/v2\/comments?post=162096"}],"wp:featuredmedia":[{"embeddable":true,"href":"https:\/\/revolutionpadelstore.com\/fr\/wp-json\/wp\/v2\/media\/160385"}],"wp:attachment":[{"href":"https:\/\/revolutionpadelstore.com\/fr\/wp-json\/wp\/v2\/media?parent=162096"}],"wp:term":[{"taxonomy":"acabado","embeddable":true,"href":"https:\/\/revolutionpadelstore.com\/fr\/wp-json\/wp\/v2\/acabado?post=162096"},{"taxonomy":"balance","embeddable":true,"href":"https:\/\/revolutionpadelstore.com\/fr\/wp-json\/wp\/v2\/balance?post=162096"},{"taxonomy":"dureza","embeddable":true,"href":"https:\/\/revolutionpadelstore.com\/fr\/wp-json\/wp\/v2\/dureza?post=162096"},{"taxonomy":"forma","embeddable":true,"href":"https:\/\/revolutionpadelstore.com\/fr\/wp-json\/wp\/v2\/forma?post=162096"},{"taxonomy":"jugador","embeddable":true,"href":"https:\/\/revolutionpadelstore.com\/fr\/wp-json\/wp\/v2\/jugador?post=162096"},{"taxonomy":"marca","embeddable":true,"href":"https:\/\/revolutionpadelstore.com\/fr\/wp-json\/wp\/v2\/marca?post=162096"},{"taxonomy":"nivel-de-juego","embeddable":true,"href":"https:\/\/revolutionpadelstore.com\/fr\/wp-json\/wp\/v2\/nivel-de-juego?post=162096"},{"taxonomy":"superficie","embeddable":true,"href":"https:\/\/revolutionpadelstore.com\/fr\/wp-json\/wp\/v2\/superficie?post=162096"},{"taxonomy":"tipo-de-juego","embeddable":true,"href":"https:\/\/revolutionpadelstore.com\/fr\/wp-json\/wp\/v2\/tipo-de-juego?post=162096"},{"taxonomy":"product_brand","embeddable":true,"href":"https:\/\/revolutionpadelstore.com\/fr\/wp-json\/wp\/v2\/product_brand?post=162096"},{"taxonomy":"product_cat","embeddable":true,"href":"https:\/\/revolutionpadelstore.com\/fr\/wp-json\/wp\/v2\/product_cat?post=162096"},{"taxonomy":"product_tag","embeddable":true,"href":"https:\/\/revolutionpadelstore.com\/fr\/wp-json\/wp\/v2\/product_tag?post=162096"}],"curies":[{"name":"wp","href":"https:\/\/api.w.org\/{rel}","templated":true}]}}