{"id":161976,"date":"2025-01-25T20:00:12","date_gmt":"2025-01-25T19:00:12","guid":{"rendered":"https:\/\/revolutionpadelstore.com\/camiseta-sponsors-at10-dark-blue\/"},"modified":"2026-04-08T08:01:13","modified_gmt":"2026-04-08T06:01:13","slug":"camiseta-sponsors-at10-dark-blue-3","status":"publish","type":"product","link":"https:\/\/revolutionpadelstore.com\/fr\/produit\/camiseta-sponsors-at10-dark-blue-3\/","title":{"rendered":"CAMISETA SPONSORS AT10 DARK BLUE"},"content":{"rendered":"<h2> AT10 Dark Blue Sponsors T -Shirt d&#8217;Agust\u00edn Tapia<br \/>\nSentez-vous comme l&#8217;authentique <em> Mozart de Catamarca <\/em> avec les sponsors <strong> t-shirt \u00e0 10 Blue Dark Blue <\/strong>, la r\u00e9plique officielle qu&#8217;Agust\u00edn Tapia porte en comp\u00e9tition pendant la saison. Ce v\u00eatement combine le style, le confort et la technologie haute performance pour vous offrir le plus haut niveau sur la piste.<\/p>\n<h2> Caract\u00e9ristiques exceptionnelles <\/h2>\n<p><strong> &#8211; Conception officielle avec Sponsor S\u00e9rigraphie: <\/strong> comprend le nom de <em> Agust\u00edn Tapia <\/em> et son sponsor officiel de Qatar Airways <\/em>, lui donnant une touche exclusive et authentique.<\/p>\n<p><strong> -classique et polyvalent: <\/strong> Ajustement confortable qui s&#8217;adapte \u00e0 tout type de corps, offrant une libert\u00e9 de mouvement totale.<\/p>\n<p><strong> &#8211; \u00c9l\u00e9gant noir Still: <\/strong> Son design sophistiqu\u00e9 en fait un v\u00eatement id\u00e9al pour le jeu et pour regarder en dehors de la piste.<\/p>\n<p><strong> &#8211; Tecnologie de contr\u00f4le de l&#8217;\u00e9mission: <\/strong> Le tissu ultra absorbant de Nox garde votre peau s\u00e8che et confortable en quelques instants d&#8217;intensit\u00e9 maximale.<\/p>\n<p><strong> &#8211; Falance Fresh pour un plus grand confort: <\/strong> garantit la l\u00e9g\u00e8ret\u00e9 et la fra\u00eecheur \u00e0 tout moment, m\u00eame dans les matchs les plus exigeants.<\/p>\n<p><strong> -premium Composition: <\/strong> fabriqu\u00e9 avec un polyester \u00e0 90% et un \u00e9lastique \u00e0 10%, offre une \u00e9lasticit\u00e9 et une r\u00e9sistance optimales pour une utilisation prolong\u00e9e.<\/p>\n<p><strong> Souplage et manche courte: <\/strong> assure le confort et la praticit\u00e9, s&#8217;adaptant parfaitement \u00e0 chaque mouvement.<\/p>\n<h2> Avantages des sponsors AT10 Bleu fonc\u00e9 <\/h2>\n<p> T -Shirt<br \/>\n-Comatri\u00e9 des performances gr\u00e2ce \u00e0 votre tissu respirant rapide.<\/p>\n<p>-Alpie ergonomique qui permet une libert\u00e9 totale de mouvements.<\/p>\n<p>-Nestdurabilit\u00e9, id\u00e9al pour une formation intense et des comp\u00e9titions.<\/p>\n<p>&#8211; Conception exclusive qui refl\u00e8te le style professionnel d&#8217;Agust\u00edn Tapia.<\/p>\n<h2> Obtenez le v\u00f4tre maintenant!<br \/>\nNe restez pas sans les sponsors <strong> t-shirts \u00e0 10 Dark Blue <\/strong>, disponible dans notre boutique en ligne <A href=\"https:\/\/chatgpt.com\/g\/g-675432e026888191b6ee6d6f2fdbb15e-optimization-textos\/c\/www.revolutionpadelstore.com\"> www.revolutionpadelstore.com <\/a>, probablement au prix de march\u00e9 le meilleur. Ressentez la diff\u00e9rence dans chaque jeu<\/p>\n<h2>Camiseta Sponsors AT10 Dark Blue de Agust\u00edn Tapia<\/h2>\n","protected":false},"excerpt":{"rendered":"<p>La chemise NOx Sponsors AT10 offre une combinaison parfaite de conception et de performance, incorporant le contr\u00f4le de la transpiration et l&#8217;\u00e9quilibre de la technologie fra\u00eeche pour assurer une sensation de confort et de fra\u00eecheur, id\u00e9ale pour les joueurs de tous les niveaux.<\/p>\n","protected":false},"featured_media":161379,"comment_status":"open","ping_status":"closed","template":"","meta":{"_acf_changed":false,"_joinchat":[]},"acabado":[],"balance":[],"dureza":[],"forma":[],"jugador":[1192],"marca":[1262],"nivel-de-juego":[],"superficie":[],"tipo-de-juego":[],"product_brand":[],"product_cat":[344,345],"product_tag":[],"class_list":{"0":"post-161976","1":"product","2":"type-product","3":"status-publish","4":"has-post-thumbnail","6":"jugador-homme","7":"marca-nox-fr","8":"product_cat-ropa-fr","9":"product_cat-vetements-pour-joueurs-premier","11":"first","12":"outofstock","13":"sale","14":"taxable","15":"shipping-taxable","16":"purchasable","17":"product-type-variable"},"acf":[],"yoast_head":"<!-- This site is optimized with the Yoast SEO plugin v27.4 - https:\/\/yoast.com\/product\/yoast-seo-wordpress\/ -->\n<title>CAMISETA SPONSORS AT10 DARK BLUE - Revolution Padel Store<\/title>\n<meta name=\"description\" content=\"No te quedes sin la\u00a0Camiseta Sponsors AT10 Dark Blue, disponible en nuestra tienda online\u00a0www.revolutionpadelstore.com, probablemente al mejor precio del mercado. \u00a1Siente la diferencia en cada partido\" \/>\n<meta name=\"robots\" content=\"index, follow, max-snippet:-1, max-image-preview:large, max-video-preview:-1\" \/>\n<link rel=\"canonical\" href=\"https:\/\/revolutionpadelstore.com\/fr\/produit\/camiseta-sponsors-at10-dark-blue-3\/\" \/>\n<meta property=\"og:locale\" content=\"fr_FR\" \/>\n<meta property=\"og:type\" content=\"article\" \/>\n<meta property=\"og:title\" content=\"CAMISETA SPONSORS AT10 DARK BLUE - Revolution Padel Store\" \/>\n<meta property=\"og:description\" content=\"No te quedes sin la\u00a0Camiseta Sponsors AT10 Dark Blue, disponible en nuestra tienda online\u00a0www.revolutionpadelstore.com, probablemente al mejor precio del mercado. \u00a1Siente la diferencia en cada partido\" \/>\n<meta property=\"og:url\" content=\"https:\/\/revolutionpadelstore.com\/fr\/produit\/camiseta-sponsors-at10-dark-blue-3\/\" \/>\n<meta property=\"og:site_name\" content=\"Revolution Padel Store\" \/>\n<meta property=\"article:modified_time\" content=\"2026-04-08T06:01:13+00:00\" \/>\n<meta property=\"og:image\" content=\"https:\/\/revolutionpadelstore.com\/wp-content\/uploads\/2025\/01\/camiseta-sponsors-at10-dark-blue-t24caspatdbxs-8436603199445-459173.webp\" \/>\n\t<meta property=\"og:image:width\" content=\"1080\" \/>\n\t<meta property=\"og:image:height\" content=\"1080\" \/>\n\t<meta property=\"og:image:type\" content=\"image\/webp\" \/>\n<meta name=\"twitter:card\" content=\"summary_large_image\" \/>\n<meta name=\"twitter:label1\" content=\"Dur\u00e9e de lecture estim\u00e9e\" \/>\n\t<meta name=\"twitter:data1\" content=\"2 minutes\" \/>\n<script type=\"application\/ld+json\" class=\"yoast-schema-graph\">{\"@context\":\"https:\\\/\\\/schema.org\",\"@graph\":[{\"@type\":\"WebPage\",\"@id\":\"https:\\\/\\\/revolutionpadelstore.com\\\/fr\\\/produit\\\/camiseta-sponsors-at10-dark-blue-3\\\/\",\"url\":\"https:\\\/\\\/revolutionpadelstore.com\\\/fr\\\/produit\\\/camiseta-sponsors-at10-dark-blue-3\\\/\",\"name\":\"CAMISETA SPONSORS AT10 DARK BLUE - Revolution Padel Store\",\"isPartOf\":{\"@id\":\"https:\\\/\\\/revolutionpadelstore.com\\\/fr\\\/#website\"},\"primaryImageOfPage\":{\"@id\":\"https:\\\/\\\/revolutionpadelstore.com\\\/fr\\\/produit\\\/camiseta-sponsors-at10-dark-blue-3\\\/#primaryimage\"},\"image\":{\"@id\":\"https:\\\/\\\/revolutionpadelstore.com\\\/fr\\\/produit\\\/camiseta-sponsors-at10-dark-blue-3\\\/#primaryimage\"},\"thumbnailUrl\":\"https:\\\/\\\/revolutionpadelstore.com\\\/wp-content\\\/uploads\\\/2025\\\/01\\\/camiseta-sponsors-at10-dark-blue-t24caspatdbxs-8436603199445-459173.webp\",\"datePublished\":\"2025-01-25T19:00:12+00:00\",\"dateModified\":\"2026-04-08T06:01:13+00:00\",\"description\":\"No te quedes sin la\u00a0Camiseta Sponsors AT10 Dark Blue, disponible en nuestra tienda online\u00a0www.revolutionpadelstore.com, probablemente al mejor precio del mercado. \u00a1Siente la diferencia en cada partido\",\"breadcrumb\":{\"@id\":\"https:\\\/\\\/revolutionpadelstore.com\\\/fr\\\/produit\\\/camiseta-sponsors-at10-dark-blue-3\\\/#breadcrumb\"},\"inLanguage\":\"fr-FR\",\"potentialAction\":[{\"@type\":\"ReadAction\",\"target\":[\"https:\\\/\\\/revolutionpadelstore.com\\\/fr\\\/produit\\\/camiseta-sponsors-at10-dark-blue-3\\\/\"]}]},{\"@type\":\"ImageObject\",\"inLanguage\":\"fr-FR\",\"@id\":\"https:\\\/\\\/revolutionpadelstore.com\\\/fr\\\/produit\\\/camiseta-sponsors-at10-dark-blue-3\\\/#primaryimage\",\"url\":\"https:\\\/\\\/revolutionpadelstore.com\\\/wp-content\\\/uploads\\\/2025\\\/01\\\/camiseta-sponsors-at10-dark-blue-t24caspatdbxs-8436603199445-459173.webp\",\"contentUrl\":\"https:\\\/\\\/revolutionpadelstore.com\\\/wp-content\\\/uploads\\\/2025\\\/01\\\/camiseta-sponsors-at10-dark-blue-t24caspatdbxs-8436603199445-459173.webp\",\"width\":1080,\"height\":1080},{\"@type\":\"BreadcrumbList\",\"@id\":\"https:\\\/\\\/revolutionpadelstore.com\\\/fr\\\/produit\\\/camiseta-sponsors-at10-dark-blue-3\\\/#breadcrumb\",\"itemListElement\":[{\"@type\":\"ListItem\",\"position\":1,\"name\":\"Portada\",\"item\":\"https:\\\/\\\/revolutionpadelstore.com\\\/fr\\\/\"},{\"@type\":\"ListItem\",\"position\":2,\"name\":\"Boutique\",\"item\":\"https:\\\/\\\/revolutionpadelstore.com\\\/fr\\\/tienda\\\/\"},{\"@type\":\"ListItem\",\"position\":3,\"name\":\"CAMISETA SPONSORS AT10 DARK BLUE\"}]},{\"@type\":\"WebSite\",\"@id\":\"https:\\\/\\\/revolutionpadelstore.com\\\/fr\\\/#website\",\"url\":\"https:\\\/\\\/revolutionpadelstore.com\\\/fr\\\/\",\"name\":\"Revolution Padel Store\",\"description\":\"\",\"publisher\":{\"@id\":\"https:\\\/\\\/revolutionpadelstore.com\\\/fr\\\/#organization\"},\"potentialAction\":[{\"@type\":\"SearchAction\",\"target\":{\"@type\":\"EntryPoint\",\"urlTemplate\":\"https:\\\/\\\/revolutionpadelstore.com\\\/fr\\\/?s={search_term_string}\"},\"query-input\":{\"@type\":\"PropertyValueSpecification\",\"valueRequired\":true,\"valueName\":\"search_term_string\"}}],\"inLanguage\":\"fr-FR\"},{\"@type\":\"Organization\",\"@id\":\"https:\\\/\\\/revolutionpadelstore.com\\\/fr\\\/#organization\",\"name\":\"Revolution Padel Store\",\"url\":\"https:\\\/\\\/revolutionpadelstore.com\\\/fr\\\/\",\"logo\":{\"@type\":\"ImageObject\",\"inLanguage\":\"fr-FR\",\"@id\":\"https:\\\/\\\/revolutionpadelstore.com\\\/fr\\\/#\\\/schema\\\/logo\\\/image\\\/\",\"url\":\"https:\\\/\\\/revolutionpadelstore.com\\\/wp-content\\\/uploads\\\/2026\\\/02\\\/revolution-padel-store.jpg\",\"contentUrl\":\"https:\\\/\\\/revolutionpadelstore.com\\\/wp-content\\\/uploads\\\/2026\\\/02\\\/revolution-padel-store.jpg\",\"width\":2000,\"height\":2000,\"caption\":\"Revolution Padel Store\"},\"image\":{\"@id\":\"https:\\\/\\\/revolutionpadelstore.com\\\/fr\\\/#\\\/schema\\\/logo\\\/image\\\/\"},\"sameAs\":[\"https:\\\/\\\/www.instagram.com\\\/revolutionpadelstore\\\/\"]}]}<\/script>\n<!-- \/ Yoast SEO plugin. -->","yoast_head_json":{"title":"CAMISETA SPONSORS AT10 DARK BLUE - Revolution Padel Store","description":"No te quedes sin la\u00a0Camiseta Sponsors AT10 Dark Blue, disponible en nuestra tienda online\u00a0www.revolutionpadelstore.com, probablemente al mejor precio del mercado. \u00a1Siente la diferencia en cada partido","robots":{"index":"index","follow":"follow","max-snippet":"max-snippet:-1","max-image-preview":"max-image-preview:large","max-video-preview":"max-video-preview:-1"},"canonical":"https:\/\/revolutionpadelstore.com\/fr\/produit\/camiseta-sponsors-at10-dark-blue-3\/","og_locale":"fr_FR","og_type":"article","og_title":"CAMISETA SPONSORS AT10 DARK BLUE - Revolution Padel Store","og_description":"No te quedes sin la\u00a0Camiseta Sponsors AT10 Dark Blue, disponible en nuestra tienda online\u00a0www.revolutionpadelstore.com, probablemente al mejor precio del mercado. \u00a1Siente la diferencia en cada partido","og_url":"https:\/\/revolutionpadelstore.com\/fr\/produit\/camiseta-sponsors-at10-dark-blue-3\/","og_site_name":"Revolution Padel Store","article_modified_time":"2026-04-08T06:01:13+00:00","og_image":[{"width":1080,"height":1080,"url":"https:\/\/revolutionpadelstore.com\/wp-content\/uploads\/2025\/01\/camiseta-sponsors-at10-dark-blue-t24caspatdbxs-8436603199445-459173.webp","type":"image\/webp"}],"twitter_card":"summary_large_image","twitter_misc":{"Dur\u00e9e de lecture estim\u00e9e":"2 minutes"},"schema":{"@context":"https:\/\/schema.org","@graph":[{"@type":"WebPage","@id":"https:\/\/revolutionpadelstore.com\/fr\/produit\/camiseta-sponsors-at10-dark-blue-3\/","url":"https:\/\/revolutionpadelstore.com\/fr\/produit\/camiseta-sponsors-at10-dark-blue-3\/","name":"CAMISETA SPONSORS AT10 DARK BLUE - Revolution Padel Store","isPartOf":{"@id":"https:\/\/revolutionpadelstore.com\/fr\/#website"},"primaryImageOfPage":{"@id":"https:\/\/revolutionpadelstore.com\/fr\/produit\/camiseta-sponsors-at10-dark-blue-3\/#primaryimage"},"image":{"@id":"https:\/\/revolutionpadelstore.com\/fr\/produit\/camiseta-sponsors-at10-dark-blue-3\/#primaryimage"},"thumbnailUrl":"https:\/\/revolutionpadelstore.com\/wp-content\/uploads\/2025\/01\/camiseta-sponsors-at10-dark-blue-t24caspatdbxs-8436603199445-459173.webp","datePublished":"2025-01-25T19:00:12+00:00","dateModified":"2026-04-08T06:01:13+00:00","description":"No te quedes sin la\u00a0Camiseta Sponsors AT10 Dark Blue, disponible en nuestra tienda online\u00a0www.revolutionpadelstore.com, probablemente al mejor precio del mercado. \u00a1Siente la diferencia en cada partido","breadcrumb":{"@id":"https:\/\/revolutionpadelstore.com\/fr\/produit\/camiseta-sponsors-at10-dark-blue-3\/#breadcrumb"},"inLanguage":"fr-FR","potentialAction":[{"@type":"ReadAction","target":["https:\/\/revolutionpadelstore.com\/fr\/produit\/camiseta-sponsors-at10-dark-blue-3\/"]}]},{"@type":"ImageObject","inLanguage":"fr-FR","@id":"https:\/\/revolutionpadelstore.com\/fr\/produit\/camiseta-sponsors-at10-dark-blue-3\/#primaryimage","url":"https:\/\/revolutionpadelstore.com\/wp-content\/uploads\/2025\/01\/camiseta-sponsors-at10-dark-blue-t24caspatdbxs-8436603199445-459173.webp","contentUrl":"https:\/\/revolutionpadelstore.com\/wp-content\/uploads\/2025\/01\/camiseta-sponsors-at10-dark-blue-t24caspatdbxs-8436603199445-459173.webp","width":1080,"height":1080},{"@type":"BreadcrumbList","@id":"https:\/\/revolutionpadelstore.com\/fr\/produit\/camiseta-sponsors-at10-dark-blue-3\/#breadcrumb","itemListElement":[{"@type":"ListItem","position":1,"name":"Portada","item":"https:\/\/revolutionpadelstore.com\/fr\/"},{"@type":"ListItem","position":2,"name":"Boutique","item":"https:\/\/revolutionpadelstore.com\/fr\/tienda\/"},{"@type":"ListItem","position":3,"name":"CAMISETA SPONSORS AT10 DARK BLUE"}]},{"@type":"WebSite","@id":"https:\/\/revolutionpadelstore.com\/fr\/#website","url":"https:\/\/revolutionpadelstore.com\/fr\/","name":"Revolution Padel Store","description":"","publisher":{"@id":"https:\/\/revolutionpadelstore.com\/fr\/#organization"},"potentialAction":[{"@type":"SearchAction","target":{"@type":"EntryPoint","urlTemplate":"https:\/\/revolutionpadelstore.com\/fr\/?s={search_term_string}"},"query-input":{"@type":"PropertyValueSpecification","valueRequired":true,"valueName":"search_term_string"}}],"inLanguage":"fr-FR"},{"@type":"Organization","@id":"https:\/\/revolutionpadelstore.com\/fr\/#organization","name":"Revolution Padel Store","url":"https:\/\/revolutionpadelstore.com\/fr\/","logo":{"@type":"ImageObject","inLanguage":"fr-FR","@id":"https:\/\/revolutionpadelstore.com\/fr\/#\/schema\/logo\/image\/","url":"https:\/\/revolutionpadelstore.com\/wp-content\/uploads\/2026\/02\/revolution-padel-store.jpg","contentUrl":"https:\/\/revolutionpadelstore.com\/wp-content\/uploads\/2026\/02\/revolution-padel-store.jpg","width":2000,"height":2000,"caption":"Revolution Padel Store"},"image":{"@id":"https:\/\/revolutionpadelstore.com\/fr\/#\/schema\/logo\/image\/"},"sameAs":["https:\/\/www.instagram.com\/revolutionpadelstore\/"]}]}},"_links":{"self":[{"href":"https:\/\/revolutionpadelstore.com\/fr\/wp-json\/wp\/v2\/product\/161976","targetHints":{"allow":["GET"]}}],"collection":[{"href":"https:\/\/revolutionpadelstore.com\/fr\/wp-json\/wp\/v2\/product"}],"about":[{"href":"https:\/\/revolutionpadelstore.com\/fr\/wp-json\/wp\/v2\/types\/product"}],"replies":[{"embeddable":true,"href":"https:\/\/revolutionpadelstore.com\/fr\/wp-json\/wp\/v2\/comments?post=161976"}],"wp:featuredmedia":[{"embeddable":true,"href":"https:\/\/revolutionpadelstore.com\/fr\/wp-json\/wp\/v2\/media\/161379"}],"wp:attachment":[{"href":"https:\/\/revolutionpadelstore.com\/fr\/wp-json\/wp\/v2\/media?parent=161976"}],"wp:term":[{"taxonomy":"acabado","embeddable":true,"href":"https:\/\/revolutionpadelstore.com\/fr\/wp-json\/wp\/v2\/acabado?post=161976"},{"taxonomy":"balance","embeddable":true,"href":"https:\/\/revolutionpadelstore.com\/fr\/wp-json\/wp\/v2\/balance?post=161976"},{"taxonomy":"dureza","embeddable":true,"href":"https:\/\/revolutionpadelstore.com\/fr\/wp-json\/wp\/v2\/dureza?post=161976"},{"taxonomy":"forma","embeddable":true,"href":"https:\/\/revolutionpadelstore.com\/fr\/wp-json\/wp\/v2\/forma?post=161976"},{"taxonomy":"jugador","embeddable":true,"href":"https:\/\/revolutionpadelstore.com\/fr\/wp-json\/wp\/v2\/jugador?post=161976"},{"taxonomy":"marca","embeddable":true,"href":"https:\/\/revolutionpadelstore.com\/fr\/wp-json\/wp\/v2\/marca?post=161976"},{"taxonomy":"nivel-de-juego","embeddable":true,"href":"https:\/\/revolutionpadelstore.com\/fr\/wp-json\/wp\/v2\/nivel-de-juego?post=161976"},{"taxonomy":"superficie","embeddable":true,"href":"https:\/\/revolutionpadelstore.com\/fr\/wp-json\/wp\/v2\/superficie?post=161976"},{"taxonomy":"tipo-de-juego","embeddable":true,"href":"https:\/\/revolutionpadelstore.com\/fr\/wp-json\/wp\/v2\/tipo-de-juego?post=161976"},{"taxonomy":"product_brand","embeddable":true,"href":"https:\/\/revolutionpadelstore.com\/fr\/wp-json\/wp\/v2\/product_brand?post=161976"},{"taxonomy":"product_cat","embeddable":true,"href":"https:\/\/revolutionpadelstore.com\/fr\/wp-json\/wp\/v2\/product_cat?post=161976"},{"taxonomy":"product_tag","embeddable":true,"href":"https:\/\/revolutionpadelstore.com\/fr\/wp-json\/wp\/v2\/product_tag?post=161976"}],"curies":[{"name":"wp","href":"https:\/\/api.w.org\/{rel}","templated":true}]}}