{"id":161785,"date":"2025-01-29T00:22:21","date_gmt":"2025-01-28T23:22:21","guid":{"rendered":"https:\/\/revolutionpadelstore.com\/sudadera-bullpadel-enif\/"},"modified":"2026-04-01T04:45:53","modified_gmt":"2026-04-01T02:45:53","slug":"sudadera-bullpadel-enif-3","status":"publish","type":"product","link":"https:\/\/revolutionpadelstore.com\/fr\/produit\/sudadera-bullpadel-enif-3\/","title":{"rendered":"SUDADERA BULLPADEL ENIF"},"content":{"rendered":"<h2> Sweat-shirt f\u00e9minin de Bullpadel<br \/>\nSoulevez votre performance sur la piste et \u00e0 l&#8217;ext\u00e9rieur avec le Sweat-shirt f\u00e9minin <strong> Bullpadel ENIF <\/strong>, un v\u00eatement con\u00e7u pour les joueurs les plus exigeants. Avec un <strong> coupe enthousiasme <\/strong> qui am\u00e9liore la figure, ce sweat-shirt combine <strong> fonctionnalit\u00e9 sportive et style <\/strong>. Son zip central et ses poches avec des fermetures \u00e0 glissi\u00e8re invisibles fournissent une touche moderne et pratique, tandis que les poings avec des doigts offrent un ajustement parfait et plus important pendant le jeu.<\/p>\n<p>Fabriqu\u00e9 avec <strong> polyester recycl\u00e9 <\/strong> et \u00e9lastan en tissu cationique, ce sweat-shirt s&#8217;est engag\u00e9 \u00e0 <strong> durabilit\u00e9 sans compromettre les performances <\/strong>. Les inserts de maillage strat\u00e9giquement situ\u00e9s am\u00e9liorent la respirabilit\u00e9, offrant une nouvelle sensation m\u00eame dans les moments les plus intenses. De plus, la technologie <strong> dynamique <\/strong> avec des microfilaments aide \u00e0 r\u00e9duire l&#8217;humidit\u00e9 et \u00e0 garder la peau au sec, maximisant votre confort dans chaque formation ou f\u00eate.<\/p>\n<h2> Caract\u00e9ristiques exceptionnelles: <\/h2>\n<p><P> <strong> -Chaton et durable Design <\/strong>: tissu en polyester coup\u00e9 et recycl\u00e9 avec \u00e9lastan.<\/p>\n<p> <strong> -Thicynamic Technology <\/strong>: favorise la transpiration et garde la peau s\u00e8che.<\/p>\n<p style=\"padding-left: 40px\"> <strong>-bits invisibles <\/strong>: stockage s\u00fbr et discret.<br \/>\n<P style=\"padding-left: 40px\"> <strong> -pu\u00f1os avec trou de pouce <\/strong>: ajustement confortable et fonctionnel.<\/p>\n<p style=\"padding-left: 40px\"> <strong> -insercions de maillage <\/strong>: une plus grande ventilation pour un confort sup\u00e9rieur.<br \/>\nParfait pour les amateurs de pagaie \u00e0 la recherche de v\u00eatements de sport <strong> fonctionnels, l\u00e9gers et \u00e9cologiques <\/strong>. Id\u00e9al pour la formation, les f\u00eates ou les activit\u00e9s quotidiennes, ce sweat-shirt vous garantit <strong> mobilit\u00e9, respirabilit\u00e9 et style <\/strong>.<\/p>\n<p><strong> Obtenez votre sweat-shirt Bullpadel Women ENIF dans notre boutique en ligne <a href=\"https:\/\/chatgpt.com\/g\/g-675432e026888191b6ee6d6f2fdbb15e-optimization-textos\/c\/www.revolutionpadelstore.com\"> r\u00e9volution Store <\/a>, probablement au meilleur prix du march\u00e9.<\/p>\n<h4> <\/h4>\n<h2>Sudadera Bullpadel Mujer Enif<\/h2>\n","protected":false},"excerpt":{"rendered":"<p>Le sweat-shirt Woman Bullpadel ENIF, fait de tissu recycl\u00e9 et \u00e9quip\u00e9 d&#8217;une technologie drynamique, garantit le confort, la ventilation et un ajustement id\u00e9al pour votre formation.<\/p>\n","protected":false},"featured_media":161775,"comment_status":"open","ping_status":"closed","template":"","meta":{"_acf_changed":false,"_joinchat":[]},"acabado":[],"balance":[],"dureza":[],"forma":[],"jugador":[1197],"marca":[1257],"nivel-de-juego":[],"superficie":[],"tipo-de-juego":[],"product_brand":[],"product_cat":[344],"product_tag":[],"class_list":{"0":"post-161785","1":"product","2":"type-product","3":"status-publish","4":"has-post-thumbnail","6":"jugador-mujer-fr","7":"marca-bullpadel-fr","8":"product_cat-ropa-fr","10":"first","11":"outofstock","12":"sale","13":"taxable","14":"shipping-taxable","15":"purchasable","16":"product-type-variable"},"acf":[],"yoast_head":"<!-- This site is optimized with the Yoast SEO plugin v27.3 - https:\/\/yoast.com\/product\/yoast-seo-wordpress\/ -->\n<title>SUDADERA BULLPADEL ENIF - Revolution Padel Store<\/title>\n<meta name=\"description\" content=\"Descubre la Sudadera Bullpadel Mujer Enif: dise\u00f1o entallado, tejido reciclado y tecnolog\u00eda Drynamic para m\u00e1xima comodidad y transpirabilidad. Disponible en Revolution Padel Store.\" \/>\n<meta name=\"robots\" content=\"index, follow, max-snippet:-1, max-image-preview:large, max-video-preview:-1\" \/>\n<link rel=\"canonical\" href=\"https:\/\/revolutionpadelstore.com\/fr\/produit\/sudadera-bullpadel-enif-3\/\" \/>\n<meta property=\"og:locale\" content=\"fr_FR\" \/>\n<meta property=\"og:type\" content=\"article\" \/>\n<meta property=\"og:title\" content=\"SUDADERA BULLPADEL ENIF - Revolution Padel Store\" \/>\n<meta property=\"og:description\" content=\"Descubre la Sudadera Bullpadel Mujer Enif: dise\u00f1o entallado, tejido reciclado y tecnolog\u00eda Drynamic para m\u00e1xima comodidad y transpirabilidad. Disponible en Revolution Padel Store.\" \/>\n<meta property=\"og:url\" content=\"https:\/\/revolutionpadelstore.com\/fr\/produit\/sudadera-bullpadel-enif-3\/\" \/>\n<meta property=\"og:site_name\" content=\"Revolution Padel Store\" \/>\n<meta property=\"article:modified_time\" content=\"2026-04-01T02:45:53+00:00\" \/>\n<meta property=\"og:image\" content=\"https:\/\/revolutionpadelstore.com\/wp-content\/uploads\/2025\/01\/114449_sudadera_bullpadel_mujer_enif__105_negro_vigore_1200x1200_1_54d5.webp\" \/>\n\t<meta property=\"og:image:width\" content=\"1200\" \/>\n\t<meta property=\"og:image:height\" content=\"1200\" \/>\n\t<meta property=\"og:image:type\" content=\"image\/webp\" \/>\n<meta name=\"twitter:card\" content=\"summary_large_image\" \/>\n<meta name=\"twitter:label1\" content=\"Dur\u00e9e de lecture estim\u00e9e\" \/>\n\t<meta name=\"twitter:data1\" content=\"2 minutes\" \/>\n<script type=\"application\/ld+json\" class=\"yoast-schema-graph\">{\"@context\":\"https:\\\/\\\/schema.org\",\"@graph\":[{\"@type\":\"WebPage\",\"@id\":\"https:\\\/\\\/revolutionpadelstore.com\\\/fr\\\/produit\\\/sudadera-bullpadel-enif-3\\\/\",\"url\":\"https:\\\/\\\/revolutionpadelstore.com\\\/fr\\\/produit\\\/sudadera-bullpadel-enif-3\\\/\",\"name\":\"SUDADERA BULLPADEL ENIF - Revolution Padel Store\",\"isPartOf\":{\"@id\":\"https:\\\/\\\/revolutionpadelstore.com\\\/fr\\\/#website\"},\"primaryImageOfPage\":{\"@id\":\"https:\\\/\\\/revolutionpadelstore.com\\\/fr\\\/produit\\\/sudadera-bullpadel-enif-3\\\/#primaryimage\"},\"image\":{\"@id\":\"https:\\\/\\\/revolutionpadelstore.com\\\/fr\\\/produit\\\/sudadera-bullpadel-enif-3\\\/#primaryimage\"},\"thumbnailUrl\":\"https:\\\/\\\/revolutionpadelstore.com\\\/wp-content\\\/uploads\\\/2025\\\/01\\\/114449_sudadera_bullpadel_mujer_enif__105_negro_vigore_1200x1200_1_54d5.webp\",\"datePublished\":\"2025-01-28T23:22:21+00:00\",\"dateModified\":\"2026-04-01T02:45:53+00:00\",\"description\":\"Descubre la Sudadera Bullpadel Mujer Enif: dise\u00f1o entallado, tejido reciclado y tecnolog\u00eda Drynamic para m\u00e1xima comodidad y transpirabilidad. Disponible en Revolution Padel Store.\",\"breadcrumb\":{\"@id\":\"https:\\\/\\\/revolutionpadelstore.com\\\/fr\\\/produit\\\/sudadera-bullpadel-enif-3\\\/#breadcrumb\"},\"inLanguage\":\"fr-FR\",\"potentialAction\":[{\"@type\":\"ReadAction\",\"target\":[\"https:\\\/\\\/revolutionpadelstore.com\\\/fr\\\/produit\\\/sudadera-bullpadel-enif-3\\\/\"]}]},{\"@type\":\"ImageObject\",\"inLanguage\":\"fr-FR\",\"@id\":\"https:\\\/\\\/revolutionpadelstore.com\\\/fr\\\/produit\\\/sudadera-bullpadel-enif-3\\\/#primaryimage\",\"url\":\"https:\\\/\\\/revolutionpadelstore.com\\\/wp-content\\\/uploads\\\/2025\\\/01\\\/114449_sudadera_bullpadel_mujer_enif__105_negro_vigore_1200x1200_1_54d5.webp\",\"contentUrl\":\"https:\\\/\\\/revolutionpadelstore.com\\\/wp-content\\\/uploads\\\/2025\\\/01\\\/114449_sudadera_bullpadel_mujer_enif__105_negro_vigore_1200x1200_1_54d5.webp\",\"width\":1200,\"height\":1200},{\"@type\":\"BreadcrumbList\",\"@id\":\"https:\\\/\\\/revolutionpadelstore.com\\\/fr\\\/produit\\\/sudadera-bullpadel-enif-3\\\/#breadcrumb\",\"itemListElement\":[{\"@type\":\"ListItem\",\"position\":1,\"name\":\"Portada\",\"item\":\"https:\\\/\\\/revolutionpadelstore.com\\\/fr\\\/\"},{\"@type\":\"ListItem\",\"position\":2,\"name\":\"Boutique\",\"item\":\"https:\\\/\\\/revolutionpadelstore.com\\\/fr\\\/tienda\\\/\"},{\"@type\":\"ListItem\",\"position\":3,\"name\":\"SUDADERA BULLPADEL ENIF\"}]},{\"@type\":\"WebSite\",\"@id\":\"https:\\\/\\\/revolutionpadelstore.com\\\/fr\\\/#website\",\"url\":\"https:\\\/\\\/revolutionpadelstore.com\\\/fr\\\/\",\"name\":\"Revolution Padel Store\",\"description\":\"\",\"publisher\":{\"@id\":\"https:\\\/\\\/revolutionpadelstore.com\\\/fr\\\/#organization\"},\"potentialAction\":[{\"@type\":\"SearchAction\",\"target\":{\"@type\":\"EntryPoint\",\"urlTemplate\":\"https:\\\/\\\/revolutionpadelstore.com\\\/fr\\\/?s={search_term_string}\"},\"query-input\":{\"@type\":\"PropertyValueSpecification\",\"valueRequired\":true,\"valueName\":\"search_term_string\"}}],\"inLanguage\":\"fr-FR\"},{\"@type\":\"Organization\",\"@id\":\"https:\\\/\\\/revolutionpadelstore.com\\\/fr\\\/#organization\",\"name\":\"Revolution Padel Store\",\"url\":\"https:\\\/\\\/revolutionpadelstore.com\\\/fr\\\/\",\"logo\":{\"@type\":\"ImageObject\",\"inLanguage\":\"fr-FR\",\"@id\":\"https:\\\/\\\/revolutionpadelstore.com\\\/fr\\\/#\\\/schema\\\/logo\\\/image\\\/\",\"url\":\"https:\\\/\\\/revolutionpadelstore.com\\\/wp-content\\\/uploads\\\/2026\\\/02\\\/revolution-padel-store.jpg\",\"contentUrl\":\"https:\\\/\\\/revolutionpadelstore.com\\\/wp-content\\\/uploads\\\/2026\\\/02\\\/revolution-padel-store.jpg\",\"width\":2000,\"height\":2000,\"caption\":\"Revolution Padel Store\"},\"image\":{\"@id\":\"https:\\\/\\\/revolutionpadelstore.com\\\/fr\\\/#\\\/schema\\\/logo\\\/image\\\/\"},\"sameAs\":[\"https:\\\/\\\/www.instagram.com\\\/revolutionpadelstore\\\/\"]}]}<\/script>\n<!-- \/ Yoast SEO plugin. -->","yoast_head_json":{"title":"SUDADERA BULLPADEL ENIF - Revolution Padel Store","description":"Descubre la Sudadera Bullpadel Mujer Enif: dise\u00f1o entallado, tejido reciclado y tecnolog\u00eda Drynamic para m\u00e1xima comodidad y transpirabilidad. Disponible en Revolution Padel Store.","robots":{"index":"index","follow":"follow","max-snippet":"max-snippet:-1","max-image-preview":"max-image-preview:large","max-video-preview":"max-video-preview:-1"},"canonical":"https:\/\/revolutionpadelstore.com\/fr\/produit\/sudadera-bullpadel-enif-3\/","og_locale":"fr_FR","og_type":"article","og_title":"SUDADERA BULLPADEL ENIF - Revolution Padel Store","og_description":"Descubre la Sudadera Bullpadel Mujer Enif: dise\u00f1o entallado, tejido reciclado y tecnolog\u00eda Drynamic para m\u00e1xima comodidad y transpirabilidad. Disponible en Revolution Padel Store.","og_url":"https:\/\/revolutionpadelstore.com\/fr\/produit\/sudadera-bullpadel-enif-3\/","og_site_name":"Revolution Padel Store","article_modified_time":"2026-04-01T02:45:53+00:00","og_image":[{"width":1200,"height":1200,"url":"https:\/\/revolutionpadelstore.com\/wp-content\/uploads\/2025\/01\/114449_sudadera_bullpadel_mujer_enif__105_negro_vigore_1200x1200_1_54d5.webp","type":"image\/webp"}],"twitter_card":"summary_large_image","twitter_misc":{"Dur\u00e9e de lecture estim\u00e9e":"2 minutes"},"schema":{"@context":"https:\/\/schema.org","@graph":[{"@type":"WebPage","@id":"https:\/\/revolutionpadelstore.com\/fr\/produit\/sudadera-bullpadel-enif-3\/","url":"https:\/\/revolutionpadelstore.com\/fr\/produit\/sudadera-bullpadel-enif-3\/","name":"SUDADERA BULLPADEL ENIF - Revolution Padel Store","isPartOf":{"@id":"https:\/\/revolutionpadelstore.com\/fr\/#website"},"primaryImageOfPage":{"@id":"https:\/\/revolutionpadelstore.com\/fr\/produit\/sudadera-bullpadel-enif-3\/#primaryimage"},"image":{"@id":"https:\/\/revolutionpadelstore.com\/fr\/produit\/sudadera-bullpadel-enif-3\/#primaryimage"},"thumbnailUrl":"https:\/\/revolutionpadelstore.com\/wp-content\/uploads\/2025\/01\/114449_sudadera_bullpadel_mujer_enif__105_negro_vigore_1200x1200_1_54d5.webp","datePublished":"2025-01-28T23:22:21+00:00","dateModified":"2026-04-01T02:45:53+00:00","description":"Descubre la Sudadera Bullpadel Mujer Enif: dise\u00f1o entallado, tejido reciclado y tecnolog\u00eda Drynamic para m\u00e1xima comodidad y transpirabilidad. Disponible en Revolution Padel Store.","breadcrumb":{"@id":"https:\/\/revolutionpadelstore.com\/fr\/produit\/sudadera-bullpadel-enif-3\/#breadcrumb"},"inLanguage":"fr-FR","potentialAction":[{"@type":"ReadAction","target":["https:\/\/revolutionpadelstore.com\/fr\/produit\/sudadera-bullpadel-enif-3\/"]}]},{"@type":"ImageObject","inLanguage":"fr-FR","@id":"https:\/\/revolutionpadelstore.com\/fr\/produit\/sudadera-bullpadel-enif-3\/#primaryimage","url":"https:\/\/revolutionpadelstore.com\/wp-content\/uploads\/2025\/01\/114449_sudadera_bullpadel_mujer_enif__105_negro_vigore_1200x1200_1_54d5.webp","contentUrl":"https:\/\/revolutionpadelstore.com\/wp-content\/uploads\/2025\/01\/114449_sudadera_bullpadel_mujer_enif__105_negro_vigore_1200x1200_1_54d5.webp","width":1200,"height":1200},{"@type":"BreadcrumbList","@id":"https:\/\/revolutionpadelstore.com\/fr\/produit\/sudadera-bullpadel-enif-3\/#breadcrumb","itemListElement":[{"@type":"ListItem","position":1,"name":"Portada","item":"https:\/\/revolutionpadelstore.com\/fr\/"},{"@type":"ListItem","position":2,"name":"Boutique","item":"https:\/\/revolutionpadelstore.com\/fr\/tienda\/"},{"@type":"ListItem","position":3,"name":"SUDADERA BULLPADEL ENIF"}]},{"@type":"WebSite","@id":"https:\/\/revolutionpadelstore.com\/fr\/#website","url":"https:\/\/revolutionpadelstore.com\/fr\/","name":"Revolution Padel Store","description":"","publisher":{"@id":"https:\/\/revolutionpadelstore.com\/fr\/#organization"},"potentialAction":[{"@type":"SearchAction","target":{"@type":"EntryPoint","urlTemplate":"https:\/\/revolutionpadelstore.com\/fr\/?s={search_term_string}"},"query-input":{"@type":"PropertyValueSpecification","valueRequired":true,"valueName":"search_term_string"}}],"inLanguage":"fr-FR"},{"@type":"Organization","@id":"https:\/\/revolutionpadelstore.com\/fr\/#organization","name":"Revolution Padel Store","url":"https:\/\/revolutionpadelstore.com\/fr\/","logo":{"@type":"ImageObject","inLanguage":"fr-FR","@id":"https:\/\/revolutionpadelstore.com\/fr\/#\/schema\/logo\/image\/","url":"https:\/\/revolutionpadelstore.com\/wp-content\/uploads\/2026\/02\/revolution-padel-store.jpg","contentUrl":"https:\/\/revolutionpadelstore.com\/wp-content\/uploads\/2026\/02\/revolution-padel-store.jpg","width":2000,"height":2000,"caption":"Revolution Padel Store"},"image":{"@id":"https:\/\/revolutionpadelstore.com\/fr\/#\/schema\/logo\/image\/"},"sameAs":["https:\/\/www.instagram.com\/revolutionpadelstore\/"]}]}},"_links":{"self":[{"href":"https:\/\/revolutionpadelstore.com\/fr\/wp-json\/wp\/v2\/product\/161785","targetHints":{"allow":["GET"]}}],"collection":[{"href":"https:\/\/revolutionpadelstore.com\/fr\/wp-json\/wp\/v2\/product"}],"about":[{"href":"https:\/\/revolutionpadelstore.com\/fr\/wp-json\/wp\/v2\/types\/product"}],"replies":[{"embeddable":true,"href":"https:\/\/revolutionpadelstore.com\/fr\/wp-json\/wp\/v2\/comments?post=161785"}],"wp:featuredmedia":[{"embeddable":true,"href":"https:\/\/revolutionpadelstore.com\/fr\/wp-json\/wp\/v2\/media\/161775"}],"wp:attachment":[{"href":"https:\/\/revolutionpadelstore.com\/fr\/wp-json\/wp\/v2\/media?parent=161785"}],"wp:term":[{"taxonomy":"acabado","embeddable":true,"href":"https:\/\/revolutionpadelstore.com\/fr\/wp-json\/wp\/v2\/acabado?post=161785"},{"taxonomy":"balance","embeddable":true,"href":"https:\/\/revolutionpadelstore.com\/fr\/wp-json\/wp\/v2\/balance?post=161785"},{"taxonomy":"dureza","embeddable":true,"href":"https:\/\/revolutionpadelstore.com\/fr\/wp-json\/wp\/v2\/dureza?post=161785"},{"taxonomy":"forma","embeddable":true,"href":"https:\/\/revolutionpadelstore.com\/fr\/wp-json\/wp\/v2\/forma?post=161785"},{"taxonomy":"jugador","embeddable":true,"href":"https:\/\/revolutionpadelstore.com\/fr\/wp-json\/wp\/v2\/jugador?post=161785"},{"taxonomy":"marca","embeddable":true,"href":"https:\/\/revolutionpadelstore.com\/fr\/wp-json\/wp\/v2\/marca?post=161785"},{"taxonomy":"nivel-de-juego","embeddable":true,"href":"https:\/\/revolutionpadelstore.com\/fr\/wp-json\/wp\/v2\/nivel-de-juego?post=161785"},{"taxonomy":"superficie","embeddable":true,"href":"https:\/\/revolutionpadelstore.com\/fr\/wp-json\/wp\/v2\/superficie?post=161785"},{"taxonomy":"tipo-de-juego","embeddable":true,"href":"https:\/\/revolutionpadelstore.com\/fr\/wp-json\/wp\/v2\/tipo-de-juego?post=161785"},{"taxonomy":"product_brand","embeddable":true,"href":"https:\/\/revolutionpadelstore.com\/fr\/wp-json\/wp\/v2\/product_brand?post=161785"},{"taxonomy":"product_cat","embeddable":true,"href":"https:\/\/revolutionpadelstore.com\/fr\/wp-json\/wp\/v2\/product_cat?post=161785"},{"taxonomy":"product_tag","embeddable":true,"href":"https:\/\/revolutionpadelstore.com\/fr\/wp-json\/wp\/v2\/product_tag?post=161785"}],"curies":[{"name":"wp","href":"https:\/\/api.w.org\/{rel}","templated":true}]}}