{"id":161673,"date":"2025-01-28T23:44:57","date_gmt":"2025-01-28T22:44:57","guid":{"rendered":"https:\/\/revolutionpadelstore.com\/paletero-bullpadel-tour-gris-oscuro-006\/"},"modified":"2026-04-08T07:58:03","modified_gmt":"2026-04-08T05:58:03","slug":"paletero-bullpadel-tour-gris-oscuro-006-3","status":"publish","type":"product","link":"https:\/\/revolutionpadelstore.com\/fr\/produit\/paletero-bullpadel-tour-gris-oscuro-006-3\/","title":{"rendered":"PALETERO BULLPADEL TOUR GRIS OSCURO 006"},"content":{"rendered":"<p><H2> Paletero Bullpadel BPP-25015 R\u00e9sistance \u00e0 la tourn\u00e9e gris fonc\u00e9 et fonctionnalit\u00e9 pour les joueurs exigeants <\/h2>\n<p>Le <strong> bullpadel paletero BPP-25015 Tour gris fonc\u00e9 <\/strong> est le choix parfait pour ceux qui recherchent la qualit\u00e9, la praticit\u00e9 et un design moderne dans un seul produit. Con\u00e7u avec des mat\u00e9riaux durables et une taille compacte, ce Paletero vous permet de transporter tout ce qui est essentiel pour votre formation et vos comp\u00e9titions avec un confort total et un style.<\/p>\n<h2> Caract\u00e9ristiques principales: <\/h2>\n<p> <strong> &#8211; Mat\u00e9riau r\u00e9sistant <\/strong>: fabriqu\u00e9 avec un polyester 600D, connu pour sa durabilit\u00e9 et sa l\u00e9g\u00e8ret\u00e9, id\u00e9ale pour une utilisation quotidienne.<br \/>\n<P style=\"padding-left: 40px\"> <strong> -style<br \/>\n<P> <strong>-compartiments fonctionnels <\/strong>: <\/p>\n<p><P style=\"padding-left: 80px\"> &#8211; grand compartiment principal pour stocker les v\u00eatements, les serviettes et les accessoires.<\/p>\n<p style=\"padding-left: 80px\"> &#8211; compartiment rembourr\u00e9 qui prot\u00e8ge jusqu&#8217;\u00e0 <strong> 2 pelles de paddle <\/strong> devant les coups et les rayures.<\/p>\n<p style=\"padding-left: 80px\"> &#8211; Poche lat\u00e9rale d&#8217;acc\u00e8s rapide, parfaite pour les objets personnels tels que les mobiles, les cl\u00e9s ou les bouteilles d&#8217;eau.<br \/>\n<P> <strong> -Crenage -ergonomique <\/strong>: sa structure compacte et confortable facilite le transport et assure une exp\u00e9rience fonctionnelle.<\/p>\n<h2> Avantages cl\u00e9s: <\/h2>\n<p><P> <strong> -Durabilit\u00e9 et protection premium <\/strong>: les mat\u00e9riaux de haute qualit\u00e9 garantissent la r\u00e9sistance \u00e0 l&#8217;usure, tandis que le compartiment rembourr\u00e9 prot\u00e8ge vos lames.<\/p>\n<p style=\"padding-left: 40px\"> <strong> -comodity dans chaque utilisation <\/strong>: con\u00e7u pour offrir un transport confortable gr\u00e2ce \u00e0 sa l\u00e9g\u00e8ret\u00e9 et \u00e0 sa distribution optimale de l&#8217;espace.<\/p>\n<p style=\"padding-left: 40px\"> <strong>-styl moderne et polyvalent<br \/>\nAvec le <strong> bullpadel BPP-25015 Tour gris fonc\u00e9 <\/strong>, le transport de votre \u00e9quipe sera plus facile et plus s\u00fbr que jamais. Sa conception fonctionnelle et ses mat\u00e9riaux premium en font la meilleure option pour les joueurs qui recherchent la qualit\u00e9 et la praticit\u00e9.<\/p>\n<p>Disponible maintenant dans <strong> notre boutique en ligne <a href=\"http:\/\/www.revolutionpadelstore.com\/\"> www.revolutionpadelstore.com <\/a> <\/strong>, probablement au meilleur prix du march\u00e9. Obtenez le v\u00f4tre et faites une diff\u00e9rence sur et hors de la piste!<\/p>\n<h2>Paletero Bullpadel BPP-25015 Tour Gris Oscuro \u2013 Resistencia y funcionalidad para jugadores exigentes<\/h2>\n","protected":false},"excerpt":{"rendered":"<p>Le bullpadel BPP25015 Paletero en gris fonc\u00e9 est con\u00e7u pour transporter jusqu&#8217;\u00e0 deux lames de pagaie d&#8217;une mani\u00e8re confortable et s\u00fbre gr\u00e2ce \u00e0 son compartiment rembourr\u00e9. Fabriqu\u00e9 avec du polyester dans sa composition.<\/p>\n","protected":false},"featured_media":161644,"comment_status":"open","ping_status":"closed","template":"","meta":{"_acf_changed":false,"_joinchat":[]},"acabado":[],"balance":[],"dureza":[],"forma":[],"jugador":[],"marca":[1257],"nivel-de-juego":[],"superficie":[],"tipo-de-juego":[],"product_brand":[],"product_cat":[320],"product_tag":[],"class_list":{"0":"post-161673","1":"product","2":"type-product","3":"status-publish","4":"has-post-thumbnail","6":"marca-bullpadel-fr","7":"product_cat-sacs","9":"first","10":"outofstock","11":"sale","12":"taxable","13":"shipping-taxable","14":"purchasable","15":"product-type-simple"},"acf":[],"yoast_head":"<!-- This site is optimized with the Yoast SEO plugin v27.4 - https:\/\/yoast.com\/product\/yoast-seo-wordpress\/ -->\n<title>PALETERO BULLPADEL TOUR GRIS OSCURO 006 - Revolution Padel Store<\/title>\n<meta name=\"description\" content=\"Consigue el paletero Bullpadel BPP-25015 Tour Gris Oscuro, resistente, funcional y con espacio para todo lo esencial. Ll\u00e9valo al mejor precio en www.revolutionpadelstore.com.\" \/>\n<meta name=\"robots\" content=\"index, follow, max-snippet:-1, max-image-preview:large, max-video-preview:-1\" \/>\n<link rel=\"canonical\" href=\"https:\/\/revolutionpadelstore.com\/fr\/produit\/paletero-bullpadel-tour-gris-oscuro-006-3\/\" \/>\n<meta property=\"og:locale\" content=\"fr_FR\" \/>\n<meta property=\"og:type\" content=\"article\" \/>\n<meta property=\"og:title\" content=\"PALETERO BULLPADEL TOUR GRIS OSCURO 006 - Revolution Padel Store\" \/>\n<meta property=\"og:description\" content=\"Consigue el paletero Bullpadel BPP-25015 Tour Gris Oscuro, resistente, funcional y con espacio para todo lo esencial. Ll\u00e9valo al mejor precio en www.revolutionpadelstore.com.\" \/>\n<meta property=\"og:url\" content=\"https:\/\/revolutionpadelstore.com\/fr\/produit\/paletero-bullpadel-tour-gris-oscuro-006-3\/\" \/>\n<meta property=\"og:site_name\" content=\"Revolution Padel Store\" \/>\n<meta property=\"article:modified_time\" content=\"2026-04-08T05:58:03+00:00\" \/>\n<meta property=\"og:image\" content=\"https:\/\/revolutionpadelstore.com\/wp-content\/uploads\/2025\/01\/113817-paletero-bullpadel-bpp25015-tour-448160-1200x1200-1.webp\" \/>\n\t<meta property=\"og:image:width\" content=\"1200\" \/>\n\t<meta property=\"og:image:height\" content=\"1200\" \/>\n\t<meta property=\"og:image:type\" content=\"image\/webp\" \/>\n<meta name=\"twitter:card\" content=\"summary_large_image\" \/>\n<meta name=\"twitter:label1\" content=\"Dur\u00e9e de lecture estim\u00e9e\" \/>\n\t<meta name=\"twitter:data1\" content=\"2 minutes\" \/>\n<script type=\"application\/ld+json\" class=\"yoast-schema-graph\">{\"@context\":\"https:\\\/\\\/schema.org\",\"@graph\":[{\"@type\":\"WebPage\",\"@id\":\"https:\\\/\\\/revolutionpadelstore.com\\\/fr\\\/produit\\\/paletero-bullpadel-tour-gris-oscuro-006-3\\\/\",\"url\":\"https:\\\/\\\/revolutionpadelstore.com\\\/fr\\\/produit\\\/paletero-bullpadel-tour-gris-oscuro-006-3\\\/\",\"name\":\"PALETERO BULLPADEL TOUR GRIS OSCURO 006 - Revolution Padel Store\",\"isPartOf\":{\"@id\":\"https:\\\/\\\/revolutionpadelstore.com\\\/fr\\\/#website\"},\"primaryImageOfPage\":{\"@id\":\"https:\\\/\\\/revolutionpadelstore.com\\\/fr\\\/produit\\\/paletero-bullpadel-tour-gris-oscuro-006-3\\\/#primaryimage\"},\"image\":{\"@id\":\"https:\\\/\\\/revolutionpadelstore.com\\\/fr\\\/produit\\\/paletero-bullpadel-tour-gris-oscuro-006-3\\\/#primaryimage\"},\"thumbnailUrl\":\"https:\\\/\\\/revolutionpadelstore.com\\\/wp-content\\\/uploads\\\/2025\\\/01\\\/113817-paletero-bullpadel-bpp25015-tour-448160-1200x1200-1.webp\",\"datePublished\":\"2025-01-28T22:44:57+00:00\",\"dateModified\":\"2026-04-08T05:58:03+00:00\",\"description\":\"Consigue el paletero Bullpadel BPP-25015 Tour Gris Oscuro, resistente, funcional y con espacio para todo lo esencial. Ll\u00e9valo al mejor precio en www.revolutionpadelstore.com.\",\"breadcrumb\":{\"@id\":\"https:\\\/\\\/revolutionpadelstore.com\\\/fr\\\/produit\\\/paletero-bullpadel-tour-gris-oscuro-006-3\\\/#breadcrumb\"},\"inLanguage\":\"fr-FR\",\"potentialAction\":[{\"@type\":\"ReadAction\",\"target\":[\"https:\\\/\\\/revolutionpadelstore.com\\\/fr\\\/produit\\\/paletero-bullpadel-tour-gris-oscuro-006-3\\\/\"]}]},{\"@type\":\"ImageObject\",\"inLanguage\":\"fr-FR\",\"@id\":\"https:\\\/\\\/revolutionpadelstore.com\\\/fr\\\/produit\\\/paletero-bullpadel-tour-gris-oscuro-006-3\\\/#primaryimage\",\"url\":\"https:\\\/\\\/revolutionpadelstore.com\\\/wp-content\\\/uploads\\\/2025\\\/01\\\/113817-paletero-bullpadel-bpp25015-tour-448160-1200x1200-1.webp\",\"contentUrl\":\"https:\\\/\\\/revolutionpadelstore.com\\\/wp-content\\\/uploads\\\/2025\\\/01\\\/113817-paletero-bullpadel-bpp25015-tour-448160-1200x1200-1.webp\",\"width\":1200,\"height\":1200},{\"@type\":\"BreadcrumbList\",\"@id\":\"https:\\\/\\\/revolutionpadelstore.com\\\/fr\\\/produit\\\/paletero-bullpadel-tour-gris-oscuro-006-3\\\/#breadcrumb\",\"itemListElement\":[{\"@type\":\"ListItem\",\"position\":1,\"name\":\"Portada\",\"item\":\"https:\\\/\\\/revolutionpadelstore.com\\\/fr\\\/\"},{\"@type\":\"ListItem\",\"position\":2,\"name\":\"Boutique\",\"item\":\"https:\\\/\\\/revolutionpadelstore.com\\\/fr\\\/tienda\\\/\"},{\"@type\":\"ListItem\",\"position\":3,\"name\":\"PALETERO BULLPADEL TOUR GRIS OSCURO 006\"}]},{\"@type\":\"WebSite\",\"@id\":\"https:\\\/\\\/revolutionpadelstore.com\\\/fr\\\/#website\",\"url\":\"https:\\\/\\\/revolutionpadelstore.com\\\/fr\\\/\",\"name\":\"Revolution Padel Store\",\"description\":\"\",\"publisher\":{\"@id\":\"https:\\\/\\\/revolutionpadelstore.com\\\/fr\\\/#organization\"},\"potentialAction\":[{\"@type\":\"SearchAction\",\"target\":{\"@type\":\"EntryPoint\",\"urlTemplate\":\"https:\\\/\\\/revolutionpadelstore.com\\\/fr\\\/?s={search_term_string}\"},\"query-input\":{\"@type\":\"PropertyValueSpecification\",\"valueRequired\":true,\"valueName\":\"search_term_string\"}}],\"inLanguage\":\"fr-FR\"},{\"@type\":\"Organization\",\"@id\":\"https:\\\/\\\/revolutionpadelstore.com\\\/fr\\\/#organization\",\"name\":\"Revolution Padel Store\",\"url\":\"https:\\\/\\\/revolutionpadelstore.com\\\/fr\\\/\",\"logo\":{\"@type\":\"ImageObject\",\"inLanguage\":\"fr-FR\",\"@id\":\"https:\\\/\\\/revolutionpadelstore.com\\\/fr\\\/#\\\/schema\\\/logo\\\/image\\\/\",\"url\":\"https:\\\/\\\/revolutionpadelstore.com\\\/wp-content\\\/uploads\\\/2026\\\/02\\\/revolution-padel-store.jpg\",\"contentUrl\":\"https:\\\/\\\/revolutionpadelstore.com\\\/wp-content\\\/uploads\\\/2026\\\/02\\\/revolution-padel-store.jpg\",\"width\":2000,\"height\":2000,\"caption\":\"Revolution Padel Store\"},\"image\":{\"@id\":\"https:\\\/\\\/revolutionpadelstore.com\\\/fr\\\/#\\\/schema\\\/logo\\\/image\\\/\"},\"sameAs\":[\"https:\\\/\\\/www.instagram.com\\\/revolutionpadelstore\\\/\"]}]}<\/script>\n<!-- \/ Yoast SEO plugin. -->","yoast_head_json":{"title":"PALETERO BULLPADEL TOUR GRIS OSCURO 006 - Revolution Padel Store","description":"Consigue el paletero Bullpadel BPP-25015 Tour Gris Oscuro, resistente, funcional y con espacio para todo lo esencial. Ll\u00e9valo al mejor precio en www.revolutionpadelstore.com.","robots":{"index":"index","follow":"follow","max-snippet":"max-snippet:-1","max-image-preview":"max-image-preview:large","max-video-preview":"max-video-preview:-1"},"canonical":"https:\/\/revolutionpadelstore.com\/fr\/produit\/paletero-bullpadel-tour-gris-oscuro-006-3\/","og_locale":"fr_FR","og_type":"article","og_title":"PALETERO BULLPADEL TOUR GRIS OSCURO 006 - Revolution Padel Store","og_description":"Consigue el paletero Bullpadel BPP-25015 Tour Gris Oscuro, resistente, funcional y con espacio para todo lo esencial. Ll\u00e9valo al mejor precio en www.revolutionpadelstore.com.","og_url":"https:\/\/revolutionpadelstore.com\/fr\/produit\/paletero-bullpadel-tour-gris-oscuro-006-3\/","og_site_name":"Revolution Padel Store","article_modified_time":"2026-04-08T05:58:03+00:00","og_image":[{"width":1200,"height":1200,"url":"https:\/\/revolutionpadelstore.com\/wp-content\/uploads\/2025\/01\/113817-paletero-bullpadel-bpp25015-tour-448160-1200x1200-1.webp","type":"image\/webp"}],"twitter_card":"summary_large_image","twitter_misc":{"Dur\u00e9e de lecture estim\u00e9e":"2 minutes"},"schema":{"@context":"https:\/\/schema.org","@graph":[{"@type":"WebPage","@id":"https:\/\/revolutionpadelstore.com\/fr\/produit\/paletero-bullpadel-tour-gris-oscuro-006-3\/","url":"https:\/\/revolutionpadelstore.com\/fr\/produit\/paletero-bullpadel-tour-gris-oscuro-006-3\/","name":"PALETERO BULLPADEL TOUR GRIS OSCURO 006 - Revolution Padel Store","isPartOf":{"@id":"https:\/\/revolutionpadelstore.com\/fr\/#website"},"primaryImageOfPage":{"@id":"https:\/\/revolutionpadelstore.com\/fr\/produit\/paletero-bullpadel-tour-gris-oscuro-006-3\/#primaryimage"},"image":{"@id":"https:\/\/revolutionpadelstore.com\/fr\/produit\/paletero-bullpadel-tour-gris-oscuro-006-3\/#primaryimage"},"thumbnailUrl":"https:\/\/revolutionpadelstore.com\/wp-content\/uploads\/2025\/01\/113817-paletero-bullpadel-bpp25015-tour-448160-1200x1200-1.webp","datePublished":"2025-01-28T22:44:57+00:00","dateModified":"2026-04-08T05:58:03+00:00","description":"Consigue el paletero Bullpadel BPP-25015 Tour Gris Oscuro, resistente, funcional y con espacio para todo lo esencial. Ll\u00e9valo al mejor precio en www.revolutionpadelstore.com.","breadcrumb":{"@id":"https:\/\/revolutionpadelstore.com\/fr\/produit\/paletero-bullpadel-tour-gris-oscuro-006-3\/#breadcrumb"},"inLanguage":"fr-FR","potentialAction":[{"@type":"ReadAction","target":["https:\/\/revolutionpadelstore.com\/fr\/produit\/paletero-bullpadel-tour-gris-oscuro-006-3\/"]}]},{"@type":"ImageObject","inLanguage":"fr-FR","@id":"https:\/\/revolutionpadelstore.com\/fr\/produit\/paletero-bullpadel-tour-gris-oscuro-006-3\/#primaryimage","url":"https:\/\/revolutionpadelstore.com\/wp-content\/uploads\/2025\/01\/113817-paletero-bullpadel-bpp25015-tour-448160-1200x1200-1.webp","contentUrl":"https:\/\/revolutionpadelstore.com\/wp-content\/uploads\/2025\/01\/113817-paletero-bullpadel-bpp25015-tour-448160-1200x1200-1.webp","width":1200,"height":1200},{"@type":"BreadcrumbList","@id":"https:\/\/revolutionpadelstore.com\/fr\/produit\/paletero-bullpadel-tour-gris-oscuro-006-3\/#breadcrumb","itemListElement":[{"@type":"ListItem","position":1,"name":"Portada","item":"https:\/\/revolutionpadelstore.com\/fr\/"},{"@type":"ListItem","position":2,"name":"Boutique","item":"https:\/\/revolutionpadelstore.com\/fr\/tienda\/"},{"@type":"ListItem","position":3,"name":"PALETERO BULLPADEL TOUR GRIS OSCURO 006"}]},{"@type":"WebSite","@id":"https:\/\/revolutionpadelstore.com\/fr\/#website","url":"https:\/\/revolutionpadelstore.com\/fr\/","name":"Revolution Padel Store","description":"","publisher":{"@id":"https:\/\/revolutionpadelstore.com\/fr\/#organization"},"potentialAction":[{"@type":"SearchAction","target":{"@type":"EntryPoint","urlTemplate":"https:\/\/revolutionpadelstore.com\/fr\/?s={search_term_string}"},"query-input":{"@type":"PropertyValueSpecification","valueRequired":true,"valueName":"search_term_string"}}],"inLanguage":"fr-FR"},{"@type":"Organization","@id":"https:\/\/revolutionpadelstore.com\/fr\/#organization","name":"Revolution Padel Store","url":"https:\/\/revolutionpadelstore.com\/fr\/","logo":{"@type":"ImageObject","inLanguage":"fr-FR","@id":"https:\/\/revolutionpadelstore.com\/fr\/#\/schema\/logo\/image\/","url":"https:\/\/revolutionpadelstore.com\/wp-content\/uploads\/2026\/02\/revolution-padel-store.jpg","contentUrl":"https:\/\/revolutionpadelstore.com\/wp-content\/uploads\/2026\/02\/revolution-padel-store.jpg","width":2000,"height":2000,"caption":"Revolution Padel Store"},"image":{"@id":"https:\/\/revolutionpadelstore.com\/fr\/#\/schema\/logo\/image\/"},"sameAs":["https:\/\/www.instagram.com\/revolutionpadelstore\/"]}]}},"_links":{"self":[{"href":"https:\/\/revolutionpadelstore.com\/fr\/wp-json\/wp\/v2\/product\/161673","targetHints":{"allow":["GET"]}}],"collection":[{"href":"https:\/\/revolutionpadelstore.com\/fr\/wp-json\/wp\/v2\/product"}],"about":[{"href":"https:\/\/revolutionpadelstore.com\/fr\/wp-json\/wp\/v2\/types\/product"}],"replies":[{"embeddable":true,"href":"https:\/\/revolutionpadelstore.com\/fr\/wp-json\/wp\/v2\/comments?post=161673"}],"wp:featuredmedia":[{"embeddable":true,"href":"https:\/\/revolutionpadelstore.com\/fr\/wp-json\/wp\/v2\/media\/161644"}],"wp:attachment":[{"href":"https:\/\/revolutionpadelstore.com\/fr\/wp-json\/wp\/v2\/media?parent=161673"}],"wp:term":[{"taxonomy":"acabado","embeddable":true,"href":"https:\/\/revolutionpadelstore.com\/fr\/wp-json\/wp\/v2\/acabado?post=161673"},{"taxonomy":"balance","embeddable":true,"href":"https:\/\/revolutionpadelstore.com\/fr\/wp-json\/wp\/v2\/balance?post=161673"},{"taxonomy":"dureza","embeddable":true,"href":"https:\/\/revolutionpadelstore.com\/fr\/wp-json\/wp\/v2\/dureza?post=161673"},{"taxonomy":"forma","embeddable":true,"href":"https:\/\/revolutionpadelstore.com\/fr\/wp-json\/wp\/v2\/forma?post=161673"},{"taxonomy":"jugador","embeddable":true,"href":"https:\/\/revolutionpadelstore.com\/fr\/wp-json\/wp\/v2\/jugador?post=161673"},{"taxonomy":"marca","embeddable":true,"href":"https:\/\/revolutionpadelstore.com\/fr\/wp-json\/wp\/v2\/marca?post=161673"},{"taxonomy":"nivel-de-juego","embeddable":true,"href":"https:\/\/revolutionpadelstore.com\/fr\/wp-json\/wp\/v2\/nivel-de-juego?post=161673"},{"taxonomy":"superficie","embeddable":true,"href":"https:\/\/revolutionpadelstore.com\/fr\/wp-json\/wp\/v2\/superficie?post=161673"},{"taxonomy":"tipo-de-juego","embeddable":true,"href":"https:\/\/revolutionpadelstore.com\/fr\/wp-json\/wp\/v2\/tipo-de-juego?post=161673"},{"taxonomy":"product_brand","embeddable":true,"href":"https:\/\/revolutionpadelstore.com\/fr\/wp-json\/wp\/v2\/product_brand?post=161673"},{"taxonomy":"product_cat","embeddable":true,"href":"https:\/\/revolutionpadelstore.com\/fr\/wp-json\/wp\/v2\/product_cat?post=161673"},{"taxonomy":"product_tag","embeddable":true,"href":"https:\/\/revolutionpadelstore.com\/fr\/wp-json\/wp\/v2\/product_tag?post=161673"}],"curies":[{"name":"wp","href":"https:\/\/api.w.org\/{rel}","templated":true}]}}