{"id":161631,"date":"2025-01-28T23:30:21","date_gmt":"2025-01-28T22:30:21","guid":{"rendered":"https:\/\/revolutionpadelstore.com\/bullpadel-vertex-jr-25\/"},"modified":"2026-04-22T02:00:46","modified_gmt":"2026-04-22T00:00:46","slug":"bullpadel-vertex-jr-25-3","status":"publish","type":"product","link":"https:\/\/revolutionpadelstore.com\/fr\/produit\/bullpadel-vertex-jr-25-3\/","title":{"rendered":"BULLPADEL VERTEX JR 25"},"content":{"rendered":"<p><H2> Bullpadel Vertex Jr 25 &#8211; Power and Control for Young Talents <\/H2><br \/>\nLe <strong> Bullpadel Vertex Jr 25 <\/strong> est la pelle officielle de Juan Tello adapt\u00e9, en particulier pour les joueurs juniors avec un niveau de jeu avanc\u00e9. Avec un design inspir\u00e9 des lames pour adultes, cette pelle permet un apprentissage plus naturel et professionnel d\u00e8s le plus jeune \u00e2ge, offrant des performances optimales sur la piste.<\/p>\n<h2> Caract\u00e9ristiques principales: <\/h2>\n<p> <strong> -Diamond Form <\/strong>: Id\u00e9al pour les joueurs \u00e0 la recherche d&#8217;une puissance maximale dans chaque coup.<\/p>\n<p> <strong> &#8211; Nucleus polyglasse externe <\/strong>: fibre de verre qui offre une flexibilit\u00e9 et une durabilit\u00e9.<br \/>\n<P style=\"padding-left: 40px\"> <strong> -wore noyau en caoutchouc Evalustic <\/strong>: garantit une excellente sortie de balle et un toucher doux.<\/p>\n<p> <strong> -Marco Carbontube 100% Fibre carbone <\/strong>: am\u00e9liore la r\u00e9sistance et la stabilit\u00e9 de la pelle.<br \/>\n<P> <strong> -Coraz\u00f3n Vertex <\/strong>: con\u00e7u pour une distribution de peso \u00e9quilibr\u00e9e, offrant une plus grande puissance et \u00e9liminer les vibrations pour un confort total.<br \/>\nCette pelle combine des mat\u00e9riaux de haute qualit\u00e9 et des technologies avanc\u00e9es, offrant un contr\u00f4le exceptionnel ainsi qu&#8217;une puissance exceptionnelle. C&#8217;est le mod\u00e8le parfait pour les jeunes qui veulent se d\u00e9marquer dans la pagaie, en suivant les \u00e9tapes des grands professionnels.<\/p>\n<h2> Avantages cl\u00e9s: <\/h2>\n<p><P> <strong> -Deal pour les joueurs juniors avanc\u00e9s <\/strong>: Con\u00e7u pour ceux qui ont une exp\u00e9rience dans le jeu \u00e0 la recherche d&#8217;une \u00e9quipe de niveau professionnel.<br \/>\n<P> <strong> -Crepointe de conception <\/strong>: Le sommet du c\u0153ur r\u00e9duit les vibrations, offrant une exp\u00e9rience de jeu confortable et s\u00fbre.<\/p>\n<p style=\"padding-left: 40px\"> <strong> -Durabilit\u00e9 et performances premium<br \/>\nDisponible maintenant dans <strong> notre boutique en ligne <a href=\"http:\/\/www.revolutionpadelstore.com\/\"> www.revolutionpadelstore.com <\/a> <\/strong>, probablement au meilleur prix du march\u00e9. Obtenez la pelle qui fera passer votre jeu au niveau sup\u00e9rieur!<\/p>\n<h2>\u00a0Bullpadel Vertex JR 25 \u2013 Potencia y control para j\u00f3venes talentos<\/h2>\n","protected":false},"excerpt":{"rendered":"<p>The Bullpadel Vertex Junior 2025, con\u00e7u pour les jeunes joueurs avanc\u00e9s, combine le contr\u00f4le, l&#8217;\u00e9nergie et la technologie innovante. Il s&#8217;agit d&#8217;une version adapt\u00e9e de la pelle officielle de Juan Tello, pens\u00e9e sp\u00e9cialement pour le public des jeunes.<\/p>\n","protected":false},"featured_media":161637,"comment_status":"open","ping_status":"closed","template":"","meta":{"_acf_changed":false,"_joinchat":[]},"acabado":[],"balance":[],"dureza":[],"forma":[],"jugador":[1207],"marca":[1257],"nivel-de-juego":[],"superficie":[],"tipo-de-juego":[],"product_brand":[],"product_cat":[302],"product_tag":[],"class_list":{"0":"post-161631","1":"product","2":"type-product","3":"status-publish","4":"has-post-thumbnail","6":"jugador-jeunes","7":"marca-bullpadel-fr","8":"product_cat-palas-de-padel-fr","10":"first","11":"instock","12":"sale","13":"taxable","14":"shipping-taxable","15":"purchasable","16":"product-type-simple"},"acf":[],"yoast_head":"<!-- This site is optimized with the Yoast SEO plugin v27.4 - https:\/\/yoast.com\/product\/yoast-seo-wordpress\/ -->\n<title>BULLPADEL VERTEX JR 25 - Revolution Padel Store<\/title>\n<meta name=\"description\" content=\"Descubre la Bullpadel Vertex 04 JR, la pala oficial de Juan Tello adaptada para j\u00f3venes jugadores avanzados. Potencia, control y materiales de alta calidad al mejor precio en www.revolutionpadelstore.com.\" \/>\n<meta name=\"robots\" content=\"index, follow, max-snippet:-1, max-image-preview:large, max-video-preview:-1\" \/>\n<link rel=\"canonical\" href=\"https:\/\/revolutionpadelstore.com\/fr\/produit\/bullpadel-vertex-jr-25-3\/\" \/>\n<meta property=\"og:locale\" content=\"fr_FR\" \/>\n<meta property=\"og:type\" content=\"article\" \/>\n<meta property=\"og:title\" content=\"BULLPADEL VERTEX JR 25 - Revolution Padel Store\" \/>\n<meta property=\"og:description\" content=\"Descubre la Bullpadel Vertex 04 JR, la pala oficial de Juan Tello adaptada para j\u00f3venes jugadores avanzados. Potencia, control y materiales de alta calidad al mejor precio en www.revolutionpadelstore.com.\" \/>\n<meta property=\"og:url\" content=\"https:\/\/revolutionpadelstore.com\/fr\/produit\/bullpadel-vertex-jr-25-3\/\" \/>\n<meta property=\"og:site_name\" content=\"Revolution Padel Store\" \/>\n<meta property=\"article:modified_time\" content=\"2026-04-22T00:00:46+00:00\" \/>\n<meta property=\"og:image\" content=\"https:\/\/revolutionpadelstore.com\/wp-content\/uploads\/2025\/01\/179E-12.png\" \/>\n\t<meta property=\"og:image:width\" content=\"1500\" \/>\n\t<meta property=\"og:image:height\" content=\"1500\" \/>\n\t<meta property=\"og:image:type\" content=\"image\/png\" \/>\n<meta name=\"twitter:card\" content=\"summary_large_image\" \/>\n<meta name=\"twitter:label1\" content=\"Dur\u00e9e de lecture estim\u00e9e\" \/>\n\t<meta name=\"twitter:data1\" content=\"1 minute\" \/>\n<script type=\"application\/ld+json\" class=\"yoast-schema-graph\">{\"@context\":\"https:\\\/\\\/schema.org\",\"@graph\":[{\"@type\":\"WebPage\",\"@id\":\"https:\\\/\\\/revolutionpadelstore.com\\\/fr\\\/produit\\\/bullpadel-vertex-jr-25-3\\\/\",\"url\":\"https:\\\/\\\/revolutionpadelstore.com\\\/fr\\\/produit\\\/bullpadel-vertex-jr-25-3\\\/\",\"name\":\"BULLPADEL VERTEX JR 25 - Revolution Padel Store\",\"isPartOf\":{\"@id\":\"https:\\\/\\\/revolutionpadelstore.com\\\/fr\\\/#website\"},\"primaryImageOfPage\":{\"@id\":\"https:\\\/\\\/revolutionpadelstore.com\\\/fr\\\/produit\\\/bullpadel-vertex-jr-25-3\\\/#primaryimage\"},\"image\":{\"@id\":\"https:\\\/\\\/revolutionpadelstore.com\\\/fr\\\/produit\\\/bullpadel-vertex-jr-25-3\\\/#primaryimage\"},\"thumbnailUrl\":\"https:\\\/\\\/revolutionpadelstore.com\\\/wp-content\\\/uploads\\\/2025\\\/01\\\/179E-12.png\",\"datePublished\":\"2025-01-28T22:30:21+00:00\",\"dateModified\":\"2026-04-22T00:00:46+00:00\",\"description\":\"Descubre la Bullpadel Vertex 04 JR, la pala oficial de Juan Tello adaptada para j\u00f3venes jugadores avanzados. Potencia, control y materiales de alta calidad al mejor precio en www.revolutionpadelstore.com.\",\"breadcrumb\":{\"@id\":\"https:\\\/\\\/revolutionpadelstore.com\\\/fr\\\/produit\\\/bullpadel-vertex-jr-25-3\\\/#breadcrumb\"},\"inLanguage\":\"fr-FR\",\"potentialAction\":[{\"@type\":\"ReadAction\",\"target\":[\"https:\\\/\\\/revolutionpadelstore.com\\\/fr\\\/produit\\\/bullpadel-vertex-jr-25-3\\\/\"]}]},{\"@type\":\"ImageObject\",\"inLanguage\":\"fr-FR\",\"@id\":\"https:\\\/\\\/revolutionpadelstore.com\\\/fr\\\/produit\\\/bullpadel-vertex-jr-25-3\\\/#primaryimage\",\"url\":\"https:\\\/\\\/revolutionpadelstore.com\\\/wp-content\\\/uploads\\\/2025\\\/01\\\/179E-12.png\",\"contentUrl\":\"https:\\\/\\\/revolutionpadelstore.com\\\/wp-content\\\/uploads\\\/2025\\\/01\\\/179E-12.png\",\"width\":1500,\"height\":1500},{\"@type\":\"BreadcrumbList\",\"@id\":\"https:\\\/\\\/revolutionpadelstore.com\\\/fr\\\/produit\\\/bullpadel-vertex-jr-25-3\\\/#breadcrumb\",\"itemListElement\":[{\"@type\":\"ListItem\",\"position\":1,\"name\":\"Portada\",\"item\":\"https:\\\/\\\/revolutionpadelstore.com\\\/fr\\\/\"},{\"@type\":\"ListItem\",\"position\":2,\"name\":\"Boutique\",\"item\":\"https:\\\/\\\/revolutionpadelstore.com\\\/fr\\\/tienda\\\/\"},{\"@type\":\"ListItem\",\"position\":3,\"name\":\"BULLPADEL VERTEX JR 25\"}]},{\"@type\":\"WebSite\",\"@id\":\"https:\\\/\\\/revolutionpadelstore.com\\\/fr\\\/#website\",\"url\":\"https:\\\/\\\/revolutionpadelstore.com\\\/fr\\\/\",\"name\":\"Revolution Padel Store\",\"description\":\"\",\"publisher\":{\"@id\":\"https:\\\/\\\/revolutionpadelstore.com\\\/fr\\\/#organization\"},\"potentialAction\":[{\"@type\":\"SearchAction\",\"target\":{\"@type\":\"EntryPoint\",\"urlTemplate\":\"https:\\\/\\\/revolutionpadelstore.com\\\/fr\\\/?s={search_term_string}\"},\"query-input\":{\"@type\":\"PropertyValueSpecification\",\"valueRequired\":true,\"valueName\":\"search_term_string\"}}],\"inLanguage\":\"fr-FR\"},{\"@type\":\"Organization\",\"@id\":\"https:\\\/\\\/revolutionpadelstore.com\\\/fr\\\/#organization\",\"name\":\"Revolution Padel Store\",\"url\":\"https:\\\/\\\/revolutionpadelstore.com\\\/fr\\\/\",\"logo\":{\"@type\":\"ImageObject\",\"inLanguage\":\"fr-FR\",\"@id\":\"https:\\\/\\\/revolutionpadelstore.com\\\/fr\\\/#\\\/schema\\\/logo\\\/image\\\/\",\"url\":\"https:\\\/\\\/revolutionpadelstore.com\\\/wp-content\\\/uploads\\\/2026\\\/02\\\/revolution-padel-store.jpg\",\"contentUrl\":\"https:\\\/\\\/revolutionpadelstore.com\\\/wp-content\\\/uploads\\\/2026\\\/02\\\/revolution-padel-store.jpg\",\"width\":2000,\"height\":2000,\"caption\":\"Revolution Padel Store\"},\"image\":{\"@id\":\"https:\\\/\\\/revolutionpadelstore.com\\\/fr\\\/#\\\/schema\\\/logo\\\/image\\\/\"},\"sameAs\":[\"https:\\\/\\\/www.instagram.com\\\/revolutionpadelstore\\\/\"]}]}<\/script>\n<!-- \/ Yoast SEO plugin. -->","yoast_head_json":{"title":"BULLPADEL VERTEX JR 25 - Revolution Padel Store","description":"Descubre la Bullpadel Vertex 04 JR, la pala oficial de Juan Tello adaptada para j\u00f3venes jugadores avanzados. Potencia, control y materiales de alta calidad al mejor precio en www.revolutionpadelstore.com.","robots":{"index":"index","follow":"follow","max-snippet":"max-snippet:-1","max-image-preview":"max-image-preview:large","max-video-preview":"max-video-preview:-1"},"canonical":"https:\/\/revolutionpadelstore.com\/fr\/produit\/bullpadel-vertex-jr-25-3\/","og_locale":"fr_FR","og_type":"article","og_title":"BULLPADEL VERTEX JR 25 - Revolution Padel Store","og_description":"Descubre la Bullpadel Vertex 04 JR, la pala oficial de Juan Tello adaptada para j\u00f3venes jugadores avanzados. Potencia, control y materiales de alta calidad al mejor precio en www.revolutionpadelstore.com.","og_url":"https:\/\/revolutionpadelstore.com\/fr\/produit\/bullpadel-vertex-jr-25-3\/","og_site_name":"Revolution Padel Store","article_modified_time":"2026-04-22T00:00:46+00:00","og_image":[{"width":1500,"height":1500,"url":"https:\/\/revolutionpadelstore.com\/wp-content\/uploads\/2025\/01\/179E-12.png","type":"image\/png"}],"twitter_card":"summary_large_image","twitter_misc":{"Dur\u00e9e de lecture estim\u00e9e":"1 minute"},"schema":{"@context":"https:\/\/schema.org","@graph":[{"@type":"WebPage","@id":"https:\/\/revolutionpadelstore.com\/fr\/produit\/bullpadel-vertex-jr-25-3\/","url":"https:\/\/revolutionpadelstore.com\/fr\/produit\/bullpadel-vertex-jr-25-3\/","name":"BULLPADEL VERTEX JR 25 - Revolution Padel Store","isPartOf":{"@id":"https:\/\/revolutionpadelstore.com\/fr\/#website"},"primaryImageOfPage":{"@id":"https:\/\/revolutionpadelstore.com\/fr\/produit\/bullpadel-vertex-jr-25-3\/#primaryimage"},"image":{"@id":"https:\/\/revolutionpadelstore.com\/fr\/produit\/bullpadel-vertex-jr-25-3\/#primaryimage"},"thumbnailUrl":"https:\/\/revolutionpadelstore.com\/wp-content\/uploads\/2025\/01\/179E-12.png","datePublished":"2025-01-28T22:30:21+00:00","dateModified":"2026-04-22T00:00:46+00:00","description":"Descubre la Bullpadel Vertex 04 JR, la pala oficial de Juan Tello adaptada para j\u00f3venes jugadores avanzados. Potencia, control y materiales de alta calidad al mejor precio en www.revolutionpadelstore.com.","breadcrumb":{"@id":"https:\/\/revolutionpadelstore.com\/fr\/produit\/bullpadel-vertex-jr-25-3\/#breadcrumb"},"inLanguage":"fr-FR","potentialAction":[{"@type":"ReadAction","target":["https:\/\/revolutionpadelstore.com\/fr\/produit\/bullpadel-vertex-jr-25-3\/"]}]},{"@type":"ImageObject","inLanguage":"fr-FR","@id":"https:\/\/revolutionpadelstore.com\/fr\/produit\/bullpadel-vertex-jr-25-3\/#primaryimage","url":"https:\/\/revolutionpadelstore.com\/wp-content\/uploads\/2025\/01\/179E-12.png","contentUrl":"https:\/\/revolutionpadelstore.com\/wp-content\/uploads\/2025\/01\/179E-12.png","width":1500,"height":1500},{"@type":"BreadcrumbList","@id":"https:\/\/revolutionpadelstore.com\/fr\/produit\/bullpadel-vertex-jr-25-3\/#breadcrumb","itemListElement":[{"@type":"ListItem","position":1,"name":"Portada","item":"https:\/\/revolutionpadelstore.com\/fr\/"},{"@type":"ListItem","position":2,"name":"Boutique","item":"https:\/\/revolutionpadelstore.com\/fr\/tienda\/"},{"@type":"ListItem","position":3,"name":"BULLPADEL VERTEX JR 25"}]},{"@type":"WebSite","@id":"https:\/\/revolutionpadelstore.com\/fr\/#website","url":"https:\/\/revolutionpadelstore.com\/fr\/","name":"Revolution Padel Store","description":"","publisher":{"@id":"https:\/\/revolutionpadelstore.com\/fr\/#organization"},"potentialAction":[{"@type":"SearchAction","target":{"@type":"EntryPoint","urlTemplate":"https:\/\/revolutionpadelstore.com\/fr\/?s={search_term_string}"},"query-input":{"@type":"PropertyValueSpecification","valueRequired":true,"valueName":"search_term_string"}}],"inLanguage":"fr-FR"},{"@type":"Organization","@id":"https:\/\/revolutionpadelstore.com\/fr\/#organization","name":"Revolution Padel Store","url":"https:\/\/revolutionpadelstore.com\/fr\/","logo":{"@type":"ImageObject","inLanguage":"fr-FR","@id":"https:\/\/revolutionpadelstore.com\/fr\/#\/schema\/logo\/image\/","url":"https:\/\/revolutionpadelstore.com\/wp-content\/uploads\/2026\/02\/revolution-padel-store.jpg","contentUrl":"https:\/\/revolutionpadelstore.com\/wp-content\/uploads\/2026\/02\/revolution-padel-store.jpg","width":2000,"height":2000,"caption":"Revolution Padel Store"},"image":{"@id":"https:\/\/revolutionpadelstore.com\/fr\/#\/schema\/logo\/image\/"},"sameAs":["https:\/\/www.instagram.com\/revolutionpadelstore\/"]}]}},"_links":{"self":[{"href":"https:\/\/revolutionpadelstore.com\/fr\/wp-json\/wp\/v2\/product\/161631","targetHints":{"allow":["GET"]}}],"collection":[{"href":"https:\/\/revolutionpadelstore.com\/fr\/wp-json\/wp\/v2\/product"}],"about":[{"href":"https:\/\/revolutionpadelstore.com\/fr\/wp-json\/wp\/v2\/types\/product"}],"replies":[{"embeddable":true,"href":"https:\/\/revolutionpadelstore.com\/fr\/wp-json\/wp\/v2\/comments?post=161631"}],"wp:featuredmedia":[{"embeddable":true,"href":"https:\/\/revolutionpadelstore.com\/fr\/wp-json\/wp\/v2\/media\/161637"}],"wp:attachment":[{"href":"https:\/\/revolutionpadelstore.com\/fr\/wp-json\/wp\/v2\/media?parent=161631"}],"wp:term":[{"taxonomy":"acabado","embeddable":true,"href":"https:\/\/revolutionpadelstore.com\/fr\/wp-json\/wp\/v2\/acabado?post=161631"},{"taxonomy":"balance","embeddable":true,"href":"https:\/\/revolutionpadelstore.com\/fr\/wp-json\/wp\/v2\/balance?post=161631"},{"taxonomy":"dureza","embeddable":true,"href":"https:\/\/revolutionpadelstore.com\/fr\/wp-json\/wp\/v2\/dureza?post=161631"},{"taxonomy":"forma","embeddable":true,"href":"https:\/\/revolutionpadelstore.com\/fr\/wp-json\/wp\/v2\/forma?post=161631"},{"taxonomy":"jugador","embeddable":true,"href":"https:\/\/revolutionpadelstore.com\/fr\/wp-json\/wp\/v2\/jugador?post=161631"},{"taxonomy":"marca","embeddable":true,"href":"https:\/\/revolutionpadelstore.com\/fr\/wp-json\/wp\/v2\/marca?post=161631"},{"taxonomy":"nivel-de-juego","embeddable":true,"href":"https:\/\/revolutionpadelstore.com\/fr\/wp-json\/wp\/v2\/nivel-de-juego?post=161631"},{"taxonomy":"superficie","embeddable":true,"href":"https:\/\/revolutionpadelstore.com\/fr\/wp-json\/wp\/v2\/superficie?post=161631"},{"taxonomy":"tipo-de-juego","embeddable":true,"href":"https:\/\/revolutionpadelstore.com\/fr\/wp-json\/wp\/v2\/tipo-de-juego?post=161631"},{"taxonomy":"product_brand","embeddable":true,"href":"https:\/\/revolutionpadelstore.com\/fr\/wp-json\/wp\/v2\/product_brand?post=161631"},{"taxonomy":"product_cat","embeddable":true,"href":"https:\/\/revolutionpadelstore.com\/fr\/wp-json\/wp\/v2\/product_cat?post=161631"},{"taxonomy":"product_tag","embeddable":true,"href":"https:\/\/revolutionpadelstore.com\/fr\/wp-json\/wp\/v2\/product_tag?post=161631"}],"curies":[{"name":"wp","href":"https:\/\/api.w.org\/{rel}","templated":true}]}}