{"id":161601,"date":"2025-01-28T23:16:36","date_gmt":"2025-01-28T22:16:36","guid":{"rendered":"https:\/\/revolutionpadelstore.com\/bullpadel-hack-junior-2025\/"},"modified":"2026-04-08T07:58:54","modified_gmt":"2026-04-08T05:58:54","slug":"bullpadel-hack-junior-2025-2","status":"publish","type":"product","link":"https:\/\/revolutionpadelstore.com\/fr\/produit\/bullpadel-hack-junior-2025-2\/","title":{"rendered":"BULLPADEL HACK JUNIOR 2025"},"content":{"rendered":"<p>&lt;Il<br \/>\nD\u00e9couvrez le <strong> bullpadel hack junior 2025 <\/strong>, la version adapt\u00e9e pour les plus jeunes joueurs de la pelle officielle de <strong> Paquito Navarro <\/strong>. Con\u00e7u pour maximiser les performances des futurs talents de la pagaie, cette lame combine une technologie \u00e0 forte extr\u00e9mit\u00e9 avec des caract\u00e9ristiques qui facilitent l&#8217;apprentissage et la progression dans le jeu.<\/p>\n<p>Gr\u00e2ce \u00e0 sa conception innovante et \u00e0 sa construction robuste, c&#8217;est le choix id\u00e9al pour les jeunes ayant un niveau avanc\u00e9 qui cherchent \u00e0 dominer la piste avec le pouvoir, le contr\u00f4le et la pr\u00e9cision.<\/p>\n<h2> <strong> Caract\u00e9ristiques exceptionnelles du piratage de Bullpadel Junior 2025 <\/strong> <\/h2>\n<p><P> <strong> -sx Light: <\/strong> 335-345 grammes, parfait pour s&#8217;adapter aux joueurs juniors.<br \/>\n<P> <strong> -Diamond Forme: <\/strong> id\u00e9al pour g\u00e9n\u00e9rer des coups puissants et pr\u00e9cis.<\/p>\n<p> <strong> -Balance Medium: <\/strong> offre un excellent \u00e9quilibre entre le contr\u00f4le et la puissance.<br \/>\n<P> <strong> -35 mm perfil: <\/strong> offre une meilleure a\u00e9rodynamique pour un jeu plus fluide.<br \/>\n<P> <strong> -polyglass: <\/strong> surface en fibre de verre qui assure la flexibilit\u00e9 et la r\u00e9sistance.<br \/>\n<P> <strong> &#8211; Num\u00e9ro clos\u00e9tique Evaluz: <\/strong> absorbe les impacts, am\u00e9liorant le confort dans chaque coup.<\/p>\n<p> <strong> -Marco Carbontube 100% carbone: <\/strong> garantit la durabilit\u00e9 et la rigidit\u00e9 structurelle.<\/p>\n<h2> <strong> Con\u00e7u pour les jeunes joueurs avanc\u00e9s <\/strong> <\/h2>\n<p>Le Hack Bullpadel Junior 2025 s&#8217;adresse aux joueurs qui ont d\u00e9j\u00e0 de l&#8217;exp\u00e9rience dans la pagaie et recherchent une pelle professionnelle qui les accompagne dans leur \u00e9volution. Gr\u00e2ce \u00e0 son \u00e9quilibre moyen et \u00e0 sa construction de qualit\u00e9, il est parfait \u00e0 la fois pour attaquer et d\u00e9fendre, offrant des performances sup\u00e9rieures dans n&#8217;importe quelle situation de jeu.<\/p>\n<p>Si votre enfant est pr\u00eat \u00e0 passer au niveau sup\u00e9rieur, cette pelle fournira la confiance n\u00e9cessaire pour ma\u00eetriser le jeu en tant que vrai champion.<\/p>\n<h2> <strong> Pourquoi choisir le piratage de Bullpadel Junior 2025?<br \/>\nCette pelle se distingue non seulement de sa technologie de pointe et de sa conception exclusive, mais aussi parce que c&#8217;est le meilleur partenaire pour d\u00e9velopper des comp\u00e9tences techniques et tactiques. Avec la qualit\u00e9 de <strong> bullpadel <\/strong>, leader dans l&#8217;\u00e9quipement de paddle, vous assurez au plus jeune une exp\u00e9rience de jeu exceptionnelle.<\/p>\n<p><strong> maintenant disponible dans notre boutique en ligne <a href=\"http:\/\/www.revolutionpadelstore.com\/\"> www.revolutionpadelstore.com <\/a>, probablement au meilleur prix de march\u00e9.<\/p>\n<h2><strong>Bullpadel Hack Junior 2025: La pala para j\u00f3venes campeones<\/strong><\/p>\n","protected":false},"excerpt":{"rendered":"<p>The Bullpadel Hack Junior 2025, con\u00e7u pour les jeunes joueurs avanc\u00e9s, combine le contr\u00f4le, l&#8217;\u00e9nergie et la technologie innovante. Il s&#8217;agit d&#8217;une version adapt\u00e9e de la lame officielle de Paquito Navarro, pens\u00e9e sp\u00e9cialement pour le public des jeunes.<\/p>\n","protected":false},"featured_media":161578,"comment_status":"open","ping_status":"closed","template":"","meta":{"_acf_changed":false,"_joinchat":[]},"acabado":[1082],"balance":[1137],"dureza":[1157],"forma":[1172],"jugador":[1207],"marca":[1257],"nivel-de-juego":[1337],"superficie":[1357],"tipo-de-juego":[1377],"product_brand":[],"product_cat":[302],"product_tag":[],"class_list":{"0":"post-161601","1":"product","2":"type-product","3":"status-publish","4":"has-post-thumbnail","6":"acabado-luminosite","7":"balance-eleve","8":"dureza-media-fr","9":"forma-diamant","10":"jugador-jeunes","11":"marca-bullpadel-fr","12":"superficie-lise","13":"tipo-de-juego-puissance","14":"product_cat-palas-de-padel-fr","16":"first","17":"instock","18":"sale","19":"taxable","20":"shipping-taxable","21":"purchasable","22":"product-type-simple"},"acf":[],"yoast_head":"<!-- This site is optimized with the Yoast SEO plugin v27.4 - https:\/\/yoast.com\/product\/yoast-seo-wordpress\/ -->\n<title>BULLPADEL HACK JUNIOR 2025 - Revolution Padel Store<\/title>\n<meta name=\"description\" content=\"Mejora el nivel de juego de los m\u00e1s j\u00f3venes con la Bullpadel Hack Junior 2025, la pala oficial adaptada de Paquito Navarro. Ideal para jugadores avanzados. C\u00f3mprala al mejor precio en Revolution Padel Store.\" \/>\n<meta name=\"robots\" content=\"index, follow, max-snippet:-1, max-image-preview:large, max-video-preview:-1\" \/>\n<link rel=\"canonical\" href=\"https:\/\/revolutionpadelstore.com\/fr\/produit\/bullpadel-hack-junior-2025-2\/\" \/>\n<meta property=\"og:locale\" content=\"fr_FR\" \/>\n<meta property=\"og:type\" content=\"article\" \/>\n<meta property=\"og:title\" content=\"BULLPADEL HACK JUNIOR 2025 - Revolution Padel Store\" \/>\n<meta property=\"og:description\" content=\"Mejora el nivel de juego de los m\u00e1s j\u00f3venes con la Bullpadel Hack Junior 2025, la pala oficial adaptada de Paquito Navarro. Ideal para jugadores avanzados. C\u00f3mprala al mejor precio en Revolution Padel Store.\" \/>\n<meta property=\"og:url\" content=\"https:\/\/revolutionpadelstore.com\/fr\/produit\/bullpadel-hack-junior-2025-2\/\" \/>\n<meta property=\"og:site_name\" content=\"Revolution Padel Store\" \/>\n<meta property=\"article:modified_time\" content=\"2026-04-08T05:58:54+00:00\" \/>\n<meta property=\"og:image\" content=\"https:\/\/revolutionpadelstore.com\/wp-content\/uploads\/2025\/01\/113756-pala-bullpadel-hack-jr-25-448137-junior-1500x1500-1.webp\" \/>\n\t<meta property=\"og:image:width\" content=\"1500\" \/>\n\t<meta property=\"og:image:height\" content=\"1500\" \/>\n\t<meta property=\"og:image:type\" content=\"image\/webp\" \/>\n<meta name=\"twitter:card\" content=\"summary_large_image\" \/>\n<meta name=\"twitter:label1\" content=\"Dur\u00e9e de lecture estim\u00e9e\" \/>\n\t<meta name=\"twitter:data1\" content=\"2 minutes\" \/>\n<script type=\"application\/ld+json\" class=\"yoast-schema-graph\">{\"@context\":\"https:\\\/\\\/schema.org\",\"@graph\":[{\"@type\":\"WebPage\",\"@id\":\"https:\\\/\\\/revolutionpadelstore.com\\\/fr\\\/produit\\\/bullpadel-hack-junior-2025-2\\\/\",\"url\":\"https:\\\/\\\/revolutionpadelstore.com\\\/fr\\\/produit\\\/bullpadel-hack-junior-2025-2\\\/\",\"name\":\"BULLPADEL HACK JUNIOR 2025 - Revolution Padel Store\",\"isPartOf\":{\"@id\":\"https:\\\/\\\/revolutionpadelstore.com\\\/fr\\\/#website\"},\"primaryImageOfPage\":{\"@id\":\"https:\\\/\\\/revolutionpadelstore.com\\\/fr\\\/produit\\\/bullpadel-hack-junior-2025-2\\\/#primaryimage\"},\"image\":{\"@id\":\"https:\\\/\\\/revolutionpadelstore.com\\\/fr\\\/produit\\\/bullpadel-hack-junior-2025-2\\\/#primaryimage\"},\"thumbnailUrl\":\"https:\\\/\\\/revolutionpadelstore.com\\\/wp-content\\\/uploads\\\/2025\\\/01\\\/113756-pala-bullpadel-hack-jr-25-448137-junior-1500x1500-1.webp\",\"datePublished\":\"2025-01-28T22:16:36+00:00\",\"dateModified\":\"2026-04-08T05:58:54+00:00\",\"description\":\"Mejora el nivel de juego de los m\u00e1s j\u00f3venes con la Bullpadel Hack Junior 2025, la pala oficial adaptada de Paquito Navarro. Ideal para jugadores avanzados. C\u00f3mprala al mejor precio en Revolution Padel Store.\",\"breadcrumb\":{\"@id\":\"https:\\\/\\\/revolutionpadelstore.com\\\/fr\\\/produit\\\/bullpadel-hack-junior-2025-2\\\/#breadcrumb\"},\"inLanguage\":\"fr-FR\",\"potentialAction\":[{\"@type\":\"ReadAction\",\"target\":[\"https:\\\/\\\/revolutionpadelstore.com\\\/fr\\\/produit\\\/bullpadel-hack-junior-2025-2\\\/\"]}]},{\"@type\":\"ImageObject\",\"inLanguage\":\"fr-FR\",\"@id\":\"https:\\\/\\\/revolutionpadelstore.com\\\/fr\\\/produit\\\/bullpadel-hack-junior-2025-2\\\/#primaryimage\",\"url\":\"https:\\\/\\\/revolutionpadelstore.com\\\/wp-content\\\/uploads\\\/2025\\\/01\\\/113756-pala-bullpadel-hack-jr-25-448137-junior-1500x1500-1.webp\",\"contentUrl\":\"https:\\\/\\\/revolutionpadelstore.com\\\/wp-content\\\/uploads\\\/2025\\\/01\\\/113756-pala-bullpadel-hack-jr-25-448137-junior-1500x1500-1.webp\",\"width\":1500,\"height\":1500},{\"@type\":\"BreadcrumbList\",\"@id\":\"https:\\\/\\\/revolutionpadelstore.com\\\/fr\\\/produit\\\/bullpadel-hack-junior-2025-2\\\/#breadcrumb\",\"itemListElement\":[{\"@type\":\"ListItem\",\"position\":1,\"name\":\"Portada\",\"item\":\"https:\\\/\\\/revolutionpadelstore.com\\\/fr\\\/\"},{\"@type\":\"ListItem\",\"position\":2,\"name\":\"Boutique\",\"item\":\"https:\\\/\\\/revolutionpadelstore.com\\\/fr\\\/tienda\\\/\"},{\"@type\":\"ListItem\",\"position\":3,\"name\":\"BULLPADEL HACK JUNIOR 2025\"}]},{\"@type\":\"WebSite\",\"@id\":\"https:\\\/\\\/revolutionpadelstore.com\\\/fr\\\/#website\",\"url\":\"https:\\\/\\\/revolutionpadelstore.com\\\/fr\\\/\",\"name\":\"Revolution Padel Store\",\"description\":\"\",\"publisher\":{\"@id\":\"https:\\\/\\\/revolutionpadelstore.com\\\/fr\\\/#organization\"},\"potentialAction\":[{\"@type\":\"SearchAction\",\"target\":{\"@type\":\"EntryPoint\",\"urlTemplate\":\"https:\\\/\\\/revolutionpadelstore.com\\\/fr\\\/?s={search_term_string}\"},\"query-input\":{\"@type\":\"PropertyValueSpecification\",\"valueRequired\":true,\"valueName\":\"search_term_string\"}}],\"inLanguage\":\"fr-FR\"},{\"@type\":\"Organization\",\"@id\":\"https:\\\/\\\/revolutionpadelstore.com\\\/fr\\\/#organization\",\"name\":\"Revolution Padel Store\",\"url\":\"https:\\\/\\\/revolutionpadelstore.com\\\/fr\\\/\",\"logo\":{\"@type\":\"ImageObject\",\"inLanguage\":\"fr-FR\",\"@id\":\"https:\\\/\\\/revolutionpadelstore.com\\\/fr\\\/#\\\/schema\\\/logo\\\/image\\\/\",\"url\":\"https:\\\/\\\/revolutionpadelstore.com\\\/wp-content\\\/uploads\\\/2026\\\/02\\\/revolution-padel-store.jpg\",\"contentUrl\":\"https:\\\/\\\/revolutionpadelstore.com\\\/wp-content\\\/uploads\\\/2026\\\/02\\\/revolution-padel-store.jpg\",\"width\":2000,\"height\":2000,\"caption\":\"Revolution Padel Store\"},\"image\":{\"@id\":\"https:\\\/\\\/revolutionpadelstore.com\\\/fr\\\/#\\\/schema\\\/logo\\\/image\\\/\"},\"sameAs\":[\"https:\\\/\\\/www.instagram.com\\\/revolutionpadelstore\\\/\"]}]}<\/script>\n<!-- \/ Yoast SEO plugin. -->","yoast_head_json":{"title":"BULLPADEL HACK JUNIOR 2025 - Revolution Padel Store","description":"Mejora el nivel de juego de los m\u00e1s j\u00f3venes con la Bullpadel Hack Junior 2025, la pala oficial adaptada de Paquito Navarro. Ideal para jugadores avanzados. C\u00f3mprala al mejor precio en Revolution Padel Store.","robots":{"index":"index","follow":"follow","max-snippet":"max-snippet:-1","max-image-preview":"max-image-preview:large","max-video-preview":"max-video-preview:-1"},"canonical":"https:\/\/revolutionpadelstore.com\/fr\/produit\/bullpadel-hack-junior-2025-2\/","og_locale":"fr_FR","og_type":"article","og_title":"BULLPADEL HACK JUNIOR 2025 - Revolution Padel Store","og_description":"Mejora el nivel de juego de los m\u00e1s j\u00f3venes con la Bullpadel Hack Junior 2025, la pala oficial adaptada de Paquito Navarro. Ideal para jugadores avanzados. C\u00f3mprala al mejor precio en Revolution Padel Store.","og_url":"https:\/\/revolutionpadelstore.com\/fr\/produit\/bullpadel-hack-junior-2025-2\/","og_site_name":"Revolution Padel Store","article_modified_time":"2026-04-08T05:58:54+00:00","og_image":[{"width":1500,"height":1500,"url":"https:\/\/revolutionpadelstore.com\/wp-content\/uploads\/2025\/01\/113756-pala-bullpadel-hack-jr-25-448137-junior-1500x1500-1.webp","type":"image\/webp"}],"twitter_card":"summary_large_image","twitter_misc":{"Dur\u00e9e de lecture estim\u00e9e":"2 minutes"},"schema":{"@context":"https:\/\/schema.org","@graph":[{"@type":"WebPage","@id":"https:\/\/revolutionpadelstore.com\/fr\/produit\/bullpadel-hack-junior-2025-2\/","url":"https:\/\/revolutionpadelstore.com\/fr\/produit\/bullpadel-hack-junior-2025-2\/","name":"BULLPADEL HACK JUNIOR 2025 - Revolution Padel Store","isPartOf":{"@id":"https:\/\/revolutionpadelstore.com\/fr\/#website"},"primaryImageOfPage":{"@id":"https:\/\/revolutionpadelstore.com\/fr\/produit\/bullpadel-hack-junior-2025-2\/#primaryimage"},"image":{"@id":"https:\/\/revolutionpadelstore.com\/fr\/produit\/bullpadel-hack-junior-2025-2\/#primaryimage"},"thumbnailUrl":"https:\/\/revolutionpadelstore.com\/wp-content\/uploads\/2025\/01\/113756-pala-bullpadel-hack-jr-25-448137-junior-1500x1500-1.webp","datePublished":"2025-01-28T22:16:36+00:00","dateModified":"2026-04-08T05:58:54+00:00","description":"Mejora el nivel de juego de los m\u00e1s j\u00f3venes con la Bullpadel Hack Junior 2025, la pala oficial adaptada de Paquito Navarro. Ideal para jugadores avanzados. C\u00f3mprala al mejor precio en Revolution Padel Store.","breadcrumb":{"@id":"https:\/\/revolutionpadelstore.com\/fr\/produit\/bullpadel-hack-junior-2025-2\/#breadcrumb"},"inLanguage":"fr-FR","potentialAction":[{"@type":"ReadAction","target":["https:\/\/revolutionpadelstore.com\/fr\/produit\/bullpadel-hack-junior-2025-2\/"]}]},{"@type":"ImageObject","inLanguage":"fr-FR","@id":"https:\/\/revolutionpadelstore.com\/fr\/produit\/bullpadel-hack-junior-2025-2\/#primaryimage","url":"https:\/\/revolutionpadelstore.com\/wp-content\/uploads\/2025\/01\/113756-pala-bullpadel-hack-jr-25-448137-junior-1500x1500-1.webp","contentUrl":"https:\/\/revolutionpadelstore.com\/wp-content\/uploads\/2025\/01\/113756-pala-bullpadel-hack-jr-25-448137-junior-1500x1500-1.webp","width":1500,"height":1500},{"@type":"BreadcrumbList","@id":"https:\/\/revolutionpadelstore.com\/fr\/produit\/bullpadel-hack-junior-2025-2\/#breadcrumb","itemListElement":[{"@type":"ListItem","position":1,"name":"Portada","item":"https:\/\/revolutionpadelstore.com\/fr\/"},{"@type":"ListItem","position":2,"name":"Boutique","item":"https:\/\/revolutionpadelstore.com\/fr\/tienda\/"},{"@type":"ListItem","position":3,"name":"BULLPADEL HACK JUNIOR 2025"}]},{"@type":"WebSite","@id":"https:\/\/revolutionpadelstore.com\/fr\/#website","url":"https:\/\/revolutionpadelstore.com\/fr\/","name":"Revolution Padel Store","description":"","publisher":{"@id":"https:\/\/revolutionpadelstore.com\/fr\/#organization"},"potentialAction":[{"@type":"SearchAction","target":{"@type":"EntryPoint","urlTemplate":"https:\/\/revolutionpadelstore.com\/fr\/?s={search_term_string}"},"query-input":{"@type":"PropertyValueSpecification","valueRequired":true,"valueName":"search_term_string"}}],"inLanguage":"fr-FR"},{"@type":"Organization","@id":"https:\/\/revolutionpadelstore.com\/fr\/#organization","name":"Revolution Padel Store","url":"https:\/\/revolutionpadelstore.com\/fr\/","logo":{"@type":"ImageObject","inLanguage":"fr-FR","@id":"https:\/\/revolutionpadelstore.com\/fr\/#\/schema\/logo\/image\/","url":"https:\/\/revolutionpadelstore.com\/wp-content\/uploads\/2026\/02\/revolution-padel-store.jpg","contentUrl":"https:\/\/revolutionpadelstore.com\/wp-content\/uploads\/2026\/02\/revolution-padel-store.jpg","width":2000,"height":2000,"caption":"Revolution Padel Store"},"image":{"@id":"https:\/\/revolutionpadelstore.com\/fr\/#\/schema\/logo\/image\/"},"sameAs":["https:\/\/www.instagram.com\/revolutionpadelstore\/"]}]}},"_links":{"self":[{"href":"https:\/\/revolutionpadelstore.com\/fr\/wp-json\/wp\/v2\/product\/161601","targetHints":{"allow":["GET"]}}],"collection":[{"href":"https:\/\/revolutionpadelstore.com\/fr\/wp-json\/wp\/v2\/product"}],"about":[{"href":"https:\/\/revolutionpadelstore.com\/fr\/wp-json\/wp\/v2\/types\/product"}],"replies":[{"embeddable":true,"href":"https:\/\/revolutionpadelstore.com\/fr\/wp-json\/wp\/v2\/comments?post=161601"}],"wp:featuredmedia":[{"embeddable":true,"href":"https:\/\/revolutionpadelstore.com\/fr\/wp-json\/wp\/v2\/media\/161578"}],"wp:attachment":[{"href":"https:\/\/revolutionpadelstore.com\/fr\/wp-json\/wp\/v2\/media?parent=161601"}],"wp:term":[{"taxonomy":"acabado","embeddable":true,"href":"https:\/\/revolutionpadelstore.com\/fr\/wp-json\/wp\/v2\/acabado?post=161601"},{"taxonomy":"balance","embeddable":true,"href":"https:\/\/revolutionpadelstore.com\/fr\/wp-json\/wp\/v2\/balance?post=161601"},{"taxonomy":"dureza","embeddable":true,"href":"https:\/\/revolutionpadelstore.com\/fr\/wp-json\/wp\/v2\/dureza?post=161601"},{"taxonomy":"forma","embeddable":true,"href":"https:\/\/revolutionpadelstore.com\/fr\/wp-json\/wp\/v2\/forma?post=161601"},{"taxonomy":"jugador","embeddable":true,"href":"https:\/\/revolutionpadelstore.com\/fr\/wp-json\/wp\/v2\/jugador?post=161601"},{"taxonomy":"marca","embeddable":true,"href":"https:\/\/revolutionpadelstore.com\/fr\/wp-json\/wp\/v2\/marca?post=161601"},{"taxonomy":"nivel-de-juego","embeddable":true,"href":"https:\/\/revolutionpadelstore.com\/fr\/wp-json\/wp\/v2\/nivel-de-juego?post=161601"},{"taxonomy":"superficie","embeddable":true,"href":"https:\/\/revolutionpadelstore.com\/fr\/wp-json\/wp\/v2\/superficie?post=161601"},{"taxonomy":"tipo-de-juego","embeddable":true,"href":"https:\/\/revolutionpadelstore.com\/fr\/wp-json\/wp\/v2\/tipo-de-juego?post=161601"},{"taxonomy":"product_brand","embeddable":true,"href":"https:\/\/revolutionpadelstore.com\/fr\/wp-json\/wp\/v2\/product_brand?post=161601"},{"taxonomy":"product_cat","embeddable":true,"href":"https:\/\/revolutionpadelstore.com\/fr\/wp-json\/wp\/v2\/product_cat?post=161601"},{"taxonomy":"product_tag","embeddable":true,"href":"https:\/\/revolutionpadelstore.com\/fr\/wp-json\/wp\/v2\/product_tag?post=161601"}],"curies":[{"name":"wp","href":"https:\/\/api.w.org\/{rel}","templated":true}]}}