{"id":161449,"date":"2025-01-27T08:06:00","date_gmt":"2025-01-27T07:06:00","guid":{"rendered":"https:\/\/revolutionpadelstore.com\/camiseta-sponsors-at10-white\/"},"modified":"2026-04-08T07:59:44","modified_gmt":"2026-04-08T05:59:44","slug":"camiseta-sponsors-at10-white-3","status":"publish","type":"product","link":"https:\/\/revolutionpadelstore.com\/fr\/produit\/camiseta-sponsors-at10-white-3\/","title":{"rendered":"CAMISETA SPONSORS AT10 WHITE"},"content":{"rendered":"<h2> AT10 White Sponsors T -Shirt d&#8217;Agust\u00edn Tapia <\/h2>\n<p>D\u00e9couvrez comme l&#8217;authentique <em> Mozart de Catamarca <\/em> avec les sponsors <strong> t -Shirt AT10 White <\/strong>, la r\u00e9plique officielle qu&#8217;Agust\u00edn Tapia porte en concurrence. Ce v\u00eatement combine le style, le confort et la technologie haute performance pour vous offrir le plus haut niveau sur la piste.<\/p>\n<h2> Caract\u00e9ristiques exceptionnelles <\/h2>\n<p><P> <strong> -Philial Desperaphraphy of Sponsor: <\/strong> inclut le nom de <em> Agust\u00edn Tapia <\/em> et son sponsor officiel <em> Qatar Airways <\/ Em >, donnant une touche exclusive et authentique.<br \/>\n<P style=\"padding-left: 40px\"> <strong> -classique et polyvalent: <\/strong> ajustement confortable qui s&#8217;adapte \u00e0 tout type de corps, offrant une libert\u00e9 de mouvement totale.<\/p>\n<p> <strong> -\u00e9l\u00e9gant noir: <\/strong> Son design sophistiqu\u00e9 en fait un v\u00eatement id\u00e9al pour le jeu et pour regarder \u00e0 l&#8217;ext\u00e9rieur de la piste.<br \/>\n<P> <strong> -Tecnology Contr\u00f4le de la sueur: <\/strong> Le tissu ultra absorbant de Nox maintient votre peau s\u00e8che et confortable en p\u00e9riode d&#8217;intensit\u00e9 maximale.<br \/>\n<P> <strong> -Balance Fresh pour un plus grand confort: <\/strong> garantit la l\u00e9g\u00e8ret\u00e9 et la fra\u00eecheur \u00e0 tout moment, m\u00eame dans les correspondances les plus exigeantes.<\/p>\n<p> <strong> -Preium Composition: <\/strong> fabriqu\u00e9 avec un polyester \u00e0 90% et 10% d&#8217;\u00e9lasticit\u00e9, offre une \u00e9lasticit\u00e9 et une r\u00e9sistance optimales pour une utilisation prolong\u00e9e.<\/p>\n<p> <strong> -RED Round et Short Sleeve: <\/strong> assure le confort et la praticit\u00e9, s&#8217;adaptant parfaitement \u00e0 chaque mouvement.<\/p>\n<h2> Avantages des sponsors AT10 White T -Shirt<\/p>\n<p> &#8211; Performance plus \u00e9lev\u00e9e gr\u00e2ce \u00e0 votre tissu de s\u00e9chage rapide.<\/p>\n<p style=\"padding-left: 40px\"> &#8211; ajustement ergonomique qui permet une pleine libert\u00e9 de mouvements.<\/p>\n<p style=\"padding-left: 40px\"> &#8211; durabilit\u00e9 sup\u00e9rieure, id\u00e9ale pour une formation et des comp\u00e9titions intenses.<\/p>\n<p> &#8211; Design exclusif qui refl\u00e8te le style professionnel d&#8217;Agust\u00edn Tapia.<\/p>\n<h2> Obtenez le v\u00f4tre maintenant!<br \/>\nNe restez pas sans les sponsors <strong> t-shirts \u00e0 10 White <\/strong>, disponibles dans notre boutique en ligne <a href=\"https:\/\/chatgpt.com\/g\/g-675432e026888191b6ee6d6f2fdbb15e-optimization-textos\/c\/www.revolutionpadelstore.com\"> www.revolutionpadelstore.com <\/a>, probablement au prix de march\u00e9 le meilleur. Sentez la diff\u00e9rence dans chaque jeu!<\/p>\n<h2>Camiseta Sponsors AT10 White de Agust\u00edn Tapia<\/h2>\n","protected":false},"excerpt":{"rendered":"<p>La chemise NOx Sponsors AT10 offre une combinaison parfaite de conception et de performance, incorporant le contr\u00f4le de la transpiration et l&#8217;\u00e9quilibre de la technologie fra\u00eeche pour assurer une sensation de confort et de fra\u00eecheur, id\u00e9ale pour les joueurs de tous les niveaux.<\/p>\n","protected":false},"featured_media":161426,"comment_status":"open","ping_status":"closed","template":"","meta":{"_acf_changed":false,"_joinchat":[]},"acabado":[],"balance":[],"dureza":[],"forma":[],"jugador":[1192],"marca":[1262],"nivel-de-juego":[],"superficie":[],"tipo-de-juego":[],"product_brand":[],"product_cat":[344,345],"product_tag":[],"class_list":{"0":"post-161449","1":"product","2":"type-product","3":"status-publish","4":"has-post-thumbnail","6":"jugador-homme","7":"marca-nox-fr","8":"product_cat-ropa-fr","9":"product_cat-vetements-pour-joueurs-premier","11":"first","12":"outofstock","13":"sale","14":"taxable","15":"shipping-taxable","16":"purchasable","17":"product-type-variable"},"acf":[],"yoast_head":"<!-- This site is optimized with the Yoast SEO plugin v27.4 - https:\/\/yoast.com\/product\/yoast-seo-wordpress\/ -->\n<title>CAMISETA SPONSORS AT10 WHITE - Revolution Padel Store<\/title>\n<meta name=\"description\" content=\"No te quedes sin la\u00a0Camiseta Sponsors AT10 White, disponible en nuestra tienda online\u00a0www.revolutionpadelstore.com, probablemente al mejor precio del mercado. \u00a1Siente la diferencia en cada partido!\" \/>\n<meta name=\"robots\" content=\"index, follow, max-snippet:-1, max-image-preview:large, max-video-preview:-1\" \/>\n<link rel=\"canonical\" href=\"https:\/\/revolutionpadelstore.com\/fr\/produit\/camiseta-sponsors-at10-white-3\/\" \/>\n<meta property=\"og:locale\" content=\"fr_FR\" \/>\n<meta property=\"og:type\" content=\"article\" \/>\n<meta property=\"og:title\" content=\"CAMISETA SPONSORS AT10 WHITE - Revolution Padel Store\" \/>\n<meta property=\"og:description\" content=\"No te quedes sin la\u00a0Camiseta Sponsors AT10 White, disponible en nuestra tienda online\u00a0www.revolutionpadelstore.com, probablemente al mejor precio del mercado. \u00a1Siente la diferencia en cada partido!\" \/>\n<meta property=\"og:url\" content=\"https:\/\/revolutionpadelstore.com\/fr\/produit\/camiseta-sponsors-at10-white-3\/\" \/>\n<meta property=\"og:site_name\" content=\"Revolution Padel Store\" \/>\n<meta property=\"article:modified_time\" content=\"2026-04-08T05:59:44+00:00\" \/>\n<meta property=\"og:image\" content=\"https:\/\/revolutionpadelstore.com\/wp-content\/uploads\/2025\/01\/camiseta-sponsors-at10-white-t24caspatwhxs-8436603199384-632862.webp\" \/>\n\t<meta property=\"og:image:width\" content=\"720\" \/>\n\t<meta property=\"og:image:height\" content=\"720\" \/>\n\t<meta property=\"og:image:type\" content=\"image\/webp\" \/>\n<meta name=\"twitter:card\" content=\"summary_large_image\" \/>\n<meta name=\"twitter:label1\" content=\"Dur\u00e9e de lecture estim\u00e9e\" \/>\n\t<meta name=\"twitter:data1\" content=\"2 minutes\" \/>\n<script type=\"application\/ld+json\" class=\"yoast-schema-graph\">{\"@context\":\"https:\\\/\\\/schema.org\",\"@graph\":[{\"@type\":\"WebPage\",\"@id\":\"https:\\\/\\\/revolutionpadelstore.com\\\/fr\\\/produit\\\/camiseta-sponsors-at10-white-3\\\/\",\"url\":\"https:\\\/\\\/revolutionpadelstore.com\\\/fr\\\/produit\\\/camiseta-sponsors-at10-white-3\\\/\",\"name\":\"CAMISETA SPONSORS AT10 WHITE - Revolution Padel Store\",\"isPartOf\":{\"@id\":\"https:\\\/\\\/revolutionpadelstore.com\\\/fr\\\/#website\"},\"primaryImageOfPage\":{\"@id\":\"https:\\\/\\\/revolutionpadelstore.com\\\/fr\\\/produit\\\/camiseta-sponsors-at10-white-3\\\/#primaryimage\"},\"image\":{\"@id\":\"https:\\\/\\\/revolutionpadelstore.com\\\/fr\\\/produit\\\/camiseta-sponsors-at10-white-3\\\/#primaryimage\"},\"thumbnailUrl\":\"https:\\\/\\\/revolutionpadelstore.com\\\/wp-content\\\/uploads\\\/2025\\\/01\\\/camiseta-sponsors-at10-white-t24caspatwhxs-8436603199384-632862.webp\",\"datePublished\":\"2025-01-27T07:06:00+00:00\",\"dateModified\":\"2026-04-08T05:59:44+00:00\",\"description\":\"No te quedes sin la\u00a0Camiseta Sponsors AT10 White, disponible en nuestra tienda online\u00a0www.revolutionpadelstore.com, probablemente al mejor precio del mercado. \u00a1Siente la diferencia en cada partido!\",\"breadcrumb\":{\"@id\":\"https:\\\/\\\/revolutionpadelstore.com\\\/fr\\\/produit\\\/camiseta-sponsors-at10-white-3\\\/#breadcrumb\"},\"inLanguage\":\"fr-FR\",\"potentialAction\":[{\"@type\":\"ReadAction\",\"target\":[\"https:\\\/\\\/revolutionpadelstore.com\\\/fr\\\/produit\\\/camiseta-sponsors-at10-white-3\\\/\"]}]},{\"@type\":\"ImageObject\",\"inLanguage\":\"fr-FR\",\"@id\":\"https:\\\/\\\/revolutionpadelstore.com\\\/fr\\\/produit\\\/camiseta-sponsors-at10-white-3\\\/#primaryimage\",\"url\":\"https:\\\/\\\/revolutionpadelstore.com\\\/wp-content\\\/uploads\\\/2025\\\/01\\\/camiseta-sponsors-at10-white-t24caspatwhxs-8436603199384-632862.webp\",\"contentUrl\":\"https:\\\/\\\/revolutionpadelstore.com\\\/wp-content\\\/uploads\\\/2025\\\/01\\\/camiseta-sponsors-at10-white-t24caspatwhxs-8436603199384-632862.webp\",\"width\":720,\"height\":720},{\"@type\":\"BreadcrumbList\",\"@id\":\"https:\\\/\\\/revolutionpadelstore.com\\\/fr\\\/produit\\\/camiseta-sponsors-at10-white-3\\\/#breadcrumb\",\"itemListElement\":[{\"@type\":\"ListItem\",\"position\":1,\"name\":\"Portada\",\"item\":\"https:\\\/\\\/revolutionpadelstore.com\\\/fr\\\/\"},{\"@type\":\"ListItem\",\"position\":2,\"name\":\"Boutique\",\"item\":\"https:\\\/\\\/revolutionpadelstore.com\\\/fr\\\/tienda\\\/\"},{\"@type\":\"ListItem\",\"position\":3,\"name\":\"CAMISETA SPONSORS AT10 WHITE\"}]},{\"@type\":\"WebSite\",\"@id\":\"https:\\\/\\\/revolutionpadelstore.com\\\/fr\\\/#website\",\"url\":\"https:\\\/\\\/revolutionpadelstore.com\\\/fr\\\/\",\"name\":\"Revolution Padel Store\",\"description\":\"\",\"publisher\":{\"@id\":\"https:\\\/\\\/revolutionpadelstore.com\\\/fr\\\/#organization\"},\"potentialAction\":[{\"@type\":\"SearchAction\",\"target\":{\"@type\":\"EntryPoint\",\"urlTemplate\":\"https:\\\/\\\/revolutionpadelstore.com\\\/fr\\\/?s={search_term_string}\"},\"query-input\":{\"@type\":\"PropertyValueSpecification\",\"valueRequired\":true,\"valueName\":\"search_term_string\"}}],\"inLanguage\":\"fr-FR\"},{\"@type\":\"Organization\",\"@id\":\"https:\\\/\\\/revolutionpadelstore.com\\\/fr\\\/#organization\",\"name\":\"Revolution Padel Store\",\"url\":\"https:\\\/\\\/revolutionpadelstore.com\\\/fr\\\/\",\"logo\":{\"@type\":\"ImageObject\",\"inLanguage\":\"fr-FR\",\"@id\":\"https:\\\/\\\/revolutionpadelstore.com\\\/fr\\\/#\\\/schema\\\/logo\\\/image\\\/\",\"url\":\"https:\\\/\\\/revolutionpadelstore.com\\\/wp-content\\\/uploads\\\/2026\\\/02\\\/revolution-padel-store.jpg\",\"contentUrl\":\"https:\\\/\\\/revolutionpadelstore.com\\\/wp-content\\\/uploads\\\/2026\\\/02\\\/revolution-padel-store.jpg\",\"width\":2000,\"height\":2000,\"caption\":\"Revolution Padel Store\"},\"image\":{\"@id\":\"https:\\\/\\\/revolutionpadelstore.com\\\/fr\\\/#\\\/schema\\\/logo\\\/image\\\/\"},\"sameAs\":[\"https:\\\/\\\/www.instagram.com\\\/revolutionpadelstore\\\/\"]}]}<\/script>\n<!-- \/ Yoast SEO plugin. -->","yoast_head_json":{"title":"CAMISETA SPONSORS AT10 WHITE - Revolution Padel Store","description":"No te quedes sin la\u00a0Camiseta Sponsors AT10 White, disponible en nuestra tienda online\u00a0www.revolutionpadelstore.com, probablemente al mejor precio del mercado. \u00a1Siente la diferencia en cada partido!","robots":{"index":"index","follow":"follow","max-snippet":"max-snippet:-1","max-image-preview":"max-image-preview:large","max-video-preview":"max-video-preview:-1"},"canonical":"https:\/\/revolutionpadelstore.com\/fr\/produit\/camiseta-sponsors-at10-white-3\/","og_locale":"fr_FR","og_type":"article","og_title":"CAMISETA SPONSORS AT10 WHITE - Revolution Padel Store","og_description":"No te quedes sin la\u00a0Camiseta Sponsors AT10 White, disponible en nuestra tienda online\u00a0www.revolutionpadelstore.com, probablemente al mejor precio del mercado. \u00a1Siente la diferencia en cada partido!","og_url":"https:\/\/revolutionpadelstore.com\/fr\/produit\/camiseta-sponsors-at10-white-3\/","og_site_name":"Revolution Padel Store","article_modified_time":"2026-04-08T05:59:44+00:00","og_image":[{"width":720,"height":720,"url":"https:\/\/revolutionpadelstore.com\/wp-content\/uploads\/2025\/01\/camiseta-sponsors-at10-white-t24caspatwhxs-8436603199384-632862.webp","type":"image\/webp"}],"twitter_card":"summary_large_image","twitter_misc":{"Dur\u00e9e de lecture estim\u00e9e":"2 minutes"},"schema":{"@context":"https:\/\/schema.org","@graph":[{"@type":"WebPage","@id":"https:\/\/revolutionpadelstore.com\/fr\/produit\/camiseta-sponsors-at10-white-3\/","url":"https:\/\/revolutionpadelstore.com\/fr\/produit\/camiseta-sponsors-at10-white-3\/","name":"CAMISETA SPONSORS AT10 WHITE - Revolution Padel Store","isPartOf":{"@id":"https:\/\/revolutionpadelstore.com\/fr\/#website"},"primaryImageOfPage":{"@id":"https:\/\/revolutionpadelstore.com\/fr\/produit\/camiseta-sponsors-at10-white-3\/#primaryimage"},"image":{"@id":"https:\/\/revolutionpadelstore.com\/fr\/produit\/camiseta-sponsors-at10-white-3\/#primaryimage"},"thumbnailUrl":"https:\/\/revolutionpadelstore.com\/wp-content\/uploads\/2025\/01\/camiseta-sponsors-at10-white-t24caspatwhxs-8436603199384-632862.webp","datePublished":"2025-01-27T07:06:00+00:00","dateModified":"2026-04-08T05:59:44+00:00","description":"No te quedes sin la\u00a0Camiseta Sponsors AT10 White, disponible en nuestra tienda online\u00a0www.revolutionpadelstore.com, probablemente al mejor precio del mercado. \u00a1Siente la diferencia en cada partido!","breadcrumb":{"@id":"https:\/\/revolutionpadelstore.com\/fr\/produit\/camiseta-sponsors-at10-white-3\/#breadcrumb"},"inLanguage":"fr-FR","potentialAction":[{"@type":"ReadAction","target":["https:\/\/revolutionpadelstore.com\/fr\/produit\/camiseta-sponsors-at10-white-3\/"]}]},{"@type":"ImageObject","inLanguage":"fr-FR","@id":"https:\/\/revolutionpadelstore.com\/fr\/produit\/camiseta-sponsors-at10-white-3\/#primaryimage","url":"https:\/\/revolutionpadelstore.com\/wp-content\/uploads\/2025\/01\/camiseta-sponsors-at10-white-t24caspatwhxs-8436603199384-632862.webp","contentUrl":"https:\/\/revolutionpadelstore.com\/wp-content\/uploads\/2025\/01\/camiseta-sponsors-at10-white-t24caspatwhxs-8436603199384-632862.webp","width":720,"height":720},{"@type":"BreadcrumbList","@id":"https:\/\/revolutionpadelstore.com\/fr\/produit\/camiseta-sponsors-at10-white-3\/#breadcrumb","itemListElement":[{"@type":"ListItem","position":1,"name":"Portada","item":"https:\/\/revolutionpadelstore.com\/fr\/"},{"@type":"ListItem","position":2,"name":"Boutique","item":"https:\/\/revolutionpadelstore.com\/fr\/tienda\/"},{"@type":"ListItem","position":3,"name":"CAMISETA SPONSORS AT10 WHITE"}]},{"@type":"WebSite","@id":"https:\/\/revolutionpadelstore.com\/fr\/#website","url":"https:\/\/revolutionpadelstore.com\/fr\/","name":"Revolution Padel Store","description":"","publisher":{"@id":"https:\/\/revolutionpadelstore.com\/fr\/#organization"},"potentialAction":[{"@type":"SearchAction","target":{"@type":"EntryPoint","urlTemplate":"https:\/\/revolutionpadelstore.com\/fr\/?s={search_term_string}"},"query-input":{"@type":"PropertyValueSpecification","valueRequired":true,"valueName":"search_term_string"}}],"inLanguage":"fr-FR"},{"@type":"Organization","@id":"https:\/\/revolutionpadelstore.com\/fr\/#organization","name":"Revolution Padel Store","url":"https:\/\/revolutionpadelstore.com\/fr\/","logo":{"@type":"ImageObject","inLanguage":"fr-FR","@id":"https:\/\/revolutionpadelstore.com\/fr\/#\/schema\/logo\/image\/","url":"https:\/\/revolutionpadelstore.com\/wp-content\/uploads\/2026\/02\/revolution-padel-store.jpg","contentUrl":"https:\/\/revolutionpadelstore.com\/wp-content\/uploads\/2026\/02\/revolution-padel-store.jpg","width":2000,"height":2000,"caption":"Revolution Padel Store"},"image":{"@id":"https:\/\/revolutionpadelstore.com\/fr\/#\/schema\/logo\/image\/"},"sameAs":["https:\/\/www.instagram.com\/revolutionpadelstore\/"]}]}},"_links":{"self":[{"href":"https:\/\/revolutionpadelstore.com\/fr\/wp-json\/wp\/v2\/product\/161449","targetHints":{"allow":["GET"]}}],"collection":[{"href":"https:\/\/revolutionpadelstore.com\/fr\/wp-json\/wp\/v2\/product"}],"about":[{"href":"https:\/\/revolutionpadelstore.com\/fr\/wp-json\/wp\/v2\/types\/product"}],"replies":[{"embeddable":true,"href":"https:\/\/revolutionpadelstore.com\/fr\/wp-json\/wp\/v2\/comments?post=161449"}],"wp:featuredmedia":[{"embeddable":true,"href":"https:\/\/revolutionpadelstore.com\/fr\/wp-json\/wp\/v2\/media\/161426"}],"wp:attachment":[{"href":"https:\/\/revolutionpadelstore.com\/fr\/wp-json\/wp\/v2\/media?parent=161449"}],"wp:term":[{"taxonomy":"acabado","embeddable":true,"href":"https:\/\/revolutionpadelstore.com\/fr\/wp-json\/wp\/v2\/acabado?post=161449"},{"taxonomy":"balance","embeddable":true,"href":"https:\/\/revolutionpadelstore.com\/fr\/wp-json\/wp\/v2\/balance?post=161449"},{"taxonomy":"dureza","embeddable":true,"href":"https:\/\/revolutionpadelstore.com\/fr\/wp-json\/wp\/v2\/dureza?post=161449"},{"taxonomy":"forma","embeddable":true,"href":"https:\/\/revolutionpadelstore.com\/fr\/wp-json\/wp\/v2\/forma?post=161449"},{"taxonomy":"jugador","embeddable":true,"href":"https:\/\/revolutionpadelstore.com\/fr\/wp-json\/wp\/v2\/jugador?post=161449"},{"taxonomy":"marca","embeddable":true,"href":"https:\/\/revolutionpadelstore.com\/fr\/wp-json\/wp\/v2\/marca?post=161449"},{"taxonomy":"nivel-de-juego","embeddable":true,"href":"https:\/\/revolutionpadelstore.com\/fr\/wp-json\/wp\/v2\/nivel-de-juego?post=161449"},{"taxonomy":"superficie","embeddable":true,"href":"https:\/\/revolutionpadelstore.com\/fr\/wp-json\/wp\/v2\/superficie?post=161449"},{"taxonomy":"tipo-de-juego","embeddable":true,"href":"https:\/\/revolutionpadelstore.com\/fr\/wp-json\/wp\/v2\/tipo-de-juego?post=161449"},{"taxonomy":"product_brand","embeddable":true,"href":"https:\/\/revolutionpadelstore.com\/fr\/wp-json\/wp\/v2\/product_brand?post=161449"},{"taxonomy":"product_cat","embeddable":true,"href":"https:\/\/revolutionpadelstore.com\/fr\/wp-json\/wp\/v2\/product_cat?post=161449"},{"taxonomy":"product_tag","embeddable":true,"href":"https:\/\/revolutionpadelstore.com\/fr\/wp-json\/wp\/v2\/product_tag?post=161449"}],"curies":[{"name":"wp","href":"https:\/\/api.w.org\/{rel}","templated":true}]}}