{"id":160638,"date":"2025-01-22T00:10:36","date_gmt":"2025-01-21T23:10:36","guid":{"rendered":"https:\/\/revolutionpadelstore.com\/?post_type=product&#038;p=160638"},"modified":"2026-04-08T08:19:27","modified_gmt":"2026-04-08T06:19:27","slug":"mizuno-wave-exceed-light-2-morado-3","status":"publish","type":"product","link":"https:\/\/revolutionpadelstore.com\/fr\/produit\/mizuno-wave-exceed-light-2-morado-3\/","title":{"rendered":"MIZUNO WAVE EXCEED LIGHT 2 MORADO"},"content":{"rendered":"<h2> MIZUNO WAVE DEPR\u00c9E Light 2 Purple Woman &#8211; Confort et vitesse sur la piste <\/h2>\n<p>D\u00e9couvrez la <strong> onde Mizuno d\u00e9passe la lumi\u00e8re 2 femme violette <\/strong>, certaines chaussures de paddle con\u00e7ues pour vous offrir <strong> maximum l\u00e9g\u00e8re, confort et vitesse dans chaque mouvement <\/strong>. Ce mod\u00e8le int\u00e8gre <strong> des technologies avanc\u00e9es <\/strong> et des mat\u00e9riaux de haute qualit\u00e9, vous permettant de profiter d&#8217;une exp\u00e9rience de jeu in\u00e9gal\u00e9e.<\/p>\n<h2> Caract\u00e9ristiques exceptionnelles <\/h2>\n<p style=\"padding-left: 40px\"> <strong> -La amortiation de haute performance: <\/strong><br \/>\nLa semelle interm\u00e9diaire int\u00e8gre un double compos\u00e9 en piste et Mizuno, offrant un coussin exceptionnel, une r\u00e9activit\u00e9 \u00e9lev\u00e9e et une flexibilit\u00e9 in\u00e9gal\u00e9e \u00e0 chaque \u00e9tape. La technologie des vagues innovantes distribue la force de force \u00e0 offrir une absorption optimale, \u00e0 r\u00e9duire la fatigue et \u00e0 am\u00e9liorer les performances.<br \/>\n<P> <strong> -Maximme Resistance and Breathabilit\u00e9: <\/strong><br \/>\nSa partie sup\u00e9rieure est faite de maillage technique l\u00e9ger et r\u00e9sistant, qui prot\u00e8ge le pied sans sacrifier la ventilation, permettant \u00e0 un d\u00e9bit d&#8217;air constant de vous garder frais \u00e0 tout moment. De plus, les insertions de mat\u00e9riaux synth\u00e9tiques sur le c\u00f4t\u00e9 et les orteils offrent une plus grande stabilit\u00e9 dans les mouvements lat\u00e9raux.<\/p>\n<p> <strong> -Aice Mayor dans les modifications d&#8217;adresse: <\/strong><br \/>\nGr\u00e2ce \u00e0 la fente diagonale D-Flex Groove, situ\u00e9e dans la zone m\u00e9diane du pied, ces chaussures permettent un mouvement plus naturel et dynamique, vous aidant \u00e0 atteindre une plus grande vitesse et une plus grande agilit\u00e9 dans les changements de direction.<\/p>\n<h2> Les avantages de l&#8217;onde Mizuno d\u00e9passent la lumi\u00e8re 2 femme violette <\/h2>\n<p> &#8211; Con\u00e7u pour les joueurs \u00e0 la recherche de <strong> vitesse et confort <\/strong> sans renoncer \u00e0 la stabilit\u00e9.<\/p>\n<p style=\"padding-left: 40px\"> &#8211; grande durabilit\u00e9 gr\u00e2ce \u00e0 ses mat\u00e9riaux \u00e0 haute r\u00e9sistance.<\/p>\n<p style=\"padding-left: 40px\"> &#8211; parfait pour une formation et des comp\u00e9titions intenses.<\/p>\n<p style=\"padding-left: 40px\"> &#8211; style moderne et frappant en couleur violette.<br \/>\nObtenez le v\u00f4tre aujourd&#8217;hui et portez votre jeu au niveau sup\u00e9rieur! Disponible maintenant dans notre boutique en ligne <a href=\"https:\/\/www.revolutionpadelstore.com\/\"> www.revolutionpadelstore.com <\/a>, probablement au meilleur prix du march\u00e9.<\/p>\n<h2>Mizuno Wave Exceed Light 2 Morado Mujer \u2013 Comodidad y Velocidad en la Pista<\/h2>\n","protected":false},"excerpt":{"rendered":"<p>Les chaussures Padel pour les femmes Mizuno Wave d\u00e9passent la lumi\u00e8re 2 en couleur violette, con\u00e7ue pour am\u00e9liorer l&#8217;adh\u00e9rence et la traction sur la piste, offrant des mouvements plus stables, s\u00fbrs et agiles.<\/p>\n","protected":false},"featured_media":160660,"comment_status":"open","ping_status":"closed","template":"","meta":{"_acf_changed":false,"_joinchat":[]},"acabado":[],"balance":[],"dureza":[],"forma":[],"jugador":[1197],"marca":[1332],"nivel-de-juego":[],"superficie":[],"tipo-de-juego":[],"product_brand":[],"product_cat":[830],"product_tag":[],"class_list":{"0":"post-160638","1":"product","2":"type-product","3":"status-publish","4":"has-post-thumbnail","6":"jugador-mujer-fr","7":"marca-mizuno-fr","8":"product_cat-baskets","10":"first","11":"outofstock","12":"sale","13":"taxable","14":"shipping-taxable","15":"purchasable","16":"product-type-variable"},"acf":[],"yoast_head":"<!-- This site is optimized with the Yoast SEO plugin v27.4 - https:\/\/yoast.com\/product\/yoast-seo-wordpress\/ -->\n<title>MIZUNO WAVE EXCEED LIGHT 2 MORADO - Revolution Padel Store<\/title>\n<meta name=\"description\" content=\"Compra las Mizuno Wave Exceed Light 2 Morado Mujer, zapatillas de p\u00e1del ligeras, c\u00f3modas y con excelente amortiguaci\u00f3n. Disponibles en www.revolutionpadelstore.com.\" \/>\n<meta name=\"robots\" content=\"index, follow, max-snippet:-1, max-image-preview:large, max-video-preview:-1\" \/>\n<link rel=\"canonical\" href=\"https:\/\/revolutionpadelstore.com\/fr\/produit\/mizuno-wave-exceed-light-2-morado-3\/\" \/>\n<meta property=\"og:locale\" content=\"fr_FR\" \/>\n<meta property=\"og:type\" content=\"article\" \/>\n<meta property=\"og:title\" content=\"MIZUNO WAVE EXCEED LIGHT 2 MORADO - Revolution Padel Store\" \/>\n<meta property=\"og:description\" content=\"Compra las Mizuno Wave Exceed Light 2 Morado Mujer, zapatillas de p\u00e1del ligeras, c\u00f3modas y con excelente amortiguaci\u00f3n. Disponibles en www.revolutionpadelstore.com.\" \/>\n<meta property=\"og:url\" content=\"https:\/\/revolutionpadelstore.com\/fr\/produit\/mizuno-wave-exceed-light-2-morado-3\/\" \/>\n<meta property=\"og:site_name\" content=\"Revolution Padel Store\" \/>\n<meta property=\"article:modified_time\" content=\"2026-04-08T06:19:27+00:00\" \/>\n<meta property=\"og:image\" content=\"https:\/\/revolutionpadelstore.com\/wp-content\/uploads\/2025\/01\/111975_zapatillas_mizuno_wave_exceed_light_2_61gb2323_67_mujer_1000x1000_1_e514.webp\" \/>\n\t<meta property=\"og:image:width\" content=\"1000\" \/>\n\t<meta property=\"og:image:height\" content=\"1000\" \/>\n\t<meta property=\"og:image:type\" content=\"image\/webp\" \/>\n<meta name=\"twitter:card\" content=\"summary_large_image\" \/>\n<meta name=\"twitter:label1\" content=\"Dur\u00e9e de lecture estim\u00e9e\" \/>\n\t<meta name=\"twitter:data1\" content=\"2 minutes\" \/>\n<script type=\"application\/ld+json\" class=\"yoast-schema-graph\">{\"@context\":\"https:\\\/\\\/schema.org\",\"@graph\":[{\"@type\":\"WebPage\",\"@id\":\"https:\\\/\\\/revolutionpadelstore.com\\\/fr\\\/produit\\\/mizuno-wave-exceed-light-2-morado-3\\\/\",\"url\":\"https:\\\/\\\/revolutionpadelstore.com\\\/fr\\\/produit\\\/mizuno-wave-exceed-light-2-morado-3\\\/\",\"name\":\"MIZUNO WAVE EXCEED LIGHT 2 MORADO - Revolution Padel Store\",\"isPartOf\":{\"@id\":\"https:\\\/\\\/revolutionpadelstore.com\\\/fr\\\/#website\"},\"primaryImageOfPage\":{\"@id\":\"https:\\\/\\\/revolutionpadelstore.com\\\/fr\\\/produit\\\/mizuno-wave-exceed-light-2-morado-3\\\/#primaryimage\"},\"image\":{\"@id\":\"https:\\\/\\\/revolutionpadelstore.com\\\/fr\\\/produit\\\/mizuno-wave-exceed-light-2-morado-3\\\/#primaryimage\"},\"thumbnailUrl\":\"https:\\\/\\\/revolutionpadelstore.com\\\/wp-content\\\/uploads\\\/2025\\\/01\\\/111975_zapatillas_mizuno_wave_exceed_light_2_61gb2323_67_mujer_1000x1000_1_e514.webp\",\"datePublished\":\"2025-01-21T23:10:36+00:00\",\"dateModified\":\"2026-04-08T06:19:27+00:00\",\"description\":\"Compra las Mizuno Wave Exceed Light 2 Morado Mujer, zapatillas de p\u00e1del ligeras, c\u00f3modas y con excelente amortiguaci\u00f3n. Disponibles en www.revolutionpadelstore.com.\",\"breadcrumb\":{\"@id\":\"https:\\\/\\\/revolutionpadelstore.com\\\/fr\\\/produit\\\/mizuno-wave-exceed-light-2-morado-3\\\/#breadcrumb\"},\"inLanguage\":\"fr-FR\",\"potentialAction\":[{\"@type\":\"ReadAction\",\"target\":[\"https:\\\/\\\/revolutionpadelstore.com\\\/fr\\\/produit\\\/mizuno-wave-exceed-light-2-morado-3\\\/\"]}]},{\"@type\":\"ImageObject\",\"inLanguage\":\"fr-FR\",\"@id\":\"https:\\\/\\\/revolutionpadelstore.com\\\/fr\\\/produit\\\/mizuno-wave-exceed-light-2-morado-3\\\/#primaryimage\",\"url\":\"https:\\\/\\\/revolutionpadelstore.com\\\/wp-content\\\/uploads\\\/2025\\\/01\\\/111975_zapatillas_mizuno_wave_exceed_light_2_61gb2323_67_mujer_1000x1000_1_e514.webp\",\"contentUrl\":\"https:\\\/\\\/revolutionpadelstore.com\\\/wp-content\\\/uploads\\\/2025\\\/01\\\/111975_zapatillas_mizuno_wave_exceed_light_2_61gb2323_67_mujer_1000x1000_1_e514.webp\",\"width\":1000,\"height\":1000},{\"@type\":\"BreadcrumbList\",\"@id\":\"https:\\\/\\\/revolutionpadelstore.com\\\/fr\\\/produit\\\/mizuno-wave-exceed-light-2-morado-3\\\/#breadcrumb\",\"itemListElement\":[{\"@type\":\"ListItem\",\"position\":1,\"name\":\"Portada\",\"item\":\"https:\\\/\\\/revolutionpadelstore.com\\\/fr\\\/\"},{\"@type\":\"ListItem\",\"position\":2,\"name\":\"Boutique\",\"item\":\"https:\\\/\\\/revolutionpadelstore.com\\\/fr\\\/tienda\\\/\"},{\"@type\":\"ListItem\",\"position\":3,\"name\":\"MIZUNO WAVE EXCEED LIGHT 2 MORADO\"}]},{\"@type\":\"WebSite\",\"@id\":\"https:\\\/\\\/revolutionpadelstore.com\\\/fr\\\/#website\",\"url\":\"https:\\\/\\\/revolutionpadelstore.com\\\/fr\\\/\",\"name\":\"Revolution Padel Store\",\"description\":\"\",\"publisher\":{\"@id\":\"https:\\\/\\\/revolutionpadelstore.com\\\/fr\\\/#organization\"},\"potentialAction\":[{\"@type\":\"SearchAction\",\"target\":{\"@type\":\"EntryPoint\",\"urlTemplate\":\"https:\\\/\\\/revolutionpadelstore.com\\\/fr\\\/?s={search_term_string}\"},\"query-input\":{\"@type\":\"PropertyValueSpecification\",\"valueRequired\":true,\"valueName\":\"search_term_string\"}}],\"inLanguage\":\"fr-FR\"},{\"@type\":\"Organization\",\"@id\":\"https:\\\/\\\/revolutionpadelstore.com\\\/fr\\\/#organization\",\"name\":\"Revolution Padel Store\",\"url\":\"https:\\\/\\\/revolutionpadelstore.com\\\/fr\\\/\",\"logo\":{\"@type\":\"ImageObject\",\"inLanguage\":\"fr-FR\",\"@id\":\"https:\\\/\\\/revolutionpadelstore.com\\\/fr\\\/#\\\/schema\\\/logo\\\/image\\\/\",\"url\":\"https:\\\/\\\/revolutionpadelstore.com\\\/wp-content\\\/uploads\\\/2026\\\/02\\\/revolution-padel-store.jpg\",\"contentUrl\":\"https:\\\/\\\/revolutionpadelstore.com\\\/wp-content\\\/uploads\\\/2026\\\/02\\\/revolution-padel-store.jpg\",\"width\":2000,\"height\":2000,\"caption\":\"Revolution Padel Store\"},\"image\":{\"@id\":\"https:\\\/\\\/revolutionpadelstore.com\\\/fr\\\/#\\\/schema\\\/logo\\\/image\\\/\"},\"sameAs\":[\"https:\\\/\\\/www.instagram.com\\\/revolutionpadelstore\\\/\"]}]}<\/script>\n<!-- \/ Yoast SEO plugin. -->","yoast_head_json":{"title":"MIZUNO WAVE EXCEED LIGHT 2 MORADO - Revolution Padel Store","description":"Compra las Mizuno Wave Exceed Light 2 Morado Mujer, zapatillas de p\u00e1del ligeras, c\u00f3modas y con excelente amortiguaci\u00f3n. Disponibles en www.revolutionpadelstore.com.","robots":{"index":"index","follow":"follow","max-snippet":"max-snippet:-1","max-image-preview":"max-image-preview:large","max-video-preview":"max-video-preview:-1"},"canonical":"https:\/\/revolutionpadelstore.com\/fr\/produit\/mizuno-wave-exceed-light-2-morado-3\/","og_locale":"fr_FR","og_type":"article","og_title":"MIZUNO WAVE EXCEED LIGHT 2 MORADO - Revolution Padel Store","og_description":"Compra las Mizuno Wave Exceed Light 2 Morado Mujer, zapatillas de p\u00e1del ligeras, c\u00f3modas y con excelente amortiguaci\u00f3n. Disponibles en www.revolutionpadelstore.com.","og_url":"https:\/\/revolutionpadelstore.com\/fr\/produit\/mizuno-wave-exceed-light-2-morado-3\/","og_site_name":"Revolution Padel Store","article_modified_time":"2026-04-08T06:19:27+00:00","og_image":[{"width":1000,"height":1000,"url":"https:\/\/revolutionpadelstore.com\/wp-content\/uploads\/2025\/01\/111975_zapatillas_mizuno_wave_exceed_light_2_61gb2323_67_mujer_1000x1000_1_e514.webp","type":"image\/webp"}],"twitter_card":"summary_large_image","twitter_misc":{"Dur\u00e9e de lecture estim\u00e9e":"2 minutes"},"schema":{"@context":"https:\/\/schema.org","@graph":[{"@type":"WebPage","@id":"https:\/\/revolutionpadelstore.com\/fr\/produit\/mizuno-wave-exceed-light-2-morado-3\/","url":"https:\/\/revolutionpadelstore.com\/fr\/produit\/mizuno-wave-exceed-light-2-morado-3\/","name":"MIZUNO WAVE EXCEED LIGHT 2 MORADO - Revolution Padel Store","isPartOf":{"@id":"https:\/\/revolutionpadelstore.com\/fr\/#website"},"primaryImageOfPage":{"@id":"https:\/\/revolutionpadelstore.com\/fr\/produit\/mizuno-wave-exceed-light-2-morado-3\/#primaryimage"},"image":{"@id":"https:\/\/revolutionpadelstore.com\/fr\/produit\/mizuno-wave-exceed-light-2-morado-3\/#primaryimage"},"thumbnailUrl":"https:\/\/revolutionpadelstore.com\/wp-content\/uploads\/2025\/01\/111975_zapatillas_mizuno_wave_exceed_light_2_61gb2323_67_mujer_1000x1000_1_e514.webp","datePublished":"2025-01-21T23:10:36+00:00","dateModified":"2026-04-08T06:19:27+00:00","description":"Compra las Mizuno Wave Exceed Light 2 Morado Mujer, zapatillas de p\u00e1del ligeras, c\u00f3modas y con excelente amortiguaci\u00f3n. Disponibles en www.revolutionpadelstore.com.","breadcrumb":{"@id":"https:\/\/revolutionpadelstore.com\/fr\/produit\/mizuno-wave-exceed-light-2-morado-3\/#breadcrumb"},"inLanguage":"fr-FR","potentialAction":[{"@type":"ReadAction","target":["https:\/\/revolutionpadelstore.com\/fr\/produit\/mizuno-wave-exceed-light-2-morado-3\/"]}]},{"@type":"ImageObject","inLanguage":"fr-FR","@id":"https:\/\/revolutionpadelstore.com\/fr\/produit\/mizuno-wave-exceed-light-2-morado-3\/#primaryimage","url":"https:\/\/revolutionpadelstore.com\/wp-content\/uploads\/2025\/01\/111975_zapatillas_mizuno_wave_exceed_light_2_61gb2323_67_mujer_1000x1000_1_e514.webp","contentUrl":"https:\/\/revolutionpadelstore.com\/wp-content\/uploads\/2025\/01\/111975_zapatillas_mizuno_wave_exceed_light_2_61gb2323_67_mujer_1000x1000_1_e514.webp","width":1000,"height":1000},{"@type":"BreadcrumbList","@id":"https:\/\/revolutionpadelstore.com\/fr\/produit\/mizuno-wave-exceed-light-2-morado-3\/#breadcrumb","itemListElement":[{"@type":"ListItem","position":1,"name":"Portada","item":"https:\/\/revolutionpadelstore.com\/fr\/"},{"@type":"ListItem","position":2,"name":"Boutique","item":"https:\/\/revolutionpadelstore.com\/fr\/tienda\/"},{"@type":"ListItem","position":3,"name":"MIZUNO WAVE EXCEED LIGHT 2 MORADO"}]},{"@type":"WebSite","@id":"https:\/\/revolutionpadelstore.com\/fr\/#website","url":"https:\/\/revolutionpadelstore.com\/fr\/","name":"Revolution Padel Store","description":"","publisher":{"@id":"https:\/\/revolutionpadelstore.com\/fr\/#organization"},"potentialAction":[{"@type":"SearchAction","target":{"@type":"EntryPoint","urlTemplate":"https:\/\/revolutionpadelstore.com\/fr\/?s={search_term_string}"},"query-input":{"@type":"PropertyValueSpecification","valueRequired":true,"valueName":"search_term_string"}}],"inLanguage":"fr-FR"},{"@type":"Organization","@id":"https:\/\/revolutionpadelstore.com\/fr\/#organization","name":"Revolution Padel Store","url":"https:\/\/revolutionpadelstore.com\/fr\/","logo":{"@type":"ImageObject","inLanguage":"fr-FR","@id":"https:\/\/revolutionpadelstore.com\/fr\/#\/schema\/logo\/image\/","url":"https:\/\/revolutionpadelstore.com\/wp-content\/uploads\/2026\/02\/revolution-padel-store.jpg","contentUrl":"https:\/\/revolutionpadelstore.com\/wp-content\/uploads\/2026\/02\/revolution-padel-store.jpg","width":2000,"height":2000,"caption":"Revolution Padel Store"},"image":{"@id":"https:\/\/revolutionpadelstore.com\/fr\/#\/schema\/logo\/image\/"},"sameAs":["https:\/\/www.instagram.com\/revolutionpadelstore\/"]}]}},"_links":{"self":[{"href":"https:\/\/revolutionpadelstore.com\/fr\/wp-json\/wp\/v2\/product\/160638","targetHints":{"allow":["GET"]}}],"collection":[{"href":"https:\/\/revolutionpadelstore.com\/fr\/wp-json\/wp\/v2\/product"}],"about":[{"href":"https:\/\/revolutionpadelstore.com\/fr\/wp-json\/wp\/v2\/types\/product"}],"replies":[{"embeddable":true,"href":"https:\/\/revolutionpadelstore.com\/fr\/wp-json\/wp\/v2\/comments?post=160638"}],"wp:featuredmedia":[{"embeddable":true,"href":"https:\/\/revolutionpadelstore.com\/fr\/wp-json\/wp\/v2\/media\/160660"}],"wp:attachment":[{"href":"https:\/\/revolutionpadelstore.com\/fr\/wp-json\/wp\/v2\/media?parent=160638"}],"wp:term":[{"taxonomy":"acabado","embeddable":true,"href":"https:\/\/revolutionpadelstore.com\/fr\/wp-json\/wp\/v2\/acabado?post=160638"},{"taxonomy":"balance","embeddable":true,"href":"https:\/\/revolutionpadelstore.com\/fr\/wp-json\/wp\/v2\/balance?post=160638"},{"taxonomy":"dureza","embeddable":true,"href":"https:\/\/revolutionpadelstore.com\/fr\/wp-json\/wp\/v2\/dureza?post=160638"},{"taxonomy":"forma","embeddable":true,"href":"https:\/\/revolutionpadelstore.com\/fr\/wp-json\/wp\/v2\/forma?post=160638"},{"taxonomy":"jugador","embeddable":true,"href":"https:\/\/revolutionpadelstore.com\/fr\/wp-json\/wp\/v2\/jugador?post=160638"},{"taxonomy":"marca","embeddable":true,"href":"https:\/\/revolutionpadelstore.com\/fr\/wp-json\/wp\/v2\/marca?post=160638"},{"taxonomy":"nivel-de-juego","embeddable":true,"href":"https:\/\/revolutionpadelstore.com\/fr\/wp-json\/wp\/v2\/nivel-de-juego?post=160638"},{"taxonomy":"superficie","embeddable":true,"href":"https:\/\/revolutionpadelstore.com\/fr\/wp-json\/wp\/v2\/superficie?post=160638"},{"taxonomy":"tipo-de-juego","embeddable":true,"href":"https:\/\/revolutionpadelstore.com\/fr\/wp-json\/wp\/v2\/tipo-de-juego?post=160638"},{"taxonomy":"product_brand","embeddable":true,"href":"https:\/\/revolutionpadelstore.com\/fr\/wp-json\/wp\/v2\/product_brand?post=160638"},{"taxonomy":"product_cat","embeddable":true,"href":"https:\/\/revolutionpadelstore.com\/fr\/wp-json\/wp\/v2\/product_cat?post=160638"},{"taxonomy":"product_tag","embeddable":true,"href":"https:\/\/revolutionpadelstore.com\/fr\/wp-json\/wp\/v2\/product_tag?post=160638"}],"curies":[{"name":"wp","href":"https:\/\/api.w.org\/{rel}","templated":true}]}}