{"id":160377,"date":"2025-01-20T08:17:15","date_gmt":"2025-01-20T07:17:15","guid":{"rendered":"https:\/\/revolutionpadelstore.com\/paletero-adidas-control-orange-3-4\/"},"modified":"2026-04-08T08:21:16","modified_gmt":"2026-04-08T06:21:16","slug":"paletero-adidas-control-orange-3-4-3","status":"publish","type":"product","link":"https:\/\/revolutionpadelstore.com\/fr\/produit\/paletero-adidas-control-orange-3-4-3\/","title":{"rendered":"PALETERO ADIDAS CONTROL ORANGE 3.4"},"content":{"rendered":"<h2> Paletero adidas Orange Control 3.4 &#8211; Comfort et style dans chaque jeu <\/h2>\n<p>Le <strong> adidas Orange 3.4 <\/strong> est l&#8217;alli\u00e9 parfait pour les joueurs de paddle \u00e0 la recherche d&#8217;un Paletero compact <strong>, fonctionnel et avec un design vibrant <\/strong>. Son orange frappant et sa structure optimis\u00e9e vous permettent de transporter votre \u00e9quipement essentiel de mani\u00e8re organis\u00e9e et sans effort.<\/p>\n<p>Fabriqu\u00e9 avec <strong> mat\u00e9riaux recycl\u00e9s <\/strong> en tant que polyur\u00e9thane et polyester, ce mod\u00e8le est <strong> r\u00e9sistant, l\u00e9ger et respectueux de l&#8217;environnement <\/strong>, refl\u00e9tant l&#8217;engagement d&#8217;Adidas envers la durabilit\u00e9.<\/p>\n<h2> Caract\u00e9ristiques exceptionnelles: <\/h2>\n<p><P> <strong> -amplio COMPARTATION Central <\/strong>, id\u00e9al pour les v\u00eatements et accessoires \u00e0 palette.<\/p>\n<p> <strong> &#8211; bits lat\u00e9raux exclusifs <\/strong> pour transporter votre pelle \u00e0 palette en toute s\u00e9curit\u00e9.<\/p>\n<p> <strong> -courage et fermetures r\u00e9glables <\/strong>, con\u00e7ues pour un transport confortable et ergonomique.<\/p>\n<p> <strong> -cycl\u00e9 des mat\u00e9riaux <\/strong>, offrant une durabilit\u00e9 avec une approche \u00e9cologique.<\/p>\n<p> <strong> -Modern Orange Design <\/strong>, offrant un style unique sur la piste.<\/p>\n<p> <strong> &#8211; Dimensions optimales: <\/strong> 56 x 18 x 42 cm avec une capacit\u00e9 de 35 litres.<\/p>\n<h2> Adidas Avantages Orange Control 3.4: <\/h2>\n<p><P> <strong> -Lig\u00e8rez y Comfort <\/strong>: id\u00e9al pour l&#8217;entra\u00eenement et les correspondances sans charger un poids inutile.<br \/>\n<P> <strong> -ffe efficace <\/strong>: espaces d\u00e9di\u00e9s pour chaque \u00e9l\u00e9ment de votre \u00e9quipe.<br \/>\n<P> <strong> -Sostenstabilit\u00e9 <\/strong>: Fabriqu\u00e9 avec des mat\u00e9riaux recycl\u00e9s pour r\u00e9duire l&#8217;impact environnemental.<br \/>\nPrenez votre \u00e9quipe de paddle avec style et fonctionnalit\u00e9 avec le <strong> Paletero adidas Control Orange 3.4 <\/strong>, disponible dans notre boutique en ligne <a href=\"https:\/\/www.revolutionpadelstore.com\/\"> www.revolutionpadelstore. <\/a>, probablement le <strong> meilleur prix de march\u00e9 <\/strong>. Obtenez le v\u00f4tre maintenant et montez votre jeu au niveau sup\u00e9rieur!<\/p>\n<h2>Paletero Adidas Control Orange 3.4 \u2013 Comodidad y estilo en cada partido<\/h2>\n","protected":false},"excerpt":{"rendered":"<p>L&#8217;adidas contr\u00f4le l&#8217;orange 3.4, un paletero frappant et fonctionnel, parfait pour transporter tout ce dont vous avez besoin.<\/p>\n","protected":false},"featured_media":160342,"comment_status":"open","ping_status":"closed","template":"","meta":{"_acf_changed":false,"_joinchat":[]},"acabado":[],"balance":[],"dureza":[],"forma":[],"jugador":[],"marca":[1232],"nivel-de-juego":[],"superficie":[],"tipo-de-juego":[],"product_brand":[],"product_cat":[320],"product_tag":[],"class_list":{"0":"post-160377","1":"product","2":"type-product","3":"status-publish","4":"has-post-thumbnail","6":"marca-adidas-fr","7":"product_cat-sacs","9":"first","10":"instock","11":"sale","12":"taxable","13":"shipping-taxable","14":"purchasable","15":"product-type-simple"},"acf":[],"yoast_head":"<!-- This site is optimized with the Yoast SEO plugin v27.4 - https:\/\/yoast.com\/product\/yoast-seo-wordpress\/ -->\n<title>PALETERO ADIDAS CONTROL ORANGE 3.4 - Revolution Padel Store<\/title>\n<meta name=\"description\" content=\"Descubre el paletero Adidas Control Orange 3.4, compacto, funcional y sostenible. Perfecto para llevar tu equipo con estilo y comodidad. \u00a1C\u00f3mpralo al mejor precio en Revolution Padel Store!\" \/>\n<meta name=\"robots\" content=\"index, follow, max-snippet:-1, max-image-preview:large, max-video-preview:-1\" \/>\n<link rel=\"canonical\" href=\"https:\/\/revolutionpadelstore.com\/fr\/produit\/paletero-adidas-control-orange-3-4-3\/\" \/>\n<meta property=\"og:locale\" content=\"fr_FR\" \/>\n<meta property=\"og:type\" content=\"article\" \/>\n<meta property=\"og:title\" content=\"PALETERO ADIDAS CONTROL ORANGE 3.4 - Revolution Padel Store\" \/>\n<meta property=\"og:description\" content=\"Descubre el paletero Adidas Control Orange 3.4, compacto, funcional y sostenible. Perfecto para llevar tu equipo con estilo y comodidad. \u00a1C\u00f3mpralo al mejor precio en Revolution Padel Store!\" \/>\n<meta property=\"og:url\" content=\"https:\/\/revolutionpadelstore.com\/fr\/produit\/paletero-adidas-control-orange-3-4-3\/\" \/>\n<meta property=\"og:site_name\" content=\"Revolution Padel Store\" \/>\n<meta property=\"article:modified_time\" content=\"2026-04-08T06:21:16+00:00\" \/>\n<meta property=\"og:image\" content=\"https:\/\/revolutionpadelstore.com\/wp-content\/uploads\/2025\/01\/113726-paletero-adidas-control-orange-3-4-ab3pa2u171500x1500-1.webp\" \/>\n\t<meta property=\"og:image:width\" content=\"1500\" \/>\n\t<meta property=\"og:image:height\" content=\"1500\" \/>\n\t<meta property=\"og:image:type\" content=\"image\/webp\" \/>\n<meta name=\"twitter:card\" content=\"summary_large_image\" \/>\n<meta name=\"twitter:label1\" content=\"Dur\u00e9e de lecture estim\u00e9e\" \/>\n\t<meta name=\"twitter:data1\" content=\"1 minute\" \/>\n<script type=\"application\/ld+json\" class=\"yoast-schema-graph\">{\"@context\":\"https:\\\/\\\/schema.org\",\"@graph\":[{\"@type\":\"WebPage\",\"@id\":\"https:\\\/\\\/revolutionpadelstore.com\\\/fr\\\/produit\\\/paletero-adidas-control-orange-3-4-3\\\/\",\"url\":\"https:\\\/\\\/revolutionpadelstore.com\\\/fr\\\/produit\\\/paletero-adidas-control-orange-3-4-3\\\/\",\"name\":\"PALETERO ADIDAS CONTROL ORANGE 3.4 - Revolution Padel Store\",\"isPartOf\":{\"@id\":\"https:\\\/\\\/revolutionpadelstore.com\\\/fr\\\/#website\"},\"primaryImageOfPage\":{\"@id\":\"https:\\\/\\\/revolutionpadelstore.com\\\/fr\\\/produit\\\/paletero-adidas-control-orange-3-4-3\\\/#primaryimage\"},\"image\":{\"@id\":\"https:\\\/\\\/revolutionpadelstore.com\\\/fr\\\/produit\\\/paletero-adidas-control-orange-3-4-3\\\/#primaryimage\"},\"thumbnailUrl\":\"https:\\\/\\\/revolutionpadelstore.com\\\/wp-content\\\/uploads\\\/2025\\\/01\\\/113726-paletero-adidas-control-orange-3-4-ab3pa2u171500x1500-1.webp\",\"datePublished\":\"2025-01-20T07:17:15+00:00\",\"dateModified\":\"2026-04-08T06:21:16+00:00\",\"description\":\"Descubre el paletero Adidas Control Orange 3.4, compacto, funcional y sostenible. Perfecto para llevar tu equipo con estilo y comodidad. \u00a1C\u00f3mpralo al mejor precio en Revolution Padel Store!\",\"breadcrumb\":{\"@id\":\"https:\\\/\\\/revolutionpadelstore.com\\\/fr\\\/produit\\\/paletero-adidas-control-orange-3-4-3\\\/#breadcrumb\"},\"inLanguage\":\"fr-FR\",\"potentialAction\":[{\"@type\":\"ReadAction\",\"target\":[\"https:\\\/\\\/revolutionpadelstore.com\\\/fr\\\/produit\\\/paletero-adidas-control-orange-3-4-3\\\/\"]}]},{\"@type\":\"ImageObject\",\"inLanguage\":\"fr-FR\",\"@id\":\"https:\\\/\\\/revolutionpadelstore.com\\\/fr\\\/produit\\\/paletero-adidas-control-orange-3-4-3\\\/#primaryimage\",\"url\":\"https:\\\/\\\/revolutionpadelstore.com\\\/wp-content\\\/uploads\\\/2025\\\/01\\\/113726-paletero-adidas-control-orange-3-4-ab3pa2u171500x1500-1.webp\",\"contentUrl\":\"https:\\\/\\\/revolutionpadelstore.com\\\/wp-content\\\/uploads\\\/2025\\\/01\\\/113726-paletero-adidas-control-orange-3-4-ab3pa2u171500x1500-1.webp\",\"width\":1500,\"height\":1500},{\"@type\":\"BreadcrumbList\",\"@id\":\"https:\\\/\\\/revolutionpadelstore.com\\\/fr\\\/produit\\\/paletero-adidas-control-orange-3-4-3\\\/#breadcrumb\",\"itemListElement\":[{\"@type\":\"ListItem\",\"position\":1,\"name\":\"Portada\",\"item\":\"https:\\\/\\\/revolutionpadelstore.com\\\/fr\\\/\"},{\"@type\":\"ListItem\",\"position\":2,\"name\":\"Boutique\",\"item\":\"https:\\\/\\\/revolutionpadelstore.com\\\/fr\\\/tienda\\\/\"},{\"@type\":\"ListItem\",\"position\":3,\"name\":\"PALETERO ADIDAS CONTROL ORANGE 3.4\"}]},{\"@type\":\"WebSite\",\"@id\":\"https:\\\/\\\/revolutionpadelstore.com\\\/fr\\\/#website\",\"url\":\"https:\\\/\\\/revolutionpadelstore.com\\\/fr\\\/\",\"name\":\"Revolution Padel Store\",\"description\":\"\",\"publisher\":{\"@id\":\"https:\\\/\\\/revolutionpadelstore.com\\\/fr\\\/#organization\"},\"potentialAction\":[{\"@type\":\"SearchAction\",\"target\":{\"@type\":\"EntryPoint\",\"urlTemplate\":\"https:\\\/\\\/revolutionpadelstore.com\\\/fr\\\/?s={search_term_string}\"},\"query-input\":{\"@type\":\"PropertyValueSpecification\",\"valueRequired\":true,\"valueName\":\"search_term_string\"}}],\"inLanguage\":\"fr-FR\"},{\"@type\":\"Organization\",\"@id\":\"https:\\\/\\\/revolutionpadelstore.com\\\/fr\\\/#organization\",\"name\":\"Revolution Padel Store\",\"url\":\"https:\\\/\\\/revolutionpadelstore.com\\\/fr\\\/\",\"logo\":{\"@type\":\"ImageObject\",\"inLanguage\":\"fr-FR\",\"@id\":\"https:\\\/\\\/revolutionpadelstore.com\\\/fr\\\/#\\\/schema\\\/logo\\\/image\\\/\",\"url\":\"https:\\\/\\\/revolutionpadelstore.com\\\/wp-content\\\/uploads\\\/2026\\\/02\\\/revolution-padel-store.jpg\",\"contentUrl\":\"https:\\\/\\\/revolutionpadelstore.com\\\/wp-content\\\/uploads\\\/2026\\\/02\\\/revolution-padel-store.jpg\",\"width\":2000,\"height\":2000,\"caption\":\"Revolution Padel Store\"},\"image\":{\"@id\":\"https:\\\/\\\/revolutionpadelstore.com\\\/fr\\\/#\\\/schema\\\/logo\\\/image\\\/\"},\"sameAs\":[\"https:\\\/\\\/www.instagram.com\\\/revolutionpadelstore\\\/\"]}]}<\/script>\n<!-- \/ Yoast SEO plugin. -->","yoast_head_json":{"title":"PALETERO ADIDAS CONTROL ORANGE 3.4 - Revolution Padel Store","description":"Descubre el paletero Adidas Control Orange 3.4, compacto, funcional y sostenible. Perfecto para llevar tu equipo con estilo y comodidad. \u00a1C\u00f3mpralo al mejor precio en Revolution Padel Store!","robots":{"index":"index","follow":"follow","max-snippet":"max-snippet:-1","max-image-preview":"max-image-preview:large","max-video-preview":"max-video-preview:-1"},"canonical":"https:\/\/revolutionpadelstore.com\/fr\/produit\/paletero-adidas-control-orange-3-4-3\/","og_locale":"fr_FR","og_type":"article","og_title":"PALETERO ADIDAS CONTROL ORANGE 3.4 - Revolution Padel Store","og_description":"Descubre el paletero Adidas Control Orange 3.4, compacto, funcional y sostenible. Perfecto para llevar tu equipo con estilo y comodidad. \u00a1C\u00f3mpralo al mejor precio en Revolution Padel Store!","og_url":"https:\/\/revolutionpadelstore.com\/fr\/produit\/paletero-adidas-control-orange-3-4-3\/","og_site_name":"Revolution Padel Store","article_modified_time":"2026-04-08T06:21:16+00:00","og_image":[{"width":1500,"height":1500,"url":"https:\/\/revolutionpadelstore.com\/wp-content\/uploads\/2025\/01\/113726-paletero-adidas-control-orange-3-4-ab3pa2u171500x1500-1.webp","type":"image\/webp"}],"twitter_card":"summary_large_image","twitter_misc":{"Dur\u00e9e de lecture estim\u00e9e":"1 minute"},"schema":{"@context":"https:\/\/schema.org","@graph":[{"@type":"WebPage","@id":"https:\/\/revolutionpadelstore.com\/fr\/produit\/paletero-adidas-control-orange-3-4-3\/","url":"https:\/\/revolutionpadelstore.com\/fr\/produit\/paletero-adidas-control-orange-3-4-3\/","name":"PALETERO ADIDAS CONTROL ORANGE 3.4 - Revolution Padel Store","isPartOf":{"@id":"https:\/\/revolutionpadelstore.com\/fr\/#website"},"primaryImageOfPage":{"@id":"https:\/\/revolutionpadelstore.com\/fr\/produit\/paletero-adidas-control-orange-3-4-3\/#primaryimage"},"image":{"@id":"https:\/\/revolutionpadelstore.com\/fr\/produit\/paletero-adidas-control-orange-3-4-3\/#primaryimage"},"thumbnailUrl":"https:\/\/revolutionpadelstore.com\/wp-content\/uploads\/2025\/01\/113726-paletero-adidas-control-orange-3-4-ab3pa2u171500x1500-1.webp","datePublished":"2025-01-20T07:17:15+00:00","dateModified":"2026-04-08T06:21:16+00:00","description":"Descubre el paletero Adidas Control Orange 3.4, compacto, funcional y sostenible. Perfecto para llevar tu equipo con estilo y comodidad. \u00a1C\u00f3mpralo al mejor precio en Revolution Padel Store!","breadcrumb":{"@id":"https:\/\/revolutionpadelstore.com\/fr\/produit\/paletero-adidas-control-orange-3-4-3\/#breadcrumb"},"inLanguage":"fr-FR","potentialAction":[{"@type":"ReadAction","target":["https:\/\/revolutionpadelstore.com\/fr\/produit\/paletero-adidas-control-orange-3-4-3\/"]}]},{"@type":"ImageObject","inLanguage":"fr-FR","@id":"https:\/\/revolutionpadelstore.com\/fr\/produit\/paletero-adidas-control-orange-3-4-3\/#primaryimage","url":"https:\/\/revolutionpadelstore.com\/wp-content\/uploads\/2025\/01\/113726-paletero-adidas-control-orange-3-4-ab3pa2u171500x1500-1.webp","contentUrl":"https:\/\/revolutionpadelstore.com\/wp-content\/uploads\/2025\/01\/113726-paletero-adidas-control-orange-3-4-ab3pa2u171500x1500-1.webp","width":1500,"height":1500},{"@type":"BreadcrumbList","@id":"https:\/\/revolutionpadelstore.com\/fr\/produit\/paletero-adidas-control-orange-3-4-3\/#breadcrumb","itemListElement":[{"@type":"ListItem","position":1,"name":"Portada","item":"https:\/\/revolutionpadelstore.com\/fr\/"},{"@type":"ListItem","position":2,"name":"Boutique","item":"https:\/\/revolutionpadelstore.com\/fr\/tienda\/"},{"@type":"ListItem","position":3,"name":"PALETERO ADIDAS CONTROL ORANGE 3.4"}]},{"@type":"WebSite","@id":"https:\/\/revolutionpadelstore.com\/fr\/#website","url":"https:\/\/revolutionpadelstore.com\/fr\/","name":"Revolution Padel Store","description":"","publisher":{"@id":"https:\/\/revolutionpadelstore.com\/fr\/#organization"},"potentialAction":[{"@type":"SearchAction","target":{"@type":"EntryPoint","urlTemplate":"https:\/\/revolutionpadelstore.com\/fr\/?s={search_term_string}"},"query-input":{"@type":"PropertyValueSpecification","valueRequired":true,"valueName":"search_term_string"}}],"inLanguage":"fr-FR"},{"@type":"Organization","@id":"https:\/\/revolutionpadelstore.com\/fr\/#organization","name":"Revolution Padel Store","url":"https:\/\/revolutionpadelstore.com\/fr\/","logo":{"@type":"ImageObject","inLanguage":"fr-FR","@id":"https:\/\/revolutionpadelstore.com\/fr\/#\/schema\/logo\/image\/","url":"https:\/\/revolutionpadelstore.com\/wp-content\/uploads\/2026\/02\/revolution-padel-store.jpg","contentUrl":"https:\/\/revolutionpadelstore.com\/wp-content\/uploads\/2026\/02\/revolution-padel-store.jpg","width":2000,"height":2000,"caption":"Revolution Padel Store"},"image":{"@id":"https:\/\/revolutionpadelstore.com\/fr\/#\/schema\/logo\/image\/"},"sameAs":["https:\/\/www.instagram.com\/revolutionpadelstore\/"]}]}},"_links":{"self":[{"href":"https:\/\/revolutionpadelstore.com\/fr\/wp-json\/wp\/v2\/product\/160377","targetHints":{"allow":["GET"]}}],"collection":[{"href":"https:\/\/revolutionpadelstore.com\/fr\/wp-json\/wp\/v2\/product"}],"about":[{"href":"https:\/\/revolutionpadelstore.com\/fr\/wp-json\/wp\/v2\/types\/product"}],"replies":[{"embeddable":true,"href":"https:\/\/revolutionpadelstore.com\/fr\/wp-json\/wp\/v2\/comments?post=160377"}],"wp:featuredmedia":[{"embeddable":true,"href":"https:\/\/revolutionpadelstore.com\/fr\/wp-json\/wp\/v2\/media\/160342"}],"wp:attachment":[{"href":"https:\/\/revolutionpadelstore.com\/fr\/wp-json\/wp\/v2\/media?parent=160377"}],"wp:term":[{"taxonomy":"acabado","embeddable":true,"href":"https:\/\/revolutionpadelstore.com\/fr\/wp-json\/wp\/v2\/acabado?post=160377"},{"taxonomy":"balance","embeddable":true,"href":"https:\/\/revolutionpadelstore.com\/fr\/wp-json\/wp\/v2\/balance?post=160377"},{"taxonomy":"dureza","embeddable":true,"href":"https:\/\/revolutionpadelstore.com\/fr\/wp-json\/wp\/v2\/dureza?post=160377"},{"taxonomy":"forma","embeddable":true,"href":"https:\/\/revolutionpadelstore.com\/fr\/wp-json\/wp\/v2\/forma?post=160377"},{"taxonomy":"jugador","embeddable":true,"href":"https:\/\/revolutionpadelstore.com\/fr\/wp-json\/wp\/v2\/jugador?post=160377"},{"taxonomy":"marca","embeddable":true,"href":"https:\/\/revolutionpadelstore.com\/fr\/wp-json\/wp\/v2\/marca?post=160377"},{"taxonomy":"nivel-de-juego","embeddable":true,"href":"https:\/\/revolutionpadelstore.com\/fr\/wp-json\/wp\/v2\/nivel-de-juego?post=160377"},{"taxonomy":"superficie","embeddable":true,"href":"https:\/\/revolutionpadelstore.com\/fr\/wp-json\/wp\/v2\/superficie?post=160377"},{"taxonomy":"tipo-de-juego","embeddable":true,"href":"https:\/\/revolutionpadelstore.com\/fr\/wp-json\/wp\/v2\/tipo-de-juego?post=160377"},{"taxonomy":"product_brand","embeddable":true,"href":"https:\/\/revolutionpadelstore.com\/fr\/wp-json\/wp\/v2\/product_brand?post=160377"},{"taxonomy":"product_cat","embeddable":true,"href":"https:\/\/revolutionpadelstore.com\/fr\/wp-json\/wp\/v2\/product_cat?post=160377"},{"taxonomy":"product_tag","embeddable":true,"href":"https:\/\/revolutionpadelstore.com\/fr\/wp-json\/wp\/v2\/product_tag?post=160377"}],"curies":[{"name":"wp","href":"https:\/\/api.w.org\/{rel}","templated":true}]}}