{"id":16025,"date":"2024-04-22T15:23:38","date_gmt":"2024-04-22T13:23:38","guid":{"rendered":"https:\/\/revolutionpadelstore.com\/zapatillas-head-sprint-pro-3-5-clay-coral-marino\/"},"modified":"2026-04-08T12:28:20","modified_gmt":"2026-04-08T10:28:20","slug":"zapatillas-head-sprint-pro-3-5-clay-coral-marino-3","status":"publish","type":"product","link":"https:\/\/revolutionpadelstore.com\/fr\/produit\/zapatillas-head-sprint-pro-3-5-clay-coral-marino-3\/","title":{"rendered":"Zapatillas Head Sprint Pro 3.5 Clay Coral Marino"},"content":{"rendered":"<p>Chez Revolution Padel Store, vous trouverez les chaussures parfaites pour votre jeu sur le terrain : les chaussures Head Sprint Pro 3.5 Clay Coral Navy. Con\u00e7ues pour vous offrir confort et performance, ces chaussures vous permettront de bouger rapidement et avec l\u00e9g\u00e8ret\u00e9 gr\u00e2ce \u00e0 leur tissu mesh nouvelle g\u00e9n\u00e9ration et leur syst\u00e8me de refroidissement qui favorise la respirabilit\u00e9. De plus, son design renouvel\u00e9 vous offrira un style contemporain et unique sur le court.<\/p>\n<p> La mise \u00e0 jour de ce mod\u00e8le comprend \u00e9galement des am\u00e9liorations dans sa construction, comme un nouveau contrefort de talon int\u00e9rieur en polyur\u00e9thane thermoplastique et un renouvellement de son design. La partie sup\u00e9rieure de la chaussure est compos\u00e9e d&#8217;une tige en maille tricot\u00e9e l\u00e9g\u00e8re, d&#8217;une construction demi-chaussette, d&#8217;une bande de lacets triangulaire, d&#8217;un contrefort de talon en polyur\u00e9thane thermoplastique et d&#8217;un embout en caoutchouc.<\/p>\n<p> Quant \u00e0 la semelle interm\u00e9diaire, ces chaussures ont un profil bas, un drop minimal entre la pointe et le talon, de l&#8217;EVA \u00e0 trois densit\u00e9s et une tige anti-torsion tridimensionnelle et ventil\u00e9e. Sa semelle pr\u00e9sente une bande de roulement profonde \u00e0 chevrons exclusive \u00e0 la terre battue et la technologie TRI-NRG de HEAD pour vous offrir les meilleures performances sur le terrain.<\/p>\n<p> Mais ce n&#8217;est pas tout, les chaussures Head Sprint Pro 3.5 Clay Coral Marino disposent \u00e9galement de technologies exclusives telles que DRIFT DEFENSE, qui prot\u00e8ge la pointe et la partie m\u00e9diane, le COOLING SYSTEM qui offre la meilleure ventilation \u00e0 360\u00b0, le LATERAL CONTROL qui emp\u00eache la torsion de la cheville. et HYBRASION, un compos\u00e9 de caoutchouc sp\u00e9cial qui offre une traction et une r\u00e9sistance in\u00e9gal\u00e9es.<\/p>\n<p> De plus, ces chaussures sont dot\u00e9es du HEEL STABILIZER, un renfort s\u00e9curis\u00e9 en polyur\u00e9thane thermoplastique pour un meilleur ajustement du talon, du SOCK SUPPORT SYSTEM, une construction Elastic Sock pour plus de confort et de maintien, et du DELTASTRAP, son<\/p>\n","protected":false},"excerpt":{"rendered":"<p>D\u00e9couvrez les nouvelles chaussures Head Sprint Pro 3.5 Clay Coral Marino chez Revolution Padel Store, avec une technologie innovante et un style contemporain.<\/p>\n","protected":false},"featured_media":41649,"comment_status":"closed","ping_status":"closed","template":"","meta":{"_acf_changed":false,"_joinchat":[]},"acabado":[],"balance":[],"dureza":[],"forma":[],"jugador":[1192],"marca":[1222],"nivel-de-juego":[1337,1342,1347],"superficie":[],"tipo-de-juego":[1377],"product_brand":[],"product_cat":[407],"product_tag":[],"class_list":{"0":"post-16025","1":"product","2":"type-product","3":"status-publish","4":"has-post-thumbnail","6":"jugador-homme","7":"marca-tete","8":"tipo-de-juego-puissance","9":"product_cat-sneakers-pour-hommes","11":"first","12":"outofstock","13":"sale","14":"taxable","15":"shipping-taxable","16":"purchasable","17":"product-type-variable"},"acf":[],"yoast_head":"<!-- This site is optimized with the Yoast SEO plugin v27.4 - https:\/\/yoast.com\/product\/yoast-seo-wordpress\/ -->\n<title>Zapatillas Head Sprint Pro 3.5 Clay Coral Marino - Revolution Padel Store<\/title>\n<meta name=\"description\" content=\"Descubre las nuevas zapatillas Head Sprint Pro 3.5 Clay Coral Marino en Revolution Padel Store, con tecnolog\u00eda innovadora y estilo contempor\u00e1neo.\" \/>\n<meta name=\"robots\" content=\"index, follow, max-snippet:-1, max-image-preview:large, max-video-preview:-1\" \/>\n<link rel=\"canonical\" href=\"https:\/\/revolutionpadelstore.com\/fr\/produit\/zapatillas-head-sprint-pro-3-5-clay-coral-marino-3\/\" \/>\n<meta property=\"og:locale\" content=\"fr_FR\" \/>\n<meta property=\"og:type\" content=\"article\" \/>\n<meta property=\"og:title\" content=\"Zapatillas Head Sprint Pro 3.5 Clay Coral Marino - Revolution Padel Store\" \/>\n<meta property=\"og:description\" content=\"Descubre las nuevas zapatillas Head Sprint Pro 3.5 Clay Coral Marino en Revolution Padel Store, con tecnolog\u00eda innovadora y estilo contempor\u00e1neo.\" \/>\n<meta property=\"og:url\" content=\"https:\/\/revolutionpadelstore.com\/fr\/produit\/zapatillas-head-sprint-pro-3-5-clay-coral-marino-3\/\" \/>\n<meta property=\"og:site_name\" content=\"Revolution Padel Store\" \/>\n<meta property=\"article:modified_time\" content=\"2026-04-08T10:28:20+00:00\" \/>\n<meta property=\"og:image\" content=\"https:\/\/revolutionpadelstore.com\/wp-content\/uploads\/2024\/04\/17239-0-4.jpg\" \/>\n\t<meta property=\"og:image:width\" content=\"800\" \/>\n\t<meta property=\"og:image:height\" content=\"800\" \/>\n\t<meta property=\"og:image:type\" content=\"image\/png\" \/>\n<meta name=\"twitter:card\" content=\"summary_large_image\" \/>\n<meta name=\"twitter:label1\" content=\"Dur\u00e9e de lecture estim\u00e9e\" \/>\n\t<meta name=\"twitter:data1\" content=\"2 minutes\" \/>\n<script type=\"application\/ld+json\" class=\"yoast-schema-graph\">{\"@context\":\"https:\\\/\\\/schema.org\",\"@graph\":[{\"@type\":\"WebPage\",\"@id\":\"https:\\\/\\\/revolutionpadelstore.com\\\/fr\\\/produit\\\/zapatillas-head-sprint-pro-3-5-clay-coral-marino-3\\\/\",\"url\":\"https:\\\/\\\/revolutionpadelstore.com\\\/fr\\\/produit\\\/zapatillas-head-sprint-pro-3-5-clay-coral-marino-3\\\/\",\"name\":\"Zapatillas Head Sprint Pro 3.5 Clay Coral Marino - Revolution Padel Store\",\"isPartOf\":{\"@id\":\"https:\\\/\\\/revolutionpadelstore.com\\\/fr\\\/#website\"},\"primaryImageOfPage\":{\"@id\":\"https:\\\/\\\/revolutionpadelstore.com\\\/fr\\\/produit\\\/zapatillas-head-sprint-pro-3-5-clay-coral-marino-3\\\/#primaryimage\"},\"image\":{\"@id\":\"https:\\\/\\\/revolutionpadelstore.com\\\/fr\\\/produit\\\/zapatillas-head-sprint-pro-3-5-clay-coral-marino-3\\\/#primaryimage\"},\"thumbnailUrl\":\"https:\\\/\\\/revolutionpadelstore.com\\\/wp-content\\\/uploads\\\/2024\\\/04\\\/17239-0-4.jpg\",\"datePublished\":\"2024-04-22T13:23:38+00:00\",\"dateModified\":\"2026-04-08T10:28:20+00:00\",\"description\":\"Descubre las nuevas zapatillas Head Sprint Pro 3.5 Clay Coral Marino en Revolution Padel Store, con tecnolog\u00eda innovadora y estilo contempor\u00e1neo.\",\"breadcrumb\":{\"@id\":\"https:\\\/\\\/revolutionpadelstore.com\\\/fr\\\/produit\\\/zapatillas-head-sprint-pro-3-5-clay-coral-marino-3\\\/#breadcrumb\"},\"inLanguage\":\"fr-FR\",\"potentialAction\":[{\"@type\":\"ReadAction\",\"target\":[\"https:\\\/\\\/revolutionpadelstore.com\\\/fr\\\/produit\\\/zapatillas-head-sprint-pro-3-5-clay-coral-marino-3\\\/\"]}]},{\"@type\":\"ImageObject\",\"inLanguage\":\"fr-FR\",\"@id\":\"https:\\\/\\\/revolutionpadelstore.com\\\/fr\\\/produit\\\/zapatillas-head-sprint-pro-3-5-clay-coral-marino-3\\\/#primaryimage\",\"url\":\"https:\\\/\\\/revolutionpadelstore.com\\\/wp-content\\\/uploads\\\/2024\\\/04\\\/17239-0-4.jpg\",\"contentUrl\":\"https:\\\/\\\/revolutionpadelstore.com\\\/wp-content\\\/uploads\\\/2024\\\/04\\\/17239-0-4.jpg\",\"width\":800,\"height\":800},{\"@type\":\"BreadcrumbList\",\"@id\":\"https:\\\/\\\/revolutionpadelstore.com\\\/fr\\\/produit\\\/zapatillas-head-sprint-pro-3-5-clay-coral-marino-3\\\/#breadcrumb\",\"itemListElement\":[{\"@type\":\"ListItem\",\"position\":1,\"name\":\"Portada\",\"item\":\"https:\\\/\\\/revolutionpadelstore.com\\\/fr\\\/\"},{\"@type\":\"ListItem\",\"position\":2,\"name\":\"Boutique\",\"item\":\"https:\\\/\\\/revolutionpadelstore.com\\\/fr\\\/tienda\\\/\"},{\"@type\":\"ListItem\",\"position\":3,\"name\":\"Zapatillas Head Sprint Pro 3.5 Clay Coral Marino\"}]},{\"@type\":\"WebSite\",\"@id\":\"https:\\\/\\\/revolutionpadelstore.com\\\/fr\\\/#website\",\"url\":\"https:\\\/\\\/revolutionpadelstore.com\\\/fr\\\/\",\"name\":\"Revolution Padel Store\",\"description\":\"\",\"publisher\":{\"@id\":\"https:\\\/\\\/revolutionpadelstore.com\\\/fr\\\/#organization\"},\"potentialAction\":[{\"@type\":\"SearchAction\",\"target\":{\"@type\":\"EntryPoint\",\"urlTemplate\":\"https:\\\/\\\/revolutionpadelstore.com\\\/fr\\\/?s={search_term_string}\"},\"query-input\":{\"@type\":\"PropertyValueSpecification\",\"valueRequired\":true,\"valueName\":\"search_term_string\"}}],\"inLanguage\":\"fr-FR\"},{\"@type\":\"Organization\",\"@id\":\"https:\\\/\\\/revolutionpadelstore.com\\\/fr\\\/#organization\",\"name\":\"Revolution Padel Store\",\"url\":\"https:\\\/\\\/revolutionpadelstore.com\\\/fr\\\/\",\"logo\":{\"@type\":\"ImageObject\",\"inLanguage\":\"fr-FR\",\"@id\":\"https:\\\/\\\/revolutionpadelstore.com\\\/fr\\\/#\\\/schema\\\/logo\\\/image\\\/\",\"url\":\"https:\\\/\\\/revolutionpadelstore.com\\\/wp-content\\\/uploads\\\/2026\\\/02\\\/revolution-padel-store.jpg\",\"contentUrl\":\"https:\\\/\\\/revolutionpadelstore.com\\\/wp-content\\\/uploads\\\/2026\\\/02\\\/revolution-padel-store.jpg\",\"width\":2000,\"height\":2000,\"caption\":\"Revolution Padel Store\"},\"image\":{\"@id\":\"https:\\\/\\\/revolutionpadelstore.com\\\/fr\\\/#\\\/schema\\\/logo\\\/image\\\/\"},\"sameAs\":[\"https:\\\/\\\/www.instagram.com\\\/revolutionpadelstore\\\/\"]}]}<\/script>\n<!-- \/ Yoast SEO plugin. -->","yoast_head_json":{"title":"Zapatillas Head Sprint Pro 3.5 Clay Coral Marino - Revolution Padel Store","description":"Descubre las nuevas zapatillas Head Sprint Pro 3.5 Clay Coral Marino en Revolution Padel Store, con tecnolog\u00eda innovadora y estilo contempor\u00e1neo.","robots":{"index":"index","follow":"follow","max-snippet":"max-snippet:-1","max-image-preview":"max-image-preview:large","max-video-preview":"max-video-preview:-1"},"canonical":"https:\/\/revolutionpadelstore.com\/fr\/produit\/zapatillas-head-sprint-pro-3-5-clay-coral-marino-3\/","og_locale":"fr_FR","og_type":"article","og_title":"Zapatillas Head Sprint Pro 3.5 Clay Coral Marino - Revolution Padel Store","og_description":"Descubre las nuevas zapatillas Head Sprint Pro 3.5 Clay Coral Marino en Revolution Padel Store, con tecnolog\u00eda innovadora y estilo contempor\u00e1neo.","og_url":"https:\/\/revolutionpadelstore.com\/fr\/produit\/zapatillas-head-sprint-pro-3-5-clay-coral-marino-3\/","og_site_name":"Revolution Padel Store","article_modified_time":"2026-04-08T10:28:20+00:00","og_image":[{"width":800,"height":800,"url":"https:\/\/revolutionpadelstore.com\/wp-content\/uploads\/2024\/04\/17239-0-4.jpg","type":"image\/png"}],"twitter_card":"summary_large_image","twitter_misc":{"Dur\u00e9e de lecture estim\u00e9e":"2 minutes"},"schema":{"@context":"https:\/\/schema.org","@graph":[{"@type":"WebPage","@id":"https:\/\/revolutionpadelstore.com\/fr\/produit\/zapatillas-head-sprint-pro-3-5-clay-coral-marino-3\/","url":"https:\/\/revolutionpadelstore.com\/fr\/produit\/zapatillas-head-sprint-pro-3-5-clay-coral-marino-3\/","name":"Zapatillas Head Sprint Pro 3.5 Clay Coral Marino - Revolution Padel Store","isPartOf":{"@id":"https:\/\/revolutionpadelstore.com\/fr\/#website"},"primaryImageOfPage":{"@id":"https:\/\/revolutionpadelstore.com\/fr\/produit\/zapatillas-head-sprint-pro-3-5-clay-coral-marino-3\/#primaryimage"},"image":{"@id":"https:\/\/revolutionpadelstore.com\/fr\/produit\/zapatillas-head-sprint-pro-3-5-clay-coral-marino-3\/#primaryimage"},"thumbnailUrl":"https:\/\/revolutionpadelstore.com\/wp-content\/uploads\/2024\/04\/17239-0-4.jpg","datePublished":"2024-04-22T13:23:38+00:00","dateModified":"2026-04-08T10:28:20+00:00","description":"Descubre las nuevas zapatillas Head Sprint Pro 3.5 Clay Coral Marino en Revolution Padel Store, con tecnolog\u00eda innovadora y estilo contempor\u00e1neo.","breadcrumb":{"@id":"https:\/\/revolutionpadelstore.com\/fr\/produit\/zapatillas-head-sprint-pro-3-5-clay-coral-marino-3\/#breadcrumb"},"inLanguage":"fr-FR","potentialAction":[{"@type":"ReadAction","target":["https:\/\/revolutionpadelstore.com\/fr\/produit\/zapatillas-head-sprint-pro-3-5-clay-coral-marino-3\/"]}]},{"@type":"ImageObject","inLanguage":"fr-FR","@id":"https:\/\/revolutionpadelstore.com\/fr\/produit\/zapatillas-head-sprint-pro-3-5-clay-coral-marino-3\/#primaryimage","url":"https:\/\/revolutionpadelstore.com\/wp-content\/uploads\/2024\/04\/17239-0-4.jpg","contentUrl":"https:\/\/revolutionpadelstore.com\/wp-content\/uploads\/2024\/04\/17239-0-4.jpg","width":800,"height":800},{"@type":"BreadcrumbList","@id":"https:\/\/revolutionpadelstore.com\/fr\/produit\/zapatillas-head-sprint-pro-3-5-clay-coral-marino-3\/#breadcrumb","itemListElement":[{"@type":"ListItem","position":1,"name":"Portada","item":"https:\/\/revolutionpadelstore.com\/fr\/"},{"@type":"ListItem","position":2,"name":"Boutique","item":"https:\/\/revolutionpadelstore.com\/fr\/tienda\/"},{"@type":"ListItem","position":3,"name":"Zapatillas Head Sprint Pro 3.5 Clay Coral Marino"}]},{"@type":"WebSite","@id":"https:\/\/revolutionpadelstore.com\/fr\/#website","url":"https:\/\/revolutionpadelstore.com\/fr\/","name":"Revolution Padel Store","description":"","publisher":{"@id":"https:\/\/revolutionpadelstore.com\/fr\/#organization"},"potentialAction":[{"@type":"SearchAction","target":{"@type":"EntryPoint","urlTemplate":"https:\/\/revolutionpadelstore.com\/fr\/?s={search_term_string}"},"query-input":{"@type":"PropertyValueSpecification","valueRequired":true,"valueName":"search_term_string"}}],"inLanguage":"fr-FR"},{"@type":"Organization","@id":"https:\/\/revolutionpadelstore.com\/fr\/#organization","name":"Revolution Padel Store","url":"https:\/\/revolutionpadelstore.com\/fr\/","logo":{"@type":"ImageObject","inLanguage":"fr-FR","@id":"https:\/\/revolutionpadelstore.com\/fr\/#\/schema\/logo\/image\/","url":"https:\/\/revolutionpadelstore.com\/wp-content\/uploads\/2026\/02\/revolution-padel-store.jpg","contentUrl":"https:\/\/revolutionpadelstore.com\/wp-content\/uploads\/2026\/02\/revolution-padel-store.jpg","width":2000,"height":2000,"caption":"Revolution Padel Store"},"image":{"@id":"https:\/\/revolutionpadelstore.com\/fr\/#\/schema\/logo\/image\/"},"sameAs":["https:\/\/www.instagram.com\/revolutionpadelstore\/"]}]}},"_links":{"self":[{"href":"https:\/\/revolutionpadelstore.com\/fr\/wp-json\/wp\/v2\/product\/16025","targetHints":{"allow":["GET"]}}],"collection":[{"href":"https:\/\/revolutionpadelstore.com\/fr\/wp-json\/wp\/v2\/product"}],"about":[{"href":"https:\/\/revolutionpadelstore.com\/fr\/wp-json\/wp\/v2\/types\/product"}],"replies":[{"embeddable":true,"href":"https:\/\/revolutionpadelstore.com\/fr\/wp-json\/wp\/v2\/comments?post=16025"}],"wp:featuredmedia":[{"embeddable":true,"href":"https:\/\/revolutionpadelstore.com\/fr\/wp-json\/wp\/v2\/media\/41649"}],"wp:attachment":[{"href":"https:\/\/revolutionpadelstore.com\/fr\/wp-json\/wp\/v2\/media?parent=16025"}],"wp:term":[{"taxonomy":"acabado","embeddable":true,"href":"https:\/\/revolutionpadelstore.com\/fr\/wp-json\/wp\/v2\/acabado?post=16025"},{"taxonomy":"balance","embeddable":true,"href":"https:\/\/revolutionpadelstore.com\/fr\/wp-json\/wp\/v2\/balance?post=16025"},{"taxonomy":"dureza","embeddable":true,"href":"https:\/\/revolutionpadelstore.com\/fr\/wp-json\/wp\/v2\/dureza?post=16025"},{"taxonomy":"forma","embeddable":true,"href":"https:\/\/revolutionpadelstore.com\/fr\/wp-json\/wp\/v2\/forma?post=16025"},{"taxonomy":"jugador","embeddable":true,"href":"https:\/\/revolutionpadelstore.com\/fr\/wp-json\/wp\/v2\/jugador?post=16025"},{"taxonomy":"marca","embeddable":true,"href":"https:\/\/revolutionpadelstore.com\/fr\/wp-json\/wp\/v2\/marca?post=16025"},{"taxonomy":"nivel-de-juego","embeddable":true,"href":"https:\/\/revolutionpadelstore.com\/fr\/wp-json\/wp\/v2\/nivel-de-juego?post=16025"},{"taxonomy":"superficie","embeddable":true,"href":"https:\/\/revolutionpadelstore.com\/fr\/wp-json\/wp\/v2\/superficie?post=16025"},{"taxonomy":"tipo-de-juego","embeddable":true,"href":"https:\/\/revolutionpadelstore.com\/fr\/wp-json\/wp\/v2\/tipo-de-juego?post=16025"},{"taxonomy":"product_brand","embeddable":true,"href":"https:\/\/revolutionpadelstore.com\/fr\/wp-json\/wp\/v2\/product_brand?post=16025"},{"taxonomy":"product_cat","embeddable":true,"href":"https:\/\/revolutionpadelstore.com\/fr\/wp-json\/wp\/v2\/product_cat?post=16025"},{"taxonomy":"product_tag","embeddable":true,"href":"https:\/\/revolutionpadelstore.com\/fr\/wp-json\/wp\/v2\/product_tag?post=16025"}],"curies":[{"name":"wp","href":"https:\/\/api.w.org\/{rel}","templated":true}]}}