{"id":160203,"date":"2025-01-19T23:45:44","date_gmt":"2025-01-19T22:45:44","guid":{"rendered":"https:\/\/revolutionpadelstore.com\/joma-slam-men-2402-blanco-azul-fluor\/"},"modified":"2026-04-08T08:22:42","modified_gmt":"2026-04-08T06:22:42","slug":"joma-slam-men-2402-blanco-azul-fluor-3","status":"publish","type":"product","link":"https:\/\/revolutionpadelstore.com\/fr\/produit\/joma-slam-men-2402-blanco-azul-fluor-3\/","title":{"rendered":"JOMA SLAM MEN 2402 Blanco\/Azul Fluor"},"content":{"rendered":"<h2> joma slam hommes 2402 chaussures blanc et bleu fluor<br \/>\nLes <strong> Joma Slam Men 2402 White et Blue Fluor <\/strong> sont le choix parfait pour exiger que les joueurs de paddle recherchent des performances maximales dans chaque jeu. Con\u00e7us avec des technologies avanc\u00e9es et des mat\u00e9riaux de haute qualit\u00e9, ils offrent <strong> un confort, une stabilit\u00e9 et une poign\u00e9e sup\u00e9rieure <\/strong> sur la piste.<\/p>\n<h2> Caract\u00e9ristiques exceptionnelles: <\/h2>\n<h2> Sole de durabilit\u00e9 mixte <\/h2>\n<p> &#8211; Conception avec <strong> motif mixte (Spike et Omni) <\/strong> pour une adh\u00e9rence optimale et une traction exceptionnelle.<\/p>\n<p style=\"padding-left: 40px\"> &#8211; int\u00e8gre la technologie <strong> rotation <\/strong>, ce qui facilite les virages rapides et les changements de direction avec une plus grande s\u00e9curit\u00e9.<\/p>\n<h2> Corning et Comfort <\/H2><br \/>\n<P style=\"padding-left: 40px\"> <strong> -full double pulseur: <\/strong> ent\u00e9r\u00e9e double densit\u00e9 qui offre un amorti et une stabilit\u00e9 sup\u00e9rieurs dans chaque mouvement.<\/p>\n<p> <strong> -Sistema Perfect Fit <\/strong>, qui garantit un ajustement pr\u00e9cis gr\u00e2ce \u00e0 sa fermeture pour les lacets, offrant une sensation de confort personnalis\u00e9.<\/p>\n<h2> <strong> Avantages cl\u00e9s <\/strong> <\/h2>\n<p> <strong> -High Performance: <\/strong> id\u00e9aux pour les joueurs qui s&#8217;entra\u00eenent et rivalisent fr\u00e9quemment.<\/p>\n<p> <strong> -Agility and Stability: <\/strong> Advanced Sole Technology qui facilite les mouvements rapides et s\u00fbrs.<br \/>\n<P> <strong> -sae Personnalis\u00e9: <\/strong> S\u00e9curit\u00e9 et confort \u00e0 chaque \u00e9tape gr\u00e2ce au syst\u00e8me de r\u00e9glage parfait.<\/p>\n<h2> Pourquoi choisir les baskets Joma Slam Men 2402?<br \/>\nSi vous recherchez des chaussures qui vous fournissent la prise maximale, la r\u00e9sistance et la durabilit\u00e9 <strong>, c&#8217;est votre meilleure option. Avec un design blanc et bleu <\/strong> <\/strong> <\/strong>, ils combinent le style et les fonctionnalit\u00e9s pour se d\u00e9marquer sur la piste.<\/p>\n<p>Obtenez le <strong> Joma Slam Men 2402 White et Fluor Blue <\/strong> dans notre boutique en ligne <A href=\"https:\/\/chatgpt.com\/g\/g-675432e026888191b6ee6d6f2fdbb15e-optimization-textos\/c\/www.revolutionpadelstore.com\"> ww.revolutionpadelstore.com <\/a>, probablement au prix du meilleur march\u00e9!<\/p>\n<h2>Zapatillas JOMA SLAM MEN 2402 Blanco y Azul Fluor<\/h2>\n","protected":false},"excerpt":{"rendered":"<p>Les baskets 2402 Joma Slam sont un excellent choix pour ceux qui recherchent un \u00e9quilibre entre le confort et le style dans leurs chaussures de sport. Ils sont fabriqu\u00e9s avec une combinaison de mat\u00e9riaux textiles et synth\u00e9tiques qui les rendent incroyablement l\u00e9gers et flexibles, ce qui en fait l&#8217;option id\u00e9ale pour diverses activit\u00e9s physiques.<\/p>\n","protected":false},"featured_media":160322,"comment_status":"open","ping_status":"closed","template":"","meta":{"_acf_changed":false,"_joinchat":[]},"acabado":[],"balance":[],"dureza":[],"forma":[],"jugador":[1192],"marca":[1227],"nivel-de-juego":[],"superficie":[],"tipo-de-juego":[],"product_brand":[],"product_cat":[830],"product_tag":[],"class_list":{"0":"post-160203","1":"product","2":"type-product","3":"status-publish","4":"has-post-thumbnail","6":"jugador-homme","7":"marca-joma-fr","8":"product_cat-baskets","10":"first","11":"outofstock","12":"sale","13":"taxable","14":"shipping-taxable","15":"purchasable","16":"product-type-variable"},"acf":[],"yoast_head":"<!-- This site is optimized with the Yoast SEO plugin v27.4 - https:\/\/yoast.com\/product\/yoast-seo-wordpress\/ -->\n<title>JOMA SLAM MEN 2402 Blanco\/Azul Fluor - Revolution Padel Store<\/title>\n<meta name=\"description\" content=\"Descubre las zapatillas JOMA SLAM MEN 2402 Blanco y Azul Fluor, dise\u00f1adas para jugadores exigentes. M\u00e1ximo agarre, estabilidad y confort. \u00a1Compra online al mejor precio!\" \/>\n<meta name=\"robots\" content=\"index, follow, max-snippet:-1, max-image-preview:large, max-video-preview:-1\" \/>\n<link rel=\"canonical\" href=\"https:\/\/revolutionpadelstore.com\/fr\/produit\/joma-slam-men-2402-blanco-azul-fluor-3\/\" \/>\n<meta property=\"og:locale\" content=\"fr_FR\" \/>\n<meta property=\"og:type\" content=\"article\" \/>\n<meta property=\"og:title\" content=\"JOMA SLAM MEN 2402 Blanco\/Azul Fluor - Revolution Padel Store\" \/>\n<meta property=\"og:description\" content=\"Descubre las zapatillas JOMA SLAM MEN 2402 Blanco y Azul Fluor, dise\u00f1adas para jugadores exigentes. M\u00e1ximo agarre, estabilidad y confort. \u00a1Compra online al mejor precio!\" \/>\n<meta property=\"og:url\" content=\"https:\/\/revolutionpadelstore.com\/fr\/produit\/joma-slam-men-2402-blanco-azul-fluor-3\/\" \/>\n<meta property=\"og:site_name\" content=\"Revolution Padel Store\" \/>\n<meta property=\"article:modified_time\" content=\"2026-04-08T06:22:42+00:00\" \/>\n<meta property=\"og:image\" content=\"https:\/\/revolutionpadelstore.com\/wp-content\/uploads\/2025\/01\/TSLAMW2402OM_1-1.jpg\" \/>\n\t<meta property=\"og:image:width\" content=\"2000\" \/>\n\t<meta property=\"og:image:height\" content=\"2000\" \/>\n\t<meta property=\"og:image:type\" content=\"image\/jpeg\" \/>\n<meta name=\"twitter:card\" content=\"summary_large_image\" \/>\n<meta name=\"twitter:label1\" content=\"Dur\u00e9e de lecture estim\u00e9e\" \/>\n\t<meta name=\"twitter:data1\" content=\"1 minute\" \/>\n<script type=\"application\/ld+json\" class=\"yoast-schema-graph\">{\"@context\":\"https:\\\/\\\/schema.org\",\"@graph\":[{\"@type\":\"WebPage\",\"@id\":\"https:\\\/\\\/revolutionpadelstore.com\\\/fr\\\/produit\\\/joma-slam-men-2402-blanco-azul-fluor-3\\\/\",\"url\":\"https:\\\/\\\/revolutionpadelstore.com\\\/fr\\\/produit\\\/joma-slam-men-2402-blanco-azul-fluor-3\\\/\",\"name\":\"JOMA SLAM MEN 2402 Blanco\\\/Azul Fluor - Revolution Padel Store\",\"isPartOf\":{\"@id\":\"https:\\\/\\\/revolutionpadelstore.com\\\/fr\\\/#website\"},\"primaryImageOfPage\":{\"@id\":\"https:\\\/\\\/revolutionpadelstore.com\\\/fr\\\/produit\\\/joma-slam-men-2402-blanco-azul-fluor-3\\\/#primaryimage\"},\"image\":{\"@id\":\"https:\\\/\\\/revolutionpadelstore.com\\\/fr\\\/produit\\\/joma-slam-men-2402-blanco-azul-fluor-3\\\/#primaryimage\"},\"thumbnailUrl\":\"https:\\\/\\\/revolutionpadelstore.com\\\/wp-content\\\/uploads\\\/2025\\\/01\\\/TSLAMW2402OM_1-1.jpg\",\"datePublished\":\"2025-01-19T22:45:44+00:00\",\"dateModified\":\"2026-04-08T06:22:42+00:00\",\"description\":\"Descubre las zapatillas JOMA SLAM MEN 2402 Blanco y Azul Fluor, dise\u00f1adas para jugadores exigentes. M\u00e1ximo agarre, estabilidad y confort. \u00a1Compra online al mejor precio!\",\"breadcrumb\":{\"@id\":\"https:\\\/\\\/revolutionpadelstore.com\\\/fr\\\/produit\\\/joma-slam-men-2402-blanco-azul-fluor-3\\\/#breadcrumb\"},\"inLanguage\":\"fr-FR\",\"potentialAction\":[{\"@type\":\"ReadAction\",\"target\":[\"https:\\\/\\\/revolutionpadelstore.com\\\/fr\\\/produit\\\/joma-slam-men-2402-blanco-azul-fluor-3\\\/\"]}]},{\"@type\":\"ImageObject\",\"inLanguage\":\"fr-FR\",\"@id\":\"https:\\\/\\\/revolutionpadelstore.com\\\/fr\\\/produit\\\/joma-slam-men-2402-blanco-azul-fluor-3\\\/#primaryimage\",\"url\":\"https:\\\/\\\/revolutionpadelstore.com\\\/wp-content\\\/uploads\\\/2025\\\/01\\\/TSLAMW2402OM_1-1.jpg\",\"contentUrl\":\"https:\\\/\\\/revolutionpadelstore.com\\\/wp-content\\\/uploads\\\/2025\\\/01\\\/TSLAMW2402OM_1-1.jpg\",\"width\":2000,\"height\":2000},{\"@type\":\"BreadcrumbList\",\"@id\":\"https:\\\/\\\/revolutionpadelstore.com\\\/fr\\\/produit\\\/joma-slam-men-2402-blanco-azul-fluor-3\\\/#breadcrumb\",\"itemListElement\":[{\"@type\":\"ListItem\",\"position\":1,\"name\":\"Portada\",\"item\":\"https:\\\/\\\/revolutionpadelstore.com\\\/fr\\\/\"},{\"@type\":\"ListItem\",\"position\":2,\"name\":\"Boutique\",\"item\":\"https:\\\/\\\/revolutionpadelstore.com\\\/fr\\\/tienda\\\/\"},{\"@type\":\"ListItem\",\"position\":3,\"name\":\"JOMA SLAM MEN 2402 Blanco\\\/Azul Fluor\"}]},{\"@type\":\"WebSite\",\"@id\":\"https:\\\/\\\/revolutionpadelstore.com\\\/fr\\\/#website\",\"url\":\"https:\\\/\\\/revolutionpadelstore.com\\\/fr\\\/\",\"name\":\"Revolution Padel Store\",\"description\":\"\",\"publisher\":{\"@id\":\"https:\\\/\\\/revolutionpadelstore.com\\\/fr\\\/#organization\"},\"potentialAction\":[{\"@type\":\"SearchAction\",\"target\":{\"@type\":\"EntryPoint\",\"urlTemplate\":\"https:\\\/\\\/revolutionpadelstore.com\\\/fr\\\/?s={search_term_string}\"},\"query-input\":{\"@type\":\"PropertyValueSpecification\",\"valueRequired\":true,\"valueName\":\"search_term_string\"}}],\"inLanguage\":\"fr-FR\"},{\"@type\":\"Organization\",\"@id\":\"https:\\\/\\\/revolutionpadelstore.com\\\/fr\\\/#organization\",\"name\":\"Revolution Padel Store\",\"url\":\"https:\\\/\\\/revolutionpadelstore.com\\\/fr\\\/\",\"logo\":{\"@type\":\"ImageObject\",\"inLanguage\":\"fr-FR\",\"@id\":\"https:\\\/\\\/revolutionpadelstore.com\\\/fr\\\/#\\\/schema\\\/logo\\\/image\\\/\",\"url\":\"https:\\\/\\\/revolutionpadelstore.com\\\/wp-content\\\/uploads\\\/2026\\\/02\\\/revolution-padel-store.jpg\",\"contentUrl\":\"https:\\\/\\\/revolutionpadelstore.com\\\/wp-content\\\/uploads\\\/2026\\\/02\\\/revolution-padel-store.jpg\",\"width\":2000,\"height\":2000,\"caption\":\"Revolution Padel Store\"},\"image\":{\"@id\":\"https:\\\/\\\/revolutionpadelstore.com\\\/fr\\\/#\\\/schema\\\/logo\\\/image\\\/\"},\"sameAs\":[\"https:\\\/\\\/www.instagram.com\\\/revolutionpadelstore\\\/\"]}]}<\/script>\n<!-- \/ Yoast SEO plugin. -->","yoast_head_json":{"title":"JOMA SLAM MEN 2402 Blanco\/Azul Fluor - Revolution Padel Store","description":"Descubre las zapatillas JOMA SLAM MEN 2402 Blanco y Azul Fluor, dise\u00f1adas para jugadores exigentes. M\u00e1ximo agarre, estabilidad y confort. \u00a1Compra online al mejor precio!","robots":{"index":"index","follow":"follow","max-snippet":"max-snippet:-1","max-image-preview":"max-image-preview:large","max-video-preview":"max-video-preview:-1"},"canonical":"https:\/\/revolutionpadelstore.com\/fr\/produit\/joma-slam-men-2402-blanco-azul-fluor-3\/","og_locale":"fr_FR","og_type":"article","og_title":"JOMA SLAM MEN 2402 Blanco\/Azul Fluor - Revolution Padel Store","og_description":"Descubre las zapatillas JOMA SLAM MEN 2402 Blanco y Azul Fluor, dise\u00f1adas para jugadores exigentes. M\u00e1ximo agarre, estabilidad y confort. \u00a1Compra online al mejor precio!","og_url":"https:\/\/revolutionpadelstore.com\/fr\/produit\/joma-slam-men-2402-blanco-azul-fluor-3\/","og_site_name":"Revolution Padel Store","article_modified_time":"2026-04-08T06:22:42+00:00","og_image":[{"width":2000,"height":2000,"url":"https:\/\/revolutionpadelstore.com\/wp-content\/uploads\/2025\/01\/TSLAMW2402OM_1-1.jpg","type":"image\/jpeg"}],"twitter_card":"summary_large_image","twitter_misc":{"Dur\u00e9e de lecture estim\u00e9e":"1 minute"},"schema":{"@context":"https:\/\/schema.org","@graph":[{"@type":"WebPage","@id":"https:\/\/revolutionpadelstore.com\/fr\/produit\/joma-slam-men-2402-blanco-azul-fluor-3\/","url":"https:\/\/revolutionpadelstore.com\/fr\/produit\/joma-slam-men-2402-blanco-azul-fluor-3\/","name":"JOMA SLAM MEN 2402 Blanco\/Azul Fluor - Revolution Padel Store","isPartOf":{"@id":"https:\/\/revolutionpadelstore.com\/fr\/#website"},"primaryImageOfPage":{"@id":"https:\/\/revolutionpadelstore.com\/fr\/produit\/joma-slam-men-2402-blanco-azul-fluor-3\/#primaryimage"},"image":{"@id":"https:\/\/revolutionpadelstore.com\/fr\/produit\/joma-slam-men-2402-blanco-azul-fluor-3\/#primaryimage"},"thumbnailUrl":"https:\/\/revolutionpadelstore.com\/wp-content\/uploads\/2025\/01\/TSLAMW2402OM_1-1.jpg","datePublished":"2025-01-19T22:45:44+00:00","dateModified":"2026-04-08T06:22:42+00:00","description":"Descubre las zapatillas JOMA SLAM MEN 2402 Blanco y Azul Fluor, dise\u00f1adas para jugadores exigentes. M\u00e1ximo agarre, estabilidad y confort. \u00a1Compra online al mejor precio!","breadcrumb":{"@id":"https:\/\/revolutionpadelstore.com\/fr\/produit\/joma-slam-men-2402-blanco-azul-fluor-3\/#breadcrumb"},"inLanguage":"fr-FR","potentialAction":[{"@type":"ReadAction","target":["https:\/\/revolutionpadelstore.com\/fr\/produit\/joma-slam-men-2402-blanco-azul-fluor-3\/"]}]},{"@type":"ImageObject","inLanguage":"fr-FR","@id":"https:\/\/revolutionpadelstore.com\/fr\/produit\/joma-slam-men-2402-blanco-azul-fluor-3\/#primaryimage","url":"https:\/\/revolutionpadelstore.com\/wp-content\/uploads\/2025\/01\/TSLAMW2402OM_1-1.jpg","contentUrl":"https:\/\/revolutionpadelstore.com\/wp-content\/uploads\/2025\/01\/TSLAMW2402OM_1-1.jpg","width":2000,"height":2000},{"@type":"BreadcrumbList","@id":"https:\/\/revolutionpadelstore.com\/fr\/produit\/joma-slam-men-2402-blanco-azul-fluor-3\/#breadcrumb","itemListElement":[{"@type":"ListItem","position":1,"name":"Portada","item":"https:\/\/revolutionpadelstore.com\/fr\/"},{"@type":"ListItem","position":2,"name":"Boutique","item":"https:\/\/revolutionpadelstore.com\/fr\/tienda\/"},{"@type":"ListItem","position":3,"name":"JOMA SLAM MEN 2402 Blanco\/Azul Fluor"}]},{"@type":"WebSite","@id":"https:\/\/revolutionpadelstore.com\/fr\/#website","url":"https:\/\/revolutionpadelstore.com\/fr\/","name":"Revolution Padel Store","description":"","publisher":{"@id":"https:\/\/revolutionpadelstore.com\/fr\/#organization"},"potentialAction":[{"@type":"SearchAction","target":{"@type":"EntryPoint","urlTemplate":"https:\/\/revolutionpadelstore.com\/fr\/?s={search_term_string}"},"query-input":{"@type":"PropertyValueSpecification","valueRequired":true,"valueName":"search_term_string"}}],"inLanguage":"fr-FR"},{"@type":"Organization","@id":"https:\/\/revolutionpadelstore.com\/fr\/#organization","name":"Revolution Padel Store","url":"https:\/\/revolutionpadelstore.com\/fr\/","logo":{"@type":"ImageObject","inLanguage":"fr-FR","@id":"https:\/\/revolutionpadelstore.com\/fr\/#\/schema\/logo\/image\/","url":"https:\/\/revolutionpadelstore.com\/wp-content\/uploads\/2026\/02\/revolution-padel-store.jpg","contentUrl":"https:\/\/revolutionpadelstore.com\/wp-content\/uploads\/2026\/02\/revolution-padel-store.jpg","width":2000,"height":2000,"caption":"Revolution Padel Store"},"image":{"@id":"https:\/\/revolutionpadelstore.com\/fr\/#\/schema\/logo\/image\/"},"sameAs":["https:\/\/www.instagram.com\/revolutionpadelstore\/"]}]}},"_links":{"self":[{"href":"https:\/\/revolutionpadelstore.com\/fr\/wp-json\/wp\/v2\/product\/160203","targetHints":{"allow":["GET"]}}],"collection":[{"href":"https:\/\/revolutionpadelstore.com\/fr\/wp-json\/wp\/v2\/product"}],"about":[{"href":"https:\/\/revolutionpadelstore.com\/fr\/wp-json\/wp\/v2\/types\/product"}],"replies":[{"embeddable":true,"href":"https:\/\/revolutionpadelstore.com\/fr\/wp-json\/wp\/v2\/comments?post=160203"}],"wp:featuredmedia":[{"embeddable":true,"href":"https:\/\/revolutionpadelstore.com\/fr\/wp-json\/wp\/v2\/media\/160322"}],"wp:attachment":[{"href":"https:\/\/revolutionpadelstore.com\/fr\/wp-json\/wp\/v2\/media?parent=160203"}],"wp:term":[{"taxonomy":"acabado","embeddable":true,"href":"https:\/\/revolutionpadelstore.com\/fr\/wp-json\/wp\/v2\/acabado?post=160203"},{"taxonomy":"balance","embeddable":true,"href":"https:\/\/revolutionpadelstore.com\/fr\/wp-json\/wp\/v2\/balance?post=160203"},{"taxonomy":"dureza","embeddable":true,"href":"https:\/\/revolutionpadelstore.com\/fr\/wp-json\/wp\/v2\/dureza?post=160203"},{"taxonomy":"forma","embeddable":true,"href":"https:\/\/revolutionpadelstore.com\/fr\/wp-json\/wp\/v2\/forma?post=160203"},{"taxonomy":"jugador","embeddable":true,"href":"https:\/\/revolutionpadelstore.com\/fr\/wp-json\/wp\/v2\/jugador?post=160203"},{"taxonomy":"marca","embeddable":true,"href":"https:\/\/revolutionpadelstore.com\/fr\/wp-json\/wp\/v2\/marca?post=160203"},{"taxonomy":"nivel-de-juego","embeddable":true,"href":"https:\/\/revolutionpadelstore.com\/fr\/wp-json\/wp\/v2\/nivel-de-juego?post=160203"},{"taxonomy":"superficie","embeddable":true,"href":"https:\/\/revolutionpadelstore.com\/fr\/wp-json\/wp\/v2\/superficie?post=160203"},{"taxonomy":"tipo-de-juego","embeddable":true,"href":"https:\/\/revolutionpadelstore.com\/fr\/wp-json\/wp\/v2\/tipo-de-juego?post=160203"},{"taxonomy":"product_brand","embeddable":true,"href":"https:\/\/revolutionpadelstore.com\/fr\/wp-json\/wp\/v2\/product_brand?post=160203"},{"taxonomy":"product_cat","embeddable":true,"href":"https:\/\/revolutionpadelstore.com\/fr\/wp-json\/wp\/v2\/product_cat?post=160203"},{"taxonomy":"product_tag","embeddable":true,"href":"https:\/\/revolutionpadelstore.com\/fr\/wp-json\/wp\/v2\/product_tag?post=160203"}],"curies":[{"name":"wp","href":"https:\/\/api.w.org\/{rel}","templated":true}]}}