{"id":160139,"date":"2025-01-19T23:27:36","date_gmt":"2025-01-19T22:27:36","guid":{"rendered":"https:\/\/revolutionpadelstore.com\/?post_type=product&#038;p=160139"},"modified":"2026-04-08T08:23:48","modified_gmt":"2026-04-08T06:23:48","slug":"neceser-adidas-black-red-3-4-3","status":"publish","type":"product","link":"https:\/\/revolutionpadelstore.com\/fr\/produit\/neceser-adidas-black-red-3-4-3\/","title":{"rendered":"NECESER ADIDAS BLACK\/RED 3.4"},"content":{"rendered":"<h2> Black Black \/ Network Aleger.<br \/>\nOrganisez vos accessoires de palette de style gr\u00e2ce au Black \/ Network 3.4 Ale Gal\u00e1n. Con\u00e7u pour offrir un maximum de praticit\u00e9, combine des mat\u00e9riaux de haute qualit\u00e9 avec un design sophistiqu\u00e9 dans les tons gris, noirs et rouges m\u00e9talliques.<\/p>\n<h2> Caract\u00e9ristiques principales: <\/h2>\n<p> <strong>-espace optimal: <\/strong> compartiment principal large et deux poches lat\u00e9rales avec zip pour stocker de petits objets en toute s\u00e9curit\u00e9.<br \/>\n<P> <strong> -Upper Editabilit\u00e9: <\/strong> fabriqu\u00e9 avec des mat\u00e9riaux r\u00e9sistants, parfaits pour une utilisation quotidienne.<br \/>\n<P> <strong> -Transportation Commission: <\/strong> poign\u00e9e ergonomique pour une gestion facile et confortable dans toutes les situations.<br \/>\n<P> <strong> -Le conception compacte: <\/strong> dimensions de 25 x 12 x 13 cm avec une capacit\u00e9 de 3 litres, id\u00e9ale pour ne transporter que l&#8217;essentiel.<\/p>\n<h2> Avantages: <\/h2>\n<p>Ce sac prot\u00e8ge non seulement vos objets personnels, mais ajoute \u00e9galement une touche d&#8217;\u00e9l\u00e9gance \u00e0 votre style sportif. Parfait pour les joueurs de pagaie qui appr\u00e9cient le confort et l&#8217;organisation, sur la piste ou \u00e0 l&#8217;ext\u00e9rieur.<\/p>\n<p>Obtenez Adidas Black \/ Network 3.4 et transportez vos accessoires toujours bien organis\u00e9s. Disponible maintenant dans notre boutique en ligne au meilleur prix du march\u00e9!<\/p>\n<p><strong> Achetez le v\u00f4tre \u00e0 <a href=\"http:\/\/www.revolutionpadelstore.com\/\"> www.revolutionpadelstore.com <\/a> et profitez de la meilleure exp\u00e9rience d&#8217;achat.<\/p>\n<h3> <\/h3>\n<h2>Neceser Adidas Black\/Red 3.4 Ale Gal\u00e1n: Elegancia y funcionalidad para el deportista moderno<\/h2>\n","protected":false},"excerpt":{"rendered":"<p>Le sac Black \/ Red 3.4 Aleg Gal\u00e1n vous permet de maintenir vos accessoires dans l&#8217;ordre gr\u00e2ce \u00e0 sa conception compacte, ses compartiments fonctionnels et ses mat\u00e9riaux durables. Id\u00e9al pour ceux qui cherchent \u00e0 combiner le style et la praticit\u00e9 sur la piste.<\/p>\n","protected":false},"featured_media":160097,"comment_status":"open","ping_status":"closed","template":"","meta":{"_acf_changed":false,"_joinchat":[]},"acabado":[],"balance":[],"dureza":[],"forma":[],"jugador":[],"marca":[1232],"nivel-de-juego":[],"superficie":[],"tipo-de-juego":[],"product_brand":[],"product_cat":[320],"product_tag":[],"class_list":{"0":"post-160139","1":"product","2":"type-product","3":"status-publish","4":"has-post-thumbnail","6":"marca-adidas-fr","7":"product_cat-sacs","9":"first","10":"outofstock","11":"sale","12":"taxable","13":"shipping-taxable","14":"purchasable","15":"product-type-simple"},"acf":[],"yoast_head":"<!-- This site is optimized with the Yoast SEO plugin v27.4 - https:\/\/yoast.com\/product\/yoast-seo-wordpress\/ -->\n<title>NECESER ADIDAS BLACK\/RED 3.4 - Revolution Padel Store<\/title>\n<meta name=\"description\" content=\"Organiza tus accesorios con el neceser Adidas Black\/Red 3.4 Ale Gal\u00e1n. Dise\u00f1o compacto y elegante, con materiales resistentes y capacidad de 3L. \u00a1Disponible en nuestra tienda online!\" \/>\n<meta name=\"robots\" content=\"index, follow, max-snippet:-1, max-image-preview:large, max-video-preview:-1\" \/>\n<link rel=\"canonical\" href=\"https:\/\/revolutionpadelstore.com\/fr\/produit\/neceser-adidas-black-red-3-4-3\/\" \/>\n<meta property=\"og:locale\" content=\"fr_FR\" \/>\n<meta property=\"og:type\" content=\"article\" \/>\n<meta property=\"og:title\" content=\"NECESER ADIDAS BLACK\/RED 3.4 - Revolution Padel Store\" \/>\n<meta property=\"og:description\" content=\"Organiza tus accesorios con el neceser Adidas Black\/Red 3.4 Ale Gal\u00e1n. Dise\u00f1o compacto y elegante, con materiales resistentes y capacidad de 3L. \u00a1Disponible en nuestra tienda online!\" \/>\n<meta property=\"og:url\" content=\"https:\/\/revolutionpadelstore.com\/fr\/produit\/neceser-adidas-black-red-3-4-3\/\" \/>\n<meta property=\"og:site_name\" content=\"Revolution Padel Store\" \/>\n<meta property=\"article:modified_time\" content=\"2026-04-08T06:23:48+00:00\" \/>\n<meta property=\"og:image\" content=\"https:\/\/revolutionpadelstore.com\/wp-content\/uploads\/2025\/01\/113721-neceser-adidas-black-red-3-4-ab5na0u221500x1500-1.webp\" \/>\n\t<meta property=\"og:image:width\" content=\"1500\" \/>\n\t<meta property=\"og:image:height\" content=\"1500\" \/>\n\t<meta property=\"og:image:type\" content=\"image\/webp\" \/>\n<meta name=\"twitter:card\" content=\"summary_large_image\" \/>\n<meta name=\"twitter:label1\" content=\"Dur\u00e9e de lecture estim\u00e9e\" \/>\n\t<meta name=\"twitter:data1\" content=\"1 minute\" \/>\n<script type=\"application\/ld+json\" class=\"yoast-schema-graph\">{\"@context\":\"https:\\\/\\\/schema.org\",\"@graph\":[{\"@type\":\"WebPage\",\"@id\":\"https:\\\/\\\/revolutionpadelstore.com\\\/fr\\\/produit\\\/neceser-adidas-black-red-3-4-3\\\/\",\"url\":\"https:\\\/\\\/revolutionpadelstore.com\\\/fr\\\/produit\\\/neceser-adidas-black-red-3-4-3\\\/\",\"name\":\"NECESER ADIDAS BLACK\\\/RED 3.4 - Revolution Padel Store\",\"isPartOf\":{\"@id\":\"https:\\\/\\\/revolutionpadelstore.com\\\/fr\\\/#website\"},\"primaryImageOfPage\":{\"@id\":\"https:\\\/\\\/revolutionpadelstore.com\\\/fr\\\/produit\\\/neceser-adidas-black-red-3-4-3\\\/#primaryimage\"},\"image\":{\"@id\":\"https:\\\/\\\/revolutionpadelstore.com\\\/fr\\\/produit\\\/neceser-adidas-black-red-3-4-3\\\/#primaryimage\"},\"thumbnailUrl\":\"https:\\\/\\\/revolutionpadelstore.com\\\/wp-content\\\/uploads\\\/2025\\\/01\\\/113721-neceser-adidas-black-red-3-4-ab5na0u221500x1500-1.webp\",\"datePublished\":\"2025-01-19T22:27:36+00:00\",\"dateModified\":\"2026-04-08T06:23:48+00:00\",\"description\":\"Organiza tus accesorios con el neceser Adidas Black\\\/Red 3.4 Ale Gal\u00e1n. Dise\u00f1o compacto y elegante, con materiales resistentes y capacidad de 3L. \u00a1Disponible en nuestra tienda online!\",\"breadcrumb\":{\"@id\":\"https:\\\/\\\/revolutionpadelstore.com\\\/fr\\\/produit\\\/neceser-adidas-black-red-3-4-3\\\/#breadcrumb\"},\"inLanguage\":\"fr-FR\",\"potentialAction\":[{\"@type\":\"ReadAction\",\"target\":[\"https:\\\/\\\/revolutionpadelstore.com\\\/fr\\\/produit\\\/neceser-adidas-black-red-3-4-3\\\/\"]}]},{\"@type\":\"ImageObject\",\"inLanguage\":\"fr-FR\",\"@id\":\"https:\\\/\\\/revolutionpadelstore.com\\\/fr\\\/produit\\\/neceser-adidas-black-red-3-4-3\\\/#primaryimage\",\"url\":\"https:\\\/\\\/revolutionpadelstore.com\\\/wp-content\\\/uploads\\\/2025\\\/01\\\/113721-neceser-adidas-black-red-3-4-ab5na0u221500x1500-1.webp\",\"contentUrl\":\"https:\\\/\\\/revolutionpadelstore.com\\\/wp-content\\\/uploads\\\/2025\\\/01\\\/113721-neceser-adidas-black-red-3-4-ab5na0u221500x1500-1.webp\",\"width\":1500,\"height\":1500},{\"@type\":\"BreadcrumbList\",\"@id\":\"https:\\\/\\\/revolutionpadelstore.com\\\/fr\\\/produit\\\/neceser-adidas-black-red-3-4-3\\\/#breadcrumb\",\"itemListElement\":[{\"@type\":\"ListItem\",\"position\":1,\"name\":\"Portada\",\"item\":\"https:\\\/\\\/revolutionpadelstore.com\\\/fr\\\/\"},{\"@type\":\"ListItem\",\"position\":2,\"name\":\"Boutique\",\"item\":\"https:\\\/\\\/revolutionpadelstore.com\\\/fr\\\/tienda\\\/\"},{\"@type\":\"ListItem\",\"position\":3,\"name\":\"NECESER ADIDAS BLACK\\\/RED 3.4\"}]},{\"@type\":\"WebSite\",\"@id\":\"https:\\\/\\\/revolutionpadelstore.com\\\/fr\\\/#website\",\"url\":\"https:\\\/\\\/revolutionpadelstore.com\\\/fr\\\/\",\"name\":\"Revolution Padel Store\",\"description\":\"\",\"publisher\":{\"@id\":\"https:\\\/\\\/revolutionpadelstore.com\\\/fr\\\/#organization\"},\"potentialAction\":[{\"@type\":\"SearchAction\",\"target\":{\"@type\":\"EntryPoint\",\"urlTemplate\":\"https:\\\/\\\/revolutionpadelstore.com\\\/fr\\\/?s={search_term_string}\"},\"query-input\":{\"@type\":\"PropertyValueSpecification\",\"valueRequired\":true,\"valueName\":\"search_term_string\"}}],\"inLanguage\":\"fr-FR\"},{\"@type\":\"Organization\",\"@id\":\"https:\\\/\\\/revolutionpadelstore.com\\\/fr\\\/#organization\",\"name\":\"Revolution Padel Store\",\"url\":\"https:\\\/\\\/revolutionpadelstore.com\\\/fr\\\/\",\"logo\":{\"@type\":\"ImageObject\",\"inLanguage\":\"fr-FR\",\"@id\":\"https:\\\/\\\/revolutionpadelstore.com\\\/fr\\\/#\\\/schema\\\/logo\\\/image\\\/\",\"url\":\"https:\\\/\\\/revolutionpadelstore.com\\\/wp-content\\\/uploads\\\/2026\\\/02\\\/revolution-padel-store.jpg\",\"contentUrl\":\"https:\\\/\\\/revolutionpadelstore.com\\\/wp-content\\\/uploads\\\/2026\\\/02\\\/revolution-padel-store.jpg\",\"width\":2000,\"height\":2000,\"caption\":\"Revolution Padel Store\"},\"image\":{\"@id\":\"https:\\\/\\\/revolutionpadelstore.com\\\/fr\\\/#\\\/schema\\\/logo\\\/image\\\/\"},\"sameAs\":[\"https:\\\/\\\/www.instagram.com\\\/revolutionpadelstore\\\/\"]}]}<\/script>\n<!-- \/ Yoast SEO plugin. -->","yoast_head_json":{"title":"NECESER ADIDAS BLACK\/RED 3.4 - Revolution Padel Store","description":"Organiza tus accesorios con el neceser Adidas Black\/Red 3.4 Ale Gal\u00e1n. Dise\u00f1o compacto y elegante, con materiales resistentes y capacidad de 3L. \u00a1Disponible en nuestra tienda online!","robots":{"index":"index","follow":"follow","max-snippet":"max-snippet:-1","max-image-preview":"max-image-preview:large","max-video-preview":"max-video-preview:-1"},"canonical":"https:\/\/revolutionpadelstore.com\/fr\/produit\/neceser-adidas-black-red-3-4-3\/","og_locale":"fr_FR","og_type":"article","og_title":"NECESER ADIDAS BLACK\/RED 3.4 - Revolution Padel Store","og_description":"Organiza tus accesorios con el neceser Adidas Black\/Red 3.4 Ale Gal\u00e1n. Dise\u00f1o compacto y elegante, con materiales resistentes y capacidad de 3L. \u00a1Disponible en nuestra tienda online!","og_url":"https:\/\/revolutionpadelstore.com\/fr\/produit\/neceser-adidas-black-red-3-4-3\/","og_site_name":"Revolution Padel Store","article_modified_time":"2026-04-08T06:23:48+00:00","og_image":[{"width":1500,"height":1500,"url":"https:\/\/revolutionpadelstore.com\/wp-content\/uploads\/2025\/01\/113721-neceser-adidas-black-red-3-4-ab5na0u221500x1500-1.webp","type":"image\/webp"}],"twitter_card":"summary_large_image","twitter_misc":{"Dur\u00e9e de lecture estim\u00e9e":"1 minute"},"schema":{"@context":"https:\/\/schema.org","@graph":[{"@type":"WebPage","@id":"https:\/\/revolutionpadelstore.com\/fr\/produit\/neceser-adidas-black-red-3-4-3\/","url":"https:\/\/revolutionpadelstore.com\/fr\/produit\/neceser-adidas-black-red-3-4-3\/","name":"NECESER ADIDAS BLACK\/RED 3.4 - Revolution Padel Store","isPartOf":{"@id":"https:\/\/revolutionpadelstore.com\/fr\/#website"},"primaryImageOfPage":{"@id":"https:\/\/revolutionpadelstore.com\/fr\/produit\/neceser-adidas-black-red-3-4-3\/#primaryimage"},"image":{"@id":"https:\/\/revolutionpadelstore.com\/fr\/produit\/neceser-adidas-black-red-3-4-3\/#primaryimage"},"thumbnailUrl":"https:\/\/revolutionpadelstore.com\/wp-content\/uploads\/2025\/01\/113721-neceser-adidas-black-red-3-4-ab5na0u221500x1500-1.webp","datePublished":"2025-01-19T22:27:36+00:00","dateModified":"2026-04-08T06:23:48+00:00","description":"Organiza tus accesorios con el neceser Adidas Black\/Red 3.4 Ale Gal\u00e1n. Dise\u00f1o compacto y elegante, con materiales resistentes y capacidad de 3L. \u00a1Disponible en nuestra tienda online!","breadcrumb":{"@id":"https:\/\/revolutionpadelstore.com\/fr\/produit\/neceser-adidas-black-red-3-4-3\/#breadcrumb"},"inLanguage":"fr-FR","potentialAction":[{"@type":"ReadAction","target":["https:\/\/revolutionpadelstore.com\/fr\/produit\/neceser-adidas-black-red-3-4-3\/"]}]},{"@type":"ImageObject","inLanguage":"fr-FR","@id":"https:\/\/revolutionpadelstore.com\/fr\/produit\/neceser-adidas-black-red-3-4-3\/#primaryimage","url":"https:\/\/revolutionpadelstore.com\/wp-content\/uploads\/2025\/01\/113721-neceser-adidas-black-red-3-4-ab5na0u221500x1500-1.webp","contentUrl":"https:\/\/revolutionpadelstore.com\/wp-content\/uploads\/2025\/01\/113721-neceser-adidas-black-red-3-4-ab5na0u221500x1500-1.webp","width":1500,"height":1500},{"@type":"BreadcrumbList","@id":"https:\/\/revolutionpadelstore.com\/fr\/produit\/neceser-adidas-black-red-3-4-3\/#breadcrumb","itemListElement":[{"@type":"ListItem","position":1,"name":"Portada","item":"https:\/\/revolutionpadelstore.com\/fr\/"},{"@type":"ListItem","position":2,"name":"Boutique","item":"https:\/\/revolutionpadelstore.com\/fr\/tienda\/"},{"@type":"ListItem","position":3,"name":"NECESER ADIDAS BLACK\/RED 3.4"}]},{"@type":"WebSite","@id":"https:\/\/revolutionpadelstore.com\/fr\/#website","url":"https:\/\/revolutionpadelstore.com\/fr\/","name":"Revolution Padel Store","description":"","publisher":{"@id":"https:\/\/revolutionpadelstore.com\/fr\/#organization"},"potentialAction":[{"@type":"SearchAction","target":{"@type":"EntryPoint","urlTemplate":"https:\/\/revolutionpadelstore.com\/fr\/?s={search_term_string}"},"query-input":{"@type":"PropertyValueSpecification","valueRequired":true,"valueName":"search_term_string"}}],"inLanguage":"fr-FR"},{"@type":"Organization","@id":"https:\/\/revolutionpadelstore.com\/fr\/#organization","name":"Revolution Padel Store","url":"https:\/\/revolutionpadelstore.com\/fr\/","logo":{"@type":"ImageObject","inLanguage":"fr-FR","@id":"https:\/\/revolutionpadelstore.com\/fr\/#\/schema\/logo\/image\/","url":"https:\/\/revolutionpadelstore.com\/wp-content\/uploads\/2026\/02\/revolution-padel-store.jpg","contentUrl":"https:\/\/revolutionpadelstore.com\/wp-content\/uploads\/2026\/02\/revolution-padel-store.jpg","width":2000,"height":2000,"caption":"Revolution Padel Store"},"image":{"@id":"https:\/\/revolutionpadelstore.com\/fr\/#\/schema\/logo\/image\/"},"sameAs":["https:\/\/www.instagram.com\/revolutionpadelstore\/"]}]}},"_links":{"self":[{"href":"https:\/\/revolutionpadelstore.com\/fr\/wp-json\/wp\/v2\/product\/160139","targetHints":{"allow":["GET"]}}],"collection":[{"href":"https:\/\/revolutionpadelstore.com\/fr\/wp-json\/wp\/v2\/product"}],"about":[{"href":"https:\/\/revolutionpadelstore.com\/fr\/wp-json\/wp\/v2\/types\/product"}],"replies":[{"embeddable":true,"href":"https:\/\/revolutionpadelstore.com\/fr\/wp-json\/wp\/v2\/comments?post=160139"}],"wp:featuredmedia":[{"embeddable":true,"href":"https:\/\/revolutionpadelstore.com\/fr\/wp-json\/wp\/v2\/media\/160097"}],"wp:attachment":[{"href":"https:\/\/revolutionpadelstore.com\/fr\/wp-json\/wp\/v2\/media?parent=160139"}],"wp:term":[{"taxonomy":"acabado","embeddable":true,"href":"https:\/\/revolutionpadelstore.com\/fr\/wp-json\/wp\/v2\/acabado?post=160139"},{"taxonomy":"balance","embeddable":true,"href":"https:\/\/revolutionpadelstore.com\/fr\/wp-json\/wp\/v2\/balance?post=160139"},{"taxonomy":"dureza","embeddable":true,"href":"https:\/\/revolutionpadelstore.com\/fr\/wp-json\/wp\/v2\/dureza?post=160139"},{"taxonomy":"forma","embeddable":true,"href":"https:\/\/revolutionpadelstore.com\/fr\/wp-json\/wp\/v2\/forma?post=160139"},{"taxonomy":"jugador","embeddable":true,"href":"https:\/\/revolutionpadelstore.com\/fr\/wp-json\/wp\/v2\/jugador?post=160139"},{"taxonomy":"marca","embeddable":true,"href":"https:\/\/revolutionpadelstore.com\/fr\/wp-json\/wp\/v2\/marca?post=160139"},{"taxonomy":"nivel-de-juego","embeddable":true,"href":"https:\/\/revolutionpadelstore.com\/fr\/wp-json\/wp\/v2\/nivel-de-juego?post=160139"},{"taxonomy":"superficie","embeddable":true,"href":"https:\/\/revolutionpadelstore.com\/fr\/wp-json\/wp\/v2\/superficie?post=160139"},{"taxonomy":"tipo-de-juego","embeddable":true,"href":"https:\/\/revolutionpadelstore.com\/fr\/wp-json\/wp\/v2\/tipo-de-juego?post=160139"},{"taxonomy":"product_brand","embeddable":true,"href":"https:\/\/revolutionpadelstore.com\/fr\/wp-json\/wp\/v2\/product_brand?post=160139"},{"taxonomy":"product_cat","embeddable":true,"href":"https:\/\/revolutionpadelstore.com\/fr\/wp-json\/wp\/v2\/product_cat?post=160139"},{"taxonomy":"product_tag","embeddable":true,"href":"https:\/\/revolutionpadelstore.com\/fr\/wp-json\/wp\/v2\/product_tag?post=160139"}],"curies":[{"name":"wp","href":"https:\/\/api.w.org\/{rel}","templated":true}]}}