{"id":159966,"date":"2025-01-18T10:31:32","date_gmt":"2025-01-18T09:31:32","guid":{"rendered":"https:\/\/revolutionpadelstore.com\/?post_type=product&#038;p=159966"},"modified":"2026-04-08T08:26:48","modified_gmt":"2026-04-08T06:26:48","slug":"mochila-adidas-multigame-negro-rojo-3-4-3","status":"publish","type":"product","link":"https:\/\/revolutionpadelstore.com\/fr\/produit\/mochila-adidas-multigame-negro-rojo-3-4-3\/","title":{"rendered":"MOCHILA ADIDAS MULTIGAME NEGRO\/ROJO 3.4"},"content":{"rendered":"<h2> Backpack multi-jeu Adidas 3.4 noir \/ rouge &#8211; polyvalence et style pour chaque joueur <\/h2>\n<p>D\u00e9couvrez le bac \u00e0 dos multi-jeu <strong> Adidas 3.4 <\/strong> en combinaison \u00e9l\u00e9gante de noir et de rouge, con\u00e7u pour r\u00e9pondre aux besoins des joueurs de paddle les plus exigeants. Avec <strong> 29&#215;15.5&#215;47 cm <\/strong> et une capacit\u00e9 r\u00e9glable de <strong> 42 \u00e0 48 litres <\/strong>, ce sac \u00e0 dos est id\u00e9al pour la formation, les comp\u00e9titions ou les activit\u00e9s quotidiennes. Son design pratique et moderne refl\u00e8te l&#8217;engagement d&#8217;Adidas envers les fonctionnalit\u00e9s et l&#8217;environnement.<\/p>\n<h2> Caract\u00e9ristiques exceptionnelles: <\/h2>\n<p> <strong> -SUSSAINable et r\u00e9sistant<br \/>\n<P style=\"padding-left: 40px\"> <strong> -Base renforc\u00e9 <\/strong>: offre une plus grande r\u00e9sistance et stabilit\u00e9, id\u00e9ale pour une utilisation intensive.<br \/>\n<P> <strong> -comodity garanti <\/strong>: incorpore un panneau arri\u00e8re ergonomique et des sangles rembourr\u00e9es en maille pour un transport confortable m\u00eame en longues jours.<\/p>\n<h2> Organisation et Smart Space <\/H2><br \/>\nLa conception de l&#8217;Adidas MultiGame 3.4 assure une fonctionnalit\u00e9 maximale:<br \/>\n<P> <strong> -Le compartiment principal avec Syst\u00e8me Rolltop <\/strong>: Ajustez l&#8217;espace en fonction de vos besoins quotidiens.<\/p>\n<p style=\"padding-left: 40px\"> <strong>-s\u00e9parateurs internes <\/strong>: incluez une poche s\u00fbre pour les objets personnels et un autre rembourrage pour prot\u00e9ger un ordinateur portable ou une pelle \u00e0 palette.<\/p>\n<p style=\"padding-left: 40px\"> <strong> -ateral en maille \u00e9lastique <\/strong>: parfait pour les bouteilles d&#8217;eau ou les bateaux \u00e0 balle.<\/p>\n<p> <strong> &#8211; compartiment sp\u00e9cialis\u00e9 <\/strong>: <\/p>\n<p><P> <em> -coat <\/em>: id\u00e9al pour les appareils \u00e9lectroniques.<\/p>\n<p> <em> -Thermal Fontal <\/em>: Gardez les boissons, la nourriture ou m\u00eame votre pelle \u00e0 la bonne temp\u00e9rature.<\/p>\n<h2> Avantages pour les joueurs de paddle <\/h2>\n<p>Ce sac \u00e0 dos combine le style et les fonctionnalit\u00e9s \u00e0 vous offrir:<\/p>\n<p style=\"padding-left: 40px\"> &#8211; Organisation maximale <strong> et confort <\/strong> dans vos d\u00e9placements.<\/p>\n<p> &#8211; Espaces d\u00e9di\u00e9s pour chaque accessoire, assurant la protection <strong> de votre \u00e9quipement <\/strong>.<\/p>\n<p style=\"padding-left: 40px\"> &#8211; une conception moderne et professionnelle qui s&#8217;adapte \u00e0 n&#8217;importe quel environnement.<br \/>\nObtenez le <strong> Adidas MultiGame Backpack 3.4 <\/strong> et exp\u00e9rimentez la qualit\u00e9 et le design que seuls Adidas peut offrir. Disponible maintenant dans notre boutique en ligne <a href=\"https:\/\/chatgpt.com\/g\/g-675432e02688191b6ee6d6f2fdbb15e-optimisation-textos\/c\/www.revolutionpadelstore.com\">, Probablement au meilleur prix du march\u00e9.<\/p>\n<h2>Mochila Adidas Multigame 3.4 Negro\/Rojo &#8211; Versatilidad y Estilo para Cada Jugador<\/h2>\n","protected":false},"excerpt":{"rendered":"<p>Backpack multi-jeu Adidas 3.4 dans les couleurs noir et rouge, fabriqu\u00e9e avec des mat\u00e9riaux recycl\u00e9s, avec des sangles r\u00e9glables et rembourr\u00e9es pour le confort et une base renforc\u00e9e pour une plus grande durabilit\u00e9.<\/p>\n","protected":false},"featured_media":159972,"comment_status":"open","ping_status":"closed","template":"","meta":{"_acf_changed":false,"_joinchat":[]},"acabado":[],"balance":[],"dureza":[],"forma":[],"jugador":[],"marca":[1232],"nivel-de-juego":[],"superficie":[],"tipo-de-juego":[],"product_brand":[],"product_cat":[320],"product_tag":[],"class_list":{"0":"post-159966","1":"product","2":"type-product","3":"status-publish","4":"has-post-thumbnail","6":"marca-adidas-fr","7":"product_cat-sacs","9":"first","10":"instock","11":"sale","12":"taxable","13":"shipping-taxable","14":"purchasable","15":"product-type-simple"},"acf":[],"yoast_head":"<!-- This site is optimized with the Yoast SEO plugin v27.4 - https:\/\/yoast.com\/product\/yoast-seo-wordpress\/ -->\n<title>MOCHILA ADIDAS MULTIGAME NEGRO\/ROJO 3.4 - Revolution Padel Store<\/title>\n<meta name=\"description\" content=\"Descubre la mochila Adidas Multigame 3.4 Negro\/Rojo, ideal para jugadores de p\u00e1del. Funcionalidad, comodidad y estilo en un dise\u00f1o sostenible y pr\u00e1ctico. \u00a1Compra online en Revolution Padel Store al mejor precio!\" \/>\n<meta name=\"robots\" content=\"index, follow, max-snippet:-1, max-image-preview:large, max-video-preview:-1\" \/>\n<link rel=\"canonical\" href=\"https:\/\/revolutionpadelstore.com\/fr\/produit\/mochila-adidas-multigame-negro-rojo-3-4-3\/\" \/>\n<meta property=\"og:locale\" content=\"fr_FR\" \/>\n<meta property=\"og:type\" content=\"article\" \/>\n<meta property=\"og:title\" content=\"MOCHILA ADIDAS MULTIGAME NEGRO\/ROJO 3.4 - Revolution Padel Store\" \/>\n<meta property=\"og:description\" content=\"Descubre la mochila Adidas Multigame 3.4 Negro\/Rojo, ideal para jugadores de p\u00e1del. Funcionalidad, comodidad y estilo en un dise\u00f1o sostenible y pr\u00e1ctico. \u00a1Compra online en Revolution Padel Store al mejor precio!\" \/>\n<meta property=\"og:url\" content=\"https:\/\/revolutionpadelstore.com\/fr\/produit\/mochila-adidas-multigame-negro-rojo-3-4-3\/\" \/>\n<meta property=\"og:site_name\" content=\"Revolution Padel Store\" \/>\n<meta property=\"article:modified_time\" content=\"2026-04-08T06:26:48+00:00\" \/>\n<meta property=\"og:image\" content=\"https:\/\/revolutionpadelstore.com\/wp-content\/uploads\/2025\/01\/113716-mochila-adidas-multigame-black-red-3-4-ab1ma0u221500x1500-1.webp\" \/>\n\t<meta property=\"og:image:width\" content=\"1500\" \/>\n\t<meta property=\"og:image:height\" content=\"1500\" \/>\n\t<meta property=\"og:image:type\" content=\"image\/webp\" \/>\n<meta name=\"twitter:card\" content=\"summary_large_image\" \/>\n<meta name=\"twitter:label1\" content=\"Dur\u00e9e de lecture estim\u00e9e\" \/>\n\t<meta name=\"twitter:data1\" content=\"2 minutes\" \/>\n<script type=\"application\/ld+json\" class=\"yoast-schema-graph\">{\"@context\":\"https:\\\/\\\/schema.org\",\"@graph\":[{\"@type\":\"WebPage\",\"@id\":\"https:\\\/\\\/revolutionpadelstore.com\\\/fr\\\/produit\\\/mochila-adidas-multigame-negro-rojo-3-4-3\\\/\",\"url\":\"https:\\\/\\\/revolutionpadelstore.com\\\/fr\\\/produit\\\/mochila-adidas-multigame-negro-rojo-3-4-3\\\/\",\"name\":\"MOCHILA ADIDAS MULTIGAME NEGRO\\\/ROJO 3.4 - Revolution Padel Store\",\"isPartOf\":{\"@id\":\"https:\\\/\\\/revolutionpadelstore.com\\\/fr\\\/#website\"},\"primaryImageOfPage\":{\"@id\":\"https:\\\/\\\/revolutionpadelstore.com\\\/fr\\\/produit\\\/mochila-adidas-multigame-negro-rojo-3-4-3\\\/#primaryimage\"},\"image\":{\"@id\":\"https:\\\/\\\/revolutionpadelstore.com\\\/fr\\\/produit\\\/mochila-adidas-multigame-negro-rojo-3-4-3\\\/#primaryimage\"},\"thumbnailUrl\":\"https:\\\/\\\/revolutionpadelstore.com\\\/wp-content\\\/uploads\\\/2025\\\/01\\\/113716-mochila-adidas-multigame-black-red-3-4-ab1ma0u221500x1500-1.webp\",\"datePublished\":\"2025-01-18T09:31:32+00:00\",\"dateModified\":\"2026-04-08T06:26:48+00:00\",\"description\":\"Descubre la mochila Adidas Multigame 3.4 Negro\\\/Rojo, ideal para jugadores de p\u00e1del. Funcionalidad, comodidad y estilo en un dise\u00f1o sostenible y pr\u00e1ctico. \u00a1Compra online en Revolution Padel Store al mejor precio!\",\"breadcrumb\":{\"@id\":\"https:\\\/\\\/revolutionpadelstore.com\\\/fr\\\/produit\\\/mochila-adidas-multigame-negro-rojo-3-4-3\\\/#breadcrumb\"},\"inLanguage\":\"fr-FR\",\"potentialAction\":[{\"@type\":\"ReadAction\",\"target\":[\"https:\\\/\\\/revolutionpadelstore.com\\\/fr\\\/produit\\\/mochila-adidas-multigame-negro-rojo-3-4-3\\\/\"]}]},{\"@type\":\"ImageObject\",\"inLanguage\":\"fr-FR\",\"@id\":\"https:\\\/\\\/revolutionpadelstore.com\\\/fr\\\/produit\\\/mochila-adidas-multigame-negro-rojo-3-4-3\\\/#primaryimage\",\"url\":\"https:\\\/\\\/revolutionpadelstore.com\\\/wp-content\\\/uploads\\\/2025\\\/01\\\/113716-mochila-adidas-multigame-black-red-3-4-ab1ma0u221500x1500-1.webp\",\"contentUrl\":\"https:\\\/\\\/revolutionpadelstore.com\\\/wp-content\\\/uploads\\\/2025\\\/01\\\/113716-mochila-adidas-multigame-black-red-3-4-ab1ma0u221500x1500-1.webp\",\"width\":1500,\"height\":1500},{\"@type\":\"BreadcrumbList\",\"@id\":\"https:\\\/\\\/revolutionpadelstore.com\\\/fr\\\/produit\\\/mochila-adidas-multigame-negro-rojo-3-4-3\\\/#breadcrumb\",\"itemListElement\":[{\"@type\":\"ListItem\",\"position\":1,\"name\":\"Portada\",\"item\":\"https:\\\/\\\/revolutionpadelstore.com\\\/fr\\\/\"},{\"@type\":\"ListItem\",\"position\":2,\"name\":\"Boutique\",\"item\":\"https:\\\/\\\/revolutionpadelstore.com\\\/fr\\\/tienda\\\/\"},{\"@type\":\"ListItem\",\"position\":3,\"name\":\"MOCHILA ADIDAS MULTIGAME NEGRO\\\/ROJO 3.4\"}]},{\"@type\":\"WebSite\",\"@id\":\"https:\\\/\\\/revolutionpadelstore.com\\\/fr\\\/#website\",\"url\":\"https:\\\/\\\/revolutionpadelstore.com\\\/fr\\\/\",\"name\":\"Revolution Padel Store\",\"description\":\"\",\"publisher\":{\"@id\":\"https:\\\/\\\/revolutionpadelstore.com\\\/fr\\\/#organization\"},\"potentialAction\":[{\"@type\":\"SearchAction\",\"target\":{\"@type\":\"EntryPoint\",\"urlTemplate\":\"https:\\\/\\\/revolutionpadelstore.com\\\/fr\\\/?s={search_term_string}\"},\"query-input\":{\"@type\":\"PropertyValueSpecification\",\"valueRequired\":true,\"valueName\":\"search_term_string\"}}],\"inLanguage\":\"fr-FR\"},{\"@type\":\"Organization\",\"@id\":\"https:\\\/\\\/revolutionpadelstore.com\\\/fr\\\/#organization\",\"name\":\"Revolution Padel Store\",\"url\":\"https:\\\/\\\/revolutionpadelstore.com\\\/fr\\\/\",\"logo\":{\"@type\":\"ImageObject\",\"inLanguage\":\"fr-FR\",\"@id\":\"https:\\\/\\\/revolutionpadelstore.com\\\/fr\\\/#\\\/schema\\\/logo\\\/image\\\/\",\"url\":\"https:\\\/\\\/revolutionpadelstore.com\\\/wp-content\\\/uploads\\\/2026\\\/02\\\/revolution-padel-store.jpg\",\"contentUrl\":\"https:\\\/\\\/revolutionpadelstore.com\\\/wp-content\\\/uploads\\\/2026\\\/02\\\/revolution-padel-store.jpg\",\"width\":2000,\"height\":2000,\"caption\":\"Revolution Padel Store\"},\"image\":{\"@id\":\"https:\\\/\\\/revolutionpadelstore.com\\\/fr\\\/#\\\/schema\\\/logo\\\/image\\\/\"},\"sameAs\":[\"https:\\\/\\\/www.instagram.com\\\/revolutionpadelstore\\\/\"]}]}<\/script>\n<!-- \/ Yoast SEO plugin. -->","yoast_head_json":{"title":"MOCHILA ADIDAS MULTIGAME NEGRO\/ROJO 3.4 - Revolution Padel Store","description":"Descubre la mochila Adidas Multigame 3.4 Negro\/Rojo, ideal para jugadores de p\u00e1del. Funcionalidad, comodidad y estilo en un dise\u00f1o sostenible y pr\u00e1ctico. \u00a1Compra online en Revolution Padel Store al mejor precio!","robots":{"index":"index","follow":"follow","max-snippet":"max-snippet:-1","max-image-preview":"max-image-preview:large","max-video-preview":"max-video-preview:-1"},"canonical":"https:\/\/revolutionpadelstore.com\/fr\/produit\/mochila-adidas-multigame-negro-rojo-3-4-3\/","og_locale":"fr_FR","og_type":"article","og_title":"MOCHILA ADIDAS MULTIGAME NEGRO\/ROJO 3.4 - Revolution Padel Store","og_description":"Descubre la mochila Adidas Multigame 3.4 Negro\/Rojo, ideal para jugadores de p\u00e1del. Funcionalidad, comodidad y estilo en un dise\u00f1o sostenible y pr\u00e1ctico. \u00a1Compra online en Revolution Padel Store al mejor precio!","og_url":"https:\/\/revolutionpadelstore.com\/fr\/produit\/mochila-adidas-multigame-negro-rojo-3-4-3\/","og_site_name":"Revolution Padel Store","article_modified_time":"2026-04-08T06:26:48+00:00","og_image":[{"width":1500,"height":1500,"url":"https:\/\/revolutionpadelstore.com\/wp-content\/uploads\/2025\/01\/113716-mochila-adidas-multigame-black-red-3-4-ab1ma0u221500x1500-1.webp","type":"image\/webp"}],"twitter_card":"summary_large_image","twitter_misc":{"Dur\u00e9e de lecture estim\u00e9e":"2 minutes"},"schema":{"@context":"https:\/\/schema.org","@graph":[{"@type":"WebPage","@id":"https:\/\/revolutionpadelstore.com\/fr\/produit\/mochila-adidas-multigame-negro-rojo-3-4-3\/","url":"https:\/\/revolutionpadelstore.com\/fr\/produit\/mochila-adidas-multigame-negro-rojo-3-4-3\/","name":"MOCHILA ADIDAS MULTIGAME NEGRO\/ROJO 3.4 - Revolution Padel Store","isPartOf":{"@id":"https:\/\/revolutionpadelstore.com\/fr\/#website"},"primaryImageOfPage":{"@id":"https:\/\/revolutionpadelstore.com\/fr\/produit\/mochila-adidas-multigame-negro-rojo-3-4-3\/#primaryimage"},"image":{"@id":"https:\/\/revolutionpadelstore.com\/fr\/produit\/mochila-adidas-multigame-negro-rojo-3-4-3\/#primaryimage"},"thumbnailUrl":"https:\/\/revolutionpadelstore.com\/wp-content\/uploads\/2025\/01\/113716-mochila-adidas-multigame-black-red-3-4-ab1ma0u221500x1500-1.webp","datePublished":"2025-01-18T09:31:32+00:00","dateModified":"2026-04-08T06:26:48+00:00","description":"Descubre la mochila Adidas Multigame 3.4 Negro\/Rojo, ideal para jugadores de p\u00e1del. Funcionalidad, comodidad y estilo en un dise\u00f1o sostenible y pr\u00e1ctico. \u00a1Compra online en Revolution Padel Store al mejor precio!","breadcrumb":{"@id":"https:\/\/revolutionpadelstore.com\/fr\/produit\/mochila-adidas-multigame-negro-rojo-3-4-3\/#breadcrumb"},"inLanguage":"fr-FR","potentialAction":[{"@type":"ReadAction","target":["https:\/\/revolutionpadelstore.com\/fr\/produit\/mochila-adidas-multigame-negro-rojo-3-4-3\/"]}]},{"@type":"ImageObject","inLanguage":"fr-FR","@id":"https:\/\/revolutionpadelstore.com\/fr\/produit\/mochila-adidas-multigame-negro-rojo-3-4-3\/#primaryimage","url":"https:\/\/revolutionpadelstore.com\/wp-content\/uploads\/2025\/01\/113716-mochila-adidas-multigame-black-red-3-4-ab1ma0u221500x1500-1.webp","contentUrl":"https:\/\/revolutionpadelstore.com\/wp-content\/uploads\/2025\/01\/113716-mochila-adidas-multigame-black-red-3-4-ab1ma0u221500x1500-1.webp","width":1500,"height":1500},{"@type":"BreadcrumbList","@id":"https:\/\/revolutionpadelstore.com\/fr\/produit\/mochila-adidas-multigame-negro-rojo-3-4-3\/#breadcrumb","itemListElement":[{"@type":"ListItem","position":1,"name":"Portada","item":"https:\/\/revolutionpadelstore.com\/fr\/"},{"@type":"ListItem","position":2,"name":"Boutique","item":"https:\/\/revolutionpadelstore.com\/fr\/tienda\/"},{"@type":"ListItem","position":3,"name":"MOCHILA ADIDAS MULTIGAME NEGRO\/ROJO 3.4"}]},{"@type":"WebSite","@id":"https:\/\/revolutionpadelstore.com\/fr\/#website","url":"https:\/\/revolutionpadelstore.com\/fr\/","name":"Revolution Padel Store","description":"","publisher":{"@id":"https:\/\/revolutionpadelstore.com\/fr\/#organization"},"potentialAction":[{"@type":"SearchAction","target":{"@type":"EntryPoint","urlTemplate":"https:\/\/revolutionpadelstore.com\/fr\/?s={search_term_string}"},"query-input":{"@type":"PropertyValueSpecification","valueRequired":true,"valueName":"search_term_string"}}],"inLanguage":"fr-FR"},{"@type":"Organization","@id":"https:\/\/revolutionpadelstore.com\/fr\/#organization","name":"Revolution Padel Store","url":"https:\/\/revolutionpadelstore.com\/fr\/","logo":{"@type":"ImageObject","inLanguage":"fr-FR","@id":"https:\/\/revolutionpadelstore.com\/fr\/#\/schema\/logo\/image\/","url":"https:\/\/revolutionpadelstore.com\/wp-content\/uploads\/2026\/02\/revolution-padel-store.jpg","contentUrl":"https:\/\/revolutionpadelstore.com\/wp-content\/uploads\/2026\/02\/revolution-padel-store.jpg","width":2000,"height":2000,"caption":"Revolution Padel Store"},"image":{"@id":"https:\/\/revolutionpadelstore.com\/fr\/#\/schema\/logo\/image\/"},"sameAs":["https:\/\/www.instagram.com\/revolutionpadelstore\/"]}]}},"_links":{"self":[{"href":"https:\/\/revolutionpadelstore.com\/fr\/wp-json\/wp\/v2\/product\/159966","targetHints":{"allow":["GET"]}}],"collection":[{"href":"https:\/\/revolutionpadelstore.com\/fr\/wp-json\/wp\/v2\/product"}],"about":[{"href":"https:\/\/revolutionpadelstore.com\/fr\/wp-json\/wp\/v2\/types\/product"}],"replies":[{"embeddable":true,"href":"https:\/\/revolutionpadelstore.com\/fr\/wp-json\/wp\/v2\/comments?post=159966"}],"wp:featuredmedia":[{"embeddable":true,"href":"https:\/\/revolutionpadelstore.com\/fr\/wp-json\/wp\/v2\/media\/159972"}],"wp:attachment":[{"href":"https:\/\/revolutionpadelstore.com\/fr\/wp-json\/wp\/v2\/media?parent=159966"}],"wp:term":[{"taxonomy":"acabado","embeddable":true,"href":"https:\/\/revolutionpadelstore.com\/fr\/wp-json\/wp\/v2\/acabado?post=159966"},{"taxonomy":"balance","embeddable":true,"href":"https:\/\/revolutionpadelstore.com\/fr\/wp-json\/wp\/v2\/balance?post=159966"},{"taxonomy":"dureza","embeddable":true,"href":"https:\/\/revolutionpadelstore.com\/fr\/wp-json\/wp\/v2\/dureza?post=159966"},{"taxonomy":"forma","embeddable":true,"href":"https:\/\/revolutionpadelstore.com\/fr\/wp-json\/wp\/v2\/forma?post=159966"},{"taxonomy":"jugador","embeddable":true,"href":"https:\/\/revolutionpadelstore.com\/fr\/wp-json\/wp\/v2\/jugador?post=159966"},{"taxonomy":"marca","embeddable":true,"href":"https:\/\/revolutionpadelstore.com\/fr\/wp-json\/wp\/v2\/marca?post=159966"},{"taxonomy":"nivel-de-juego","embeddable":true,"href":"https:\/\/revolutionpadelstore.com\/fr\/wp-json\/wp\/v2\/nivel-de-juego?post=159966"},{"taxonomy":"superficie","embeddable":true,"href":"https:\/\/revolutionpadelstore.com\/fr\/wp-json\/wp\/v2\/superficie?post=159966"},{"taxonomy":"tipo-de-juego","embeddable":true,"href":"https:\/\/revolutionpadelstore.com\/fr\/wp-json\/wp\/v2\/tipo-de-juego?post=159966"},{"taxonomy":"product_brand","embeddable":true,"href":"https:\/\/revolutionpadelstore.com\/fr\/wp-json\/wp\/v2\/product_brand?post=159966"},{"taxonomy":"product_cat","embeddable":true,"href":"https:\/\/revolutionpadelstore.com\/fr\/wp-json\/wp\/v2\/product_cat?post=159966"},{"taxonomy":"product_tag","embeddable":true,"href":"https:\/\/revolutionpadelstore.com\/fr\/wp-json\/wp\/v2\/product_tag?post=159966"}],"curies":[{"name":"wp","href":"https:\/\/api.w.org\/{rel}","templated":true}]}}