{"id":159955,"date":"2025-01-17T21:32:32","date_gmt":"2025-01-17T20:32:32","guid":{"rendered":"https:\/\/revolutionpadelstore.com\/mochila-adidas-multigame-sand-3-4-2025\/"},"modified":"2026-04-08T08:27:10","modified_gmt":"2026-04-08T06:27:10","slug":"mochila-adidas-multigame-sand-3-4-2025-3","status":"publish","type":"product","link":"https:\/\/revolutionpadelstore.com\/fr\/produit\/mochila-adidas-multigame-sand-3-4-2025-3\/","title":{"rendered":"MOCHILA ADIDAS MULTIGAME SAND 3.4 2025"},"content":{"rendered":"<h2> Backpack Sand MultiGame Adidas 3.4 2025. <strong> Organisation et fonctionnalit\u00e9 premium <\/strong> <\/h2>\n<p>Le <strong> sac \u00e0 dos de sable multi-jeu Adidas 3.4 2025 <\/strong> est l&#8217;accessoire id\u00e9al pour ceux qui cherchent \u00e0 transporter leur \u00e9quipe paddle avec confort et style. Con\u00e7u avec une onglet innovante <strong> <\/strong>, ce sac \u00e0 dos permet un acc\u00e8s rapide et s\u00fbr au large compartiment central, parfait pour les v\u00eatements de magasin et autres \u00e9l\u00e9ments d&#8217;entra\u00eenement essentiels.<\/p>\n<h2> <strong> Protection et stockage polyvalents<\/p>\n<p> <strong> -trong&gt; Bolsillos lat\u00e9raux <\/strong>: comprend deux compartiments avec isolation thermique, con\u00e7us pour transporter et prot\u00e9ger jusqu&#8217;\u00e0 deux palettes de chaque c\u00f4t\u00e9.<br \/>\n<P> <strong> -COMPARTment pour les chaussures <\/strong>: Gardez votre \u00e9quipement propre et organis\u00e9 avec un espace ind\u00e9pendant et a\u00e9r\u00e9 pour les chaussures.<br \/>\n<P style=\"padding-left: 40px\"> <strong> -Additional Bases <\/strong>: Il a des compartiments plus \u00e9lev\u00e9s et lat\u00e9raux, id\u00e9al pour les petits ou des objets de valeur.<\/p>\n<h2> <strong> Durabilit\u00e9 et conception ergonomique <\/strong> <\/h2>\n<p>Fabriqu\u00e9 avec des mat\u00e9riaux durables tels que <strong> polythersulfone <\/strong> et <strong> polyester recycl\u00e9 <\/strong>, ce sac \u00e0 dos est r\u00e9sistant et respectueux de l&#8217;environnement. De plus, sa conception dans les tons d&#8217;argile et de brun noir offre une touche moderne et \u00e9l\u00e9gante. Les bretelles <strong> en filet rembourr\u00e9es <\/strong> et les poign\u00e9es r\u00e9glables garantissent un transport confortable et ergonomique, m\u00eame pendant les longues journ\u00e9es sportives.<\/p>\n<h2> <strong> Sp\u00e9cifications techniques <\/strong> <\/h2>\n<p><P> <strong> -Capacit\u00e9 <\/strong>: 58 litres.<br \/>\n<P> <strong> -Dimensions <\/strong>: 56 x 35 x 29 cm.<\/p>\n<p> <strong> -materials <\/strong>: polyesulfone et polyester recycl\u00e9.<\/p>\n<h2> <strong> Avantages exclusifs <\/strong> <\/h2>\n<p>Gr\u00e2ce \u00e0 sa conception intelligente et \u00e0 des mat\u00e9riaux de haute qualit\u00e9, le <strong> adidas Multigame Sand 3.4 2025 <\/strong> est une option essentielle pour les joueurs de tous niveaux \u00e0 la recherche d&#8217;organisation <strong>, de confort et de style <\/strong> dans son \u00e9quipe sportive .<\/p>\n<p><strong> effectuez votre achat aujourd&#8217;hui et passez votre exp\u00e9rience \u00e0 la pagaie au niveau sup\u00e9rieur! Disponible dans notre boutique en ligne <a href=\"https:\/\/www.revolutionpadelstore.com\/\"> www.revolutionpadelstore.com <\/a>, probablement au meilleur prix du march\u00e9.<\/p>\n<h2>Mochila Adidas Multigame Sand 3.4 2025. <strong>Organizaci\u00f3n y Funcionalidad Premium<\/strong><\/p>\n","protected":false},"excerpt":{"rendered":"<p>Le sac \u00e0 dos Adidas MultiGame Sand 3.4 2025 se distingue par sa conception pratique et \u00e9l\u00e9gante, offrant des compartiments thermiques et une ventilation sp\u00e9cifique pour \u00e9conomiser l&#8217;\u00e9quipement de paddle Forkl d&#8217;une mani\u00e8re confortable et s\u00fbre.<\/p>\n","protected":false},"featured_media":159914,"comment_status":"open","ping_status":"closed","template":"","meta":{"_acf_changed":false,"_joinchat":[]},"acabado":[],"balance":[],"dureza":[],"forma":[],"jugador":[],"marca":[1232],"nivel-de-juego":[],"superficie":[],"tipo-de-juego":[],"product_brand":[],"product_cat":[320],"product_tag":[],"class_list":{"0":"post-159955","1":"product","2":"type-product","3":"status-publish","4":"has-post-thumbnail","6":"marca-adidas-fr","7":"product_cat-sacs","9":"first","10":"instock","11":"sale","12":"taxable","13":"shipping-taxable","14":"purchasable","15":"product-type-simple"},"acf":[],"yoast_head":"<!-- This site is optimized with the Yoast SEO plugin v27.4 - https:\/\/yoast.com\/product\/yoast-seo-wordpress\/ -->\n<title>MOCHILA ADIDAS MULTIGAME SAND 3.4 2025 - Revolution Padel Store<\/title>\n<meta name=\"description\" content=\"Descubre la Mochila Adidas Multigame Sand 3.4 2025, ideal para jugadores de p\u00e1del. Con capacidad de 58L, compartimentos t\u00e9rmicos y dise\u00f1o sostenible, es la opci\u00f3n perfecta para llevar tu equipo con estilo y comodidad. \u00a1Compra en Revolution Padel Store al mejor precio!\" \/>\n<meta name=\"robots\" content=\"index, follow, max-snippet:-1, max-image-preview:large, max-video-preview:-1\" \/>\n<link rel=\"canonical\" href=\"https:\/\/revolutionpadelstore.com\/fr\/produit\/mochila-adidas-multigame-sand-3-4-2025-3\/\" \/>\n<meta property=\"og:locale\" content=\"fr_FR\" \/>\n<meta property=\"og:type\" content=\"article\" \/>\n<meta property=\"og:title\" content=\"MOCHILA ADIDAS MULTIGAME SAND 3.4 2025 - Revolution Padel Store\" \/>\n<meta property=\"og:description\" content=\"Descubre la Mochila Adidas Multigame Sand 3.4 2025, ideal para jugadores de p\u00e1del. Con capacidad de 58L, compartimentos t\u00e9rmicos y dise\u00f1o sostenible, es la opci\u00f3n perfecta para llevar tu equipo con estilo y comodidad. \u00a1Compra en Revolution Padel Store al mejor precio!\" \/>\n<meta property=\"og:url\" content=\"https:\/\/revolutionpadelstore.com\/fr\/produit\/mochila-adidas-multigame-sand-3-4-2025-3\/\" \/>\n<meta property=\"og:site_name\" content=\"Revolution Padel Store\" \/>\n<meta property=\"article:modified_time\" content=\"2026-04-08T06:27:10+00:00\" \/>\n<meta property=\"og:image\" content=\"https:\/\/revolutionpadelstore.com\/wp-content\/uploads\/2025\/01\/113717-mochila-adidas-multigame-sand-3-4-ab1ma1u591500x1500-1.webp\" \/>\n\t<meta property=\"og:image:width\" content=\"1500\" \/>\n\t<meta property=\"og:image:height\" content=\"1500\" \/>\n\t<meta property=\"og:image:type\" content=\"image\/webp\" \/>\n<meta name=\"twitter:card\" content=\"summary_large_image\" \/>\n<meta name=\"twitter:label1\" content=\"Dur\u00e9e de lecture estim\u00e9e\" \/>\n\t<meta name=\"twitter:data1\" content=\"2 minutes\" \/>\n<script type=\"application\/ld+json\" class=\"yoast-schema-graph\">{\"@context\":\"https:\\\/\\\/schema.org\",\"@graph\":[{\"@type\":\"WebPage\",\"@id\":\"https:\\\/\\\/revolutionpadelstore.com\\\/fr\\\/produit\\\/mochila-adidas-multigame-sand-3-4-2025-3\\\/\",\"url\":\"https:\\\/\\\/revolutionpadelstore.com\\\/fr\\\/produit\\\/mochila-adidas-multigame-sand-3-4-2025-3\\\/\",\"name\":\"MOCHILA ADIDAS MULTIGAME SAND 3.4 2025 - Revolution Padel Store\",\"isPartOf\":{\"@id\":\"https:\\\/\\\/revolutionpadelstore.com\\\/fr\\\/#website\"},\"primaryImageOfPage\":{\"@id\":\"https:\\\/\\\/revolutionpadelstore.com\\\/fr\\\/produit\\\/mochila-adidas-multigame-sand-3-4-2025-3\\\/#primaryimage\"},\"image\":{\"@id\":\"https:\\\/\\\/revolutionpadelstore.com\\\/fr\\\/produit\\\/mochila-adidas-multigame-sand-3-4-2025-3\\\/#primaryimage\"},\"thumbnailUrl\":\"https:\\\/\\\/revolutionpadelstore.com\\\/wp-content\\\/uploads\\\/2025\\\/01\\\/113717-mochila-adidas-multigame-sand-3-4-ab1ma1u591500x1500-1.webp\",\"datePublished\":\"2025-01-17T20:32:32+00:00\",\"dateModified\":\"2026-04-08T06:27:10+00:00\",\"description\":\"Descubre la Mochila Adidas Multigame Sand 3.4 2025, ideal para jugadores de p\u00e1del. Con capacidad de 58L, compartimentos t\u00e9rmicos y dise\u00f1o sostenible, es la opci\u00f3n perfecta para llevar tu equipo con estilo y comodidad. \u00a1Compra en Revolution Padel Store al mejor precio!\",\"breadcrumb\":{\"@id\":\"https:\\\/\\\/revolutionpadelstore.com\\\/fr\\\/produit\\\/mochila-adidas-multigame-sand-3-4-2025-3\\\/#breadcrumb\"},\"inLanguage\":\"fr-FR\",\"potentialAction\":[{\"@type\":\"ReadAction\",\"target\":[\"https:\\\/\\\/revolutionpadelstore.com\\\/fr\\\/produit\\\/mochila-adidas-multigame-sand-3-4-2025-3\\\/\"]}]},{\"@type\":\"ImageObject\",\"inLanguage\":\"fr-FR\",\"@id\":\"https:\\\/\\\/revolutionpadelstore.com\\\/fr\\\/produit\\\/mochila-adidas-multigame-sand-3-4-2025-3\\\/#primaryimage\",\"url\":\"https:\\\/\\\/revolutionpadelstore.com\\\/wp-content\\\/uploads\\\/2025\\\/01\\\/113717-mochila-adidas-multigame-sand-3-4-ab1ma1u591500x1500-1.webp\",\"contentUrl\":\"https:\\\/\\\/revolutionpadelstore.com\\\/wp-content\\\/uploads\\\/2025\\\/01\\\/113717-mochila-adidas-multigame-sand-3-4-ab1ma1u591500x1500-1.webp\",\"width\":1500,\"height\":1500},{\"@type\":\"BreadcrumbList\",\"@id\":\"https:\\\/\\\/revolutionpadelstore.com\\\/fr\\\/produit\\\/mochila-adidas-multigame-sand-3-4-2025-3\\\/#breadcrumb\",\"itemListElement\":[{\"@type\":\"ListItem\",\"position\":1,\"name\":\"Portada\",\"item\":\"https:\\\/\\\/revolutionpadelstore.com\\\/fr\\\/\"},{\"@type\":\"ListItem\",\"position\":2,\"name\":\"Boutique\",\"item\":\"https:\\\/\\\/revolutionpadelstore.com\\\/fr\\\/tienda\\\/\"},{\"@type\":\"ListItem\",\"position\":3,\"name\":\"MOCHILA ADIDAS MULTIGAME SAND 3.4 2025\"}]},{\"@type\":\"WebSite\",\"@id\":\"https:\\\/\\\/revolutionpadelstore.com\\\/fr\\\/#website\",\"url\":\"https:\\\/\\\/revolutionpadelstore.com\\\/fr\\\/\",\"name\":\"Revolution Padel Store\",\"description\":\"\",\"publisher\":{\"@id\":\"https:\\\/\\\/revolutionpadelstore.com\\\/fr\\\/#organization\"},\"potentialAction\":[{\"@type\":\"SearchAction\",\"target\":{\"@type\":\"EntryPoint\",\"urlTemplate\":\"https:\\\/\\\/revolutionpadelstore.com\\\/fr\\\/?s={search_term_string}\"},\"query-input\":{\"@type\":\"PropertyValueSpecification\",\"valueRequired\":true,\"valueName\":\"search_term_string\"}}],\"inLanguage\":\"fr-FR\"},{\"@type\":\"Organization\",\"@id\":\"https:\\\/\\\/revolutionpadelstore.com\\\/fr\\\/#organization\",\"name\":\"Revolution Padel Store\",\"url\":\"https:\\\/\\\/revolutionpadelstore.com\\\/fr\\\/\",\"logo\":{\"@type\":\"ImageObject\",\"inLanguage\":\"fr-FR\",\"@id\":\"https:\\\/\\\/revolutionpadelstore.com\\\/fr\\\/#\\\/schema\\\/logo\\\/image\\\/\",\"url\":\"https:\\\/\\\/revolutionpadelstore.com\\\/wp-content\\\/uploads\\\/2026\\\/02\\\/revolution-padel-store.jpg\",\"contentUrl\":\"https:\\\/\\\/revolutionpadelstore.com\\\/wp-content\\\/uploads\\\/2026\\\/02\\\/revolution-padel-store.jpg\",\"width\":2000,\"height\":2000,\"caption\":\"Revolution Padel Store\"},\"image\":{\"@id\":\"https:\\\/\\\/revolutionpadelstore.com\\\/fr\\\/#\\\/schema\\\/logo\\\/image\\\/\"},\"sameAs\":[\"https:\\\/\\\/www.instagram.com\\\/revolutionpadelstore\\\/\"]}]}<\/script>\n<!-- \/ Yoast SEO plugin. -->","yoast_head_json":{"title":"MOCHILA ADIDAS MULTIGAME SAND 3.4 2025 - Revolution Padel Store","description":"Descubre la Mochila Adidas Multigame Sand 3.4 2025, ideal para jugadores de p\u00e1del. Con capacidad de 58L, compartimentos t\u00e9rmicos y dise\u00f1o sostenible, es la opci\u00f3n perfecta para llevar tu equipo con estilo y comodidad. \u00a1Compra en Revolution Padel Store al mejor precio!","robots":{"index":"index","follow":"follow","max-snippet":"max-snippet:-1","max-image-preview":"max-image-preview:large","max-video-preview":"max-video-preview:-1"},"canonical":"https:\/\/revolutionpadelstore.com\/fr\/produit\/mochila-adidas-multigame-sand-3-4-2025-3\/","og_locale":"fr_FR","og_type":"article","og_title":"MOCHILA ADIDAS MULTIGAME SAND 3.4 2025 - Revolution Padel Store","og_description":"Descubre la Mochila Adidas Multigame Sand 3.4 2025, ideal para jugadores de p\u00e1del. Con capacidad de 58L, compartimentos t\u00e9rmicos y dise\u00f1o sostenible, es la opci\u00f3n perfecta para llevar tu equipo con estilo y comodidad. \u00a1Compra en Revolution Padel Store al mejor precio!","og_url":"https:\/\/revolutionpadelstore.com\/fr\/produit\/mochila-adidas-multigame-sand-3-4-2025-3\/","og_site_name":"Revolution Padel Store","article_modified_time":"2026-04-08T06:27:10+00:00","og_image":[{"width":1500,"height":1500,"url":"https:\/\/revolutionpadelstore.com\/wp-content\/uploads\/2025\/01\/113717-mochila-adidas-multigame-sand-3-4-ab1ma1u591500x1500-1.webp","type":"image\/webp"}],"twitter_card":"summary_large_image","twitter_misc":{"Dur\u00e9e de lecture estim\u00e9e":"2 minutes"},"schema":{"@context":"https:\/\/schema.org","@graph":[{"@type":"WebPage","@id":"https:\/\/revolutionpadelstore.com\/fr\/produit\/mochila-adidas-multigame-sand-3-4-2025-3\/","url":"https:\/\/revolutionpadelstore.com\/fr\/produit\/mochila-adidas-multigame-sand-3-4-2025-3\/","name":"MOCHILA ADIDAS MULTIGAME SAND 3.4 2025 - Revolution Padel Store","isPartOf":{"@id":"https:\/\/revolutionpadelstore.com\/fr\/#website"},"primaryImageOfPage":{"@id":"https:\/\/revolutionpadelstore.com\/fr\/produit\/mochila-adidas-multigame-sand-3-4-2025-3\/#primaryimage"},"image":{"@id":"https:\/\/revolutionpadelstore.com\/fr\/produit\/mochila-adidas-multigame-sand-3-4-2025-3\/#primaryimage"},"thumbnailUrl":"https:\/\/revolutionpadelstore.com\/wp-content\/uploads\/2025\/01\/113717-mochila-adidas-multigame-sand-3-4-ab1ma1u591500x1500-1.webp","datePublished":"2025-01-17T20:32:32+00:00","dateModified":"2026-04-08T06:27:10+00:00","description":"Descubre la Mochila Adidas Multigame Sand 3.4 2025, ideal para jugadores de p\u00e1del. Con capacidad de 58L, compartimentos t\u00e9rmicos y dise\u00f1o sostenible, es la opci\u00f3n perfecta para llevar tu equipo con estilo y comodidad. \u00a1Compra en Revolution Padel Store al mejor precio!","breadcrumb":{"@id":"https:\/\/revolutionpadelstore.com\/fr\/produit\/mochila-adidas-multigame-sand-3-4-2025-3\/#breadcrumb"},"inLanguage":"fr-FR","potentialAction":[{"@type":"ReadAction","target":["https:\/\/revolutionpadelstore.com\/fr\/produit\/mochila-adidas-multigame-sand-3-4-2025-3\/"]}]},{"@type":"ImageObject","inLanguage":"fr-FR","@id":"https:\/\/revolutionpadelstore.com\/fr\/produit\/mochila-adidas-multigame-sand-3-4-2025-3\/#primaryimage","url":"https:\/\/revolutionpadelstore.com\/wp-content\/uploads\/2025\/01\/113717-mochila-adidas-multigame-sand-3-4-ab1ma1u591500x1500-1.webp","contentUrl":"https:\/\/revolutionpadelstore.com\/wp-content\/uploads\/2025\/01\/113717-mochila-adidas-multigame-sand-3-4-ab1ma1u591500x1500-1.webp","width":1500,"height":1500},{"@type":"BreadcrumbList","@id":"https:\/\/revolutionpadelstore.com\/fr\/produit\/mochila-adidas-multigame-sand-3-4-2025-3\/#breadcrumb","itemListElement":[{"@type":"ListItem","position":1,"name":"Portada","item":"https:\/\/revolutionpadelstore.com\/fr\/"},{"@type":"ListItem","position":2,"name":"Boutique","item":"https:\/\/revolutionpadelstore.com\/fr\/tienda\/"},{"@type":"ListItem","position":3,"name":"MOCHILA ADIDAS MULTIGAME SAND 3.4 2025"}]},{"@type":"WebSite","@id":"https:\/\/revolutionpadelstore.com\/fr\/#website","url":"https:\/\/revolutionpadelstore.com\/fr\/","name":"Revolution Padel Store","description":"","publisher":{"@id":"https:\/\/revolutionpadelstore.com\/fr\/#organization"},"potentialAction":[{"@type":"SearchAction","target":{"@type":"EntryPoint","urlTemplate":"https:\/\/revolutionpadelstore.com\/fr\/?s={search_term_string}"},"query-input":{"@type":"PropertyValueSpecification","valueRequired":true,"valueName":"search_term_string"}}],"inLanguage":"fr-FR"},{"@type":"Organization","@id":"https:\/\/revolutionpadelstore.com\/fr\/#organization","name":"Revolution Padel Store","url":"https:\/\/revolutionpadelstore.com\/fr\/","logo":{"@type":"ImageObject","inLanguage":"fr-FR","@id":"https:\/\/revolutionpadelstore.com\/fr\/#\/schema\/logo\/image\/","url":"https:\/\/revolutionpadelstore.com\/wp-content\/uploads\/2026\/02\/revolution-padel-store.jpg","contentUrl":"https:\/\/revolutionpadelstore.com\/wp-content\/uploads\/2026\/02\/revolution-padel-store.jpg","width":2000,"height":2000,"caption":"Revolution Padel Store"},"image":{"@id":"https:\/\/revolutionpadelstore.com\/fr\/#\/schema\/logo\/image\/"},"sameAs":["https:\/\/www.instagram.com\/revolutionpadelstore\/"]}]}},"_links":{"self":[{"href":"https:\/\/revolutionpadelstore.com\/fr\/wp-json\/wp\/v2\/product\/159955","targetHints":{"allow":["GET"]}}],"collection":[{"href":"https:\/\/revolutionpadelstore.com\/fr\/wp-json\/wp\/v2\/product"}],"about":[{"href":"https:\/\/revolutionpadelstore.com\/fr\/wp-json\/wp\/v2\/types\/product"}],"replies":[{"embeddable":true,"href":"https:\/\/revolutionpadelstore.com\/fr\/wp-json\/wp\/v2\/comments?post=159955"}],"wp:featuredmedia":[{"embeddable":true,"href":"https:\/\/revolutionpadelstore.com\/fr\/wp-json\/wp\/v2\/media\/159914"}],"wp:attachment":[{"href":"https:\/\/revolutionpadelstore.com\/fr\/wp-json\/wp\/v2\/media?parent=159955"}],"wp:term":[{"taxonomy":"acabado","embeddable":true,"href":"https:\/\/revolutionpadelstore.com\/fr\/wp-json\/wp\/v2\/acabado?post=159955"},{"taxonomy":"balance","embeddable":true,"href":"https:\/\/revolutionpadelstore.com\/fr\/wp-json\/wp\/v2\/balance?post=159955"},{"taxonomy":"dureza","embeddable":true,"href":"https:\/\/revolutionpadelstore.com\/fr\/wp-json\/wp\/v2\/dureza?post=159955"},{"taxonomy":"forma","embeddable":true,"href":"https:\/\/revolutionpadelstore.com\/fr\/wp-json\/wp\/v2\/forma?post=159955"},{"taxonomy":"jugador","embeddable":true,"href":"https:\/\/revolutionpadelstore.com\/fr\/wp-json\/wp\/v2\/jugador?post=159955"},{"taxonomy":"marca","embeddable":true,"href":"https:\/\/revolutionpadelstore.com\/fr\/wp-json\/wp\/v2\/marca?post=159955"},{"taxonomy":"nivel-de-juego","embeddable":true,"href":"https:\/\/revolutionpadelstore.com\/fr\/wp-json\/wp\/v2\/nivel-de-juego?post=159955"},{"taxonomy":"superficie","embeddable":true,"href":"https:\/\/revolutionpadelstore.com\/fr\/wp-json\/wp\/v2\/superficie?post=159955"},{"taxonomy":"tipo-de-juego","embeddable":true,"href":"https:\/\/revolutionpadelstore.com\/fr\/wp-json\/wp\/v2\/tipo-de-juego?post=159955"},{"taxonomy":"product_brand","embeddable":true,"href":"https:\/\/revolutionpadelstore.com\/fr\/wp-json\/wp\/v2\/product_brand?post=159955"},{"taxonomy":"product_cat","embeddable":true,"href":"https:\/\/revolutionpadelstore.com\/fr\/wp-json\/wp\/v2\/product_cat?post=159955"},{"taxonomy":"product_tag","embeddable":true,"href":"https:\/\/revolutionpadelstore.com\/fr\/wp-json\/wp\/v2\/product_tag?post=159955"}],"curies":[{"name":"wp","href":"https:\/\/api.w.org\/{rel}","templated":true}]}}