{"id":159907,"date":"2025-01-17T21:15:41","date_gmt":"2025-01-17T20:15:41","guid":{"rendered":"https:\/\/revolutionpadelstore.com\/mochila-adidas-protour-black-3-4-2025\/"},"modified":"2026-04-08T08:27:34","modified_gmt":"2026-04-08T06:27:34","slug":"mochila-adidas-protour-black-3-4-2025-3","status":"publish","type":"product","link":"https:\/\/revolutionpadelstore.com\/fr\/produit\/mochila-adidas-protour-black-3-4-2025-3\/","title":{"rendered":"MOCHILA ADIDAS PROTOUR BLACK 3.4 2025"},"content":{"rendered":"<h2> Adidas Black Black 3.4 2025 sac \u00e0 dos<br \/>\nLe sac \u00e0 dos adidas <strong> noir Black 3.4 <\/strong> est le choix parfait pour les joueurs de pagaie qui appr\u00e9cient \u00e0 la fois la fonctionnalit\u00e9 et le style. Faisant partie de la collection exclusive 2025 d&#8217;Adidas, ce sac \u00e0 dos combine le design et le confort modernes, \u00e9tant id\u00e9al pour transporter tout ce qui est n\u00e9cessaire pour votre entra\u00eenement et vos matchs.<\/p>\n<h2> Caract\u00e9ristiques principales: <\/h2>\n<p> <strong> -amplio Compartiment principal <\/strong> avec une fermeture \u00e9clair pour un acc\u00e8s rapide et simple \u00e0 vos articles.<br \/>\n<P style=\"padding-left: 40px\"> <strong> -Lolateal Bolsillos avec fermeture \u00e0 fermeture \u00e9clair <\/strong>, parfait pour maintenir vos accessoires organis\u00e9s et s\u00fbrs.<br \/>\n<P> <strong> Cordon \u00e9lastique actuel \u00e0 l&#8217;avant <\/strong>, ce qui nous permet non seulement de r\u00e9guler le volume du sac \u00e0 dos, mais ajoute \u00e9galement une touche distinctive \u00e0 la conception. \/ p&gt;<\/p>\n<h2> Protection et confort maximum: <\/h2>\n<p> <strong> -colchado arri\u00e8re <\/strong>, id\u00e9al pour porter des objets d\u00e9licats tels qu&#8217;un ordinateur portable ou des documents importants.<br \/>\n<P> <strong> -Correas and cit\u00e9 panneau arri\u00e8re <\/strong>, con\u00e7u pour vous offrir un confort plus \u00e9lev\u00e9, m\u00eame dans les jours les plus longs.<br \/>\n<P style=\"padding-left: 40px\"> &#8211; rev\u00eatement en mailles dans le panneau arri\u00e8re pour une meilleure respirabilit\u00e9.<\/p>\n<h2> Mat\u00e9riaux et dimensions durables: <\/h2>\n<p> &#8211; fabriqu\u00e9 avec <strong> polythersulfone <\/strong> et <strong> polyester recycl\u00e9 <\/strong>, ce sac \u00e0 dos est non seulement durable, mais aussi une option respectueuse avec l&#8217;environnement. <\/p>\n<p> &#8211; Dimensions: <strong> 32 x 50 x 23 cm <\/strong>.<\/p>\n<p> &#8211; Capacit\u00e9: <strong> 40 litres <\/strong>.<br \/>\nCe sac \u00e0 dos est une excellente option pour les joueurs les plus exigeants qui recherchent une solution pratique et stylis\u00e9e pour transporter leur \u00e9quipement de pagaie et leurs articles personnels.<\/p>\n<p>Acqu\u00e9rir maintenant le sac \u00e0 dos adidas Black Black 3.4 2025 dans notre boutique en ligne <a href=\"https:\/\/www.revolutionpadelstore.com\/\"> Revolution Padel Store <\/a>, probablement au meilleur prix du march\u00e9!<\/p>\n<h2>Mochila Adidas Protour Black 3.4 2025<\/h2>\n","protected":false},"excerpt":{"rendered":"<p>Le sac \u00e0 dos adidas Black Black 3.4 2025 se distingue par sa large capacit\u00e9, un compartiment arri\u00e8re rembourr\u00e9 et des sangles ergonomiques. Pr\u00e9par\u00e9 avec des mat\u00e9riaux \u00e9cologiques, c&#8217;est la combinaison parfaite de praticit\u00e9 et de conception, id\u00e9ale pour les athl\u00e8tes et les voyageurs.<\/p>\n","protected":false},"featured_media":159866,"comment_status":"open","ping_status":"closed","template":"","meta":{"_acf_changed":false,"_joinchat":[]},"acabado":[],"balance":[],"dureza":[],"forma":[],"jugador":[],"marca":[1232],"nivel-de-juego":[],"superficie":[],"tipo-de-juego":[],"product_brand":[],"product_cat":[320],"product_tag":[],"class_list":{"0":"post-159907","1":"product","2":"type-product","3":"status-publish","4":"has-post-thumbnail","6":"marca-adidas-fr","7":"product_cat-sacs","9":"first","10":"instock","11":"sale","12":"taxable","13":"shipping-taxable","14":"purchasable","15":"product-type-simple"},"acf":[],"yoast_head":"<!-- This site is optimized with the Yoast SEO plugin v27.4 - https:\/\/yoast.com\/product\/yoast-seo-wordpress\/ -->\n<title>MOCHILA ADIDAS PROTOUR BLACK 3.4 2025 - Revolution Padel Store<\/title>\n<meta name=\"description\" content=\"Descubre la Mochila Adidas Protour Black 3.4 de la colecci\u00f3n 2025, dise\u00f1ada para jugadores de p\u00e1del exigentes. Con compartimentos amplios, materiales sostenibles y comodidad superior, est\u00e1 disponible en Revolution Padel Store al mejor precio.\" \/>\n<meta name=\"robots\" content=\"index, follow, max-snippet:-1, max-image-preview:large, max-video-preview:-1\" \/>\n<link rel=\"canonical\" href=\"https:\/\/revolutionpadelstore.com\/fr\/produit\/mochila-adidas-protour-black-3-4-2025-3\/\" \/>\n<meta property=\"og:locale\" content=\"fr_FR\" \/>\n<meta property=\"og:type\" content=\"article\" \/>\n<meta property=\"og:title\" content=\"MOCHILA ADIDAS PROTOUR BLACK 3.4 2025 - Revolution Padel Store\" \/>\n<meta property=\"og:description\" content=\"Descubre la Mochila Adidas Protour Black 3.4 de la colecci\u00f3n 2025, dise\u00f1ada para jugadores de p\u00e1del exigentes. Con compartimentos amplios, materiales sostenibles y comodidad superior, est\u00e1 disponible en Revolution Padel Store al mejor precio.\" \/>\n<meta property=\"og:url\" content=\"https:\/\/revolutionpadelstore.com\/fr\/produit\/mochila-adidas-protour-black-3-4-2025-3\/\" \/>\n<meta property=\"og:site_name\" content=\"Revolution Padel Store\" \/>\n<meta property=\"article:modified_time\" content=\"2026-04-08T06:27:34+00:00\" \/>\n<meta property=\"og:image\" content=\"https:\/\/revolutionpadelstore.com\/wp-content\/uploads\/2025\/01\/113718-mochila-adidas-protour-black-3-4-ab1ma4u101500x1500-1.webp\" \/>\n\t<meta property=\"og:image:width\" content=\"1500\" \/>\n\t<meta property=\"og:image:height\" content=\"1500\" \/>\n\t<meta property=\"og:image:type\" content=\"image\/webp\" \/>\n<meta name=\"twitter:card\" content=\"summary_large_image\" \/>\n<meta name=\"twitter:label1\" content=\"Dur\u00e9e de lecture estim\u00e9e\" \/>\n\t<meta name=\"twitter:data1\" content=\"1 minute\" \/>\n<script type=\"application\/ld+json\" class=\"yoast-schema-graph\">{\"@context\":\"https:\\\/\\\/schema.org\",\"@graph\":[{\"@type\":\"WebPage\",\"@id\":\"https:\\\/\\\/revolutionpadelstore.com\\\/fr\\\/produit\\\/mochila-adidas-protour-black-3-4-2025-3\\\/\",\"url\":\"https:\\\/\\\/revolutionpadelstore.com\\\/fr\\\/produit\\\/mochila-adidas-protour-black-3-4-2025-3\\\/\",\"name\":\"MOCHILA ADIDAS PROTOUR BLACK 3.4 2025 - Revolution Padel Store\",\"isPartOf\":{\"@id\":\"https:\\\/\\\/revolutionpadelstore.com\\\/fr\\\/#website\"},\"primaryImageOfPage\":{\"@id\":\"https:\\\/\\\/revolutionpadelstore.com\\\/fr\\\/produit\\\/mochila-adidas-protour-black-3-4-2025-3\\\/#primaryimage\"},\"image\":{\"@id\":\"https:\\\/\\\/revolutionpadelstore.com\\\/fr\\\/produit\\\/mochila-adidas-protour-black-3-4-2025-3\\\/#primaryimage\"},\"thumbnailUrl\":\"https:\\\/\\\/revolutionpadelstore.com\\\/wp-content\\\/uploads\\\/2025\\\/01\\\/113718-mochila-adidas-protour-black-3-4-ab1ma4u101500x1500-1.webp\",\"datePublished\":\"2025-01-17T20:15:41+00:00\",\"dateModified\":\"2026-04-08T06:27:34+00:00\",\"description\":\"Descubre la Mochila Adidas Protour Black 3.4 de la colecci\u00f3n 2025, dise\u00f1ada para jugadores de p\u00e1del exigentes. Con compartimentos amplios, materiales sostenibles y comodidad superior, est\u00e1 disponible en Revolution Padel Store al mejor precio.\",\"breadcrumb\":{\"@id\":\"https:\\\/\\\/revolutionpadelstore.com\\\/fr\\\/produit\\\/mochila-adidas-protour-black-3-4-2025-3\\\/#breadcrumb\"},\"inLanguage\":\"fr-FR\",\"potentialAction\":[{\"@type\":\"ReadAction\",\"target\":[\"https:\\\/\\\/revolutionpadelstore.com\\\/fr\\\/produit\\\/mochila-adidas-protour-black-3-4-2025-3\\\/\"]}]},{\"@type\":\"ImageObject\",\"inLanguage\":\"fr-FR\",\"@id\":\"https:\\\/\\\/revolutionpadelstore.com\\\/fr\\\/produit\\\/mochila-adidas-protour-black-3-4-2025-3\\\/#primaryimage\",\"url\":\"https:\\\/\\\/revolutionpadelstore.com\\\/wp-content\\\/uploads\\\/2025\\\/01\\\/113718-mochila-adidas-protour-black-3-4-ab1ma4u101500x1500-1.webp\",\"contentUrl\":\"https:\\\/\\\/revolutionpadelstore.com\\\/wp-content\\\/uploads\\\/2025\\\/01\\\/113718-mochila-adidas-protour-black-3-4-ab1ma4u101500x1500-1.webp\",\"width\":1500,\"height\":1500},{\"@type\":\"BreadcrumbList\",\"@id\":\"https:\\\/\\\/revolutionpadelstore.com\\\/fr\\\/produit\\\/mochila-adidas-protour-black-3-4-2025-3\\\/#breadcrumb\",\"itemListElement\":[{\"@type\":\"ListItem\",\"position\":1,\"name\":\"Portada\",\"item\":\"https:\\\/\\\/revolutionpadelstore.com\\\/fr\\\/\"},{\"@type\":\"ListItem\",\"position\":2,\"name\":\"Boutique\",\"item\":\"https:\\\/\\\/revolutionpadelstore.com\\\/fr\\\/tienda\\\/\"},{\"@type\":\"ListItem\",\"position\":3,\"name\":\"MOCHILA ADIDAS PROTOUR BLACK 3.4 2025\"}]},{\"@type\":\"WebSite\",\"@id\":\"https:\\\/\\\/revolutionpadelstore.com\\\/fr\\\/#website\",\"url\":\"https:\\\/\\\/revolutionpadelstore.com\\\/fr\\\/\",\"name\":\"Revolution Padel Store\",\"description\":\"\",\"publisher\":{\"@id\":\"https:\\\/\\\/revolutionpadelstore.com\\\/fr\\\/#organization\"},\"potentialAction\":[{\"@type\":\"SearchAction\",\"target\":{\"@type\":\"EntryPoint\",\"urlTemplate\":\"https:\\\/\\\/revolutionpadelstore.com\\\/fr\\\/?s={search_term_string}\"},\"query-input\":{\"@type\":\"PropertyValueSpecification\",\"valueRequired\":true,\"valueName\":\"search_term_string\"}}],\"inLanguage\":\"fr-FR\"},{\"@type\":\"Organization\",\"@id\":\"https:\\\/\\\/revolutionpadelstore.com\\\/fr\\\/#organization\",\"name\":\"Revolution Padel Store\",\"url\":\"https:\\\/\\\/revolutionpadelstore.com\\\/fr\\\/\",\"logo\":{\"@type\":\"ImageObject\",\"inLanguage\":\"fr-FR\",\"@id\":\"https:\\\/\\\/revolutionpadelstore.com\\\/fr\\\/#\\\/schema\\\/logo\\\/image\\\/\",\"url\":\"https:\\\/\\\/revolutionpadelstore.com\\\/wp-content\\\/uploads\\\/2026\\\/02\\\/revolution-padel-store.jpg\",\"contentUrl\":\"https:\\\/\\\/revolutionpadelstore.com\\\/wp-content\\\/uploads\\\/2026\\\/02\\\/revolution-padel-store.jpg\",\"width\":2000,\"height\":2000,\"caption\":\"Revolution Padel Store\"},\"image\":{\"@id\":\"https:\\\/\\\/revolutionpadelstore.com\\\/fr\\\/#\\\/schema\\\/logo\\\/image\\\/\"},\"sameAs\":[\"https:\\\/\\\/www.instagram.com\\\/revolutionpadelstore\\\/\"]}]}<\/script>\n<!-- \/ Yoast SEO plugin. -->","yoast_head_json":{"title":"MOCHILA ADIDAS PROTOUR BLACK 3.4 2025 - Revolution Padel Store","description":"Descubre la Mochila Adidas Protour Black 3.4 de la colecci\u00f3n 2025, dise\u00f1ada para jugadores de p\u00e1del exigentes. Con compartimentos amplios, materiales sostenibles y comodidad superior, est\u00e1 disponible en Revolution Padel Store al mejor precio.","robots":{"index":"index","follow":"follow","max-snippet":"max-snippet:-1","max-image-preview":"max-image-preview:large","max-video-preview":"max-video-preview:-1"},"canonical":"https:\/\/revolutionpadelstore.com\/fr\/produit\/mochila-adidas-protour-black-3-4-2025-3\/","og_locale":"fr_FR","og_type":"article","og_title":"MOCHILA ADIDAS PROTOUR BLACK 3.4 2025 - Revolution Padel Store","og_description":"Descubre la Mochila Adidas Protour Black 3.4 de la colecci\u00f3n 2025, dise\u00f1ada para jugadores de p\u00e1del exigentes. Con compartimentos amplios, materiales sostenibles y comodidad superior, est\u00e1 disponible en Revolution Padel Store al mejor precio.","og_url":"https:\/\/revolutionpadelstore.com\/fr\/produit\/mochila-adidas-protour-black-3-4-2025-3\/","og_site_name":"Revolution Padel Store","article_modified_time":"2026-04-08T06:27:34+00:00","og_image":[{"width":1500,"height":1500,"url":"https:\/\/revolutionpadelstore.com\/wp-content\/uploads\/2025\/01\/113718-mochila-adidas-protour-black-3-4-ab1ma4u101500x1500-1.webp","type":"image\/webp"}],"twitter_card":"summary_large_image","twitter_misc":{"Dur\u00e9e de lecture estim\u00e9e":"1 minute"},"schema":{"@context":"https:\/\/schema.org","@graph":[{"@type":"WebPage","@id":"https:\/\/revolutionpadelstore.com\/fr\/produit\/mochila-adidas-protour-black-3-4-2025-3\/","url":"https:\/\/revolutionpadelstore.com\/fr\/produit\/mochila-adidas-protour-black-3-4-2025-3\/","name":"MOCHILA ADIDAS PROTOUR BLACK 3.4 2025 - Revolution Padel Store","isPartOf":{"@id":"https:\/\/revolutionpadelstore.com\/fr\/#website"},"primaryImageOfPage":{"@id":"https:\/\/revolutionpadelstore.com\/fr\/produit\/mochila-adidas-protour-black-3-4-2025-3\/#primaryimage"},"image":{"@id":"https:\/\/revolutionpadelstore.com\/fr\/produit\/mochila-adidas-protour-black-3-4-2025-3\/#primaryimage"},"thumbnailUrl":"https:\/\/revolutionpadelstore.com\/wp-content\/uploads\/2025\/01\/113718-mochila-adidas-protour-black-3-4-ab1ma4u101500x1500-1.webp","datePublished":"2025-01-17T20:15:41+00:00","dateModified":"2026-04-08T06:27:34+00:00","description":"Descubre la Mochila Adidas Protour Black 3.4 de la colecci\u00f3n 2025, dise\u00f1ada para jugadores de p\u00e1del exigentes. Con compartimentos amplios, materiales sostenibles y comodidad superior, est\u00e1 disponible en Revolution Padel Store al mejor precio.","breadcrumb":{"@id":"https:\/\/revolutionpadelstore.com\/fr\/produit\/mochila-adidas-protour-black-3-4-2025-3\/#breadcrumb"},"inLanguage":"fr-FR","potentialAction":[{"@type":"ReadAction","target":["https:\/\/revolutionpadelstore.com\/fr\/produit\/mochila-adidas-protour-black-3-4-2025-3\/"]}]},{"@type":"ImageObject","inLanguage":"fr-FR","@id":"https:\/\/revolutionpadelstore.com\/fr\/produit\/mochila-adidas-protour-black-3-4-2025-3\/#primaryimage","url":"https:\/\/revolutionpadelstore.com\/wp-content\/uploads\/2025\/01\/113718-mochila-adidas-protour-black-3-4-ab1ma4u101500x1500-1.webp","contentUrl":"https:\/\/revolutionpadelstore.com\/wp-content\/uploads\/2025\/01\/113718-mochila-adidas-protour-black-3-4-ab1ma4u101500x1500-1.webp","width":1500,"height":1500},{"@type":"BreadcrumbList","@id":"https:\/\/revolutionpadelstore.com\/fr\/produit\/mochila-adidas-protour-black-3-4-2025-3\/#breadcrumb","itemListElement":[{"@type":"ListItem","position":1,"name":"Portada","item":"https:\/\/revolutionpadelstore.com\/fr\/"},{"@type":"ListItem","position":2,"name":"Boutique","item":"https:\/\/revolutionpadelstore.com\/fr\/tienda\/"},{"@type":"ListItem","position":3,"name":"MOCHILA ADIDAS PROTOUR BLACK 3.4 2025"}]},{"@type":"WebSite","@id":"https:\/\/revolutionpadelstore.com\/fr\/#website","url":"https:\/\/revolutionpadelstore.com\/fr\/","name":"Revolution Padel Store","description":"","publisher":{"@id":"https:\/\/revolutionpadelstore.com\/fr\/#organization"},"potentialAction":[{"@type":"SearchAction","target":{"@type":"EntryPoint","urlTemplate":"https:\/\/revolutionpadelstore.com\/fr\/?s={search_term_string}"},"query-input":{"@type":"PropertyValueSpecification","valueRequired":true,"valueName":"search_term_string"}}],"inLanguage":"fr-FR"},{"@type":"Organization","@id":"https:\/\/revolutionpadelstore.com\/fr\/#organization","name":"Revolution Padel Store","url":"https:\/\/revolutionpadelstore.com\/fr\/","logo":{"@type":"ImageObject","inLanguage":"fr-FR","@id":"https:\/\/revolutionpadelstore.com\/fr\/#\/schema\/logo\/image\/","url":"https:\/\/revolutionpadelstore.com\/wp-content\/uploads\/2026\/02\/revolution-padel-store.jpg","contentUrl":"https:\/\/revolutionpadelstore.com\/wp-content\/uploads\/2026\/02\/revolution-padel-store.jpg","width":2000,"height":2000,"caption":"Revolution Padel Store"},"image":{"@id":"https:\/\/revolutionpadelstore.com\/fr\/#\/schema\/logo\/image\/"},"sameAs":["https:\/\/www.instagram.com\/revolutionpadelstore\/"]}]}},"_links":{"self":[{"href":"https:\/\/revolutionpadelstore.com\/fr\/wp-json\/wp\/v2\/product\/159907","targetHints":{"allow":["GET"]}}],"collection":[{"href":"https:\/\/revolutionpadelstore.com\/fr\/wp-json\/wp\/v2\/product"}],"about":[{"href":"https:\/\/revolutionpadelstore.com\/fr\/wp-json\/wp\/v2\/types\/product"}],"replies":[{"embeddable":true,"href":"https:\/\/revolutionpadelstore.com\/fr\/wp-json\/wp\/v2\/comments?post=159907"}],"wp:featuredmedia":[{"embeddable":true,"href":"https:\/\/revolutionpadelstore.com\/fr\/wp-json\/wp\/v2\/media\/159866"}],"wp:attachment":[{"href":"https:\/\/revolutionpadelstore.com\/fr\/wp-json\/wp\/v2\/media?parent=159907"}],"wp:term":[{"taxonomy":"acabado","embeddable":true,"href":"https:\/\/revolutionpadelstore.com\/fr\/wp-json\/wp\/v2\/acabado?post=159907"},{"taxonomy":"balance","embeddable":true,"href":"https:\/\/revolutionpadelstore.com\/fr\/wp-json\/wp\/v2\/balance?post=159907"},{"taxonomy":"dureza","embeddable":true,"href":"https:\/\/revolutionpadelstore.com\/fr\/wp-json\/wp\/v2\/dureza?post=159907"},{"taxonomy":"forma","embeddable":true,"href":"https:\/\/revolutionpadelstore.com\/fr\/wp-json\/wp\/v2\/forma?post=159907"},{"taxonomy":"jugador","embeddable":true,"href":"https:\/\/revolutionpadelstore.com\/fr\/wp-json\/wp\/v2\/jugador?post=159907"},{"taxonomy":"marca","embeddable":true,"href":"https:\/\/revolutionpadelstore.com\/fr\/wp-json\/wp\/v2\/marca?post=159907"},{"taxonomy":"nivel-de-juego","embeddable":true,"href":"https:\/\/revolutionpadelstore.com\/fr\/wp-json\/wp\/v2\/nivel-de-juego?post=159907"},{"taxonomy":"superficie","embeddable":true,"href":"https:\/\/revolutionpadelstore.com\/fr\/wp-json\/wp\/v2\/superficie?post=159907"},{"taxonomy":"tipo-de-juego","embeddable":true,"href":"https:\/\/revolutionpadelstore.com\/fr\/wp-json\/wp\/v2\/tipo-de-juego?post=159907"},{"taxonomy":"product_brand","embeddable":true,"href":"https:\/\/revolutionpadelstore.com\/fr\/wp-json\/wp\/v2\/product_brand?post=159907"},{"taxonomy":"product_cat","embeddable":true,"href":"https:\/\/revolutionpadelstore.com\/fr\/wp-json\/wp\/v2\/product_cat?post=159907"},{"taxonomy":"product_tag","embeddable":true,"href":"https:\/\/revolutionpadelstore.com\/fr\/wp-json\/wp\/v2\/product_tag?post=159907"}],"curies":[{"name":"wp","href":"https:\/\/api.w.org\/{rel}","templated":true}]}}