{"id":159759,"date":"2025-01-16T21:43:58","date_gmt":"2025-01-16T20:43:58","guid":{"rendered":"https:\/\/revolutionpadelstore.com\/paletero-adidas-multigame-sand-3-4\/"},"modified":"2026-04-08T08:29:14","modified_gmt":"2026-04-08T06:29:14","slug":"paletero-adidas-multigame-sand-3-4-3","status":"publish","type":"product","link":"https:\/\/revolutionpadelstore.com\/fr\/produit\/paletero-adidas-multigame-sand-3-4-3\/","title":{"rendered":"PALETERO ADIDAS MULTIGAME SAND 3.4"},"content":{"rendered":"<h2> Sable multi-jeu paletero adidas 3.4: protection maximale et confort <\/h2>\n<p><strong> optimise vos performances sur et hors de la piste avec le sable multi-jeu Paletero Adidas 3.4 <\/strong>, une combinaison parfaite de fonctionnalit\u00e9s, de design moderne et de durabilit\u00e9. Con\u00e7u en pensant aux joueurs les plus exigeants, ce Paletero propose des solutions pratiques pour maintenir votre \u00e9quipement de sport organis\u00e9 et prot\u00e9g\u00e9.<\/p>\n<h2> <strong> Caract\u00e9ristiques importantes <\/strong> <\/h2>\n<p> <strong> -amplio Central Compartement: <\/strong> id\u00e9al pour sauver des v\u00eatements et des \u00e9quipements sportifs, avec un acc\u00e8s facile gr\u00e2ce \u00e0 sa conception du volet. \/ p&gt;<\/p>\n<p> <strong> &#8211; Backs thermiques lat\u00e9raux: <\/strong> deux compartiments isol\u00e9s pour prot\u00e9ger jusqu&#8217;\u00e0 deux pales de pagaie dans chacune, en s&#8217;assurant qu&#8217;ils restent en parfait \u00e9tat.<\/p>\n<p style=\"padding-left: 40px\"> <strong> -spacio ventil\u00e9 pour les chaussures: <\/strong> un compartiment \u00e0 la base avec le maillage garantit que vos chaussures sont maintenues s\u00e9par\u00e9ment du reste de votre \u00e9quipement, \u00e9vitant les odeurs et la salet\u00e9 .<\/p>\n<h2> <strong> conception et confort <\/strong> <\/h2>\n<p><P> <strong> -Multiple Poches suppl\u00e9mentaires: <\/strong> comprend des poches pour les petits objets tels que les cl\u00e9s, le mobile ou le portefeuille, parfait pour garder tout disponible.<br \/>\n<P style=\"padding-left: 40px\"> <strong> -lorte<\/p>\n<p> <strong> -SUSSAINable Mat\u00e9riel:<\/p>\n<h2> <strong> Sp\u00e9cifications techniques <\/strong> <\/h2>\n<p><P> <strong> -Capacit\u00e9: <\/strong> 58 litres.<\/p>\n<p> <strong> -Dimensions: <\/strong> 56 x 35 x 29 cm.<\/p>\n<p> <strong> -Material: <\/strong> Polyester recycl\u00e9 et autres composants \u00e0 haute r\u00e9sistance.<\/p>\n<h2> <strong> Pourquoi choisir le sable multigame Adidas Paletero 3.4? <\/strong> <\/h2>\n<p>Avec sa conception innovante, sa grande capacit\u00e9 de stockage et ses mat\u00e9riaux de haute qualit\u00e9, ce Paletero est le choix parfait pour les joueurs qui cherchent \u00e0 prendre leur \u00e9quipe avec style et fonctionnalit\u00e9. De plus, sa fabrication durable renforce l&#8217;engagement envers l&#8217;environnement sans compromettre la qualit\u00e9.<\/p>\n<p>Rendez chaque entra\u00eenement et chaque jeu plus \u00e0 l&#8217;aise avec le sable multi-jeu Paletero Adidas 3.4!<\/p>\n<p><strong> Achetez maintenant dans notre boutique en ligne <a href=\"https:\/\/www.revolutionpadelstore.com\/\"> Revolution Padel Store <\/a>, probablement au meilleur prix du march\u00e9.<\/p>\n<h2>Paletero Adidas Multigame Sand 3.4: M\u00e1xima Protecci\u00f3n y Comodidad<\/h2>\n","protected":false},"excerpt":{"rendered":"<p>Sac de sable multi-jeu Adidas 3.4, id\u00e9al pour transporter tout essentiel au champ de pagaie d&#8217;une mani\u00e8re confortable, s\u00fbre et pratique. Comprend un compartiment avec ventilation.<\/p>\n","protected":false},"featured_media":159712,"comment_status":"open","ping_status":"closed","template":"","meta":{"_acf_changed":false,"_joinchat":[]},"acabado":[],"balance":[],"dureza":[],"forma":[],"jugador":[],"marca":[1232],"nivel-de-juego":[],"superficie":[],"tipo-de-juego":[],"product_brand":[],"product_cat":[320],"product_tag":[],"class_list":{"0":"post-159759","1":"product","2":"type-product","3":"status-publish","4":"has-post-thumbnail","6":"marca-adidas-fr","7":"product_cat-sacs","9":"first","10":"instock","11":"sale","12":"taxable","13":"shipping-taxable","14":"purchasable","15":"product-type-simple"},"acf":[],"yoast_head":"<!-- This site is optimized with the Yoast SEO plugin v27.4 - https:\/\/yoast.com\/product\/yoast-seo-wordpress\/ -->\n<title>PALETERO ADIDAS MULTIGAME SAND 3.4 - Revolution Padel Store<\/title>\n<meta name=\"description\" content=\"Descubre el paletero Adidas Multigame Sand 3.4 con compartimentos t\u00e9rmicos, espacio ventilado y dise\u00f1o sostenible. Disponible en Revolution Padel Store al mejor precio.\" \/>\n<meta name=\"robots\" content=\"index, follow, max-snippet:-1, max-image-preview:large, max-video-preview:-1\" \/>\n<link rel=\"canonical\" href=\"https:\/\/revolutionpadelstore.com\/fr\/produit\/paletero-adidas-multigame-sand-3-4-3\/\" \/>\n<meta property=\"og:locale\" content=\"fr_FR\" \/>\n<meta property=\"og:type\" content=\"article\" \/>\n<meta property=\"og:title\" content=\"PALETERO ADIDAS MULTIGAME SAND 3.4 - Revolution Padel Store\" \/>\n<meta property=\"og:description\" content=\"Descubre el paletero Adidas Multigame Sand 3.4 con compartimentos t\u00e9rmicos, espacio ventilado y dise\u00f1o sostenible. Disponible en Revolution Padel Store al mejor precio.\" \/>\n<meta property=\"og:url\" content=\"https:\/\/revolutionpadelstore.com\/fr\/produit\/paletero-adidas-multigame-sand-3-4-3\/\" \/>\n<meta property=\"og:site_name\" content=\"Revolution Padel Store\" \/>\n<meta property=\"article:modified_time\" content=\"2026-04-08T06:29:14+00:00\" \/>\n<meta property=\"og:image\" content=\"https:\/\/revolutionpadelstore.com\/wp-content\/uploads\/2025\/01\/paletero-adidas-multigame-3-4-arena-1100x1100-1.webp\" \/>\n\t<meta property=\"og:image:width\" content=\"1100\" \/>\n\t<meta property=\"og:image:height\" content=\"1100\" \/>\n\t<meta property=\"og:image:type\" content=\"image\/webp\" \/>\n<meta name=\"twitter:card\" content=\"summary_large_image\" \/>\n<meta name=\"twitter:label1\" content=\"Dur\u00e9e de lecture estim\u00e9e\" \/>\n\t<meta name=\"twitter:data1\" content=\"1 minute\" \/>\n<script type=\"application\/ld+json\" class=\"yoast-schema-graph\">{\"@context\":\"https:\\\/\\\/schema.org\",\"@graph\":[{\"@type\":\"WebPage\",\"@id\":\"https:\\\/\\\/revolutionpadelstore.com\\\/fr\\\/produit\\\/paletero-adidas-multigame-sand-3-4-3\\\/\",\"url\":\"https:\\\/\\\/revolutionpadelstore.com\\\/fr\\\/produit\\\/paletero-adidas-multigame-sand-3-4-3\\\/\",\"name\":\"PALETERO ADIDAS MULTIGAME SAND 3.4 - Revolution Padel Store\",\"isPartOf\":{\"@id\":\"https:\\\/\\\/revolutionpadelstore.com\\\/fr\\\/#website\"},\"primaryImageOfPage\":{\"@id\":\"https:\\\/\\\/revolutionpadelstore.com\\\/fr\\\/produit\\\/paletero-adidas-multigame-sand-3-4-3\\\/#primaryimage\"},\"image\":{\"@id\":\"https:\\\/\\\/revolutionpadelstore.com\\\/fr\\\/produit\\\/paletero-adidas-multigame-sand-3-4-3\\\/#primaryimage\"},\"thumbnailUrl\":\"https:\\\/\\\/revolutionpadelstore.com\\\/wp-content\\\/uploads\\\/2025\\\/01\\\/paletero-adidas-multigame-3-4-arena-1100x1100-1.webp\",\"datePublished\":\"2025-01-16T20:43:58+00:00\",\"dateModified\":\"2026-04-08T06:29:14+00:00\",\"description\":\"Descubre el paletero Adidas Multigame Sand 3.4 con compartimentos t\u00e9rmicos, espacio ventilado y dise\u00f1o sostenible. Disponible en Revolution Padel Store al mejor precio.\",\"breadcrumb\":{\"@id\":\"https:\\\/\\\/revolutionpadelstore.com\\\/fr\\\/produit\\\/paletero-adidas-multigame-sand-3-4-3\\\/#breadcrumb\"},\"inLanguage\":\"fr-FR\",\"potentialAction\":[{\"@type\":\"ReadAction\",\"target\":[\"https:\\\/\\\/revolutionpadelstore.com\\\/fr\\\/produit\\\/paletero-adidas-multigame-sand-3-4-3\\\/\"]}]},{\"@type\":\"ImageObject\",\"inLanguage\":\"fr-FR\",\"@id\":\"https:\\\/\\\/revolutionpadelstore.com\\\/fr\\\/produit\\\/paletero-adidas-multigame-sand-3-4-3\\\/#primaryimage\",\"url\":\"https:\\\/\\\/revolutionpadelstore.com\\\/wp-content\\\/uploads\\\/2025\\\/01\\\/paletero-adidas-multigame-3-4-arena-1100x1100-1.webp\",\"contentUrl\":\"https:\\\/\\\/revolutionpadelstore.com\\\/wp-content\\\/uploads\\\/2025\\\/01\\\/paletero-adidas-multigame-3-4-arena-1100x1100-1.webp\",\"width\":1100,\"height\":1100},{\"@type\":\"BreadcrumbList\",\"@id\":\"https:\\\/\\\/revolutionpadelstore.com\\\/fr\\\/produit\\\/paletero-adidas-multigame-sand-3-4-3\\\/#breadcrumb\",\"itemListElement\":[{\"@type\":\"ListItem\",\"position\":1,\"name\":\"Portada\",\"item\":\"https:\\\/\\\/revolutionpadelstore.com\\\/fr\\\/\"},{\"@type\":\"ListItem\",\"position\":2,\"name\":\"Boutique\",\"item\":\"https:\\\/\\\/revolutionpadelstore.com\\\/fr\\\/tienda\\\/\"},{\"@type\":\"ListItem\",\"position\":3,\"name\":\"PALETERO ADIDAS MULTIGAME SAND 3.4\"}]},{\"@type\":\"WebSite\",\"@id\":\"https:\\\/\\\/revolutionpadelstore.com\\\/fr\\\/#website\",\"url\":\"https:\\\/\\\/revolutionpadelstore.com\\\/fr\\\/\",\"name\":\"Revolution Padel Store\",\"description\":\"\",\"publisher\":{\"@id\":\"https:\\\/\\\/revolutionpadelstore.com\\\/fr\\\/#organization\"},\"potentialAction\":[{\"@type\":\"SearchAction\",\"target\":{\"@type\":\"EntryPoint\",\"urlTemplate\":\"https:\\\/\\\/revolutionpadelstore.com\\\/fr\\\/?s={search_term_string}\"},\"query-input\":{\"@type\":\"PropertyValueSpecification\",\"valueRequired\":true,\"valueName\":\"search_term_string\"}}],\"inLanguage\":\"fr-FR\"},{\"@type\":\"Organization\",\"@id\":\"https:\\\/\\\/revolutionpadelstore.com\\\/fr\\\/#organization\",\"name\":\"Revolution Padel Store\",\"url\":\"https:\\\/\\\/revolutionpadelstore.com\\\/fr\\\/\",\"logo\":{\"@type\":\"ImageObject\",\"inLanguage\":\"fr-FR\",\"@id\":\"https:\\\/\\\/revolutionpadelstore.com\\\/fr\\\/#\\\/schema\\\/logo\\\/image\\\/\",\"url\":\"https:\\\/\\\/revolutionpadelstore.com\\\/wp-content\\\/uploads\\\/2026\\\/02\\\/revolution-padel-store.jpg\",\"contentUrl\":\"https:\\\/\\\/revolutionpadelstore.com\\\/wp-content\\\/uploads\\\/2026\\\/02\\\/revolution-padel-store.jpg\",\"width\":2000,\"height\":2000,\"caption\":\"Revolution Padel Store\"},\"image\":{\"@id\":\"https:\\\/\\\/revolutionpadelstore.com\\\/fr\\\/#\\\/schema\\\/logo\\\/image\\\/\"},\"sameAs\":[\"https:\\\/\\\/www.instagram.com\\\/revolutionpadelstore\\\/\"]}]}<\/script>\n<!-- \/ Yoast SEO plugin. -->","yoast_head_json":{"title":"PALETERO ADIDAS MULTIGAME SAND 3.4 - Revolution Padel Store","description":"Descubre el paletero Adidas Multigame Sand 3.4 con compartimentos t\u00e9rmicos, espacio ventilado y dise\u00f1o sostenible. Disponible en Revolution Padel Store al mejor precio.","robots":{"index":"index","follow":"follow","max-snippet":"max-snippet:-1","max-image-preview":"max-image-preview:large","max-video-preview":"max-video-preview:-1"},"canonical":"https:\/\/revolutionpadelstore.com\/fr\/produit\/paletero-adidas-multigame-sand-3-4-3\/","og_locale":"fr_FR","og_type":"article","og_title":"PALETERO ADIDAS MULTIGAME SAND 3.4 - Revolution Padel Store","og_description":"Descubre el paletero Adidas Multigame Sand 3.4 con compartimentos t\u00e9rmicos, espacio ventilado y dise\u00f1o sostenible. Disponible en Revolution Padel Store al mejor precio.","og_url":"https:\/\/revolutionpadelstore.com\/fr\/produit\/paletero-adidas-multigame-sand-3-4-3\/","og_site_name":"Revolution Padel Store","article_modified_time":"2026-04-08T06:29:14+00:00","og_image":[{"width":1100,"height":1100,"url":"https:\/\/revolutionpadelstore.com\/wp-content\/uploads\/2025\/01\/paletero-adidas-multigame-3-4-arena-1100x1100-1.webp","type":"image\/webp"}],"twitter_card":"summary_large_image","twitter_misc":{"Dur\u00e9e de lecture estim\u00e9e":"1 minute"},"schema":{"@context":"https:\/\/schema.org","@graph":[{"@type":"WebPage","@id":"https:\/\/revolutionpadelstore.com\/fr\/produit\/paletero-adidas-multigame-sand-3-4-3\/","url":"https:\/\/revolutionpadelstore.com\/fr\/produit\/paletero-adidas-multigame-sand-3-4-3\/","name":"PALETERO ADIDAS MULTIGAME SAND 3.4 - Revolution Padel Store","isPartOf":{"@id":"https:\/\/revolutionpadelstore.com\/fr\/#website"},"primaryImageOfPage":{"@id":"https:\/\/revolutionpadelstore.com\/fr\/produit\/paletero-adidas-multigame-sand-3-4-3\/#primaryimage"},"image":{"@id":"https:\/\/revolutionpadelstore.com\/fr\/produit\/paletero-adidas-multigame-sand-3-4-3\/#primaryimage"},"thumbnailUrl":"https:\/\/revolutionpadelstore.com\/wp-content\/uploads\/2025\/01\/paletero-adidas-multigame-3-4-arena-1100x1100-1.webp","datePublished":"2025-01-16T20:43:58+00:00","dateModified":"2026-04-08T06:29:14+00:00","description":"Descubre el paletero Adidas Multigame Sand 3.4 con compartimentos t\u00e9rmicos, espacio ventilado y dise\u00f1o sostenible. Disponible en Revolution Padel Store al mejor precio.","breadcrumb":{"@id":"https:\/\/revolutionpadelstore.com\/fr\/produit\/paletero-adidas-multigame-sand-3-4-3\/#breadcrumb"},"inLanguage":"fr-FR","potentialAction":[{"@type":"ReadAction","target":["https:\/\/revolutionpadelstore.com\/fr\/produit\/paletero-adidas-multigame-sand-3-4-3\/"]}]},{"@type":"ImageObject","inLanguage":"fr-FR","@id":"https:\/\/revolutionpadelstore.com\/fr\/produit\/paletero-adidas-multigame-sand-3-4-3\/#primaryimage","url":"https:\/\/revolutionpadelstore.com\/wp-content\/uploads\/2025\/01\/paletero-adidas-multigame-3-4-arena-1100x1100-1.webp","contentUrl":"https:\/\/revolutionpadelstore.com\/wp-content\/uploads\/2025\/01\/paletero-adidas-multigame-3-4-arena-1100x1100-1.webp","width":1100,"height":1100},{"@type":"BreadcrumbList","@id":"https:\/\/revolutionpadelstore.com\/fr\/produit\/paletero-adidas-multigame-sand-3-4-3\/#breadcrumb","itemListElement":[{"@type":"ListItem","position":1,"name":"Portada","item":"https:\/\/revolutionpadelstore.com\/fr\/"},{"@type":"ListItem","position":2,"name":"Boutique","item":"https:\/\/revolutionpadelstore.com\/fr\/tienda\/"},{"@type":"ListItem","position":3,"name":"PALETERO ADIDAS MULTIGAME SAND 3.4"}]},{"@type":"WebSite","@id":"https:\/\/revolutionpadelstore.com\/fr\/#website","url":"https:\/\/revolutionpadelstore.com\/fr\/","name":"Revolution Padel Store","description":"","publisher":{"@id":"https:\/\/revolutionpadelstore.com\/fr\/#organization"},"potentialAction":[{"@type":"SearchAction","target":{"@type":"EntryPoint","urlTemplate":"https:\/\/revolutionpadelstore.com\/fr\/?s={search_term_string}"},"query-input":{"@type":"PropertyValueSpecification","valueRequired":true,"valueName":"search_term_string"}}],"inLanguage":"fr-FR"},{"@type":"Organization","@id":"https:\/\/revolutionpadelstore.com\/fr\/#organization","name":"Revolution Padel Store","url":"https:\/\/revolutionpadelstore.com\/fr\/","logo":{"@type":"ImageObject","inLanguage":"fr-FR","@id":"https:\/\/revolutionpadelstore.com\/fr\/#\/schema\/logo\/image\/","url":"https:\/\/revolutionpadelstore.com\/wp-content\/uploads\/2026\/02\/revolution-padel-store.jpg","contentUrl":"https:\/\/revolutionpadelstore.com\/wp-content\/uploads\/2026\/02\/revolution-padel-store.jpg","width":2000,"height":2000,"caption":"Revolution Padel Store"},"image":{"@id":"https:\/\/revolutionpadelstore.com\/fr\/#\/schema\/logo\/image\/"},"sameAs":["https:\/\/www.instagram.com\/revolutionpadelstore\/"]}]}},"_links":{"self":[{"href":"https:\/\/revolutionpadelstore.com\/fr\/wp-json\/wp\/v2\/product\/159759","targetHints":{"allow":["GET"]}}],"collection":[{"href":"https:\/\/revolutionpadelstore.com\/fr\/wp-json\/wp\/v2\/product"}],"about":[{"href":"https:\/\/revolutionpadelstore.com\/fr\/wp-json\/wp\/v2\/types\/product"}],"replies":[{"embeddable":true,"href":"https:\/\/revolutionpadelstore.com\/fr\/wp-json\/wp\/v2\/comments?post=159759"}],"wp:featuredmedia":[{"embeddable":true,"href":"https:\/\/revolutionpadelstore.com\/fr\/wp-json\/wp\/v2\/media\/159712"}],"wp:attachment":[{"href":"https:\/\/revolutionpadelstore.com\/fr\/wp-json\/wp\/v2\/media?parent=159759"}],"wp:term":[{"taxonomy":"acabado","embeddable":true,"href":"https:\/\/revolutionpadelstore.com\/fr\/wp-json\/wp\/v2\/acabado?post=159759"},{"taxonomy":"balance","embeddable":true,"href":"https:\/\/revolutionpadelstore.com\/fr\/wp-json\/wp\/v2\/balance?post=159759"},{"taxonomy":"dureza","embeddable":true,"href":"https:\/\/revolutionpadelstore.com\/fr\/wp-json\/wp\/v2\/dureza?post=159759"},{"taxonomy":"forma","embeddable":true,"href":"https:\/\/revolutionpadelstore.com\/fr\/wp-json\/wp\/v2\/forma?post=159759"},{"taxonomy":"jugador","embeddable":true,"href":"https:\/\/revolutionpadelstore.com\/fr\/wp-json\/wp\/v2\/jugador?post=159759"},{"taxonomy":"marca","embeddable":true,"href":"https:\/\/revolutionpadelstore.com\/fr\/wp-json\/wp\/v2\/marca?post=159759"},{"taxonomy":"nivel-de-juego","embeddable":true,"href":"https:\/\/revolutionpadelstore.com\/fr\/wp-json\/wp\/v2\/nivel-de-juego?post=159759"},{"taxonomy":"superficie","embeddable":true,"href":"https:\/\/revolutionpadelstore.com\/fr\/wp-json\/wp\/v2\/superficie?post=159759"},{"taxonomy":"tipo-de-juego","embeddable":true,"href":"https:\/\/revolutionpadelstore.com\/fr\/wp-json\/wp\/v2\/tipo-de-juego?post=159759"},{"taxonomy":"product_brand","embeddable":true,"href":"https:\/\/revolutionpadelstore.com\/fr\/wp-json\/wp\/v2\/product_brand?post=159759"},{"taxonomy":"product_cat","embeddable":true,"href":"https:\/\/revolutionpadelstore.com\/fr\/wp-json\/wp\/v2\/product_cat?post=159759"},{"taxonomy":"product_tag","embeddable":true,"href":"https:\/\/revolutionpadelstore.com\/fr\/wp-json\/wp\/v2\/product_tag?post=159759"}],"curies":[{"name":"wp","href":"https:\/\/api.w.org\/{rel}","templated":true}]}}