{"id":159615,"date":"2025-01-16T13:12:41","date_gmt":"2025-01-16T12:12:41","guid":{"rendered":"https:\/\/revolutionpadelstore.com\/paletero-adidas-multigame-black-orange-3-4\/"},"modified":"2026-04-08T08:30:25","modified_gmt":"2026-04-08T06:30:25","slug":"paletero-adidas-multigame-black-red-3-4-3","status":"publish","type":"product","link":"https:\/\/revolutionpadelstore.com\/fr\/produit\/paletero-adidas-multigame-black-red-3-4-3\/","title":{"rendered":"PALETERO ADIDAS MULTIGAME BLACK\/RED 3.4"},"content":{"rendered":"<h2> Paletero adidas Multigame 3.4 noir \/ rouge. Con\u00e7u pour les joueurs les plus exigeants <\/h2>\n<p>Le <strong> adidas Paletero Multigame 3.4 Black \/ Red <\/strong> offre la combinaison id\u00e9ale de fonctionnalit\u00e9s et de style, con\u00e7u pour ceux qui recherchent des performances maximales dans chaque partie. Son design innovant comprend une onglet principale qui facilite l&#8217;acc\u00e8s \u00e0 un compartiment central spacieux, parfait pour garder les v\u00eatements et autres \u00e9l\u00e9ments essentiels.<br \/>\n<H2> Mat\u00e9riaux de haute qualit\u00e9 et grande capacit\u00e9 <\/h2>\n<p>Fabriqu\u00e9 avec un m\u00e9lange de <strong> nylon, de polyur\u00e9thane, de polyester recycl\u00e9 et de polysulfone <\/strong>, ce paletero garantit la durabilit\u00e9 et la r\u00e9sistance. Ses dimensions de <strong> 56 x 35 x 29 cm <\/strong> et la capacit\u00e9 de <strong> 58 litres <\/strong> en font un accessoire essentiel pour la formation et les comp\u00e9titions.<br \/>\n<P> <strong> -Medidas: <\/strong> 56 x 35 x 29 cm <\/p>\n<p><P> <strong> -Capacit\u00e9: <\/strong> 58 litres <\/p>\n<p style=\"padding-left: 40px\"> <strong> -materials: <\/strong> nylon, polyur\u00e9thane, polyester recycl\u00e9 et polysulfone <\/p>\n<h2> Organisation et protection de votre \u00e9quipement <\/h2>\n<p>Ce mod\u00e8le est con\u00e7u pour garder votre \u00e9quipement en parfait \u00e9tat:<\/p>\n<p> <strong> &#8211; Bases lat\u00e9rales avec isolation thermique: <\/strong> stocker et prot\u00e9ger jusqu&#8217;\u00e0 <strong> deux lames par c\u00f4t\u00e9 <\/strong> contre les changements de temp\u00e9rature.<br \/>\n<P> <strong> &#8211; Compartement ventil\u00e9: <\/strong> situ\u00e9 en bas, id\u00e9al pour porter des chaussures s\u00e9par\u00e9es du reste de votre \u00e9quipement.<br \/>\n<P> <strong> &#8211; Bases additionnelles: <\/strong> comprend des espaces suppl\u00e9mentaires sur les c\u00f4t\u00e9s, l&#8217;ouverture centrale et la partie sup\u00e9rieure pour les petits objets.<\/p>\n<h2> confort dans chaque transport <\/h2>\n<p>Les ceintures r\u00e9glables avec des maillages rembourr\u00e9s et des poign\u00e9es ergonomiques assurent le confort m\u00eame pendant les longs trajets. De plus, la signature du joueur <strong> Ale Gal\u00e1n <\/strong> sur l&#8217;\u00e9tiquette lui donne une touche d&#8217;exclusivit\u00e9 que les amateurs de pagaie appr\u00e9cieront.<\/p>\n<h2> raisons de choisir le multigame Paletero Adidas 3.4 <\/h2>\n<p><P> <strong> -acts Capacit\u00e9 et organisation: <\/strong> Votre \u00e9quipe sera command\u00e9e et prot\u00e9g\u00e9e.<br \/>\n<P> <strong> &#8211; Mat\u00e9riaux de pr\u00e9tention: <\/strong> Polyester recycl\u00e9 pour un impact environnemental inf\u00e9rieur.<br \/>\n<P> <strong> &#8211; Conception exclusive: <\/strong> Signature du Gal\u00e1n de la bi\u00e8re professionnelle comme garantie de qualit\u00e9.<\/p>\n<p> <strong> -Conde \u00e0 l&#8217;aise: <\/strong> STOCKES R\u00c9GLABLES ET PADEDS POUR LA CONFORME.<br \/>\n<strong> Obtenez le Multigame Paletero Adidas 3.4 noir \/ rouge maintenant dans notre boutique en ligne <a href=\"https:\/\/www.revolutionpadelstore.com\/\"> Revolution Padel Store <\/a> <\/strong>, probablement le meilleur march\u00e9 prix.<\/p>\n<h2>Paletero Adidas Multigame 3.4 Negro\/Rojo. Dise\u00f1ado para los jugadores m\u00e1s exigentes<\/h2>\n","protected":false},"excerpt":{"rendered":"<p>Sac de sport multi-jeu Adidas 3.4 en noir et rouge, con\u00e7u pour les hommes. Il a la capacit\u00e9 de transporter jusqu&#8217;\u00e0 4 lames dans ses compartiments lat\u00e9raux avec isolation thermique, en plus d&#8217;un espace ventil\u00e9 exclusif pour les chaussures.<\/p>\n","protected":false},"featured_media":159574,"comment_status":"open","ping_status":"closed","template":"","meta":{"_acf_changed":false,"_joinchat":[]},"acabado":[],"balance":[],"dureza":[],"forma":[],"jugador":[],"marca":[1232],"nivel-de-juego":[],"superficie":[],"tipo-de-juego":[],"product_brand":[],"product_cat":[320],"product_tag":[],"class_list":{"0":"post-159615","1":"product","2":"type-product","3":"status-publish","4":"has-post-thumbnail","6":"marca-adidas-fr","7":"product_cat-sacs","9":"first","10":"outofstock","11":"sale","12":"taxable","13":"shipping-taxable","14":"purchasable","15":"product-type-simple"},"acf":[],"yoast_head":"<!-- This site is optimized with the Yoast SEO plugin v27.4 - https:\/\/yoast.com\/product\/yoast-seo-wordpress\/ -->\n<title>PALETERO ADIDAS MULTIGAME BLACK\/RED 3.4 - Revolution Padel Store<\/title>\n<meta name=\"description\" content=\"Descubre el Paletero Adidas Multigame 3.4 Negro\/Rojo, con gran capacidad, dise\u00f1o exclusivo y materiales sostenibles. \u00a1Compra al mejor precio en Revolution Padel Store!\" \/>\n<meta name=\"robots\" content=\"index, follow, max-snippet:-1, max-image-preview:large, max-video-preview:-1\" \/>\n<link rel=\"canonical\" href=\"https:\/\/revolutionpadelstore.com\/fr\/produit\/paletero-adidas-multigame-black-red-3-4-3\/\" \/>\n<meta property=\"og:locale\" content=\"fr_FR\" \/>\n<meta property=\"og:type\" content=\"article\" \/>\n<meta property=\"og:title\" content=\"PALETERO ADIDAS MULTIGAME BLACK\/RED 3.4 - Revolution Padel Store\" \/>\n<meta property=\"og:description\" content=\"Descubre el Paletero Adidas Multigame 3.4 Negro\/Rojo, con gran capacidad, dise\u00f1o exclusivo y materiales sostenibles. \u00a1Compra al mejor precio en Revolution Padel Store!\" \/>\n<meta property=\"og:url\" content=\"https:\/\/revolutionpadelstore.com\/fr\/produit\/paletero-adidas-multigame-black-red-3-4-3\/\" \/>\n<meta property=\"og:site_name\" content=\"Revolution Padel Store\" \/>\n<meta property=\"article:modified_time\" content=\"2026-04-08T06:30:25+00:00\" \/>\n<meta property=\"og:image\" content=\"https:\/\/revolutionpadelstore.com\/wp-content\/uploads\/2025\/01\/paletero-adidas-ale-galan-multigame-3-4-negro-rojo-1100x1100-1.webp\" \/>\n\t<meta property=\"og:image:width\" content=\"1100\" \/>\n\t<meta property=\"og:image:height\" content=\"1100\" \/>\n\t<meta property=\"og:image:type\" content=\"image\/webp\" \/>\n<meta name=\"twitter:card\" content=\"summary_large_image\" \/>\n<meta name=\"twitter:label1\" content=\"Dur\u00e9e de lecture estim\u00e9e\" \/>\n\t<meta name=\"twitter:data1\" content=\"2 minutes\" \/>\n<script type=\"application\/ld+json\" class=\"yoast-schema-graph\">{\"@context\":\"https:\\\/\\\/schema.org\",\"@graph\":[{\"@type\":\"WebPage\",\"@id\":\"https:\\\/\\\/revolutionpadelstore.com\\\/fr\\\/produit\\\/paletero-adidas-multigame-black-red-3-4-3\\\/\",\"url\":\"https:\\\/\\\/revolutionpadelstore.com\\\/fr\\\/produit\\\/paletero-adidas-multigame-black-red-3-4-3\\\/\",\"name\":\"PALETERO ADIDAS MULTIGAME BLACK\\\/RED 3.4 - Revolution Padel Store\",\"isPartOf\":{\"@id\":\"https:\\\/\\\/revolutionpadelstore.com\\\/fr\\\/#website\"},\"primaryImageOfPage\":{\"@id\":\"https:\\\/\\\/revolutionpadelstore.com\\\/fr\\\/produit\\\/paletero-adidas-multigame-black-red-3-4-3\\\/#primaryimage\"},\"image\":{\"@id\":\"https:\\\/\\\/revolutionpadelstore.com\\\/fr\\\/produit\\\/paletero-adidas-multigame-black-red-3-4-3\\\/#primaryimage\"},\"thumbnailUrl\":\"https:\\\/\\\/revolutionpadelstore.com\\\/wp-content\\\/uploads\\\/2025\\\/01\\\/paletero-adidas-ale-galan-multigame-3-4-negro-rojo-1100x1100-1.webp\",\"datePublished\":\"2025-01-16T12:12:41+00:00\",\"dateModified\":\"2026-04-08T06:30:25+00:00\",\"description\":\"Descubre el Paletero Adidas Multigame 3.4 Negro\\\/Rojo, con gran capacidad, dise\u00f1o exclusivo y materiales sostenibles. \u00a1Compra al mejor precio en Revolution Padel Store!\",\"breadcrumb\":{\"@id\":\"https:\\\/\\\/revolutionpadelstore.com\\\/fr\\\/produit\\\/paletero-adidas-multigame-black-red-3-4-3\\\/#breadcrumb\"},\"inLanguage\":\"fr-FR\",\"potentialAction\":[{\"@type\":\"ReadAction\",\"target\":[\"https:\\\/\\\/revolutionpadelstore.com\\\/fr\\\/produit\\\/paletero-adidas-multigame-black-red-3-4-3\\\/\"]}]},{\"@type\":\"ImageObject\",\"inLanguage\":\"fr-FR\",\"@id\":\"https:\\\/\\\/revolutionpadelstore.com\\\/fr\\\/produit\\\/paletero-adidas-multigame-black-red-3-4-3\\\/#primaryimage\",\"url\":\"https:\\\/\\\/revolutionpadelstore.com\\\/wp-content\\\/uploads\\\/2025\\\/01\\\/paletero-adidas-ale-galan-multigame-3-4-negro-rojo-1100x1100-1.webp\",\"contentUrl\":\"https:\\\/\\\/revolutionpadelstore.com\\\/wp-content\\\/uploads\\\/2025\\\/01\\\/paletero-adidas-ale-galan-multigame-3-4-negro-rojo-1100x1100-1.webp\",\"width\":1100,\"height\":1100},{\"@type\":\"BreadcrumbList\",\"@id\":\"https:\\\/\\\/revolutionpadelstore.com\\\/fr\\\/produit\\\/paletero-adidas-multigame-black-red-3-4-3\\\/#breadcrumb\",\"itemListElement\":[{\"@type\":\"ListItem\",\"position\":1,\"name\":\"Portada\",\"item\":\"https:\\\/\\\/revolutionpadelstore.com\\\/fr\\\/\"},{\"@type\":\"ListItem\",\"position\":2,\"name\":\"Boutique\",\"item\":\"https:\\\/\\\/revolutionpadelstore.com\\\/fr\\\/tienda\\\/\"},{\"@type\":\"ListItem\",\"position\":3,\"name\":\"PALETERO ADIDAS MULTIGAME BLACK\\\/RED 3.4\"}]},{\"@type\":\"WebSite\",\"@id\":\"https:\\\/\\\/revolutionpadelstore.com\\\/fr\\\/#website\",\"url\":\"https:\\\/\\\/revolutionpadelstore.com\\\/fr\\\/\",\"name\":\"Revolution Padel Store\",\"description\":\"\",\"publisher\":{\"@id\":\"https:\\\/\\\/revolutionpadelstore.com\\\/fr\\\/#organization\"},\"potentialAction\":[{\"@type\":\"SearchAction\",\"target\":{\"@type\":\"EntryPoint\",\"urlTemplate\":\"https:\\\/\\\/revolutionpadelstore.com\\\/fr\\\/?s={search_term_string}\"},\"query-input\":{\"@type\":\"PropertyValueSpecification\",\"valueRequired\":true,\"valueName\":\"search_term_string\"}}],\"inLanguage\":\"fr-FR\"},{\"@type\":\"Organization\",\"@id\":\"https:\\\/\\\/revolutionpadelstore.com\\\/fr\\\/#organization\",\"name\":\"Revolution Padel Store\",\"url\":\"https:\\\/\\\/revolutionpadelstore.com\\\/fr\\\/\",\"logo\":{\"@type\":\"ImageObject\",\"inLanguage\":\"fr-FR\",\"@id\":\"https:\\\/\\\/revolutionpadelstore.com\\\/fr\\\/#\\\/schema\\\/logo\\\/image\\\/\",\"url\":\"https:\\\/\\\/revolutionpadelstore.com\\\/wp-content\\\/uploads\\\/2026\\\/02\\\/revolution-padel-store.jpg\",\"contentUrl\":\"https:\\\/\\\/revolutionpadelstore.com\\\/wp-content\\\/uploads\\\/2026\\\/02\\\/revolution-padel-store.jpg\",\"width\":2000,\"height\":2000,\"caption\":\"Revolution Padel Store\"},\"image\":{\"@id\":\"https:\\\/\\\/revolutionpadelstore.com\\\/fr\\\/#\\\/schema\\\/logo\\\/image\\\/\"},\"sameAs\":[\"https:\\\/\\\/www.instagram.com\\\/revolutionpadelstore\\\/\"]}]}<\/script>\n<!-- \/ Yoast SEO plugin. -->","yoast_head_json":{"title":"PALETERO ADIDAS MULTIGAME BLACK\/RED 3.4 - Revolution Padel Store","description":"Descubre el Paletero Adidas Multigame 3.4 Negro\/Rojo, con gran capacidad, dise\u00f1o exclusivo y materiales sostenibles. \u00a1Compra al mejor precio en Revolution Padel Store!","robots":{"index":"index","follow":"follow","max-snippet":"max-snippet:-1","max-image-preview":"max-image-preview:large","max-video-preview":"max-video-preview:-1"},"canonical":"https:\/\/revolutionpadelstore.com\/fr\/produit\/paletero-adidas-multigame-black-red-3-4-3\/","og_locale":"fr_FR","og_type":"article","og_title":"PALETERO ADIDAS MULTIGAME BLACK\/RED 3.4 - Revolution Padel Store","og_description":"Descubre el Paletero Adidas Multigame 3.4 Negro\/Rojo, con gran capacidad, dise\u00f1o exclusivo y materiales sostenibles. \u00a1Compra al mejor precio en Revolution Padel Store!","og_url":"https:\/\/revolutionpadelstore.com\/fr\/produit\/paletero-adidas-multigame-black-red-3-4-3\/","og_site_name":"Revolution Padel Store","article_modified_time":"2026-04-08T06:30:25+00:00","og_image":[{"width":1100,"height":1100,"url":"https:\/\/revolutionpadelstore.com\/wp-content\/uploads\/2025\/01\/paletero-adidas-ale-galan-multigame-3-4-negro-rojo-1100x1100-1.webp","type":"image\/webp"}],"twitter_card":"summary_large_image","twitter_misc":{"Dur\u00e9e de lecture estim\u00e9e":"2 minutes"},"schema":{"@context":"https:\/\/schema.org","@graph":[{"@type":"WebPage","@id":"https:\/\/revolutionpadelstore.com\/fr\/produit\/paletero-adidas-multigame-black-red-3-4-3\/","url":"https:\/\/revolutionpadelstore.com\/fr\/produit\/paletero-adidas-multigame-black-red-3-4-3\/","name":"PALETERO ADIDAS MULTIGAME BLACK\/RED 3.4 - Revolution Padel Store","isPartOf":{"@id":"https:\/\/revolutionpadelstore.com\/fr\/#website"},"primaryImageOfPage":{"@id":"https:\/\/revolutionpadelstore.com\/fr\/produit\/paletero-adidas-multigame-black-red-3-4-3\/#primaryimage"},"image":{"@id":"https:\/\/revolutionpadelstore.com\/fr\/produit\/paletero-adidas-multigame-black-red-3-4-3\/#primaryimage"},"thumbnailUrl":"https:\/\/revolutionpadelstore.com\/wp-content\/uploads\/2025\/01\/paletero-adidas-ale-galan-multigame-3-4-negro-rojo-1100x1100-1.webp","datePublished":"2025-01-16T12:12:41+00:00","dateModified":"2026-04-08T06:30:25+00:00","description":"Descubre el Paletero Adidas Multigame 3.4 Negro\/Rojo, con gran capacidad, dise\u00f1o exclusivo y materiales sostenibles. \u00a1Compra al mejor precio en Revolution Padel Store!","breadcrumb":{"@id":"https:\/\/revolutionpadelstore.com\/fr\/produit\/paletero-adidas-multigame-black-red-3-4-3\/#breadcrumb"},"inLanguage":"fr-FR","potentialAction":[{"@type":"ReadAction","target":["https:\/\/revolutionpadelstore.com\/fr\/produit\/paletero-adidas-multigame-black-red-3-4-3\/"]}]},{"@type":"ImageObject","inLanguage":"fr-FR","@id":"https:\/\/revolutionpadelstore.com\/fr\/produit\/paletero-adidas-multigame-black-red-3-4-3\/#primaryimage","url":"https:\/\/revolutionpadelstore.com\/wp-content\/uploads\/2025\/01\/paletero-adidas-ale-galan-multigame-3-4-negro-rojo-1100x1100-1.webp","contentUrl":"https:\/\/revolutionpadelstore.com\/wp-content\/uploads\/2025\/01\/paletero-adidas-ale-galan-multigame-3-4-negro-rojo-1100x1100-1.webp","width":1100,"height":1100},{"@type":"BreadcrumbList","@id":"https:\/\/revolutionpadelstore.com\/fr\/produit\/paletero-adidas-multigame-black-red-3-4-3\/#breadcrumb","itemListElement":[{"@type":"ListItem","position":1,"name":"Portada","item":"https:\/\/revolutionpadelstore.com\/fr\/"},{"@type":"ListItem","position":2,"name":"Boutique","item":"https:\/\/revolutionpadelstore.com\/fr\/tienda\/"},{"@type":"ListItem","position":3,"name":"PALETERO ADIDAS MULTIGAME BLACK\/RED 3.4"}]},{"@type":"WebSite","@id":"https:\/\/revolutionpadelstore.com\/fr\/#website","url":"https:\/\/revolutionpadelstore.com\/fr\/","name":"Revolution Padel Store","description":"","publisher":{"@id":"https:\/\/revolutionpadelstore.com\/fr\/#organization"},"potentialAction":[{"@type":"SearchAction","target":{"@type":"EntryPoint","urlTemplate":"https:\/\/revolutionpadelstore.com\/fr\/?s={search_term_string}"},"query-input":{"@type":"PropertyValueSpecification","valueRequired":true,"valueName":"search_term_string"}}],"inLanguage":"fr-FR"},{"@type":"Organization","@id":"https:\/\/revolutionpadelstore.com\/fr\/#organization","name":"Revolution Padel Store","url":"https:\/\/revolutionpadelstore.com\/fr\/","logo":{"@type":"ImageObject","inLanguage":"fr-FR","@id":"https:\/\/revolutionpadelstore.com\/fr\/#\/schema\/logo\/image\/","url":"https:\/\/revolutionpadelstore.com\/wp-content\/uploads\/2026\/02\/revolution-padel-store.jpg","contentUrl":"https:\/\/revolutionpadelstore.com\/wp-content\/uploads\/2026\/02\/revolution-padel-store.jpg","width":2000,"height":2000,"caption":"Revolution Padel Store"},"image":{"@id":"https:\/\/revolutionpadelstore.com\/fr\/#\/schema\/logo\/image\/"},"sameAs":["https:\/\/www.instagram.com\/revolutionpadelstore\/"]}]}},"_links":{"self":[{"href":"https:\/\/revolutionpadelstore.com\/fr\/wp-json\/wp\/v2\/product\/159615","targetHints":{"allow":["GET"]}}],"collection":[{"href":"https:\/\/revolutionpadelstore.com\/fr\/wp-json\/wp\/v2\/product"}],"about":[{"href":"https:\/\/revolutionpadelstore.com\/fr\/wp-json\/wp\/v2\/types\/product"}],"replies":[{"embeddable":true,"href":"https:\/\/revolutionpadelstore.com\/fr\/wp-json\/wp\/v2\/comments?post=159615"}],"wp:featuredmedia":[{"embeddable":true,"href":"https:\/\/revolutionpadelstore.com\/fr\/wp-json\/wp\/v2\/media\/159574"}],"wp:attachment":[{"href":"https:\/\/revolutionpadelstore.com\/fr\/wp-json\/wp\/v2\/media?parent=159615"}],"wp:term":[{"taxonomy":"acabado","embeddable":true,"href":"https:\/\/revolutionpadelstore.com\/fr\/wp-json\/wp\/v2\/acabado?post=159615"},{"taxonomy":"balance","embeddable":true,"href":"https:\/\/revolutionpadelstore.com\/fr\/wp-json\/wp\/v2\/balance?post=159615"},{"taxonomy":"dureza","embeddable":true,"href":"https:\/\/revolutionpadelstore.com\/fr\/wp-json\/wp\/v2\/dureza?post=159615"},{"taxonomy":"forma","embeddable":true,"href":"https:\/\/revolutionpadelstore.com\/fr\/wp-json\/wp\/v2\/forma?post=159615"},{"taxonomy":"jugador","embeddable":true,"href":"https:\/\/revolutionpadelstore.com\/fr\/wp-json\/wp\/v2\/jugador?post=159615"},{"taxonomy":"marca","embeddable":true,"href":"https:\/\/revolutionpadelstore.com\/fr\/wp-json\/wp\/v2\/marca?post=159615"},{"taxonomy":"nivel-de-juego","embeddable":true,"href":"https:\/\/revolutionpadelstore.com\/fr\/wp-json\/wp\/v2\/nivel-de-juego?post=159615"},{"taxonomy":"superficie","embeddable":true,"href":"https:\/\/revolutionpadelstore.com\/fr\/wp-json\/wp\/v2\/superficie?post=159615"},{"taxonomy":"tipo-de-juego","embeddable":true,"href":"https:\/\/revolutionpadelstore.com\/fr\/wp-json\/wp\/v2\/tipo-de-juego?post=159615"},{"taxonomy":"product_brand","embeddable":true,"href":"https:\/\/revolutionpadelstore.com\/fr\/wp-json\/wp\/v2\/product_brand?post=159615"},{"taxonomy":"product_cat","embeddable":true,"href":"https:\/\/revolutionpadelstore.com\/fr\/wp-json\/wp\/v2\/product_cat?post=159615"},{"taxonomy":"product_tag","embeddable":true,"href":"https:\/\/revolutionpadelstore.com\/fr\/wp-json\/wp\/v2\/product_tag?post=159615"}],"curies":[{"name":"wp","href":"https:\/\/api.w.org\/{rel}","templated":true}]}}