{"id":159215,"date":"2025-01-15T20:17:28","date_gmt":"2025-01-15T19:17:28","guid":{"rendered":"https:\/\/revolutionpadelstore.com\/paletero-nox-pro-series-white\/"},"modified":"2026-04-08T08:32:24","modified_gmt":"2026-04-08T06:32:24","slug":"paletero-nox-pro-series-white-3","status":"publish","type":"product","link":"https:\/\/revolutionpadelstore.com\/fr\/produit\/paletero-nox-pro-series-white-3\/","title":{"rendered":"PALETERO NOX PRO SERIES WHITE"},"content":{"rendered":"<p><H2> Paletero Nox Pro Series White &#8211; Qualit\u00e9 et fonctionnalit\u00e9 sup\u00e9rieures <\/h2>\n<p>D\u00e9couvrez la s\u00e9rie <strong> Paletero Nox Pro Series White <\/strong>, une combinaison parfaite de style <strong>, de capacit\u00e9 et de technologie avanc\u00e9e <\/strong>. Ce Paletero a \u00e9t\u00e9 con\u00e7u en pensant aux joueurs \u00e0 la recherche de la qualit\u00e9 et de la praticit\u00e9, en vous assurant de transporter tout ce dont vous avez besoin pour vos jeux et votre formation, toujours avec la touche \u00e9l\u00e9gante de Nox.<\/p>\n<h2> Caract\u00e9ristiques exceptionnelles <\/h2>\n<p> <strong> -Gran Capacit\u00e9 <\/strong>: Partement principal spacieux avec une fermeture \u00e9clair double, id\u00e9al pour transporter jusqu&#8217;\u00e0 trois lames, v\u00eatements et accessoires essentiels.<\/p>\n<p> <strong> -trong&gt; Temp\u00e9rature de protection thermique.<\/p>\n<p> <strong> -ff Efficient <\/strong>: poches lat\u00e9rales con\u00e7ues pour sauver de petits objets tels que mobile, touches ou portefeuille.<br \/>\n<P style=\"padding-left: 40px\"> <strong> -space pour les chaussures et la salet\u00e9.<\/p>\n<h2> conception polyvalente et ergonomique <\/h2>\n<p>Ce Paletero offre non seulement des fonctionnalit\u00e9s, mais aussi du confort. Ses poign\u00e9es amovibles lui permettent de la transformer facilement en sac \u00e0 dos, s&#8217;adaptant \u00e0 vos besoins. En plus:<\/p>\n<p style=\"padding-left: 40px\"> <strong> -Revoid transformateur <\/strong>: poign\u00e9e ergonomique principale et base rigide pour une plus grande stabilit\u00e9.<br \/>\n<P> <strong> -Tama\u00f1o Optimal <\/strong>: mesures de 61 x 30 x 27 cm avec une capacit\u00e9 de 45 litres, parfaite pour porter votre \u00e9quipe enti\u00e8re sans probl\u00e8mes.<\/p>\n<h2> Avantages de la s\u00e9rie Paletero Nox Pro White <\/H2><br \/>\n<P> <strong> &#8211; styl exclusif <\/strong>: design blanc qui se distingue par son \u00e9l\u00e9gance.<br \/>\n<P> <strong> -Durenabilit\u00e9 <\/strong>: mat\u00e9riaux de haute qualit\u00e9 qui garantissent une r\u00e9sistance \u00e0 une utilisation intensive.<br \/>\n<P> <strong> -Total Comoding <\/strong>: adaptabilit\u00e9 pour toute situation, que ce soit le tournoi ou la formation.<\/p>\n<h2> Emportez-le avec vous au meilleur prix!<br \/>\nLe <strong> Paletero Nox Pro Series White <\/strong> est le choix id\u00e9al pour ceux qui recherchent le meilleur \u00e9quipement de tennis \u00e0 pagaie. <strong> maintenant disponible dans notre boutique en ligne <a href=\"http:\/\/www.revolutionpadelstore.com\/\"> www.revolutionpadelstore.com <\/a>, probablement au meilleur prix de march\u00e9.<\/p>\n<h2>Paletero Nox Pro Series White &#8211; Calidad y Funcionalidad Superior<\/h2>\n","protected":false},"excerpt":{"rendered":"<p>Bag du Nox Pro Series White Paletero, con\u00e7u pour transporter jusqu&#8217;\u00e0 5 palettes avec votre \u00e9quipe sportive. Comprend un compartiment thermique pour une plus grande protection.<\/p>\n","protected":false},"featured_media":159150,"comment_status":"open","ping_status":"closed","template":"","meta":{"_acf_changed":false,"_joinchat":[]},"acabado":[],"balance":[],"dureza":[],"forma":[],"jugador":[],"marca":[1262],"nivel-de-juego":[],"superficie":[],"tipo-de-juego":[],"product_brand":[],"product_cat":[320],"product_tag":[],"class_list":{"0":"post-159215","1":"product","2":"type-product","3":"status-publish","4":"has-post-thumbnail","6":"marca-nox-fr","7":"product_cat-sacs","9":"first","10":"outofstock","11":"sale","12":"taxable","13":"shipping-taxable","14":"purchasable","15":"product-type-simple"},"acf":[],"yoast_head":"<!-- This site is optimized with the Yoast SEO plugin v27.4 - https:\/\/yoast.com\/product\/yoast-seo-wordpress\/ -->\n<title>PALETERO NOX PRO SERIES WHITE - Revolution Padel Store<\/title>\n<meta name=\"description\" content=\"Compra el Paletero Nox Pro Series White en nuestra tienda online. Con gran capacidad, tecnolog\u00eda ThermoTech y dise\u00f1o elegante, es ideal para cualquier jugador de p\u00e1del. \u00a1Vis\u00edtanos y ll\u00e9valo al mejor precio!\" \/>\n<meta name=\"robots\" content=\"index, follow, max-snippet:-1, max-image-preview:large, max-video-preview:-1\" \/>\n<link rel=\"canonical\" href=\"https:\/\/revolutionpadelstore.com\/fr\/produit\/paletero-nox-pro-series-white-3\/\" \/>\n<meta property=\"og:locale\" content=\"fr_FR\" \/>\n<meta property=\"og:type\" content=\"article\" \/>\n<meta property=\"og:title\" content=\"PALETERO NOX PRO SERIES WHITE - Revolution Padel Store\" \/>\n<meta property=\"og:description\" content=\"Compra el Paletero Nox Pro Series White en nuestra tienda online. Con gran capacidad, tecnolog\u00eda ThermoTech y dise\u00f1o elegante, es ideal para cualquier jugador de p\u00e1del. \u00a1Vis\u00edtanos y ll\u00e9valo al mejor precio!\" \/>\n<meta property=\"og:url\" content=\"https:\/\/revolutionpadelstore.com\/fr\/produit\/paletero-nox-pro-series-white-3\/\" \/>\n<meta property=\"og:site_name\" content=\"Revolution Padel Store\" \/>\n<meta property=\"article:modified_time\" content=\"2026-04-08T06:32:24+00:00\" \/>\n<meta property=\"og:image\" content=\"https:\/\/revolutionpadelstore.com\/wp-content\/uploads\/2025\/01\/113441_paletero_nox_ml10_team_white_grey_bpml10tewhgr_1500x1500_1_de59.webp\" \/>\n\t<meta property=\"og:image:width\" content=\"1500\" \/>\n\t<meta property=\"og:image:height\" content=\"1500\" \/>\n\t<meta property=\"og:image:type\" content=\"image\/webp\" \/>\n<meta name=\"twitter:card\" content=\"summary_large_image\" \/>\n<meta name=\"twitter:label1\" content=\"Dur\u00e9e de lecture estim\u00e9e\" \/>\n\t<meta name=\"twitter:data1\" content=\"2 minutes\" \/>\n<script type=\"application\/ld+json\" class=\"yoast-schema-graph\">{\"@context\":\"https:\\\/\\\/schema.org\",\"@graph\":[{\"@type\":\"WebPage\",\"@id\":\"https:\\\/\\\/revolutionpadelstore.com\\\/fr\\\/produit\\\/paletero-nox-pro-series-white-3\\\/\",\"url\":\"https:\\\/\\\/revolutionpadelstore.com\\\/fr\\\/produit\\\/paletero-nox-pro-series-white-3\\\/\",\"name\":\"PALETERO NOX PRO SERIES WHITE - Revolution Padel Store\",\"isPartOf\":{\"@id\":\"https:\\\/\\\/revolutionpadelstore.com\\\/fr\\\/#website\"},\"primaryImageOfPage\":{\"@id\":\"https:\\\/\\\/revolutionpadelstore.com\\\/fr\\\/produit\\\/paletero-nox-pro-series-white-3\\\/#primaryimage\"},\"image\":{\"@id\":\"https:\\\/\\\/revolutionpadelstore.com\\\/fr\\\/produit\\\/paletero-nox-pro-series-white-3\\\/#primaryimage\"},\"thumbnailUrl\":\"https:\\\/\\\/revolutionpadelstore.com\\\/wp-content\\\/uploads\\\/2025\\\/01\\\/113441_paletero_nox_ml10_team_white_grey_bpml10tewhgr_1500x1500_1_de59.webp\",\"datePublished\":\"2025-01-15T19:17:28+00:00\",\"dateModified\":\"2026-04-08T06:32:24+00:00\",\"description\":\"Compra el Paletero Nox Pro Series White en nuestra tienda online. Con gran capacidad, tecnolog\u00eda ThermoTech y dise\u00f1o elegante, es ideal para cualquier jugador de p\u00e1del. \u00a1Vis\u00edtanos y ll\u00e9valo al mejor precio!\",\"breadcrumb\":{\"@id\":\"https:\\\/\\\/revolutionpadelstore.com\\\/fr\\\/produit\\\/paletero-nox-pro-series-white-3\\\/#breadcrumb\"},\"inLanguage\":\"fr-FR\",\"potentialAction\":[{\"@type\":\"ReadAction\",\"target\":[\"https:\\\/\\\/revolutionpadelstore.com\\\/fr\\\/produit\\\/paletero-nox-pro-series-white-3\\\/\"]}]},{\"@type\":\"ImageObject\",\"inLanguage\":\"fr-FR\",\"@id\":\"https:\\\/\\\/revolutionpadelstore.com\\\/fr\\\/produit\\\/paletero-nox-pro-series-white-3\\\/#primaryimage\",\"url\":\"https:\\\/\\\/revolutionpadelstore.com\\\/wp-content\\\/uploads\\\/2025\\\/01\\\/113441_paletero_nox_ml10_team_white_grey_bpml10tewhgr_1500x1500_1_de59.webp\",\"contentUrl\":\"https:\\\/\\\/revolutionpadelstore.com\\\/wp-content\\\/uploads\\\/2025\\\/01\\\/113441_paletero_nox_ml10_team_white_grey_bpml10tewhgr_1500x1500_1_de59.webp\",\"width\":1500,\"height\":1500},{\"@type\":\"BreadcrumbList\",\"@id\":\"https:\\\/\\\/revolutionpadelstore.com\\\/fr\\\/produit\\\/paletero-nox-pro-series-white-3\\\/#breadcrumb\",\"itemListElement\":[{\"@type\":\"ListItem\",\"position\":1,\"name\":\"Portada\",\"item\":\"https:\\\/\\\/revolutionpadelstore.com\\\/fr\\\/\"},{\"@type\":\"ListItem\",\"position\":2,\"name\":\"Boutique\",\"item\":\"https:\\\/\\\/revolutionpadelstore.com\\\/fr\\\/tienda\\\/\"},{\"@type\":\"ListItem\",\"position\":3,\"name\":\"PALETERO NOX PRO SERIES WHITE\"}]},{\"@type\":\"WebSite\",\"@id\":\"https:\\\/\\\/revolutionpadelstore.com\\\/fr\\\/#website\",\"url\":\"https:\\\/\\\/revolutionpadelstore.com\\\/fr\\\/\",\"name\":\"Revolution Padel Store\",\"description\":\"\",\"publisher\":{\"@id\":\"https:\\\/\\\/revolutionpadelstore.com\\\/fr\\\/#organization\"},\"potentialAction\":[{\"@type\":\"SearchAction\",\"target\":{\"@type\":\"EntryPoint\",\"urlTemplate\":\"https:\\\/\\\/revolutionpadelstore.com\\\/fr\\\/?s={search_term_string}\"},\"query-input\":{\"@type\":\"PropertyValueSpecification\",\"valueRequired\":true,\"valueName\":\"search_term_string\"}}],\"inLanguage\":\"fr-FR\"},{\"@type\":\"Organization\",\"@id\":\"https:\\\/\\\/revolutionpadelstore.com\\\/fr\\\/#organization\",\"name\":\"Revolution Padel Store\",\"url\":\"https:\\\/\\\/revolutionpadelstore.com\\\/fr\\\/\",\"logo\":{\"@type\":\"ImageObject\",\"inLanguage\":\"fr-FR\",\"@id\":\"https:\\\/\\\/revolutionpadelstore.com\\\/fr\\\/#\\\/schema\\\/logo\\\/image\\\/\",\"url\":\"https:\\\/\\\/revolutionpadelstore.com\\\/wp-content\\\/uploads\\\/2026\\\/02\\\/revolution-padel-store.jpg\",\"contentUrl\":\"https:\\\/\\\/revolutionpadelstore.com\\\/wp-content\\\/uploads\\\/2026\\\/02\\\/revolution-padel-store.jpg\",\"width\":2000,\"height\":2000,\"caption\":\"Revolution Padel Store\"},\"image\":{\"@id\":\"https:\\\/\\\/revolutionpadelstore.com\\\/fr\\\/#\\\/schema\\\/logo\\\/image\\\/\"},\"sameAs\":[\"https:\\\/\\\/www.instagram.com\\\/revolutionpadelstore\\\/\"]}]}<\/script>\n<!-- \/ Yoast SEO plugin. -->","yoast_head_json":{"title":"PALETERO NOX PRO SERIES WHITE - Revolution Padel Store","description":"Compra el Paletero Nox Pro Series White en nuestra tienda online. Con gran capacidad, tecnolog\u00eda ThermoTech y dise\u00f1o elegante, es ideal para cualquier jugador de p\u00e1del. \u00a1Vis\u00edtanos y ll\u00e9valo al mejor precio!","robots":{"index":"index","follow":"follow","max-snippet":"max-snippet:-1","max-image-preview":"max-image-preview:large","max-video-preview":"max-video-preview:-1"},"canonical":"https:\/\/revolutionpadelstore.com\/fr\/produit\/paletero-nox-pro-series-white-3\/","og_locale":"fr_FR","og_type":"article","og_title":"PALETERO NOX PRO SERIES WHITE - Revolution Padel Store","og_description":"Compra el Paletero Nox Pro Series White en nuestra tienda online. Con gran capacidad, tecnolog\u00eda ThermoTech y dise\u00f1o elegante, es ideal para cualquier jugador de p\u00e1del. \u00a1Vis\u00edtanos y ll\u00e9valo al mejor precio!","og_url":"https:\/\/revolutionpadelstore.com\/fr\/produit\/paletero-nox-pro-series-white-3\/","og_site_name":"Revolution Padel Store","article_modified_time":"2026-04-08T06:32:24+00:00","og_image":[{"width":1500,"height":1500,"url":"https:\/\/revolutionpadelstore.com\/wp-content\/uploads\/2025\/01\/113441_paletero_nox_ml10_team_white_grey_bpml10tewhgr_1500x1500_1_de59.webp","type":"image\/webp"}],"twitter_card":"summary_large_image","twitter_misc":{"Dur\u00e9e de lecture estim\u00e9e":"2 minutes"},"schema":{"@context":"https:\/\/schema.org","@graph":[{"@type":"WebPage","@id":"https:\/\/revolutionpadelstore.com\/fr\/produit\/paletero-nox-pro-series-white-3\/","url":"https:\/\/revolutionpadelstore.com\/fr\/produit\/paletero-nox-pro-series-white-3\/","name":"PALETERO NOX PRO SERIES WHITE - Revolution Padel Store","isPartOf":{"@id":"https:\/\/revolutionpadelstore.com\/fr\/#website"},"primaryImageOfPage":{"@id":"https:\/\/revolutionpadelstore.com\/fr\/produit\/paletero-nox-pro-series-white-3\/#primaryimage"},"image":{"@id":"https:\/\/revolutionpadelstore.com\/fr\/produit\/paletero-nox-pro-series-white-3\/#primaryimage"},"thumbnailUrl":"https:\/\/revolutionpadelstore.com\/wp-content\/uploads\/2025\/01\/113441_paletero_nox_ml10_team_white_grey_bpml10tewhgr_1500x1500_1_de59.webp","datePublished":"2025-01-15T19:17:28+00:00","dateModified":"2026-04-08T06:32:24+00:00","description":"Compra el Paletero Nox Pro Series White en nuestra tienda online. Con gran capacidad, tecnolog\u00eda ThermoTech y dise\u00f1o elegante, es ideal para cualquier jugador de p\u00e1del. \u00a1Vis\u00edtanos y ll\u00e9valo al mejor precio!","breadcrumb":{"@id":"https:\/\/revolutionpadelstore.com\/fr\/produit\/paletero-nox-pro-series-white-3\/#breadcrumb"},"inLanguage":"fr-FR","potentialAction":[{"@type":"ReadAction","target":["https:\/\/revolutionpadelstore.com\/fr\/produit\/paletero-nox-pro-series-white-3\/"]}]},{"@type":"ImageObject","inLanguage":"fr-FR","@id":"https:\/\/revolutionpadelstore.com\/fr\/produit\/paletero-nox-pro-series-white-3\/#primaryimage","url":"https:\/\/revolutionpadelstore.com\/wp-content\/uploads\/2025\/01\/113441_paletero_nox_ml10_team_white_grey_bpml10tewhgr_1500x1500_1_de59.webp","contentUrl":"https:\/\/revolutionpadelstore.com\/wp-content\/uploads\/2025\/01\/113441_paletero_nox_ml10_team_white_grey_bpml10tewhgr_1500x1500_1_de59.webp","width":1500,"height":1500},{"@type":"BreadcrumbList","@id":"https:\/\/revolutionpadelstore.com\/fr\/produit\/paletero-nox-pro-series-white-3\/#breadcrumb","itemListElement":[{"@type":"ListItem","position":1,"name":"Portada","item":"https:\/\/revolutionpadelstore.com\/fr\/"},{"@type":"ListItem","position":2,"name":"Boutique","item":"https:\/\/revolutionpadelstore.com\/fr\/tienda\/"},{"@type":"ListItem","position":3,"name":"PALETERO NOX PRO SERIES WHITE"}]},{"@type":"WebSite","@id":"https:\/\/revolutionpadelstore.com\/fr\/#website","url":"https:\/\/revolutionpadelstore.com\/fr\/","name":"Revolution Padel Store","description":"","publisher":{"@id":"https:\/\/revolutionpadelstore.com\/fr\/#organization"},"potentialAction":[{"@type":"SearchAction","target":{"@type":"EntryPoint","urlTemplate":"https:\/\/revolutionpadelstore.com\/fr\/?s={search_term_string}"},"query-input":{"@type":"PropertyValueSpecification","valueRequired":true,"valueName":"search_term_string"}}],"inLanguage":"fr-FR"},{"@type":"Organization","@id":"https:\/\/revolutionpadelstore.com\/fr\/#organization","name":"Revolution Padel Store","url":"https:\/\/revolutionpadelstore.com\/fr\/","logo":{"@type":"ImageObject","inLanguage":"fr-FR","@id":"https:\/\/revolutionpadelstore.com\/fr\/#\/schema\/logo\/image\/","url":"https:\/\/revolutionpadelstore.com\/wp-content\/uploads\/2026\/02\/revolution-padel-store.jpg","contentUrl":"https:\/\/revolutionpadelstore.com\/wp-content\/uploads\/2026\/02\/revolution-padel-store.jpg","width":2000,"height":2000,"caption":"Revolution Padel Store"},"image":{"@id":"https:\/\/revolutionpadelstore.com\/fr\/#\/schema\/logo\/image\/"},"sameAs":["https:\/\/www.instagram.com\/revolutionpadelstore\/"]}]}},"_links":{"self":[{"href":"https:\/\/revolutionpadelstore.com\/fr\/wp-json\/wp\/v2\/product\/159215","targetHints":{"allow":["GET"]}}],"collection":[{"href":"https:\/\/revolutionpadelstore.com\/fr\/wp-json\/wp\/v2\/product"}],"about":[{"href":"https:\/\/revolutionpadelstore.com\/fr\/wp-json\/wp\/v2\/types\/product"}],"replies":[{"embeddable":true,"href":"https:\/\/revolutionpadelstore.com\/fr\/wp-json\/wp\/v2\/comments?post=159215"}],"wp:featuredmedia":[{"embeddable":true,"href":"https:\/\/revolutionpadelstore.com\/fr\/wp-json\/wp\/v2\/media\/159150"}],"wp:attachment":[{"href":"https:\/\/revolutionpadelstore.com\/fr\/wp-json\/wp\/v2\/media?parent=159215"}],"wp:term":[{"taxonomy":"acabado","embeddable":true,"href":"https:\/\/revolutionpadelstore.com\/fr\/wp-json\/wp\/v2\/acabado?post=159215"},{"taxonomy":"balance","embeddable":true,"href":"https:\/\/revolutionpadelstore.com\/fr\/wp-json\/wp\/v2\/balance?post=159215"},{"taxonomy":"dureza","embeddable":true,"href":"https:\/\/revolutionpadelstore.com\/fr\/wp-json\/wp\/v2\/dureza?post=159215"},{"taxonomy":"forma","embeddable":true,"href":"https:\/\/revolutionpadelstore.com\/fr\/wp-json\/wp\/v2\/forma?post=159215"},{"taxonomy":"jugador","embeddable":true,"href":"https:\/\/revolutionpadelstore.com\/fr\/wp-json\/wp\/v2\/jugador?post=159215"},{"taxonomy":"marca","embeddable":true,"href":"https:\/\/revolutionpadelstore.com\/fr\/wp-json\/wp\/v2\/marca?post=159215"},{"taxonomy":"nivel-de-juego","embeddable":true,"href":"https:\/\/revolutionpadelstore.com\/fr\/wp-json\/wp\/v2\/nivel-de-juego?post=159215"},{"taxonomy":"superficie","embeddable":true,"href":"https:\/\/revolutionpadelstore.com\/fr\/wp-json\/wp\/v2\/superficie?post=159215"},{"taxonomy":"tipo-de-juego","embeddable":true,"href":"https:\/\/revolutionpadelstore.com\/fr\/wp-json\/wp\/v2\/tipo-de-juego?post=159215"},{"taxonomy":"product_brand","embeddable":true,"href":"https:\/\/revolutionpadelstore.com\/fr\/wp-json\/wp\/v2\/product_brand?post=159215"},{"taxonomy":"product_cat","embeddable":true,"href":"https:\/\/revolutionpadelstore.com\/fr\/wp-json\/wp\/v2\/product_cat?post=159215"},{"taxonomy":"product_tag","embeddable":true,"href":"https:\/\/revolutionpadelstore.com\/fr\/wp-json\/wp\/v2\/product_tag?post=159215"}],"curies":[{"name":"wp","href":"https:\/\/api.w.org\/{rel}","templated":true}]}}