{"id":159122,"date":"2025-01-02T14:05:40","date_gmt":"2025-01-02T13:05:40","guid":{"rendered":"https:\/\/revolutionpadelstore.com\/cajon-72-pelotas-24-botes-de-3-uds-dunlop-tour-brillance\/"},"modified":"2026-04-22T14:00:33","modified_gmt":"2026-04-22T12:00:33","slug":"cajon-72-pelotas-24-botes-de-3-uds-dunlop-tour-brillance-3","status":"publish","type":"product","link":"https:\/\/revolutionpadelstore.com\/fr\/produit\/cajon-72-pelotas-24-botes-de-3-uds-dunlop-tour-brillance-3\/","title":{"rendered":"CAJON 72 PELOTAS-24 BOTES DE 3 UDS-DUNLOP TOUR BRILLANCE"},"content":{"rendered":"<h2> Dunlop Tour Brilliance Tennis Balls <\/h2>\n<p>D\u00e9couvrez le <strong> Dunlop Tour Brilliance Balls <\/strong>, con\u00e7u pour offrir des performances exceptionnelles \u00e0 la fois en comp\u00e9tition et en formation. Ces balles de tennis se distinguent par leur durabilit\u00e9 \u00e9lev\u00e9e et leur visibilit\u00e9 am\u00e9lior\u00e9e gr\u00e2ce aux technologies innovantes suivantes:<\/p>\n<h2> <strong> technologies pro\u00e9minentes <\/strong> <\/h2>\n<p><strong> -hi-vis tissu <\/strong>: Avec un colorant sp\u00e9cial plus r\u00e9fl\u00e9chissant, le tissu de ces balles est plus lumineux, garantissant une meilleure visibilit\u00e9 sur la piste.<\/p>\n<p><strong> -HD Core <\/strong>: Noyau \u00e0 haute densit\u00e9 qui garantit une durabilit\u00e9 sup\u00e9rieure et des performances constantes dans n&#8217;importe quelle surface de jeu.<\/p>\n<h2> <strong> Caract\u00e9ristiques principales <\/strong> <\/h2>\n<p>-Res obstacles pressuris\u00e9s de haute qualit\u00e9.<\/p>\n<p>-Rendage excellant sur toutes les surfaces, en s&#8217;adaptant \u00e0 la fois aux joueurs professionnels et aux amateurs.<\/p>\n<p>-Design qui optimise la r\u00e9sistance et la visibilit\u00e9.<\/p>\n<h2> <strong> Options d&#8217;achat <\/strong> <\/h2>\n<p><strong> -pack x3 <\/strong>: id\u00e9al pour les articles ou la formation occasionnels.<\/p>\n<p><strong> -dunlop Tour Brilliance <\/strong>: 24 bateaux avec 3 balles chacun (total de 72 balles), parfait pour les clubs et les joueurs habituels.<\/p>\n<h3> <strong> Pourquoi choisir Dunlop Tour Brilliance? <\/strong> <\/h3>\n<p>Les balles Brilliance Dunlop Tour Brilliance se distinguent non seulement pour leur qualit\u00e9, mais sont con\u00e7ues pour am\u00e9liorer chaque coup et s&#8217;adapter aux besoins des joueurs les plus exigeants. Avec le noyau de noyau HD et le tissu en haute vis en feutre, vous profiterez d&#8217;un jeu plus fluide, pr\u00e9cis et visible \u00e0 tout moment.<\/p>\n<h2> <strong> Obtenez-les maintenant! <\/strong> <\/h2>\n<p>Achetez le Tennis Balls Dunlop Tour Brilliance dans notre boutique en ligne <a href=\"https:\/\/www.revolutionpadelstore.com\/\"> www.revolutionpadelstore.com <\/a>, probablement au meilleur prix de march\u00e9.<\/p>\n<h3> <\/h3>\n<h2>Pelotas de Tenis Dunlop Tour Brilliance<\/h2>\n","protected":false},"excerpt":{"rendered":"<p>Dunlop Tour Brilliance Tennis Balls D\u00e9couvrez le Dunlop Tour Brilliance Balls , con\u00e7u pour offrir des performances exceptionnelles \u00e0 la fois en comp\u00e9tition et en formation. Ces balles de tennis se distinguent par leur durabilit\u00e9 \u00e9lev\u00e9e et leur visibilit\u00e9 am\u00e9lior\u00e9e gr\u00e2ce aux technologies innovantes suivantes: technologies pro\u00e9minentes -hi-vis tissu : Avec un colorant sp\u00e9cial plus [&hellip;]<\/p>\n","protected":false},"featured_media":267686,"comment_status":"open","ping_status":"closed","template":"","meta":{"_acf_changed":false,"_joinchat":[]},"acabado":[],"balance":[],"dureza":[],"forma":[],"jugador":[],"marca":[1212],"nivel-de-juego":[],"superficie":[],"tipo-de-juego":[],"product_brand":[],"product_cat":[606],"product_tag":[],"class_list":{"0":"post-159122","1":"product","2":"type-product","3":"status-publish","4":"has-post-thumbnail","6":"marca-dunlop-fr","7":"product_cat-balles","9":"first","10":"instock","11":"sale","12":"taxable","13":"shipping-taxable","14":"purchasable","15":"product-type-simple"},"acf":[],"yoast_head":"<!-- This site is optimized with the Yoast SEO plugin v27.4 - https:\/\/yoast.com\/product\/yoast-seo-wordpress\/ -->\n<title>CAJON 72 PELOTAS-24 BOTES DE 3 UDS-DUNLOP TOUR BRILLANCE - Revolution Padel Store<\/title>\n<meta name=\"description\" content=\"Compra las pelotas de tenis Dunlop Tour Brilliance con tecnolog\u00edas HI-VIS Cloth y HD Core para m\u00e1xima visibilidad y durabilidad. Disponible en nuestra tienda online al mejor precio.\" \/>\n<meta name=\"robots\" content=\"index, follow, max-snippet:-1, max-image-preview:large, max-video-preview:-1\" \/>\n<link rel=\"canonical\" href=\"https:\/\/revolutionpadelstore.com\/fr\/produit\/cajon-72-pelotas-24-botes-de-3-uds-dunlop-tour-brillance-3\/\" \/>\n<meta property=\"og:locale\" content=\"fr_FR\" \/>\n<meta property=\"og:type\" content=\"article\" \/>\n<meta property=\"og:title\" content=\"CAJON 72 PELOTAS-24 BOTES DE 3 UDS-DUNLOP TOUR BRILLANCE - Revolution Padel Store\" \/>\n<meta property=\"og:description\" content=\"Compra las pelotas de tenis Dunlop Tour Brilliance con tecnolog\u00edas HI-VIS Cloth y HD Core para m\u00e1xima visibilidad y durabilidad. Disponible en nuestra tienda online al mejor precio.\" \/>\n<meta property=\"og:url\" content=\"https:\/\/revolutionpadelstore.com\/fr\/produit\/cajon-72-pelotas-24-botes-de-3-uds-dunlop-tour-brillance-3\/\" \/>\n<meta property=\"og:site_name\" content=\"Revolution Padel Store\" \/>\n<meta property=\"article:modified_time\" content=\"2026-04-22T12:00:33+00:00\" \/>\n<meta property=\"og:image\" content=\"https:\/\/revolutionpadelstore.com\/wp-content\/uploads\/2025\/03\/365.png\" \/>\n\t<meta property=\"og:image:width\" content=\"1500\" \/>\n\t<meta property=\"og:image:height\" content=\"1500\" \/>\n\t<meta property=\"og:image:type\" content=\"image\/png\" \/>\n<meta name=\"twitter:card\" content=\"summary_large_image\" \/>\n<meta name=\"twitter:label1\" content=\"Dur\u00e9e de lecture estim\u00e9e\" \/>\n\t<meta name=\"twitter:data1\" content=\"1 minute\" \/>\n<script type=\"application\/ld+json\" class=\"yoast-schema-graph\">{\"@context\":\"https:\\\/\\\/schema.org\",\"@graph\":[{\"@type\":\"WebPage\",\"@id\":\"https:\\\/\\\/revolutionpadelstore.com\\\/fr\\\/produit\\\/cajon-72-pelotas-24-botes-de-3-uds-dunlop-tour-brillance-3\\\/\",\"url\":\"https:\\\/\\\/revolutionpadelstore.com\\\/fr\\\/produit\\\/cajon-72-pelotas-24-botes-de-3-uds-dunlop-tour-brillance-3\\\/\",\"name\":\"CAJON 72 PELOTAS-24 BOTES DE 3 UDS-DUNLOP TOUR BRILLANCE - Revolution Padel Store\",\"isPartOf\":{\"@id\":\"https:\\\/\\\/revolutionpadelstore.com\\\/fr\\\/#website\"},\"primaryImageOfPage\":{\"@id\":\"https:\\\/\\\/revolutionpadelstore.com\\\/fr\\\/produit\\\/cajon-72-pelotas-24-botes-de-3-uds-dunlop-tour-brillance-3\\\/#primaryimage\"},\"image\":{\"@id\":\"https:\\\/\\\/revolutionpadelstore.com\\\/fr\\\/produit\\\/cajon-72-pelotas-24-botes-de-3-uds-dunlop-tour-brillance-3\\\/#primaryimage\"},\"thumbnailUrl\":\"https:\\\/\\\/revolutionpadelstore.com\\\/wp-content\\\/uploads\\\/2025\\\/03\\\/365.png\",\"datePublished\":\"2025-01-02T13:05:40+00:00\",\"dateModified\":\"2026-04-22T12:00:33+00:00\",\"description\":\"Compra las pelotas de tenis Dunlop Tour Brilliance con tecnolog\u00edas HI-VIS Cloth y HD Core para m\u00e1xima visibilidad y durabilidad. Disponible en nuestra tienda online al mejor precio.\",\"breadcrumb\":{\"@id\":\"https:\\\/\\\/revolutionpadelstore.com\\\/fr\\\/produit\\\/cajon-72-pelotas-24-botes-de-3-uds-dunlop-tour-brillance-3\\\/#breadcrumb\"},\"inLanguage\":\"fr-FR\",\"potentialAction\":[{\"@type\":\"ReadAction\",\"target\":[\"https:\\\/\\\/revolutionpadelstore.com\\\/fr\\\/produit\\\/cajon-72-pelotas-24-botes-de-3-uds-dunlop-tour-brillance-3\\\/\"]}]},{\"@type\":\"ImageObject\",\"inLanguage\":\"fr-FR\",\"@id\":\"https:\\\/\\\/revolutionpadelstore.com\\\/fr\\\/produit\\\/cajon-72-pelotas-24-botes-de-3-uds-dunlop-tour-brillance-3\\\/#primaryimage\",\"url\":\"https:\\\/\\\/revolutionpadelstore.com\\\/wp-content\\\/uploads\\\/2025\\\/03\\\/365.png\",\"contentUrl\":\"https:\\\/\\\/revolutionpadelstore.com\\\/wp-content\\\/uploads\\\/2025\\\/03\\\/365.png\",\"width\":1500,\"height\":1500},{\"@type\":\"BreadcrumbList\",\"@id\":\"https:\\\/\\\/revolutionpadelstore.com\\\/fr\\\/produit\\\/cajon-72-pelotas-24-botes-de-3-uds-dunlop-tour-brillance-3\\\/#breadcrumb\",\"itemListElement\":[{\"@type\":\"ListItem\",\"position\":1,\"name\":\"Portada\",\"item\":\"https:\\\/\\\/revolutionpadelstore.com\\\/fr\\\/\"},{\"@type\":\"ListItem\",\"position\":2,\"name\":\"Boutique\",\"item\":\"https:\\\/\\\/revolutionpadelstore.com\\\/fr\\\/tienda\\\/\"},{\"@type\":\"ListItem\",\"position\":3,\"name\":\"CAJON 72 PELOTAS-24 BOTES DE 3 UDS-DUNLOP TOUR BRILLANCE\"}]},{\"@type\":\"WebSite\",\"@id\":\"https:\\\/\\\/revolutionpadelstore.com\\\/fr\\\/#website\",\"url\":\"https:\\\/\\\/revolutionpadelstore.com\\\/fr\\\/\",\"name\":\"Revolution Padel Store\",\"description\":\"\",\"publisher\":{\"@id\":\"https:\\\/\\\/revolutionpadelstore.com\\\/fr\\\/#organization\"},\"potentialAction\":[{\"@type\":\"SearchAction\",\"target\":{\"@type\":\"EntryPoint\",\"urlTemplate\":\"https:\\\/\\\/revolutionpadelstore.com\\\/fr\\\/?s={search_term_string}\"},\"query-input\":{\"@type\":\"PropertyValueSpecification\",\"valueRequired\":true,\"valueName\":\"search_term_string\"}}],\"inLanguage\":\"fr-FR\"},{\"@type\":\"Organization\",\"@id\":\"https:\\\/\\\/revolutionpadelstore.com\\\/fr\\\/#organization\",\"name\":\"Revolution Padel Store\",\"url\":\"https:\\\/\\\/revolutionpadelstore.com\\\/fr\\\/\",\"logo\":{\"@type\":\"ImageObject\",\"inLanguage\":\"fr-FR\",\"@id\":\"https:\\\/\\\/revolutionpadelstore.com\\\/fr\\\/#\\\/schema\\\/logo\\\/image\\\/\",\"url\":\"https:\\\/\\\/revolutionpadelstore.com\\\/wp-content\\\/uploads\\\/2026\\\/02\\\/revolution-padel-store.jpg\",\"contentUrl\":\"https:\\\/\\\/revolutionpadelstore.com\\\/wp-content\\\/uploads\\\/2026\\\/02\\\/revolution-padel-store.jpg\",\"width\":2000,\"height\":2000,\"caption\":\"Revolution Padel Store\"},\"image\":{\"@id\":\"https:\\\/\\\/revolutionpadelstore.com\\\/fr\\\/#\\\/schema\\\/logo\\\/image\\\/\"},\"sameAs\":[\"https:\\\/\\\/www.instagram.com\\\/revolutionpadelstore\\\/\"]}]}<\/script>\n<!-- \/ Yoast SEO plugin. -->","yoast_head_json":{"title":"CAJON 72 PELOTAS-24 BOTES DE 3 UDS-DUNLOP TOUR BRILLANCE - Revolution Padel Store","description":"Compra las pelotas de tenis Dunlop Tour Brilliance con tecnolog\u00edas HI-VIS Cloth y HD Core para m\u00e1xima visibilidad y durabilidad. Disponible en nuestra tienda online al mejor precio.","robots":{"index":"index","follow":"follow","max-snippet":"max-snippet:-1","max-image-preview":"max-image-preview:large","max-video-preview":"max-video-preview:-1"},"canonical":"https:\/\/revolutionpadelstore.com\/fr\/produit\/cajon-72-pelotas-24-botes-de-3-uds-dunlop-tour-brillance-3\/","og_locale":"fr_FR","og_type":"article","og_title":"CAJON 72 PELOTAS-24 BOTES DE 3 UDS-DUNLOP TOUR BRILLANCE - Revolution Padel Store","og_description":"Compra las pelotas de tenis Dunlop Tour Brilliance con tecnolog\u00edas HI-VIS Cloth y HD Core para m\u00e1xima visibilidad y durabilidad. Disponible en nuestra tienda online al mejor precio.","og_url":"https:\/\/revolutionpadelstore.com\/fr\/produit\/cajon-72-pelotas-24-botes-de-3-uds-dunlop-tour-brillance-3\/","og_site_name":"Revolution Padel Store","article_modified_time":"2026-04-22T12:00:33+00:00","og_image":[{"width":1500,"height":1500,"url":"https:\/\/revolutionpadelstore.com\/wp-content\/uploads\/2025\/03\/365.png","type":"image\/png"}],"twitter_card":"summary_large_image","twitter_misc":{"Dur\u00e9e de lecture estim\u00e9e":"1 minute"},"schema":{"@context":"https:\/\/schema.org","@graph":[{"@type":"WebPage","@id":"https:\/\/revolutionpadelstore.com\/fr\/produit\/cajon-72-pelotas-24-botes-de-3-uds-dunlop-tour-brillance-3\/","url":"https:\/\/revolutionpadelstore.com\/fr\/produit\/cajon-72-pelotas-24-botes-de-3-uds-dunlop-tour-brillance-3\/","name":"CAJON 72 PELOTAS-24 BOTES DE 3 UDS-DUNLOP TOUR BRILLANCE - Revolution Padel Store","isPartOf":{"@id":"https:\/\/revolutionpadelstore.com\/fr\/#website"},"primaryImageOfPage":{"@id":"https:\/\/revolutionpadelstore.com\/fr\/produit\/cajon-72-pelotas-24-botes-de-3-uds-dunlop-tour-brillance-3\/#primaryimage"},"image":{"@id":"https:\/\/revolutionpadelstore.com\/fr\/produit\/cajon-72-pelotas-24-botes-de-3-uds-dunlop-tour-brillance-3\/#primaryimage"},"thumbnailUrl":"https:\/\/revolutionpadelstore.com\/wp-content\/uploads\/2025\/03\/365.png","datePublished":"2025-01-02T13:05:40+00:00","dateModified":"2026-04-22T12:00:33+00:00","description":"Compra las pelotas de tenis Dunlop Tour Brilliance con tecnolog\u00edas HI-VIS Cloth y HD Core para m\u00e1xima visibilidad y durabilidad. Disponible en nuestra tienda online al mejor precio.","breadcrumb":{"@id":"https:\/\/revolutionpadelstore.com\/fr\/produit\/cajon-72-pelotas-24-botes-de-3-uds-dunlop-tour-brillance-3\/#breadcrumb"},"inLanguage":"fr-FR","potentialAction":[{"@type":"ReadAction","target":["https:\/\/revolutionpadelstore.com\/fr\/produit\/cajon-72-pelotas-24-botes-de-3-uds-dunlop-tour-brillance-3\/"]}]},{"@type":"ImageObject","inLanguage":"fr-FR","@id":"https:\/\/revolutionpadelstore.com\/fr\/produit\/cajon-72-pelotas-24-botes-de-3-uds-dunlop-tour-brillance-3\/#primaryimage","url":"https:\/\/revolutionpadelstore.com\/wp-content\/uploads\/2025\/03\/365.png","contentUrl":"https:\/\/revolutionpadelstore.com\/wp-content\/uploads\/2025\/03\/365.png","width":1500,"height":1500},{"@type":"BreadcrumbList","@id":"https:\/\/revolutionpadelstore.com\/fr\/produit\/cajon-72-pelotas-24-botes-de-3-uds-dunlop-tour-brillance-3\/#breadcrumb","itemListElement":[{"@type":"ListItem","position":1,"name":"Portada","item":"https:\/\/revolutionpadelstore.com\/fr\/"},{"@type":"ListItem","position":2,"name":"Boutique","item":"https:\/\/revolutionpadelstore.com\/fr\/tienda\/"},{"@type":"ListItem","position":3,"name":"CAJON 72 PELOTAS-24 BOTES DE 3 UDS-DUNLOP TOUR BRILLANCE"}]},{"@type":"WebSite","@id":"https:\/\/revolutionpadelstore.com\/fr\/#website","url":"https:\/\/revolutionpadelstore.com\/fr\/","name":"Revolution Padel Store","description":"","publisher":{"@id":"https:\/\/revolutionpadelstore.com\/fr\/#organization"},"potentialAction":[{"@type":"SearchAction","target":{"@type":"EntryPoint","urlTemplate":"https:\/\/revolutionpadelstore.com\/fr\/?s={search_term_string}"},"query-input":{"@type":"PropertyValueSpecification","valueRequired":true,"valueName":"search_term_string"}}],"inLanguage":"fr-FR"},{"@type":"Organization","@id":"https:\/\/revolutionpadelstore.com\/fr\/#organization","name":"Revolution Padel Store","url":"https:\/\/revolutionpadelstore.com\/fr\/","logo":{"@type":"ImageObject","inLanguage":"fr-FR","@id":"https:\/\/revolutionpadelstore.com\/fr\/#\/schema\/logo\/image\/","url":"https:\/\/revolutionpadelstore.com\/wp-content\/uploads\/2026\/02\/revolution-padel-store.jpg","contentUrl":"https:\/\/revolutionpadelstore.com\/wp-content\/uploads\/2026\/02\/revolution-padel-store.jpg","width":2000,"height":2000,"caption":"Revolution Padel Store"},"image":{"@id":"https:\/\/revolutionpadelstore.com\/fr\/#\/schema\/logo\/image\/"},"sameAs":["https:\/\/www.instagram.com\/revolutionpadelstore\/"]}]}},"_links":{"self":[{"href":"https:\/\/revolutionpadelstore.com\/fr\/wp-json\/wp\/v2\/product\/159122","targetHints":{"allow":["GET"]}}],"collection":[{"href":"https:\/\/revolutionpadelstore.com\/fr\/wp-json\/wp\/v2\/product"}],"about":[{"href":"https:\/\/revolutionpadelstore.com\/fr\/wp-json\/wp\/v2\/types\/product"}],"replies":[{"embeddable":true,"href":"https:\/\/revolutionpadelstore.com\/fr\/wp-json\/wp\/v2\/comments?post=159122"}],"wp:featuredmedia":[{"embeddable":true,"href":"https:\/\/revolutionpadelstore.com\/fr\/wp-json\/wp\/v2\/media\/267686"}],"wp:attachment":[{"href":"https:\/\/revolutionpadelstore.com\/fr\/wp-json\/wp\/v2\/media?parent=159122"}],"wp:term":[{"taxonomy":"acabado","embeddable":true,"href":"https:\/\/revolutionpadelstore.com\/fr\/wp-json\/wp\/v2\/acabado?post=159122"},{"taxonomy":"balance","embeddable":true,"href":"https:\/\/revolutionpadelstore.com\/fr\/wp-json\/wp\/v2\/balance?post=159122"},{"taxonomy":"dureza","embeddable":true,"href":"https:\/\/revolutionpadelstore.com\/fr\/wp-json\/wp\/v2\/dureza?post=159122"},{"taxonomy":"forma","embeddable":true,"href":"https:\/\/revolutionpadelstore.com\/fr\/wp-json\/wp\/v2\/forma?post=159122"},{"taxonomy":"jugador","embeddable":true,"href":"https:\/\/revolutionpadelstore.com\/fr\/wp-json\/wp\/v2\/jugador?post=159122"},{"taxonomy":"marca","embeddable":true,"href":"https:\/\/revolutionpadelstore.com\/fr\/wp-json\/wp\/v2\/marca?post=159122"},{"taxonomy":"nivel-de-juego","embeddable":true,"href":"https:\/\/revolutionpadelstore.com\/fr\/wp-json\/wp\/v2\/nivel-de-juego?post=159122"},{"taxonomy":"superficie","embeddable":true,"href":"https:\/\/revolutionpadelstore.com\/fr\/wp-json\/wp\/v2\/superficie?post=159122"},{"taxonomy":"tipo-de-juego","embeddable":true,"href":"https:\/\/revolutionpadelstore.com\/fr\/wp-json\/wp\/v2\/tipo-de-juego?post=159122"},{"taxonomy":"product_brand","embeddable":true,"href":"https:\/\/revolutionpadelstore.com\/fr\/wp-json\/wp\/v2\/product_brand?post=159122"},{"taxonomy":"product_cat","embeddable":true,"href":"https:\/\/revolutionpadelstore.com\/fr\/wp-json\/wp\/v2\/product_cat?post=159122"},{"taxonomy":"product_tag","embeddable":true,"href":"https:\/\/revolutionpadelstore.com\/fr\/wp-json\/wp\/v2\/product_tag?post=159122"}],"curies":[{"name":"wp","href":"https:\/\/api.w.org\/{rel}","templated":true}]}}