{"id":159009,"date":"2025-01-12T19:02:08","date_gmt":"2025-01-12T18:02:08","guid":{"rendered":"https:\/\/revolutionpadelstore.com\/drop-shot-conqueror-confort-1-0-2025\/"},"modified":"2026-04-01T05:20:21","modified_gmt":"2026-04-01T03:20:21","slug":"drop-shot-conqueror-confort-1-0-2025-3","status":"publish","type":"product","link":"https:\/\/revolutionpadelstore.com\/fr\/produit\/drop-shot-conqueror-confort-1-0-2025-3\/","title":{"rendered":"DROP SHOT CONQUEROR CONFORT 1.0 2025"},"content":{"rendered":"<p>&lt;Il<br \/>\nD\u00e9couvrez le <strong> Drop Shot Conqueror Comfort 1.0 2025 <\/strong>, une pelle haute performance qui fait partie de la collection exclusive de l&#8217;ambition 2025. \/ Strong&gt;, <strong> Comfort exceptionnel <\/strong> et un design \u00e9l\u00e9gant en noir, argent, rouge et blanc. Avec des larmes et un format de bilan moyen, il offre un \u00e9quilibre parfait entre le contr\u00f4le et la puissance, id\u00e9al pour ma\u00eetriser chaque coup sur la piste.<\/p>\n<h2> <strong> Caract\u00e9ristiques importantes <\/strong> <\/h2>\n<p> <strong>-p\u00e2te tubulaire borbonale: <\/strong> augmente la r\u00e9sistance et la durabilit\u00e9 du cadre.<\/p>\n<p> <strong> -Carras 3K Carbon: <\/strong> Fournir une flexibilit\u00e9 et une r\u00e9ponse rapide dans le souffle.<br \/>\n<P> <strong> -nuco eva Soft Low Density: <\/strong> absorbe les impacts, offrant des coups doux et confortables.<\/p>\n<p> <strong> -3d Syst\u00e8me de visage: <\/strong> texture 3D qui am\u00e9liore les effets sur le ballon.<\/p>\n<p> <strong> -Twin Syst\u00e8me tubulaire: <\/strong> garantit une structure solide et durable.<\/p>\n<p> <strong> -Smart trous Syst\u00e8me: <\/strong> Arrangement strat\u00e9gique des trous pour un coup plus homog\u00e8ne.<\/p>\n<p> <strong> -vibra Tech: <\/strong> r\u00e9duit les vibrations, am\u00e9liorant le confort du jeu.<br \/>\n<P> <strong> -courgette Cushion: <\/strong> amortissement sup\u00e9rieur pour un plus grand confort.<\/p>\n<p> <strong> -Power Beam Heart: <\/strong> renforce la stabilit\u00e9 au c\u0153ur de la lame.<\/p>\n<h2> <strong> Avantages cl\u00e9s <\/strong> <\/h2>\n<p> <strong> -equilibrium entre le contr\u00f4le et la puissance: <\/strong> parfait pour les joueurs qui cherchent \u00e0 am\u00e9liorer leur pr\u00e9cision et leur force dans le jeu.<\/p>\n<p> <strong> -Ce conception attrayante et professionnelle: <\/strong> impact \u00e0 la fois les performances et le style.<br \/>\n<P> <strong>-technologie avanc\u00e9e: <\/strong> id\u00e9al pour les concurrents qui priorisent l&#8217;innovation et le confort dans votre \u00e9quipe.<br \/>\nLe <strong> Drop Shot Conqueror Comfort 1.0 2025 <\/strong> est con\u00e7u pour vous aider \u00e0 dominer la piste <\/strong> et \u00e0 atteindre votre meilleur niveau dans les comp\u00e9titions.<\/p>\n<h2> <strong> Achetez maintenant au meilleur prix <\/strong> <\/h2>\n<p>Trouvez le <strong> Drop Shoot Conqueror Comfort 1.0 2025 <\/strong> dans notre boutique en ligne &lt;a href = &quot;https: \/\/www.revolution du march\u00e9. Faites votre commande et passez votre jeu au niveau sup\u00e9rieur!<\/p>\n<h2><strong>Drop Shot Conqueror Confort 1.0 2025: M\u00e1ximo rendimiento y dise\u00f1o exclusivo<\/strong><\/p>\n","protected":false},"excerpt":{"rendered":"<p>Le Drop Shot Conqueror Comfort 1.0 2025 est con\u00e7u pour les joueurs avanc\u00e9s, offrant une combinaison parfaite de contr\u00f4le, de puissance et de technologie de Vanguard pour des performances exceptionnelles.<\/p>\n","protected":false},"featured_media":158906,"comment_status":"open","ping_status":"closed","template":"","meta":{"_acf_changed":false,"_joinchat":[]},"acabado":[1092],"balance":[],"dureza":[1152],"forma":[1187],"jugador":[1192,1202],"marca":[1710],"nivel-de-juego":[1337,1342],"superficie":[1362],"tipo-de-juego":[1387],"product_brand":[],"product_cat":[302],"product_tag":[],"class_list":{"0":"post-159009","1":"product","2":"type-product","3":"status-publish","4":"has-post-thumbnail","6":"acabado-soulager-la-3d","7":"dureza-blanda-fr","8":"forma-lagrima-fr","9":"jugador-homme","10":"jugador-polivalente-fr","11":"marca-drop-tir","12":"superficie-rugosa-fr","13":"tipo-de-juego-polivalente-fr","14":"product_cat-palas-de-padel-fr","16":"first","17":"instock","18":"sale","19":"taxable","20":"shipping-taxable","21":"purchasable","22":"product-type-simple"},"acf":[],"yoast_head":"<!-- This site is optimized with the Yoast SEO plugin v27.3 - https:\/\/yoast.com\/product\/yoast-seo-wordpress\/ -->\n<title>DROP SHOT CONQUEROR CONFORT 1.0 2025 - Revolution Padel Store<\/title>\n<meta name=\"description\" content=\"Descubre la Drop Shot Conqueror Confort 1.0 2025, la pala perfecta para jugadores avanzados. Dise\u00f1o exclusivo, tecnolog\u00edas innovadoras y m\u00e1ximo rendimiento. \u00a1Compra ahora al mejor precio en Revolution Padel Store!\" \/>\n<meta name=\"robots\" content=\"index, follow, max-snippet:-1, max-image-preview:large, max-video-preview:-1\" \/>\n<link rel=\"canonical\" href=\"https:\/\/revolutionpadelstore.com\/fr\/produit\/drop-shot-conqueror-confort-1-0-2025-3\/\" \/>\n<meta property=\"og:locale\" content=\"fr_FR\" \/>\n<meta property=\"og:type\" content=\"article\" \/>\n<meta property=\"og:title\" content=\"DROP SHOT CONQUEROR CONFORT 1.0 2025 - Revolution Padel Store\" \/>\n<meta property=\"og:description\" content=\"Descubre la Drop Shot Conqueror Confort 1.0 2025, la pala perfecta para jugadores avanzados. Dise\u00f1o exclusivo, tecnolog\u00edas innovadoras y m\u00e1ximo rendimiento. \u00a1Compra ahora al mejor precio en Revolution Padel Store!\" \/>\n<meta property=\"og:url\" content=\"https:\/\/revolutionpadelstore.com\/fr\/produit\/drop-shot-conqueror-confort-1-0-2025-3\/\" \/>\n<meta property=\"og:site_name\" content=\"Revolution Padel Store\" \/>\n<meta property=\"article:modified_time\" content=\"2026-04-01T03:20:21+00:00\" \/>\n<meta property=\"og:image\" content=\"https:\/\/revolutionpadelstore.com\/wp-content\/uploads\/2025\/01\/114581-pala-drop-shot-conqueror-confort-1-0-dp324005-1000x1000-1.webp\" \/>\n\t<meta property=\"og:image:width\" content=\"1000\" \/>\n\t<meta property=\"og:image:height\" content=\"1000\" \/>\n\t<meta property=\"og:image:type\" content=\"image\/webp\" \/>\n<meta name=\"twitter:card\" content=\"summary_large_image\" \/>\n<meta name=\"twitter:label1\" content=\"Dur\u00e9e de lecture estim\u00e9e\" \/>\n\t<meta name=\"twitter:data1\" content=\"2 minutes\" \/>\n<script type=\"application\/ld+json\" class=\"yoast-schema-graph\">{\"@context\":\"https:\\\/\\\/schema.org\",\"@graph\":[{\"@type\":\"WebPage\",\"@id\":\"https:\\\/\\\/revolutionpadelstore.com\\\/fr\\\/produit\\\/drop-shot-conqueror-confort-1-0-2025-3\\\/\",\"url\":\"https:\\\/\\\/revolutionpadelstore.com\\\/fr\\\/produit\\\/drop-shot-conqueror-confort-1-0-2025-3\\\/\",\"name\":\"DROP SHOT CONQUEROR CONFORT 1.0 2025 - Revolution Padel Store\",\"isPartOf\":{\"@id\":\"https:\\\/\\\/revolutionpadelstore.com\\\/fr\\\/#website\"},\"primaryImageOfPage\":{\"@id\":\"https:\\\/\\\/revolutionpadelstore.com\\\/fr\\\/produit\\\/drop-shot-conqueror-confort-1-0-2025-3\\\/#primaryimage\"},\"image\":{\"@id\":\"https:\\\/\\\/revolutionpadelstore.com\\\/fr\\\/produit\\\/drop-shot-conqueror-confort-1-0-2025-3\\\/#primaryimage\"},\"thumbnailUrl\":\"https:\\\/\\\/revolutionpadelstore.com\\\/wp-content\\\/uploads\\\/2025\\\/01\\\/114581-pala-drop-shot-conqueror-confort-1-0-dp324005-1000x1000-1.webp\",\"datePublished\":\"2025-01-12T18:02:08+00:00\",\"dateModified\":\"2026-04-01T03:20:21+00:00\",\"description\":\"Descubre la Drop Shot Conqueror Confort 1.0 2025, la pala perfecta para jugadores avanzados. Dise\u00f1o exclusivo, tecnolog\u00edas innovadoras y m\u00e1ximo rendimiento. \u00a1Compra ahora al mejor precio en Revolution Padel Store!\",\"breadcrumb\":{\"@id\":\"https:\\\/\\\/revolutionpadelstore.com\\\/fr\\\/produit\\\/drop-shot-conqueror-confort-1-0-2025-3\\\/#breadcrumb\"},\"inLanguage\":\"fr-FR\",\"potentialAction\":[{\"@type\":\"ReadAction\",\"target\":[\"https:\\\/\\\/revolutionpadelstore.com\\\/fr\\\/produit\\\/drop-shot-conqueror-confort-1-0-2025-3\\\/\"]}]},{\"@type\":\"ImageObject\",\"inLanguage\":\"fr-FR\",\"@id\":\"https:\\\/\\\/revolutionpadelstore.com\\\/fr\\\/produit\\\/drop-shot-conqueror-confort-1-0-2025-3\\\/#primaryimage\",\"url\":\"https:\\\/\\\/revolutionpadelstore.com\\\/wp-content\\\/uploads\\\/2025\\\/01\\\/114581-pala-drop-shot-conqueror-confort-1-0-dp324005-1000x1000-1.webp\",\"contentUrl\":\"https:\\\/\\\/revolutionpadelstore.com\\\/wp-content\\\/uploads\\\/2025\\\/01\\\/114581-pala-drop-shot-conqueror-confort-1-0-dp324005-1000x1000-1.webp\",\"width\":1000,\"height\":1000},{\"@type\":\"BreadcrumbList\",\"@id\":\"https:\\\/\\\/revolutionpadelstore.com\\\/fr\\\/produit\\\/drop-shot-conqueror-confort-1-0-2025-3\\\/#breadcrumb\",\"itemListElement\":[{\"@type\":\"ListItem\",\"position\":1,\"name\":\"Portada\",\"item\":\"https:\\\/\\\/revolutionpadelstore.com\\\/fr\\\/\"},{\"@type\":\"ListItem\",\"position\":2,\"name\":\"Boutique\",\"item\":\"https:\\\/\\\/revolutionpadelstore.com\\\/fr\\\/tienda\\\/\"},{\"@type\":\"ListItem\",\"position\":3,\"name\":\"DROP SHOT CONQUEROR CONFORT 1.0 2025\"}]},{\"@type\":\"WebSite\",\"@id\":\"https:\\\/\\\/revolutionpadelstore.com\\\/fr\\\/#website\",\"url\":\"https:\\\/\\\/revolutionpadelstore.com\\\/fr\\\/\",\"name\":\"Revolution Padel Store\",\"description\":\"\",\"publisher\":{\"@id\":\"https:\\\/\\\/revolutionpadelstore.com\\\/fr\\\/#organization\"},\"potentialAction\":[{\"@type\":\"SearchAction\",\"target\":{\"@type\":\"EntryPoint\",\"urlTemplate\":\"https:\\\/\\\/revolutionpadelstore.com\\\/fr\\\/?s={search_term_string}\"},\"query-input\":{\"@type\":\"PropertyValueSpecification\",\"valueRequired\":true,\"valueName\":\"search_term_string\"}}],\"inLanguage\":\"fr-FR\"},{\"@type\":\"Organization\",\"@id\":\"https:\\\/\\\/revolutionpadelstore.com\\\/fr\\\/#organization\",\"name\":\"Revolution Padel Store\",\"url\":\"https:\\\/\\\/revolutionpadelstore.com\\\/fr\\\/\",\"logo\":{\"@type\":\"ImageObject\",\"inLanguage\":\"fr-FR\",\"@id\":\"https:\\\/\\\/revolutionpadelstore.com\\\/fr\\\/#\\\/schema\\\/logo\\\/image\\\/\",\"url\":\"https:\\\/\\\/revolutionpadelstore.com\\\/wp-content\\\/uploads\\\/2026\\\/02\\\/revolution-padel-store.jpg\",\"contentUrl\":\"https:\\\/\\\/revolutionpadelstore.com\\\/wp-content\\\/uploads\\\/2026\\\/02\\\/revolution-padel-store.jpg\",\"width\":2000,\"height\":2000,\"caption\":\"Revolution Padel Store\"},\"image\":{\"@id\":\"https:\\\/\\\/revolutionpadelstore.com\\\/fr\\\/#\\\/schema\\\/logo\\\/image\\\/\"},\"sameAs\":[\"https:\\\/\\\/www.instagram.com\\\/revolutionpadelstore\\\/\"]}]}<\/script>\n<!-- \/ Yoast SEO plugin. -->","yoast_head_json":{"title":"DROP SHOT CONQUEROR CONFORT 1.0 2025 - Revolution Padel Store","description":"Descubre la Drop Shot Conqueror Confort 1.0 2025, la pala perfecta para jugadores avanzados. Dise\u00f1o exclusivo, tecnolog\u00edas innovadoras y m\u00e1ximo rendimiento. \u00a1Compra ahora al mejor precio en Revolution Padel Store!","robots":{"index":"index","follow":"follow","max-snippet":"max-snippet:-1","max-image-preview":"max-image-preview:large","max-video-preview":"max-video-preview:-1"},"canonical":"https:\/\/revolutionpadelstore.com\/fr\/produit\/drop-shot-conqueror-confort-1-0-2025-3\/","og_locale":"fr_FR","og_type":"article","og_title":"DROP SHOT CONQUEROR CONFORT 1.0 2025 - Revolution Padel Store","og_description":"Descubre la Drop Shot Conqueror Confort 1.0 2025, la pala perfecta para jugadores avanzados. Dise\u00f1o exclusivo, tecnolog\u00edas innovadoras y m\u00e1ximo rendimiento. \u00a1Compra ahora al mejor precio en Revolution Padel Store!","og_url":"https:\/\/revolutionpadelstore.com\/fr\/produit\/drop-shot-conqueror-confort-1-0-2025-3\/","og_site_name":"Revolution Padel Store","article_modified_time":"2026-04-01T03:20:21+00:00","og_image":[{"width":1000,"height":1000,"url":"https:\/\/revolutionpadelstore.com\/wp-content\/uploads\/2025\/01\/114581-pala-drop-shot-conqueror-confort-1-0-dp324005-1000x1000-1.webp","type":"image\/webp"}],"twitter_card":"summary_large_image","twitter_misc":{"Dur\u00e9e de lecture estim\u00e9e":"2 minutes"},"schema":{"@context":"https:\/\/schema.org","@graph":[{"@type":"WebPage","@id":"https:\/\/revolutionpadelstore.com\/fr\/produit\/drop-shot-conqueror-confort-1-0-2025-3\/","url":"https:\/\/revolutionpadelstore.com\/fr\/produit\/drop-shot-conqueror-confort-1-0-2025-3\/","name":"DROP SHOT CONQUEROR CONFORT 1.0 2025 - Revolution Padel Store","isPartOf":{"@id":"https:\/\/revolutionpadelstore.com\/fr\/#website"},"primaryImageOfPage":{"@id":"https:\/\/revolutionpadelstore.com\/fr\/produit\/drop-shot-conqueror-confort-1-0-2025-3\/#primaryimage"},"image":{"@id":"https:\/\/revolutionpadelstore.com\/fr\/produit\/drop-shot-conqueror-confort-1-0-2025-3\/#primaryimage"},"thumbnailUrl":"https:\/\/revolutionpadelstore.com\/wp-content\/uploads\/2025\/01\/114581-pala-drop-shot-conqueror-confort-1-0-dp324005-1000x1000-1.webp","datePublished":"2025-01-12T18:02:08+00:00","dateModified":"2026-04-01T03:20:21+00:00","description":"Descubre la Drop Shot Conqueror Confort 1.0 2025, la pala perfecta para jugadores avanzados. Dise\u00f1o exclusivo, tecnolog\u00edas innovadoras y m\u00e1ximo rendimiento. \u00a1Compra ahora al mejor precio en Revolution Padel Store!","breadcrumb":{"@id":"https:\/\/revolutionpadelstore.com\/fr\/produit\/drop-shot-conqueror-confort-1-0-2025-3\/#breadcrumb"},"inLanguage":"fr-FR","potentialAction":[{"@type":"ReadAction","target":["https:\/\/revolutionpadelstore.com\/fr\/produit\/drop-shot-conqueror-confort-1-0-2025-3\/"]}]},{"@type":"ImageObject","inLanguage":"fr-FR","@id":"https:\/\/revolutionpadelstore.com\/fr\/produit\/drop-shot-conqueror-confort-1-0-2025-3\/#primaryimage","url":"https:\/\/revolutionpadelstore.com\/wp-content\/uploads\/2025\/01\/114581-pala-drop-shot-conqueror-confort-1-0-dp324005-1000x1000-1.webp","contentUrl":"https:\/\/revolutionpadelstore.com\/wp-content\/uploads\/2025\/01\/114581-pala-drop-shot-conqueror-confort-1-0-dp324005-1000x1000-1.webp","width":1000,"height":1000},{"@type":"BreadcrumbList","@id":"https:\/\/revolutionpadelstore.com\/fr\/produit\/drop-shot-conqueror-confort-1-0-2025-3\/#breadcrumb","itemListElement":[{"@type":"ListItem","position":1,"name":"Portada","item":"https:\/\/revolutionpadelstore.com\/fr\/"},{"@type":"ListItem","position":2,"name":"Boutique","item":"https:\/\/revolutionpadelstore.com\/fr\/tienda\/"},{"@type":"ListItem","position":3,"name":"DROP SHOT CONQUEROR CONFORT 1.0 2025"}]},{"@type":"WebSite","@id":"https:\/\/revolutionpadelstore.com\/fr\/#website","url":"https:\/\/revolutionpadelstore.com\/fr\/","name":"Revolution Padel Store","description":"","publisher":{"@id":"https:\/\/revolutionpadelstore.com\/fr\/#organization"},"potentialAction":[{"@type":"SearchAction","target":{"@type":"EntryPoint","urlTemplate":"https:\/\/revolutionpadelstore.com\/fr\/?s={search_term_string}"},"query-input":{"@type":"PropertyValueSpecification","valueRequired":true,"valueName":"search_term_string"}}],"inLanguage":"fr-FR"},{"@type":"Organization","@id":"https:\/\/revolutionpadelstore.com\/fr\/#organization","name":"Revolution Padel Store","url":"https:\/\/revolutionpadelstore.com\/fr\/","logo":{"@type":"ImageObject","inLanguage":"fr-FR","@id":"https:\/\/revolutionpadelstore.com\/fr\/#\/schema\/logo\/image\/","url":"https:\/\/revolutionpadelstore.com\/wp-content\/uploads\/2026\/02\/revolution-padel-store.jpg","contentUrl":"https:\/\/revolutionpadelstore.com\/wp-content\/uploads\/2026\/02\/revolution-padel-store.jpg","width":2000,"height":2000,"caption":"Revolution Padel Store"},"image":{"@id":"https:\/\/revolutionpadelstore.com\/fr\/#\/schema\/logo\/image\/"},"sameAs":["https:\/\/www.instagram.com\/revolutionpadelstore\/"]}]}},"_links":{"self":[{"href":"https:\/\/revolutionpadelstore.com\/fr\/wp-json\/wp\/v2\/product\/159009","targetHints":{"allow":["GET"]}}],"collection":[{"href":"https:\/\/revolutionpadelstore.com\/fr\/wp-json\/wp\/v2\/product"}],"about":[{"href":"https:\/\/revolutionpadelstore.com\/fr\/wp-json\/wp\/v2\/types\/product"}],"replies":[{"embeddable":true,"href":"https:\/\/revolutionpadelstore.com\/fr\/wp-json\/wp\/v2\/comments?post=159009"}],"wp:featuredmedia":[{"embeddable":true,"href":"https:\/\/revolutionpadelstore.com\/fr\/wp-json\/wp\/v2\/media\/158906"}],"wp:attachment":[{"href":"https:\/\/revolutionpadelstore.com\/fr\/wp-json\/wp\/v2\/media?parent=159009"}],"wp:term":[{"taxonomy":"acabado","embeddable":true,"href":"https:\/\/revolutionpadelstore.com\/fr\/wp-json\/wp\/v2\/acabado?post=159009"},{"taxonomy":"balance","embeddable":true,"href":"https:\/\/revolutionpadelstore.com\/fr\/wp-json\/wp\/v2\/balance?post=159009"},{"taxonomy":"dureza","embeddable":true,"href":"https:\/\/revolutionpadelstore.com\/fr\/wp-json\/wp\/v2\/dureza?post=159009"},{"taxonomy":"forma","embeddable":true,"href":"https:\/\/revolutionpadelstore.com\/fr\/wp-json\/wp\/v2\/forma?post=159009"},{"taxonomy":"jugador","embeddable":true,"href":"https:\/\/revolutionpadelstore.com\/fr\/wp-json\/wp\/v2\/jugador?post=159009"},{"taxonomy":"marca","embeddable":true,"href":"https:\/\/revolutionpadelstore.com\/fr\/wp-json\/wp\/v2\/marca?post=159009"},{"taxonomy":"nivel-de-juego","embeddable":true,"href":"https:\/\/revolutionpadelstore.com\/fr\/wp-json\/wp\/v2\/nivel-de-juego?post=159009"},{"taxonomy":"superficie","embeddable":true,"href":"https:\/\/revolutionpadelstore.com\/fr\/wp-json\/wp\/v2\/superficie?post=159009"},{"taxonomy":"tipo-de-juego","embeddable":true,"href":"https:\/\/revolutionpadelstore.com\/fr\/wp-json\/wp\/v2\/tipo-de-juego?post=159009"},{"taxonomy":"product_brand","embeddable":true,"href":"https:\/\/revolutionpadelstore.com\/fr\/wp-json\/wp\/v2\/product_brand?post=159009"},{"taxonomy":"product_cat","embeddable":true,"href":"https:\/\/revolutionpadelstore.com\/fr\/wp-json\/wp\/v2\/product_cat?post=159009"},{"taxonomy":"product_tag","embeddable":true,"href":"https:\/\/revolutionpadelstore.com\/fr\/wp-json\/wp\/v2\/product_tag?post=159009"}],"curies":[{"name":"wp","href":"https:\/\/api.w.org\/{rel}","templated":true}]}}