{"id":158675,"date":"2025-01-12T12:36:24","date_gmt":"2025-01-12T11:36:24","guid":{"rendered":"https:\/\/revolutionpadelstore.com\/drop-shot-furia-control-1-0-2025\/"},"modified":"2026-04-01T05:24:08","modified_gmt":"2026-04-01T03:24:08","slug":"drop-shot-furia-control-1-0-2025-3","status":"publish","type":"product","link":"https:\/\/revolutionpadelstore.com\/fr\/produit\/drop-shot-furia-control-1-0-2025-3\/","title":{"rendered":"DROP SHOT FURIA CONTROL 1.0 2025"},"content":{"rendered":"<h2> Drop Shot Furia Control 1.0 2025 &#8211; pr\u00e9cision totale et contr\u00f4le dans chaque coup d&#8217;\u00c9tat <\/h2>\n<p>Le <strong> tir de Drop Furia Control 1.0 <\/strong> est la pelle d\u00e9finitive pour les joueurs qui recherchent une pr\u00e9cision et une domination absolues dans chaque jeu. Sa conception ronde et son faible \u00e9quilibre vers la poign\u00e9e optimisent le contr\u00f4le et facilitent des coups plus pr\u00e9cis, tandis que son poids de 360-370 grammes garantit une manipulation confortable et stable. Le large point sucr\u00e9 de cette pelle maximise les performances, assurant une exp\u00e9rience de jeu fluide et confortable.<\/p>\n<h2> Mat\u00e9riaux et technologies avanc\u00e9es <\/h2>\n<p><P> <strong> -nuco eva Soft: <\/strong> de faible densit\u00e9, offre une plus grande sortie de balle, une excellente \u00e9lasticit\u00e9 et une absorption d&#8217;impact.<br \/>\n<P> <strong> -cextreme Plans en carbone: <\/strong> Fournir une durabilit\u00e9, une r\u00e9sistance sup\u00e9rieure et un effet sur chaque coup.<\/p>\n<p> <strong> -barco double carbone tubulaire: <\/strong> augmente la rigidit\u00e9 et la durabilit\u00e9, garantissant une utilisation prolong\u00e9e.<\/p>\n<p> <strong> -3d Syst\u00e8me de visage: <\/strong> ajoute une rugosit\u00e9 sur les faces pour imprimer un plus grand effet sur la balle.<\/p>\n<p> <strong> -Cevibration Technologies: <\/strong> comme les angles techniques vibra et la poign\u00e9e de coussin de li\u00e8ge, ce qui r\u00e9duit l&#8217;inconfort dans le bras et am\u00e9liore le confort.<\/p>\n<p> <strong> -protector ergo pro: <\/strong> protection suppl\u00e9mentaire pour la pelle contre les coups et les rayures.<\/p>\n<h2> Id\u00e9al pour les joueurs interm\u00e9diaires et avanc\u00e9s <\/h2>\n<p>Cette pelle est con\u00e7ue pour les joueurs interm\u00e9diaires \u00e0 avanc\u00e9s qui pr\u00e9f\u00e8rent le contr\u00f4le au pouvoir. Sa construction technique en fait un outil cl\u00e9 pour ceux qui priorisent les coups strat\u00e9giques et pr\u00e9cis. De plus, son syst\u00e8me de r\u00e9duction des vibrations garantit un confort m\u00eame dans des correspondances prolong\u00e9es et intenses.<\/p>\n<h2> une conception qui impose <\/h2>\n<p>Le design \u00e9l\u00e9gant avec des d\u00e9tails dor\u00e9s du <strong> tir de drop Furia Control 1.0 <\/strong> vous fera non seulement mettre en \u00e9vidence sur la piste, mais refl\u00e8te \u00e9galement la qualit\u00e9 premium de cette pelle. C&#8217;est la combinaison parfaite de l&#8217;esth\u00e9tique et des fonctionnalit\u00e9s.<\/p>\n<h2> Avantages cl\u00e9s: <\/h2>\n<p><P> <strong> -Total Control: <\/strong> gr\u00e2ce \u00e0 la bilan bas et \u00e0 la conception ronde.<br \/>\n<P> <strong> -extreme Comoding: <\/strong> Eva Soft Rubber r\u00e9duit les vibrations, am\u00e9liorant l&#8217;exp\u00e9rience de jeu.<\/p>\n<p> <strong> -Lasting R\u00e9compense: <\/strong> Les mat\u00e9riaux avanc\u00e9s tels que le carbone 18K garantissent une dur\u00e9e de vie utile prolong\u00e9e.<br \/>\n<P> <strong> -Effecte Technology: <\/strong> La rugosit\u00e9 des plans am\u00e9liore les effets sur les coups strat\u00e9giques.<\/p>\n<h2> Achetez votre tir Drop Furia Control 1.0 <\/h2>\n<p>Le <strong> Drop Shot Furia Control 1.0 <\/strong>, qui fait partie de la collection 2025, est disponible dans notre boutique en ligne <a href=\"https:\/\/www.revolutionpadelstore.com\/\"> www.revolutionpadelstore.com a&gt; Probablement au meilleur prix du march\u00e9. Ne manquez pas l&#8217;occasion de ma\u00eetriser chaque jeu avec cette pelle con\u00e7ue pour un jeu de pr\u00e9cision et de confort. Obtenez le v\u00f4tre maintenant et portez votre jeu au niveau sup\u00e9rieur!<\/p>\n<h2>Drop Shot Furia Control 1.0 2025 &#8211; Precisi\u00f3n y Control Total en cada golpe<\/h2>\n","protected":false},"excerpt":{"rendered":"<p>Le Drop Shot Pala Furia Control 1.0, con\u00e7u avec une forme ronde, sous \u00e9quilibre et un large point sucr\u00e9, offre des niveaux interm\u00e9diaires ou avanc\u00e9s la possibilit\u00e9 de coups pr\u00e9cis, avec un excellent contr\u00f4le et un excellent effet.<\/p>\n","protected":false},"featured_media":158646,"comment_status":"open","ping_status":"closed","template":"","meta":{"_acf_changed":false,"_joinchat":[]},"acabado":[1092],"balance":[1147],"dureza":[1157],"forma":[1182],"jugador":[1192,1202],"marca":[1710],"nivel-de-juego":[1337,1352],"superficie":[1362],"tipo-de-juego":[1372],"product_brand":[],"product_cat":[302],"product_tag":[],"class_list":{"0":"post-158675","1":"product","2":"type-product","3":"status-publish","4":"has-post-thumbnail","6":"acabado-soulager-la-3d","7":"balance-faible","8":"dureza-media-fr","9":"forma-rond","10":"jugador-homme","11":"jugador-polivalente-fr","12":"marca-drop-tir","13":"superficie-rugosa-fr","14":"tipo-de-juego-control-fr","15":"product_cat-palas-de-padel-fr","17":"first","18":"instock","19":"sale","20":"taxable","21":"shipping-taxable","22":"purchasable","23":"product-type-simple"},"acf":[],"yoast_head":"<!-- This site is optimized with the Yoast SEO plugin v27.3 - https:\/\/yoast.com\/product\/yoast-seo-wordpress\/ -->\n<title>DROP SHOT FURIA CONTROL 1.0 2025 - Revolution Padel Store<\/title>\n<meta name=\"description\" content=\"Descubre la Drop Shot Furia Control 1.0 2025, la pala ideal para jugadores que buscan control y precisi\u00f3n. Con materiales premium y tecnolog\u00edas avanzadas, domina cada partido con comodidad. \u00a1C\u00f3mprala en Revolution Padel Store al mejor precio!\" \/>\n<meta name=\"robots\" content=\"index, follow, max-snippet:-1, max-image-preview:large, max-video-preview:-1\" \/>\n<link rel=\"canonical\" href=\"https:\/\/revolutionpadelstore.com\/fr\/produit\/drop-shot-furia-control-1-0-2025-3\/\" \/>\n<meta property=\"og:locale\" content=\"fr_FR\" \/>\n<meta property=\"og:type\" content=\"article\" \/>\n<meta property=\"og:title\" content=\"DROP SHOT FURIA CONTROL 1.0 2025 - Revolution Padel Store\" \/>\n<meta property=\"og:description\" content=\"Descubre la Drop Shot Furia Control 1.0 2025, la pala ideal para jugadores que buscan control y precisi\u00f3n. Con materiales premium y tecnolog\u00edas avanzadas, domina cada partido con comodidad. \u00a1C\u00f3mprala en Revolution Padel Store al mejor precio!\" \/>\n<meta property=\"og:url\" content=\"https:\/\/revolutionpadelstore.com\/fr\/produit\/drop-shot-furia-control-1-0-2025-3\/\" \/>\n<meta property=\"og:site_name\" content=\"Revolution Padel Store\" \/>\n<meta property=\"article:modified_time\" content=\"2026-04-01T03:24:08+00:00\" \/>\n<meta property=\"og:image\" content=\"https:\/\/revolutionpadelstore.com\/wp-content\/uploads\/2025\/01\/114588-pala-drop-shot-furia-control-1-0-dp324012-1000x1000-1.webp\" \/>\n\t<meta property=\"og:image:width\" content=\"1000\" \/>\n\t<meta property=\"og:image:height\" content=\"1000\" \/>\n\t<meta property=\"og:image:type\" content=\"image\/webp\" \/>\n<meta name=\"twitter:card\" content=\"summary_large_image\" \/>\n<meta name=\"twitter:label1\" content=\"Dur\u00e9e de lecture estim\u00e9e\" \/>\n\t<meta name=\"twitter:data1\" content=\"2 minutes\" \/>\n<script type=\"application\/ld+json\" class=\"yoast-schema-graph\">{\"@context\":\"https:\\\/\\\/schema.org\",\"@graph\":[{\"@type\":\"WebPage\",\"@id\":\"https:\\\/\\\/revolutionpadelstore.com\\\/fr\\\/produit\\\/drop-shot-furia-control-1-0-2025-3\\\/\",\"url\":\"https:\\\/\\\/revolutionpadelstore.com\\\/fr\\\/produit\\\/drop-shot-furia-control-1-0-2025-3\\\/\",\"name\":\"DROP SHOT FURIA CONTROL 1.0 2025 - Revolution Padel Store\",\"isPartOf\":{\"@id\":\"https:\\\/\\\/revolutionpadelstore.com\\\/fr\\\/#website\"},\"primaryImageOfPage\":{\"@id\":\"https:\\\/\\\/revolutionpadelstore.com\\\/fr\\\/produit\\\/drop-shot-furia-control-1-0-2025-3\\\/#primaryimage\"},\"image\":{\"@id\":\"https:\\\/\\\/revolutionpadelstore.com\\\/fr\\\/produit\\\/drop-shot-furia-control-1-0-2025-3\\\/#primaryimage\"},\"thumbnailUrl\":\"https:\\\/\\\/revolutionpadelstore.com\\\/wp-content\\\/uploads\\\/2025\\\/01\\\/114588-pala-drop-shot-furia-control-1-0-dp324012-1000x1000-1.webp\",\"datePublished\":\"2025-01-12T11:36:24+00:00\",\"dateModified\":\"2026-04-01T03:24:08+00:00\",\"description\":\"Descubre la Drop Shot Furia Control 1.0 2025, la pala ideal para jugadores que buscan control y precisi\u00f3n. Con materiales premium y tecnolog\u00edas avanzadas, domina cada partido con comodidad. \u00a1C\u00f3mprala en Revolution Padel Store al mejor precio!\",\"breadcrumb\":{\"@id\":\"https:\\\/\\\/revolutionpadelstore.com\\\/fr\\\/produit\\\/drop-shot-furia-control-1-0-2025-3\\\/#breadcrumb\"},\"inLanguage\":\"fr-FR\",\"potentialAction\":[{\"@type\":\"ReadAction\",\"target\":[\"https:\\\/\\\/revolutionpadelstore.com\\\/fr\\\/produit\\\/drop-shot-furia-control-1-0-2025-3\\\/\"]}]},{\"@type\":\"ImageObject\",\"inLanguage\":\"fr-FR\",\"@id\":\"https:\\\/\\\/revolutionpadelstore.com\\\/fr\\\/produit\\\/drop-shot-furia-control-1-0-2025-3\\\/#primaryimage\",\"url\":\"https:\\\/\\\/revolutionpadelstore.com\\\/wp-content\\\/uploads\\\/2025\\\/01\\\/114588-pala-drop-shot-furia-control-1-0-dp324012-1000x1000-1.webp\",\"contentUrl\":\"https:\\\/\\\/revolutionpadelstore.com\\\/wp-content\\\/uploads\\\/2025\\\/01\\\/114588-pala-drop-shot-furia-control-1-0-dp324012-1000x1000-1.webp\",\"width\":1000,\"height\":1000},{\"@type\":\"BreadcrumbList\",\"@id\":\"https:\\\/\\\/revolutionpadelstore.com\\\/fr\\\/produit\\\/drop-shot-furia-control-1-0-2025-3\\\/#breadcrumb\",\"itemListElement\":[{\"@type\":\"ListItem\",\"position\":1,\"name\":\"Portada\",\"item\":\"https:\\\/\\\/revolutionpadelstore.com\\\/fr\\\/\"},{\"@type\":\"ListItem\",\"position\":2,\"name\":\"Boutique\",\"item\":\"https:\\\/\\\/revolutionpadelstore.com\\\/fr\\\/tienda\\\/\"},{\"@type\":\"ListItem\",\"position\":3,\"name\":\"DROP SHOT FURIA CONTROL 1.0 2025\"}]},{\"@type\":\"WebSite\",\"@id\":\"https:\\\/\\\/revolutionpadelstore.com\\\/fr\\\/#website\",\"url\":\"https:\\\/\\\/revolutionpadelstore.com\\\/fr\\\/\",\"name\":\"Revolution Padel Store\",\"description\":\"\",\"publisher\":{\"@id\":\"https:\\\/\\\/revolutionpadelstore.com\\\/fr\\\/#organization\"},\"potentialAction\":[{\"@type\":\"SearchAction\",\"target\":{\"@type\":\"EntryPoint\",\"urlTemplate\":\"https:\\\/\\\/revolutionpadelstore.com\\\/fr\\\/?s={search_term_string}\"},\"query-input\":{\"@type\":\"PropertyValueSpecification\",\"valueRequired\":true,\"valueName\":\"search_term_string\"}}],\"inLanguage\":\"fr-FR\"},{\"@type\":\"Organization\",\"@id\":\"https:\\\/\\\/revolutionpadelstore.com\\\/fr\\\/#organization\",\"name\":\"Revolution Padel Store\",\"url\":\"https:\\\/\\\/revolutionpadelstore.com\\\/fr\\\/\",\"logo\":{\"@type\":\"ImageObject\",\"inLanguage\":\"fr-FR\",\"@id\":\"https:\\\/\\\/revolutionpadelstore.com\\\/fr\\\/#\\\/schema\\\/logo\\\/image\\\/\",\"url\":\"https:\\\/\\\/revolutionpadelstore.com\\\/wp-content\\\/uploads\\\/2026\\\/02\\\/revolution-padel-store.jpg\",\"contentUrl\":\"https:\\\/\\\/revolutionpadelstore.com\\\/wp-content\\\/uploads\\\/2026\\\/02\\\/revolution-padel-store.jpg\",\"width\":2000,\"height\":2000,\"caption\":\"Revolution Padel Store\"},\"image\":{\"@id\":\"https:\\\/\\\/revolutionpadelstore.com\\\/fr\\\/#\\\/schema\\\/logo\\\/image\\\/\"},\"sameAs\":[\"https:\\\/\\\/www.instagram.com\\\/revolutionpadelstore\\\/\"]}]}<\/script>\n<!-- \/ Yoast SEO plugin. -->","yoast_head_json":{"title":"DROP SHOT FURIA CONTROL 1.0 2025 - Revolution Padel Store","description":"Descubre la Drop Shot Furia Control 1.0 2025, la pala ideal para jugadores que buscan control y precisi\u00f3n. Con materiales premium y tecnolog\u00edas avanzadas, domina cada partido con comodidad. \u00a1C\u00f3mprala en Revolution Padel Store al mejor precio!","robots":{"index":"index","follow":"follow","max-snippet":"max-snippet:-1","max-image-preview":"max-image-preview:large","max-video-preview":"max-video-preview:-1"},"canonical":"https:\/\/revolutionpadelstore.com\/fr\/produit\/drop-shot-furia-control-1-0-2025-3\/","og_locale":"fr_FR","og_type":"article","og_title":"DROP SHOT FURIA CONTROL 1.0 2025 - Revolution Padel Store","og_description":"Descubre la Drop Shot Furia Control 1.0 2025, la pala ideal para jugadores que buscan control y precisi\u00f3n. Con materiales premium y tecnolog\u00edas avanzadas, domina cada partido con comodidad. \u00a1C\u00f3mprala en Revolution Padel Store al mejor precio!","og_url":"https:\/\/revolutionpadelstore.com\/fr\/produit\/drop-shot-furia-control-1-0-2025-3\/","og_site_name":"Revolution Padel Store","article_modified_time":"2026-04-01T03:24:08+00:00","og_image":[{"width":1000,"height":1000,"url":"https:\/\/revolutionpadelstore.com\/wp-content\/uploads\/2025\/01\/114588-pala-drop-shot-furia-control-1-0-dp324012-1000x1000-1.webp","type":"image\/webp"}],"twitter_card":"summary_large_image","twitter_misc":{"Dur\u00e9e de lecture estim\u00e9e":"2 minutes"},"schema":{"@context":"https:\/\/schema.org","@graph":[{"@type":"WebPage","@id":"https:\/\/revolutionpadelstore.com\/fr\/produit\/drop-shot-furia-control-1-0-2025-3\/","url":"https:\/\/revolutionpadelstore.com\/fr\/produit\/drop-shot-furia-control-1-0-2025-3\/","name":"DROP SHOT FURIA CONTROL 1.0 2025 - Revolution Padel Store","isPartOf":{"@id":"https:\/\/revolutionpadelstore.com\/fr\/#website"},"primaryImageOfPage":{"@id":"https:\/\/revolutionpadelstore.com\/fr\/produit\/drop-shot-furia-control-1-0-2025-3\/#primaryimage"},"image":{"@id":"https:\/\/revolutionpadelstore.com\/fr\/produit\/drop-shot-furia-control-1-0-2025-3\/#primaryimage"},"thumbnailUrl":"https:\/\/revolutionpadelstore.com\/wp-content\/uploads\/2025\/01\/114588-pala-drop-shot-furia-control-1-0-dp324012-1000x1000-1.webp","datePublished":"2025-01-12T11:36:24+00:00","dateModified":"2026-04-01T03:24:08+00:00","description":"Descubre la Drop Shot Furia Control 1.0 2025, la pala ideal para jugadores que buscan control y precisi\u00f3n. Con materiales premium y tecnolog\u00edas avanzadas, domina cada partido con comodidad. \u00a1C\u00f3mprala en Revolution Padel Store al mejor precio!","breadcrumb":{"@id":"https:\/\/revolutionpadelstore.com\/fr\/produit\/drop-shot-furia-control-1-0-2025-3\/#breadcrumb"},"inLanguage":"fr-FR","potentialAction":[{"@type":"ReadAction","target":["https:\/\/revolutionpadelstore.com\/fr\/produit\/drop-shot-furia-control-1-0-2025-3\/"]}]},{"@type":"ImageObject","inLanguage":"fr-FR","@id":"https:\/\/revolutionpadelstore.com\/fr\/produit\/drop-shot-furia-control-1-0-2025-3\/#primaryimage","url":"https:\/\/revolutionpadelstore.com\/wp-content\/uploads\/2025\/01\/114588-pala-drop-shot-furia-control-1-0-dp324012-1000x1000-1.webp","contentUrl":"https:\/\/revolutionpadelstore.com\/wp-content\/uploads\/2025\/01\/114588-pala-drop-shot-furia-control-1-0-dp324012-1000x1000-1.webp","width":1000,"height":1000},{"@type":"BreadcrumbList","@id":"https:\/\/revolutionpadelstore.com\/fr\/produit\/drop-shot-furia-control-1-0-2025-3\/#breadcrumb","itemListElement":[{"@type":"ListItem","position":1,"name":"Portada","item":"https:\/\/revolutionpadelstore.com\/fr\/"},{"@type":"ListItem","position":2,"name":"Boutique","item":"https:\/\/revolutionpadelstore.com\/fr\/tienda\/"},{"@type":"ListItem","position":3,"name":"DROP SHOT FURIA CONTROL 1.0 2025"}]},{"@type":"WebSite","@id":"https:\/\/revolutionpadelstore.com\/fr\/#website","url":"https:\/\/revolutionpadelstore.com\/fr\/","name":"Revolution Padel Store","description":"","publisher":{"@id":"https:\/\/revolutionpadelstore.com\/fr\/#organization"},"potentialAction":[{"@type":"SearchAction","target":{"@type":"EntryPoint","urlTemplate":"https:\/\/revolutionpadelstore.com\/fr\/?s={search_term_string}"},"query-input":{"@type":"PropertyValueSpecification","valueRequired":true,"valueName":"search_term_string"}}],"inLanguage":"fr-FR"},{"@type":"Organization","@id":"https:\/\/revolutionpadelstore.com\/fr\/#organization","name":"Revolution Padel Store","url":"https:\/\/revolutionpadelstore.com\/fr\/","logo":{"@type":"ImageObject","inLanguage":"fr-FR","@id":"https:\/\/revolutionpadelstore.com\/fr\/#\/schema\/logo\/image\/","url":"https:\/\/revolutionpadelstore.com\/wp-content\/uploads\/2026\/02\/revolution-padel-store.jpg","contentUrl":"https:\/\/revolutionpadelstore.com\/wp-content\/uploads\/2026\/02\/revolution-padel-store.jpg","width":2000,"height":2000,"caption":"Revolution Padel Store"},"image":{"@id":"https:\/\/revolutionpadelstore.com\/fr\/#\/schema\/logo\/image\/"},"sameAs":["https:\/\/www.instagram.com\/revolutionpadelstore\/"]}]}},"_links":{"self":[{"href":"https:\/\/revolutionpadelstore.com\/fr\/wp-json\/wp\/v2\/product\/158675","targetHints":{"allow":["GET"]}}],"collection":[{"href":"https:\/\/revolutionpadelstore.com\/fr\/wp-json\/wp\/v2\/product"}],"about":[{"href":"https:\/\/revolutionpadelstore.com\/fr\/wp-json\/wp\/v2\/types\/product"}],"replies":[{"embeddable":true,"href":"https:\/\/revolutionpadelstore.com\/fr\/wp-json\/wp\/v2\/comments?post=158675"}],"wp:featuredmedia":[{"embeddable":true,"href":"https:\/\/revolutionpadelstore.com\/fr\/wp-json\/wp\/v2\/media\/158646"}],"wp:attachment":[{"href":"https:\/\/revolutionpadelstore.com\/fr\/wp-json\/wp\/v2\/media?parent=158675"}],"wp:term":[{"taxonomy":"acabado","embeddable":true,"href":"https:\/\/revolutionpadelstore.com\/fr\/wp-json\/wp\/v2\/acabado?post=158675"},{"taxonomy":"balance","embeddable":true,"href":"https:\/\/revolutionpadelstore.com\/fr\/wp-json\/wp\/v2\/balance?post=158675"},{"taxonomy":"dureza","embeddable":true,"href":"https:\/\/revolutionpadelstore.com\/fr\/wp-json\/wp\/v2\/dureza?post=158675"},{"taxonomy":"forma","embeddable":true,"href":"https:\/\/revolutionpadelstore.com\/fr\/wp-json\/wp\/v2\/forma?post=158675"},{"taxonomy":"jugador","embeddable":true,"href":"https:\/\/revolutionpadelstore.com\/fr\/wp-json\/wp\/v2\/jugador?post=158675"},{"taxonomy":"marca","embeddable":true,"href":"https:\/\/revolutionpadelstore.com\/fr\/wp-json\/wp\/v2\/marca?post=158675"},{"taxonomy":"nivel-de-juego","embeddable":true,"href":"https:\/\/revolutionpadelstore.com\/fr\/wp-json\/wp\/v2\/nivel-de-juego?post=158675"},{"taxonomy":"superficie","embeddable":true,"href":"https:\/\/revolutionpadelstore.com\/fr\/wp-json\/wp\/v2\/superficie?post=158675"},{"taxonomy":"tipo-de-juego","embeddable":true,"href":"https:\/\/revolutionpadelstore.com\/fr\/wp-json\/wp\/v2\/tipo-de-juego?post=158675"},{"taxonomy":"product_brand","embeddable":true,"href":"https:\/\/revolutionpadelstore.com\/fr\/wp-json\/wp\/v2\/product_brand?post=158675"},{"taxonomy":"product_cat","embeddable":true,"href":"https:\/\/revolutionpadelstore.com\/fr\/wp-json\/wp\/v2\/product_cat?post=158675"},{"taxonomy":"product_tag","embeddable":true,"href":"https:\/\/revolutionpadelstore.com\/fr\/wp-json\/wp\/v2\/product_tag?post=158675"}],"curies":[{"name":"wp","href":"https:\/\/api.w.org\/{rel}","templated":true}]}}