{"id":158527,"date":"2025-01-12T12:01:59","date_gmt":"2025-01-12T11:01:59","guid":{"rendered":"https:\/\/revolutionpadelstore.com\/drop-shot-conqueror-attack-1-0-2025\/"},"modified":"2026-04-08T08:38:34","modified_gmt":"2026-04-08T06:38:34","slug":"drop-shot-conqueror-attack-1-0-2025-3","status":"publish","type":"product","link":"https:\/\/revolutionpadelstore.com\/fr\/produit\/drop-shot-conqueror-attack-1-0-2025-3\/","title":{"rendered":"DROP SHOT CONQUEROR ATTACK 1.0 2025"},"content":{"rendered":"<h2> Description optimis\u00e9e de l&#8217;attaque de conqu\u00e9raire de la prise de vue 1.0 2025 <\/h2>\n<p>&lt;Il<br \/>\nL&#039;attaque de conqu\u00e9raire <strong> Drop Shot 1.0 2025 <\/strong> est la pelle d\u00e9finitive pour les joueurs experts \u00e0 la recherche d&#8217;un \u00e9quilibre parfait entre la puissance et le contr\u00f4le. Con\u00e7u dans la collection exclusive <strong> soyez unique 2025 <\/strong>, cette pelle se distingue de ses performances exceptionnelles et d&#8217;un design qui combine la sophistication et la fonctionnalit\u00e9. Avec un format de d\u00e9chirure et un poids optimis\u00e9 de <strong> 350-370 grammes <\/strong>, il fournit un \u00e9quilibre moyen id\u00e9al pour dominer chaque pi\u00e8ce.<\/p>\n<h2> <strong> Performance avanc\u00e9e pour les joueurs experts <\/strong> <\/h2>\n<p>Con\u00e7u pour <strong> joueurs de niveau avanc\u00e9 <\/strong>, l&#8217;attaque conqu\u00e9rante 1.0 2025 garantit une exp\u00e9rience unique dans chaque jeu, s&#8217;adaptant parfaitement aux exigences des comp\u00e9titions de niveau \u00e9lev\u00e9. Il s&#8217;agit d&#8217;une pelle polyvalente con\u00e7ue pour ceux qui ne compromettent ni la puissance de la vente aux ench\u00e8res ni la pr\u00e9cision des coups les plus techniques.<\/p>\n<h2> <strong> Caract\u00e9ristiques techniques et technologies innovantes <\/strong> <\/h2>\n<p>Le <strong> Drop Shot Conqueror Attack 1.0 2025 <\/strong> int\u00e8gre une s\u00e9lection de technologies Avant-Garde pour des performances sup\u00e9rieures:<\/p>\n<p> <strong> -barco de Double Carbon Tubular: <\/strong> fournit une structure plus r\u00e9sistante et durable, am\u00e9liorant la stabilit\u00e9.<\/p>\n<p> <strong> -Carbono 24k Twill Textreme: <\/strong> MAT\u00c9RICE ULTRA LIGHT qui apporte une plus grande flexibilit\u00e9 et r\u00e9ponse dans chaque coup.<\/p>\n<p style=\"padding-left: 40px\"> <strong> -dnsity eva pro high Rub<\/p>\n<p> <strong> -Twin Syst\u00e8me tubulaire: <\/strong> optimise la durabilit\u00e9 de la lame.<br \/>\n<P> <strong> -Smart trous Syst\u00e8me: <\/strong> conception strat\u00e9gique dans la distribution des trous pour am\u00e9liorer l&#8217;a\u00e9rodynamique et la pr\u00e9cision.<\/p>\n<p> <strong> -vibra Tech: <\/strong> technologie avanc\u00e9e qui r\u00e9duit les vibrations pour une exp\u00e9rience de jeu plus confortable.<br \/>\n<P> <strong> -gork Cushion Grip: <\/strong> poign\u00e9e ergonomique qui minimise l&#8217;impact sur le poignet et offre un plus grand contr\u00f4le.<br \/>\n<P style=\"padding-left: 40px\"> <strong> -Power Beam Heart: <\/strong> renforcement dans le c\u0153ur de la lame pour maximiser la stabilit\u00e9 pendant les coups de haute intensit\u00e9.<\/p>\n<h2> <strong> Pourquoi choisir l&#8217;attaque de conqu\u00e9raire de la prise de vue 1.0 2025? <\/strong> <\/h2>\n<p>Cette pelle est le choix parfait pour les joueurs qui cherchent \u00e0 mettre en \u00e9vidence dans le <strong> World Padel Tour <\/strong> ou toute comp\u00e9tition d&#8217;\u00e9lite. Avec une combinaison unique de mat\u00e9riaux de haute qualit\u00e9 et une conception con\u00e7ue pour des performances maximales, l&#8217;attaque <strong> Drop Shot Conqueror 1.0 2025 <\/strong> est le dernier alli\u00e9 pour tout joueur professionnel.<\/p>\n<p><strong> Acheter maintenant <\/strong> The Drop Shoot Conqueror Attack 1.0 2025 Dans notre boutique en ligne &lt;a href = &quot;https: \/\/www.revolution ce bijou probablement au meilleur prix du march\u00e9.<\/p>\n<h3> <\/h3>\n<h2>Descripci\u00f3n optimizada de la Drop Shot Conqueror Attack 1.0 2025<\/h2>\n","protected":false},"excerpt":{"rendered":"<p>L&#8217;attaque de conqu\u00e9raire de Drop Shot 1.0 2025 est une pelle cr\u00e9\u00e9e sp\u00e9cialement pour les joueurs avanc\u00e9s, offrant une combinaison parfaite de puissance, de puissance et de technologie de Vanguard pour garantir des performances exceptionnelles dans chaque jeu.<\/p>\n","protected":false},"featured_media":158493,"comment_status":"open","ping_status":"closed","template":"","meta":{"_acf_changed":false,"_joinchat":[]},"acabado":[1087],"balance":[1142],"dureza":[1162],"forma":[1187],"jugador":[1192,1202],"marca":[1710],"nivel-de-juego":[1337],"superficie":[1357],"tipo-de-juego":[1387],"product_brand":[],"product_cat":[302],"product_tag":[],"class_list":{"0":"post-158527","1":"product","2":"type-product","3":"status-publish","4":"has-post-thumbnail","6":"acabado-mon-pote","7":"balance-moyen","8":"dureza-dure","9":"forma-lagrima-fr","10":"jugador-homme","11":"jugador-polivalente-fr","12":"marca-drop-tir","13":"superficie-lise","14":"tipo-de-juego-polivalente-fr","15":"product_cat-palas-de-padel-fr","17":"first","18":"instock","19":"sale","20":"taxable","21":"shipping-taxable","22":"purchasable","23":"product-type-simple"},"acf":[],"yoast_head":"<!-- This site is optimized with the Yoast SEO plugin v27.4 - https:\/\/yoast.com\/product\/yoast-seo-wordpress\/ -->\n<title>DROP SHOT CONQUEROR ATTACK 1.0 2025 - Revolution Padel Store<\/title>\n<meta name=\"description\" content=\"Descubre la Drop Shot Conqueror Attack 1.0 2025, la pala de p\u00e1del polivalente para expertos que buscan potencia y control. \u00a1C\u00f3mprala ahora al mejor precio en Revolution Padel Store!\" \/>\n<meta name=\"robots\" content=\"index, follow, max-snippet:-1, max-image-preview:large, max-video-preview:-1\" \/>\n<link rel=\"canonical\" href=\"https:\/\/revolutionpadelstore.com\/fr\/produit\/drop-shot-conqueror-attack-1-0-2025-3\/\" \/>\n<meta property=\"og:locale\" content=\"fr_FR\" \/>\n<meta property=\"og:type\" content=\"article\" \/>\n<meta property=\"og:title\" content=\"DROP SHOT CONQUEROR ATTACK 1.0 2025 - Revolution Padel Store\" \/>\n<meta property=\"og:description\" content=\"Descubre la Drop Shot Conqueror Attack 1.0 2025, la pala de p\u00e1del polivalente para expertos que buscan potencia y control. \u00a1C\u00f3mprala ahora al mejor precio en Revolution Padel Store!\" \/>\n<meta property=\"og:url\" content=\"https:\/\/revolutionpadelstore.com\/fr\/produit\/drop-shot-conqueror-attack-1-0-2025-3\/\" \/>\n<meta property=\"og:site_name\" content=\"Revolution Padel Store\" \/>\n<meta property=\"article:modified_time\" content=\"2026-04-08T06:38:34+00:00\" \/>\n<meta property=\"og:image\" content=\"https:\/\/revolutionpadelstore.com\/wp-content\/uploads\/2025\/01\/114580-pala-drop-shot-conqueror-attack-1-0-dp324016-1000x1000-1.webp\" \/>\n\t<meta property=\"og:image:width\" content=\"1000\" \/>\n\t<meta property=\"og:image:height\" content=\"1000\" \/>\n\t<meta property=\"og:image:type\" content=\"image\/webp\" \/>\n<meta name=\"twitter:card\" content=\"summary_large_image\" \/>\n<meta name=\"twitter:label1\" content=\"Dur\u00e9e de lecture estim\u00e9e\" \/>\n\t<meta name=\"twitter:data1\" content=\"2 minutes\" \/>\n<script type=\"application\/ld+json\" class=\"yoast-schema-graph\">{\"@context\":\"https:\\\/\\\/schema.org\",\"@graph\":[{\"@type\":\"WebPage\",\"@id\":\"https:\\\/\\\/revolutionpadelstore.com\\\/fr\\\/produit\\\/drop-shot-conqueror-attack-1-0-2025-3\\\/\",\"url\":\"https:\\\/\\\/revolutionpadelstore.com\\\/fr\\\/produit\\\/drop-shot-conqueror-attack-1-0-2025-3\\\/\",\"name\":\"DROP SHOT CONQUEROR ATTACK 1.0 2025 - Revolution Padel Store\",\"isPartOf\":{\"@id\":\"https:\\\/\\\/revolutionpadelstore.com\\\/fr\\\/#website\"},\"primaryImageOfPage\":{\"@id\":\"https:\\\/\\\/revolutionpadelstore.com\\\/fr\\\/produit\\\/drop-shot-conqueror-attack-1-0-2025-3\\\/#primaryimage\"},\"image\":{\"@id\":\"https:\\\/\\\/revolutionpadelstore.com\\\/fr\\\/produit\\\/drop-shot-conqueror-attack-1-0-2025-3\\\/#primaryimage\"},\"thumbnailUrl\":\"https:\\\/\\\/revolutionpadelstore.com\\\/wp-content\\\/uploads\\\/2025\\\/01\\\/114580-pala-drop-shot-conqueror-attack-1-0-dp324016-1000x1000-1.webp\",\"datePublished\":\"2025-01-12T11:01:59+00:00\",\"dateModified\":\"2026-04-08T06:38:34+00:00\",\"description\":\"Descubre la Drop Shot Conqueror Attack 1.0 2025, la pala de p\u00e1del polivalente para expertos que buscan potencia y control. \u00a1C\u00f3mprala ahora al mejor precio en Revolution Padel Store!\",\"breadcrumb\":{\"@id\":\"https:\\\/\\\/revolutionpadelstore.com\\\/fr\\\/produit\\\/drop-shot-conqueror-attack-1-0-2025-3\\\/#breadcrumb\"},\"inLanguage\":\"fr-FR\",\"potentialAction\":[{\"@type\":\"ReadAction\",\"target\":[\"https:\\\/\\\/revolutionpadelstore.com\\\/fr\\\/produit\\\/drop-shot-conqueror-attack-1-0-2025-3\\\/\"]}]},{\"@type\":\"ImageObject\",\"inLanguage\":\"fr-FR\",\"@id\":\"https:\\\/\\\/revolutionpadelstore.com\\\/fr\\\/produit\\\/drop-shot-conqueror-attack-1-0-2025-3\\\/#primaryimage\",\"url\":\"https:\\\/\\\/revolutionpadelstore.com\\\/wp-content\\\/uploads\\\/2025\\\/01\\\/114580-pala-drop-shot-conqueror-attack-1-0-dp324016-1000x1000-1.webp\",\"contentUrl\":\"https:\\\/\\\/revolutionpadelstore.com\\\/wp-content\\\/uploads\\\/2025\\\/01\\\/114580-pala-drop-shot-conqueror-attack-1-0-dp324016-1000x1000-1.webp\",\"width\":1000,\"height\":1000},{\"@type\":\"BreadcrumbList\",\"@id\":\"https:\\\/\\\/revolutionpadelstore.com\\\/fr\\\/produit\\\/drop-shot-conqueror-attack-1-0-2025-3\\\/#breadcrumb\",\"itemListElement\":[{\"@type\":\"ListItem\",\"position\":1,\"name\":\"Portada\",\"item\":\"https:\\\/\\\/revolutionpadelstore.com\\\/fr\\\/\"},{\"@type\":\"ListItem\",\"position\":2,\"name\":\"Boutique\",\"item\":\"https:\\\/\\\/revolutionpadelstore.com\\\/fr\\\/tienda\\\/\"},{\"@type\":\"ListItem\",\"position\":3,\"name\":\"DROP SHOT CONQUEROR ATTACK 1.0 2025\"}]},{\"@type\":\"WebSite\",\"@id\":\"https:\\\/\\\/revolutionpadelstore.com\\\/fr\\\/#website\",\"url\":\"https:\\\/\\\/revolutionpadelstore.com\\\/fr\\\/\",\"name\":\"Revolution Padel Store\",\"description\":\"\",\"publisher\":{\"@id\":\"https:\\\/\\\/revolutionpadelstore.com\\\/fr\\\/#organization\"},\"potentialAction\":[{\"@type\":\"SearchAction\",\"target\":{\"@type\":\"EntryPoint\",\"urlTemplate\":\"https:\\\/\\\/revolutionpadelstore.com\\\/fr\\\/?s={search_term_string}\"},\"query-input\":{\"@type\":\"PropertyValueSpecification\",\"valueRequired\":true,\"valueName\":\"search_term_string\"}}],\"inLanguage\":\"fr-FR\"},{\"@type\":\"Organization\",\"@id\":\"https:\\\/\\\/revolutionpadelstore.com\\\/fr\\\/#organization\",\"name\":\"Revolution Padel Store\",\"url\":\"https:\\\/\\\/revolutionpadelstore.com\\\/fr\\\/\",\"logo\":{\"@type\":\"ImageObject\",\"inLanguage\":\"fr-FR\",\"@id\":\"https:\\\/\\\/revolutionpadelstore.com\\\/fr\\\/#\\\/schema\\\/logo\\\/image\\\/\",\"url\":\"https:\\\/\\\/revolutionpadelstore.com\\\/wp-content\\\/uploads\\\/2026\\\/02\\\/revolution-padel-store.jpg\",\"contentUrl\":\"https:\\\/\\\/revolutionpadelstore.com\\\/wp-content\\\/uploads\\\/2026\\\/02\\\/revolution-padel-store.jpg\",\"width\":2000,\"height\":2000,\"caption\":\"Revolution Padel Store\"},\"image\":{\"@id\":\"https:\\\/\\\/revolutionpadelstore.com\\\/fr\\\/#\\\/schema\\\/logo\\\/image\\\/\"},\"sameAs\":[\"https:\\\/\\\/www.instagram.com\\\/revolutionpadelstore\\\/\"]}]}<\/script>\n<!-- \/ Yoast SEO plugin. -->","yoast_head_json":{"title":"DROP SHOT CONQUEROR ATTACK 1.0 2025 - Revolution Padel Store","description":"Descubre la Drop Shot Conqueror Attack 1.0 2025, la pala de p\u00e1del polivalente para expertos que buscan potencia y control. \u00a1C\u00f3mprala ahora al mejor precio en Revolution Padel Store!","robots":{"index":"index","follow":"follow","max-snippet":"max-snippet:-1","max-image-preview":"max-image-preview:large","max-video-preview":"max-video-preview:-1"},"canonical":"https:\/\/revolutionpadelstore.com\/fr\/produit\/drop-shot-conqueror-attack-1-0-2025-3\/","og_locale":"fr_FR","og_type":"article","og_title":"DROP SHOT CONQUEROR ATTACK 1.0 2025 - Revolution Padel Store","og_description":"Descubre la Drop Shot Conqueror Attack 1.0 2025, la pala de p\u00e1del polivalente para expertos que buscan potencia y control. \u00a1C\u00f3mprala ahora al mejor precio en Revolution Padel Store!","og_url":"https:\/\/revolutionpadelstore.com\/fr\/produit\/drop-shot-conqueror-attack-1-0-2025-3\/","og_site_name":"Revolution Padel Store","article_modified_time":"2026-04-08T06:38:34+00:00","og_image":[{"width":1000,"height":1000,"url":"https:\/\/revolutionpadelstore.com\/wp-content\/uploads\/2025\/01\/114580-pala-drop-shot-conqueror-attack-1-0-dp324016-1000x1000-1.webp","type":"image\/webp"}],"twitter_card":"summary_large_image","twitter_misc":{"Dur\u00e9e de lecture estim\u00e9e":"2 minutes"},"schema":{"@context":"https:\/\/schema.org","@graph":[{"@type":"WebPage","@id":"https:\/\/revolutionpadelstore.com\/fr\/produit\/drop-shot-conqueror-attack-1-0-2025-3\/","url":"https:\/\/revolutionpadelstore.com\/fr\/produit\/drop-shot-conqueror-attack-1-0-2025-3\/","name":"DROP SHOT CONQUEROR ATTACK 1.0 2025 - Revolution Padel Store","isPartOf":{"@id":"https:\/\/revolutionpadelstore.com\/fr\/#website"},"primaryImageOfPage":{"@id":"https:\/\/revolutionpadelstore.com\/fr\/produit\/drop-shot-conqueror-attack-1-0-2025-3\/#primaryimage"},"image":{"@id":"https:\/\/revolutionpadelstore.com\/fr\/produit\/drop-shot-conqueror-attack-1-0-2025-3\/#primaryimage"},"thumbnailUrl":"https:\/\/revolutionpadelstore.com\/wp-content\/uploads\/2025\/01\/114580-pala-drop-shot-conqueror-attack-1-0-dp324016-1000x1000-1.webp","datePublished":"2025-01-12T11:01:59+00:00","dateModified":"2026-04-08T06:38:34+00:00","description":"Descubre la Drop Shot Conqueror Attack 1.0 2025, la pala de p\u00e1del polivalente para expertos que buscan potencia y control. \u00a1C\u00f3mprala ahora al mejor precio en Revolution Padel Store!","breadcrumb":{"@id":"https:\/\/revolutionpadelstore.com\/fr\/produit\/drop-shot-conqueror-attack-1-0-2025-3\/#breadcrumb"},"inLanguage":"fr-FR","potentialAction":[{"@type":"ReadAction","target":["https:\/\/revolutionpadelstore.com\/fr\/produit\/drop-shot-conqueror-attack-1-0-2025-3\/"]}]},{"@type":"ImageObject","inLanguage":"fr-FR","@id":"https:\/\/revolutionpadelstore.com\/fr\/produit\/drop-shot-conqueror-attack-1-0-2025-3\/#primaryimage","url":"https:\/\/revolutionpadelstore.com\/wp-content\/uploads\/2025\/01\/114580-pala-drop-shot-conqueror-attack-1-0-dp324016-1000x1000-1.webp","contentUrl":"https:\/\/revolutionpadelstore.com\/wp-content\/uploads\/2025\/01\/114580-pala-drop-shot-conqueror-attack-1-0-dp324016-1000x1000-1.webp","width":1000,"height":1000},{"@type":"BreadcrumbList","@id":"https:\/\/revolutionpadelstore.com\/fr\/produit\/drop-shot-conqueror-attack-1-0-2025-3\/#breadcrumb","itemListElement":[{"@type":"ListItem","position":1,"name":"Portada","item":"https:\/\/revolutionpadelstore.com\/fr\/"},{"@type":"ListItem","position":2,"name":"Boutique","item":"https:\/\/revolutionpadelstore.com\/fr\/tienda\/"},{"@type":"ListItem","position":3,"name":"DROP SHOT CONQUEROR ATTACK 1.0 2025"}]},{"@type":"WebSite","@id":"https:\/\/revolutionpadelstore.com\/fr\/#website","url":"https:\/\/revolutionpadelstore.com\/fr\/","name":"Revolution Padel Store","description":"","publisher":{"@id":"https:\/\/revolutionpadelstore.com\/fr\/#organization"},"potentialAction":[{"@type":"SearchAction","target":{"@type":"EntryPoint","urlTemplate":"https:\/\/revolutionpadelstore.com\/fr\/?s={search_term_string}"},"query-input":{"@type":"PropertyValueSpecification","valueRequired":true,"valueName":"search_term_string"}}],"inLanguage":"fr-FR"},{"@type":"Organization","@id":"https:\/\/revolutionpadelstore.com\/fr\/#organization","name":"Revolution Padel Store","url":"https:\/\/revolutionpadelstore.com\/fr\/","logo":{"@type":"ImageObject","inLanguage":"fr-FR","@id":"https:\/\/revolutionpadelstore.com\/fr\/#\/schema\/logo\/image\/","url":"https:\/\/revolutionpadelstore.com\/wp-content\/uploads\/2026\/02\/revolution-padel-store.jpg","contentUrl":"https:\/\/revolutionpadelstore.com\/wp-content\/uploads\/2026\/02\/revolution-padel-store.jpg","width":2000,"height":2000,"caption":"Revolution Padel Store"},"image":{"@id":"https:\/\/revolutionpadelstore.com\/fr\/#\/schema\/logo\/image\/"},"sameAs":["https:\/\/www.instagram.com\/revolutionpadelstore\/"]}]}},"_links":{"self":[{"href":"https:\/\/revolutionpadelstore.com\/fr\/wp-json\/wp\/v2\/product\/158527","targetHints":{"allow":["GET"]}}],"collection":[{"href":"https:\/\/revolutionpadelstore.com\/fr\/wp-json\/wp\/v2\/product"}],"about":[{"href":"https:\/\/revolutionpadelstore.com\/fr\/wp-json\/wp\/v2\/types\/product"}],"replies":[{"embeddable":true,"href":"https:\/\/revolutionpadelstore.com\/fr\/wp-json\/wp\/v2\/comments?post=158527"}],"wp:featuredmedia":[{"embeddable":true,"href":"https:\/\/revolutionpadelstore.com\/fr\/wp-json\/wp\/v2\/media\/158493"}],"wp:attachment":[{"href":"https:\/\/revolutionpadelstore.com\/fr\/wp-json\/wp\/v2\/media?parent=158527"}],"wp:term":[{"taxonomy":"acabado","embeddable":true,"href":"https:\/\/revolutionpadelstore.com\/fr\/wp-json\/wp\/v2\/acabado?post=158527"},{"taxonomy":"balance","embeddable":true,"href":"https:\/\/revolutionpadelstore.com\/fr\/wp-json\/wp\/v2\/balance?post=158527"},{"taxonomy":"dureza","embeddable":true,"href":"https:\/\/revolutionpadelstore.com\/fr\/wp-json\/wp\/v2\/dureza?post=158527"},{"taxonomy":"forma","embeddable":true,"href":"https:\/\/revolutionpadelstore.com\/fr\/wp-json\/wp\/v2\/forma?post=158527"},{"taxonomy":"jugador","embeddable":true,"href":"https:\/\/revolutionpadelstore.com\/fr\/wp-json\/wp\/v2\/jugador?post=158527"},{"taxonomy":"marca","embeddable":true,"href":"https:\/\/revolutionpadelstore.com\/fr\/wp-json\/wp\/v2\/marca?post=158527"},{"taxonomy":"nivel-de-juego","embeddable":true,"href":"https:\/\/revolutionpadelstore.com\/fr\/wp-json\/wp\/v2\/nivel-de-juego?post=158527"},{"taxonomy":"superficie","embeddable":true,"href":"https:\/\/revolutionpadelstore.com\/fr\/wp-json\/wp\/v2\/superficie?post=158527"},{"taxonomy":"tipo-de-juego","embeddable":true,"href":"https:\/\/revolutionpadelstore.com\/fr\/wp-json\/wp\/v2\/tipo-de-juego?post=158527"},{"taxonomy":"product_brand","embeddable":true,"href":"https:\/\/revolutionpadelstore.com\/fr\/wp-json\/wp\/v2\/product_brand?post=158527"},{"taxonomy":"product_cat","embeddable":true,"href":"https:\/\/revolutionpadelstore.com\/fr\/wp-json\/wp\/v2\/product_cat?post=158527"},{"taxonomy":"product_tag","embeddable":true,"href":"https:\/\/revolutionpadelstore.com\/fr\/wp-json\/wp\/v2\/product_tag?post=158527"}],"curies":[{"name":"wp","href":"https:\/\/api.w.org\/{rel}","templated":true}]}}