{"id":158522,"date":"2025-01-11T21:35:50","date_gmt":"2025-01-11T20:35:50","guid":{"rendered":"https:\/\/revolutionpadelstore.com\/drop-shot-canyon-pro-attack-1-0-2025\/"},"modified":"2026-04-08T08:39:00","modified_gmt":"2026-04-08T06:39:00","slug":"drop-shot-canyon-pro-attack-1-0-2025-3","status":"publish","type":"product","link":"https:\/\/revolutionpadelstore.com\/fr\/produit\/drop-shot-canyon-pro-attack-1-0-2025-3\/","title":{"rendered":"DROP SHOT CANYON PRO ATTACK 1.0 2025"},"content":{"rendered":"<h2> Drop Shot Canyon Pro Attack 1.0 2025 &#8211; puissance maximale et technologie d&#8217;\u00e9lite<br \/>\nLe <strong> Drop Shot Canyon Pro Attack 1.0 2025 <\/strong> est la pelle phare de la collection <strong> Be Unique <\/strong>, con\u00e7ue pour des joueurs experts \u00e0 la recherche de performances sup\u00e9rieures. Sa forme de diamant, son \u00e9quilibre \u00e9lev\u00e9 et son poids de <strong> 350-370 grammes <\/strong> offrent une puissance exceptionnelle dans chaque coup, id\u00e9al pour dominer sur la piste.<\/p>\n<p>La conception \u00e9l\u00e9gante en <strong> noir, bleu et argent <\/strong>, d\u00e9velopp\u00e9 avec Pablo Lima, se d\u00e9marque non seulement visuellement, mais refl\u00e8te \u00e9galement les technologies de derni\u00e8re g\u00e9n\u00e9ration qui garantissent le contr\u00f4le, la pr\u00e9cision et le confort.<\/p>\n<h2> <strong> Caract\u00e9ristiques importantes <\/strong> <\/h2>\n<p><strong> -Carbon Marco 24k Twill Textreme <\/strong>: Il offre une r\u00e9sistance et une flexibilit\u00e9 gr\u00e2ce \u00e0 ses filaments de carbone bidirectionnels de 24 000 unit\u00e9s.<\/p>\n<p><strong> -nuco eva pro High densit\u00e9 <\/strong>: absorber les impacts et fournir une \u00e9lasticit\u00e9 plus \u00e9lev\u00e9e pour les coups puissants.<\/p>\n<p><strong> -Le technologie technologique <\/strong>: minimise les vibrations, prot\u00e9ger votre bras et am\u00e9liorer le confort pour les longs jeux.<\/p>\n<p><strong> -protector ergo pro <\/strong>: rempla\u00e7able, fabriqu\u00e9 en nylon l\u00e9ger pour une durabilit\u00e9 suppl\u00e9mentaire.<\/p>\n<p><strong> -Smart trous Syst\u00e8me <\/strong>: trous optimis\u00e9s de trous pour maximiser le contr\u00f4le et la puissance.<\/p>\n<p><strong> -grip li\u00e8ge coussin <\/strong>: am\u00e9liore le support et absorber les vibrations pour une plus grande stabilit\u00e9.<\/p>\n<p><strong> -Power Beam Heart <\/strong>: Renforcement au c\u0153ur de la lame qui augmente sa fermet\u00e9.<\/p>\n<h2> <strong> Qui est le Drop Shot Canyon Pro Attack 1.0 2025?<br \/>\nCette pelle est parfaite pour les joueurs avanc\u00e9s ou professionnels qui hi\u00e9rarchisent la puissance explosive <strong> <\/strong> sans compromettre le contr\u00f4le. Ses technologies avanc\u00e9es et sa conception innovante en font un outil essentiel pour les matchs les plus exigeants.<\/p>\n<h2> <strong> Avantages cl\u00e9s <\/strong> <\/h2>\n<p>-Imale la puissance <strong> <\/strong> de chaque coup avec son \u00e9quilibre \u00e9lev\u00e9 et sa conception en forme de diamant.<\/p>\n<p>-Propolez un jeu <strong> confortable <\/strong> gr\u00e2ce \u00e0 son absorption des vibrations.<\/p>\n<p>-Gerantiser une performance exceptionnelle dans chaque partie, m\u00eame \u00e0 des niveaux de concurrence professionnelle.<\/p>\n<p><strong> ramener \u00e0 la maison le Drop Shot Canyon Pro Attack 1.0 2025 <\/strong> et d\u00e9couvrez les performances d&#8217;une pelle con\u00e7ue pour gagner. Disponible dans notre boutique en ligne <a href=\"https:\/\/www.revolutionpadelstore.com\/\"> www.revolutionpadelstore.com <\/a>, probablement au meilleur prix du march\u00e9!<\/p>\n<h3> <\/h3>\n<h2>Drop Shot Canyon Pro Attack 1.0 2025 \u2013 M\u00e1xima potencia y tecnolog\u00eda de \u00e9lite<\/h2>\n","protected":false},"excerpt":{"rendered":"<p>Le Drop Shot Canyon Pro Attack 1.0 2025, con\u00e7u par Pablo Lima, est une pelle de haut niveau, id\u00e9ale pour les joueurs experts \u00e0 la recherche d&#8217;un \u00e9quilibre parfait entre la puissance, le contr\u00f4le et les performances exceptionnelles \u00e0 chaque r\u00e9union.<\/p>\n","protected":false},"featured_media":158359,"comment_status":"open","ping_status":"closed","template":"","meta":{"_acf_changed":false,"_joinchat":[]},"acabado":[1087],"balance":[1137],"dureza":[1162],"forma":[1172],"jugador":[1192,1202],"marca":[1710],"nivel-de-juego":[1337],"superficie":[1357],"tipo-de-juego":[1377],"product_brand":[],"product_cat":[302],"product_tag":[],"class_list":{"0":"post-158522","1":"product","2":"type-product","3":"status-publish","4":"has-post-thumbnail","6":"acabado-mon-pote","7":"balance-eleve","8":"dureza-dure","9":"forma-diamant","10":"jugador-homme","11":"jugador-polivalente-fr","12":"marca-drop-tir","13":"superficie-lise","14":"tipo-de-juego-puissance","15":"product_cat-palas-de-padel-fr","17":"first","18":"instock","19":"sale","20":"taxable","21":"shipping-taxable","22":"purchasable","23":"product-type-simple"},"acf":[],"yoast_head":"<!-- This site is optimized with the Yoast SEO plugin v27.3 - https:\/\/yoast.com\/product\/yoast-seo-wordpress\/ -->\n<title>DROP SHOT CANYON PRO ATTACK 1.0 2025 - Revolution Padel Store<\/title>\n<meta name=\"description\" content=\"Descubre la Drop Shot Canyon Pro Attack 1.0 2025, dise\u00f1ada junto a Pablo Lima. Potencia, control y tecnolog\u00edas avanzadas en una pala de nivel profesional. \u00a1Compra ahora al mejor precio en Revolution Padel Store!\" \/>\n<meta name=\"robots\" content=\"index, follow, max-snippet:-1, max-image-preview:large, max-video-preview:-1\" \/>\n<link rel=\"canonical\" href=\"https:\/\/revolutionpadelstore.com\/fr\/produit\/drop-shot-canyon-pro-attack-1-0-2025-3\/\" \/>\n<meta property=\"og:locale\" content=\"fr_FR\" \/>\n<meta property=\"og:type\" content=\"article\" \/>\n<meta property=\"og:title\" content=\"DROP SHOT CANYON PRO ATTACK 1.0 2025 - Revolution Padel Store\" \/>\n<meta property=\"og:description\" content=\"Descubre la Drop Shot Canyon Pro Attack 1.0 2025, dise\u00f1ada junto a Pablo Lima. Potencia, control y tecnolog\u00edas avanzadas en una pala de nivel profesional. \u00a1Compra ahora al mejor precio en Revolution Padel Store!\" \/>\n<meta property=\"og:url\" content=\"https:\/\/revolutionpadelstore.com\/fr\/produit\/drop-shot-canyon-pro-attack-1-0-2025-3\/\" \/>\n<meta property=\"og:site_name\" content=\"Revolution Padel Store\" \/>\n<meta property=\"article:modified_time\" content=\"2026-04-08T06:39:00+00:00\" \/>\n<meta property=\"og:image\" content=\"https:\/\/revolutionpadelstore.com\/wp-content\/uploads\/2025\/01\/114577-pala-drop-shot-canyon-pro-attack-1-0-dp324018-1000x1000-1.webp\" \/>\n\t<meta property=\"og:image:width\" content=\"1000\" \/>\n\t<meta property=\"og:image:height\" content=\"1000\" \/>\n\t<meta property=\"og:image:type\" content=\"image\/webp\" \/>\n<meta name=\"twitter:card\" content=\"summary_large_image\" \/>\n<meta name=\"twitter:label1\" content=\"Dur\u00e9e de lecture estim\u00e9e\" \/>\n\t<meta name=\"twitter:data1\" content=\"2 minutes\" \/>\n<script type=\"application\/ld+json\" class=\"yoast-schema-graph\">{\"@context\":\"https:\\\/\\\/schema.org\",\"@graph\":[{\"@type\":\"WebPage\",\"@id\":\"https:\\\/\\\/revolutionpadelstore.com\\\/fr\\\/produit\\\/drop-shot-canyon-pro-attack-1-0-2025-3\\\/\",\"url\":\"https:\\\/\\\/revolutionpadelstore.com\\\/fr\\\/produit\\\/drop-shot-canyon-pro-attack-1-0-2025-3\\\/\",\"name\":\"DROP SHOT CANYON PRO ATTACK 1.0 2025 - Revolution Padel Store\",\"isPartOf\":{\"@id\":\"https:\\\/\\\/revolutionpadelstore.com\\\/fr\\\/#website\"},\"primaryImageOfPage\":{\"@id\":\"https:\\\/\\\/revolutionpadelstore.com\\\/fr\\\/produit\\\/drop-shot-canyon-pro-attack-1-0-2025-3\\\/#primaryimage\"},\"image\":{\"@id\":\"https:\\\/\\\/revolutionpadelstore.com\\\/fr\\\/produit\\\/drop-shot-canyon-pro-attack-1-0-2025-3\\\/#primaryimage\"},\"thumbnailUrl\":\"https:\\\/\\\/revolutionpadelstore.com\\\/wp-content\\\/uploads\\\/2025\\\/01\\\/114577-pala-drop-shot-canyon-pro-attack-1-0-dp324018-1000x1000-1.webp\",\"datePublished\":\"2025-01-11T20:35:50+00:00\",\"dateModified\":\"2026-04-08T06:39:00+00:00\",\"description\":\"Descubre la Drop Shot Canyon Pro Attack 1.0 2025, dise\u00f1ada junto a Pablo Lima. Potencia, control y tecnolog\u00edas avanzadas en una pala de nivel profesional. \u00a1Compra ahora al mejor precio en Revolution Padel Store!\",\"breadcrumb\":{\"@id\":\"https:\\\/\\\/revolutionpadelstore.com\\\/fr\\\/produit\\\/drop-shot-canyon-pro-attack-1-0-2025-3\\\/#breadcrumb\"},\"inLanguage\":\"fr-FR\",\"potentialAction\":[{\"@type\":\"ReadAction\",\"target\":[\"https:\\\/\\\/revolutionpadelstore.com\\\/fr\\\/produit\\\/drop-shot-canyon-pro-attack-1-0-2025-3\\\/\"]}]},{\"@type\":\"ImageObject\",\"inLanguage\":\"fr-FR\",\"@id\":\"https:\\\/\\\/revolutionpadelstore.com\\\/fr\\\/produit\\\/drop-shot-canyon-pro-attack-1-0-2025-3\\\/#primaryimage\",\"url\":\"https:\\\/\\\/revolutionpadelstore.com\\\/wp-content\\\/uploads\\\/2025\\\/01\\\/114577-pala-drop-shot-canyon-pro-attack-1-0-dp324018-1000x1000-1.webp\",\"contentUrl\":\"https:\\\/\\\/revolutionpadelstore.com\\\/wp-content\\\/uploads\\\/2025\\\/01\\\/114577-pala-drop-shot-canyon-pro-attack-1-0-dp324018-1000x1000-1.webp\",\"width\":1000,\"height\":1000},{\"@type\":\"BreadcrumbList\",\"@id\":\"https:\\\/\\\/revolutionpadelstore.com\\\/fr\\\/produit\\\/drop-shot-canyon-pro-attack-1-0-2025-3\\\/#breadcrumb\",\"itemListElement\":[{\"@type\":\"ListItem\",\"position\":1,\"name\":\"Portada\",\"item\":\"https:\\\/\\\/revolutionpadelstore.com\\\/fr\\\/\"},{\"@type\":\"ListItem\",\"position\":2,\"name\":\"Boutique\",\"item\":\"https:\\\/\\\/revolutionpadelstore.com\\\/fr\\\/tienda\\\/\"},{\"@type\":\"ListItem\",\"position\":3,\"name\":\"DROP SHOT CANYON PRO ATTACK 1.0 2025\"}]},{\"@type\":\"WebSite\",\"@id\":\"https:\\\/\\\/revolutionpadelstore.com\\\/fr\\\/#website\",\"url\":\"https:\\\/\\\/revolutionpadelstore.com\\\/fr\\\/\",\"name\":\"Revolution Padel Store\",\"description\":\"\",\"publisher\":{\"@id\":\"https:\\\/\\\/revolutionpadelstore.com\\\/fr\\\/#organization\"},\"potentialAction\":[{\"@type\":\"SearchAction\",\"target\":{\"@type\":\"EntryPoint\",\"urlTemplate\":\"https:\\\/\\\/revolutionpadelstore.com\\\/fr\\\/?s={search_term_string}\"},\"query-input\":{\"@type\":\"PropertyValueSpecification\",\"valueRequired\":true,\"valueName\":\"search_term_string\"}}],\"inLanguage\":\"fr-FR\"},{\"@type\":\"Organization\",\"@id\":\"https:\\\/\\\/revolutionpadelstore.com\\\/fr\\\/#organization\",\"name\":\"Revolution Padel Store\",\"url\":\"https:\\\/\\\/revolutionpadelstore.com\\\/fr\\\/\",\"logo\":{\"@type\":\"ImageObject\",\"inLanguage\":\"fr-FR\",\"@id\":\"https:\\\/\\\/revolutionpadelstore.com\\\/fr\\\/#\\\/schema\\\/logo\\\/image\\\/\",\"url\":\"https:\\\/\\\/revolutionpadelstore.com\\\/wp-content\\\/uploads\\\/2026\\\/02\\\/revolution-padel-store.jpg\",\"contentUrl\":\"https:\\\/\\\/revolutionpadelstore.com\\\/wp-content\\\/uploads\\\/2026\\\/02\\\/revolution-padel-store.jpg\",\"width\":2000,\"height\":2000,\"caption\":\"Revolution Padel Store\"},\"image\":{\"@id\":\"https:\\\/\\\/revolutionpadelstore.com\\\/fr\\\/#\\\/schema\\\/logo\\\/image\\\/\"},\"sameAs\":[\"https:\\\/\\\/www.instagram.com\\\/revolutionpadelstore\\\/\"]}]}<\/script>\n<!-- \/ Yoast SEO plugin. -->","yoast_head_json":{"title":"DROP SHOT CANYON PRO ATTACK 1.0 2025 - Revolution Padel Store","description":"Descubre la Drop Shot Canyon Pro Attack 1.0 2025, dise\u00f1ada junto a Pablo Lima. Potencia, control y tecnolog\u00edas avanzadas en una pala de nivel profesional. \u00a1Compra ahora al mejor precio en Revolution Padel Store!","robots":{"index":"index","follow":"follow","max-snippet":"max-snippet:-1","max-image-preview":"max-image-preview:large","max-video-preview":"max-video-preview:-1"},"canonical":"https:\/\/revolutionpadelstore.com\/fr\/produit\/drop-shot-canyon-pro-attack-1-0-2025-3\/","og_locale":"fr_FR","og_type":"article","og_title":"DROP SHOT CANYON PRO ATTACK 1.0 2025 - Revolution Padel Store","og_description":"Descubre la Drop Shot Canyon Pro Attack 1.0 2025, dise\u00f1ada junto a Pablo Lima. Potencia, control y tecnolog\u00edas avanzadas en una pala de nivel profesional. \u00a1Compra ahora al mejor precio en Revolution Padel Store!","og_url":"https:\/\/revolutionpadelstore.com\/fr\/produit\/drop-shot-canyon-pro-attack-1-0-2025-3\/","og_site_name":"Revolution Padel Store","article_modified_time":"2026-04-08T06:39:00+00:00","og_image":[{"width":1000,"height":1000,"url":"https:\/\/revolutionpadelstore.com\/wp-content\/uploads\/2025\/01\/114577-pala-drop-shot-canyon-pro-attack-1-0-dp324018-1000x1000-1.webp","type":"image\/webp"}],"twitter_card":"summary_large_image","twitter_misc":{"Dur\u00e9e de lecture estim\u00e9e":"2 minutes"},"schema":{"@context":"https:\/\/schema.org","@graph":[{"@type":"WebPage","@id":"https:\/\/revolutionpadelstore.com\/fr\/produit\/drop-shot-canyon-pro-attack-1-0-2025-3\/","url":"https:\/\/revolutionpadelstore.com\/fr\/produit\/drop-shot-canyon-pro-attack-1-0-2025-3\/","name":"DROP SHOT CANYON PRO ATTACK 1.0 2025 - Revolution Padel Store","isPartOf":{"@id":"https:\/\/revolutionpadelstore.com\/fr\/#website"},"primaryImageOfPage":{"@id":"https:\/\/revolutionpadelstore.com\/fr\/produit\/drop-shot-canyon-pro-attack-1-0-2025-3\/#primaryimage"},"image":{"@id":"https:\/\/revolutionpadelstore.com\/fr\/produit\/drop-shot-canyon-pro-attack-1-0-2025-3\/#primaryimage"},"thumbnailUrl":"https:\/\/revolutionpadelstore.com\/wp-content\/uploads\/2025\/01\/114577-pala-drop-shot-canyon-pro-attack-1-0-dp324018-1000x1000-1.webp","datePublished":"2025-01-11T20:35:50+00:00","dateModified":"2026-04-08T06:39:00+00:00","description":"Descubre la Drop Shot Canyon Pro Attack 1.0 2025, dise\u00f1ada junto a Pablo Lima. Potencia, control y tecnolog\u00edas avanzadas en una pala de nivel profesional. \u00a1Compra ahora al mejor precio en Revolution Padel Store!","breadcrumb":{"@id":"https:\/\/revolutionpadelstore.com\/fr\/produit\/drop-shot-canyon-pro-attack-1-0-2025-3\/#breadcrumb"},"inLanguage":"fr-FR","potentialAction":[{"@type":"ReadAction","target":["https:\/\/revolutionpadelstore.com\/fr\/produit\/drop-shot-canyon-pro-attack-1-0-2025-3\/"]}]},{"@type":"ImageObject","inLanguage":"fr-FR","@id":"https:\/\/revolutionpadelstore.com\/fr\/produit\/drop-shot-canyon-pro-attack-1-0-2025-3\/#primaryimage","url":"https:\/\/revolutionpadelstore.com\/wp-content\/uploads\/2025\/01\/114577-pala-drop-shot-canyon-pro-attack-1-0-dp324018-1000x1000-1.webp","contentUrl":"https:\/\/revolutionpadelstore.com\/wp-content\/uploads\/2025\/01\/114577-pala-drop-shot-canyon-pro-attack-1-0-dp324018-1000x1000-1.webp","width":1000,"height":1000},{"@type":"BreadcrumbList","@id":"https:\/\/revolutionpadelstore.com\/fr\/produit\/drop-shot-canyon-pro-attack-1-0-2025-3\/#breadcrumb","itemListElement":[{"@type":"ListItem","position":1,"name":"Portada","item":"https:\/\/revolutionpadelstore.com\/fr\/"},{"@type":"ListItem","position":2,"name":"Boutique","item":"https:\/\/revolutionpadelstore.com\/fr\/tienda\/"},{"@type":"ListItem","position":3,"name":"DROP SHOT CANYON PRO ATTACK 1.0 2025"}]},{"@type":"WebSite","@id":"https:\/\/revolutionpadelstore.com\/fr\/#website","url":"https:\/\/revolutionpadelstore.com\/fr\/","name":"Revolution Padel Store","description":"","publisher":{"@id":"https:\/\/revolutionpadelstore.com\/fr\/#organization"},"potentialAction":[{"@type":"SearchAction","target":{"@type":"EntryPoint","urlTemplate":"https:\/\/revolutionpadelstore.com\/fr\/?s={search_term_string}"},"query-input":{"@type":"PropertyValueSpecification","valueRequired":true,"valueName":"search_term_string"}}],"inLanguage":"fr-FR"},{"@type":"Organization","@id":"https:\/\/revolutionpadelstore.com\/fr\/#organization","name":"Revolution Padel Store","url":"https:\/\/revolutionpadelstore.com\/fr\/","logo":{"@type":"ImageObject","inLanguage":"fr-FR","@id":"https:\/\/revolutionpadelstore.com\/fr\/#\/schema\/logo\/image\/","url":"https:\/\/revolutionpadelstore.com\/wp-content\/uploads\/2026\/02\/revolution-padel-store.jpg","contentUrl":"https:\/\/revolutionpadelstore.com\/wp-content\/uploads\/2026\/02\/revolution-padel-store.jpg","width":2000,"height":2000,"caption":"Revolution Padel Store"},"image":{"@id":"https:\/\/revolutionpadelstore.com\/fr\/#\/schema\/logo\/image\/"},"sameAs":["https:\/\/www.instagram.com\/revolutionpadelstore\/"]}]}},"_links":{"self":[{"href":"https:\/\/revolutionpadelstore.com\/fr\/wp-json\/wp\/v2\/product\/158522","targetHints":{"allow":["GET"]}}],"collection":[{"href":"https:\/\/revolutionpadelstore.com\/fr\/wp-json\/wp\/v2\/product"}],"about":[{"href":"https:\/\/revolutionpadelstore.com\/fr\/wp-json\/wp\/v2\/types\/product"}],"replies":[{"embeddable":true,"href":"https:\/\/revolutionpadelstore.com\/fr\/wp-json\/wp\/v2\/comments?post=158522"}],"wp:featuredmedia":[{"embeddable":true,"href":"https:\/\/revolutionpadelstore.com\/fr\/wp-json\/wp\/v2\/media\/158359"}],"wp:attachment":[{"href":"https:\/\/revolutionpadelstore.com\/fr\/wp-json\/wp\/v2\/media?parent=158522"}],"wp:term":[{"taxonomy":"acabado","embeddable":true,"href":"https:\/\/revolutionpadelstore.com\/fr\/wp-json\/wp\/v2\/acabado?post=158522"},{"taxonomy":"balance","embeddable":true,"href":"https:\/\/revolutionpadelstore.com\/fr\/wp-json\/wp\/v2\/balance?post=158522"},{"taxonomy":"dureza","embeddable":true,"href":"https:\/\/revolutionpadelstore.com\/fr\/wp-json\/wp\/v2\/dureza?post=158522"},{"taxonomy":"forma","embeddable":true,"href":"https:\/\/revolutionpadelstore.com\/fr\/wp-json\/wp\/v2\/forma?post=158522"},{"taxonomy":"jugador","embeddable":true,"href":"https:\/\/revolutionpadelstore.com\/fr\/wp-json\/wp\/v2\/jugador?post=158522"},{"taxonomy":"marca","embeddable":true,"href":"https:\/\/revolutionpadelstore.com\/fr\/wp-json\/wp\/v2\/marca?post=158522"},{"taxonomy":"nivel-de-juego","embeddable":true,"href":"https:\/\/revolutionpadelstore.com\/fr\/wp-json\/wp\/v2\/nivel-de-juego?post=158522"},{"taxonomy":"superficie","embeddable":true,"href":"https:\/\/revolutionpadelstore.com\/fr\/wp-json\/wp\/v2\/superficie?post=158522"},{"taxonomy":"tipo-de-juego","embeddable":true,"href":"https:\/\/revolutionpadelstore.com\/fr\/wp-json\/wp\/v2\/tipo-de-juego?post=158522"},{"taxonomy":"product_brand","embeddable":true,"href":"https:\/\/revolutionpadelstore.com\/fr\/wp-json\/wp\/v2\/product_brand?post=158522"},{"taxonomy":"product_cat","embeddable":true,"href":"https:\/\/revolutionpadelstore.com\/fr\/wp-json\/wp\/v2\/product_cat?post=158522"},{"taxonomy":"product_tag","embeddable":true,"href":"https:\/\/revolutionpadelstore.com\/fr\/wp-json\/wp\/v2\/product_tag?post=158522"}],"curies":[{"name":"wp","href":"https:\/\/api.w.org\/{rel}","templated":true}]}}