{"id":157769,"date":"2024-12-30T00:21:36","date_gmt":"2024-12-29T23:21:36","guid":{"rendered":"https:\/\/revolutionpadelstore.com\/hesacore-bullpadel-woman-fucsia\/"},"modified":"2026-04-08T08:41:34","modified_gmt":"2026-04-08T06:41:34","slug":"hesacore-bullpadel-woman-fucsia-3","status":"publish","type":"product","link":"https:\/\/revolutionpadelstore.com\/fr\/produit\/hesacore-bullpadel-woman-fucsia-3\/","title":{"rendered":"HESACORE BULLPADEL WOMAN FUCSIA"},"content":{"rendered":"<h2> Hesacore Grip Bullpadel Fuchsia: Le meilleur choix pour la puissance et le confort <\/h2>\n<h2> Pourquoi choisir le Hesacore Grip Bullpadel Fuchsia?<br \/>\nLe <strong> Hesacore Bullpadel Grip Fuchsia <\/strong> est l&#8217;accessoire pr\u00e9f\u00e9r\u00e9 de nombreux joueurs de paddle, des d\u00e9butants aux professionnels, gr\u00e2ce \u00e0 leurs avantages de puissance, de contr\u00f4le et de confort. Cette poign\u00e9e innovante vous permet de maintenir la pelle avec moins d&#8217;efforts, minimisant la contraction des doigts et r\u00e9duisant la fatigue entre les mains.<\/p>\n<h2> Id\u00e9al pour tous les niveaux de jeu <\/h2>\n<p>Il est parfait pour les joueurs recrue qui cherchent \u00e0 am\u00e9liorer leur contr\u00f4le et pour les experts qui souhaitent am\u00e9liorer leurs performances. De plus, sa conception sans glissement garantit une poign\u00e9e ferme, emp\u00eachant la douche de glisser pendant le jeu le plus intense.<\/p>\n<h2> Conception et technologie <\/h2>\n<p><strong> &#8211; conception hexagonale Single <\/strong>: Sa structure en forme de nid d&#8217;abeille peut accueillir les os de la main ergonomique.<\/p>\n<p><strong> -R\u00e9viation des vibrations <\/strong>: minimise l&#8217;impact, aidant \u00e0 pr\u00e9venir les blessures au poignet, au coude et \u00e0 l&#8217;avant-bras.<\/p>\n<p><strong> -Color Fuchsia Striking <\/strong>: Un design moderne qui se d\u00e9marque sur la piste.<\/p>\n<h2> Caract\u00e9ristiques techniques <\/h2>\n<p><strong> -Rtonomy Advanced <\/strong>: R\u00e9duisez l&#8217;effort lorsque l&#8217;on tient la pelle, en relaxant les muscles de la main et de l&#8217;avant-bras.<\/p>\n<p><strong> &#8211; Mat\u00e9riau de qualit\u00e9 haute <\/strong>: Sa composition garantit la durabilit\u00e9 et le confort.<\/p>\n<p><strong> -f\u00e1cil Installation <\/strong>: Il est rapidement plac\u00e9 et remplac\u00e9, permettant une adaptation imm\u00e9diate.<\/p>\n<p><strong> &#8211; surface de contact avec le Mayeur <\/strong>: am\u00e9liore le contr\u00f4le et diminue les risques de blessure.<\/p>\n<h2> Avantages cl\u00e9s <\/h2>\n<p>-Peente et contr\u00f4le.<\/p>\n<p>-Pr\u00e9vention des blessures gr\u00e2ce \u00e0 sa capacit\u00e9 d&#8217;absorption des vibrations.<\/p>\n<p>-Adaptable \u00e0 n&#8217;importe quel style et niveau de jeu.<\/p>\n<h2> disponible maintenant <\/h2>\n<p>Acqu\u00e9rir le <strong> Hesacore Grip Bullpadel Fuchsia <\/strong> dans notre boutique en ligne <a href=\"https:\/\/www.revolutionpadelstore.com\/\"> www.revolutionpadelstore.com <\/a>, probablement au meilleur prix de march\u00e9 . Am\u00e9liorez votre exp\u00e9rience de jeu aujourd&#8217;hui!<\/p>\n<h2>Hesacore Grip Bullpadel Fucsia: La Mejor Elecci\u00f3n para Potencia y Comodidad<\/h2>\n","protected":false},"excerpt":{"rendered":"<p>Hesacore Bullpadel am\u00e9liore le soutien entre la main et la poign\u00e9e, ce qui permet de r\u00e9duire la tension dans les muscles de la main et de l&#8217;avant-bras.<\/p>\n","protected":false},"featured_media":157764,"comment_status":"open","ping_status":"closed","template":"","meta":{"_acf_changed":false,"_joinchat":[]},"acabado":[],"balance":[],"dureza":[],"forma":[],"jugador":[],"marca":[1257],"nivel-de-juego":[],"superficie":[],"tipo-de-juego":[],"product_brand":[],"product_cat":[561],"product_tag":[],"class_list":{"0":"post-157769","1":"product","2":"type-product","3":"status-publish","4":"has-post-thumbnail","6":"marca-bullpadel-fr","7":"product_cat-accessoires","9":"first","10":"instock","11":"sale","12":"taxable","13":"shipping-taxable","14":"purchasable","15":"product-type-simple"},"acf":[],"yoast_head":"<!-- This site is optimized with the Yoast SEO plugin v27.4 - https:\/\/yoast.com\/product\/yoast-seo-wordpress\/ -->\n<title>HESACORE BULLPADEL WOMAN FUCSIA - Revolution Padel Store<\/title>\n<meta name=\"description\" content=\"&quot;Descubre el Hesacore Grip Bullpadel Fucsia, el accesorio ideal para potenciar tu juego. Dise\u00f1o ergon\u00f3mico, reducci\u00f3n de vibraciones y m\u00e1xima comodidad. \u00a1Disponible en Revolution Padel Store!&quot;\" \/>\n<meta name=\"robots\" content=\"index, follow, max-snippet:-1, max-image-preview:large, max-video-preview:-1\" \/>\n<link rel=\"canonical\" href=\"https:\/\/revolutionpadelstore.com\/fr\/produit\/hesacore-bullpadel-woman-fucsia-3\/\" \/>\n<meta property=\"og:locale\" content=\"fr_FR\" \/>\n<meta property=\"og:type\" content=\"article\" \/>\n<meta property=\"og:title\" content=\"HESACORE BULLPADEL WOMAN FUCSIA - Revolution Padel Store\" \/>\n<meta property=\"og:description\" content=\"&quot;Descubre el Hesacore Grip Bullpadel Fucsia, el accesorio ideal para potenciar tu juego. Dise\u00f1o ergon\u00f3mico, reducci\u00f3n de vibraciones y m\u00e1xima comodidad. \u00a1Disponible en Revolution Padel Store!&quot;\" \/>\n<meta property=\"og:url\" content=\"https:\/\/revolutionpadelstore.com\/fr\/produit\/hesacore-bullpadel-woman-fucsia-3\/\" \/>\n<meta property=\"og:site_name\" content=\"Revolution Padel Store\" \/>\n<meta property=\"article:modified_time\" content=\"2026-04-08T06:41:34+00:00\" \/>\n<meta property=\"og:image\" content=\"https:\/\/revolutionpadelstore.com\/wp-content\/uploads\/2024\/12\/imagen_1_26071_d2e07668_be66.webp\" \/>\n\t<meta property=\"og:image:width\" content=\"1000\" \/>\n\t<meta property=\"og:image:height\" content=\"1000\" \/>\n\t<meta property=\"og:image:type\" content=\"image\/webp\" \/>\n<meta name=\"twitter:card\" content=\"summary_large_image\" \/>\n<meta name=\"twitter:label1\" content=\"Dur\u00e9e de lecture estim\u00e9e\" \/>\n\t<meta name=\"twitter:data1\" content=\"2 minutes\" \/>\n<script type=\"application\/ld+json\" class=\"yoast-schema-graph\">{\"@context\":\"https:\\\/\\\/schema.org\",\"@graph\":[{\"@type\":\"WebPage\",\"@id\":\"https:\\\/\\\/revolutionpadelstore.com\\\/fr\\\/produit\\\/hesacore-bullpadel-woman-fucsia-3\\\/\",\"url\":\"https:\\\/\\\/revolutionpadelstore.com\\\/fr\\\/produit\\\/hesacore-bullpadel-woman-fucsia-3\\\/\",\"name\":\"HESACORE BULLPADEL WOMAN FUCSIA - Revolution Padel Store\",\"isPartOf\":{\"@id\":\"https:\\\/\\\/revolutionpadelstore.com\\\/fr\\\/#website\"},\"primaryImageOfPage\":{\"@id\":\"https:\\\/\\\/revolutionpadelstore.com\\\/fr\\\/produit\\\/hesacore-bullpadel-woman-fucsia-3\\\/#primaryimage\"},\"image\":{\"@id\":\"https:\\\/\\\/revolutionpadelstore.com\\\/fr\\\/produit\\\/hesacore-bullpadel-woman-fucsia-3\\\/#primaryimage\"},\"thumbnailUrl\":\"https:\\\/\\\/revolutionpadelstore.com\\\/wp-content\\\/uploads\\\/2024\\\/12\\\/imagen_1_26071_d2e07668_be66.webp\",\"datePublished\":\"2024-12-29T23:21:36+00:00\",\"dateModified\":\"2026-04-08T06:41:34+00:00\",\"description\":\"\\\"Descubre el Hesacore Grip Bullpadel Fucsia, el accesorio ideal para potenciar tu juego. Dise\u00f1o ergon\u00f3mico, reducci\u00f3n de vibraciones y m\u00e1xima comodidad. \u00a1Disponible en Revolution Padel Store!\\\"\",\"breadcrumb\":{\"@id\":\"https:\\\/\\\/revolutionpadelstore.com\\\/fr\\\/produit\\\/hesacore-bullpadel-woman-fucsia-3\\\/#breadcrumb\"},\"inLanguage\":\"fr-FR\",\"potentialAction\":[{\"@type\":\"ReadAction\",\"target\":[\"https:\\\/\\\/revolutionpadelstore.com\\\/fr\\\/produit\\\/hesacore-bullpadel-woman-fucsia-3\\\/\"]}]},{\"@type\":\"ImageObject\",\"inLanguage\":\"fr-FR\",\"@id\":\"https:\\\/\\\/revolutionpadelstore.com\\\/fr\\\/produit\\\/hesacore-bullpadel-woman-fucsia-3\\\/#primaryimage\",\"url\":\"https:\\\/\\\/revolutionpadelstore.com\\\/wp-content\\\/uploads\\\/2024\\\/12\\\/imagen_1_26071_d2e07668_be66.webp\",\"contentUrl\":\"https:\\\/\\\/revolutionpadelstore.com\\\/wp-content\\\/uploads\\\/2024\\\/12\\\/imagen_1_26071_d2e07668_be66.webp\",\"width\":1000,\"height\":1000},{\"@type\":\"BreadcrumbList\",\"@id\":\"https:\\\/\\\/revolutionpadelstore.com\\\/fr\\\/produit\\\/hesacore-bullpadel-woman-fucsia-3\\\/#breadcrumb\",\"itemListElement\":[{\"@type\":\"ListItem\",\"position\":1,\"name\":\"Portada\",\"item\":\"https:\\\/\\\/revolutionpadelstore.com\\\/fr\\\/\"},{\"@type\":\"ListItem\",\"position\":2,\"name\":\"Boutique\",\"item\":\"https:\\\/\\\/revolutionpadelstore.com\\\/fr\\\/tienda\\\/\"},{\"@type\":\"ListItem\",\"position\":3,\"name\":\"HESACORE BULLPADEL WOMAN FUCSIA\"}]},{\"@type\":\"WebSite\",\"@id\":\"https:\\\/\\\/revolutionpadelstore.com\\\/fr\\\/#website\",\"url\":\"https:\\\/\\\/revolutionpadelstore.com\\\/fr\\\/\",\"name\":\"Revolution Padel Store\",\"description\":\"\",\"publisher\":{\"@id\":\"https:\\\/\\\/revolutionpadelstore.com\\\/fr\\\/#organization\"},\"potentialAction\":[{\"@type\":\"SearchAction\",\"target\":{\"@type\":\"EntryPoint\",\"urlTemplate\":\"https:\\\/\\\/revolutionpadelstore.com\\\/fr\\\/?s={search_term_string}\"},\"query-input\":{\"@type\":\"PropertyValueSpecification\",\"valueRequired\":true,\"valueName\":\"search_term_string\"}}],\"inLanguage\":\"fr-FR\"},{\"@type\":\"Organization\",\"@id\":\"https:\\\/\\\/revolutionpadelstore.com\\\/fr\\\/#organization\",\"name\":\"Revolution Padel Store\",\"url\":\"https:\\\/\\\/revolutionpadelstore.com\\\/fr\\\/\",\"logo\":{\"@type\":\"ImageObject\",\"inLanguage\":\"fr-FR\",\"@id\":\"https:\\\/\\\/revolutionpadelstore.com\\\/fr\\\/#\\\/schema\\\/logo\\\/image\\\/\",\"url\":\"https:\\\/\\\/revolutionpadelstore.com\\\/wp-content\\\/uploads\\\/2026\\\/02\\\/revolution-padel-store.jpg\",\"contentUrl\":\"https:\\\/\\\/revolutionpadelstore.com\\\/wp-content\\\/uploads\\\/2026\\\/02\\\/revolution-padel-store.jpg\",\"width\":2000,\"height\":2000,\"caption\":\"Revolution Padel Store\"},\"image\":{\"@id\":\"https:\\\/\\\/revolutionpadelstore.com\\\/fr\\\/#\\\/schema\\\/logo\\\/image\\\/\"},\"sameAs\":[\"https:\\\/\\\/www.instagram.com\\\/revolutionpadelstore\\\/\"]}]}<\/script>\n<!-- \/ Yoast SEO plugin. -->","yoast_head_json":{"title":"HESACORE BULLPADEL WOMAN FUCSIA - Revolution Padel Store","description":"\"Descubre el Hesacore Grip Bullpadel Fucsia, el accesorio ideal para potenciar tu juego. Dise\u00f1o ergon\u00f3mico, reducci\u00f3n de vibraciones y m\u00e1xima comodidad. \u00a1Disponible en Revolution Padel Store!\"","robots":{"index":"index","follow":"follow","max-snippet":"max-snippet:-1","max-image-preview":"max-image-preview:large","max-video-preview":"max-video-preview:-1"},"canonical":"https:\/\/revolutionpadelstore.com\/fr\/produit\/hesacore-bullpadel-woman-fucsia-3\/","og_locale":"fr_FR","og_type":"article","og_title":"HESACORE BULLPADEL WOMAN FUCSIA - Revolution Padel Store","og_description":"\"Descubre el Hesacore Grip Bullpadel Fucsia, el accesorio ideal para potenciar tu juego. Dise\u00f1o ergon\u00f3mico, reducci\u00f3n de vibraciones y m\u00e1xima comodidad. \u00a1Disponible en Revolution Padel Store!\"","og_url":"https:\/\/revolutionpadelstore.com\/fr\/produit\/hesacore-bullpadel-woman-fucsia-3\/","og_site_name":"Revolution Padel Store","article_modified_time":"2026-04-08T06:41:34+00:00","og_image":[{"width":1000,"height":1000,"url":"https:\/\/revolutionpadelstore.com\/wp-content\/uploads\/2024\/12\/imagen_1_26071_d2e07668_be66.webp","type":"image\/webp"}],"twitter_card":"summary_large_image","twitter_misc":{"Dur\u00e9e de lecture estim\u00e9e":"2 minutes"},"schema":{"@context":"https:\/\/schema.org","@graph":[{"@type":"WebPage","@id":"https:\/\/revolutionpadelstore.com\/fr\/produit\/hesacore-bullpadel-woman-fucsia-3\/","url":"https:\/\/revolutionpadelstore.com\/fr\/produit\/hesacore-bullpadel-woman-fucsia-3\/","name":"HESACORE BULLPADEL WOMAN FUCSIA - Revolution Padel Store","isPartOf":{"@id":"https:\/\/revolutionpadelstore.com\/fr\/#website"},"primaryImageOfPage":{"@id":"https:\/\/revolutionpadelstore.com\/fr\/produit\/hesacore-bullpadel-woman-fucsia-3\/#primaryimage"},"image":{"@id":"https:\/\/revolutionpadelstore.com\/fr\/produit\/hesacore-bullpadel-woman-fucsia-3\/#primaryimage"},"thumbnailUrl":"https:\/\/revolutionpadelstore.com\/wp-content\/uploads\/2024\/12\/imagen_1_26071_d2e07668_be66.webp","datePublished":"2024-12-29T23:21:36+00:00","dateModified":"2026-04-08T06:41:34+00:00","description":"\"Descubre el Hesacore Grip Bullpadel Fucsia, el accesorio ideal para potenciar tu juego. Dise\u00f1o ergon\u00f3mico, reducci\u00f3n de vibraciones y m\u00e1xima comodidad. \u00a1Disponible en Revolution Padel Store!\"","breadcrumb":{"@id":"https:\/\/revolutionpadelstore.com\/fr\/produit\/hesacore-bullpadel-woman-fucsia-3\/#breadcrumb"},"inLanguage":"fr-FR","potentialAction":[{"@type":"ReadAction","target":["https:\/\/revolutionpadelstore.com\/fr\/produit\/hesacore-bullpadel-woman-fucsia-3\/"]}]},{"@type":"ImageObject","inLanguage":"fr-FR","@id":"https:\/\/revolutionpadelstore.com\/fr\/produit\/hesacore-bullpadel-woman-fucsia-3\/#primaryimage","url":"https:\/\/revolutionpadelstore.com\/wp-content\/uploads\/2024\/12\/imagen_1_26071_d2e07668_be66.webp","contentUrl":"https:\/\/revolutionpadelstore.com\/wp-content\/uploads\/2024\/12\/imagen_1_26071_d2e07668_be66.webp","width":1000,"height":1000},{"@type":"BreadcrumbList","@id":"https:\/\/revolutionpadelstore.com\/fr\/produit\/hesacore-bullpadel-woman-fucsia-3\/#breadcrumb","itemListElement":[{"@type":"ListItem","position":1,"name":"Portada","item":"https:\/\/revolutionpadelstore.com\/fr\/"},{"@type":"ListItem","position":2,"name":"Boutique","item":"https:\/\/revolutionpadelstore.com\/fr\/tienda\/"},{"@type":"ListItem","position":3,"name":"HESACORE BULLPADEL WOMAN FUCSIA"}]},{"@type":"WebSite","@id":"https:\/\/revolutionpadelstore.com\/fr\/#website","url":"https:\/\/revolutionpadelstore.com\/fr\/","name":"Revolution Padel Store","description":"","publisher":{"@id":"https:\/\/revolutionpadelstore.com\/fr\/#organization"},"potentialAction":[{"@type":"SearchAction","target":{"@type":"EntryPoint","urlTemplate":"https:\/\/revolutionpadelstore.com\/fr\/?s={search_term_string}"},"query-input":{"@type":"PropertyValueSpecification","valueRequired":true,"valueName":"search_term_string"}}],"inLanguage":"fr-FR"},{"@type":"Organization","@id":"https:\/\/revolutionpadelstore.com\/fr\/#organization","name":"Revolution Padel Store","url":"https:\/\/revolutionpadelstore.com\/fr\/","logo":{"@type":"ImageObject","inLanguage":"fr-FR","@id":"https:\/\/revolutionpadelstore.com\/fr\/#\/schema\/logo\/image\/","url":"https:\/\/revolutionpadelstore.com\/wp-content\/uploads\/2026\/02\/revolution-padel-store.jpg","contentUrl":"https:\/\/revolutionpadelstore.com\/wp-content\/uploads\/2026\/02\/revolution-padel-store.jpg","width":2000,"height":2000,"caption":"Revolution Padel Store"},"image":{"@id":"https:\/\/revolutionpadelstore.com\/fr\/#\/schema\/logo\/image\/"},"sameAs":["https:\/\/www.instagram.com\/revolutionpadelstore\/"]}]}},"_links":{"self":[{"href":"https:\/\/revolutionpadelstore.com\/fr\/wp-json\/wp\/v2\/product\/157769","targetHints":{"allow":["GET"]}}],"collection":[{"href":"https:\/\/revolutionpadelstore.com\/fr\/wp-json\/wp\/v2\/product"}],"about":[{"href":"https:\/\/revolutionpadelstore.com\/fr\/wp-json\/wp\/v2\/types\/product"}],"replies":[{"embeddable":true,"href":"https:\/\/revolutionpadelstore.com\/fr\/wp-json\/wp\/v2\/comments?post=157769"}],"wp:featuredmedia":[{"embeddable":true,"href":"https:\/\/revolutionpadelstore.com\/fr\/wp-json\/wp\/v2\/media\/157764"}],"wp:attachment":[{"href":"https:\/\/revolutionpadelstore.com\/fr\/wp-json\/wp\/v2\/media?parent=157769"}],"wp:term":[{"taxonomy":"acabado","embeddable":true,"href":"https:\/\/revolutionpadelstore.com\/fr\/wp-json\/wp\/v2\/acabado?post=157769"},{"taxonomy":"balance","embeddable":true,"href":"https:\/\/revolutionpadelstore.com\/fr\/wp-json\/wp\/v2\/balance?post=157769"},{"taxonomy":"dureza","embeddable":true,"href":"https:\/\/revolutionpadelstore.com\/fr\/wp-json\/wp\/v2\/dureza?post=157769"},{"taxonomy":"forma","embeddable":true,"href":"https:\/\/revolutionpadelstore.com\/fr\/wp-json\/wp\/v2\/forma?post=157769"},{"taxonomy":"jugador","embeddable":true,"href":"https:\/\/revolutionpadelstore.com\/fr\/wp-json\/wp\/v2\/jugador?post=157769"},{"taxonomy":"marca","embeddable":true,"href":"https:\/\/revolutionpadelstore.com\/fr\/wp-json\/wp\/v2\/marca?post=157769"},{"taxonomy":"nivel-de-juego","embeddable":true,"href":"https:\/\/revolutionpadelstore.com\/fr\/wp-json\/wp\/v2\/nivel-de-juego?post=157769"},{"taxonomy":"superficie","embeddable":true,"href":"https:\/\/revolutionpadelstore.com\/fr\/wp-json\/wp\/v2\/superficie?post=157769"},{"taxonomy":"tipo-de-juego","embeddable":true,"href":"https:\/\/revolutionpadelstore.com\/fr\/wp-json\/wp\/v2\/tipo-de-juego?post=157769"},{"taxonomy":"product_brand","embeddable":true,"href":"https:\/\/revolutionpadelstore.com\/fr\/wp-json\/wp\/v2\/product_brand?post=157769"},{"taxonomy":"product_cat","embeddable":true,"href":"https:\/\/revolutionpadelstore.com\/fr\/wp-json\/wp\/v2\/product_cat?post=157769"},{"taxonomy":"product_tag","embeddable":true,"href":"https:\/\/revolutionpadelstore.com\/fr\/wp-json\/wp\/v2\/product_tag?post=157769"}],"curies":[{"name":"wp","href":"https:\/\/api.w.org\/{rel}","templated":true}]}}