{"id":157755,"date":"2024-12-30T00:00:18","date_gmt":"2024-12-29T23:00:18","guid":{"rendered":"https:\/\/revolutionpadelstore.com\/hesacore-gel-bullpadel\/"},"modified":"2026-04-08T08:41:55","modified_gmt":"2026-04-08T06:41:55","slug":"hesacore-gel-bullpadel","status":"publish","type":"product","link":"https:\/\/revolutionpadelstore.com\/fr\/produit\/hesacore-gel-bullpadel\/","title":{"rendered":"HESACORE GEL BULLPADEL"},"content":{"rendered":"<p><H2> Hesacore Gel Bullpadel <\/h2>\n<p><strong> Optimisez votre jeu avec le Gel Bullpadel Hesacore 472015 <\/strong><br \/>\nLe <strong> Hesacore Gel Bullpadel 472015 <\/strong> est un accessoire essentiel pour am\u00e9liorer les performances de votre pelle \u00e0 palette. Con\u00e7u avec des mat\u00e9riaux de haute qualit\u00e9, il incorpore des filaments de <strong> carbone <\/strong> pour fournir une <strong> poign\u00e9e ferme et s\u00fbre <\/strong>, r\u00e9duisant les vibrations g\u00e9n\u00e9r\u00e9es lors de l&#8217;impact sur la balle.<\/p>\n<h2> <strong> Caract\u00e9ristiques principales: <\/strong> <\/h2>\n<p><strong> Mat\u00e9riau avanc\u00e9: <\/strong> fabriqu\u00e9 avec des filaments de carbone qui garantissent la durabilit\u00e9 et la r\u00e9sistance.<\/p>\n<p><strong> -Rongonomy et confort: <\/strong> Sa conception innovante minimise les vibrations pour prot\u00e9ger vos articulations, assurant une exp\u00e9rience de jeu plus confortable.<\/p>\n<p><strong> -Upper Contr\u00f4le: <\/strong> Action <strong> anti-sudator et anti-humerie <\/strong> qui assure une prise constante et s\u00fbre m\u00eame dans les correspondances les plus intenses.<\/p>\n<p><strong> &#8211; R\u00e9f\u00e9rence efficace: <\/strong> facilite une meilleure gestion de pelle, vous permettant de jouer avec moins d&#8217;efforts et une plus grande pr\u00e9cision.<\/p>\n<h2> <strong> avantages importants: <\/strong> <\/h2>\n<p>-Pechez le risque de blessure gr\u00e2ce \u00e0 sa conception <strong> anti-vibration <\/strong>.<\/p>\n<p>-Usage la pr\u00e9cision et le contr\u00f4le dans chaque coup.<\/p>\n<p>-Cadresse la durabilit\u00e9 de votre poign\u00e9e de pelle.<\/p>\n<p>Cet accessoire est id\u00e9al pour les joueurs amateurs et les professionnels qui cherchent \u00e0 maximiser leurs performances sur la piste.<\/p>\n<h2> <strong> Pourquoi choisir le Hesacore Gel Bullpadel 472015: <\/strong> <\/h2>\n<p>Avec ce compl\u00e9ment \u00e0 la marque <strong> Bullpadel <\/strong>, leader dans le monde de la pagaie, vous appr\u00e9cierez une exp\u00e9rience de jeu am\u00e9lior\u00e9e. Compatible avec n&#8217;importe quelle pelle, c&#8217;est une solution pratique et efficace pour faire passer votre jeu au niveau sup\u00e9rieur.<\/p>\n<p><strong> maintenant disponible dans notre boutique en ligne <a href=\"http:\/\/www.revolutionpadelstore.com\/\"> www.revolutionpadelstore.com <\/a>, probablement au meilleur prix de march\u00e9. Faites votre commande aujourd&#8217;hui et am\u00e9liorez vos performances sur la piste!<\/p>\n<h2>Hesacore Gel Bullpadel<\/h2>\n","protected":false},"excerpt":{"rendered":"<p>L&#8217;enflpadel en gel Hesacore est un accessoire con\u00e7u pour la pagaie qui est install\u00e9 dans la poign\u00e9e de pelle, offrant une poign\u00e9e plus s\u00fbre et confortable.<\/p>\n","protected":false},"featured_media":157727,"comment_status":"open","ping_status":"closed","template":"","meta":{"_acf_changed":false,"_joinchat":[]},"acabado":[],"balance":[],"dureza":[],"forma":[],"jugador":[],"marca":[1257],"nivel-de-juego":[],"superficie":[],"tipo-de-juego":[],"product_brand":[],"product_cat":[561],"product_tag":[],"class_list":{"0":"post-157755","1":"product","2":"type-product","3":"status-publish","4":"has-post-thumbnail","6":"marca-bullpadel-fr","7":"product_cat-accessoires","9":"first","10":"outofstock","11":"sale","12":"taxable","13":"shipping-taxable","14":"purchasable","15":"product-type-simple"},"acf":[],"yoast_head":"<!-- This site is optimized with the Yoast SEO plugin v27.4 - https:\/\/yoast.com\/product\/yoast-seo-wordpress\/ -->\n<title>HESACORE GEL BULLPADEL - Revolution Padel Store<\/title>\n<meta name=\"description\" content=\"Compra el Hesacore Gel Bullpadel 472015, accesorio de carbono que mejora el agarre y reduce vibraciones en tu pala. Ideal para un rendimiento superior. \u00a1Entra ahora en RevolutionPadelStore.com!\" \/>\n<meta name=\"robots\" content=\"index, follow, max-snippet:-1, max-image-preview:large, max-video-preview:-1\" \/>\n<link rel=\"canonical\" href=\"https:\/\/revolutionpadelstore.com\/fr\/produit\/hesacore-gel-bullpadel\/\" \/>\n<meta property=\"og:locale\" content=\"fr_FR\" \/>\n<meta property=\"og:type\" content=\"article\" \/>\n<meta property=\"og:title\" content=\"HESACORE GEL BULLPADEL - Revolution Padel Store\" \/>\n<meta property=\"og:description\" content=\"Compra el Hesacore Gel Bullpadel 472015, accesorio de carbono que mejora el agarre y reduce vibraciones en tu pala. Ideal para un rendimiento superior. \u00a1Entra ahora en RevolutionPadelStore.com!\" \/>\n<meta property=\"og:url\" content=\"https:\/\/revolutionpadelstore.com\/fr\/produit\/hesacore-gel-bullpadel\/\" \/>\n<meta property=\"og:site_name\" content=\"Revolution Padel Store\" \/>\n<meta property=\"article:modified_time\" content=\"2026-04-08T06:41:55+00:00\" \/>\n<meta property=\"og:image\" content=\"https:\/\/revolutionpadelstore.com\/wp-content\/uploads\/2024\/12\/112525_hesacore_gel_bullpadel_472015_1200x1200_1_c29f.webp\" \/>\n\t<meta property=\"og:image:width\" content=\"1200\" \/>\n\t<meta property=\"og:image:height\" content=\"1200\" \/>\n\t<meta property=\"og:image:type\" content=\"image\/webp\" \/>\n<meta name=\"twitter:card\" content=\"summary_large_image\" \/>\n<meta name=\"twitter:label1\" content=\"Dur\u00e9e de lecture estim\u00e9e\" \/>\n\t<meta name=\"twitter:data1\" content=\"1 minute\" \/>\n<script type=\"application\/ld+json\" class=\"yoast-schema-graph\">{\"@context\":\"https:\\\/\\\/schema.org\",\"@graph\":[{\"@type\":\"WebPage\",\"@id\":\"https:\\\/\\\/revolutionpadelstore.com\\\/fr\\\/produit\\\/hesacore-gel-bullpadel\\\/\",\"url\":\"https:\\\/\\\/revolutionpadelstore.com\\\/fr\\\/produit\\\/hesacore-gel-bullpadel\\\/\",\"name\":\"HESACORE GEL BULLPADEL - Revolution Padel Store\",\"isPartOf\":{\"@id\":\"https:\\\/\\\/revolutionpadelstore.com\\\/fr\\\/#website\"},\"primaryImageOfPage\":{\"@id\":\"https:\\\/\\\/revolutionpadelstore.com\\\/fr\\\/produit\\\/hesacore-gel-bullpadel\\\/#primaryimage\"},\"image\":{\"@id\":\"https:\\\/\\\/revolutionpadelstore.com\\\/fr\\\/produit\\\/hesacore-gel-bullpadel\\\/#primaryimage\"},\"thumbnailUrl\":\"https:\\\/\\\/revolutionpadelstore.com\\\/wp-content\\\/uploads\\\/2024\\\/12\\\/112525_hesacore_gel_bullpadel_472015_1200x1200_1_c29f.webp\",\"datePublished\":\"2024-12-29T23:00:18+00:00\",\"dateModified\":\"2026-04-08T06:41:55+00:00\",\"description\":\"Compra el Hesacore Gel Bullpadel 472015, accesorio de carbono que mejora el agarre y reduce vibraciones en tu pala. Ideal para un rendimiento superior. \u00a1Entra ahora en RevolutionPadelStore.com!\",\"breadcrumb\":{\"@id\":\"https:\\\/\\\/revolutionpadelstore.com\\\/fr\\\/produit\\\/hesacore-gel-bullpadel\\\/#breadcrumb\"},\"inLanguage\":\"fr-FR\",\"potentialAction\":[{\"@type\":\"ReadAction\",\"target\":[\"https:\\\/\\\/revolutionpadelstore.com\\\/fr\\\/produit\\\/hesacore-gel-bullpadel\\\/\"]}]},{\"@type\":\"ImageObject\",\"inLanguage\":\"fr-FR\",\"@id\":\"https:\\\/\\\/revolutionpadelstore.com\\\/fr\\\/produit\\\/hesacore-gel-bullpadel\\\/#primaryimage\",\"url\":\"https:\\\/\\\/revolutionpadelstore.com\\\/wp-content\\\/uploads\\\/2024\\\/12\\\/112525_hesacore_gel_bullpadel_472015_1200x1200_1_c29f.webp\",\"contentUrl\":\"https:\\\/\\\/revolutionpadelstore.com\\\/wp-content\\\/uploads\\\/2024\\\/12\\\/112525_hesacore_gel_bullpadel_472015_1200x1200_1_c29f.webp\",\"width\":1200,\"height\":1200},{\"@type\":\"BreadcrumbList\",\"@id\":\"https:\\\/\\\/revolutionpadelstore.com\\\/fr\\\/produit\\\/hesacore-gel-bullpadel\\\/#breadcrumb\",\"itemListElement\":[{\"@type\":\"ListItem\",\"position\":1,\"name\":\"Portada\",\"item\":\"https:\\\/\\\/revolutionpadelstore.com\\\/fr\\\/\"},{\"@type\":\"ListItem\",\"position\":2,\"name\":\"Boutique\",\"item\":\"https:\\\/\\\/revolutionpadelstore.com\\\/fr\\\/tienda\\\/\"},{\"@type\":\"ListItem\",\"position\":3,\"name\":\"HESACORE GEL BULLPADEL\"}]},{\"@type\":\"WebSite\",\"@id\":\"https:\\\/\\\/revolutionpadelstore.com\\\/fr\\\/#website\",\"url\":\"https:\\\/\\\/revolutionpadelstore.com\\\/fr\\\/\",\"name\":\"Revolution Padel Store\",\"description\":\"\",\"publisher\":{\"@id\":\"https:\\\/\\\/revolutionpadelstore.com\\\/fr\\\/#organization\"},\"potentialAction\":[{\"@type\":\"SearchAction\",\"target\":{\"@type\":\"EntryPoint\",\"urlTemplate\":\"https:\\\/\\\/revolutionpadelstore.com\\\/fr\\\/?s={search_term_string}\"},\"query-input\":{\"@type\":\"PropertyValueSpecification\",\"valueRequired\":true,\"valueName\":\"search_term_string\"}}],\"inLanguage\":\"fr-FR\"},{\"@type\":\"Organization\",\"@id\":\"https:\\\/\\\/revolutionpadelstore.com\\\/fr\\\/#organization\",\"name\":\"Revolution Padel Store\",\"url\":\"https:\\\/\\\/revolutionpadelstore.com\\\/fr\\\/\",\"logo\":{\"@type\":\"ImageObject\",\"inLanguage\":\"fr-FR\",\"@id\":\"https:\\\/\\\/revolutionpadelstore.com\\\/fr\\\/#\\\/schema\\\/logo\\\/image\\\/\",\"url\":\"https:\\\/\\\/revolutionpadelstore.com\\\/wp-content\\\/uploads\\\/2026\\\/02\\\/revolution-padel-store.jpg\",\"contentUrl\":\"https:\\\/\\\/revolutionpadelstore.com\\\/wp-content\\\/uploads\\\/2026\\\/02\\\/revolution-padel-store.jpg\",\"width\":2000,\"height\":2000,\"caption\":\"Revolution Padel Store\"},\"image\":{\"@id\":\"https:\\\/\\\/revolutionpadelstore.com\\\/fr\\\/#\\\/schema\\\/logo\\\/image\\\/\"},\"sameAs\":[\"https:\\\/\\\/www.instagram.com\\\/revolutionpadelstore\\\/\"]}]}<\/script>\n<!-- \/ Yoast SEO plugin. -->","yoast_head_json":{"title":"HESACORE GEL BULLPADEL - Revolution Padel Store","description":"Compra el Hesacore Gel Bullpadel 472015, accesorio de carbono que mejora el agarre y reduce vibraciones en tu pala. Ideal para un rendimiento superior. \u00a1Entra ahora en RevolutionPadelStore.com!","robots":{"index":"index","follow":"follow","max-snippet":"max-snippet:-1","max-image-preview":"max-image-preview:large","max-video-preview":"max-video-preview:-1"},"canonical":"https:\/\/revolutionpadelstore.com\/fr\/produit\/hesacore-gel-bullpadel\/","og_locale":"fr_FR","og_type":"article","og_title":"HESACORE GEL BULLPADEL - Revolution Padel Store","og_description":"Compra el Hesacore Gel Bullpadel 472015, accesorio de carbono que mejora el agarre y reduce vibraciones en tu pala. Ideal para un rendimiento superior. \u00a1Entra ahora en RevolutionPadelStore.com!","og_url":"https:\/\/revolutionpadelstore.com\/fr\/produit\/hesacore-gel-bullpadel\/","og_site_name":"Revolution Padel Store","article_modified_time":"2026-04-08T06:41:55+00:00","og_image":[{"width":1200,"height":1200,"url":"https:\/\/revolutionpadelstore.com\/wp-content\/uploads\/2024\/12\/112525_hesacore_gel_bullpadel_472015_1200x1200_1_c29f.webp","type":"image\/webp"}],"twitter_card":"summary_large_image","twitter_misc":{"Dur\u00e9e de lecture estim\u00e9e":"1 minute"},"schema":{"@context":"https:\/\/schema.org","@graph":[{"@type":"WebPage","@id":"https:\/\/revolutionpadelstore.com\/fr\/produit\/hesacore-gel-bullpadel\/","url":"https:\/\/revolutionpadelstore.com\/fr\/produit\/hesacore-gel-bullpadel\/","name":"HESACORE GEL BULLPADEL - Revolution Padel Store","isPartOf":{"@id":"https:\/\/revolutionpadelstore.com\/fr\/#website"},"primaryImageOfPage":{"@id":"https:\/\/revolutionpadelstore.com\/fr\/produit\/hesacore-gel-bullpadel\/#primaryimage"},"image":{"@id":"https:\/\/revolutionpadelstore.com\/fr\/produit\/hesacore-gel-bullpadel\/#primaryimage"},"thumbnailUrl":"https:\/\/revolutionpadelstore.com\/wp-content\/uploads\/2024\/12\/112525_hesacore_gel_bullpadel_472015_1200x1200_1_c29f.webp","datePublished":"2024-12-29T23:00:18+00:00","dateModified":"2026-04-08T06:41:55+00:00","description":"Compra el Hesacore Gel Bullpadel 472015, accesorio de carbono que mejora el agarre y reduce vibraciones en tu pala. Ideal para un rendimiento superior. \u00a1Entra ahora en RevolutionPadelStore.com!","breadcrumb":{"@id":"https:\/\/revolutionpadelstore.com\/fr\/produit\/hesacore-gel-bullpadel\/#breadcrumb"},"inLanguage":"fr-FR","potentialAction":[{"@type":"ReadAction","target":["https:\/\/revolutionpadelstore.com\/fr\/produit\/hesacore-gel-bullpadel\/"]}]},{"@type":"ImageObject","inLanguage":"fr-FR","@id":"https:\/\/revolutionpadelstore.com\/fr\/produit\/hesacore-gel-bullpadel\/#primaryimage","url":"https:\/\/revolutionpadelstore.com\/wp-content\/uploads\/2024\/12\/112525_hesacore_gel_bullpadel_472015_1200x1200_1_c29f.webp","contentUrl":"https:\/\/revolutionpadelstore.com\/wp-content\/uploads\/2024\/12\/112525_hesacore_gel_bullpadel_472015_1200x1200_1_c29f.webp","width":1200,"height":1200},{"@type":"BreadcrumbList","@id":"https:\/\/revolutionpadelstore.com\/fr\/produit\/hesacore-gel-bullpadel\/#breadcrumb","itemListElement":[{"@type":"ListItem","position":1,"name":"Portada","item":"https:\/\/revolutionpadelstore.com\/fr\/"},{"@type":"ListItem","position":2,"name":"Boutique","item":"https:\/\/revolutionpadelstore.com\/fr\/tienda\/"},{"@type":"ListItem","position":3,"name":"HESACORE GEL BULLPADEL"}]},{"@type":"WebSite","@id":"https:\/\/revolutionpadelstore.com\/fr\/#website","url":"https:\/\/revolutionpadelstore.com\/fr\/","name":"Revolution Padel Store","description":"","publisher":{"@id":"https:\/\/revolutionpadelstore.com\/fr\/#organization"},"potentialAction":[{"@type":"SearchAction","target":{"@type":"EntryPoint","urlTemplate":"https:\/\/revolutionpadelstore.com\/fr\/?s={search_term_string}"},"query-input":{"@type":"PropertyValueSpecification","valueRequired":true,"valueName":"search_term_string"}}],"inLanguage":"fr-FR"},{"@type":"Organization","@id":"https:\/\/revolutionpadelstore.com\/fr\/#organization","name":"Revolution Padel Store","url":"https:\/\/revolutionpadelstore.com\/fr\/","logo":{"@type":"ImageObject","inLanguage":"fr-FR","@id":"https:\/\/revolutionpadelstore.com\/fr\/#\/schema\/logo\/image\/","url":"https:\/\/revolutionpadelstore.com\/wp-content\/uploads\/2026\/02\/revolution-padel-store.jpg","contentUrl":"https:\/\/revolutionpadelstore.com\/wp-content\/uploads\/2026\/02\/revolution-padel-store.jpg","width":2000,"height":2000,"caption":"Revolution Padel Store"},"image":{"@id":"https:\/\/revolutionpadelstore.com\/fr\/#\/schema\/logo\/image\/"},"sameAs":["https:\/\/www.instagram.com\/revolutionpadelstore\/"]}]}},"_links":{"self":[{"href":"https:\/\/revolutionpadelstore.com\/fr\/wp-json\/wp\/v2\/product\/157755","targetHints":{"allow":["GET"]}}],"collection":[{"href":"https:\/\/revolutionpadelstore.com\/fr\/wp-json\/wp\/v2\/product"}],"about":[{"href":"https:\/\/revolutionpadelstore.com\/fr\/wp-json\/wp\/v2\/types\/product"}],"replies":[{"embeddable":true,"href":"https:\/\/revolutionpadelstore.com\/fr\/wp-json\/wp\/v2\/comments?post=157755"}],"wp:featuredmedia":[{"embeddable":true,"href":"https:\/\/revolutionpadelstore.com\/fr\/wp-json\/wp\/v2\/media\/157727"}],"wp:attachment":[{"href":"https:\/\/revolutionpadelstore.com\/fr\/wp-json\/wp\/v2\/media?parent=157755"}],"wp:term":[{"taxonomy":"acabado","embeddable":true,"href":"https:\/\/revolutionpadelstore.com\/fr\/wp-json\/wp\/v2\/acabado?post=157755"},{"taxonomy":"balance","embeddable":true,"href":"https:\/\/revolutionpadelstore.com\/fr\/wp-json\/wp\/v2\/balance?post=157755"},{"taxonomy":"dureza","embeddable":true,"href":"https:\/\/revolutionpadelstore.com\/fr\/wp-json\/wp\/v2\/dureza?post=157755"},{"taxonomy":"forma","embeddable":true,"href":"https:\/\/revolutionpadelstore.com\/fr\/wp-json\/wp\/v2\/forma?post=157755"},{"taxonomy":"jugador","embeddable":true,"href":"https:\/\/revolutionpadelstore.com\/fr\/wp-json\/wp\/v2\/jugador?post=157755"},{"taxonomy":"marca","embeddable":true,"href":"https:\/\/revolutionpadelstore.com\/fr\/wp-json\/wp\/v2\/marca?post=157755"},{"taxonomy":"nivel-de-juego","embeddable":true,"href":"https:\/\/revolutionpadelstore.com\/fr\/wp-json\/wp\/v2\/nivel-de-juego?post=157755"},{"taxonomy":"superficie","embeddable":true,"href":"https:\/\/revolutionpadelstore.com\/fr\/wp-json\/wp\/v2\/superficie?post=157755"},{"taxonomy":"tipo-de-juego","embeddable":true,"href":"https:\/\/revolutionpadelstore.com\/fr\/wp-json\/wp\/v2\/tipo-de-juego?post=157755"},{"taxonomy":"product_brand","embeddable":true,"href":"https:\/\/revolutionpadelstore.com\/fr\/wp-json\/wp\/v2\/product_brand?post=157755"},{"taxonomy":"product_cat","embeddable":true,"href":"https:\/\/revolutionpadelstore.com\/fr\/wp-json\/wp\/v2\/product_cat?post=157755"},{"taxonomy":"product_tag","embeddable":true,"href":"https:\/\/revolutionpadelstore.com\/fr\/wp-json\/wp\/v2\/product_tag?post=157755"}],"curies":[{"name":"wp","href":"https:\/\/api.w.org\/{rel}","templated":true}]}}