{"id":157750,"date":"2024-12-29T23:53:49","date_gmt":"2024-12-29T22:53:49","guid":{"rendered":"https:\/\/revolutionpadelstore.com\/hesacore-carbon-bullpadel\/"},"modified":"2026-04-01T05:29:30","modified_gmt":"2026-04-01T03:29:30","slug":"hesacore-carbon-bullpadel-3","status":"publish","type":"product","link":"https:\/\/revolutionpadelstore.com\/fr\/produit\/hesacore-carbon-bullpadel-3\/","title":{"rendered":"HESACORE CARBON BULLPADEL"},"content":{"rendered":"<h2> Hesacore en bullpadel en carbone <\/h2>\n<h2> <strong> Am\u00e9liorez vos performances avec Hesacore Carbon Bullpadel <\/strong> <\/h2>\n<p>Le <strong> Hesacore Carbonadel 472014 <\/strong> est un accessoire r\u00e9volutionnaire con\u00e7u pour la poign\u00e9e de votre pelle \u00e0 palette. Fabriqu\u00e9 avec des filaments de carbone \u00e0 haute r\u00e9sistance, il offre une poign\u00e9e plus ferme et la plus s\u00fbre, id\u00e9ale pour am\u00e9liorer le contr\u00f4le de chaque coup. Sa structure unique optimise non seulement le confort, mais r\u00e9duit \u00e9galement consid\u00e9rablement les vibrations, aidant \u00e0 pr\u00e9venir les blessures du bras et augmenter la pr\u00e9cision de votre jeu.<\/p>\n<h2> Caract\u00e9ristiques principales: <\/h2>\n<p><strong> &#8211; Mat\u00e9riel de carbone de qualit\u00e9 haute: <\/strong> garantit la durabilit\u00e9 et la l\u00e9g\u00e8ret\u00e9 pour une meilleure gestion.<\/p>\n<p><strong> &#8211; Conception de l&#8217;ergonomie: <\/strong> facilite une poign\u00e9e plus confortable et naturelle, s&#8217;adaptant \u00e0 tout type de joueur.<\/p>\n<p><strong> -Anti-vibration Technology: <\/strong> minimise l&#8217;impact des coups, offrant une exp\u00e9rience de jeu plus douce et plus s\u00fbre.<\/p>\n<p><strong> &#8211; R\u00e9sistance et humidit\u00e9 de l&#8217;\u00e9mission: <\/strong> parfait pour garder une prise ferme m\u00eame dans les conditions les plus exigeantes.<\/p>\n<h2> Avantages: <\/h2>\n<p>-Iro l&#8217;effort n\u00e9cessaire pour tenir la pelle, permettant de meilleures performances pendant les matchs.<\/p>\n<p>-Saveve inconsie dans le poignet et le bras, gr\u00e2ce \u00e0 sa capacit\u00e9 \u00e0 absorber les vibrations.<\/p>\n<p>-Catriote la pr\u00e9cision des coups lors de l&#8217;offre d&#8217;une plus grande stabilit\u00e9 dans chaque mouvement.<\/p>\n<p><strong> Transformez votre pelle en une extension de votre jeu avec le Hesacore Carbonadel 472014! .com <\/a>, probablement au meilleur prix du march\u00e9.<\/p>\n<h2>Hesacore Carbon Bullpadel<\/h2>\n","protected":false},"excerpt":{"rendered":"<p>Hesacore en bullpadel en carbone: un accessoire con\u00e7u pour la poign\u00e9e de votre pelle qui am\u00e9liore l&#8217;adh\u00e9rence et offre une plus grande fermet\u00e9.<\/p>\n","protected":false},"featured_media":157702,"comment_status":"open","ping_status":"closed","template":"","meta":{"_acf_changed":false,"_joinchat":[]},"acabado":[],"balance":[],"dureza":[],"forma":[],"jugador":[],"marca":[1257],"nivel-de-juego":[],"superficie":[],"tipo-de-juego":[],"product_brand":[],"product_cat":[561],"product_tag":[],"class_list":{"0":"post-157750","1":"product","2":"type-product","3":"status-publish","4":"has-post-thumbnail","6":"marca-bullpadel-fr","7":"product_cat-accessoires","9":"first","10":"instock","11":"taxable","12":"shipping-taxable","13":"purchasable","14":"product-type-simple"},"acf":[],"yoast_head":"<!-- This site is optimized with the Yoast SEO plugin v27.3 - https:\/\/yoast.com\/product\/yoast-seo-wordpress\/ -->\n<title>HESACORE CARBON BULLPADEL - Revolution Padel Store<\/title>\n<meta name=\"description\" content=\"Descubre el Hesacore Carbon Bullpadel 472014, el accesorio ideal para mejorar el agarre de tu pala. Reduce vibraciones, repele el sudor y aumenta tu rendimiento en p\u00e1del. \u00a1C\u00f3mpralo en Revolution Padel Store!\" \/>\n<meta name=\"robots\" content=\"index, follow, max-snippet:-1, max-image-preview:large, max-video-preview:-1\" \/>\n<link rel=\"canonical\" href=\"https:\/\/revolutionpadelstore.com\/fr\/produit\/hesacore-carbon-bullpadel-3\/\" \/>\n<meta property=\"og:locale\" content=\"fr_FR\" \/>\n<meta property=\"og:type\" content=\"article\" \/>\n<meta property=\"og:title\" content=\"HESACORE CARBON BULLPADEL - Revolution Padel Store\" \/>\n<meta property=\"og:description\" content=\"Descubre el Hesacore Carbon Bullpadel 472014, el accesorio ideal para mejorar el agarre de tu pala. Reduce vibraciones, repele el sudor y aumenta tu rendimiento en p\u00e1del. \u00a1C\u00f3mpralo en Revolution Padel Store!\" \/>\n<meta property=\"og:url\" content=\"https:\/\/revolutionpadelstore.com\/fr\/produit\/hesacore-carbon-bullpadel-3\/\" \/>\n<meta property=\"og:site_name\" content=\"Revolution Padel Store\" \/>\n<meta property=\"article:modified_time\" content=\"2026-04-01T03:29:30+00:00\" \/>\n<meta property=\"og:image\" content=\"https:\/\/revolutionpadelstore.com\/wp-content\/uploads\/2024\/12\/112524_hesacore_carbon_bullpadel_472014_1200x1200_1_a556.webp\" \/>\n\t<meta property=\"og:image:width\" content=\"1200\" \/>\n\t<meta property=\"og:image:height\" content=\"1200\" \/>\n\t<meta property=\"og:image:type\" content=\"image\/webp\" \/>\n<meta name=\"twitter:card\" content=\"summary_large_image\" \/>\n<meta name=\"twitter:label1\" content=\"Dur\u00e9e de lecture estim\u00e9e\" \/>\n\t<meta name=\"twitter:data1\" content=\"1 minute\" \/>\n<script type=\"application\/ld+json\" class=\"yoast-schema-graph\">{\"@context\":\"https:\\\/\\\/schema.org\",\"@graph\":[{\"@type\":\"WebPage\",\"@id\":\"https:\\\/\\\/revolutionpadelstore.com\\\/fr\\\/produit\\\/hesacore-carbon-bullpadel-3\\\/\",\"url\":\"https:\\\/\\\/revolutionpadelstore.com\\\/fr\\\/produit\\\/hesacore-carbon-bullpadel-3\\\/\",\"name\":\"HESACORE CARBON BULLPADEL - Revolution Padel Store\",\"isPartOf\":{\"@id\":\"https:\\\/\\\/revolutionpadelstore.com\\\/fr\\\/#website\"},\"primaryImageOfPage\":{\"@id\":\"https:\\\/\\\/revolutionpadelstore.com\\\/fr\\\/produit\\\/hesacore-carbon-bullpadel-3\\\/#primaryimage\"},\"image\":{\"@id\":\"https:\\\/\\\/revolutionpadelstore.com\\\/fr\\\/produit\\\/hesacore-carbon-bullpadel-3\\\/#primaryimage\"},\"thumbnailUrl\":\"https:\\\/\\\/revolutionpadelstore.com\\\/wp-content\\\/uploads\\\/2024\\\/12\\\/112524_hesacore_carbon_bullpadel_472014_1200x1200_1_a556.webp\",\"datePublished\":\"2024-12-29T22:53:49+00:00\",\"dateModified\":\"2026-04-01T03:29:30+00:00\",\"description\":\"Descubre el Hesacore Carbon Bullpadel 472014, el accesorio ideal para mejorar el agarre de tu pala. Reduce vibraciones, repele el sudor y aumenta tu rendimiento en p\u00e1del. \u00a1C\u00f3mpralo en Revolution Padel Store!\",\"breadcrumb\":{\"@id\":\"https:\\\/\\\/revolutionpadelstore.com\\\/fr\\\/produit\\\/hesacore-carbon-bullpadel-3\\\/#breadcrumb\"},\"inLanguage\":\"fr-FR\",\"potentialAction\":[{\"@type\":\"ReadAction\",\"target\":[\"https:\\\/\\\/revolutionpadelstore.com\\\/fr\\\/produit\\\/hesacore-carbon-bullpadel-3\\\/\"]}]},{\"@type\":\"ImageObject\",\"inLanguage\":\"fr-FR\",\"@id\":\"https:\\\/\\\/revolutionpadelstore.com\\\/fr\\\/produit\\\/hesacore-carbon-bullpadel-3\\\/#primaryimage\",\"url\":\"https:\\\/\\\/revolutionpadelstore.com\\\/wp-content\\\/uploads\\\/2024\\\/12\\\/112524_hesacore_carbon_bullpadel_472014_1200x1200_1_a556.webp\",\"contentUrl\":\"https:\\\/\\\/revolutionpadelstore.com\\\/wp-content\\\/uploads\\\/2024\\\/12\\\/112524_hesacore_carbon_bullpadel_472014_1200x1200_1_a556.webp\",\"width\":1200,\"height\":1200},{\"@type\":\"BreadcrumbList\",\"@id\":\"https:\\\/\\\/revolutionpadelstore.com\\\/fr\\\/produit\\\/hesacore-carbon-bullpadel-3\\\/#breadcrumb\",\"itemListElement\":[{\"@type\":\"ListItem\",\"position\":1,\"name\":\"Portada\",\"item\":\"https:\\\/\\\/revolutionpadelstore.com\\\/fr\\\/\"},{\"@type\":\"ListItem\",\"position\":2,\"name\":\"Boutique\",\"item\":\"https:\\\/\\\/revolutionpadelstore.com\\\/fr\\\/tienda\\\/\"},{\"@type\":\"ListItem\",\"position\":3,\"name\":\"HESACORE CARBON BULLPADEL\"}]},{\"@type\":\"WebSite\",\"@id\":\"https:\\\/\\\/revolutionpadelstore.com\\\/fr\\\/#website\",\"url\":\"https:\\\/\\\/revolutionpadelstore.com\\\/fr\\\/\",\"name\":\"Revolution Padel Store\",\"description\":\"\",\"publisher\":{\"@id\":\"https:\\\/\\\/revolutionpadelstore.com\\\/fr\\\/#organization\"},\"potentialAction\":[{\"@type\":\"SearchAction\",\"target\":{\"@type\":\"EntryPoint\",\"urlTemplate\":\"https:\\\/\\\/revolutionpadelstore.com\\\/fr\\\/?s={search_term_string}\"},\"query-input\":{\"@type\":\"PropertyValueSpecification\",\"valueRequired\":true,\"valueName\":\"search_term_string\"}}],\"inLanguage\":\"fr-FR\"},{\"@type\":\"Organization\",\"@id\":\"https:\\\/\\\/revolutionpadelstore.com\\\/fr\\\/#organization\",\"name\":\"Revolution Padel Store\",\"url\":\"https:\\\/\\\/revolutionpadelstore.com\\\/fr\\\/\",\"logo\":{\"@type\":\"ImageObject\",\"inLanguage\":\"fr-FR\",\"@id\":\"https:\\\/\\\/revolutionpadelstore.com\\\/fr\\\/#\\\/schema\\\/logo\\\/image\\\/\",\"url\":\"https:\\\/\\\/revolutionpadelstore.com\\\/wp-content\\\/uploads\\\/2026\\\/02\\\/revolution-padel-store.jpg\",\"contentUrl\":\"https:\\\/\\\/revolutionpadelstore.com\\\/wp-content\\\/uploads\\\/2026\\\/02\\\/revolution-padel-store.jpg\",\"width\":2000,\"height\":2000,\"caption\":\"Revolution Padel Store\"},\"image\":{\"@id\":\"https:\\\/\\\/revolutionpadelstore.com\\\/fr\\\/#\\\/schema\\\/logo\\\/image\\\/\"},\"sameAs\":[\"https:\\\/\\\/www.instagram.com\\\/revolutionpadelstore\\\/\"]}]}<\/script>\n<!-- \/ Yoast SEO plugin. -->","yoast_head_json":{"title":"HESACORE CARBON BULLPADEL - Revolution Padel Store","description":"Descubre el Hesacore Carbon Bullpadel 472014, el accesorio ideal para mejorar el agarre de tu pala. Reduce vibraciones, repele el sudor y aumenta tu rendimiento en p\u00e1del. \u00a1C\u00f3mpralo en Revolution Padel Store!","robots":{"index":"index","follow":"follow","max-snippet":"max-snippet:-1","max-image-preview":"max-image-preview:large","max-video-preview":"max-video-preview:-1"},"canonical":"https:\/\/revolutionpadelstore.com\/fr\/produit\/hesacore-carbon-bullpadel-3\/","og_locale":"fr_FR","og_type":"article","og_title":"HESACORE CARBON BULLPADEL - Revolution Padel Store","og_description":"Descubre el Hesacore Carbon Bullpadel 472014, el accesorio ideal para mejorar el agarre de tu pala. Reduce vibraciones, repele el sudor y aumenta tu rendimiento en p\u00e1del. \u00a1C\u00f3mpralo en Revolution Padel Store!","og_url":"https:\/\/revolutionpadelstore.com\/fr\/produit\/hesacore-carbon-bullpadel-3\/","og_site_name":"Revolution Padel Store","article_modified_time":"2026-04-01T03:29:30+00:00","og_image":[{"width":1200,"height":1200,"url":"https:\/\/revolutionpadelstore.com\/wp-content\/uploads\/2024\/12\/112524_hesacore_carbon_bullpadel_472014_1200x1200_1_a556.webp","type":"image\/webp"}],"twitter_card":"summary_large_image","twitter_misc":{"Dur\u00e9e de lecture estim\u00e9e":"1 minute"},"schema":{"@context":"https:\/\/schema.org","@graph":[{"@type":"WebPage","@id":"https:\/\/revolutionpadelstore.com\/fr\/produit\/hesacore-carbon-bullpadel-3\/","url":"https:\/\/revolutionpadelstore.com\/fr\/produit\/hesacore-carbon-bullpadel-3\/","name":"HESACORE CARBON BULLPADEL - Revolution Padel Store","isPartOf":{"@id":"https:\/\/revolutionpadelstore.com\/fr\/#website"},"primaryImageOfPage":{"@id":"https:\/\/revolutionpadelstore.com\/fr\/produit\/hesacore-carbon-bullpadel-3\/#primaryimage"},"image":{"@id":"https:\/\/revolutionpadelstore.com\/fr\/produit\/hesacore-carbon-bullpadel-3\/#primaryimage"},"thumbnailUrl":"https:\/\/revolutionpadelstore.com\/wp-content\/uploads\/2024\/12\/112524_hesacore_carbon_bullpadel_472014_1200x1200_1_a556.webp","datePublished":"2024-12-29T22:53:49+00:00","dateModified":"2026-04-01T03:29:30+00:00","description":"Descubre el Hesacore Carbon Bullpadel 472014, el accesorio ideal para mejorar el agarre de tu pala. Reduce vibraciones, repele el sudor y aumenta tu rendimiento en p\u00e1del. \u00a1C\u00f3mpralo en Revolution Padel Store!","breadcrumb":{"@id":"https:\/\/revolutionpadelstore.com\/fr\/produit\/hesacore-carbon-bullpadel-3\/#breadcrumb"},"inLanguage":"fr-FR","potentialAction":[{"@type":"ReadAction","target":["https:\/\/revolutionpadelstore.com\/fr\/produit\/hesacore-carbon-bullpadel-3\/"]}]},{"@type":"ImageObject","inLanguage":"fr-FR","@id":"https:\/\/revolutionpadelstore.com\/fr\/produit\/hesacore-carbon-bullpadel-3\/#primaryimage","url":"https:\/\/revolutionpadelstore.com\/wp-content\/uploads\/2024\/12\/112524_hesacore_carbon_bullpadel_472014_1200x1200_1_a556.webp","contentUrl":"https:\/\/revolutionpadelstore.com\/wp-content\/uploads\/2024\/12\/112524_hesacore_carbon_bullpadel_472014_1200x1200_1_a556.webp","width":1200,"height":1200},{"@type":"BreadcrumbList","@id":"https:\/\/revolutionpadelstore.com\/fr\/produit\/hesacore-carbon-bullpadel-3\/#breadcrumb","itemListElement":[{"@type":"ListItem","position":1,"name":"Portada","item":"https:\/\/revolutionpadelstore.com\/fr\/"},{"@type":"ListItem","position":2,"name":"Boutique","item":"https:\/\/revolutionpadelstore.com\/fr\/tienda\/"},{"@type":"ListItem","position":3,"name":"HESACORE CARBON BULLPADEL"}]},{"@type":"WebSite","@id":"https:\/\/revolutionpadelstore.com\/fr\/#website","url":"https:\/\/revolutionpadelstore.com\/fr\/","name":"Revolution Padel Store","description":"","publisher":{"@id":"https:\/\/revolutionpadelstore.com\/fr\/#organization"},"potentialAction":[{"@type":"SearchAction","target":{"@type":"EntryPoint","urlTemplate":"https:\/\/revolutionpadelstore.com\/fr\/?s={search_term_string}"},"query-input":{"@type":"PropertyValueSpecification","valueRequired":true,"valueName":"search_term_string"}}],"inLanguage":"fr-FR"},{"@type":"Organization","@id":"https:\/\/revolutionpadelstore.com\/fr\/#organization","name":"Revolution Padel Store","url":"https:\/\/revolutionpadelstore.com\/fr\/","logo":{"@type":"ImageObject","inLanguage":"fr-FR","@id":"https:\/\/revolutionpadelstore.com\/fr\/#\/schema\/logo\/image\/","url":"https:\/\/revolutionpadelstore.com\/wp-content\/uploads\/2026\/02\/revolution-padel-store.jpg","contentUrl":"https:\/\/revolutionpadelstore.com\/wp-content\/uploads\/2026\/02\/revolution-padel-store.jpg","width":2000,"height":2000,"caption":"Revolution Padel Store"},"image":{"@id":"https:\/\/revolutionpadelstore.com\/fr\/#\/schema\/logo\/image\/"},"sameAs":["https:\/\/www.instagram.com\/revolutionpadelstore\/"]}]}},"_links":{"self":[{"href":"https:\/\/revolutionpadelstore.com\/fr\/wp-json\/wp\/v2\/product\/157750","targetHints":{"allow":["GET"]}}],"collection":[{"href":"https:\/\/revolutionpadelstore.com\/fr\/wp-json\/wp\/v2\/product"}],"about":[{"href":"https:\/\/revolutionpadelstore.com\/fr\/wp-json\/wp\/v2\/types\/product"}],"replies":[{"embeddable":true,"href":"https:\/\/revolutionpadelstore.com\/fr\/wp-json\/wp\/v2\/comments?post=157750"}],"wp:featuredmedia":[{"embeddable":true,"href":"https:\/\/revolutionpadelstore.com\/fr\/wp-json\/wp\/v2\/media\/157702"}],"wp:attachment":[{"href":"https:\/\/revolutionpadelstore.com\/fr\/wp-json\/wp\/v2\/media?parent=157750"}],"wp:term":[{"taxonomy":"acabado","embeddable":true,"href":"https:\/\/revolutionpadelstore.com\/fr\/wp-json\/wp\/v2\/acabado?post=157750"},{"taxonomy":"balance","embeddable":true,"href":"https:\/\/revolutionpadelstore.com\/fr\/wp-json\/wp\/v2\/balance?post=157750"},{"taxonomy":"dureza","embeddable":true,"href":"https:\/\/revolutionpadelstore.com\/fr\/wp-json\/wp\/v2\/dureza?post=157750"},{"taxonomy":"forma","embeddable":true,"href":"https:\/\/revolutionpadelstore.com\/fr\/wp-json\/wp\/v2\/forma?post=157750"},{"taxonomy":"jugador","embeddable":true,"href":"https:\/\/revolutionpadelstore.com\/fr\/wp-json\/wp\/v2\/jugador?post=157750"},{"taxonomy":"marca","embeddable":true,"href":"https:\/\/revolutionpadelstore.com\/fr\/wp-json\/wp\/v2\/marca?post=157750"},{"taxonomy":"nivel-de-juego","embeddable":true,"href":"https:\/\/revolutionpadelstore.com\/fr\/wp-json\/wp\/v2\/nivel-de-juego?post=157750"},{"taxonomy":"superficie","embeddable":true,"href":"https:\/\/revolutionpadelstore.com\/fr\/wp-json\/wp\/v2\/superficie?post=157750"},{"taxonomy":"tipo-de-juego","embeddable":true,"href":"https:\/\/revolutionpadelstore.com\/fr\/wp-json\/wp\/v2\/tipo-de-juego?post=157750"},{"taxonomy":"product_brand","embeddable":true,"href":"https:\/\/revolutionpadelstore.com\/fr\/wp-json\/wp\/v2\/product_brand?post=157750"},{"taxonomy":"product_cat","embeddable":true,"href":"https:\/\/revolutionpadelstore.com\/fr\/wp-json\/wp\/v2\/product_cat?post=157750"},{"taxonomy":"product_tag","embeddable":true,"href":"https:\/\/revolutionpadelstore.com\/fr\/wp-json\/wp\/v2\/product_tag?post=157750"}],"curies":[{"name":"wp","href":"https:\/\/api.w.org\/{rel}","templated":true}]}}