{"id":157412,"date":"2024-12-29T11:29:45","date_gmt":"2024-12-29T10:29:45","guid":{"rendered":"https:\/\/revolutionpadelstore.com\/?post_type=product&#038;p=157412"},"modified":"2026-04-01T05:35:26","modified_gmt":"2026-04-01T03:35:26","slug":"neceser-bullpadel-bpp25008-d-case-098-3","status":"publish","type":"product","link":"https:\/\/revolutionpadelstore.com\/fr\/produit\/neceser-bullpadel-bpp25008-d-case-098-3\/","title":{"rendered":"NECESER BULLPADEL BPP25008 D.CASE 098"},"content":{"rendered":"<p><H2> Bullpadel BPP-25008 D.Case 098 <\/h2>\n<p><strong> optimise vos voyages avec le Bullpadel BPP-25008 D.Case 098 <\/strong>, un accessoire pratique et r\u00e9sistant con\u00e7u pour la passionn\u00e9e de la pagaie. Fabriqu\u00e9 avec du polyester 600D de haute qualit\u00e9, il garantit une excellente durabilit\u00e9 et une protection pour vos objets personnels. Ses dimensions compactes de <strong> 6x13x14 cm <\/strong> le rendent parfait pour vous accompagner du confort o\u00f9 vous allez.<\/p>\n<h2> Caract\u00e9ristiques exceptionnelles: <\/h2>\n<p><strong> mat\u00e9riau r\u00e9sistant: <\/strong> Polyester 600D de haute qualit\u00e9 qui assure une longue dur\u00e9e de conservation.<\/p>\n<p><strong> &#8211; Conception fonctionnelle: <\/strong> comprend deux compartiments ind\u00e9pendants avec fermeture de la fermeture \u00e9clair pour maintenir vos effets personnels organis\u00e9s.<\/p>\n<p><strong> -F\u00e1cil Transport: <\/strong> a une poign\u00e9e sup\u00e9rieure renforc\u00e9e qui facilite sa gestion.<\/p>\n<p><strong> -Modern Styl: <\/strong> Design d&#8217;avant-garde et contemporain, id\u00e9al pour compl\u00e9ter l&#8217;\u00e9quipement de tout joueur.<\/p>\n<h2> Avantages: <\/h2>\n<p><strong>-Organisation optimale: <\/strong> Gr\u00e2ce \u00e0 ses compartiments s\u00e9par\u00e9s, vous pouvez stocker de petits articles en toute s\u00e9curit\u00e9 et accessibles.<\/p>\n<p><strong> &#8211; Versatilit\u00e9: <\/strong> Perfect pour une utilisation dans la formation, les comp\u00e9titions ou les voyages personnels.<\/p>\n<p><strong> &#8211; Conception exclusive: <\/strong> refl\u00e8te le style et l&#8217;innovation de Bullpadel, l&#8217;une des marques les plus reconnues du monde de la pagaie.<\/p>\n<p>Obtenez ce besoin pratique et compl\u00e9tez votre collection d&#8217;accessoires \u00e0 pagaie avec un produit de qualit\u00e9 exceptionnel.<\/p>\n<p><strong> Obtenez-le maintenant dans notre boutique en ligne <a href=\"http:\/\/www.revolutionpadelstore.com\/\"> www.revolutionpadelstore.com <\/a>, probablement au meilleur prix de march\u00e9!<\/p>\n<h3> <\/h3>\n<h2>\u00a0Neceser Bullpadel BPP-25008 D.Case\u00a0 098<\/h2>\n","protected":false},"excerpt":{"rendered":"<p>Maximisez le confort dans vos voyages avec le Bullpadel BPP-25008 D.Case 098, un accessoire pratique et durable, id\u00e9al pour les amateurs de pagaie. Fabriqu\u00e9 avec un polyester 600D haute r\u00e9sistance, assure une protection optimale pour vos effets personnels. Avec une conception compacte de 6x13x14 cm, c&#8217;est le partenaire parfait pour prendre tout essentiel sans complications.<\/p>\n","protected":false},"featured_media":157393,"comment_status":"open","ping_status":"closed","template":"","meta":{"_acf_changed":false,"_joinchat":[]},"acabado":[],"balance":[],"dureza":[],"forma":[],"jugador":[],"marca":[1257],"nivel-de-juego":[],"superficie":[],"tipo-de-juego":[],"product_brand":[],"product_cat":[320],"product_tag":[],"class_list":{"0":"post-157412","1":"product","2":"type-product","3":"status-publish","4":"has-post-thumbnail","6":"marca-bullpadel-fr","7":"product_cat-sacs","9":"first","10":"outofstock","11":"sale","12":"taxable","13":"shipping-taxable","14":"purchasable","15":"product-type-simple"},"acf":[],"yoast_head":"<!-- This site is optimized with the Yoast SEO plugin v27.3 - https:\/\/yoast.com\/product\/yoast-seo-wordpress\/ -->\n<title>NECESER BULLPADEL BPP25008 D.CASE 098 - Revolution Padel Store<\/title>\n<meta name=\"description\" content=\"&quot;Compra el Neceser Bullpadel BPP-25018 D.Case 003, pr\u00e1ctico y resistente con dise\u00f1o moderno, en nuestra tienda online. Ideal para tus viajes. \u00a1Entra ya!&quot;\" \/>\n<meta name=\"robots\" content=\"index, follow, max-snippet:-1, max-image-preview:large, max-video-preview:-1\" \/>\n<link rel=\"canonical\" href=\"https:\/\/revolutionpadelstore.com\/fr\/produit\/neceser-bullpadel-bpp25008-d-case-098-3\/\" \/>\n<meta property=\"og:locale\" content=\"fr_FR\" \/>\n<meta property=\"og:type\" content=\"article\" \/>\n<meta property=\"og:title\" content=\"NECESER BULLPADEL BPP25008 D.CASE 098 - Revolution Padel Store\" \/>\n<meta property=\"og:description\" content=\"&quot;Compra el Neceser Bullpadel BPP-25018 D.Case 003, pr\u00e1ctico y resistente con dise\u00f1o moderno, en nuestra tienda online. Ideal para tus viajes. \u00a1Entra ya!&quot;\" \/>\n<meta property=\"og:url\" content=\"https:\/\/revolutionpadelstore.com\/fr\/produit\/neceser-bullpadel-bpp25008-d-case-098-3\/\" \/>\n<meta property=\"og:site_name\" content=\"Revolution Padel Store\" \/>\n<meta property=\"article:modified_time\" content=\"2026-04-01T03:35:26+00:00\" \/>\n<meta property=\"og:image\" content=\"https:\/\/revolutionpadelstore.com\/wp-content\/uploads\/2024\/12\/bpp25008plata.jpg\" \/>\n\t<meta property=\"og:image:width\" content=\"1400\" \/>\n\t<meta property=\"og:image:height\" content=\"1400\" \/>\n\t<meta property=\"og:image:type\" content=\"image\/jpeg\" \/>\n<meta name=\"twitter:card\" content=\"summary_large_image\" \/>\n<meta name=\"twitter:label1\" content=\"Dur\u00e9e de lecture estim\u00e9e\" \/>\n\t<meta name=\"twitter:data1\" content=\"1 minute\" \/>\n<script type=\"application\/ld+json\" class=\"yoast-schema-graph\">{\"@context\":\"https:\\\/\\\/schema.org\",\"@graph\":[{\"@type\":\"WebPage\",\"@id\":\"https:\\\/\\\/revolutionpadelstore.com\\\/fr\\\/produit\\\/neceser-bullpadel-bpp25008-d-case-098-3\\\/\",\"url\":\"https:\\\/\\\/revolutionpadelstore.com\\\/fr\\\/produit\\\/neceser-bullpadel-bpp25008-d-case-098-3\\\/\",\"name\":\"NECESER BULLPADEL BPP25008 D.CASE 098 - Revolution Padel Store\",\"isPartOf\":{\"@id\":\"https:\\\/\\\/revolutionpadelstore.com\\\/fr\\\/#website\"},\"primaryImageOfPage\":{\"@id\":\"https:\\\/\\\/revolutionpadelstore.com\\\/fr\\\/produit\\\/neceser-bullpadel-bpp25008-d-case-098-3\\\/#primaryimage\"},\"image\":{\"@id\":\"https:\\\/\\\/revolutionpadelstore.com\\\/fr\\\/produit\\\/neceser-bullpadel-bpp25008-d-case-098-3\\\/#primaryimage\"},\"thumbnailUrl\":\"https:\\\/\\\/revolutionpadelstore.com\\\/wp-content\\\/uploads\\\/2024\\\/12\\\/bpp25008plata.jpg\",\"datePublished\":\"2024-12-29T10:29:45+00:00\",\"dateModified\":\"2026-04-01T03:35:26+00:00\",\"description\":\"\\\"Compra el Neceser Bullpadel BPP-25018 D.Case 003, pr\u00e1ctico y resistente con dise\u00f1o moderno, en nuestra tienda online. Ideal para tus viajes. \u00a1Entra ya!\\\"\",\"breadcrumb\":{\"@id\":\"https:\\\/\\\/revolutionpadelstore.com\\\/fr\\\/produit\\\/neceser-bullpadel-bpp25008-d-case-098-3\\\/#breadcrumb\"},\"inLanguage\":\"fr-FR\",\"potentialAction\":[{\"@type\":\"ReadAction\",\"target\":[\"https:\\\/\\\/revolutionpadelstore.com\\\/fr\\\/produit\\\/neceser-bullpadel-bpp25008-d-case-098-3\\\/\"]}]},{\"@type\":\"ImageObject\",\"inLanguage\":\"fr-FR\",\"@id\":\"https:\\\/\\\/revolutionpadelstore.com\\\/fr\\\/produit\\\/neceser-bullpadel-bpp25008-d-case-098-3\\\/#primaryimage\",\"url\":\"https:\\\/\\\/revolutionpadelstore.com\\\/wp-content\\\/uploads\\\/2024\\\/12\\\/bpp25008plata.jpg\",\"contentUrl\":\"https:\\\/\\\/revolutionpadelstore.com\\\/wp-content\\\/uploads\\\/2024\\\/12\\\/bpp25008plata.jpg\",\"width\":1400,\"height\":1400},{\"@type\":\"BreadcrumbList\",\"@id\":\"https:\\\/\\\/revolutionpadelstore.com\\\/fr\\\/produit\\\/neceser-bullpadel-bpp25008-d-case-098-3\\\/#breadcrumb\",\"itemListElement\":[{\"@type\":\"ListItem\",\"position\":1,\"name\":\"Portada\",\"item\":\"https:\\\/\\\/revolutionpadelstore.com\\\/fr\\\/\"},{\"@type\":\"ListItem\",\"position\":2,\"name\":\"Boutique\",\"item\":\"https:\\\/\\\/revolutionpadelstore.com\\\/fr\\\/tienda\\\/\"},{\"@type\":\"ListItem\",\"position\":3,\"name\":\"NECESER BULLPADEL BPP25008 D.CASE 098\"}]},{\"@type\":\"WebSite\",\"@id\":\"https:\\\/\\\/revolutionpadelstore.com\\\/fr\\\/#website\",\"url\":\"https:\\\/\\\/revolutionpadelstore.com\\\/fr\\\/\",\"name\":\"Revolution Padel Store\",\"description\":\"\",\"publisher\":{\"@id\":\"https:\\\/\\\/revolutionpadelstore.com\\\/fr\\\/#organization\"},\"potentialAction\":[{\"@type\":\"SearchAction\",\"target\":{\"@type\":\"EntryPoint\",\"urlTemplate\":\"https:\\\/\\\/revolutionpadelstore.com\\\/fr\\\/?s={search_term_string}\"},\"query-input\":{\"@type\":\"PropertyValueSpecification\",\"valueRequired\":true,\"valueName\":\"search_term_string\"}}],\"inLanguage\":\"fr-FR\"},{\"@type\":\"Organization\",\"@id\":\"https:\\\/\\\/revolutionpadelstore.com\\\/fr\\\/#organization\",\"name\":\"Revolution Padel Store\",\"url\":\"https:\\\/\\\/revolutionpadelstore.com\\\/fr\\\/\",\"logo\":{\"@type\":\"ImageObject\",\"inLanguage\":\"fr-FR\",\"@id\":\"https:\\\/\\\/revolutionpadelstore.com\\\/fr\\\/#\\\/schema\\\/logo\\\/image\\\/\",\"url\":\"https:\\\/\\\/revolutionpadelstore.com\\\/wp-content\\\/uploads\\\/2026\\\/02\\\/revolution-padel-store.jpg\",\"contentUrl\":\"https:\\\/\\\/revolutionpadelstore.com\\\/wp-content\\\/uploads\\\/2026\\\/02\\\/revolution-padel-store.jpg\",\"width\":2000,\"height\":2000,\"caption\":\"Revolution Padel Store\"},\"image\":{\"@id\":\"https:\\\/\\\/revolutionpadelstore.com\\\/fr\\\/#\\\/schema\\\/logo\\\/image\\\/\"},\"sameAs\":[\"https:\\\/\\\/www.instagram.com\\\/revolutionpadelstore\\\/\"]}]}<\/script>\n<!-- \/ Yoast SEO plugin. -->","yoast_head_json":{"title":"NECESER BULLPADEL BPP25008 D.CASE 098 - Revolution Padel Store","description":"\"Compra el Neceser Bullpadel BPP-25018 D.Case 003, pr\u00e1ctico y resistente con dise\u00f1o moderno, en nuestra tienda online. Ideal para tus viajes. \u00a1Entra ya!\"","robots":{"index":"index","follow":"follow","max-snippet":"max-snippet:-1","max-image-preview":"max-image-preview:large","max-video-preview":"max-video-preview:-1"},"canonical":"https:\/\/revolutionpadelstore.com\/fr\/produit\/neceser-bullpadel-bpp25008-d-case-098-3\/","og_locale":"fr_FR","og_type":"article","og_title":"NECESER BULLPADEL BPP25008 D.CASE 098 - Revolution Padel Store","og_description":"\"Compra el Neceser Bullpadel BPP-25018 D.Case 003, pr\u00e1ctico y resistente con dise\u00f1o moderno, en nuestra tienda online. Ideal para tus viajes. \u00a1Entra ya!\"","og_url":"https:\/\/revolutionpadelstore.com\/fr\/produit\/neceser-bullpadel-bpp25008-d-case-098-3\/","og_site_name":"Revolution Padel Store","article_modified_time":"2026-04-01T03:35:26+00:00","og_image":[{"width":1400,"height":1400,"url":"https:\/\/revolutionpadelstore.com\/wp-content\/uploads\/2024\/12\/bpp25008plata.jpg","type":"image\/jpeg"}],"twitter_card":"summary_large_image","twitter_misc":{"Dur\u00e9e de lecture estim\u00e9e":"1 minute"},"schema":{"@context":"https:\/\/schema.org","@graph":[{"@type":"WebPage","@id":"https:\/\/revolutionpadelstore.com\/fr\/produit\/neceser-bullpadel-bpp25008-d-case-098-3\/","url":"https:\/\/revolutionpadelstore.com\/fr\/produit\/neceser-bullpadel-bpp25008-d-case-098-3\/","name":"NECESER BULLPADEL BPP25008 D.CASE 098 - Revolution Padel Store","isPartOf":{"@id":"https:\/\/revolutionpadelstore.com\/fr\/#website"},"primaryImageOfPage":{"@id":"https:\/\/revolutionpadelstore.com\/fr\/produit\/neceser-bullpadel-bpp25008-d-case-098-3\/#primaryimage"},"image":{"@id":"https:\/\/revolutionpadelstore.com\/fr\/produit\/neceser-bullpadel-bpp25008-d-case-098-3\/#primaryimage"},"thumbnailUrl":"https:\/\/revolutionpadelstore.com\/wp-content\/uploads\/2024\/12\/bpp25008plata.jpg","datePublished":"2024-12-29T10:29:45+00:00","dateModified":"2026-04-01T03:35:26+00:00","description":"\"Compra el Neceser Bullpadel BPP-25018 D.Case 003, pr\u00e1ctico y resistente con dise\u00f1o moderno, en nuestra tienda online. Ideal para tus viajes. \u00a1Entra ya!\"","breadcrumb":{"@id":"https:\/\/revolutionpadelstore.com\/fr\/produit\/neceser-bullpadel-bpp25008-d-case-098-3\/#breadcrumb"},"inLanguage":"fr-FR","potentialAction":[{"@type":"ReadAction","target":["https:\/\/revolutionpadelstore.com\/fr\/produit\/neceser-bullpadel-bpp25008-d-case-098-3\/"]}]},{"@type":"ImageObject","inLanguage":"fr-FR","@id":"https:\/\/revolutionpadelstore.com\/fr\/produit\/neceser-bullpadel-bpp25008-d-case-098-3\/#primaryimage","url":"https:\/\/revolutionpadelstore.com\/wp-content\/uploads\/2024\/12\/bpp25008plata.jpg","contentUrl":"https:\/\/revolutionpadelstore.com\/wp-content\/uploads\/2024\/12\/bpp25008plata.jpg","width":1400,"height":1400},{"@type":"BreadcrumbList","@id":"https:\/\/revolutionpadelstore.com\/fr\/produit\/neceser-bullpadel-bpp25008-d-case-098-3\/#breadcrumb","itemListElement":[{"@type":"ListItem","position":1,"name":"Portada","item":"https:\/\/revolutionpadelstore.com\/fr\/"},{"@type":"ListItem","position":2,"name":"Boutique","item":"https:\/\/revolutionpadelstore.com\/fr\/tienda\/"},{"@type":"ListItem","position":3,"name":"NECESER BULLPADEL BPP25008 D.CASE 098"}]},{"@type":"WebSite","@id":"https:\/\/revolutionpadelstore.com\/fr\/#website","url":"https:\/\/revolutionpadelstore.com\/fr\/","name":"Revolution Padel Store","description":"","publisher":{"@id":"https:\/\/revolutionpadelstore.com\/fr\/#organization"},"potentialAction":[{"@type":"SearchAction","target":{"@type":"EntryPoint","urlTemplate":"https:\/\/revolutionpadelstore.com\/fr\/?s={search_term_string}"},"query-input":{"@type":"PropertyValueSpecification","valueRequired":true,"valueName":"search_term_string"}}],"inLanguage":"fr-FR"},{"@type":"Organization","@id":"https:\/\/revolutionpadelstore.com\/fr\/#organization","name":"Revolution Padel Store","url":"https:\/\/revolutionpadelstore.com\/fr\/","logo":{"@type":"ImageObject","inLanguage":"fr-FR","@id":"https:\/\/revolutionpadelstore.com\/fr\/#\/schema\/logo\/image\/","url":"https:\/\/revolutionpadelstore.com\/wp-content\/uploads\/2026\/02\/revolution-padel-store.jpg","contentUrl":"https:\/\/revolutionpadelstore.com\/wp-content\/uploads\/2026\/02\/revolution-padel-store.jpg","width":2000,"height":2000,"caption":"Revolution Padel Store"},"image":{"@id":"https:\/\/revolutionpadelstore.com\/fr\/#\/schema\/logo\/image\/"},"sameAs":["https:\/\/www.instagram.com\/revolutionpadelstore\/"]}]}},"_links":{"self":[{"href":"https:\/\/revolutionpadelstore.com\/fr\/wp-json\/wp\/v2\/product\/157412","targetHints":{"allow":["GET"]}}],"collection":[{"href":"https:\/\/revolutionpadelstore.com\/fr\/wp-json\/wp\/v2\/product"}],"about":[{"href":"https:\/\/revolutionpadelstore.com\/fr\/wp-json\/wp\/v2\/types\/product"}],"replies":[{"embeddable":true,"href":"https:\/\/revolutionpadelstore.com\/fr\/wp-json\/wp\/v2\/comments?post=157412"}],"wp:featuredmedia":[{"embeddable":true,"href":"https:\/\/revolutionpadelstore.com\/fr\/wp-json\/wp\/v2\/media\/157393"}],"wp:attachment":[{"href":"https:\/\/revolutionpadelstore.com\/fr\/wp-json\/wp\/v2\/media?parent=157412"}],"wp:term":[{"taxonomy":"acabado","embeddable":true,"href":"https:\/\/revolutionpadelstore.com\/fr\/wp-json\/wp\/v2\/acabado?post=157412"},{"taxonomy":"balance","embeddable":true,"href":"https:\/\/revolutionpadelstore.com\/fr\/wp-json\/wp\/v2\/balance?post=157412"},{"taxonomy":"dureza","embeddable":true,"href":"https:\/\/revolutionpadelstore.com\/fr\/wp-json\/wp\/v2\/dureza?post=157412"},{"taxonomy":"forma","embeddable":true,"href":"https:\/\/revolutionpadelstore.com\/fr\/wp-json\/wp\/v2\/forma?post=157412"},{"taxonomy":"jugador","embeddable":true,"href":"https:\/\/revolutionpadelstore.com\/fr\/wp-json\/wp\/v2\/jugador?post=157412"},{"taxonomy":"marca","embeddable":true,"href":"https:\/\/revolutionpadelstore.com\/fr\/wp-json\/wp\/v2\/marca?post=157412"},{"taxonomy":"nivel-de-juego","embeddable":true,"href":"https:\/\/revolutionpadelstore.com\/fr\/wp-json\/wp\/v2\/nivel-de-juego?post=157412"},{"taxonomy":"superficie","embeddable":true,"href":"https:\/\/revolutionpadelstore.com\/fr\/wp-json\/wp\/v2\/superficie?post=157412"},{"taxonomy":"tipo-de-juego","embeddable":true,"href":"https:\/\/revolutionpadelstore.com\/fr\/wp-json\/wp\/v2\/tipo-de-juego?post=157412"},{"taxonomy":"product_brand","embeddable":true,"href":"https:\/\/revolutionpadelstore.com\/fr\/wp-json\/wp\/v2\/product_brand?post=157412"},{"taxonomy":"product_cat","embeddable":true,"href":"https:\/\/revolutionpadelstore.com\/fr\/wp-json\/wp\/v2\/product_cat?post=157412"},{"taxonomy":"product_tag","embeddable":true,"href":"https:\/\/revolutionpadelstore.com\/fr\/wp-json\/wp\/v2\/product_tag?post=157412"}],"curies":[{"name":"wp","href":"https:\/\/api.w.org\/{rel}","templated":true}]}}