{"id":157212,"date":"2024-12-28T20:17:07","date_gmt":"2024-12-28T19:17:07","guid":{"rendered":"https:\/\/revolutionpadelstore.com\/mochila-bullpadel-bpm25022-xplo-003\/"},"modified":"2026-04-01T05:40:16","modified_gmt":"2026-04-01T03:40:16","slug":"mochila-bullpadel-bpm25022-xplo-003-3","status":"publish","type":"product","link":"https:\/\/revolutionpadelstore.com\/fr\/produit\/mochila-bullpadel-bpm25022-xplo-003-3\/","title":{"rendered":"MOCHILA BULLPADEL BPM25022 XPLO 003"},"content":{"rendered":"<h2> Bullpadel BPM25022 XPLO RED: Conception, qualit\u00e9 et fonctionnalit\u00e9 dans un seul produit <\/h2>\n<p>Le <strong> bullpadel bpm25022 xplo rouge backpack <\/strong> a \u00e9t\u00e9 con\u00e7u en pensant aux besoins des joueurs de paddle les plus exigeants, offrant une combinaison parfaite de style, de praticit\u00e9 et de performance. Inspir\u00e9e par la pelle de bullpadel xplo de <strong> Mart\u00edn di Nenno <\/strong>, ce sac \u00e0 dos repr\u00e9sente sa conception innovante et ses d\u00e9tails exclusifs qui en font un accessoire essentiel.<\/p>\n<h2> <strong> Caract\u00e9ristiques importantes <\/strong> <\/h2>\n<p><strong> &#8211; Conception fonctionnelle et s\u00fbre <\/strong>: comprend des sangles r\u00e9glables sur les c\u00f4t\u00e9s pour un ajustement personnalis\u00e9 et un transport plus confortable et efficace.<\/p>\n<p><strong> Protection avanc\u00e9e <\/strong>: Votre compartiment renforc\u00e9 avec isolation thermique est con\u00e7u pour prot\u00e9ger \u00e0 la fois votre pelle \u00e0 palette et un ordinateur portable, garantissant qu&#8217;ils restent en parfait \u00e9tat.<\/p>\n<p><strong> -Gran Capacit\u00e9 <\/strong>: Le large compartiment principal vous permet de porter des v\u00eatements, des accessoires et tout ce qui est n\u00e9cessaire pour la formation ou les matchs.<\/p>\n<p><strong>-dans l&#8217;organisation intelligente <\/strong>:<\/p>\n<p> Poche avant avec branche pour un acc\u00e8s rapide \u00e0 de petits objets tels que les cl\u00e9s, le mobile ou le portefeuille.<\/p>\n<p style=\"padding-left: 40px\"> poches \u00e9lastiques sur les c\u00f4t\u00e9s, id\u00e9ales pour les bouteilles d&#8217;eau ou les bateaux \u00e0 balle.<\/p>\n<h2> <strong> conception exclusive <\/strong> <\/h2>\n<p>Avec la signature du <strong> Mart\u00edn Di Nenno Player <\/strong>, ce sac \u00e0 dos refl\u00e8te non seulement la qualit\u00e9 mais aussi un style unique qui met en \u00e9vidence votre passion pour la pagaie.<\/p>\n<h2> <strong> Pourquoi choisir le bullpadel BPM25022 XPLA Red Backpack <\/strong> <\/h2>\n<p>Ce mod\u00e8le combine la durabilit\u00e9, le style et le confort, devenant le choix parfait pour ceux qui cherchent \u00e0 maximiser leurs performances sur et hors de la piste. Son design pratique et esth\u00e9tique le rend appropri\u00e9 \u00e0 la fois pour la pagaie et pour le gymnase.<\/p>\n<h2> <strong> l&#8217;achetez maintenant <\/strong> <\/h2>\n<p>Disponible dans notre boutique en ligne <strong> <a href=\"https:\/\/www.revolutionpadelstore.com\/\"> Revolution Padel Store <\/a> <\/strong> probablement au meilleur prix du march\u00e9. Ne restez pas sans le v\u00f4tre et \u00e9levez votre jeu avec Bullpadel!<\/p>\n<h2>Mochila Bullpadel BPM25022 XPLO Rojo: dise\u00f1o, calidad y funcionalidad en un solo producto<\/h2>\n","protected":false},"excerpt":{"rendered":"<p>Il est officiel: le sac \u00e0 dos bullpadel XPLO en rouge, con\u00e7u en collaboration avec Mart\u00edn Di Nenno, sera votre nouveau pr\u00e9f\u00e9r\u00e9. Il dispose d&#8217;un compartiment Thermoreforzado, d&#8217;un large espace principal et de poign\u00e9es r\u00e9glables qui garantissent un transport confortable et s\u00fbr.<\/p>\n","protected":false},"featured_media":157183,"comment_status":"open","ping_status":"closed","template":"","meta":{"_acf_changed":false,"_joinchat":[]},"acabado":[],"balance":[],"dureza":[],"forma":[],"jugador":[],"marca":[1257],"nivel-de-juego":[],"superficie":[],"tipo-de-juego":[],"product_brand":[],"product_cat":[320],"product_tag":[],"class_list":{"0":"post-157212","1":"product","2":"type-product","3":"status-publish","4":"has-post-thumbnail","6":"marca-bullpadel-fr","7":"product_cat-sacs","9":"first","10":"outofstock","11":"sale","12":"taxable","13":"shipping-taxable","14":"purchasable","15":"product-type-simple"},"acf":[],"yoast_head":"<!-- This site is optimized with the Yoast SEO plugin v27.3 - https:\/\/yoast.com\/product\/yoast-seo-wordpress\/ -->\n<title>MOCHILA BULLPADEL BPM25022 XPLO 003 - Revolution Padel Store<\/title>\n<meta name=\"description\" content=\"Descubre la mochila Bullpadel BPM25022 XPLO Rojo, dise\u00f1ada para jugadores exigentes. Gran capacidad, dise\u00f1o exclusivo y protecci\u00f3n t\u00e9rmica para tu equipo. \u00a1C\u00f3mprala en Revolution Padel Store!\" \/>\n<meta name=\"robots\" content=\"index, follow, max-snippet:-1, max-image-preview:large, max-video-preview:-1\" \/>\n<link rel=\"canonical\" href=\"https:\/\/revolutionpadelstore.com\/fr\/produit\/mochila-bullpadel-bpm25022-xplo-003-3\/\" \/>\n<meta property=\"og:locale\" content=\"fr_FR\" \/>\n<meta property=\"og:type\" content=\"article\" \/>\n<meta property=\"og:title\" content=\"MOCHILA BULLPADEL BPM25022 XPLO 003 - Revolution Padel Store\" \/>\n<meta property=\"og:description\" content=\"Descubre la mochila Bullpadel BPM25022 XPLO Rojo, dise\u00f1ada para jugadores exigentes. Gran capacidad, dise\u00f1o exclusivo y protecci\u00f3n t\u00e9rmica para tu equipo. \u00a1C\u00f3mprala en Revolution Padel Store!\" \/>\n<meta property=\"og:url\" content=\"https:\/\/revolutionpadelstore.com\/fr\/produit\/mochila-bullpadel-bpm25022-xplo-003-3\/\" \/>\n<meta property=\"og:site_name\" content=\"Revolution Padel Store\" \/>\n<meta property=\"article:modified_time\" content=\"2026-04-01T03:40:16+00:00\" \/>\n<meta property=\"og:image\" content=\"https:\/\/revolutionpadelstore.com\/wp-content\/uploads\/2024\/12\/113791-mochila-bullpadel-bpm25022-xplo-4481671500x1500-1-1.webp\" \/>\n\t<meta property=\"og:image:width\" content=\"1500\" \/>\n\t<meta property=\"og:image:height\" content=\"1500\" \/>\n\t<meta property=\"og:image:type\" content=\"image\/webp\" \/>\n<meta name=\"twitter:card\" content=\"summary_large_image\" \/>\n<meta name=\"twitter:label1\" content=\"Dur\u00e9e de lecture estim\u00e9e\" \/>\n\t<meta name=\"twitter:data1\" content=\"2 minutes\" \/>\n<script type=\"application\/ld+json\" class=\"yoast-schema-graph\">{\"@context\":\"https:\\\/\\\/schema.org\",\"@graph\":[{\"@type\":\"WebPage\",\"@id\":\"https:\\\/\\\/revolutionpadelstore.com\\\/fr\\\/produit\\\/mochila-bullpadel-bpm25022-xplo-003-3\\\/\",\"url\":\"https:\\\/\\\/revolutionpadelstore.com\\\/fr\\\/produit\\\/mochila-bullpadel-bpm25022-xplo-003-3\\\/\",\"name\":\"MOCHILA BULLPADEL BPM25022 XPLO 003 - Revolution Padel Store\",\"isPartOf\":{\"@id\":\"https:\\\/\\\/revolutionpadelstore.com\\\/fr\\\/#website\"},\"primaryImageOfPage\":{\"@id\":\"https:\\\/\\\/revolutionpadelstore.com\\\/fr\\\/produit\\\/mochila-bullpadel-bpm25022-xplo-003-3\\\/#primaryimage\"},\"image\":{\"@id\":\"https:\\\/\\\/revolutionpadelstore.com\\\/fr\\\/produit\\\/mochila-bullpadel-bpm25022-xplo-003-3\\\/#primaryimage\"},\"thumbnailUrl\":\"https:\\\/\\\/revolutionpadelstore.com\\\/wp-content\\\/uploads\\\/2024\\\/12\\\/113791-mochila-bullpadel-bpm25022-xplo-4481671500x1500-1-1.webp\",\"datePublished\":\"2024-12-28T19:17:07+00:00\",\"dateModified\":\"2026-04-01T03:40:16+00:00\",\"description\":\"Descubre la mochila Bullpadel BPM25022 XPLO Rojo, dise\u00f1ada para jugadores exigentes. Gran capacidad, dise\u00f1o exclusivo y protecci\u00f3n t\u00e9rmica para tu equipo. \u00a1C\u00f3mprala en Revolution Padel Store!\",\"breadcrumb\":{\"@id\":\"https:\\\/\\\/revolutionpadelstore.com\\\/fr\\\/produit\\\/mochila-bullpadel-bpm25022-xplo-003-3\\\/#breadcrumb\"},\"inLanguage\":\"fr-FR\",\"potentialAction\":[{\"@type\":\"ReadAction\",\"target\":[\"https:\\\/\\\/revolutionpadelstore.com\\\/fr\\\/produit\\\/mochila-bullpadel-bpm25022-xplo-003-3\\\/\"]}]},{\"@type\":\"ImageObject\",\"inLanguage\":\"fr-FR\",\"@id\":\"https:\\\/\\\/revolutionpadelstore.com\\\/fr\\\/produit\\\/mochila-bullpadel-bpm25022-xplo-003-3\\\/#primaryimage\",\"url\":\"https:\\\/\\\/revolutionpadelstore.com\\\/wp-content\\\/uploads\\\/2024\\\/12\\\/113791-mochila-bullpadel-bpm25022-xplo-4481671500x1500-1-1.webp\",\"contentUrl\":\"https:\\\/\\\/revolutionpadelstore.com\\\/wp-content\\\/uploads\\\/2024\\\/12\\\/113791-mochila-bullpadel-bpm25022-xplo-4481671500x1500-1-1.webp\",\"width\":1500,\"height\":1500},{\"@type\":\"BreadcrumbList\",\"@id\":\"https:\\\/\\\/revolutionpadelstore.com\\\/fr\\\/produit\\\/mochila-bullpadel-bpm25022-xplo-003-3\\\/#breadcrumb\",\"itemListElement\":[{\"@type\":\"ListItem\",\"position\":1,\"name\":\"Portada\",\"item\":\"https:\\\/\\\/revolutionpadelstore.com\\\/fr\\\/\"},{\"@type\":\"ListItem\",\"position\":2,\"name\":\"Boutique\",\"item\":\"https:\\\/\\\/revolutionpadelstore.com\\\/fr\\\/tienda\\\/\"},{\"@type\":\"ListItem\",\"position\":3,\"name\":\"MOCHILA BULLPADEL BPM25022 XPLO 003\"}]},{\"@type\":\"WebSite\",\"@id\":\"https:\\\/\\\/revolutionpadelstore.com\\\/fr\\\/#website\",\"url\":\"https:\\\/\\\/revolutionpadelstore.com\\\/fr\\\/\",\"name\":\"Revolution Padel Store\",\"description\":\"\",\"publisher\":{\"@id\":\"https:\\\/\\\/revolutionpadelstore.com\\\/fr\\\/#organization\"},\"potentialAction\":[{\"@type\":\"SearchAction\",\"target\":{\"@type\":\"EntryPoint\",\"urlTemplate\":\"https:\\\/\\\/revolutionpadelstore.com\\\/fr\\\/?s={search_term_string}\"},\"query-input\":{\"@type\":\"PropertyValueSpecification\",\"valueRequired\":true,\"valueName\":\"search_term_string\"}}],\"inLanguage\":\"fr-FR\"},{\"@type\":\"Organization\",\"@id\":\"https:\\\/\\\/revolutionpadelstore.com\\\/fr\\\/#organization\",\"name\":\"Revolution Padel Store\",\"url\":\"https:\\\/\\\/revolutionpadelstore.com\\\/fr\\\/\",\"logo\":{\"@type\":\"ImageObject\",\"inLanguage\":\"fr-FR\",\"@id\":\"https:\\\/\\\/revolutionpadelstore.com\\\/fr\\\/#\\\/schema\\\/logo\\\/image\\\/\",\"url\":\"https:\\\/\\\/revolutionpadelstore.com\\\/wp-content\\\/uploads\\\/2026\\\/02\\\/revolution-padel-store.jpg\",\"contentUrl\":\"https:\\\/\\\/revolutionpadelstore.com\\\/wp-content\\\/uploads\\\/2026\\\/02\\\/revolution-padel-store.jpg\",\"width\":2000,\"height\":2000,\"caption\":\"Revolution Padel Store\"},\"image\":{\"@id\":\"https:\\\/\\\/revolutionpadelstore.com\\\/fr\\\/#\\\/schema\\\/logo\\\/image\\\/\"},\"sameAs\":[\"https:\\\/\\\/www.instagram.com\\\/revolutionpadelstore\\\/\"]}]}<\/script>\n<!-- \/ Yoast SEO plugin. -->","yoast_head_json":{"title":"MOCHILA BULLPADEL BPM25022 XPLO 003 - Revolution Padel Store","description":"Descubre la mochila Bullpadel BPM25022 XPLO Rojo, dise\u00f1ada para jugadores exigentes. Gran capacidad, dise\u00f1o exclusivo y protecci\u00f3n t\u00e9rmica para tu equipo. \u00a1C\u00f3mprala en Revolution Padel Store!","robots":{"index":"index","follow":"follow","max-snippet":"max-snippet:-1","max-image-preview":"max-image-preview:large","max-video-preview":"max-video-preview:-1"},"canonical":"https:\/\/revolutionpadelstore.com\/fr\/produit\/mochila-bullpadel-bpm25022-xplo-003-3\/","og_locale":"fr_FR","og_type":"article","og_title":"MOCHILA BULLPADEL BPM25022 XPLO 003 - Revolution Padel Store","og_description":"Descubre la mochila Bullpadel BPM25022 XPLO Rojo, dise\u00f1ada para jugadores exigentes. Gran capacidad, dise\u00f1o exclusivo y protecci\u00f3n t\u00e9rmica para tu equipo. \u00a1C\u00f3mprala en Revolution Padel Store!","og_url":"https:\/\/revolutionpadelstore.com\/fr\/produit\/mochila-bullpadel-bpm25022-xplo-003-3\/","og_site_name":"Revolution Padel Store","article_modified_time":"2026-04-01T03:40:16+00:00","og_image":[{"width":1500,"height":1500,"url":"https:\/\/revolutionpadelstore.com\/wp-content\/uploads\/2024\/12\/113791-mochila-bullpadel-bpm25022-xplo-4481671500x1500-1-1.webp","type":"image\/webp"}],"twitter_card":"summary_large_image","twitter_misc":{"Dur\u00e9e de lecture estim\u00e9e":"2 minutes"},"schema":{"@context":"https:\/\/schema.org","@graph":[{"@type":"WebPage","@id":"https:\/\/revolutionpadelstore.com\/fr\/produit\/mochila-bullpadel-bpm25022-xplo-003-3\/","url":"https:\/\/revolutionpadelstore.com\/fr\/produit\/mochila-bullpadel-bpm25022-xplo-003-3\/","name":"MOCHILA BULLPADEL BPM25022 XPLO 003 - Revolution Padel Store","isPartOf":{"@id":"https:\/\/revolutionpadelstore.com\/fr\/#website"},"primaryImageOfPage":{"@id":"https:\/\/revolutionpadelstore.com\/fr\/produit\/mochila-bullpadel-bpm25022-xplo-003-3\/#primaryimage"},"image":{"@id":"https:\/\/revolutionpadelstore.com\/fr\/produit\/mochila-bullpadel-bpm25022-xplo-003-3\/#primaryimage"},"thumbnailUrl":"https:\/\/revolutionpadelstore.com\/wp-content\/uploads\/2024\/12\/113791-mochila-bullpadel-bpm25022-xplo-4481671500x1500-1-1.webp","datePublished":"2024-12-28T19:17:07+00:00","dateModified":"2026-04-01T03:40:16+00:00","description":"Descubre la mochila Bullpadel BPM25022 XPLO Rojo, dise\u00f1ada para jugadores exigentes. Gran capacidad, dise\u00f1o exclusivo y protecci\u00f3n t\u00e9rmica para tu equipo. \u00a1C\u00f3mprala en Revolution Padel Store!","breadcrumb":{"@id":"https:\/\/revolutionpadelstore.com\/fr\/produit\/mochila-bullpadel-bpm25022-xplo-003-3\/#breadcrumb"},"inLanguage":"fr-FR","potentialAction":[{"@type":"ReadAction","target":["https:\/\/revolutionpadelstore.com\/fr\/produit\/mochila-bullpadel-bpm25022-xplo-003-3\/"]}]},{"@type":"ImageObject","inLanguage":"fr-FR","@id":"https:\/\/revolutionpadelstore.com\/fr\/produit\/mochila-bullpadel-bpm25022-xplo-003-3\/#primaryimage","url":"https:\/\/revolutionpadelstore.com\/wp-content\/uploads\/2024\/12\/113791-mochila-bullpadel-bpm25022-xplo-4481671500x1500-1-1.webp","contentUrl":"https:\/\/revolutionpadelstore.com\/wp-content\/uploads\/2024\/12\/113791-mochila-bullpadel-bpm25022-xplo-4481671500x1500-1-1.webp","width":1500,"height":1500},{"@type":"BreadcrumbList","@id":"https:\/\/revolutionpadelstore.com\/fr\/produit\/mochila-bullpadel-bpm25022-xplo-003-3\/#breadcrumb","itemListElement":[{"@type":"ListItem","position":1,"name":"Portada","item":"https:\/\/revolutionpadelstore.com\/fr\/"},{"@type":"ListItem","position":2,"name":"Boutique","item":"https:\/\/revolutionpadelstore.com\/fr\/tienda\/"},{"@type":"ListItem","position":3,"name":"MOCHILA BULLPADEL BPM25022 XPLO 003"}]},{"@type":"WebSite","@id":"https:\/\/revolutionpadelstore.com\/fr\/#website","url":"https:\/\/revolutionpadelstore.com\/fr\/","name":"Revolution Padel Store","description":"","publisher":{"@id":"https:\/\/revolutionpadelstore.com\/fr\/#organization"},"potentialAction":[{"@type":"SearchAction","target":{"@type":"EntryPoint","urlTemplate":"https:\/\/revolutionpadelstore.com\/fr\/?s={search_term_string}"},"query-input":{"@type":"PropertyValueSpecification","valueRequired":true,"valueName":"search_term_string"}}],"inLanguage":"fr-FR"},{"@type":"Organization","@id":"https:\/\/revolutionpadelstore.com\/fr\/#organization","name":"Revolution Padel Store","url":"https:\/\/revolutionpadelstore.com\/fr\/","logo":{"@type":"ImageObject","inLanguage":"fr-FR","@id":"https:\/\/revolutionpadelstore.com\/fr\/#\/schema\/logo\/image\/","url":"https:\/\/revolutionpadelstore.com\/wp-content\/uploads\/2026\/02\/revolution-padel-store.jpg","contentUrl":"https:\/\/revolutionpadelstore.com\/wp-content\/uploads\/2026\/02\/revolution-padel-store.jpg","width":2000,"height":2000,"caption":"Revolution Padel Store"},"image":{"@id":"https:\/\/revolutionpadelstore.com\/fr\/#\/schema\/logo\/image\/"},"sameAs":["https:\/\/www.instagram.com\/revolutionpadelstore\/"]}]}},"_links":{"self":[{"href":"https:\/\/revolutionpadelstore.com\/fr\/wp-json\/wp\/v2\/product\/157212","targetHints":{"allow":["GET"]}}],"collection":[{"href":"https:\/\/revolutionpadelstore.com\/fr\/wp-json\/wp\/v2\/product"}],"about":[{"href":"https:\/\/revolutionpadelstore.com\/fr\/wp-json\/wp\/v2\/types\/product"}],"replies":[{"embeddable":true,"href":"https:\/\/revolutionpadelstore.com\/fr\/wp-json\/wp\/v2\/comments?post=157212"}],"wp:featuredmedia":[{"embeddable":true,"href":"https:\/\/revolutionpadelstore.com\/fr\/wp-json\/wp\/v2\/media\/157183"}],"wp:attachment":[{"href":"https:\/\/revolutionpadelstore.com\/fr\/wp-json\/wp\/v2\/media?parent=157212"}],"wp:term":[{"taxonomy":"acabado","embeddable":true,"href":"https:\/\/revolutionpadelstore.com\/fr\/wp-json\/wp\/v2\/acabado?post=157212"},{"taxonomy":"balance","embeddable":true,"href":"https:\/\/revolutionpadelstore.com\/fr\/wp-json\/wp\/v2\/balance?post=157212"},{"taxonomy":"dureza","embeddable":true,"href":"https:\/\/revolutionpadelstore.com\/fr\/wp-json\/wp\/v2\/dureza?post=157212"},{"taxonomy":"forma","embeddable":true,"href":"https:\/\/revolutionpadelstore.com\/fr\/wp-json\/wp\/v2\/forma?post=157212"},{"taxonomy":"jugador","embeddable":true,"href":"https:\/\/revolutionpadelstore.com\/fr\/wp-json\/wp\/v2\/jugador?post=157212"},{"taxonomy":"marca","embeddable":true,"href":"https:\/\/revolutionpadelstore.com\/fr\/wp-json\/wp\/v2\/marca?post=157212"},{"taxonomy":"nivel-de-juego","embeddable":true,"href":"https:\/\/revolutionpadelstore.com\/fr\/wp-json\/wp\/v2\/nivel-de-juego?post=157212"},{"taxonomy":"superficie","embeddable":true,"href":"https:\/\/revolutionpadelstore.com\/fr\/wp-json\/wp\/v2\/superficie?post=157212"},{"taxonomy":"tipo-de-juego","embeddable":true,"href":"https:\/\/revolutionpadelstore.com\/fr\/wp-json\/wp\/v2\/tipo-de-juego?post=157212"},{"taxonomy":"product_brand","embeddable":true,"href":"https:\/\/revolutionpadelstore.com\/fr\/wp-json\/wp\/v2\/product_brand?post=157212"},{"taxonomy":"product_cat","embeddable":true,"href":"https:\/\/revolutionpadelstore.com\/fr\/wp-json\/wp\/v2\/product_cat?post=157212"},{"taxonomy":"product_tag","embeddable":true,"href":"https:\/\/revolutionpadelstore.com\/fr\/wp-json\/wp\/v2\/product_tag?post=157212"}],"curies":[{"name":"wp","href":"https:\/\/api.w.org\/{rel}","templated":true}]}}