{"id":157171,"date":"2024-12-28T00:50:21","date_gmt":"2024-12-27T23:50:21","guid":{"rendered":"https:\/\/revolutionpadelstore.com\/bullpadel-indiga-girl-25\/"},"modified":"2026-04-08T08:54:09","modified_gmt":"2026-04-08T06:54:09","slug":"bullpadel-indiga-girl-25-3","status":"publish","type":"product","link":"https:\/\/revolutionpadelstore.com\/fr\/produit\/bullpadel-indiga-girl-25-3\/","title":{"rendered":"BULLPADEL INDIGA GIRL 25"},"content":{"rendered":"<h2> Bullpadel Palas Indiga Girl.<br \/>\nLe <strong> bullpadel Palas Indiga Boy and Girl <\/strong> est l&#8217;option id\u00e9ale pour les petits pour commencer dans le monde passionnant de la pagaie. Con\u00e7us sp\u00e9cifiquement pour les enfants d\u00e9butants, ces lames combinent un design attrayant avec des caract\u00e9ristiques qui facilitent l&#8217;apprentissage et font de chaque exp\u00e9rience amusante et simple.<\/p>\n<h2> Caract\u00e9ristiques principales <\/h2>\n<p><strong> -grip Zone Technology <\/strong>: Une innovation dans la matrice de lame qui facilite la bonne poign\u00e9e avec une main non dominante, aidant les enfants \u00e0 dominer rapidement la technique des coups.<\/p>\n<p><strong> -argonomie adapt\u00e9 <\/strong>:<\/p>\n<p><strong> -Conde \u00e0 l&#8217;aise <\/strong>: parfait pour les petites mains, assurer une poign\u00e9e ferme et confortable.<\/p>\n<p><strong> -ligereza et manoeuvrabilit\u00e9 <\/strong>: id\u00e9al pour les enfants pour g\u00e9rer facilement la pelle.<\/p>\n<p><strong> &#8211; Taille du noyau de l&#8217;emploi <\/strong>: Il offre un point sucr\u00e9 g\u00e9n\u00e9reux qui am\u00e9liore le contr\u00f4le et la pr\u00e9cision dans chaque coup.<\/p>\n<p><strong> -Le design attrayant et color\u00e9 <\/strong>: capture l&#8217;attention des petits et les motive \u00e0 profiter du sport.<\/p>\n<h2> Avantages cl\u00e9s <\/h2>\n<p><strong> -Facilita Learning <\/strong>: Gr\u00e2ce \u00e0 leur conception et \u00e0 leur technologie, il permet aux enfants d&#8217;apprendre naturellement et amusants.<\/p>\n<p><strong> -Segury and Comfort <\/strong>: La poign\u00e9e et la l\u00e9g\u00e8ret\u00e9 assurent une gestion optimale et confortable pour les petits.<\/p>\n<p><strong> &#8211; Mat\u00e9riaux de qualit\u00e9 haute <\/strong>: Ils garantissent une durabilit\u00e9 qui soutient le rythme des jeunes joueurs.<\/p>\n<h2> Pourquoi choisir le Bullpadel Palas Indiga Boy and Girl?<br \/>\nEn se concentrant sur le confort, l&#8217;apprentissage et le plaisir, le <strong> Indiga Boy and Girl <\/strong> est les lames parfaites pour les enfants pour faire leurs premiers pas dans la pagaie. Sa conception ergonomique et la technologie innovante de la zone de poign\u00e9e les aideront \u00e0 apprendre les bases du jeu tout en profitant du maximum sur la piste.<\/p>\n<p><strong> maintenant disponible dans notre boutique en ligne <a href=\"http:\/\/www.revolutionpadelstore.com\/\"> www.revolutionpadelstore.com <\/a> au meilleur prix de march\u00e9. D\u00e9couvrez la pelle id\u00e9ale pour les petits champions de paddle! <\/strong><\/p>\n<h2>Palas Bullpadel Indiga Girl.Perfectas para los Primeros Golpes en el P\u00e1del<\/h2>\n","protected":false},"excerpt":{"rendered":"<p>Le <strong> bullpadel Palas Indiga Boy and Girl <\/strong> est l&#8217;option id\u00e9ale pour les petits pour commencer dans le monde passionnant de la pagaie.<strong>palas Bullpadel Indiga Boy y Girl<\/strong><\/p>\n","protected":false},"featured_media":157148,"comment_status":"open","ping_status":"closed","template":"","meta":{"_acf_changed":false,"_joinchat":[]},"acabado":[],"balance":[],"dureza":[],"forma":[],"jugador":[1207,1197],"marca":[1257],"nivel-de-juego":[],"superficie":[],"tipo-de-juego":[],"product_brand":[],"product_cat":[302],"product_tag":[],"class_list":{"0":"post-157171","1":"product","2":"type-product","3":"status-publish","4":"has-post-thumbnail","6":"jugador-jeunes","7":"jugador-mujer-fr","8":"marca-bullpadel-fr","9":"product_cat-palas-de-padel-fr","11":"first","12":"instock","13":"sale","14":"taxable","15":"shipping-taxable","16":"purchasable","17":"product-type-simple"},"acf":[],"yoast_head":"<!-- This site is optimized with the Yoast SEO plugin v27.4 - https:\/\/yoast.com\/product\/yoast-seo-wordpress\/ -->\n<title>BULLPADEL INDIGA GIRL 25 - Revolution Padel Store<\/title>\n<meta name=\"description\" content=\"Descubre las palas Bullpadel Indiga Boy y Girl, dise\u00f1adas para ni\u00f1os principiantes. Con tecnolog\u00eda Grip Zone y dise\u00f1o ergon\u00f3mico, son ideales para aprender. \u00a1Compra online en www.revolutionpadelstore.com!\" \/>\n<meta name=\"robots\" content=\"index, follow, max-snippet:-1, max-image-preview:large, max-video-preview:-1\" \/>\n<link rel=\"canonical\" href=\"https:\/\/revolutionpadelstore.com\/fr\/produit\/bullpadel-indiga-girl-25-3\/\" \/>\n<meta property=\"og:locale\" content=\"fr_FR\" \/>\n<meta property=\"og:type\" content=\"article\" \/>\n<meta property=\"og:title\" content=\"BULLPADEL INDIGA GIRL 25 - Revolution Padel Store\" \/>\n<meta property=\"og:description\" content=\"Descubre las palas Bullpadel Indiga Boy y Girl, dise\u00f1adas para ni\u00f1os principiantes. Con tecnolog\u00eda Grip Zone y dise\u00f1o ergon\u00f3mico, son ideales para aprender. \u00a1Compra online en www.revolutionpadelstore.com!\" \/>\n<meta property=\"og:url\" content=\"https:\/\/revolutionpadelstore.com\/fr\/produit\/bullpadel-indiga-girl-25-3\/\" \/>\n<meta property=\"og:site_name\" content=\"Revolution Padel Store\" \/>\n<meta property=\"article:modified_time\" content=\"2026-04-08T06:54:09+00:00\" \/>\n<meta property=\"og:image\" content=\"https:\/\/revolutionpadelstore.com\/wp-content\/uploads\/2024\/12\/70.png\" \/>\n\t<meta property=\"og:image:width\" content=\"1500\" \/>\n\t<meta property=\"og:image:height\" content=\"1500\" \/>\n\t<meta property=\"og:image:type\" content=\"image\/png\" \/>\n<meta name=\"twitter:card\" content=\"summary_large_image\" \/>\n<meta name=\"twitter:label1\" content=\"Dur\u00e9e de lecture estim\u00e9e\" \/>\n\t<meta name=\"twitter:data1\" content=\"2 minutes\" \/>\n<script type=\"application\/ld+json\" class=\"yoast-schema-graph\">{\"@context\":\"https:\\\/\\\/schema.org\",\"@graph\":[{\"@type\":\"WebPage\",\"@id\":\"https:\\\/\\\/revolutionpadelstore.com\\\/fr\\\/produit\\\/bullpadel-indiga-girl-25-3\\\/\",\"url\":\"https:\\\/\\\/revolutionpadelstore.com\\\/fr\\\/produit\\\/bullpadel-indiga-girl-25-3\\\/\",\"name\":\"BULLPADEL INDIGA GIRL 25 - Revolution Padel Store\",\"isPartOf\":{\"@id\":\"https:\\\/\\\/revolutionpadelstore.com\\\/fr\\\/#website\"},\"primaryImageOfPage\":{\"@id\":\"https:\\\/\\\/revolutionpadelstore.com\\\/fr\\\/produit\\\/bullpadel-indiga-girl-25-3\\\/#primaryimage\"},\"image\":{\"@id\":\"https:\\\/\\\/revolutionpadelstore.com\\\/fr\\\/produit\\\/bullpadel-indiga-girl-25-3\\\/#primaryimage\"},\"thumbnailUrl\":\"https:\\\/\\\/revolutionpadelstore.com\\\/wp-content\\\/uploads\\\/2024\\\/12\\\/70.png\",\"datePublished\":\"2024-12-27T23:50:21+00:00\",\"dateModified\":\"2026-04-08T06:54:09+00:00\",\"description\":\"Descubre las palas Bullpadel Indiga Boy y Girl, dise\u00f1adas para ni\u00f1os principiantes. Con tecnolog\u00eda Grip Zone y dise\u00f1o ergon\u00f3mico, son ideales para aprender. \u00a1Compra online en www.revolutionpadelstore.com!\",\"breadcrumb\":{\"@id\":\"https:\\\/\\\/revolutionpadelstore.com\\\/fr\\\/produit\\\/bullpadel-indiga-girl-25-3\\\/#breadcrumb\"},\"inLanguage\":\"fr-FR\",\"potentialAction\":[{\"@type\":\"ReadAction\",\"target\":[\"https:\\\/\\\/revolutionpadelstore.com\\\/fr\\\/produit\\\/bullpadel-indiga-girl-25-3\\\/\"]}]},{\"@type\":\"ImageObject\",\"inLanguage\":\"fr-FR\",\"@id\":\"https:\\\/\\\/revolutionpadelstore.com\\\/fr\\\/produit\\\/bullpadel-indiga-girl-25-3\\\/#primaryimage\",\"url\":\"https:\\\/\\\/revolutionpadelstore.com\\\/wp-content\\\/uploads\\\/2024\\\/12\\\/70.png\",\"contentUrl\":\"https:\\\/\\\/revolutionpadelstore.com\\\/wp-content\\\/uploads\\\/2024\\\/12\\\/70.png\",\"width\":1500,\"height\":1500},{\"@type\":\"BreadcrumbList\",\"@id\":\"https:\\\/\\\/revolutionpadelstore.com\\\/fr\\\/produit\\\/bullpadel-indiga-girl-25-3\\\/#breadcrumb\",\"itemListElement\":[{\"@type\":\"ListItem\",\"position\":1,\"name\":\"Portada\",\"item\":\"https:\\\/\\\/revolutionpadelstore.com\\\/fr\\\/\"},{\"@type\":\"ListItem\",\"position\":2,\"name\":\"Boutique\",\"item\":\"https:\\\/\\\/revolutionpadelstore.com\\\/fr\\\/tienda\\\/\"},{\"@type\":\"ListItem\",\"position\":3,\"name\":\"BULLPADEL INDIGA GIRL 25\"}]},{\"@type\":\"WebSite\",\"@id\":\"https:\\\/\\\/revolutionpadelstore.com\\\/fr\\\/#website\",\"url\":\"https:\\\/\\\/revolutionpadelstore.com\\\/fr\\\/\",\"name\":\"Revolution Padel Store\",\"description\":\"\",\"publisher\":{\"@id\":\"https:\\\/\\\/revolutionpadelstore.com\\\/fr\\\/#organization\"},\"potentialAction\":[{\"@type\":\"SearchAction\",\"target\":{\"@type\":\"EntryPoint\",\"urlTemplate\":\"https:\\\/\\\/revolutionpadelstore.com\\\/fr\\\/?s={search_term_string}\"},\"query-input\":{\"@type\":\"PropertyValueSpecification\",\"valueRequired\":true,\"valueName\":\"search_term_string\"}}],\"inLanguage\":\"fr-FR\"},{\"@type\":\"Organization\",\"@id\":\"https:\\\/\\\/revolutionpadelstore.com\\\/fr\\\/#organization\",\"name\":\"Revolution Padel Store\",\"url\":\"https:\\\/\\\/revolutionpadelstore.com\\\/fr\\\/\",\"logo\":{\"@type\":\"ImageObject\",\"inLanguage\":\"fr-FR\",\"@id\":\"https:\\\/\\\/revolutionpadelstore.com\\\/fr\\\/#\\\/schema\\\/logo\\\/image\\\/\",\"url\":\"https:\\\/\\\/revolutionpadelstore.com\\\/wp-content\\\/uploads\\\/2026\\\/02\\\/revolution-padel-store.jpg\",\"contentUrl\":\"https:\\\/\\\/revolutionpadelstore.com\\\/wp-content\\\/uploads\\\/2026\\\/02\\\/revolution-padel-store.jpg\",\"width\":2000,\"height\":2000,\"caption\":\"Revolution Padel Store\"},\"image\":{\"@id\":\"https:\\\/\\\/revolutionpadelstore.com\\\/fr\\\/#\\\/schema\\\/logo\\\/image\\\/\"},\"sameAs\":[\"https:\\\/\\\/www.instagram.com\\\/revolutionpadelstore\\\/\"]}]}<\/script>\n<!-- \/ Yoast SEO plugin. -->","yoast_head_json":{"title":"BULLPADEL INDIGA GIRL 25 - Revolution Padel Store","description":"Descubre las palas Bullpadel Indiga Boy y Girl, dise\u00f1adas para ni\u00f1os principiantes. Con tecnolog\u00eda Grip Zone y dise\u00f1o ergon\u00f3mico, son ideales para aprender. \u00a1Compra online en www.revolutionpadelstore.com!","robots":{"index":"index","follow":"follow","max-snippet":"max-snippet:-1","max-image-preview":"max-image-preview:large","max-video-preview":"max-video-preview:-1"},"canonical":"https:\/\/revolutionpadelstore.com\/fr\/produit\/bullpadel-indiga-girl-25-3\/","og_locale":"fr_FR","og_type":"article","og_title":"BULLPADEL INDIGA GIRL 25 - Revolution Padel Store","og_description":"Descubre las palas Bullpadel Indiga Boy y Girl, dise\u00f1adas para ni\u00f1os principiantes. Con tecnolog\u00eda Grip Zone y dise\u00f1o ergon\u00f3mico, son ideales para aprender. \u00a1Compra online en www.revolutionpadelstore.com!","og_url":"https:\/\/revolutionpadelstore.com\/fr\/produit\/bullpadel-indiga-girl-25-3\/","og_site_name":"Revolution Padel Store","article_modified_time":"2026-04-08T06:54:09+00:00","og_image":[{"width":1500,"height":1500,"url":"https:\/\/revolutionpadelstore.com\/wp-content\/uploads\/2024\/12\/70.png","type":"image\/png"}],"twitter_card":"summary_large_image","twitter_misc":{"Dur\u00e9e de lecture estim\u00e9e":"2 minutes"},"schema":{"@context":"https:\/\/schema.org","@graph":[{"@type":"WebPage","@id":"https:\/\/revolutionpadelstore.com\/fr\/produit\/bullpadel-indiga-girl-25-3\/","url":"https:\/\/revolutionpadelstore.com\/fr\/produit\/bullpadel-indiga-girl-25-3\/","name":"BULLPADEL INDIGA GIRL 25 - Revolution Padel Store","isPartOf":{"@id":"https:\/\/revolutionpadelstore.com\/fr\/#website"},"primaryImageOfPage":{"@id":"https:\/\/revolutionpadelstore.com\/fr\/produit\/bullpadel-indiga-girl-25-3\/#primaryimage"},"image":{"@id":"https:\/\/revolutionpadelstore.com\/fr\/produit\/bullpadel-indiga-girl-25-3\/#primaryimage"},"thumbnailUrl":"https:\/\/revolutionpadelstore.com\/wp-content\/uploads\/2024\/12\/70.png","datePublished":"2024-12-27T23:50:21+00:00","dateModified":"2026-04-08T06:54:09+00:00","description":"Descubre las palas Bullpadel Indiga Boy y Girl, dise\u00f1adas para ni\u00f1os principiantes. Con tecnolog\u00eda Grip Zone y dise\u00f1o ergon\u00f3mico, son ideales para aprender. \u00a1Compra online en www.revolutionpadelstore.com!","breadcrumb":{"@id":"https:\/\/revolutionpadelstore.com\/fr\/produit\/bullpadel-indiga-girl-25-3\/#breadcrumb"},"inLanguage":"fr-FR","potentialAction":[{"@type":"ReadAction","target":["https:\/\/revolutionpadelstore.com\/fr\/produit\/bullpadel-indiga-girl-25-3\/"]}]},{"@type":"ImageObject","inLanguage":"fr-FR","@id":"https:\/\/revolutionpadelstore.com\/fr\/produit\/bullpadel-indiga-girl-25-3\/#primaryimage","url":"https:\/\/revolutionpadelstore.com\/wp-content\/uploads\/2024\/12\/70.png","contentUrl":"https:\/\/revolutionpadelstore.com\/wp-content\/uploads\/2024\/12\/70.png","width":1500,"height":1500},{"@type":"BreadcrumbList","@id":"https:\/\/revolutionpadelstore.com\/fr\/produit\/bullpadel-indiga-girl-25-3\/#breadcrumb","itemListElement":[{"@type":"ListItem","position":1,"name":"Portada","item":"https:\/\/revolutionpadelstore.com\/fr\/"},{"@type":"ListItem","position":2,"name":"Boutique","item":"https:\/\/revolutionpadelstore.com\/fr\/tienda\/"},{"@type":"ListItem","position":3,"name":"BULLPADEL INDIGA GIRL 25"}]},{"@type":"WebSite","@id":"https:\/\/revolutionpadelstore.com\/fr\/#website","url":"https:\/\/revolutionpadelstore.com\/fr\/","name":"Revolution Padel Store","description":"","publisher":{"@id":"https:\/\/revolutionpadelstore.com\/fr\/#organization"},"potentialAction":[{"@type":"SearchAction","target":{"@type":"EntryPoint","urlTemplate":"https:\/\/revolutionpadelstore.com\/fr\/?s={search_term_string}"},"query-input":{"@type":"PropertyValueSpecification","valueRequired":true,"valueName":"search_term_string"}}],"inLanguage":"fr-FR"},{"@type":"Organization","@id":"https:\/\/revolutionpadelstore.com\/fr\/#organization","name":"Revolution Padel Store","url":"https:\/\/revolutionpadelstore.com\/fr\/","logo":{"@type":"ImageObject","inLanguage":"fr-FR","@id":"https:\/\/revolutionpadelstore.com\/fr\/#\/schema\/logo\/image\/","url":"https:\/\/revolutionpadelstore.com\/wp-content\/uploads\/2026\/02\/revolution-padel-store.jpg","contentUrl":"https:\/\/revolutionpadelstore.com\/wp-content\/uploads\/2026\/02\/revolution-padel-store.jpg","width":2000,"height":2000,"caption":"Revolution Padel Store"},"image":{"@id":"https:\/\/revolutionpadelstore.com\/fr\/#\/schema\/logo\/image\/"},"sameAs":["https:\/\/www.instagram.com\/revolutionpadelstore\/"]}]}},"_links":{"self":[{"href":"https:\/\/revolutionpadelstore.com\/fr\/wp-json\/wp\/v2\/product\/157171","targetHints":{"allow":["GET"]}}],"collection":[{"href":"https:\/\/revolutionpadelstore.com\/fr\/wp-json\/wp\/v2\/product"}],"about":[{"href":"https:\/\/revolutionpadelstore.com\/fr\/wp-json\/wp\/v2\/types\/product"}],"replies":[{"embeddable":true,"href":"https:\/\/revolutionpadelstore.com\/fr\/wp-json\/wp\/v2\/comments?post=157171"}],"wp:featuredmedia":[{"embeddable":true,"href":"https:\/\/revolutionpadelstore.com\/fr\/wp-json\/wp\/v2\/media\/157148"}],"wp:attachment":[{"href":"https:\/\/revolutionpadelstore.com\/fr\/wp-json\/wp\/v2\/media?parent=157171"}],"wp:term":[{"taxonomy":"acabado","embeddable":true,"href":"https:\/\/revolutionpadelstore.com\/fr\/wp-json\/wp\/v2\/acabado?post=157171"},{"taxonomy":"balance","embeddable":true,"href":"https:\/\/revolutionpadelstore.com\/fr\/wp-json\/wp\/v2\/balance?post=157171"},{"taxonomy":"dureza","embeddable":true,"href":"https:\/\/revolutionpadelstore.com\/fr\/wp-json\/wp\/v2\/dureza?post=157171"},{"taxonomy":"forma","embeddable":true,"href":"https:\/\/revolutionpadelstore.com\/fr\/wp-json\/wp\/v2\/forma?post=157171"},{"taxonomy":"jugador","embeddable":true,"href":"https:\/\/revolutionpadelstore.com\/fr\/wp-json\/wp\/v2\/jugador?post=157171"},{"taxonomy":"marca","embeddable":true,"href":"https:\/\/revolutionpadelstore.com\/fr\/wp-json\/wp\/v2\/marca?post=157171"},{"taxonomy":"nivel-de-juego","embeddable":true,"href":"https:\/\/revolutionpadelstore.com\/fr\/wp-json\/wp\/v2\/nivel-de-juego?post=157171"},{"taxonomy":"superficie","embeddable":true,"href":"https:\/\/revolutionpadelstore.com\/fr\/wp-json\/wp\/v2\/superficie?post=157171"},{"taxonomy":"tipo-de-juego","embeddable":true,"href":"https:\/\/revolutionpadelstore.com\/fr\/wp-json\/wp\/v2\/tipo-de-juego?post=157171"},{"taxonomy":"product_brand","embeddable":true,"href":"https:\/\/revolutionpadelstore.com\/fr\/wp-json\/wp\/v2\/product_brand?post=157171"},{"taxonomy":"product_cat","embeddable":true,"href":"https:\/\/revolutionpadelstore.com\/fr\/wp-json\/wp\/v2\/product_cat?post=157171"},{"taxonomy":"product_tag","embeddable":true,"href":"https:\/\/revolutionpadelstore.com\/fr\/wp-json\/wp\/v2\/product_tag?post=157171"}],"curies":[{"name":"wp","href":"https:\/\/api.w.org\/{rel}","templated":true}]}}