{"id":157141,"date":"2024-12-28T00:36:09","date_gmt":"2024-12-27T23:36:09","guid":{"rendered":"https:\/\/revolutionpadelstore.com\/vertex-w-jr-25\/"},"modified":"2026-04-17T14:00:53","modified_gmt":"2026-04-17T12:00:53","slug":"vertex-w-jr-25-3","status":"publish","type":"product","link":"https:\/\/revolutionpadelstore.com\/fr\/produit\/vertex-w-jr-25-3\/","title":{"rendered":"VERTEX W JR 25"},"content":{"rendered":"<h2> Bullpadel Padel Pala.<br \/>\nLe <strong> bullpadel vartex w junior 25 <\/strong> est l&#8217;option id\u00e9ale pour les jeunes joueurs avanc\u00e9s qui cherchent \u00e0 am\u00e9liorer leur technique et \u00e0 suivre les performances. Inspir\u00e9 par la conception professionnelle, cette pelle combine des mat\u00e9riaux de haute qualit\u00e9 et des technologies avanc\u00e9es pour garantir une exp\u00e9rience de jeu exceptionnelle du premier coup.<\/p>\n<h2> Caract\u00e9ristiques exceptionnelles du sommet de Bullpadel W Junior 25 <\/H2><br \/>\n<strong> &#8211; Mat\u00e9riaux de qualit\u00e9 haute <\/strong>:<\/p>\n<p> <strong> Nucleus externe <\/strong>: fibre de verre polyglasse, qui offre une r\u00e9sistance et une grande sensation lors du frappez la balle.<br \/>\n<P> <strong> Nucleus interne <\/strong>: caoutchouc \u00e9valu\u00e9, con\u00e7u pour optimiser le confort et absorber les impacts.<\/p>\n<p> <strong> cadre <\/strong>: 100% en fibre de carbon carbontube, offrant une durabilit\u00e9 et une l\u00e9g\u00e8ret\u00e9 maximales.<br \/>\n<strong> -Tertex Tecnology <\/strong>:<\/p>\n<p>Son c\u0153ur de sommet exclusif offre une puissance maximale et une distribution parfaite des pesos, \u00e9liminant les vibrations et am\u00e9liorant la stabilit\u00e9.<\/p>\n<p><strong> &#8211; Forme de diamant et \u00e9quilibre moyen \/ \u00e9lev\u00e9 <\/strong>: id\u00e9al pour g\u00e9n\u00e9rer de la puissance sans perdre le contr\u00f4le \u00e0 chaque coup.<\/p>\n<p><strong> &#8211; Conception de l&#8217;ergonomie <\/strong>: Adapt\u00e9 pour les petites mains, avec un poids l\u00e9ger de 335-345 g et un profil de 35 mm, parfait pour les joueurs des enfants.<\/p>\n<h2> Avantages cl\u00e9s <\/h2>\n<p><strong> -pence et contr\u00f4le <\/strong>: sa conception professionnelle permet de g\u00e9n\u00e9rer de puissantes coups avec un excellent contr\u00f4le.<\/p>\n<p><strong> -stabilit\u00e9 et confort <\/strong>: La technologie de son noyau d&#8217;\u00e9valuation et le c\u0153ur du sommet r\u00e9duisent les vibrations, offrant une exp\u00e9rience confortable et s\u00fbre.<\/p>\n<p><strong> -ligereza et manoeuvrabilit\u00e9 <\/strong>: parfait pour les jeunes joueurs, gr\u00e2ce \u00e0 leur poids r\u00e9duit et \u00e0 l&#8217;\u00e9quilibre optimis\u00e9.<\/p>\n<p><strong> -Upper Education <\/strong>: Construit avec des mat\u00e9riaux r\u00e9sistants qui garantissent des performances exceptionnelles dans chaque jeu.<\/p>\n<h2> Pourquoi choisir le sommet de Bullpadel W Junior 25?<br \/>\nCette pelle est sp\u00e9cialement con\u00e7ue pour les joueurs juniors avanc\u00e9s qui souhaitent am\u00e9liorer leur niveau de jeu avec des \u00e9quipements professionnels et adapt\u00e9s. La combinaison de ses caract\u00e9ristiques techniques et de sa conception inspir\u00e9e des mod\u00e8les de comp\u00e9tition font du <strong> sommet de Bullpadel W Junior 25 <\/strong> un choix qui fait une diff\u00e9rence.<\/p>\n<p><strong> Obtenez avec le Bullpadel Vertex W Junior 25 maintenant dans notre boutique en ligne <a href=\"http:\/\/www.revolutionpadelstore.com\/\"> www.revolutionpadelstore.com <\/a> Au meilleur prix de march\u00e9. \u00c9quipez les futures \u00e9toiles de la pagaie pour le meilleur!<\/p>\n<h2>Pala de P\u00e1del Bullpadel Vertex W Junior 25 \u2013 Potencia y Rendimiento para Futuras Campeonas<\/h2>\n","protected":false},"excerpt":{"rendered":"<p>Le <strong> bullpadel pala<strong>Pala Bullpadel Vertex W Junior 25<\/strong><\/p>\n","protected":false},"featured_media":157136,"comment_status":"open","ping_status":"closed","template":"","meta":{"_acf_changed":false,"_joinchat":[]},"acabado":[],"balance":[],"dureza":[],"forma":[],"jugador":[1207,1197],"marca":[1257],"nivel-de-juego":[],"superficie":[],"tipo-de-juego":[],"product_brand":[],"product_cat":[302],"product_tag":[],"class_list":{"0":"post-157141","1":"product","2":"type-product","3":"status-publish","4":"has-post-thumbnail","6":"jugador-jeunes","7":"jugador-mujer-fr","8":"marca-bullpadel-fr","9":"product_cat-palas-de-padel-fr","11":"first","12":"instock","13":"sale","14":"taxable","15":"shipping-taxable","16":"purchasable","17":"product-type-simple"},"acf":[],"yoast_head":"<!-- This site is optimized with the Yoast SEO plugin v27.5 - https:\/\/yoast.com\/product\/yoast-seo-wordpress\/ -->\n<title>VERTEX W JR 25 - Revolution Padel Store<\/title>\n<meta name=\"description\" content=\"Descubre la pala Bullpadel Vertex W Junior 25 para jugadoras junior avanzadas. Ligera, potente y con tecnolog\u00eda Vertex. \u00a1Compra en www.revolutionpadelstore.com!\" \/>\n<meta name=\"robots\" content=\"index, follow, max-snippet:-1, max-image-preview:large, max-video-preview:-1\" \/>\n<link rel=\"canonical\" href=\"https:\/\/revolutionpadelstore.com\/fr\/produit\/vertex-w-jr-25-3\/\" \/>\n<meta property=\"og:locale\" content=\"fr_FR\" \/>\n<meta property=\"og:type\" content=\"article\" \/>\n<meta property=\"og:title\" content=\"VERTEX W JR 25 - Revolution Padel Store\" \/>\n<meta property=\"og:description\" content=\"Descubre la pala Bullpadel Vertex W Junior 25 para jugadoras junior avanzadas. Ligera, potente y con tecnolog\u00eda Vertex. \u00a1Compra en www.revolutionpadelstore.com!\" \/>\n<meta property=\"og:url\" content=\"https:\/\/revolutionpadelstore.com\/fr\/produit\/vertex-w-jr-25-3\/\" \/>\n<meta property=\"og:site_name\" content=\"Revolution Padel Store\" \/>\n<meta property=\"article:modified_time\" content=\"2026-04-17T12:00:53+00:00\" \/>\n<meta property=\"og:image\" content=\"https:\/\/revolutionpadelstore.com\/wp-content\/uploads\/2024\/12\/pala-bullpadel-vertex-w-jr-25.jpg\" \/>\n\t<meta property=\"og:image:width\" content=\"1200\" \/>\n\t<meta property=\"og:image:height\" content=\"1372\" \/>\n\t<meta property=\"og:image:type\" content=\"image\/jpeg\" \/>\n<meta name=\"twitter:card\" content=\"summary_large_image\" \/>\n<meta name=\"twitter:label1\" content=\"Dur\u00e9e de lecture estim\u00e9e\" \/>\n\t<meta name=\"twitter:data1\" content=\"2 minutes\" \/>\n<script type=\"application\/ld+json\" class=\"yoast-schema-graph\">{\"@context\":\"https:\\\/\\\/schema.org\",\"@graph\":[{\"@type\":\"WebPage\",\"@id\":\"https:\\\/\\\/revolutionpadelstore.com\\\/fr\\\/produit\\\/vertex-w-jr-25-3\\\/\",\"url\":\"https:\\\/\\\/revolutionpadelstore.com\\\/fr\\\/produit\\\/vertex-w-jr-25-3\\\/\",\"name\":\"VERTEX W JR 25 - Revolution Padel Store\",\"isPartOf\":{\"@id\":\"https:\\\/\\\/revolutionpadelstore.com\\\/fr\\\/#website\"},\"primaryImageOfPage\":{\"@id\":\"https:\\\/\\\/revolutionpadelstore.com\\\/fr\\\/produit\\\/vertex-w-jr-25-3\\\/#primaryimage\"},\"image\":{\"@id\":\"https:\\\/\\\/revolutionpadelstore.com\\\/fr\\\/produit\\\/vertex-w-jr-25-3\\\/#primaryimage\"},\"thumbnailUrl\":\"https:\\\/\\\/revolutionpadelstore.com\\\/wp-content\\\/uploads\\\/2024\\\/12\\\/pala-bullpadel-vertex-w-jr-25.jpg\",\"datePublished\":\"2024-12-27T23:36:09+00:00\",\"dateModified\":\"2026-04-17T12:00:53+00:00\",\"description\":\"Descubre la pala Bullpadel Vertex W Junior 25 para jugadoras junior avanzadas. Ligera, potente y con tecnolog\u00eda Vertex. \u00a1Compra en www.revolutionpadelstore.com!\",\"breadcrumb\":{\"@id\":\"https:\\\/\\\/revolutionpadelstore.com\\\/fr\\\/produit\\\/vertex-w-jr-25-3\\\/#breadcrumb\"},\"inLanguage\":\"fr-FR\",\"potentialAction\":[{\"@type\":\"ReadAction\",\"target\":[\"https:\\\/\\\/revolutionpadelstore.com\\\/fr\\\/produit\\\/vertex-w-jr-25-3\\\/\"]}]},{\"@type\":\"ImageObject\",\"inLanguage\":\"fr-FR\",\"@id\":\"https:\\\/\\\/revolutionpadelstore.com\\\/fr\\\/produit\\\/vertex-w-jr-25-3\\\/#primaryimage\",\"url\":\"https:\\\/\\\/revolutionpadelstore.com\\\/wp-content\\\/uploads\\\/2024\\\/12\\\/pala-bullpadel-vertex-w-jr-25.jpg\",\"contentUrl\":\"https:\\\/\\\/revolutionpadelstore.com\\\/wp-content\\\/uploads\\\/2024\\\/12\\\/pala-bullpadel-vertex-w-jr-25.jpg\",\"width\":1200,\"height\":1372},{\"@type\":\"BreadcrumbList\",\"@id\":\"https:\\\/\\\/revolutionpadelstore.com\\\/fr\\\/produit\\\/vertex-w-jr-25-3\\\/#breadcrumb\",\"itemListElement\":[{\"@type\":\"ListItem\",\"position\":1,\"name\":\"Portada\",\"item\":\"https:\\\/\\\/revolutionpadelstore.com\\\/fr\\\/\"},{\"@type\":\"ListItem\",\"position\":2,\"name\":\"Boutique\",\"item\":\"https:\\\/\\\/revolutionpadelstore.com\\\/fr\\\/tienda\\\/\"},{\"@type\":\"ListItem\",\"position\":3,\"name\":\"VERTEX W JR 25\"}]},{\"@type\":\"WebSite\",\"@id\":\"https:\\\/\\\/revolutionpadelstore.com\\\/fr\\\/#website\",\"url\":\"https:\\\/\\\/revolutionpadelstore.com\\\/fr\\\/\",\"name\":\"Revolution Padel Store\",\"description\":\"\",\"publisher\":{\"@id\":\"https:\\\/\\\/revolutionpadelstore.com\\\/fr\\\/#organization\"},\"potentialAction\":[{\"@type\":\"SearchAction\",\"target\":{\"@type\":\"EntryPoint\",\"urlTemplate\":\"https:\\\/\\\/revolutionpadelstore.com\\\/fr\\\/?s={search_term_string}\"},\"query-input\":{\"@type\":\"PropertyValueSpecification\",\"valueRequired\":true,\"valueName\":\"search_term_string\"}}],\"inLanguage\":\"fr-FR\"},{\"@type\":\"Organization\",\"@id\":\"https:\\\/\\\/revolutionpadelstore.com\\\/fr\\\/#organization\",\"name\":\"Revolution Padel Store\",\"url\":\"https:\\\/\\\/revolutionpadelstore.com\\\/fr\\\/\",\"logo\":{\"@type\":\"ImageObject\",\"inLanguage\":\"fr-FR\",\"@id\":\"https:\\\/\\\/revolutionpadelstore.com\\\/fr\\\/#\\\/schema\\\/logo\\\/image\\\/\",\"url\":\"https:\\\/\\\/revolutionpadelstore.com\\\/wp-content\\\/uploads\\\/2026\\\/02\\\/revolution-padel-store.jpg\",\"contentUrl\":\"https:\\\/\\\/revolutionpadelstore.com\\\/wp-content\\\/uploads\\\/2026\\\/02\\\/revolution-padel-store.jpg\",\"width\":2000,\"height\":2000,\"caption\":\"Revolution Padel Store\"},\"image\":{\"@id\":\"https:\\\/\\\/revolutionpadelstore.com\\\/fr\\\/#\\\/schema\\\/logo\\\/image\\\/\"},\"sameAs\":[\"https:\\\/\\\/www.instagram.com\\\/revolutionpadelstore\\\/\"]}]}<\/script>\n<!-- \/ Yoast SEO plugin. -->","yoast_head_json":{"title":"VERTEX W JR 25 - Revolution Padel Store","description":"Descubre la pala Bullpadel Vertex W Junior 25 para jugadoras junior avanzadas. Ligera, potente y con tecnolog\u00eda Vertex. \u00a1Compra en www.revolutionpadelstore.com!","robots":{"index":"index","follow":"follow","max-snippet":"max-snippet:-1","max-image-preview":"max-image-preview:large","max-video-preview":"max-video-preview:-1"},"canonical":"https:\/\/revolutionpadelstore.com\/fr\/produit\/vertex-w-jr-25-3\/","og_locale":"fr_FR","og_type":"article","og_title":"VERTEX W JR 25 - Revolution Padel Store","og_description":"Descubre la pala Bullpadel Vertex W Junior 25 para jugadoras junior avanzadas. Ligera, potente y con tecnolog\u00eda Vertex. \u00a1Compra en www.revolutionpadelstore.com!","og_url":"https:\/\/revolutionpadelstore.com\/fr\/produit\/vertex-w-jr-25-3\/","og_site_name":"Revolution Padel Store","article_modified_time":"2026-04-17T12:00:53+00:00","og_image":[{"width":1200,"height":1372,"url":"https:\/\/revolutionpadelstore.com\/wp-content\/uploads\/2024\/12\/pala-bullpadel-vertex-w-jr-25.jpg","type":"image\/jpeg"}],"twitter_card":"summary_large_image","twitter_misc":{"Dur\u00e9e de lecture estim\u00e9e":"2 minutes"},"schema":{"@context":"https:\/\/schema.org","@graph":[{"@type":"WebPage","@id":"https:\/\/revolutionpadelstore.com\/fr\/produit\/vertex-w-jr-25-3\/","url":"https:\/\/revolutionpadelstore.com\/fr\/produit\/vertex-w-jr-25-3\/","name":"VERTEX W JR 25 - Revolution Padel Store","isPartOf":{"@id":"https:\/\/revolutionpadelstore.com\/fr\/#website"},"primaryImageOfPage":{"@id":"https:\/\/revolutionpadelstore.com\/fr\/produit\/vertex-w-jr-25-3\/#primaryimage"},"image":{"@id":"https:\/\/revolutionpadelstore.com\/fr\/produit\/vertex-w-jr-25-3\/#primaryimage"},"thumbnailUrl":"https:\/\/revolutionpadelstore.com\/wp-content\/uploads\/2024\/12\/pala-bullpadel-vertex-w-jr-25.jpg","datePublished":"2024-12-27T23:36:09+00:00","dateModified":"2026-04-17T12:00:53+00:00","description":"Descubre la pala Bullpadel Vertex W Junior 25 para jugadoras junior avanzadas. Ligera, potente y con tecnolog\u00eda Vertex. \u00a1Compra en www.revolutionpadelstore.com!","breadcrumb":{"@id":"https:\/\/revolutionpadelstore.com\/fr\/produit\/vertex-w-jr-25-3\/#breadcrumb"},"inLanguage":"fr-FR","potentialAction":[{"@type":"ReadAction","target":["https:\/\/revolutionpadelstore.com\/fr\/produit\/vertex-w-jr-25-3\/"]}]},{"@type":"ImageObject","inLanguage":"fr-FR","@id":"https:\/\/revolutionpadelstore.com\/fr\/produit\/vertex-w-jr-25-3\/#primaryimage","url":"https:\/\/revolutionpadelstore.com\/wp-content\/uploads\/2024\/12\/pala-bullpadel-vertex-w-jr-25.jpg","contentUrl":"https:\/\/revolutionpadelstore.com\/wp-content\/uploads\/2024\/12\/pala-bullpadel-vertex-w-jr-25.jpg","width":1200,"height":1372},{"@type":"BreadcrumbList","@id":"https:\/\/revolutionpadelstore.com\/fr\/produit\/vertex-w-jr-25-3\/#breadcrumb","itemListElement":[{"@type":"ListItem","position":1,"name":"Portada","item":"https:\/\/revolutionpadelstore.com\/fr\/"},{"@type":"ListItem","position":2,"name":"Boutique","item":"https:\/\/revolutionpadelstore.com\/fr\/tienda\/"},{"@type":"ListItem","position":3,"name":"VERTEX W JR 25"}]},{"@type":"WebSite","@id":"https:\/\/revolutionpadelstore.com\/fr\/#website","url":"https:\/\/revolutionpadelstore.com\/fr\/","name":"Revolution Padel Store","description":"","publisher":{"@id":"https:\/\/revolutionpadelstore.com\/fr\/#organization"},"potentialAction":[{"@type":"SearchAction","target":{"@type":"EntryPoint","urlTemplate":"https:\/\/revolutionpadelstore.com\/fr\/?s={search_term_string}"},"query-input":{"@type":"PropertyValueSpecification","valueRequired":true,"valueName":"search_term_string"}}],"inLanguage":"fr-FR"},{"@type":"Organization","@id":"https:\/\/revolutionpadelstore.com\/fr\/#organization","name":"Revolution Padel Store","url":"https:\/\/revolutionpadelstore.com\/fr\/","logo":{"@type":"ImageObject","inLanguage":"fr-FR","@id":"https:\/\/revolutionpadelstore.com\/fr\/#\/schema\/logo\/image\/","url":"https:\/\/revolutionpadelstore.com\/wp-content\/uploads\/2026\/02\/revolution-padel-store.jpg","contentUrl":"https:\/\/revolutionpadelstore.com\/wp-content\/uploads\/2026\/02\/revolution-padel-store.jpg","width":2000,"height":2000,"caption":"Revolution Padel Store"},"image":{"@id":"https:\/\/revolutionpadelstore.com\/fr\/#\/schema\/logo\/image\/"},"sameAs":["https:\/\/www.instagram.com\/revolutionpadelstore\/"]}]}},"_links":{"self":[{"href":"https:\/\/revolutionpadelstore.com\/fr\/wp-json\/wp\/v2\/product\/157141","targetHints":{"allow":["GET"]}}],"collection":[{"href":"https:\/\/revolutionpadelstore.com\/fr\/wp-json\/wp\/v2\/product"}],"about":[{"href":"https:\/\/revolutionpadelstore.com\/fr\/wp-json\/wp\/v2\/types\/product"}],"replies":[{"embeddable":true,"href":"https:\/\/revolutionpadelstore.com\/fr\/wp-json\/wp\/v2\/comments?post=157141"}],"wp:featuredmedia":[{"embeddable":true,"href":"https:\/\/revolutionpadelstore.com\/fr\/wp-json\/wp\/v2\/media\/157136"}],"wp:attachment":[{"href":"https:\/\/revolutionpadelstore.com\/fr\/wp-json\/wp\/v2\/media?parent=157141"}],"wp:term":[{"taxonomy":"acabado","embeddable":true,"href":"https:\/\/revolutionpadelstore.com\/fr\/wp-json\/wp\/v2\/acabado?post=157141"},{"taxonomy":"balance","embeddable":true,"href":"https:\/\/revolutionpadelstore.com\/fr\/wp-json\/wp\/v2\/balance?post=157141"},{"taxonomy":"dureza","embeddable":true,"href":"https:\/\/revolutionpadelstore.com\/fr\/wp-json\/wp\/v2\/dureza?post=157141"},{"taxonomy":"forma","embeddable":true,"href":"https:\/\/revolutionpadelstore.com\/fr\/wp-json\/wp\/v2\/forma?post=157141"},{"taxonomy":"jugador","embeddable":true,"href":"https:\/\/revolutionpadelstore.com\/fr\/wp-json\/wp\/v2\/jugador?post=157141"},{"taxonomy":"marca","embeddable":true,"href":"https:\/\/revolutionpadelstore.com\/fr\/wp-json\/wp\/v2\/marca?post=157141"},{"taxonomy":"nivel-de-juego","embeddable":true,"href":"https:\/\/revolutionpadelstore.com\/fr\/wp-json\/wp\/v2\/nivel-de-juego?post=157141"},{"taxonomy":"superficie","embeddable":true,"href":"https:\/\/revolutionpadelstore.com\/fr\/wp-json\/wp\/v2\/superficie?post=157141"},{"taxonomy":"tipo-de-juego","embeddable":true,"href":"https:\/\/revolutionpadelstore.com\/fr\/wp-json\/wp\/v2\/tipo-de-juego?post=157141"},{"taxonomy":"product_brand","embeddable":true,"href":"https:\/\/revolutionpadelstore.com\/fr\/wp-json\/wp\/v2\/product_brand?post=157141"},{"taxonomy":"product_cat","embeddable":true,"href":"https:\/\/revolutionpadelstore.com\/fr\/wp-json\/wp\/v2\/product_cat?post=157141"},{"taxonomy":"product_tag","embeddable":true,"href":"https:\/\/revolutionpadelstore.com\/fr\/wp-json\/wp\/v2\/product_tag?post=157141"}],"curies":[{"name":"wp","href":"https:\/\/api.w.org\/{rel}","templated":true}]}}