{"id":157026,"date":"2024-12-27T14:13:16","date_gmt":"2024-12-27T13:13:16","guid":{"rendered":"https:\/\/revolutionpadelstore.com\/zapatilla-bullpadel-pearl-24i-blanco\/"},"modified":"2026-04-08T08:55:27","modified_gmt":"2026-04-08T06:55:27","slug":"zapatilla-bullpadel-pearl-24i-blanco-3","status":"publish","type":"product","link":"https:\/\/revolutionpadelstore.com\/fr\/produit\/zapatilla-bullpadel-pearl-24i-blanco-3\/","title":{"rendered":"ZAPATILLA BULLPADEL PEARL 24I BLANCO"},"content":{"rendered":"<h2> <strong> chaussures de perles bullpadel &#8211; inspir\u00e9es par Bea Gonz\u00e1lez <\/strong> <\/h2>\n<p>\u00c9levez votre performance sur la piste avec les chaussures de perle de bullpadel, con\u00e7ues en collaboration avec la star de la paddle Bea Gonz\u00e1lez. Ce mod\u00e8le combine la technologie la plus avanc\u00e9e avec un design attrayant qui vous fera mettre en \u00e9vidence dans chaque jeu.<\/p>\n<h2> <strong> Caract\u00e9ristiques principales: <\/strong> <\/h2>\n<p><strong> Amortigation avanc\u00e9e: <\/strong> Son syst\u00e8me innovant r\u00e9duit l&#8217;impact sur les joints, garantissant le confort tout au long du jeu.<\/p>\n<p><strong> -IMuela: <\/strong> offre une prise exceptionnelle sur diverses surfaces, permettant des mouvements plus s\u00fbrs et plus dynamiques.<\/p>\n<p><strong> -rear stabilisateur: <\/strong> am\u00e9liore la stabilit\u00e9 et emp\u00eache les l\u00e9sions pendant les changements soudains de direction.<\/p>\n<p><strong> -Sype et l\u00e9ger: <\/strong> Le maillage sup\u00e9rieur favorise la ventilation, en gardant vos pieds frais m\u00eame dans les jeux les plus intenses.<\/p>\n<p><strong> &#8211; Reprennts strat\u00e9giques: <\/strong> Les zones telles que l&#8217;orteil sont renforc\u00e9es pour une plus grande durabilit\u00e9.<\/p>\n<p><strong> -ergonomique Plantil: <\/strong> offre un ajustement parfait et un confort sup\u00e9rieur.<\/p>\n<p><strong> &#8211; Support additionnel \u00e0 la cheville: <\/strong> id\u00e9al pour les mouvements rapides et les virages inattendus.<\/p>\n<h2> <strong> Sp\u00e9cifications techniques: <\/strong> <\/h2>\n<p><strong> -Suela: <\/strong> hybride<\/p>\n<p><strong> -Colores disponibles: <\/strong> blanc, vert et bleu<\/p>\n<p>Ces chaussures sont parfaites pour les joueurs \u00e0 la recherche de chaussures haute performance sans sacrifier le style. Con\u00e7u pour s&#8217;adapter aux exigences du jeu professionnel, la perle de bullpadel vous garantit la stabilit\u00e9, la durabilit\u00e9 et le confort \u00e0 chaque \u00e9tape.<\/p>\n<p><strong> faites-leur le v\u00f4tre maintenant!<\/p>\n<h2><strong>Zapatillas Bullpadel Pearl \u2013 Inspiradas en Bea Gonz\u00e1lez<\/strong><\/p>\n","protected":false},"excerpt":{"rendered":"<p>Soulevez vos performances de piste avec les chaussures de perles de bullpadel, con\u00e7ues en collaboration avec le joueur de paddle Bea Gonz\u00e1lez<\/p>\n","protected":false},"featured_media":156970,"comment_status":"open","ping_status":"closed","template":"","meta":{"_acf_changed":false,"_joinchat":[]},"acabado":[],"balance":[],"dureza":[],"forma":[],"jugador":[1197],"marca":[1257],"nivel-de-juego":[],"superficie":[],"tipo-de-juego":[],"product_brand":[],"product_cat":[830],"product_tag":[],"class_list":{"0":"post-157026","1":"product","2":"type-product","3":"status-publish","4":"has-post-thumbnail","6":"jugador-mujer-fr","7":"marca-bullpadel-fr","8":"product_cat-baskets","10":"first","11":"outofstock","12":"sale","13":"taxable","14":"shipping-taxable","15":"purchasable","16":"product-type-variable"},"acf":[],"yoast_head":"<!-- This site is optimized with the Yoast SEO plugin v27.4 - https:\/\/yoast.com\/product\/yoast-seo-wordpress\/ -->\n<title>ZAPATILLA BULLPADEL PEARL 24I BLANCO - Revolution Padel Store<\/title>\n<meta name=\"description\" content=\"Descubre las Zapatillas Bullpadel Pearl, dise\u00f1adas junto a Bea Gonz\u00e1lez. Tecnolog\u00eda avanzada, dise\u00f1o ligero y m\u00e1xima comodidad. \u00a1C\u00f3mpralas al mejor precio en Revolution Padel Store!\" \/>\n<meta name=\"robots\" content=\"index, follow, max-snippet:-1, max-image-preview:large, max-video-preview:-1\" \/>\n<link rel=\"canonical\" href=\"https:\/\/revolutionpadelstore.com\/fr\/produit\/zapatilla-bullpadel-pearl-24i-blanco-3\/\" \/>\n<meta property=\"og:locale\" content=\"fr_FR\" \/>\n<meta property=\"og:type\" content=\"article\" \/>\n<meta property=\"og:title\" content=\"ZAPATILLA BULLPADEL PEARL 24I BLANCO - Revolution Padel Store\" \/>\n<meta property=\"og:description\" content=\"Descubre las Zapatillas Bullpadel Pearl, dise\u00f1adas junto a Bea Gonz\u00e1lez. Tecnolog\u00eda avanzada, dise\u00f1o ligero y m\u00e1xima comodidad. \u00a1C\u00f3mpralas al mejor precio en Revolution Padel Store!\" \/>\n<meta property=\"og:url\" content=\"https:\/\/revolutionpadelstore.com\/fr\/produit\/zapatilla-bullpadel-pearl-24i-blanco-3\/\" \/>\n<meta property=\"og:site_name\" content=\"Revolution Padel Store\" \/>\n<meta property=\"article:modified_time\" content=\"2026-04-08T06:55:27+00:00\" \/>\n<meta property=\"og:image\" content=\"https:\/\/revolutionpadelstore.com\/wp-content\/uploads\/2024\/12\/62.png\" \/>\n\t<meta property=\"og:image:width\" content=\"1500\" \/>\n\t<meta property=\"og:image:height\" content=\"1500\" \/>\n\t<meta property=\"og:image:type\" content=\"image\/png\" \/>\n<meta name=\"twitter:card\" content=\"summary_large_image\" \/>\n<meta name=\"twitter:label1\" content=\"Dur\u00e9e de lecture estim\u00e9e\" \/>\n\t<meta name=\"twitter:data1\" content=\"1 minute\" \/>\n<script type=\"application\/ld+json\" class=\"yoast-schema-graph\">{\"@context\":\"https:\\\/\\\/schema.org\",\"@graph\":[{\"@type\":\"WebPage\",\"@id\":\"https:\\\/\\\/revolutionpadelstore.com\\\/fr\\\/produit\\\/zapatilla-bullpadel-pearl-24i-blanco-3\\\/\",\"url\":\"https:\\\/\\\/revolutionpadelstore.com\\\/fr\\\/produit\\\/zapatilla-bullpadel-pearl-24i-blanco-3\\\/\",\"name\":\"ZAPATILLA BULLPADEL PEARL 24I BLANCO - Revolution Padel Store\",\"isPartOf\":{\"@id\":\"https:\\\/\\\/revolutionpadelstore.com\\\/fr\\\/#website\"},\"primaryImageOfPage\":{\"@id\":\"https:\\\/\\\/revolutionpadelstore.com\\\/fr\\\/produit\\\/zapatilla-bullpadel-pearl-24i-blanco-3\\\/#primaryimage\"},\"image\":{\"@id\":\"https:\\\/\\\/revolutionpadelstore.com\\\/fr\\\/produit\\\/zapatilla-bullpadel-pearl-24i-blanco-3\\\/#primaryimage\"},\"thumbnailUrl\":\"https:\\\/\\\/revolutionpadelstore.com\\\/wp-content\\\/uploads\\\/2024\\\/12\\\/62.png\",\"datePublished\":\"2024-12-27T13:13:16+00:00\",\"dateModified\":\"2026-04-08T06:55:27+00:00\",\"description\":\"Descubre las Zapatillas Bullpadel Pearl, dise\u00f1adas junto a Bea Gonz\u00e1lez. Tecnolog\u00eda avanzada, dise\u00f1o ligero y m\u00e1xima comodidad. \u00a1C\u00f3mpralas al mejor precio en Revolution Padel Store!\",\"breadcrumb\":{\"@id\":\"https:\\\/\\\/revolutionpadelstore.com\\\/fr\\\/produit\\\/zapatilla-bullpadel-pearl-24i-blanco-3\\\/#breadcrumb\"},\"inLanguage\":\"fr-FR\",\"potentialAction\":[{\"@type\":\"ReadAction\",\"target\":[\"https:\\\/\\\/revolutionpadelstore.com\\\/fr\\\/produit\\\/zapatilla-bullpadel-pearl-24i-blanco-3\\\/\"]}]},{\"@type\":\"ImageObject\",\"inLanguage\":\"fr-FR\",\"@id\":\"https:\\\/\\\/revolutionpadelstore.com\\\/fr\\\/produit\\\/zapatilla-bullpadel-pearl-24i-blanco-3\\\/#primaryimage\",\"url\":\"https:\\\/\\\/revolutionpadelstore.com\\\/wp-content\\\/uploads\\\/2024\\\/12\\\/62.png\",\"contentUrl\":\"https:\\\/\\\/revolutionpadelstore.com\\\/wp-content\\\/uploads\\\/2024\\\/12\\\/62.png\",\"width\":1500,\"height\":1500},{\"@type\":\"BreadcrumbList\",\"@id\":\"https:\\\/\\\/revolutionpadelstore.com\\\/fr\\\/produit\\\/zapatilla-bullpadel-pearl-24i-blanco-3\\\/#breadcrumb\",\"itemListElement\":[{\"@type\":\"ListItem\",\"position\":1,\"name\":\"Portada\",\"item\":\"https:\\\/\\\/revolutionpadelstore.com\\\/fr\\\/\"},{\"@type\":\"ListItem\",\"position\":2,\"name\":\"Boutique\",\"item\":\"https:\\\/\\\/revolutionpadelstore.com\\\/fr\\\/tienda\\\/\"},{\"@type\":\"ListItem\",\"position\":3,\"name\":\"ZAPATILLA BULLPADEL PEARL 24I BLANCO\"}]},{\"@type\":\"WebSite\",\"@id\":\"https:\\\/\\\/revolutionpadelstore.com\\\/fr\\\/#website\",\"url\":\"https:\\\/\\\/revolutionpadelstore.com\\\/fr\\\/\",\"name\":\"Revolution Padel Store\",\"description\":\"\",\"publisher\":{\"@id\":\"https:\\\/\\\/revolutionpadelstore.com\\\/fr\\\/#organization\"},\"potentialAction\":[{\"@type\":\"SearchAction\",\"target\":{\"@type\":\"EntryPoint\",\"urlTemplate\":\"https:\\\/\\\/revolutionpadelstore.com\\\/fr\\\/?s={search_term_string}\"},\"query-input\":{\"@type\":\"PropertyValueSpecification\",\"valueRequired\":true,\"valueName\":\"search_term_string\"}}],\"inLanguage\":\"fr-FR\"},{\"@type\":\"Organization\",\"@id\":\"https:\\\/\\\/revolutionpadelstore.com\\\/fr\\\/#organization\",\"name\":\"Revolution Padel Store\",\"url\":\"https:\\\/\\\/revolutionpadelstore.com\\\/fr\\\/\",\"logo\":{\"@type\":\"ImageObject\",\"inLanguage\":\"fr-FR\",\"@id\":\"https:\\\/\\\/revolutionpadelstore.com\\\/fr\\\/#\\\/schema\\\/logo\\\/image\\\/\",\"url\":\"https:\\\/\\\/revolutionpadelstore.com\\\/wp-content\\\/uploads\\\/2026\\\/02\\\/revolution-padel-store.jpg\",\"contentUrl\":\"https:\\\/\\\/revolutionpadelstore.com\\\/wp-content\\\/uploads\\\/2026\\\/02\\\/revolution-padel-store.jpg\",\"width\":2000,\"height\":2000,\"caption\":\"Revolution Padel Store\"},\"image\":{\"@id\":\"https:\\\/\\\/revolutionpadelstore.com\\\/fr\\\/#\\\/schema\\\/logo\\\/image\\\/\"},\"sameAs\":[\"https:\\\/\\\/www.instagram.com\\\/revolutionpadelstore\\\/\"]}]}<\/script>\n<!-- \/ Yoast SEO plugin. -->","yoast_head_json":{"title":"ZAPATILLA BULLPADEL PEARL 24I BLANCO - Revolution Padel Store","description":"Descubre las Zapatillas Bullpadel Pearl, dise\u00f1adas junto a Bea Gonz\u00e1lez. Tecnolog\u00eda avanzada, dise\u00f1o ligero y m\u00e1xima comodidad. \u00a1C\u00f3mpralas al mejor precio en Revolution Padel Store!","robots":{"index":"index","follow":"follow","max-snippet":"max-snippet:-1","max-image-preview":"max-image-preview:large","max-video-preview":"max-video-preview:-1"},"canonical":"https:\/\/revolutionpadelstore.com\/fr\/produit\/zapatilla-bullpadel-pearl-24i-blanco-3\/","og_locale":"fr_FR","og_type":"article","og_title":"ZAPATILLA BULLPADEL PEARL 24I BLANCO - Revolution Padel Store","og_description":"Descubre las Zapatillas Bullpadel Pearl, dise\u00f1adas junto a Bea Gonz\u00e1lez. Tecnolog\u00eda avanzada, dise\u00f1o ligero y m\u00e1xima comodidad. \u00a1C\u00f3mpralas al mejor precio en Revolution Padel Store!","og_url":"https:\/\/revolutionpadelstore.com\/fr\/produit\/zapatilla-bullpadel-pearl-24i-blanco-3\/","og_site_name":"Revolution Padel Store","article_modified_time":"2026-04-08T06:55:27+00:00","og_image":[{"width":1500,"height":1500,"url":"https:\/\/revolutionpadelstore.com\/wp-content\/uploads\/2024\/12\/62.png","type":"image\/png"}],"twitter_card":"summary_large_image","twitter_misc":{"Dur\u00e9e de lecture estim\u00e9e":"1 minute"},"schema":{"@context":"https:\/\/schema.org","@graph":[{"@type":"WebPage","@id":"https:\/\/revolutionpadelstore.com\/fr\/produit\/zapatilla-bullpadel-pearl-24i-blanco-3\/","url":"https:\/\/revolutionpadelstore.com\/fr\/produit\/zapatilla-bullpadel-pearl-24i-blanco-3\/","name":"ZAPATILLA BULLPADEL PEARL 24I BLANCO - Revolution Padel Store","isPartOf":{"@id":"https:\/\/revolutionpadelstore.com\/fr\/#website"},"primaryImageOfPage":{"@id":"https:\/\/revolutionpadelstore.com\/fr\/produit\/zapatilla-bullpadel-pearl-24i-blanco-3\/#primaryimage"},"image":{"@id":"https:\/\/revolutionpadelstore.com\/fr\/produit\/zapatilla-bullpadel-pearl-24i-blanco-3\/#primaryimage"},"thumbnailUrl":"https:\/\/revolutionpadelstore.com\/wp-content\/uploads\/2024\/12\/62.png","datePublished":"2024-12-27T13:13:16+00:00","dateModified":"2026-04-08T06:55:27+00:00","description":"Descubre las Zapatillas Bullpadel Pearl, dise\u00f1adas junto a Bea Gonz\u00e1lez. Tecnolog\u00eda avanzada, dise\u00f1o ligero y m\u00e1xima comodidad. \u00a1C\u00f3mpralas al mejor precio en Revolution Padel Store!","breadcrumb":{"@id":"https:\/\/revolutionpadelstore.com\/fr\/produit\/zapatilla-bullpadel-pearl-24i-blanco-3\/#breadcrumb"},"inLanguage":"fr-FR","potentialAction":[{"@type":"ReadAction","target":["https:\/\/revolutionpadelstore.com\/fr\/produit\/zapatilla-bullpadel-pearl-24i-blanco-3\/"]}]},{"@type":"ImageObject","inLanguage":"fr-FR","@id":"https:\/\/revolutionpadelstore.com\/fr\/produit\/zapatilla-bullpadel-pearl-24i-blanco-3\/#primaryimage","url":"https:\/\/revolutionpadelstore.com\/wp-content\/uploads\/2024\/12\/62.png","contentUrl":"https:\/\/revolutionpadelstore.com\/wp-content\/uploads\/2024\/12\/62.png","width":1500,"height":1500},{"@type":"BreadcrumbList","@id":"https:\/\/revolutionpadelstore.com\/fr\/produit\/zapatilla-bullpadel-pearl-24i-blanco-3\/#breadcrumb","itemListElement":[{"@type":"ListItem","position":1,"name":"Portada","item":"https:\/\/revolutionpadelstore.com\/fr\/"},{"@type":"ListItem","position":2,"name":"Boutique","item":"https:\/\/revolutionpadelstore.com\/fr\/tienda\/"},{"@type":"ListItem","position":3,"name":"ZAPATILLA BULLPADEL PEARL 24I BLANCO"}]},{"@type":"WebSite","@id":"https:\/\/revolutionpadelstore.com\/fr\/#website","url":"https:\/\/revolutionpadelstore.com\/fr\/","name":"Revolution Padel Store","description":"","publisher":{"@id":"https:\/\/revolutionpadelstore.com\/fr\/#organization"},"potentialAction":[{"@type":"SearchAction","target":{"@type":"EntryPoint","urlTemplate":"https:\/\/revolutionpadelstore.com\/fr\/?s={search_term_string}"},"query-input":{"@type":"PropertyValueSpecification","valueRequired":true,"valueName":"search_term_string"}}],"inLanguage":"fr-FR"},{"@type":"Organization","@id":"https:\/\/revolutionpadelstore.com\/fr\/#organization","name":"Revolution Padel Store","url":"https:\/\/revolutionpadelstore.com\/fr\/","logo":{"@type":"ImageObject","inLanguage":"fr-FR","@id":"https:\/\/revolutionpadelstore.com\/fr\/#\/schema\/logo\/image\/","url":"https:\/\/revolutionpadelstore.com\/wp-content\/uploads\/2026\/02\/revolution-padel-store.jpg","contentUrl":"https:\/\/revolutionpadelstore.com\/wp-content\/uploads\/2026\/02\/revolution-padel-store.jpg","width":2000,"height":2000,"caption":"Revolution Padel Store"},"image":{"@id":"https:\/\/revolutionpadelstore.com\/fr\/#\/schema\/logo\/image\/"},"sameAs":["https:\/\/www.instagram.com\/revolutionpadelstore\/"]}]}},"_links":{"self":[{"href":"https:\/\/revolutionpadelstore.com\/fr\/wp-json\/wp\/v2\/product\/157026","targetHints":{"allow":["GET"]}}],"collection":[{"href":"https:\/\/revolutionpadelstore.com\/fr\/wp-json\/wp\/v2\/product"}],"about":[{"href":"https:\/\/revolutionpadelstore.com\/fr\/wp-json\/wp\/v2\/types\/product"}],"replies":[{"embeddable":true,"href":"https:\/\/revolutionpadelstore.com\/fr\/wp-json\/wp\/v2\/comments?post=157026"}],"wp:featuredmedia":[{"embeddable":true,"href":"https:\/\/revolutionpadelstore.com\/fr\/wp-json\/wp\/v2\/media\/156970"}],"wp:attachment":[{"href":"https:\/\/revolutionpadelstore.com\/fr\/wp-json\/wp\/v2\/media?parent=157026"}],"wp:term":[{"taxonomy":"acabado","embeddable":true,"href":"https:\/\/revolutionpadelstore.com\/fr\/wp-json\/wp\/v2\/acabado?post=157026"},{"taxonomy":"balance","embeddable":true,"href":"https:\/\/revolutionpadelstore.com\/fr\/wp-json\/wp\/v2\/balance?post=157026"},{"taxonomy":"dureza","embeddable":true,"href":"https:\/\/revolutionpadelstore.com\/fr\/wp-json\/wp\/v2\/dureza?post=157026"},{"taxonomy":"forma","embeddable":true,"href":"https:\/\/revolutionpadelstore.com\/fr\/wp-json\/wp\/v2\/forma?post=157026"},{"taxonomy":"jugador","embeddable":true,"href":"https:\/\/revolutionpadelstore.com\/fr\/wp-json\/wp\/v2\/jugador?post=157026"},{"taxonomy":"marca","embeddable":true,"href":"https:\/\/revolutionpadelstore.com\/fr\/wp-json\/wp\/v2\/marca?post=157026"},{"taxonomy":"nivel-de-juego","embeddable":true,"href":"https:\/\/revolutionpadelstore.com\/fr\/wp-json\/wp\/v2\/nivel-de-juego?post=157026"},{"taxonomy":"superficie","embeddable":true,"href":"https:\/\/revolutionpadelstore.com\/fr\/wp-json\/wp\/v2\/superficie?post=157026"},{"taxonomy":"tipo-de-juego","embeddable":true,"href":"https:\/\/revolutionpadelstore.com\/fr\/wp-json\/wp\/v2\/tipo-de-juego?post=157026"},{"taxonomy":"product_brand","embeddable":true,"href":"https:\/\/revolutionpadelstore.com\/fr\/wp-json\/wp\/v2\/product_brand?post=157026"},{"taxonomy":"product_cat","embeddable":true,"href":"https:\/\/revolutionpadelstore.com\/fr\/wp-json\/wp\/v2\/product_cat?post=157026"},{"taxonomy":"product_tag","embeddable":true,"href":"https:\/\/revolutionpadelstore.com\/fr\/wp-json\/wp\/v2\/product_tag?post=157026"}],"curies":[{"name":"wp","href":"https:\/\/api.w.org\/{rel}","templated":true}]}}