{"id":156718,"date":"2024-12-22T23:29:41","date_gmt":"2024-12-22T22:29:41","guid":{"rendered":"https:\/\/revolutionpadelstore.com\/?post_type=product&#038;p=156718"},"modified":"2026-04-08T08:57:03","modified_gmt":"2026-04-08T06:57:03","slug":"mochila-nox-at10-team-black-3","status":"publish","type":"product","link":"https:\/\/revolutionpadelstore.com\/fr\/produit\/mochila-nox-at10-team-black-3\/","title":{"rendered":"MOCHILA NOX AT10 TEAM BLACK"},"content":{"rendered":"<h2> Backgress gris de l&#8217;\u00e9quipe Nox AT10 d&#8217;Agustin Tapia. Con\u00e7u pour les joueurs d&#8217;\u00e9lite et les ventilateurs de paddle <\/h2>\n<p>Le sac \u00e0 dos <strong> NOX AT10 D\u00e9velopp\u00e9 en collaboration avec le talentueux <strong> Agust\u00edn Tapia <\/strong>, ce sac \u00e0 dos offre un espace et un confort pour transporter tout votre \u00e9quipement en toute s\u00e9curit\u00e9 et organis\u00e9.<\/p>\n<h2> Caract\u00e9ristiques exceptionnelles: <\/h2>\n<p><strong> -28 litres Capital <\/strong> Pour transporter tout ce qui est essentiel.<\/p>\n<p><strong> -Le rembourrage principal <\/strong> id\u00e9al pour prot\u00e9ger votre pelle ou un ordinateur portable.<\/p>\n<p><strong> &#8211; deuxi\u00e8me compartiment large <\/strong> pour l&#8217;\u00e9quipement et les accessoires.<\/p>\n<p><strong> -space pour 2 lames <\/strong>, garantissant la protection et le confort.<\/p>\n<p><strong> -s ventil\u00e9 pour les chaussures <\/strong> \u00e0 l&#8217;avant.<\/p>\n<p>-Multiple c\u00f4t\u00e9 dos pour sauver de petits objets personnels.<\/p>\n<p><strong> &#8211; Conception ergonomique <\/strong> dans les ceintures et sauvegarde pour un confort maximal et une circulation de l&#8217;air pendant l&#8217;utilisation.<\/p>\n<h2> Avantages du choix du sac \u00e0 dos de l&#8217;\u00e9quipe NOX AT10: <\/h2>\n<p><strong> &#8211; Exclusive Styl <\/strong>: Inspir\u00e9 par l&#8217;esth\u00e9tique de la pelle phare d&#8217;Agust\u00edn Tapia.<\/p>\n<p><strong> -upper commentaire <\/strong>: syst\u00e8me ergonomique qui r\u00e9duit la charge au dos.<\/p>\n<p><strong> -us assur\u00e9 <\/strong>: mat\u00e9riaux de haute qualit\u00e9 qui r\u00e9sistent \u00e0 une utilisation intensive.<\/p>\n<p>Avec le sac \u00e0 dos de l&#8217;\u00e9quipe NOX AT10, vous appr\u00e9cierez la pratique dont vous avez besoin sans renoncer au style et \u00e0 la qualit\u00e9 qui caract\u00e9risent les produits <strong> NOX <\/strong>, une marque de premier plan dans le monde de la pagaie.<\/p>\n<p><strong> Faites-le maintenant et exp\u00e9rimentez la diff\u00e9rence!<\/p>\n<h2>Mochila Nox AT10 Team Grey de Agust\u00edn Tapia. Dise\u00f1ada para jugadores de \u00e9lite y fan\u00e1ticos del p\u00e1del<\/h2>\n","protected":false},"excerpt":{"rendered":"<p>Le sac \u00e0 dos de l&#8217;\u00e9quipe NOX AT10, con\u00e7u en l&#8217;honneur de la pelle \u00e0 Agust\u00edn Tapia, se d\u00e9marque de sa qualit\u00e9, de sa fonctionnalit\u00e9 et de sa conception ergonomique. Il est parfait pour transporter votre \u00e9quipement, vos chaussures et vos effets personnels pendant vos jeux.<\/p>\n","protected":false},"featured_media":156723,"comment_status":"open","ping_status":"closed","template":"","meta":{"_acf_changed":false,"_joinchat":[]},"acabado":[],"balance":[],"dureza":[],"forma":[],"jugador":[],"marca":[1262],"nivel-de-juego":[],"superficie":[],"tipo-de-juego":[],"product_brand":[],"product_cat":[320],"product_tag":[],"class_list":{"0":"post-156718","1":"product","2":"type-product","3":"status-publish","4":"has-post-thumbnail","6":"marca-nox-fr","7":"product_cat-sacs","9":"first","10":"outofstock","11":"sale","12":"taxable","13":"shipping-taxable","14":"purchasable","15":"product-type-simple"},"acf":[],"yoast_head":"<!-- This site is optimized with the Yoast SEO plugin v27.4 - https:\/\/yoast.com\/product\/yoast-seo-wordpress\/ -->\n<title>MOCHILA NOX AT10 TEAM BLACK - Revolution Padel Store<\/title>\n<meta name=\"description\" content=\"Descubre la Mochila Nox AT10 Team de Agust\u00edn Tapia, con dise\u00f1o ergon\u00f3mico, capacidad de 28 litros y compartimentos para 2 palas. \u00a1Compra online en Revolution Padel Store!\" \/>\n<meta name=\"robots\" content=\"index, follow, max-snippet:-1, max-image-preview:large, max-video-preview:-1\" \/>\n<link rel=\"canonical\" href=\"https:\/\/revolutionpadelstore.com\/fr\/produit\/mochila-nox-at10-team-black-3\/\" \/>\n<meta property=\"og:locale\" content=\"fr_FR\" \/>\n<meta property=\"og:type\" content=\"article\" \/>\n<meta property=\"og:title\" content=\"MOCHILA NOX AT10 TEAM BLACK - Revolution Padel Store\" \/>\n<meta property=\"og:description\" content=\"Descubre la Mochila Nox AT10 Team de Agust\u00edn Tapia, con dise\u00f1o ergon\u00f3mico, capacidad de 28 litros y compartimentos para 2 palas. \u00a1Compra online en Revolution Padel Store!\" \/>\n<meta property=\"og:url\" content=\"https:\/\/revolutionpadelstore.com\/fr\/produit\/mochila-nox-at10-team-black-3\/\" \/>\n<meta property=\"og:site_name\" content=\"Revolution Padel Store\" \/>\n<meta property=\"article:modified_time\" content=\"2026-04-08T06:57:03+00:00\" \/>\n<meta property=\"og:image\" content=\"https:\/\/revolutionpadelstore.com\/wp-content\/uploads\/2024\/12\/113148_mochila_nox_ml10_team_mocml10tebl_1500x1500_1_dd15.webp\" \/>\n\t<meta property=\"og:image:width\" content=\"1500\" \/>\n\t<meta property=\"og:image:height\" content=\"1500\" \/>\n\t<meta property=\"og:image:type\" content=\"image\/webp\" \/>\n<meta name=\"twitter:card\" content=\"summary_large_image\" \/>\n<meta name=\"twitter:label1\" content=\"Dur\u00e9e de lecture estim\u00e9e\" \/>\n\t<meta name=\"twitter:data1\" content=\"1 minute\" \/>\n<script type=\"application\/ld+json\" class=\"yoast-schema-graph\">{\"@context\":\"https:\\\/\\\/schema.org\",\"@graph\":[{\"@type\":\"WebPage\",\"@id\":\"https:\\\/\\\/revolutionpadelstore.com\\\/fr\\\/produit\\\/mochila-nox-at10-team-black-3\\\/\",\"url\":\"https:\\\/\\\/revolutionpadelstore.com\\\/fr\\\/produit\\\/mochila-nox-at10-team-black-3\\\/\",\"name\":\"MOCHILA NOX AT10 TEAM BLACK - Revolution Padel Store\",\"isPartOf\":{\"@id\":\"https:\\\/\\\/revolutionpadelstore.com\\\/fr\\\/#website\"},\"primaryImageOfPage\":{\"@id\":\"https:\\\/\\\/revolutionpadelstore.com\\\/fr\\\/produit\\\/mochila-nox-at10-team-black-3\\\/#primaryimage\"},\"image\":{\"@id\":\"https:\\\/\\\/revolutionpadelstore.com\\\/fr\\\/produit\\\/mochila-nox-at10-team-black-3\\\/#primaryimage\"},\"thumbnailUrl\":\"https:\\\/\\\/revolutionpadelstore.com\\\/wp-content\\\/uploads\\\/2024\\\/12\\\/113148_mochila_nox_ml10_team_mocml10tebl_1500x1500_1_dd15.webp\",\"datePublished\":\"2024-12-22T22:29:41+00:00\",\"dateModified\":\"2026-04-08T06:57:03+00:00\",\"description\":\"Descubre la Mochila Nox AT10 Team de Agust\u00edn Tapia, con dise\u00f1o ergon\u00f3mico, capacidad de 28 litros y compartimentos para 2 palas. \u00a1Compra online en Revolution Padel Store!\",\"breadcrumb\":{\"@id\":\"https:\\\/\\\/revolutionpadelstore.com\\\/fr\\\/produit\\\/mochila-nox-at10-team-black-3\\\/#breadcrumb\"},\"inLanguage\":\"fr-FR\",\"potentialAction\":[{\"@type\":\"ReadAction\",\"target\":[\"https:\\\/\\\/revolutionpadelstore.com\\\/fr\\\/produit\\\/mochila-nox-at10-team-black-3\\\/\"]}]},{\"@type\":\"ImageObject\",\"inLanguage\":\"fr-FR\",\"@id\":\"https:\\\/\\\/revolutionpadelstore.com\\\/fr\\\/produit\\\/mochila-nox-at10-team-black-3\\\/#primaryimage\",\"url\":\"https:\\\/\\\/revolutionpadelstore.com\\\/wp-content\\\/uploads\\\/2024\\\/12\\\/113148_mochila_nox_ml10_team_mocml10tebl_1500x1500_1_dd15.webp\",\"contentUrl\":\"https:\\\/\\\/revolutionpadelstore.com\\\/wp-content\\\/uploads\\\/2024\\\/12\\\/113148_mochila_nox_ml10_team_mocml10tebl_1500x1500_1_dd15.webp\",\"width\":1500,\"height\":1500},{\"@type\":\"BreadcrumbList\",\"@id\":\"https:\\\/\\\/revolutionpadelstore.com\\\/fr\\\/produit\\\/mochila-nox-at10-team-black-3\\\/#breadcrumb\",\"itemListElement\":[{\"@type\":\"ListItem\",\"position\":1,\"name\":\"Portada\",\"item\":\"https:\\\/\\\/revolutionpadelstore.com\\\/fr\\\/\"},{\"@type\":\"ListItem\",\"position\":2,\"name\":\"Boutique\",\"item\":\"https:\\\/\\\/revolutionpadelstore.com\\\/fr\\\/tienda\\\/\"},{\"@type\":\"ListItem\",\"position\":3,\"name\":\"MOCHILA NOX AT10 TEAM BLACK\"}]},{\"@type\":\"WebSite\",\"@id\":\"https:\\\/\\\/revolutionpadelstore.com\\\/fr\\\/#website\",\"url\":\"https:\\\/\\\/revolutionpadelstore.com\\\/fr\\\/\",\"name\":\"Revolution Padel Store\",\"description\":\"\",\"publisher\":{\"@id\":\"https:\\\/\\\/revolutionpadelstore.com\\\/fr\\\/#organization\"},\"potentialAction\":[{\"@type\":\"SearchAction\",\"target\":{\"@type\":\"EntryPoint\",\"urlTemplate\":\"https:\\\/\\\/revolutionpadelstore.com\\\/fr\\\/?s={search_term_string}\"},\"query-input\":{\"@type\":\"PropertyValueSpecification\",\"valueRequired\":true,\"valueName\":\"search_term_string\"}}],\"inLanguage\":\"fr-FR\"},{\"@type\":\"Organization\",\"@id\":\"https:\\\/\\\/revolutionpadelstore.com\\\/fr\\\/#organization\",\"name\":\"Revolution Padel Store\",\"url\":\"https:\\\/\\\/revolutionpadelstore.com\\\/fr\\\/\",\"logo\":{\"@type\":\"ImageObject\",\"inLanguage\":\"fr-FR\",\"@id\":\"https:\\\/\\\/revolutionpadelstore.com\\\/fr\\\/#\\\/schema\\\/logo\\\/image\\\/\",\"url\":\"https:\\\/\\\/revolutionpadelstore.com\\\/wp-content\\\/uploads\\\/2026\\\/02\\\/revolution-padel-store.jpg\",\"contentUrl\":\"https:\\\/\\\/revolutionpadelstore.com\\\/wp-content\\\/uploads\\\/2026\\\/02\\\/revolution-padel-store.jpg\",\"width\":2000,\"height\":2000,\"caption\":\"Revolution Padel Store\"},\"image\":{\"@id\":\"https:\\\/\\\/revolutionpadelstore.com\\\/fr\\\/#\\\/schema\\\/logo\\\/image\\\/\"},\"sameAs\":[\"https:\\\/\\\/www.instagram.com\\\/revolutionpadelstore\\\/\"]}]}<\/script>\n<!-- \/ Yoast SEO plugin. -->","yoast_head_json":{"title":"MOCHILA NOX AT10 TEAM BLACK - Revolution Padel Store","description":"Descubre la Mochila Nox AT10 Team de Agust\u00edn Tapia, con dise\u00f1o ergon\u00f3mico, capacidad de 28 litros y compartimentos para 2 palas. \u00a1Compra online en Revolution Padel Store!","robots":{"index":"index","follow":"follow","max-snippet":"max-snippet:-1","max-image-preview":"max-image-preview:large","max-video-preview":"max-video-preview:-1"},"canonical":"https:\/\/revolutionpadelstore.com\/fr\/produit\/mochila-nox-at10-team-black-3\/","og_locale":"fr_FR","og_type":"article","og_title":"MOCHILA NOX AT10 TEAM BLACK - Revolution Padel Store","og_description":"Descubre la Mochila Nox AT10 Team de Agust\u00edn Tapia, con dise\u00f1o ergon\u00f3mico, capacidad de 28 litros y compartimentos para 2 palas. \u00a1Compra online en Revolution Padel Store!","og_url":"https:\/\/revolutionpadelstore.com\/fr\/produit\/mochila-nox-at10-team-black-3\/","og_site_name":"Revolution Padel Store","article_modified_time":"2026-04-08T06:57:03+00:00","og_image":[{"width":1500,"height":1500,"url":"https:\/\/revolutionpadelstore.com\/wp-content\/uploads\/2024\/12\/113148_mochila_nox_ml10_team_mocml10tebl_1500x1500_1_dd15.webp","type":"image\/webp"}],"twitter_card":"summary_large_image","twitter_misc":{"Dur\u00e9e de lecture estim\u00e9e":"1 minute"},"schema":{"@context":"https:\/\/schema.org","@graph":[{"@type":"WebPage","@id":"https:\/\/revolutionpadelstore.com\/fr\/produit\/mochila-nox-at10-team-black-3\/","url":"https:\/\/revolutionpadelstore.com\/fr\/produit\/mochila-nox-at10-team-black-3\/","name":"MOCHILA NOX AT10 TEAM BLACK - Revolution Padel Store","isPartOf":{"@id":"https:\/\/revolutionpadelstore.com\/fr\/#website"},"primaryImageOfPage":{"@id":"https:\/\/revolutionpadelstore.com\/fr\/produit\/mochila-nox-at10-team-black-3\/#primaryimage"},"image":{"@id":"https:\/\/revolutionpadelstore.com\/fr\/produit\/mochila-nox-at10-team-black-3\/#primaryimage"},"thumbnailUrl":"https:\/\/revolutionpadelstore.com\/wp-content\/uploads\/2024\/12\/113148_mochila_nox_ml10_team_mocml10tebl_1500x1500_1_dd15.webp","datePublished":"2024-12-22T22:29:41+00:00","dateModified":"2026-04-08T06:57:03+00:00","description":"Descubre la Mochila Nox AT10 Team de Agust\u00edn Tapia, con dise\u00f1o ergon\u00f3mico, capacidad de 28 litros y compartimentos para 2 palas. \u00a1Compra online en Revolution Padel Store!","breadcrumb":{"@id":"https:\/\/revolutionpadelstore.com\/fr\/produit\/mochila-nox-at10-team-black-3\/#breadcrumb"},"inLanguage":"fr-FR","potentialAction":[{"@type":"ReadAction","target":["https:\/\/revolutionpadelstore.com\/fr\/produit\/mochila-nox-at10-team-black-3\/"]}]},{"@type":"ImageObject","inLanguage":"fr-FR","@id":"https:\/\/revolutionpadelstore.com\/fr\/produit\/mochila-nox-at10-team-black-3\/#primaryimage","url":"https:\/\/revolutionpadelstore.com\/wp-content\/uploads\/2024\/12\/113148_mochila_nox_ml10_team_mocml10tebl_1500x1500_1_dd15.webp","contentUrl":"https:\/\/revolutionpadelstore.com\/wp-content\/uploads\/2024\/12\/113148_mochila_nox_ml10_team_mocml10tebl_1500x1500_1_dd15.webp","width":1500,"height":1500},{"@type":"BreadcrumbList","@id":"https:\/\/revolutionpadelstore.com\/fr\/produit\/mochila-nox-at10-team-black-3\/#breadcrumb","itemListElement":[{"@type":"ListItem","position":1,"name":"Portada","item":"https:\/\/revolutionpadelstore.com\/fr\/"},{"@type":"ListItem","position":2,"name":"Boutique","item":"https:\/\/revolutionpadelstore.com\/fr\/tienda\/"},{"@type":"ListItem","position":3,"name":"MOCHILA NOX AT10 TEAM BLACK"}]},{"@type":"WebSite","@id":"https:\/\/revolutionpadelstore.com\/fr\/#website","url":"https:\/\/revolutionpadelstore.com\/fr\/","name":"Revolution Padel Store","description":"","publisher":{"@id":"https:\/\/revolutionpadelstore.com\/fr\/#organization"},"potentialAction":[{"@type":"SearchAction","target":{"@type":"EntryPoint","urlTemplate":"https:\/\/revolutionpadelstore.com\/fr\/?s={search_term_string}"},"query-input":{"@type":"PropertyValueSpecification","valueRequired":true,"valueName":"search_term_string"}}],"inLanguage":"fr-FR"},{"@type":"Organization","@id":"https:\/\/revolutionpadelstore.com\/fr\/#organization","name":"Revolution Padel Store","url":"https:\/\/revolutionpadelstore.com\/fr\/","logo":{"@type":"ImageObject","inLanguage":"fr-FR","@id":"https:\/\/revolutionpadelstore.com\/fr\/#\/schema\/logo\/image\/","url":"https:\/\/revolutionpadelstore.com\/wp-content\/uploads\/2026\/02\/revolution-padel-store.jpg","contentUrl":"https:\/\/revolutionpadelstore.com\/wp-content\/uploads\/2026\/02\/revolution-padel-store.jpg","width":2000,"height":2000,"caption":"Revolution Padel Store"},"image":{"@id":"https:\/\/revolutionpadelstore.com\/fr\/#\/schema\/logo\/image\/"},"sameAs":["https:\/\/www.instagram.com\/revolutionpadelstore\/"]}]}},"_links":{"self":[{"href":"https:\/\/revolutionpadelstore.com\/fr\/wp-json\/wp\/v2\/product\/156718","targetHints":{"allow":["GET"]}}],"collection":[{"href":"https:\/\/revolutionpadelstore.com\/fr\/wp-json\/wp\/v2\/product"}],"about":[{"href":"https:\/\/revolutionpadelstore.com\/fr\/wp-json\/wp\/v2\/types\/product"}],"replies":[{"embeddable":true,"href":"https:\/\/revolutionpadelstore.com\/fr\/wp-json\/wp\/v2\/comments?post=156718"}],"wp:featuredmedia":[{"embeddable":true,"href":"https:\/\/revolutionpadelstore.com\/fr\/wp-json\/wp\/v2\/media\/156723"}],"wp:attachment":[{"href":"https:\/\/revolutionpadelstore.com\/fr\/wp-json\/wp\/v2\/media?parent=156718"}],"wp:term":[{"taxonomy":"acabado","embeddable":true,"href":"https:\/\/revolutionpadelstore.com\/fr\/wp-json\/wp\/v2\/acabado?post=156718"},{"taxonomy":"balance","embeddable":true,"href":"https:\/\/revolutionpadelstore.com\/fr\/wp-json\/wp\/v2\/balance?post=156718"},{"taxonomy":"dureza","embeddable":true,"href":"https:\/\/revolutionpadelstore.com\/fr\/wp-json\/wp\/v2\/dureza?post=156718"},{"taxonomy":"forma","embeddable":true,"href":"https:\/\/revolutionpadelstore.com\/fr\/wp-json\/wp\/v2\/forma?post=156718"},{"taxonomy":"jugador","embeddable":true,"href":"https:\/\/revolutionpadelstore.com\/fr\/wp-json\/wp\/v2\/jugador?post=156718"},{"taxonomy":"marca","embeddable":true,"href":"https:\/\/revolutionpadelstore.com\/fr\/wp-json\/wp\/v2\/marca?post=156718"},{"taxonomy":"nivel-de-juego","embeddable":true,"href":"https:\/\/revolutionpadelstore.com\/fr\/wp-json\/wp\/v2\/nivel-de-juego?post=156718"},{"taxonomy":"superficie","embeddable":true,"href":"https:\/\/revolutionpadelstore.com\/fr\/wp-json\/wp\/v2\/superficie?post=156718"},{"taxonomy":"tipo-de-juego","embeddable":true,"href":"https:\/\/revolutionpadelstore.com\/fr\/wp-json\/wp\/v2\/tipo-de-juego?post=156718"},{"taxonomy":"product_brand","embeddable":true,"href":"https:\/\/revolutionpadelstore.com\/fr\/wp-json\/wp\/v2\/product_brand?post=156718"},{"taxonomy":"product_cat","embeddable":true,"href":"https:\/\/revolutionpadelstore.com\/fr\/wp-json\/wp\/v2\/product_cat?post=156718"},{"taxonomy":"product_tag","embeddable":true,"href":"https:\/\/revolutionpadelstore.com\/fr\/wp-json\/wp\/v2\/product_tag?post=156718"}],"curies":[{"name":"wp","href":"https:\/\/api.w.org\/{rel}","templated":true}]}}