{"id":156602,"date":"2024-12-22T14:11:04","date_gmt":"2024-12-22T13:11:04","guid":{"rendered":"https:\/\/revolutionpadelstore.com\/nox-at10-limited-edition-beige\/"},"modified":"2026-04-08T08:58:18","modified_gmt":"2026-04-08T06:58:18","slug":"nox-at10-limited-edition-beige-3","status":"publish","type":"product","link":"https:\/\/revolutionpadelstore.com\/fr\/produit\/nox-at10-limited-edition-beige-3\/","title":{"rendered":"NOX AT10 LIMITED EDITION BEIGE"},"content":{"rendered":"<p><H2> NOX AT10 LIMITED EDITION 2024 &#8211; Bneakers paddle avec adh\u00e9rence exceptionnelle <\/h2>\n<p>Les chaussures Paddle <strong> NOX AT10 Limited Edition 2024 <\/strong> se distinguent pour leur conception exclusive et leur technologie de pointe, id\u00e9ale pour maximiser vos performances sur la piste. Choses par des joueurs professionnels tels que Miguel Lamperti et Agust\u00edn Tapia, ces chaussures offrent un \u00e9quilibre parfait entre le confort, la stabilit\u00e9 et la durabilit\u00e9.<\/p>\n<h2> Semelle mixte pour tous les types de pistes <\/h2>\n<p>La semelle combine des pointes avec des microtacos, offrant une prise <strong> exceptionnelle et une traction <\/strong> sur n&#8217;importe quelle surface. De plus, il comprend un point de rotation <strong> <\/strong> dans la partie sup\u00e9rieure qui am\u00e9liore les virages et les mouvements lat\u00e9raux, garantissant des glissements de terrain plus agiles, s\u00fbrs et stables.<\/p>\n<h2> Technologies avanc\u00e9es pour des performances plus \u00e9lev\u00e9es <\/h2>\n<p><strong> &#8211; Support fasp\u00e9al <\/strong>: augmente le contact de la semelle avec la piste pour une plus grande stabilit\u00e9 et un risque de torsion plus faible.<\/p>\n<p><strong> -Phylon MediaSuela inject\u00e9 <\/strong> et sur strobol avec du pop-corn Eva en mousse: ils fournissent un excellent retour d&#8217;\u00e9nergie et un amorti optimal.<\/p>\n<p><strong> -rexone r\u00e9f\u00e9rence lat\u00e9rale <\/strong>: augmenter la r\u00e9sistance \u00e0 l&#8217;abrasion pour une plus grande durabilit\u00e9, m\u00eame dans les parties les plus exigeantes.<\/p>\n<p><strong> -Plantilla ortholite <\/strong>: Il offre un confort absolu, r\u00e9duit la fatigue et emp\u00eache l&#8217;accumulation de bact\u00e9ries et de mauvaises odeurs.<\/p>\n<h2> Avantages cl\u00e9s <\/h2>\n<p><strong> -Adaptabilit\u00e9 et polyvalence <\/strong> pour tous les types de pistes.<\/p>\n<p><strong> -Peurrum <\/strong> dans chaque empreinte gr\u00e2ce aux technologies d&#8217;amortissement avanc\u00e9es.<\/p>\n<p><strong> &#8211; EXTREME \u00c9DUCATION <\/strong> pour vous accompagner pendant de longues saisons.<\/p>\n<p><strong> -stabilit\u00e9 et s\u00e9curit\u00e9 <\/strong> dans les mouvements rapides et exigeants.<\/p>\n<p>Obtenez le <strong> NOX AT10 Limited Edition 2024 <\/strong> et faites l&#8217;exp\u00e9rience de la diff\u00e9rence dans chaque jeu! Ces chaussures d&#8217;\u00e9dition limit\u00e9es sont disponibles dans notre boutique en ligne <a href=\"https:\/\/www.revolutionpadelstore.com\/\"> www.revolutionpadelstore.com <\/a>, probablement au meilleur prix de march\u00e9.<\/p>\n<h2>Nox AT10 Limited Edition 2024 &#8211; Zapatillas de P\u00e1del con Agarre Excepcional<\/h2>\n","protected":false},"excerpt":{"rendered":"<p>NOX AT10 LIMITED EDITION 2024 &#8211; Bneakers paddle avec adh\u00e9rence exceptionnelle Les chaussures Paddle NOX AT10 Limited Edition 2024 se distinguent pour leur conception exclusive et leur technologie de pointe, id\u00e9ale pour maximiser vos performances sur la piste. Choses par des joueurs professionnels tels que Miguel Lamperti et Agust\u00edn Tapia, ces chaussures offrent un \u00e9quilibre [&hellip;]<\/p>\n","protected":false},"featured_media":156467,"comment_status":"open","ping_status":"closed","template":"","meta":{"_acf_changed":false,"_joinchat":[]},"acabado":[],"balance":[],"dureza":[],"forma":[],"jugador":[1192],"marca":[1262],"nivel-de-juego":[],"superficie":[],"tipo-de-juego":[],"product_brand":[],"product_cat":[830],"product_tag":[],"class_list":{"0":"post-156602","1":"product","2":"type-product","3":"status-publish","4":"has-post-thumbnail","6":"jugador-homme","7":"marca-nox-fr","8":"product_cat-baskets","10":"first","11":"outofstock","12":"sale","13":"taxable","14":"shipping-taxable","15":"purchasable","16":"product-type-variable"},"acf":[],"yoast_head":"<!-- This site is optimized with the Yoast SEO plugin v27.4 - https:\/\/yoast.com\/product\/yoast-seo-wordpress\/ -->\n<title>NOX AT10 LIMITED EDITION BEIGE - Revolution Padel Store<\/title>\n<meta name=\"description\" content=\"Descubre las zapatillas Nox AT10 Limited Edition 2024, elegidas por profesionales. Suela mixta, tecnolog\u00edas avanzadas y confort superior. \u00a1Compra ahora al mejor precio!\" \/>\n<meta name=\"robots\" content=\"index, follow, max-snippet:-1, max-image-preview:large, max-video-preview:-1\" \/>\n<link rel=\"canonical\" href=\"https:\/\/revolutionpadelstore.com\/fr\/produit\/nox-at10-limited-edition-beige-3\/\" \/>\n<meta property=\"og:locale\" content=\"fr_FR\" \/>\n<meta property=\"og:type\" content=\"article\" \/>\n<meta property=\"og:title\" content=\"NOX AT10 LIMITED EDITION BEIGE - Revolution Padel Store\" \/>\n<meta property=\"og:description\" content=\"Descubre las zapatillas Nox AT10 Limited Edition 2024, elegidas por profesionales. Suela mixta, tecnolog\u00edas avanzadas y confort superior. \u00a1Compra ahora al mejor precio!\" \/>\n<meta property=\"og:url\" content=\"https:\/\/revolutionpadelstore.com\/fr\/produit\/nox-at10-limited-edition-beige-3\/\" \/>\n<meta property=\"og:site_name\" content=\"Revolution Padel Store\" \/>\n<meta property=\"article:modified_time\" content=\"2026-04-08T06:58:18+00:00\" \/>\n<meta property=\"og:image\" content=\"https:\/\/revolutionpadelstore.com\/wp-content\/uploads\/2024\/12\/113133_zapatillas_nox_at10_limited_edition_calat10ltdd_1500x1500_1_a0f3.webp\" \/>\n\t<meta property=\"og:image:width\" content=\"1500\" \/>\n\t<meta property=\"og:image:height\" content=\"1500\" \/>\n\t<meta property=\"og:image:type\" content=\"image\/webp\" \/>\n<meta name=\"twitter:card\" content=\"summary_large_image\" \/>\n<meta name=\"twitter:label1\" content=\"Dur\u00e9e de lecture estim\u00e9e\" \/>\n\t<meta name=\"twitter:data1\" content=\"2 minutes\" \/>\n<script type=\"application\/ld+json\" class=\"yoast-schema-graph\">{\"@context\":\"https:\\\/\\\/schema.org\",\"@graph\":[{\"@type\":\"WebPage\",\"@id\":\"https:\\\/\\\/revolutionpadelstore.com\\\/fr\\\/produit\\\/nox-at10-limited-edition-beige-3\\\/\",\"url\":\"https:\\\/\\\/revolutionpadelstore.com\\\/fr\\\/produit\\\/nox-at10-limited-edition-beige-3\\\/\",\"name\":\"NOX AT10 LIMITED EDITION BEIGE - Revolution Padel Store\",\"isPartOf\":{\"@id\":\"https:\\\/\\\/revolutionpadelstore.com\\\/fr\\\/#website\"},\"primaryImageOfPage\":{\"@id\":\"https:\\\/\\\/revolutionpadelstore.com\\\/fr\\\/produit\\\/nox-at10-limited-edition-beige-3\\\/#primaryimage\"},\"image\":{\"@id\":\"https:\\\/\\\/revolutionpadelstore.com\\\/fr\\\/produit\\\/nox-at10-limited-edition-beige-3\\\/#primaryimage\"},\"thumbnailUrl\":\"https:\\\/\\\/revolutionpadelstore.com\\\/wp-content\\\/uploads\\\/2024\\\/12\\\/113133_zapatillas_nox_at10_limited_edition_calat10ltdd_1500x1500_1_a0f3.webp\",\"datePublished\":\"2024-12-22T13:11:04+00:00\",\"dateModified\":\"2026-04-08T06:58:18+00:00\",\"description\":\"Descubre las zapatillas Nox AT10 Limited Edition 2024, elegidas por profesionales. Suela mixta, tecnolog\u00edas avanzadas y confort superior. \u00a1Compra ahora al mejor precio!\",\"breadcrumb\":{\"@id\":\"https:\\\/\\\/revolutionpadelstore.com\\\/fr\\\/produit\\\/nox-at10-limited-edition-beige-3\\\/#breadcrumb\"},\"inLanguage\":\"fr-FR\",\"potentialAction\":[{\"@type\":\"ReadAction\",\"target\":[\"https:\\\/\\\/revolutionpadelstore.com\\\/fr\\\/produit\\\/nox-at10-limited-edition-beige-3\\\/\"]}]},{\"@type\":\"ImageObject\",\"inLanguage\":\"fr-FR\",\"@id\":\"https:\\\/\\\/revolutionpadelstore.com\\\/fr\\\/produit\\\/nox-at10-limited-edition-beige-3\\\/#primaryimage\",\"url\":\"https:\\\/\\\/revolutionpadelstore.com\\\/wp-content\\\/uploads\\\/2024\\\/12\\\/113133_zapatillas_nox_at10_limited_edition_calat10ltdd_1500x1500_1_a0f3.webp\",\"contentUrl\":\"https:\\\/\\\/revolutionpadelstore.com\\\/wp-content\\\/uploads\\\/2024\\\/12\\\/113133_zapatillas_nox_at10_limited_edition_calat10ltdd_1500x1500_1_a0f3.webp\",\"width\":1500,\"height\":1500},{\"@type\":\"BreadcrumbList\",\"@id\":\"https:\\\/\\\/revolutionpadelstore.com\\\/fr\\\/produit\\\/nox-at10-limited-edition-beige-3\\\/#breadcrumb\",\"itemListElement\":[{\"@type\":\"ListItem\",\"position\":1,\"name\":\"Portada\",\"item\":\"https:\\\/\\\/revolutionpadelstore.com\\\/fr\\\/\"},{\"@type\":\"ListItem\",\"position\":2,\"name\":\"Boutique\",\"item\":\"https:\\\/\\\/revolutionpadelstore.com\\\/fr\\\/tienda\\\/\"},{\"@type\":\"ListItem\",\"position\":3,\"name\":\"NOX AT10 LIMITED EDITION BEIGE\"}]},{\"@type\":\"WebSite\",\"@id\":\"https:\\\/\\\/revolutionpadelstore.com\\\/fr\\\/#website\",\"url\":\"https:\\\/\\\/revolutionpadelstore.com\\\/fr\\\/\",\"name\":\"Revolution Padel Store\",\"description\":\"\",\"publisher\":{\"@id\":\"https:\\\/\\\/revolutionpadelstore.com\\\/fr\\\/#organization\"},\"potentialAction\":[{\"@type\":\"SearchAction\",\"target\":{\"@type\":\"EntryPoint\",\"urlTemplate\":\"https:\\\/\\\/revolutionpadelstore.com\\\/fr\\\/?s={search_term_string}\"},\"query-input\":{\"@type\":\"PropertyValueSpecification\",\"valueRequired\":true,\"valueName\":\"search_term_string\"}}],\"inLanguage\":\"fr-FR\"},{\"@type\":\"Organization\",\"@id\":\"https:\\\/\\\/revolutionpadelstore.com\\\/fr\\\/#organization\",\"name\":\"Revolution Padel Store\",\"url\":\"https:\\\/\\\/revolutionpadelstore.com\\\/fr\\\/\",\"logo\":{\"@type\":\"ImageObject\",\"inLanguage\":\"fr-FR\",\"@id\":\"https:\\\/\\\/revolutionpadelstore.com\\\/fr\\\/#\\\/schema\\\/logo\\\/image\\\/\",\"url\":\"https:\\\/\\\/revolutionpadelstore.com\\\/wp-content\\\/uploads\\\/2026\\\/02\\\/revolution-padel-store.jpg\",\"contentUrl\":\"https:\\\/\\\/revolutionpadelstore.com\\\/wp-content\\\/uploads\\\/2026\\\/02\\\/revolution-padel-store.jpg\",\"width\":2000,\"height\":2000,\"caption\":\"Revolution Padel Store\"},\"image\":{\"@id\":\"https:\\\/\\\/revolutionpadelstore.com\\\/fr\\\/#\\\/schema\\\/logo\\\/image\\\/\"},\"sameAs\":[\"https:\\\/\\\/www.instagram.com\\\/revolutionpadelstore\\\/\"]}]}<\/script>\n<!-- \/ Yoast SEO plugin. -->","yoast_head_json":{"title":"NOX AT10 LIMITED EDITION BEIGE - Revolution Padel Store","description":"Descubre las zapatillas Nox AT10 Limited Edition 2024, elegidas por profesionales. Suela mixta, tecnolog\u00edas avanzadas y confort superior. \u00a1Compra ahora al mejor precio!","robots":{"index":"index","follow":"follow","max-snippet":"max-snippet:-1","max-image-preview":"max-image-preview:large","max-video-preview":"max-video-preview:-1"},"canonical":"https:\/\/revolutionpadelstore.com\/fr\/produit\/nox-at10-limited-edition-beige-3\/","og_locale":"fr_FR","og_type":"article","og_title":"NOX AT10 LIMITED EDITION BEIGE - Revolution Padel Store","og_description":"Descubre las zapatillas Nox AT10 Limited Edition 2024, elegidas por profesionales. Suela mixta, tecnolog\u00edas avanzadas y confort superior. \u00a1Compra ahora al mejor precio!","og_url":"https:\/\/revolutionpadelstore.com\/fr\/produit\/nox-at10-limited-edition-beige-3\/","og_site_name":"Revolution Padel Store","article_modified_time":"2026-04-08T06:58:18+00:00","og_image":[{"width":1500,"height":1500,"url":"https:\/\/revolutionpadelstore.com\/wp-content\/uploads\/2024\/12\/113133_zapatillas_nox_at10_limited_edition_calat10ltdd_1500x1500_1_a0f3.webp","type":"image\/webp"}],"twitter_card":"summary_large_image","twitter_misc":{"Dur\u00e9e de lecture estim\u00e9e":"2 minutes"},"schema":{"@context":"https:\/\/schema.org","@graph":[{"@type":"WebPage","@id":"https:\/\/revolutionpadelstore.com\/fr\/produit\/nox-at10-limited-edition-beige-3\/","url":"https:\/\/revolutionpadelstore.com\/fr\/produit\/nox-at10-limited-edition-beige-3\/","name":"NOX AT10 LIMITED EDITION BEIGE - Revolution Padel Store","isPartOf":{"@id":"https:\/\/revolutionpadelstore.com\/fr\/#website"},"primaryImageOfPage":{"@id":"https:\/\/revolutionpadelstore.com\/fr\/produit\/nox-at10-limited-edition-beige-3\/#primaryimage"},"image":{"@id":"https:\/\/revolutionpadelstore.com\/fr\/produit\/nox-at10-limited-edition-beige-3\/#primaryimage"},"thumbnailUrl":"https:\/\/revolutionpadelstore.com\/wp-content\/uploads\/2024\/12\/113133_zapatillas_nox_at10_limited_edition_calat10ltdd_1500x1500_1_a0f3.webp","datePublished":"2024-12-22T13:11:04+00:00","dateModified":"2026-04-08T06:58:18+00:00","description":"Descubre las zapatillas Nox AT10 Limited Edition 2024, elegidas por profesionales. Suela mixta, tecnolog\u00edas avanzadas y confort superior. \u00a1Compra ahora al mejor precio!","breadcrumb":{"@id":"https:\/\/revolutionpadelstore.com\/fr\/produit\/nox-at10-limited-edition-beige-3\/#breadcrumb"},"inLanguage":"fr-FR","potentialAction":[{"@type":"ReadAction","target":["https:\/\/revolutionpadelstore.com\/fr\/produit\/nox-at10-limited-edition-beige-3\/"]}]},{"@type":"ImageObject","inLanguage":"fr-FR","@id":"https:\/\/revolutionpadelstore.com\/fr\/produit\/nox-at10-limited-edition-beige-3\/#primaryimage","url":"https:\/\/revolutionpadelstore.com\/wp-content\/uploads\/2024\/12\/113133_zapatillas_nox_at10_limited_edition_calat10ltdd_1500x1500_1_a0f3.webp","contentUrl":"https:\/\/revolutionpadelstore.com\/wp-content\/uploads\/2024\/12\/113133_zapatillas_nox_at10_limited_edition_calat10ltdd_1500x1500_1_a0f3.webp","width":1500,"height":1500},{"@type":"BreadcrumbList","@id":"https:\/\/revolutionpadelstore.com\/fr\/produit\/nox-at10-limited-edition-beige-3\/#breadcrumb","itemListElement":[{"@type":"ListItem","position":1,"name":"Portada","item":"https:\/\/revolutionpadelstore.com\/fr\/"},{"@type":"ListItem","position":2,"name":"Boutique","item":"https:\/\/revolutionpadelstore.com\/fr\/tienda\/"},{"@type":"ListItem","position":3,"name":"NOX AT10 LIMITED EDITION BEIGE"}]},{"@type":"WebSite","@id":"https:\/\/revolutionpadelstore.com\/fr\/#website","url":"https:\/\/revolutionpadelstore.com\/fr\/","name":"Revolution Padel Store","description":"","publisher":{"@id":"https:\/\/revolutionpadelstore.com\/fr\/#organization"},"potentialAction":[{"@type":"SearchAction","target":{"@type":"EntryPoint","urlTemplate":"https:\/\/revolutionpadelstore.com\/fr\/?s={search_term_string}"},"query-input":{"@type":"PropertyValueSpecification","valueRequired":true,"valueName":"search_term_string"}}],"inLanguage":"fr-FR"},{"@type":"Organization","@id":"https:\/\/revolutionpadelstore.com\/fr\/#organization","name":"Revolution Padel Store","url":"https:\/\/revolutionpadelstore.com\/fr\/","logo":{"@type":"ImageObject","inLanguage":"fr-FR","@id":"https:\/\/revolutionpadelstore.com\/fr\/#\/schema\/logo\/image\/","url":"https:\/\/revolutionpadelstore.com\/wp-content\/uploads\/2026\/02\/revolution-padel-store.jpg","contentUrl":"https:\/\/revolutionpadelstore.com\/wp-content\/uploads\/2026\/02\/revolution-padel-store.jpg","width":2000,"height":2000,"caption":"Revolution Padel Store"},"image":{"@id":"https:\/\/revolutionpadelstore.com\/fr\/#\/schema\/logo\/image\/"},"sameAs":["https:\/\/www.instagram.com\/revolutionpadelstore\/"]}]}},"_links":{"self":[{"href":"https:\/\/revolutionpadelstore.com\/fr\/wp-json\/wp\/v2\/product\/156602","targetHints":{"allow":["GET"]}}],"collection":[{"href":"https:\/\/revolutionpadelstore.com\/fr\/wp-json\/wp\/v2\/product"}],"about":[{"href":"https:\/\/revolutionpadelstore.com\/fr\/wp-json\/wp\/v2\/types\/product"}],"replies":[{"embeddable":true,"href":"https:\/\/revolutionpadelstore.com\/fr\/wp-json\/wp\/v2\/comments?post=156602"}],"wp:featuredmedia":[{"embeddable":true,"href":"https:\/\/revolutionpadelstore.com\/fr\/wp-json\/wp\/v2\/media\/156467"}],"wp:attachment":[{"href":"https:\/\/revolutionpadelstore.com\/fr\/wp-json\/wp\/v2\/media?parent=156602"}],"wp:term":[{"taxonomy":"acabado","embeddable":true,"href":"https:\/\/revolutionpadelstore.com\/fr\/wp-json\/wp\/v2\/acabado?post=156602"},{"taxonomy":"balance","embeddable":true,"href":"https:\/\/revolutionpadelstore.com\/fr\/wp-json\/wp\/v2\/balance?post=156602"},{"taxonomy":"dureza","embeddable":true,"href":"https:\/\/revolutionpadelstore.com\/fr\/wp-json\/wp\/v2\/dureza?post=156602"},{"taxonomy":"forma","embeddable":true,"href":"https:\/\/revolutionpadelstore.com\/fr\/wp-json\/wp\/v2\/forma?post=156602"},{"taxonomy":"jugador","embeddable":true,"href":"https:\/\/revolutionpadelstore.com\/fr\/wp-json\/wp\/v2\/jugador?post=156602"},{"taxonomy":"marca","embeddable":true,"href":"https:\/\/revolutionpadelstore.com\/fr\/wp-json\/wp\/v2\/marca?post=156602"},{"taxonomy":"nivel-de-juego","embeddable":true,"href":"https:\/\/revolutionpadelstore.com\/fr\/wp-json\/wp\/v2\/nivel-de-juego?post=156602"},{"taxonomy":"superficie","embeddable":true,"href":"https:\/\/revolutionpadelstore.com\/fr\/wp-json\/wp\/v2\/superficie?post=156602"},{"taxonomy":"tipo-de-juego","embeddable":true,"href":"https:\/\/revolutionpadelstore.com\/fr\/wp-json\/wp\/v2\/tipo-de-juego?post=156602"},{"taxonomy":"product_brand","embeddable":true,"href":"https:\/\/revolutionpadelstore.com\/fr\/wp-json\/wp\/v2\/product_brand?post=156602"},{"taxonomy":"product_cat","embeddable":true,"href":"https:\/\/revolutionpadelstore.com\/fr\/wp-json\/wp\/v2\/product_cat?post=156602"},{"taxonomy":"product_tag","embeddable":true,"href":"https:\/\/revolutionpadelstore.com\/fr\/wp-json\/wp\/v2\/product_tag?post=156602"}],"curies":[{"name":"wp","href":"https:\/\/api.w.org\/{rel}","templated":true}]}}