{"id":156572,"date":"2024-12-22T13:58:24","date_gmt":"2024-12-22T12:58:24","guid":{"rendered":"https:\/\/revolutionpadelstore.com\/nox-at10-lux-blanco-gris\/"},"modified":"2026-04-14T14:02:47","modified_gmt":"2026-04-14T12:02:47","slug":"nox-at10-lux-blanco-gris","status":"publish","type":"product","link":"https:\/\/revolutionpadelstore.com\/fr\/produit\/nox-at10-lux-blanco-gris\/","title":{"rendered":"NOX AT10 LUX BLANCO GRIS"},"content":{"rendered":"<p><H2> NOX AT10 LUX GRY pour les hommes &lt;\/ H2<br \/>\nLes chaussures <strong> nox at10 lux <\/strong> sont le choix parfait pour les joueurs de paddle adultes \u00e0 la recherche de performances, de confort et de durabilit\u00e9 sur la piste. Ce mod\u00e8le combine une conception innovante et des technologies avanc\u00e9es, garantissant d&#8217;excellentes performances dans n&#8217;importe quelle surface de jeu.<\/p>\n<h2> <strong> Caract\u00e9ristiques principales: <\/strong> <\/h2>\n<p><strong> -Suela Clay: <\/strong> conception avec des pointes et des microtacos qui assurent l&#8217;adh\u00e9rence optimale sur les pistes de tout mat\u00e9riau, offrant une stabilit\u00e9 et une traction dans chaque mouvement.<\/p>\n<p><strong> -teresuela avec la technologie abraxone: <\/strong> fournit un excellent coussin, absorber les impacts et maximiser le rendement \u00e9nerg\u00e9tique. Cela minimise la fatigue musculaire, id\u00e9ale pour les jeux prolong\u00e9s.<\/p>\n<p><strong> -Upper Boss: <\/strong> Votre tissu en filet avec de grands panneaux assure une ventilation constante, en gardant vos pieds frais et en \u00e9vitant l&#8217;accumulation de mauvaises odeurs.<\/p>\n<p><strong> Amortiguation avanc\u00e9e: <\/strong> moussins EVA et lunaires dans l&#8217;arc et le talon garantissent un soutien coh\u00e9rent, r\u00e9duisant le risque de blessures et augmentant le confort dans chaque empreinte.<\/p>\n<p><strong> &#8211; Technologie de support: <\/strong> renforce le support lat\u00e9ral pour am\u00e9liorer les flexions des pieds, faciliter la direction rapide et les sprints changent.<\/p>\n<h2> <strong> Conception \u00e9l\u00e9gante et fonctionnelle: <\/strong> <\/h2>\n<p>-Avec une finition moderne dans des tons de blanc et de gris fonc\u00e9, les grands personnages &#8220;Nox&#8221; se d\u00e9marquent du c\u00f4t\u00e9 ext\u00e9rieur, am\u00e9liorant son apparence sophistiqu\u00e9e et sportive.<\/p>\n<h2> <strong> Avantages pour le joueur: <\/strong> <\/h2>\n<p><strong> -Rendimiento: <\/strong> Sa conception ergonomique am\u00e9liore chaque mouvement sur la piste.<\/p>\n<p><strong> -Durabilit\u00e9: <\/strong> Les mat\u00e9riaux de haute qualit\u00e9 assurent la r\u00e9sistance \u00e0 l&#8217;usure.<\/p>\n<p><strong> -comodity: <\/strong> amortissant exceptionnel et ventilation pour des s\u00e9ances de jeu plus longues.<\/p>\n<p>Ne manquez pas l&#8217;occasion de faire passer votre jeu au niveau sup\u00e9rieur avec le <strong> NOX AT10 LUX <\/strong>, une chaussure con\u00e7ue pour la passionn\u00e9e de la pagaie pour le meilleur.<\/p>\n<p>Maintenant disponible dans notre boutique en ligne <strong> &lt;a href = &quot;https:\/\/chatgpt.com\/g\/g-675432e026888191b6ee6d6f2fdbb15e-optimisation-textos\/c\/www.revolutionpadelstore.com&quot; du march\u00e9!<\/p>\n<h3> <\/h3>\n<h2>Zapatillas Nox AT10 Lux Blanco Gris\u00a0 para Hombre<\/h2>\n","protected":false},"excerpt":{"rendered":"<p>Le NOX AT10 Lux Grey pour les chaussures pour hommes est \u00e9quip\u00e9 d&#8217;une chambre \u00e0 air situ\u00e9e au centre de la semelle. Cet \u00e9l\u00e9ment permet d&#8217;absorber les torsions lors des mouvements les plus exigeants du jeu.<\/p>\n","protected":false},"featured_media":156515,"comment_status":"open","ping_status":"closed","template":"","meta":{"_acf_changed":false,"_joinchat":[]},"acabado":[],"balance":[],"dureza":[],"forma":[],"jugador":[1192],"marca":[1262],"nivel-de-juego":[],"superficie":[],"tipo-de-juego":[],"product_brand":[],"product_cat":[830],"product_tag":[],"class_list":{"0":"post-156572","1":"product","2":"type-product","3":"status-publish","4":"has-post-thumbnail","6":"jugador-homme","7":"marca-nox-fr","8":"product_cat-baskets","10":"first","11":"outofstock","12":"sale","13":"taxable","14":"shipping-taxable","15":"purchasable","16":"product-type-variable","17":"has-default-attributes"},"acf":[],"yoast_head":"<!-- This site is optimized with the Yoast SEO plugin v27.4 - https:\/\/yoast.com\/product\/yoast-seo-wordpress\/ -->\n<title>NOX AT10 LUX BLANCO GRIS - Revolution Padel Store<\/title>\n<meta name=\"description\" content=\"Descubre las zapatillas Nox AT10 Lux Calatluxblgr para hombre en nuestra tienda online. Su dise\u00f1o ergon\u00f3mico y tecnolog\u00eda avanzada garantizan rendimiento, comodidad y durabilidad en la pista. \u00a1Compra ahora en www.revolutionpadelstore.com!\" \/>\n<meta name=\"robots\" content=\"index, follow, max-snippet:-1, max-image-preview:large, max-video-preview:-1\" \/>\n<link rel=\"canonical\" href=\"https:\/\/revolutionpadelstore.com\/fr\/produit\/nox-at10-lux-blanco-gris\/\" \/>\n<meta property=\"og:locale\" content=\"fr_FR\" \/>\n<meta property=\"og:type\" content=\"article\" \/>\n<meta property=\"og:title\" content=\"NOX AT10 LUX BLANCO GRIS - Revolution Padel Store\" \/>\n<meta property=\"og:description\" content=\"Descubre las zapatillas Nox AT10 Lux Calatluxblgr para hombre en nuestra tienda online. Su dise\u00f1o ergon\u00f3mico y tecnolog\u00eda avanzada garantizan rendimiento, comodidad y durabilidad en la pista. \u00a1Compra ahora en www.revolutionpadelstore.com!\" \/>\n<meta property=\"og:url\" content=\"https:\/\/revolutionpadelstore.com\/fr\/produit\/nox-at10-lux-blanco-gris\/\" \/>\n<meta property=\"og:site_name\" content=\"Revolution Padel Store\" \/>\n<meta property=\"article:modified_time\" content=\"2026-04-14T12:02:47+00:00\" \/>\n<meta property=\"og:image\" content=\"https:\/\/revolutionpadelstore.com\/wp-content\/uploads\/2024\/12\/imagen_1_24126_7e0fed8d_b3c0.webp\" \/>\n\t<meta property=\"og:image:width\" content=\"1000\" \/>\n\t<meta property=\"og:image:height\" content=\"1000\" \/>\n\t<meta property=\"og:image:type\" content=\"image\/webp\" \/>\n<meta name=\"twitter:card\" content=\"summary_large_image\" \/>\n<meta name=\"twitter:label1\" content=\"Dur\u00e9e de lecture estim\u00e9e\" \/>\n\t<meta name=\"twitter:data1\" content=\"2 minutes\" \/>\n<script type=\"application\/ld+json\" class=\"yoast-schema-graph\">{\"@context\":\"https:\\\/\\\/schema.org\",\"@graph\":[{\"@type\":\"WebPage\",\"@id\":\"https:\\\/\\\/revolutionpadelstore.com\\\/fr\\\/produit\\\/nox-at10-lux-blanco-gris\\\/\",\"url\":\"https:\\\/\\\/revolutionpadelstore.com\\\/fr\\\/produit\\\/nox-at10-lux-blanco-gris\\\/\",\"name\":\"NOX AT10 LUX BLANCO GRIS - Revolution Padel Store\",\"isPartOf\":{\"@id\":\"https:\\\/\\\/revolutionpadelstore.com\\\/fr\\\/#website\"},\"primaryImageOfPage\":{\"@id\":\"https:\\\/\\\/revolutionpadelstore.com\\\/fr\\\/produit\\\/nox-at10-lux-blanco-gris\\\/#primaryimage\"},\"image\":{\"@id\":\"https:\\\/\\\/revolutionpadelstore.com\\\/fr\\\/produit\\\/nox-at10-lux-blanco-gris\\\/#primaryimage\"},\"thumbnailUrl\":\"https:\\\/\\\/revolutionpadelstore.com\\\/wp-content\\\/uploads\\\/2024\\\/12\\\/imagen_1_24126_7e0fed8d_b3c0.webp\",\"datePublished\":\"2024-12-22T12:58:24+00:00\",\"dateModified\":\"2026-04-14T12:02:47+00:00\",\"description\":\"Descubre las zapatillas Nox AT10 Lux Calatluxblgr para hombre en nuestra tienda online. Su dise\u00f1o ergon\u00f3mico y tecnolog\u00eda avanzada garantizan rendimiento, comodidad y durabilidad en la pista. \u00a1Compra ahora en www.revolutionpadelstore.com!\",\"breadcrumb\":{\"@id\":\"https:\\\/\\\/revolutionpadelstore.com\\\/fr\\\/produit\\\/nox-at10-lux-blanco-gris\\\/#breadcrumb\"},\"inLanguage\":\"fr-FR\",\"potentialAction\":[{\"@type\":\"ReadAction\",\"target\":[\"https:\\\/\\\/revolutionpadelstore.com\\\/fr\\\/produit\\\/nox-at10-lux-blanco-gris\\\/\"]}]},{\"@type\":\"ImageObject\",\"inLanguage\":\"fr-FR\",\"@id\":\"https:\\\/\\\/revolutionpadelstore.com\\\/fr\\\/produit\\\/nox-at10-lux-blanco-gris\\\/#primaryimage\",\"url\":\"https:\\\/\\\/revolutionpadelstore.com\\\/wp-content\\\/uploads\\\/2024\\\/12\\\/imagen_1_24126_7e0fed8d_b3c0.webp\",\"contentUrl\":\"https:\\\/\\\/revolutionpadelstore.com\\\/wp-content\\\/uploads\\\/2024\\\/12\\\/imagen_1_24126_7e0fed8d_b3c0.webp\",\"width\":1000,\"height\":1000},{\"@type\":\"BreadcrumbList\",\"@id\":\"https:\\\/\\\/revolutionpadelstore.com\\\/fr\\\/produit\\\/nox-at10-lux-blanco-gris\\\/#breadcrumb\",\"itemListElement\":[{\"@type\":\"ListItem\",\"position\":1,\"name\":\"Portada\",\"item\":\"https:\\\/\\\/revolutionpadelstore.com\\\/fr\\\/\"},{\"@type\":\"ListItem\",\"position\":2,\"name\":\"Boutique\",\"item\":\"https:\\\/\\\/revolutionpadelstore.com\\\/fr\\\/tienda\\\/\"},{\"@type\":\"ListItem\",\"position\":3,\"name\":\"NOX AT10 LUX BLANCO GRIS\"}]},{\"@type\":\"WebSite\",\"@id\":\"https:\\\/\\\/revolutionpadelstore.com\\\/fr\\\/#website\",\"url\":\"https:\\\/\\\/revolutionpadelstore.com\\\/fr\\\/\",\"name\":\"Revolution Padel Store\",\"description\":\"\",\"publisher\":{\"@id\":\"https:\\\/\\\/revolutionpadelstore.com\\\/fr\\\/#organization\"},\"potentialAction\":[{\"@type\":\"SearchAction\",\"target\":{\"@type\":\"EntryPoint\",\"urlTemplate\":\"https:\\\/\\\/revolutionpadelstore.com\\\/fr\\\/?s={search_term_string}\"},\"query-input\":{\"@type\":\"PropertyValueSpecification\",\"valueRequired\":true,\"valueName\":\"search_term_string\"}}],\"inLanguage\":\"fr-FR\"},{\"@type\":\"Organization\",\"@id\":\"https:\\\/\\\/revolutionpadelstore.com\\\/fr\\\/#organization\",\"name\":\"Revolution Padel Store\",\"url\":\"https:\\\/\\\/revolutionpadelstore.com\\\/fr\\\/\",\"logo\":{\"@type\":\"ImageObject\",\"inLanguage\":\"fr-FR\",\"@id\":\"https:\\\/\\\/revolutionpadelstore.com\\\/fr\\\/#\\\/schema\\\/logo\\\/image\\\/\",\"url\":\"https:\\\/\\\/revolutionpadelstore.com\\\/wp-content\\\/uploads\\\/2026\\\/02\\\/revolution-padel-store.jpg\",\"contentUrl\":\"https:\\\/\\\/revolutionpadelstore.com\\\/wp-content\\\/uploads\\\/2026\\\/02\\\/revolution-padel-store.jpg\",\"width\":2000,\"height\":2000,\"caption\":\"Revolution Padel Store\"},\"image\":{\"@id\":\"https:\\\/\\\/revolutionpadelstore.com\\\/fr\\\/#\\\/schema\\\/logo\\\/image\\\/\"},\"sameAs\":[\"https:\\\/\\\/www.instagram.com\\\/revolutionpadelstore\\\/\"]}]}<\/script>\n<!-- \/ Yoast SEO plugin. -->","yoast_head_json":{"title":"NOX AT10 LUX BLANCO GRIS - Revolution Padel Store","description":"Descubre las zapatillas Nox AT10 Lux Calatluxblgr para hombre en nuestra tienda online. Su dise\u00f1o ergon\u00f3mico y tecnolog\u00eda avanzada garantizan rendimiento, comodidad y durabilidad en la pista. \u00a1Compra ahora en www.revolutionpadelstore.com!","robots":{"index":"index","follow":"follow","max-snippet":"max-snippet:-1","max-image-preview":"max-image-preview:large","max-video-preview":"max-video-preview:-1"},"canonical":"https:\/\/revolutionpadelstore.com\/fr\/produit\/nox-at10-lux-blanco-gris\/","og_locale":"fr_FR","og_type":"article","og_title":"NOX AT10 LUX BLANCO GRIS - Revolution Padel Store","og_description":"Descubre las zapatillas Nox AT10 Lux Calatluxblgr para hombre en nuestra tienda online. Su dise\u00f1o ergon\u00f3mico y tecnolog\u00eda avanzada garantizan rendimiento, comodidad y durabilidad en la pista. \u00a1Compra ahora en www.revolutionpadelstore.com!","og_url":"https:\/\/revolutionpadelstore.com\/fr\/produit\/nox-at10-lux-blanco-gris\/","og_site_name":"Revolution Padel Store","article_modified_time":"2026-04-14T12:02:47+00:00","og_image":[{"width":1000,"height":1000,"url":"https:\/\/revolutionpadelstore.com\/wp-content\/uploads\/2024\/12\/imagen_1_24126_7e0fed8d_b3c0.webp","type":"image\/webp"}],"twitter_card":"summary_large_image","twitter_misc":{"Dur\u00e9e de lecture estim\u00e9e":"2 minutes"},"schema":{"@context":"https:\/\/schema.org","@graph":[{"@type":"WebPage","@id":"https:\/\/revolutionpadelstore.com\/fr\/produit\/nox-at10-lux-blanco-gris\/","url":"https:\/\/revolutionpadelstore.com\/fr\/produit\/nox-at10-lux-blanco-gris\/","name":"NOX AT10 LUX BLANCO GRIS - Revolution Padel Store","isPartOf":{"@id":"https:\/\/revolutionpadelstore.com\/fr\/#website"},"primaryImageOfPage":{"@id":"https:\/\/revolutionpadelstore.com\/fr\/produit\/nox-at10-lux-blanco-gris\/#primaryimage"},"image":{"@id":"https:\/\/revolutionpadelstore.com\/fr\/produit\/nox-at10-lux-blanco-gris\/#primaryimage"},"thumbnailUrl":"https:\/\/revolutionpadelstore.com\/wp-content\/uploads\/2024\/12\/imagen_1_24126_7e0fed8d_b3c0.webp","datePublished":"2024-12-22T12:58:24+00:00","dateModified":"2026-04-14T12:02:47+00:00","description":"Descubre las zapatillas Nox AT10 Lux Calatluxblgr para hombre en nuestra tienda online. Su dise\u00f1o ergon\u00f3mico y tecnolog\u00eda avanzada garantizan rendimiento, comodidad y durabilidad en la pista. \u00a1Compra ahora en www.revolutionpadelstore.com!","breadcrumb":{"@id":"https:\/\/revolutionpadelstore.com\/fr\/produit\/nox-at10-lux-blanco-gris\/#breadcrumb"},"inLanguage":"fr-FR","potentialAction":[{"@type":"ReadAction","target":["https:\/\/revolutionpadelstore.com\/fr\/produit\/nox-at10-lux-blanco-gris\/"]}]},{"@type":"ImageObject","inLanguage":"fr-FR","@id":"https:\/\/revolutionpadelstore.com\/fr\/produit\/nox-at10-lux-blanco-gris\/#primaryimage","url":"https:\/\/revolutionpadelstore.com\/wp-content\/uploads\/2024\/12\/imagen_1_24126_7e0fed8d_b3c0.webp","contentUrl":"https:\/\/revolutionpadelstore.com\/wp-content\/uploads\/2024\/12\/imagen_1_24126_7e0fed8d_b3c0.webp","width":1000,"height":1000},{"@type":"BreadcrumbList","@id":"https:\/\/revolutionpadelstore.com\/fr\/produit\/nox-at10-lux-blanco-gris\/#breadcrumb","itemListElement":[{"@type":"ListItem","position":1,"name":"Portada","item":"https:\/\/revolutionpadelstore.com\/fr\/"},{"@type":"ListItem","position":2,"name":"Boutique","item":"https:\/\/revolutionpadelstore.com\/fr\/tienda\/"},{"@type":"ListItem","position":3,"name":"NOX AT10 LUX BLANCO GRIS"}]},{"@type":"WebSite","@id":"https:\/\/revolutionpadelstore.com\/fr\/#website","url":"https:\/\/revolutionpadelstore.com\/fr\/","name":"Revolution Padel Store","description":"","publisher":{"@id":"https:\/\/revolutionpadelstore.com\/fr\/#organization"},"potentialAction":[{"@type":"SearchAction","target":{"@type":"EntryPoint","urlTemplate":"https:\/\/revolutionpadelstore.com\/fr\/?s={search_term_string}"},"query-input":{"@type":"PropertyValueSpecification","valueRequired":true,"valueName":"search_term_string"}}],"inLanguage":"fr-FR"},{"@type":"Organization","@id":"https:\/\/revolutionpadelstore.com\/fr\/#organization","name":"Revolution Padel Store","url":"https:\/\/revolutionpadelstore.com\/fr\/","logo":{"@type":"ImageObject","inLanguage":"fr-FR","@id":"https:\/\/revolutionpadelstore.com\/fr\/#\/schema\/logo\/image\/","url":"https:\/\/revolutionpadelstore.com\/wp-content\/uploads\/2026\/02\/revolution-padel-store.jpg","contentUrl":"https:\/\/revolutionpadelstore.com\/wp-content\/uploads\/2026\/02\/revolution-padel-store.jpg","width":2000,"height":2000,"caption":"Revolution Padel Store"},"image":{"@id":"https:\/\/revolutionpadelstore.com\/fr\/#\/schema\/logo\/image\/"},"sameAs":["https:\/\/www.instagram.com\/revolutionpadelstore\/"]}]}},"_links":{"self":[{"href":"https:\/\/revolutionpadelstore.com\/fr\/wp-json\/wp\/v2\/product\/156572","targetHints":{"allow":["GET"]}}],"collection":[{"href":"https:\/\/revolutionpadelstore.com\/fr\/wp-json\/wp\/v2\/product"}],"about":[{"href":"https:\/\/revolutionpadelstore.com\/fr\/wp-json\/wp\/v2\/types\/product"}],"replies":[{"embeddable":true,"href":"https:\/\/revolutionpadelstore.com\/fr\/wp-json\/wp\/v2\/comments?post=156572"}],"wp:featuredmedia":[{"embeddable":true,"href":"https:\/\/revolutionpadelstore.com\/fr\/wp-json\/wp\/v2\/media\/156515"}],"wp:attachment":[{"href":"https:\/\/revolutionpadelstore.com\/fr\/wp-json\/wp\/v2\/media?parent=156572"}],"wp:term":[{"taxonomy":"acabado","embeddable":true,"href":"https:\/\/revolutionpadelstore.com\/fr\/wp-json\/wp\/v2\/acabado?post=156572"},{"taxonomy":"balance","embeddable":true,"href":"https:\/\/revolutionpadelstore.com\/fr\/wp-json\/wp\/v2\/balance?post=156572"},{"taxonomy":"dureza","embeddable":true,"href":"https:\/\/revolutionpadelstore.com\/fr\/wp-json\/wp\/v2\/dureza?post=156572"},{"taxonomy":"forma","embeddable":true,"href":"https:\/\/revolutionpadelstore.com\/fr\/wp-json\/wp\/v2\/forma?post=156572"},{"taxonomy":"jugador","embeddable":true,"href":"https:\/\/revolutionpadelstore.com\/fr\/wp-json\/wp\/v2\/jugador?post=156572"},{"taxonomy":"marca","embeddable":true,"href":"https:\/\/revolutionpadelstore.com\/fr\/wp-json\/wp\/v2\/marca?post=156572"},{"taxonomy":"nivel-de-juego","embeddable":true,"href":"https:\/\/revolutionpadelstore.com\/fr\/wp-json\/wp\/v2\/nivel-de-juego?post=156572"},{"taxonomy":"superficie","embeddable":true,"href":"https:\/\/revolutionpadelstore.com\/fr\/wp-json\/wp\/v2\/superficie?post=156572"},{"taxonomy":"tipo-de-juego","embeddable":true,"href":"https:\/\/revolutionpadelstore.com\/fr\/wp-json\/wp\/v2\/tipo-de-juego?post=156572"},{"taxonomy":"product_brand","embeddable":true,"href":"https:\/\/revolutionpadelstore.com\/fr\/wp-json\/wp\/v2\/product_brand?post=156572"},{"taxonomy":"product_cat","embeddable":true,"href":"https:\/\/revolutionpadelstore.com\/fr\/wp-json\/wp\/v2\/product_cat?post=156572"},{"taxonomy":"product_tag","embeddable":true,"href":"https:\/\/revolutionpadelstore.com\/fr\/wp-json\/wp\/v2\/product_tag?post=156572"}],"curies":[{"name":"wp","href":"https:\/\/api.w.org\/{rel}","templated":true}]}}