{"id":156384,"date":"2024-12-22T13:39:52","date_gmt":"2024-12-22T12:39:52","guid":{"rendered":"https:\/\/revolutionpadelstore.com\/?post_type=product&#038;p=156384"},"modified":"2026-04-01T05:48:23","modified_gmt":"2026-04-01T03:48:23","slug":"pack-at10-genius-limited-edition-2025-3","status":"publish","type":"product","link":"https:\/\/revolutionpadelstore.com\/fr\/produit\/pack-at10-genius-limited-edition-2025-3\/","title":{"rendered":"PACK AT10 GENIUS LIMITED EDITION 2025"},"content":{"rendered":"<h2> <strong> pack AT10 Genius Limited Edition 2025 Le pack le plus exclusif et le plus complet pour les amateurs de paddle <\/strong> <\/h2>\n<p>Le <strong> pack AT10 Genius Limited Edition 2025 <\/strong> est con\u00e7u pour offrir une exp\u00e9rience premium dans chaque jeu. Cet ensemble comprend:<\/p>\n<p><strong> -pala AT10 Genius Ltd Edition 2025 <\/strong><\/p>\n<p><strong> -2 Black Nox Dolls <\/strong> avec logo argent\u00e9<\/p>\n<p><strong> -2 Surgrips et 2 smartap\u00ae <\/strong> pour personnaliser votre pelle<\/p>\n<p><strong> -1 Replica Keynchain de la pelle <\/strong>, un d\u00e9tail exclusif<\/p>\n<h2> <strong> Blade AT10 Genius Ltd Edition 2025 <\/strong> <\/h2>\n<p>La tourbillon AT10 Genius Ltd Edition 2025 combine la technologie avanc\u00e9e et le design innovant, id\u00e9al pour ceux qui recherchent le meilleur en <Strong> performance et adaptabilit\u00e9 dans le jeu <\/strong>.<\/p>\n<p><strong> &#8211; Mat\u00e9riaux de qualit\u00e9 high <\/strong>: Construit avec du carbone 18K, offre une durabilit\u00e9 et une rigidit\u00e9 maximales.<\/p>\n<p><strong> -NuCole mld Black Eva <\/strong>: Son syst\u00e8me multicapa de double densit\u00e9 fournit une touche unique:<\/p>\n<p>-Cara avec <strong> tact dur <\/strong> pour une puissance maximale.<\/p>\n<p>-Cara avec <strong> Touch interm\u00e9diaire <\/strong> pour un plus grand contr\u00f4le et une sortie de la balle.<\/p>\n<p><strong> -spin 3D Technology <\/strong>: La surface rugueuse avec la finition de sable am\u00e9liore les effets \u00e0 chaque coup.<\/p>\n<p><strong> -form et \u00e9quilibre optimis\u00e9 <\/strong>: sa conception de d\u00e9chirure et son \u00e9quilibre interm\u00e9diaire assurent un \u00e9quilibre parfait entre la puissance et le contr\u00f4le, s&#8217;adaptant \u00e0 tout style de jeu.<\/p>\n<h2> <strong> Sp\u00e9cifications techniques <\/strong> <\/h2>\n<p><strong> -Peso <\/strong>: 360-375 g.<\/p>\n<p><strong> -Marco <\/strong>: 100% carbone.<\/p>\n<p><strong> -nucole <\/strong>: MLD Black Eva multicapa (noyau \u00e0 double densit\u00e9).<\/p>\n<p><strong> -Superficie <\/strong>: Rough avec le motif 3D et la finition de sable.<\/p>\n<h2> <strong> Avantages cl\u00e9s <\/strong> <\/h2>\n<p><strong> &#8211; Volvytilit\u00e9 totale <\/strong>: id\u00e9al pour les joueurs avanc\u00e9s \u00e0 la recherche d&#8217;une adaptabilit\u00e9 maximale \u00e0 chaque point.<\/p>\n<p><strong> &#8211; Conception exclusive <\/strong>: D\u00e9tails premium qui se d\u00e9marquent \u00e0 la fois sur et hors de la piste.<\/p>\n<p><strong> -ca Actes personnalis\u00e9s <\/strong>: Les surgments et les SmartP\u00ae inclus permettent de r\u00e9gler la pelle en fonction de vos besoins.<\/p>\n<h2> <strong> Pourquoi choisir l&#8217;\u00e9dition limit\u00e9e AT10 Genius 2025 <\/strong> <\/h2>\n<p>Ce pack n&#8217;est pas seulement un outil professionnel pour am\u00e9liorer votre jeu, mais aussi un symbole d&#8217;exclusivit\u00e9 dans le monde de la pagaie. Faites passer votre niveau au maximum et profitez d&#8217;un \u00e9quipement con\u00e7u pour gagner.<\/p>\n<p><strong> maintenant disponible dans notre boutique en ligne <a href=\"http:\/\/www.revolutionpadelstore.com\/\"> www.revolutionpadelstore.com <\/a> <\/strong> probablement au meilleur prix de march\u00e9. N&#8217;attendez plus et \u00e9quipez votre jeu avec le meilleur de Nox!<\/p>\n<h2><strong>Pack AT10 Genius Limited Edition 2025 el pack m\u00e1s exclusivo y completo para los amantes del p\u00e1del<\/strong><\/p>\n","protected":false},"excerpt":{"rendered":"<p>L&#8217;AT10 Genius Ltd Edition 2025 combine le contr\u00f4le, la puissance et la polyvalence gr\u00e2ce \u00e0 son noyau de base \u00e0 double densit\u00e9 et \u00e0 sa structure de carbone 18K, \u00e9tant parfait pour les joueurs qui recherchent des performances maximales.<\/p>\n","protected":false},"featured_media":156396,"comment_status":"open","ping_status":"closed","template":"","meta":{"_acf_changed":false,"_joinchat":[]},"acabado":[1092],"balance":[1142],"dureza":[1162,1157],"forma":[1187],"jugador":[1192,1202],"marca":[1262],"nivel-de-juego":[1337],"superficie":[1362],"tipo-de-juego":[1387],"product_brand":[],"product_cat":[302],"product_tag":[],"class_list":{"0":"post-156384","1":"product","2":"type-product","3":"status-publish","4":"has-post-thumbnail","6":"acabado-soulager-la-3d","7":"balance-moyen","8":"dureza-dure","9":"dureza-media-fr","10":"forma-lagrima-fr","11":"jugador-homme","12":"jugador-polivalente-fr","13":"marca-nox-fr","14":"superficie-rugosa-fr","15":"tipo-de-juego-polivalente-fr","16":"product_cat-palas-de-padel-fr","18":"first","19":"outofstock","20":"sale","21":"taxable","22":"shipping-taxable","23":"purchasable","24":"product-type-simple"},"acf":[],"yoast_head":"<!-- This site is optimized with the Yoast SEO plugin v27.3 - https:\/\/yoast.com\/product\/yoast-seo-wordpress\/ -->\n<title>PACK AT10 GENIUS LIMITED EDITION 2025 - Revolution Padel Store<\/title>\n<meta name=\"description\" content=\"&quot;Consigue el exclusivo Pack AT10 Genius Limited Edition 2025 en www.revolutionpadelstore.com. Incluye pala de alta tecnolog\u00eda, accesorios premium y dise\u00f1o Spin 3D. Ideal para jugadores avanzados. \u00a1Al mejor precio!&quot;\" \/>\n<meta name=\"robots\" content=\"index, follow, max-snippet:-1, max-image-preview:large, max-video-preview:-1\" \/>\n<link rel=\"canonical\" href=\"https:\/\/revolutionpadelstore.com\/fr\/produit\/pack-at10-genius-limited-edition-2025-3\/\" \/>\n<meta property=\"og:locale\" content=\"fr_FR\" \/>\n<meta property=\"og:type\" content=\"article\" \/>\n<meta property=\"og:title\" content=\"PACK AT10 GENIUS LIMITED EDITION 2025 - Revolution Padel Store\" \/>\n<meta property=\"og:description\" content=\"&quot;Consigue el exclusivo Pack AT10 Genius Limited Edition 2025 en www.revolutionpadelstore.com. Incluye pala de alta tecnolog\u00eda, accesorios premium y dise\u00f1o Spin 3D. Ideal para jugadores avanzados. \u00a1Al mejor precio!&quot;\" \/>\n<meta property=\"og:url\" content=\"https:\/\/revolutionpadelstore.com\/fr\/produit\/pack-at10-genius-limited-edition-2025-3\/\" \/>\n<meta property=\"og:site_name\" content=\"Revolution Padel Store\" \/>\n<meta property=\"article:modified_time\" content=\"2026-04-01T03:48:23+00:00\" \/>\n<meta property=\"og:image\" content=\"https:\/\/revolutionpadelstore.com\/wp-content\/uploads\/2024\/12\/116498-pack-at-genius-limited-edition-packpatltd25-1200x1200-2.webp\" \/>\n\t<meta property=\"og:image:width\" content=\"1200\" \/>\n\t<meta property=\"og:image:height\" content=\"1200\" \/>\n\t<meta property=\"og:image:type\" content=\"image\/webp\" \/>\n<meta name=\"twitter:card\" content=\"summary_large_image\" \/>\n<meta name=\"twitter:label1\" content=\"Dur\u00e9e de lecture estim\u00e9e\" \/>\n\t<meta name=\"twitter:data1\" content=\"2 minutes\" \/>\n<script type=\"application\/ld+json\" class=\"yoast-schema-graph\">{\"@context\":\"https:\\\/\\\/schema.org\",\"@graph\":[{\"@type\":\"WebPage\",\"@id\":\"https:\\\/\\\/revolutionpadelstore.com\\\/fr\\\/produit\\\/pack-at10-genius-limited-edition-2025-3\\\/\",\"url\":\"https:\\\/\\\/revolutionpadelstore.com\\\/fr\\\/produit\\\/pack-at10-genius-limited-edition-2025-3\\\/\",\"name\":\"PACK AT10 GENIUS LIMITED EDITION 2025 - Revolution Padel Store\",\"isPartOf\":{\"@id\":\"https:\\\/\\\/revolutionpadelstore.com\\\/fr\\\/#website\"},\"primaryImageOfPage\":{\"@id\":\"https:\\\/\\\/revolutionpadelstore.com\\\/fr\\\/produit\\\/pack-at10-genius-limited-edition-2025-3\\\/#primaryimage\"},\"image\":{\"@id\":\"https:\\\/\\\/revolutionpadelstore.com\\\/fr\\\/produit\\\/pack-at10-genius-limited-edition-2025-3\\\/#primaryimage\"},\"thumbnailUrl\":\"https:\\\/\\\/revolutionpadelstore.com\\\/wp-content\\\/uploads\\\/2024\\\/12\\\/116498-pack-at-genius-limited-edition-packpatltd25-1200x1200-2.webp\",\"datePublished\":\"2024-12-22T12:39:52+00:00\",\"dateModified\":\"2026-04-01T03:48:23+00:00\",\"description\":\"\\\"Consigue el exclusivo Pack AT10 Genius Limited Edition 2025 en www.revolutionpadelstore.com. Incluye pala de alta tecnolog\u00eda, accesorios premium y dise\u00f1o Spin 3D. Ideal para jugadores avanzados. \u00a1Al mejor precio!\\\"\",\"breadcrumb\":{\"@id\":\"https:\\\/\\\/revolutionpadelstore.com\\\/fr\\\/produit\\\/pack-at10-genius-limited-edition-2025-3\\\/#breadcrumb\"},\"inLanguage\":\"fr-FR\",\"potentialAction\":[{\"@type\":\"ReadAction\",\"target\":[\"https:\\\/\\\/revolutionpadelstore.com\\\/fr\\\/produit\\\/pack-at10-genius-limited-edition-2025-3\\\/\"]}]},{\"@type\":\"ImageObject\",\"inLanguage\":\"fr-FR\",\"@id\":\"https:\\\/\\\/revolutionpadelstore.com\\\/fr\\\/produit\\\/pack-at10-genius-limited-edition-2025-3\\\/#primaryimage\",\"url\":\"https:\\\/\\\/revolutionpadelstore.com\\\/wp-content\\\/uploads\\\/2024\\\/12\\\/116498-pack-at-genius-limited-edition-packpatltd25-1200x1200-2.webp\",\"contentUrl\":\"https:\\\/\\\/revolutionpadelstore.com\\\/wp-content\\\/uploads\\\/2024\\\/12\\\/116498-pack-at-genius-limited-edition-packpatltd25-1200x1200-2.webp\",\"width\":1200,\"height\":1200},{\"@type\":\"BreadcrumbList\",\"@id\":\"https:\\\/\\\/revolutionpadelstore.com\\\/fr\\\/produit\\\/pack-at10-genius-limited-edition-2025-3\\\/#breadcrumb\",\"itemListElement\":[{\"@type\":\"ListItem\",\"position\":1,\"name\":\"Portada\",\"item\":\"https:\\\/\\\/revolutionpadelstore.com\\\/fr\\\/\"},{\"@type\":\"ListItem\",\"position\":2,\"name\":\"Boutique\",\"item\":\"https:\\\/\\\/revolutionpadelstore.com\\\/fr\\\/tienda\\\/\"},{\"@type\":\"ListItem\",\"position\":3,\"name\":\"PACK AT10 GENIUS LIMITED EDITION 2025\"}]},{\"@type\":\"WebSite\",\"@id\":\"https:\\\/\\\/revolutionpadelstore.com\\\/fr\\\/#website\",\"url\":\"https:\\\/\\\/revolutionpadelstore.com\\\/fr\\\/\",\"name\":\"Revolution Padel Store\",\"description\":\"\",\"publisher\":{\"@id\":\"https:\\\/\\\/revolutionpadelstore.com\\\/fr\\\/#organization\"},\"potentialAction\":[{\"@type\":\"SearchAction\",\"target\":{\"@type\":\"EntryPoint\",\"urlTemplate\":\"https:\\\/\\\/revolutionpadelstore.com\\\/fr\\\/?s={search_term_string}\"},\"query-input\":{\"@type\":\"PropertyValueSpecification\",\"valueRequired\":true,\"valueName\":\"search_term_string\"}}],\"inLanguage\":\"fr-FR\"},{\"@type\":\"Organization\",\"@id\":\"https:\\\/\\\/revolutionpadelstore.com\\\/fr\\\/#organization\",\"name\":\"Revolution Padel Store\",\"url\":\"https:\\\/\\\/revolutionpadelstore.com\\\/fr\\\/\",\"logo\":{\"@type\":\"ImageObject\",\"inLanguage\":\"fr-FR\",\"@id\":\"https:\\\/\\\/revolutionpadelstore.com\\\/fr\\\/#\\\/schema\\\/logo\\\/image\\\/\",\"url\":\"https:\\\/\\\/revolutionpadelstore.com\\\/wp-content\\\/uploads\\\/2026\\\/02\\\/revolution-padel-store.jpg\",\"contentUrl\":\"https:\\\/\\\/revolutionpadelstore.com\\\/wp-content\\\/uploads\\\/2026\\\/02\\\/revolution-padel-store.jpg\",\"width\":2000,\"height\":2000,\"caption\":\"Revolution Padel Store\"},\"image\":{\"@id\":\"https:\\\/\\\/revolutionpadelstore.com\\\/fr\\\/#\\\/schema\\\/logo\\\/image\\\/\"},\"sameAs\":[\"https:\\\/\\\/www.instagram.com\\\/revolutionpadelstore\\\/\"]}]}<\/script>\n<!-- \/ Yoast SEO plugin. -->","yoast_head_json":{"title":"PACK AT10 GENIUS LIMITED EDITION 2025 - Revolution Padel Store","description":"\"Consigue el exclusivo Pack AT10 Genius Limited Edition 2025 en www.revolutionpadelstore.com. Incluye pala de alta tecnolog\u00eda, accesorios premium y dise\u00f1o Spin 3D. Ideal para jugadores avanzados. \u00a1Al mejor precio!\"","robots":{"index":"index","follow":"follow","max-snippet":"max-snippet:-1","max-image-preview":"max-image-preview:large","max-video-preview":"max-video-preview:-1"},"canonical":"https:\/\/revolutionpadelstore.com\/fr\/produit\/pack-at10-genius-limited-edition-2025-3\/","og_locale":"fr_FR","og_type":"article","og_title":"PACK AT10 GENIUS LIMITED EDITION 2025 - Revolution Padel Store","og_description":"\"Consigue el exclusivo Pack AT10 Genius Limited Edition 2025 en www.revolutionpadelstore.com. Incluye pala de alta tecnolog\u00eda, accesorios premium y dise\u00f1o Spin 3D. Ideal para jugadores avanzados. \u00a1Al mejor precio!\"","og_url":"https:\/\/revolutionpadelstore.com\/fr\/produit\/pack-at10-genius-limited-edition-2025-3\/","og_site_name":"Revolution Padel Store","article_modified_time":"2026-04-01T03:48:23+00:00","og_image":[{"width":1200,"height":1200,"url":"https:\/\/revolutionpadelstore.com\/wp-content\/uploads\/2024\/12\/116498-pack-at-genius-limited-edition-packpatltd25-1200x1200-2.webp","type":"image\/webp"}],"twitter_card":"summary_large_image","twitter_misc":{"Dur\u00e9e de lecture estim\u00e9e":"2 minutes"},"schema":{"@context":"https:\/\/schema.org","@graph":[{"@type":"WebPage","@id":"https:\/\/revolutionpadelstore.com\/fr\/produit\/pack-at10-genius-limited-edition-2025-3\/","url":"https:\/\/revolutionpadelstore.com\/fr\/produit\/pack-at10-genius-limited-edition-2025-3\/","name":"PACK AT10 GENIUS LIMITED EDITION 2025 - Revolution Padel Store","isPartOf":{"@id":"https:\/\/revolutionpadelstore.com\/fr\/#website"},"primaryImageOfPage":{"@id":"https:\/\/revolutionpadelstore.com\/fr\/produit\/pack-at10-genius-limited-edition-2025-3\/#primaryimage"},"image":{"@id":"https:\/\/revolutionpadelstore.com\/fr\/produit\/pack-at10-genius-limited-edition-2025-3\/#primaryimage"},"thumbnailUrl":"https:\/\/revolutionpadelstore.com\/wp-content\/uploads\/2024\/12\/116498-pack-at-genius-limited-edition-packpatltd25-1200x1200-2.webp","datePublished":"2024-12-22T12:39:52+00:00","dateModified":"2026-04-01T03:48:23+00:00","description":"\"Consigue el exclusivo Pack AT10 Genius Limited Edition 2025 en www.revolutionpadelstore.com. Incluye pala de alta tecnolog\u00eda, accesorios premium y dise\u00f1o Spin 3D. Ideal para jugadores avanzados. \u00a1Al mejor precio!\"","breadcrumb":{"@id":"https:\/\/revolutionpadelstore.com\/fr\/produit\/pack-at10-genius-limited-edition-2025-3\/#breadcrumb"},"inLanguage":"fr-FR","potentialAction":[{"@type":"ReadAction","target":["https:\/\/revolutionpadelstore.com\/fr\/produit\/pack-at10-genius-limited-edition-2025-3\/"]}]},{"@type":"ImageObject","inLanguage":"fr-FR","@id":"https:\/\/revolutionpadelstore.com\/fr\/produit\/pack-at10-genius-limited-edition-2025-3\/#primaryimage","url":"https:\/\/revolutionpadelstore.com\/wp-content\/uploads\/2024\/12\/116498-pack-at-genius-limited-edition-packpatltd25-1200x1200-2.webp","contentUrl":"https:\/\/revolutionpadelstore.com\/wp-content\/uploads\/2024\/12\/116498-pack-at-genius-limited-edition-packpatltd25-1200x1200-2.webp","width":1200,"height":1200},{"@type":"BreadcrumbList","@id":"https:\/\/revolutionpadelstore.com\/fr\/produit\/pack-at10-genius-limited-edition-2025-3\/#breadcrumb","itemListElement":[{"@type":"ListItem","position":1,"name":"Portada","item":"https:\/\/revolutionpadelstore.com\/fr\/"},{"@type":"ListItem","position":2,"name":"Boutique","item":"https:\/\/revolutionpadelstore.com\/fr\/tienda\/"},{"@type":"ListItem","position":3,"name":"PACK AT10 GENIUS LIMITED EDITION 2025"}]},{"@type":"WebSite","@id":"https:\/\/revolutionpadelstore.com\/fr\/#website","url":"https:\/\/revolutionpadelstore.com\/fr\/","name":"Revolution Padel Store","description":"","publisher":{"@id":"https:\/\/revolutionpadelstore.com\/fr\/#organization"},"potentialAction":[{"@type":"SearchAction","target":{"@type":"EntryPoint","urlTemplate":"https:\/\/revolutionpadelstore.com\/fr\/?s={search_term_string}"},"query-input":{"@type":"PropertyValueSpecification","valueRequired":true,"valueName":"search_term_string"}}],"inLanguage":"fr-FR"},{"@type":"Organization","@id":"https:\/\/revolutionpadelstore.com\/fr\/#organization","name":"Revolution Padel Store","url":"https:\/\/revolutionpadelstore.com\/fr\/","logo":{"@type":"ImageObject","inLanguage":"fr-FR","@id":"https:\/\/revolutionpadelstore.com\/fr\/#\/schema\/logo\/image\/","url":"https:\/\/revolutionpadelstore.com\/wp-content\/uploads\/2026\/02\/revolution-padel-store.jpg","contentUrl":"https:\/\/revolutionpadelstore.com\/wp-content\/uploads\/2026\/02\/revolution-padel-store.jpg","width":2000,"height":2000,"caption":"Revolution Padel Store"},"image":{"@id":"https:\/\/revolutionpadelstore.com\/fr\/#\/schema\/logo\/image\/"},"sameAs":["https:\/\/www.instagram.com\/revolutionpadelstore\/"]}]}},"_links":{"self":[{"href":"https:\/\/revolutionpadelstore.com\/fr\/wp-json\/wp\/v2\/product\/156384","targetHints":{"allow":["GET"]}}],"collection":[{"href":"https:\/\/revolutionpadelstore.com\/fr\/wp-json\/wp\/v2\/product"}],"about":[{"href":"https:\/\/revolutionpadelstore.com\/fr\/wp-json\/wp\/v2\/types\/product"}],"replies":[{"embeddable":true,"href":"https:\/\/revolutionpadelstore.com\/fr\/wp-json\/wp\/v2\/comments?post=156384"}],"wp:featuredmedia":[{"embeddable":true,"href":"https:\/\/revolutionpadelstore.com\/fr\/wp-json\/wp\/v2\/media\/156396"}],"wp:attachment":[{"href":"https:\/\/revolutionpadelstore.com\/fr\/wp-json\/wp\/v2\/media?parent=156384"}],"wp:term":[{"taxonomy":"acabado","embeddable":true,"href":"https:\/\/revolutionpadelstore.com\/fr\/wp-json\/wp\/v2\/acabado?post=156384"},{"taxonomy":"balance","embeddable":true,"href":"https:\/\/revolutionpadelstore.com\/fr\/wp-json\/wp\/v2\/balance?post=156384"},{"taxonomy":"dureza","embeddable":true,"href":"https:\/\/revolutionpadelstore.com\/fr\/wp-json\/wp\/v2\/dureza?post=156384"},{"taxonomy":"forma","embeddable":true,"href":"https:\/\/revolutionpadelstore.com\/fr\/wp-json\/wp\/v2\/forma?post=156384"},{"taxonomy":"jugador","embeddable":true,"href":"https:\/\/revolutionpadelstore.com\/fr\/wp-json\/wp\/v2\/jugador?post=156384"},{"taxonomy":"marca","embeddable":true,"href":"https:\/\/revolutionpadelstore.com\/fr\/wp-json\/wp\/v2\/marca?post=156384"},{"taxonomy":"nivel-de-juego","embeddable":true,"href":"https:\/\/revolutionpadelstore.com\/fr\/wp-json\/wp\/v2\/nivel-de-juego?post=156384"},{"taxonomy":"superficie","embeddable":true,"href":"https:\/\/revolutionpadelstore.com\/fr\/wp-json\/wp\/v2\/superficie?post=156384"},{"taxonomy":"tipo-de-juego","embeddable":true,"href":"https:\/\/revolutionpadelstore.com\/fr\/wp-json\/wp\/v2\/tipo-de-juego?post=156384"},{"taxonomy":"product_brand","embeddable":true,"href":"https:\/\/revolutionpadelstore.com\/fr\/wp-json\/wp\/v2\/product_brand?post=156384"},{"taxonomy":"product_cat","embeddable":true,"href":"https:\/\/revolutionpadelstore.com\/fr\/wp-json\/wp\/v2\/product_cat?post=156384"},{"taxonomy":"product_tag","embeddable":true,"href":"https:\/\/revolutionpadelstore.com\/fr\/wp-json\/wp\/v2\/product_tag?post=156384"}],"curies":[{"name":"wp","href":"https:\/\/api.w.org\/{rel}","templated":true}]}}