{"id":156270,"date":"2024-12-20T08:43:44","date_gmt":"2024-12-20T07:43:44","guid":{"rendered":"https:\/\/revolutionpadelstore.com\/falda-bullpadel-logar-negro\/"},"modified":"2026-04-08T09:06:30","modified_gmt":"2026-04-08T07:06:30","slug":"falda-bullpadel-logar-501-3","status":"publish","type":"product","link":"https:\/\/revolutionpadelstore.com\/fr\/produit\/falda-bullpadel-logar-501-3\/","title":{"rendered":"FALDA BULLPADEL LOGAR 501"},"content":{"rendered":"<h2> jupe technique Logar proline <\/h2>\n<p>D\u00e9couvrez la jupe technique <strong> \u00e9l\u00e9gante de la ligne proline <\/strong>, con\u00e7ue pour vous offrir des performances uniques sur la piste de paddle. Son design combine le style et les fonctionnalit\u00e9s, s&#8217;adaptant aux besoins des joueurs les plus exigeants.<\/p>\n<h2> Caract\u00e9ristiques principales: <\/h2>\n<p><strong> -Cinturilla avec cordon r\u00e9glable <\/strong>: offre un ajustement parfait et un confort personnalis\u00e9.<\/p>\n<p><strong> &#8211; Sous-sol de c\u00f4t\u00e9 <\/strong>: Id\u00e9al pour enregistrer des accessoires ou des balles pendant le jeu.<\/p>\n<p><strong> -Welling <\/strong>: Il offre un soutien et une libert\u00e9 de mouvement suppl\u00e9mentaires.<\/p>\n<p><strong> &#8211; T\u00e2che technique de qualit\u00e9 haute <\/strong>: fabriqu\u00e9 avec des ribstops en polyester \u00e9lastique dans deux directions, compl\u00e9t\u00e9es par des inserts de maillage de verrouillage qui garantissent la durabilit\u00e9 et la ventilation.<\/p>\n<h2> Innovation dans la technologie: <\/h2>\n<p><strong> -thermosellate <\/strong>: augmenter la r\u00e9sistance et le confort, en \u00e9vitant les frictions pendant les mouvements intenses.<\/p>\n<p><strong> &#8211; Ventilation lat\u00e9rale <\/strong>: am\u00e9liore la circulation de l&#8217;air, vous gardant fra\u00eeche \u00e0 tout moment.<\/p>\n<p><strong> &#8211; Tecnologie drynynamique <\/strong>: microfilaments qui maximisent la respirabilit\u00e9 et r\u00e9duisent l&#8217;humidit\u00e9, vous gardant au sec et confortable m\u00eame dans les parties les plus exigeantes.<\/p>\n<h2> Avantages: <\/h2>\n<p>-Lig\u00e8re, confortable et fonctionnel, c&#8217;est le v\u00eatement id\u00e9al pour combiner les performances techniques avec l&#8217;\u00e9l\u00e9gance.<\/p>\n<p>-Perfect pour les joueurs de tous niveaux, de l&#8217;amateur au professionnel.<\/p>\n<p>-M\u00e9lies con\u00e7ues pour r\u00e9sister \u00e0 l&#8217;usure, assurant une dur\u00e9e de vie utile prolong\u00e9e.<\/p>\n<p>Cette jupe technique est disponible dans notre boutique en ligne <strong> <a href=\"https:\/\/www.revolutionpadelstore.com\/\"> www.revolutionpadelstore.com <\/a> <\/strong>, probablement au meilleur prix de march\u00e9. N&#8217;attendez plus pour am\u00e9liorer votre jeu de style!<\/p>\n<h2>Falda T\u00e9cnica LOGAR Proline<\/h2>\n","protected":false},"excerpt":{"rendered":"<p>D\u00e9couvrez la jupe technique <strong> \u00e9l\u00e9gante de la ligne proline <\/strong>, con\u00e7ue pour vous offrir des performances uniques sur la piste de paddle. Son design combine le style et les fonctionnalit\u00e9s, s&#8217;adaptant aux besoins des joueurs les plus exigeants.<strong>falda t\u00e9cnica elegante de la l\u00ednea Proline<\/strong><\/p>\n","protected":false},"featured_media":156193,"comment_status":"open","ping_status":"closed","template":"","meta":{"_acf_changed":false,"_joinchat":[]},"acabado":[],"balance":[],"dureza":[],"forma":[],"jugador":[1197],"marca":[1257],"nivel-de-juego":[],"superficie":[],"tipo-de-juego":[],"product_brand":[],"product_cat":[344],"product_tag":[],"class_list":{"0":"post-156270","1":"product","2":"type-product","3":"status-publish","4":"has-post-thumbnail","6":"jugador-mujer-fr","7":"marca-bullpadel-fr","8":"product_cat-ropa-fr","10":"first","11":"outofstock","12":"sale","13":"taxable","14":"shipping-taxable","15":"purchasable","16":"product-type-variable"},"acf":[],"yoast_head":"<!-- This site is optimized with the Yoast SEO plugin v27.4 - https:\/\/yoast.com\/product\/yoast-seo-wordpress\/ -->\n<title>FALDA BULLPADEL LOGAR 501 - Revolution Padel Store<\/title>\n<meta name=\"description\" content=\"Compra la falda t\u00e9cnica elegante Proline en Revolution Padel Store. Dise\u00f1ada con tejido t\u00e9cnico y tecnolog\u00eda Drynamic, ofrece comodidad y rendimiento. \u00a1Disponible al mejor precio!\" \/>\n<meta name=\"robots\" content=\"index, follow, max-snippet:-1, max-image-preview:large, max-video-preview:-1\" \/>\n<link rel=\"canonical\" href=\"https:\/\/revolutionpadelstore.com\/fr\/produit\/falda-bullpadel-logar-501-3\/\" \/>\n<meta property=\"og:locale\" content=\"fr_FR\" \/>\n<meta property=\"og:type\" content=\"article\" \/>\n<meta property=\"og:title\" content=\"FALDA BULLPADEL LOGAR 501 - Revolution Padel Store\" \/>\n<meta property=\"og:description\" content=\"Compra la falda t\u00e9cnica elegante Proline en Revolution Padel Store. Dise\u00f1ada con tejido t\u00e9cnico y tecnolog\u00eda Drynamic, ofrece comodidad y rendimiento. \u00a1Disponible al mejor precio!\" \/>\n<meta property=\"og:url\" content=\"https:\/\/revolutionpadelstore.com\/fr\/produit\/falda-bullpadel-logar-501-3\/\" \/>\n<meta property=\"og:site_name\" content=\"Revolution Padel Store\" \/>\n<meta property=\"article:modified_time\" content=\"2026-04-08T07:06:30+00:00\" \/>\n<meta property=\"og:image\" content=\"https:\/\/revolutionpadelstore.com\/wp-content\/uploads\/2024\/12\/falda-bullpadel-logar-hormigon.jpg\" \/>\n\t<meta property=\"og:image:width\" content=\"1000\" \/>\n\t<meta property=\"og:image:height\" content=\"1188\" \/>\n\t<meta property=\"og:image:type\" content=\"image\/jpeg\" \/>\n<meta name=\"twitter:card\" content=\"summary_large_image\" \/>\n<meta name=\"twitter:label1\" content=\"Dur\u00e9e de lecture estim\u00e9e\" \/>\n\t<meta name=\"twitter:data1\" content=\"2 minutes\" \/>\n<script type=\"application\/ld+json\" class=\"yoast-schema-graph\">{\"@context\":\"https:\\\/\\\/schema.org\",\"@graph\":[{\"@type\":\"WebPage\",\"@id\":\"https:\\\/\\\/revolutionpadelstore.com\\\/fr\\\/produit\\\/falda-bullpadel-logar-501-3\\\/\",\"url\":\"https:\\\/\\\/revolutionpadelstore.com\\\/fr\\\/produit\\\/falda-bullpadel-logar-501-3\\\/\",\"name\":\"FALDA BULLPADEL LOGAR 501 - Revolution Padel Store\",\"isPartOf\":{\"@id\":\"https:\\\/\\\/revolutionpadelstore.com\\\/fr\\\/#website\"},\"primaryImageOfPage\":{\"@id\":\"https:\\\/\\\/revolutionpadelstore.com\\\/fr\\\/produit\\\/falda-bullpadel-logar-501-3\\\/#primaryimage\"},\"image\":{\"@id\":\"https:\\\/\\\/revolutionpadelstore.com\\\/fr\\\/produit\\\/falda-bullpadel-logar-501-3\\\/#primaryimage\"},\"thumbnailUrl\":\"https:\\\/\\\/revolutionpadelstore.com\\\/wp-content\\\/uploads\\\/2024\\\/12\\\/falda-bullpadel-logar-hormigon.jpg\",\"datePublished\":\"2024-12-20T07:43:44+00:00\",\"dateModified\":\"2026-04-08T07:06:30+00:00\",\"description\":\"Compra la falda t\u00e9cnica elegante Proline en Revolution Padel Store. Dise\u00f1ada con tejido t\u00e9cnico y tecnolog\u00eda Drynamic, ofrece comodidad y rendimiento. \u00a1Disponible al mejor precio!\",\"breadcrumb\":{\"@id\":\"https:\\\/\\\/revolutionpadelstore.com\\\/fr\\\/produit\\\/falda-bullpadel-logar-501-3\\\/#breadcrumb\"},\"inLanguage\":\"fr-FR\",\"potentialAction\":[{\"@type\":\"ReadAction\",\"target\":[\"https:\\\/\\\/revolutionpadelstore.com\\\/fr\\\/produit\\\/falda-bullpadel-logar-501-3\\\/\"]}]},{\"@type\":\"ImageObject\",\"inLanguage\":\"fr-FR\",\"@id\":\"https:\\\/\\\/revolutionpadelstore.com\\\/fr\\\/produit\\\/falda-bullpadel-logar-501-3\\\/#primaryimage\",\"url\":\"https:\\\/\\\/revolutionpadelstore.com\\\/wp-content\\\/uploads\\\/2024\\\/12\\\/falda-bullpadel-logar-hormigon.jpg\",\"contentUrl\":\"https:\\\/\\\/revolutionpadelstore.com\\\/wp-content\\\/uploads\\\/2024\\\/12\\\/falda-bullpadel-logar-hormigon.jpg\",\"width\":1000,\"height\":1188},{\"@type\":\"BreadcrumbList\",\"@id\":\"https:\\\/\\\/revolutionpadelstore.com\\\/fr\\\/produit\\\/falda-bullpadel-logar-501-3\\\/#breadcrumb\",\"itemListElement\":[{\"@type\":\"ListItem\",\"position\":1,\"name\":\"Portada\",\"item\":\"https:\\\/\\\/revolutionpadelstore.com\\\/fr\\\/\"},{\"@type\":\"ListItem\",\"position\":2,\"name\":\"Boutique\",\"item\":\"https:\\\/\\\/revolutionpadelstore.com\\\/fr\\\/tienda\\\/\"},{\"@type\":\"ListItem\",\"position\":3,\"name\":\"FALDA BULLPADEL LOGAR 501\"}]},{\"@type\":\"WebSite\",\"@id\":\"https:\\\/\\\/revolutionpadelstore.com\\\/fr\\\/#website\",\"url\":\"https:\\\/\\\/revolutionpadelstore.com\\\/fr\\\/\",\"name\":\"Revolution Padel Store\",\"description\":\"\",\"publisher\":{\"@id\":\"https:\\\/\\\/revolutionpadelstore.com\\\/fr\\\/#organization\"},\"potentialAction\":[{\"@type\":\"SearchAction\",\"target\":{\"@type\":\"EntryPoint\",\"urlTemplate\":\"https:\\\/\\\/revolutionpadelstore.com\\\/fr\\\/?s={search_term_string}\"},\"query-input\":{\"@type\":\"PropertyValueSpecification\",\"valueRequired\":true,\"valueName\":\"search_term_string\"}}],\"inLanguage\":\"fr-FR\"},{\"@type\":\"Organization\",\"@id\":\"https:\\\/\\\/revolutionpadelstore.com\\\/fr\\\/#organization\",\"name\":\"Revolution Padel Store\",\"url\":\"https:\\\/\\\/revolutionpadelstore.com\\\/fr\\\/\",\"logo\":{\"@type\":\"ImageObject\",\"inLanguage\":\"fr-FR\",\"@id\":\"https:\\\/\\\/revolutionpadelstore.com\\\/fr\\\/#\\\/schema\\\/logo\\\/image\\\/\",\"url\":\"https:\\\/\\\/revolutionpadelstore.com\\\/wp-content\\\/uploads\\\/2026\\\/02\\\/revolution-padel-store.jpg\",\"contentUrl\":\"https:\\\/\\\/revolutionpadelstore.com\\\/wp-content\\\/uploads\\\/2026\\\/02\\\/revolution-padel-store.jpg\",\"width\":2000,\"height\":2000,\"caption\":\"Revolution Padel Store\"},\"image\":{\"@id\":\"https:\\\/\\\/revolutionpadelstore.com\\\/fr\\\/#\\\/schema\\\/logo\\\/image\\\/\"},\"sameAs\":[\"https:\\\/\\\/www.instagram.com\\\/revolutionpadelstore\\\/\"]}]}<\/script>\n<!-- \/ Yoast SEO plugin. -->","yoast_head_json":{"title":"FALDA BULLPADEL LOGAR 501 - Revolution Padel Store","description":"Compra la falda t\u00e9cnica elegante Proline en Revolution Padel Store. Dise\u00f1ada con tejido t\u00e9cnico y tecnolog\u00eda Drynamic, ofrece comodidad y rendimiento. \u00a1Disponible al mejor precio!","robots":{"index":"index","follow":"follow","max-snippet":"max-snippet:-1","max-image-preview":"max-image-preview:large","max-video-preview":"max-video-preview:-1"},"canonical":"https:\/\/revolutionpadelstore.com\/fr\/produit\/falda-bullpadel-logar-501-3\/","og_locale":"fr_FR","og_type":"article","og_title":"FALDA BULLPADEL LOGAR 501 - Revolution Padel Store","og_description":"Compra la falda t\u00e9cnica elegante Proline en Revolution Padel Store. Dise\u00f1ada con tejido t\u00e9cnico y tecnolog\u00eda Drynamic, ofrece comodidad y rendimiento. \u00a1Disponible al mejor precio!","og_url":"https:\/\/revolutionpadelstore.com\/fr\/produit\/falda-bullpadel-logar-501-3\/","og_site_name":"Revolution Padel Store","article_modified_time":"2026-04-08T07:06:30+00:00","og_image":[{"width":1000,"height":1188,"url":"https:\/\/revolutionpadelstore.com\/wp-content\/uploads\/2024\/12\/falda-bullpadel-logar-hormigon.jpg","type":"image\/jpeg"}],"twitter_card":"summary_large_image","twitter_misc":{"Dur\u00e9e de lecture estim\u00e9e":"2 minutes"},"schema":{"@context":"https:\/\/schema.org","@graph":[{"@type":"WebPage","@id":"https:\/\/revolutionpadelstore.com\/fr\/produit\/falda-bullpadel-logar-501-3\/","url":"https:\/\/revolutionpadelstore.com\/fr\/produit\/falda-bullpadel-logar-501-3\/","name":"FALDA BULLPADEL LOGAR 501 - Revolution Padel Store","isPartOf":{"@id":"https:\/\/revolutionpadelstore.com\/fr\/#website"},"primaryImageOfPage":{"@id":"https:\/\/revolutionpadelstore.com\/fr\/produit\/falda-bullpadel-logar-501-3\/#primaryimage"},"image":{"@id":"https:\/\/revolutionpadelstore.com\/fr\/produit\/falda-bullpadel-logar-501-3\/#primaryimage"},"thumbnailUrl":"https:\/\/revolutionpadelstore.com\/wp-content\/uploads\/2024\/12\/falda-bullpadel-logar-hormigon.jpg","datePublished":"2024-12-20T07:43:44+00:00","dateModified":"2026-04-08T07:06:30+00:00","description":"Compra la falda t\u00e9cnica elegante Proline en Revolution Padel Store. Dise\u00f1ada con tejido t\u00e9cnico y tecnolog\u00eda Drynamic, ofrece comodidad y rendimiento. \u00a1Disponible al mejor precio!","breadcrumb":{"@id":"https:\/\/revolutionpadelstore.com\/fr\/produit\/falda-bullpadel-logar-501-3\/#breadcrumb"},"inLanguage":"fr-FR","potentialAction":[{"@type":"ReadAction","target":["https:\/\/revolutionpadelstore.com\/fr\/produit\/falda-bullpadel-logar-501-3\/"]}]},{"@type":"ImageObject","inLanguage":"fr-FR","@id":"https:\/\/revolutionpadelstore.com\/fr\/produit\/falda-bullpadel-logar-501-3\/#primaryimage","url":"https:\/\/revolutionpadelstore.com\/wp-content\/uploads\/2024\/12\/falda-bullpadel-logar-hormigon.jpg","contentUrl":"https:\/\/revolutionpadelstore.com\/wp-content\/uploads\/2024\/12\/falda-bullpadel-logar-hormigon.jpg","width":1000,"height":1188},{"@type":"BreadcrumbList","@id":"https:\/\/revolutionpadelstore.com\/fr\/produit\/falda-bullpadel-logar-501-3\/#breadcrumb","itemListElement":[{"@type":"ListItem","position":1,"name":"Portada","item":"https:\/\/revolutionpadelstore.com\/fr\/"},{"@type":"ListItem","position":2,"name":"Boutique","item":"https:\/\/revolutionpadelstore.com\/fr\/tienda\/"},{"@type":"ListItem","position":3,"name":"FALDA BULLPADEL LOGAR 501"}]},{"@type":"WebSite","@id":"https:\/\/revolutionpadelstore.com\/fr\/#website","url":"https:\/\/revolutionpadelstore.com\/fr\/","name":"Revolution Padel Store","description":"","publisher":{"@id":"https:\/\/revolutionpadelstore.com\/fr\/#organization"},"potentialAction":[{"@type":"SearchAction","target":{"@type":"EntryPoint","urlTemplate":"https:\/\/revolutionpadelstore.com\/fr\/?s={search_term_string}"},"query-input":{"@type":"PropertyValueSpecification","valueRequired":true,"valueName":"search_term_string"}}],"inLanguage":"fr-FR"},{"@type":"Organization","@id":"https:\/\/revolutionpadelstore.com\/fr\/#organization","name":"Revolution Padel Store","url":"https:\/\/revolutionpadelstore.com\/fr\/","logo":{"@type":"ImageObject","inLanguage":"fr-FR","@id":"https:\/\/revolutionpadelstore.com\/fr\/#\/schema\/logo\/image\/","url":"https:\/\/revolutionpadelstore.com\/wp-content\/uploads\/2026\/02\/revolution-padel-store.jpg","contentUrl":"https:\/\/revolutionpadelstore.com\/wp-content\/uploads\/2026\/02\/revolution-padel-store.jpg","width":2000,"height":2000,"caption":"Revolution Padel Store"},"image":{"@id":"https:\/\/revolutionpadelstore.com\/fr\/#\/schema\/logo\/image\/"},"sameAs":["https:\/\/www.instagram.com\/revolutionpadelstore\/"]}]}},"_links":{"self":[{"href":"https:\/\/revolutionpadelstore.com\/fr\/wp-json\/wp\/v2\/product\/156270","targetHints":{"allow":["GET"]}}],"collection":[{"href":"https:\/\/revolutionpadelstore.com\/fr\/wp-json\/wp\/v2\/product"}],"about":[{"href":"https:\/\/revolutionpadelstore.com\/fr\/wp-json\/wp\/v2\/types\/product"}],"replies":[{"embeddable":true,"href":"https:\/\/revolutionpadelstore.com\/fr\/wp-json\/wp\/v2\/comments?post=156270"}],"wp:featuredmedia":[{"embeddable":true,"href":"https:\/\/revolutionpadelstore.com\/fr\/wp-json\/wp\/v2\/media\/156193"}],"wp:attachment":[{"href":"https:\/\/revolutionpadelstore.com\/fr\/wp-json\/wp\/v2\/media?parent=156270"}],"wp:term":[{"taxonomy":"acabado","embeddable":true,"href":"https:\/\/revolutionpadelstore.com\/fr\/wp-json\/wp\/v2\/acabado?post=156270"},{"taxonomy":"balance","embeddable":true,"href":"https:\/\/revolutionpadelstore.com\/fr\/wp-json\/wp\/v2\/balance?post=156270"},{"taxonomy":"dureza","embeddable":true,"href":"https:\/\/revolutionpadelstore.com\/fr\/wp-json\/wp\/v2\/dureza?post=156270"},{"taxonomy":"forma","embeddable":true,"href":"https:\/\/revolutionpadelstore.com\/fr\/wp-json\/wp\/v2\/forma?post=156270"},{"taxonomy":"jugador","embeddable":true,"href":"https:\/\/revolutionpadelstore.com\/fr\/wp-json\/wp\/v2\/jugador?post=156270"},{"taxonomy":"marca","embeddable":true,"href":"https:\/\/revolutionpadelstore.com\/fr\/wp-json\/wp\/v2\/marca?post=156270"},{"taxonomy":"nivel-de-juego","embeddable":true,"href":"https:\/\/revolutionpadelstore.com\/fr\/wp-json\/wp\/v2\/nivel-de-juego?post=156270"},{"taxonomy":"superficie","embeddable":true,"href":"https:\/\/revolutionpadelstore.com\/fr\/wp-json\/wp\/v2\/superficie?post=156270"},{"taxonomy":"tipo-de-juego","embeddable":true,"href":"https:\/\/revolutionpadelstore.com\/fr\/wp-json\/wp\/v2\/tipo-de-juego?post=156270"},{"taxonomy":"product_brand","embeddable":true,"href":"https:\/\/revolutionpadelstore.com\/fr\/wp-json\/wp\/v2\/product_brand?post=156270"},{"taxonomy":"product_cat","embeddable":true,"href":"https:\/\/revolutionpadelstore.com\/fr\/wp-json\/wp\/v2\/product_cat?post=156270"},{"taxonomy":"product_tag","embeddable":true,"href":"https:\/\/revolutionpadelstore.com\/fr\/wp-json\/wp\/v2\/product_tag?post=156270"}],"curies":[{"name":"wp","href":"https:\/\/api.w.org\/{rel}","templated":true}]}}