{"id":156009,"date":"2024-12-20T08:15:37","date_gmt":"2024-12-20T07:15:37","guid":{"rendered":"https:\/\/revolutionpadelstore.com\/?post_type=product&#038;p=156009"},"modified":"2026-04-08T09:10:22","modified_gmt":"2026-04-08T07:10:22","slug":"camiseta-manga-corta-bullpadel-mujer-larda-negra-005-3","status":"publish","type":"product","link":"https:\/\/revolutionpadelstore.com\/fr\/produit\/camiseta-manga-corta-bullpadel-mujer-larda-negra-005-3\/","title":{"rendered":"CAMISETA MANGA CORTA BULLPADEL MUJER LARDA NEGRA 005"},"content":{"rendered":"<h2> \u00e0 manches courtes t -shirt femme bullpadel dame <\/h2>\n<p>La femme <strong> courte t -firt bullpadel dame <\/strong> est le v\u00eatement id\u00e9al pour les femmes passionn\u00e9es par Paddleblast qui cherchent \u00e0 combiner le confort et le style sur la piste. Con\u00e7u avec une <strong> coupe fluide <\/strong> qui s&#8217;adapte \u00e0 la perfection au corps, cette chemise permet <strong> maximum de libert\u00e9 de mouvement <\/strong> lors des coups et des d\u00e9placements les plus exigeants.<\/p>\n<p>Sa conception se distingue d&#8217;un <strong> Neck de pointe \u00e9l\u00e9gant <\/strong>, ce qui apporte une touche de sophistication \u00e0 votre tenue sportive. De plus, le logo embl\u00e9matique <strong> bullpadel <\/strong> dans la poitrine renforce l&#8217;authenticit\u00e9 et le prestige de la marque, leader sur le march\u00e9 des v\u00eatements de paddle.<\/p>\n<p>Fabriqu\u00e9 avec des mat\u00e9riaux l\u00e9gers et respirants, cette chemise est parfaite pour les deux <strong> entra\u00eenement intense <\/strong> et pour <strong> jeux comp\u00e9titifs <\/strong>. Combinez les fonctionnalit\u00e9s et le confort pour vous aider \u00e0 rester frais et concentr\u00e9 sur chaque ensemble.<\/p>\n<h2> <strong> Caract\u00e9ristiques principales <\/strong> <\/h2>\n<p><strong> -corte fluide <\/strong>: Conception qui correspond au corps pour le confort.<\/p>\n<p><strong> -Cuello dans Peak <\/strong>: style \u00e9l\u00e9gant qui am\u00e9liore votre look sportif.<\/p>\n<p><strong> -BullPadel <\/strong>: garantie de qualit\u00e9 et conception exclusive.<\/p>\n<p><strong>-mat\u00e9riau spiable <\/strong>: id\u00e9al pour maintenir la fra\u00eecheur pendant le jeu.<\/p>\n<p><strong> -i utilise <\/strong>: ad\u00e9quat pour la formation et les parties.<\/p>\n<h2> <strong> T -shirt avantages <\/strong> <\/h2>\n<p>-Facilita Mouvements naturels et confortables.<\/p>\n<p>-A\u00f1ade une touche de style sans sacrifier la performance.<\/p>\n<p>-M\u00e9lies con\u00e7ues pour am\u00e9liorer la ventilation et minimiser l&#8217;humidit\u00e9.<\/p>\n<p>\u00c9levez vos performances et se d\u00e9marque sur la piste avec la chemise Larda Bullpadel, un v\u00eatement essentiel pour chaque joueur de paddle.<\/p>\n<p><strong> maintenant disponible dans notre boutique en ligne <a href=\"http:\/\/www.revolutionpadelstore.com\/\"> www.revolutionpadelstore.com <\/a>, probablement au meilleur prix de march\u00e9.<\/p>\n<h2>Camiseta Manga Corta Bullpadel Mujer Larda<\/h2>\n","protected":false},"excerpt":{"rendered":"<p>Le bullpadel Lady t-chirurant pour les femmes, courte et couch\u00e9 dans le pic, se d\u00e9marque de son design l\u00e9ger et confortable. Parfait pour pratiquer la pagaie, incorpore le logo embl\u00e9matique dans la poitrine.<\/p>\n","protected":false},"featured_media":155965,"comment_status":"open","ping_status":"closed","template":"","meta":{"_acf_changed":false,"_joinchat":[]},"acabado":[],"balance":[],"dureza":[],"forma":[],"jugador":[1197],"marca":[1257],"nivel-de-juego":[],"superficie":[],"tipo-de-juego":[],"product_brand":[],"product_cat":[344],"product_tag":[],"class_list":{"0":"post-156009","1":"product","2":"type-product","3":"status-publish","4":"has-post-thumbnail","6":"jugador-mujer-fr","7":"marca-bullpadel-fr","8":"product_cat-ropa-fr","10":"first","11":"outofstock","12":"sale","13":"taxable","14":"shipping-taxable","15":"purchasable","16":"product-type-variable"},"acf":[],"yoast_head":"<!-- This site is optimized with the Yoast SEO plugin v27.4 - https:\/\/yoast.com\/product\/yoast-seo-wordpress\/ -->\n<title>CAMISETA MANGA CORTA BULLPADEL MUJER LARDA NEGRA 005 - Revolution Padel Store<\/title>\n<meta name=\"description\" content=\"Descubre la camiseta manga corta Bullpadel Mujer Larda, dise\u00f1o elegante con cuello en pico, material transpirable y corte fluido. Perfecta para p\u00e1del. \u00a1Compra en Revolution Padel Store al mejor precio!\" \/>\n<meta name=\"robots\" content=\"index, follow, max-snippet:-1, max-image-preview:large, max-video-preview:-1\" \/>\n<link rel=\"canonical\" href=\"https:\/\/revolutionpadelstore.com\/fr\/produit\/camiseta-manga-corta-bullpadel-mujer-larda-negra-005-3\/\" \/>\n<meta property=\"og:locale\" content=\"fr_FR\" \/>\n<meta property=\"og:type\" content=\"article\" \/>\n<meta property=\"og:title\" content=\"CAMISETA MANGA CORTA BULLPADEL MUJER LARDA NEGRA 005 - Revolution Padel Store\" \/>\n<meta property=\"og:description\" content=\"Descubre la camiseta manga corta Bullpadel Mujer Larda, dise\u00f1o elegante con cuello en pico, material transpirable y corte fluido. Perfecta para p\u00e1del. \u00a1Compra en Revolution Padel Store al mejor precio!\" \/>\n<meta property=\"og:url\" content=\"https:\/\/revolutionpadelstore.com\/fr\/produit\/camiseta-manga-corta-bullpadel-mujer-larda-negra-005-3\/\" \/>\n<meta property=\"og:site_name\" content=\"Revolution Padel Store\" \/>\n<meta property=\"article:modified_time\" content=\"2026-04-08T07:10:22+00:00\" \/>\n<meta property=\"og:image\" content=\"https:\/\/revolutionpadelstore.com\/wp-content\/uploads\/2024\/12\/camiseta-bullpadel-larda-negro.jpg\" \/>\n\t<meta property=\"og:image:width\" content=\"1000\" \/>\n\t<meta property=\"og:image:height\" content=\"1188\" \/>\n\t<meta property=\"og:image:type\" content=\"image\/jpeg\" \/>\n<meta name=\"twitter:card\" content=\"summary_large_image\" \/>\n<meta name=\"twitter:label1\" content=\"Dur\u00e9e de lecture estim\u00e9e\" \/>\n\t<meta name=\"twitter:data1\" content=\"1 minute\" \/>\n<script type=\"application\/ld+json\" class=\"yoast-schema-graph\">{\"@context\":\"https:\\\/\\\/schema.org\",\"@graph\":[{\"@type\":\"WebPage\",\"@id\":\"https:\\\/\\\/revolutionpadelstore.com\\\/fr\\\/produit\\\/camiseta-manga-corta-bullpadel-mujer-larda-negra-005-3\\\/\",\"url\":\"https:\\\/\\\/revolutionpadelstore.com\\\/fr\\\/produit\\\/camiseta-manga-corta-bullpadel-mujer-larda-negra-005-3\\\/\",\"name\":\"CAMISETA MANGA CORTA BULLPADEL MUJER LARDA NEGRA 005 - Revolution Padel Store\",\"isPartOf\":{\"@id\":\"https:\\\/\\\/revolutionpadelstore.com\\\/fr\\\/#website\"},\"primaryImageOfPage\":{\"@id\":\"https:\\\/\\\/revolutionpadelstore.com\\\/fr\\\/produit\\\/camiseta-manga-corta-bullpadel-mujer-larda-negra-005-3\\\/#primaryimage\"},\"image\":{\"@id\":\"https:\\\/\\\/revolutionpadelstore.com\\\/fr\\\/produit\\\/camiseta-manga-corta-bullpadel-mujer-larda-negra-005-3\\\/#primaryimage\"},\"thumbnailUrl\":\"https:\\\/\\\/revolutionpadelstore.com\\\/wp-content\\\/uploads\\\/2024\\\/12\\\/camiseta-bullpadel-larda-negro.jpg\",\"datePublished\":\"2024-12-20T07:15:37+00:00\",\"dateModified\":\"2026-04-08T07:10:22+00:00\",\"description\":\"Descubre la camiseta manga corta Bullpadel Mujer Larda, dise\u00f1o elegante con cuello en pico, material transpirable y corte fluido. Perfecta para p\u00e1del. \u00a1Compra en Revolution Padel Store al mejor precio!\",\"breadcrumb\":{\"@id\":\"https:\\\/\\\/revolutionpadelstore.com\\\/fr\\\/produit\\\/camiseta-manga-corta-bullpadel-mujer-larda-negra-005-3\\\/#breadcrumb\"},\"inLanguage\":\"fr-FR\",\"potentialAction\":[{\"@type\":\"ReadAction\",\"target\":[\"https:\\\/\\\/revolutionpadelstore.com\\\/fr\\\/produit\\\/camiseta-manga-corta-bullpadel-mujer-larda-negra-005-3\\\/\"]}]},{\"@type\":\"ImageObject\",\"inLanguage\":\"fr-FR\",\"@id\":\"https:\\\/\\\/revolutionpadelstore.com\\\/fr\\\/produit\\\/camiseta-manga-corta-bullpadel-mujer-larda-negra-005-3\\\/#primaryimage\",\"url\":\"https:\\\/\\\/revolutionpadelstore.com\\\/wp-content\\\/uploads\\\/2024\\\/12\\\/camiseta-bullpadel-larda-negro.jpg\",\"contentUrl\":\"https:\\\/\\\/revolutionpadelstore.com\\\/wp-content\\\/uploads\\\/2024\\\/12\\\/camiseta-bullpadel-larda-negro.jpg\",\"width\":1000,\"height\":1188},{\"@type\":\"BreadcrumbList\",\"@id\":\"https:\\\/\\\/revolutionpadelstore.com\\\/fr\\\/produit\\\/camiseta-manga-corta-bullpadel-mujer-larda-negra-005-3\\\/#breadcrumb\",\"itemListElement\":[{\"@type\":\"ListItem\",\"position\":1,\"name\":\"Portada\",\"item\":\"https:\\\/\\\/revolutionpadelstore.com\\\/fr\\\/\"},{\"@type\":\"ListItem\",\"position\":2,\"name\":\"Boutique\",\"item\":\"https:\\\/\\\/revolutionpadelstore.com\\\/fr\\\/tienda\\\/\"},{\"@type\":\"ListItem\",\"position\":3,\"name\":\"CAMISETA MANGA CORTA BULLPADEL MUJER LARDA NEGRA 005\"}]},{\"@type\":\"WebSite\",\"@id\":\"https:\\\/\\\/revolutionpadelstore.com\\\/fr\\\/#website\",\"url\":\"https:\\\/\\\/revolutionpadelstore.com\\\/fr\\\/\",\"name\":\"Revolution Padel Store\",\"description\":\"\",\"publisher\":{\"@id\":\"https:\\\/\\\/revolutionpadelstore.com\\\/fr\\\/#organization\"},\"potentialAction\":[{\"@type\":\"SearchAction\",\"target\":{\"@type\":\"EntryPoint\",\"urlTemplate\":\"https:\\\/\\\/revolutionpadelstore.com\\\/fr\\\/?s={search_term_string}\"},\"query-input\":{\"@type\":\"PropertyValueSpecification\",\"valueRequired\":true,\"valueName\":\"search_term_string\"}}],\"inLanguage\":\"fr-FR\"},{\"@type\":\"Organization\",\"@id\":\"https:\\\/\\\/revolutionpadelstore.com\\\/fr\\\/#organization\",\"name\":\"Revolution Padel Store\",\"url\":\"https:\\\/\\\/revolutionpadelstore.com\\\/fr\\\/\",\"logo\":{\"@type\":\"ImageObject\",\"inLanguage\":\"fr-FR\",\"@id\":\"https:\\\/\\\/revolutionpadelstore.com\\\/fr\\\/#\\\/schema\\\/logo\\\/image\\\/\",\"url\":\"https:\\\/\\\/revolutionpadelstore.com\\\/wp-content\\\/uploads\\\/2026\\\/02\\\/revolution-padel-store.jpg\",\"contentUrl\":\"https:\\\/\\\/revolutionpadelstore.com\\\/wp-content\\\/uploads\\\/2026\\\/02\\\/revolution-padel-store.jpg\",\"width\":2000,\"height\":2000,\"caption\":\"Revolution Padel Store\"},\"image\":{\"@id\":\"https:\\\/\\\/revolutionpadelstore.com\\\/fr\\\/#\\\/schema\\\/logo\\\/image\\\/\"},\"sameAs\":[\"https:\\\/\\\/www.instagram.com\\\/revolutionpadelstore\\\/\"]}]}<\/script>\n<!-- \/ Yoast SEO plugin. -->","yoast_head_json":{"title":"CAMISETA MANGA CORTA BULLPADEL MUJER LARDA NEGRA 005 - Revolution Padel Store","description":"Descubre la camiseta manga corta Bullpadel Mujer Larda, dise\u00f1o elegante con cuello en pico, material transpirable y corte fluido. Perfecta para p\u00e1del. \u00a1Compra en Revolution Padel Store al mejor precio!","robots":{"index":"index","follow":"follow","max-snippet":"max-snippet:-1","max-image-preview":"max-image-preview:large","max-video-preview":"max-video-preview:-1"},"canonical":"https:\/\/revolutionpadelstore.com\/fr\/produit\/camiseta-manga-corta-bullpadel-mujer-larda-negra-005-3\/","og_locale":"fr_FR","og_type":"article","og_title":"CAMISETA MANGA CORTA BULLPADEL MUJER LARDA NEGRA 005 - Revolution Padel Store","og_description":"Descubre la camiseta manga corta Bullpadel Mujer Larda, dise\u00f1o elegante con cuello en pico, material transpirable y corte fluido. Perfecta para p\u00e1del. \u00a1Compra en Revolution Padel Store al mejor precio!","og_url":"https:\/\/revolutionpadelstore.com\/fr\/produit\/camiseta-manga-corta-bullpadel-mujer-larda-negra-005-3\/","og_site_name":"Revolution Padel Store","article_modified_time":"2026-04-08T07:10:22+00:00","og_image":[{"width":1000,"height":1188,"url":"https:\/\/revolutionpadelstore.com\/wp-content\/uploads\/2024\/12\/camiseta-bullpadel-larda-negro.jpg","type":"image\/jpeg"}],"twitter_card":"summary_large_image","twitter_misc":{"Dur\u00e9e de lecture estim\u00e9e":"1 minute"},"schema":{"@context":"https:\/\/schema.org","@graph":[{"@type":"WebPage","@id":"https:\/\/revolutionpadelstore.com\/fr\/produit\/camiseta-manga-corta-bullpadel-mujer-larda-negra-005-3\/","url":"https:\/\/revolutionpadelstore.com\/fr\/produit\/camiseta-manga-corta-bullpadel-mujer-larda-negra-005-3\/","name":"CAMISETA MANGA CORTA BULLPADEL MUJER LARDA NEGRA 005 - Revolution Padel Store","isPartOf":{"@id":"https:\/\/revolutionpadelstore.com\/fr\/#website"},"primaryImageOfPage":{"@id":"https:\/\/revolutionpadelstore.com\/fr\/produit\/camiseta-manga-corta-bullpadel-mujer-larda-negra-005-3\/#primaryimage"},"image":{"@id":"https:\/\/revolutionpadelstore.com\/fr\/produit\/camiseta-manga-corta-bullpadel-mujer-larda-negra-005-3\/#primaryimage"},"thumbnailUrl":"https:\/\/revolutionpadelstore.com\/wp-content\/uploads\/2024\/12\/camiseta-bullpadel-larda-negro.jpg","datePublished":"2024-12-20T07:15:37+00:00","dateModified":"2026-04-08T07:10:22+00:00","description":"Descubre la camiseta manga corta Bullpadel Mujer Larda, dise\u00f1o elegante con cuello en pico, material transpirable y corte fluido. Perfecta para p\u00e1del. \u00a1Compra en Revolution Padel Store al mejor precio!","breadcrumb":{"@id":"https:\/\/revolutionpadelstore.com\/fr\/produit\/camiseta-manga-corta-bullpadel-mujer-larda-negra-005-3\/#breadcrumb"},"inLanguage":"fr-FR","potentialAction":[{"@type":"ReadAction","target":["https:\/\/revolutionpadelstore.com\/fr\/produit\/camiseta-manga-corta-bullpadel-mujer-larda-negra-005-3\/"]}]},{"@type":"ImageObject","inLanguage":"fr-FR","@id":"https:\/\/revolutionpadelstore.com\/fr\/produit\/camiseta-manga-corta-bullpadel-mujer-larda-negra-005-3\/#primaryimage","url":"https:\/\/revolutionpadelstore.com\/wp-content\/uploads\/2024\/12\/camiseta-bullpadel-larda-negro.jpg","contentUrl":"https:\/\/revolutionpadelstore.com\/wp-content\/uploads\/2024\/12\/camiseta-bullpadel-larda-negro.jpg","width":1000,"height":1188},{"@type":"BreadcrumbList","@id":"https:\/\/revolutionpadelstore.com\/fr\/produit\/camiseta-manga-corta-bullpadel-mujer-larda-negra-005-3\/#breadcrumb","itemListElement":[{"@type":"ListItem","position":1,"name":"Portada","item":"https:\/\/revolutionpadelstore.com\/fr\/"},{"@type":"ListItem","position":2,"name":"Boutique","item":"https:\/\/revolutionpadelstore.com\/fr\/tienda\/"},{"@type":"ListItem","position":3,"name":"CAMISETA MANGA CORTA BULLPADEL MUJER LARDA NEGRA 005"}]},{"@type":"WebSite","@id":"https:\/\/revolutionpadelstore.com\/fr\/#website","url":"https:\/\/revolutionpadelstore.com\/fr\/","name":"Revolution Padel Store","description":"","publisher":{"@id":"https:\/\/revolutionpadelstore.com\/fr\/#organization"},"potentialAction":[{"@type":"SearchAction","target":{"@type":"EntryPoint","urlTemplate":"https:\/\/revolutionpadelstore.com\/fr\/?s={search_term_string}"},"query-input":{"@type":"PropertyValueSpecification","valueRequired":true,"valueName":"search_term_string"}}],"inLanguage":"fr-FR"},{"@type":"Organization","@id":"https:\/\/revolutionpadelstore.com\/fr\/#organization","name":"Revolution Padel Store","url":"https:\/\/revolutionpadelstore.com\/fr\/","logo":{"@type":"ImageObject","inLanguage":"fr-FR","@id":"https:\/\/revolutionpadelstore.com\/fr\/#\/schema\/logo\/image\/","url":"https:\/\/revolutionpadelstore.com\/wp-content\/uploads\/2026\/02\/revolution-padel-store.jpg","contentUrl":"https:\/\/revolutionpadelstore.com\/wp-content\/uploads\/2026\/02\/revolution-padel-store.jpg","width":2000,"height":2000,"caption":"Revolution Padel Store"},"image":{"@id":"https:\/\/revolutionpadelstore.com\/fr\/#\/schema\/logo\/image\/"},"sameAs":["https:\/\/www.instagram.com\/revolutionpadelstore\/"]}]}},"_links":{"self":[{"href":"https:\/\/revolutionpadelstore.com\/fr\/wp-json\/wp\/v2\/product\/156009","targetHints":{"allow":["GET"]}}],"collection":[{"href":"https:\/\/revolutionpadelstore.com\/fr\/wp-json\/wp\/v2\/product"}],"about":[{"href":"https:\/\/revolutionpadelstore.com\/fr\/wp-json\/wp\/v2\/types\/product"}],"replies":[{"embeddable":true,"href":"https:\/\/revolutionpadelstore.com\/fr\/wp-json\/wp\/v2\/comments?post=156009"}],"wp:featuredmedia":[{"embeddable":true,"href":"https:\/\/revolutionpadelstore.com\/fr\/wp-json\/wp\/v2\/media\/155965"}],"wp:attachment":[{"href":"https:\/\/revolutionpadelstore.com\/fr\/wp-json\/wp\/v2\/media?parent=156009"}],"wp:term":[{"taxonomy":"acabado","embeddable":true,"href":"https:\/\/revolutionpadelstore.com\/fr\/wp-json\/wp\/v2\/acabado?post=156009"},{"taxonomy":"balance","embeddable":true,"href":"https:\/\/revolutionpadelstore.com\/fr\/wp-json\/wp\/v2\/balance?post=156009"},{"taxonomy":"dureza","embeddable":true,"href":"https:\/\/revolutionpadelstore.com\/fr\/wp-json\/wp\/v2\/dureza?post=156009"},{"taxonomy":"forma","embeddable":true,"href":"https:\/\/revolutionpadelstore.com\/fr\/wp-json\/wp\/v2\/forma?post=156009"},{"taxonomy":"jugador","embeddable":true,"href":"https:\/\/revolutionpadelstore.com\/fr\/wp-json\/wp\/v2\/jugador?post=156009"},{"taxonomy":"marca","embeddable":true,"href":"https:\/\/revolutionpadelstore.com\/fr\/wp-json\/wp\/v2\/marca?post=156009"},{"taxonomy":"nivel-de-juego","embeddable":true,"href":"https:\/\/revolutionpadelstore.com\/fr\/wp-json\/wp\/v2\/nivel-de-juego?post=156009"},{"taxonomy":"superficie","embeddable":true,"href":"https:\/\/revolutionpadelstore.com\/fr\/wp-json\/wp\/v2\/superficie?post=156009"},{"taxonomy":"tipo-de-juego","embeddable":true,"href":"https:\/\/revolutionpadelstore.com\/fr\/wp-json\/wp\/v2\/tipo-de-juego?post=156009"},{"taxonomy":"product_brand","embeddable":true,"href":"https:\/\/revolutionpadelstore.com\/fr\/wp-json\/wp\/v2\/product_brand?post=156009"},{"taxonomy":"product_cat","embeddable":true,"href":"https:\/\/revolutionpadelstore.com\/fr\/wp-json\/wp\/v2\/product_cat?post=156009"},{"taxonomy":"product_tag","embeddable":true,"href":"https:\/\/revolutionpadelstore.com\/fr\/wp-json\/wp\/v2\/product_tag?post=156009"}],"curies":[{"name":"wp","href":"https:\/\/api.w.org\/{rel}","templated":true}]}}