{"id":155611,"date":"2024-12-18T08:31:37","date_gmt":"2024-12-18T07:31:37","guid":{"rendered":"https:\/\/revolutionpadelstore.com\/malla-bullpadel-mujer-acota\/"},"modified":"2026-04-08T09:17:29","modified_gmt":"2026-04-08T07:17:29","slug":"malla-bullpadel-mujer-acota-005-3","status":"publish","type":"product","link":"https:\/\/revolutionpadelstore.com\/fr\/produit\/malla-bullpadel-mujer-acota-005-3\/","title":{"rendered":"MALLA BULLPADEL MUJER ACOTA 005"},"content":{"rendered":"<p><H2> Femme de la femme de bullpadel Malla <\/h2>\n<p>Les limites de maillage <strong> bullpadel pour les femmes <\/strong> sont un v\u00eatement essentiel pour ceux qui recherchent un maximum de performances dans le tennis \u00e0 pagaie. Fabriqu\u00e9 en nylon \u00e9lastique, combine la l\u00e9g\u00e8ret\u00e9 et le confort, garantissant une libert\u00e9 de mouvement totale dans chaque partie. Sa conception comprend une ceinture \u00e9lev\u00e9e qui stylise la silhouette tout en offrant une entreprise, id\u00e9ale pour garantir le confort et la s\u00e9curit\u00e9 pendant le jeu.<\/p>\n<p>Le tissu int\u00e8gre la technologie <strong> drylum <\/strong>, qui am\u00e9liore la transpiration et permet un s\u00e9chage rapide en conservant peu d&#8217;humidit\u00e9. Cette fonctionnalit\u00e9 en fait une option parfaite pour une formation intense ou des parties exigeantes. De plus, les microfilaments en polyamide et en \u00e9lastan fournissent l&#8217;\u00e9lasticit\u00e9 et la durabilit\u00e9, garantissant qu&#8217;il s&#8217;adapte \u00e0 chaque mouvement.<\/p>\n<p>Les d\u00e9tails des \u00e9l\u00e9ments de relief et de r\u00e9flexion ajoutent non seulement une touche moderne et stylis\u00e9e, mais am\u00e9liorent \u00e9galement la visibilit\u00e9, id\u00e9ale pour les conditions de faible luminosit\u00e9.<\/p>\n<h2> Avantages et caract\u00e9ristiques <\/h2>\n<p> <strong> -quality Material <\/strong>: nylon \u00e9lastique qui assure le confort et la l\u00e9g\u00e8ret\u00e9.<br \/>\n<P> <strong> -Cinturilla High <\/strong>: stylise la figure et fournit un support s\u00fbr.<br \/>\n<P style=\"padding-left: 40px\"> <strong> -tecnology drylum <\/strong>: transpiration efficace et s\u00e9chage rapide.<br \/>\n<P> <strong> -Movement Book <\/strong>: Merci aux microfilaments Polyamide et Elast\u00e1n.<br \/>\n<P> <strong> -Conivement fonctionnel et moderne <\/strong>: D\u00e9tails de relief et \u00e9l\u00e9ments r\u00e9fl\u00e9chissants.<\/p>\n<h2> Pourquoi choisir le Bullpadel Mesh Limited <\/H2><br \/>\nCe maillage est con\u00e7u pour les femmes actives \u00e0 la recherche d&#8217;un \u00e9quilibre parfait entre le style, les fonctionnalit\u00e9s et les performances dans leur entra\u00eenement \u00e0 la pagaie. C&#8217;est un v\u00eatement polyvalent, id\u00e9al pour les joueurs d\u00e9butants et avanc\u00e9s qui veulent se d\u00e9marquer sur la piste.<\/p>\n<p>Obtenez-le maintenant sur notre boutique en ligne <a href=\"https:\/\/www.revolutionpadelstore.com\/\"> www.revolutionpadelstore.com <\/a> et assure le meilleur prix de march\u00e9!<\/p>\n<h2>Malla Bullpadel Mujer Acota<\/h2>\n","protected":false},"excerpt":{"rendered":"<p>The Bullpadel Mesh Limits offre du confort et de la l\u00e9g\u00e8ret\u00e9 avec la technologie DRYLUM. Sa taille \u00e9lev\u00e9e sculpte la silhouette, tandis que le tissu \u00e9lastique assure la respirabilit\u00e9 et la libert\u00e9 de mouvement.<\/p>\n","protected":false},"featured_media":155585,"comment_status":"open","ping_status":"closed","template":"","meta":{"_acf_changed":false,"_joinchat":[]},"acabado":[],"balance":[],"dureza":[],"forma":[],"jugador":[1197],"marca":[1257],"nivel-de-juego":[],"superficie":[],"tipo-de-juego":[],"product_brand":[],"product_cat":[344],"product_tag":[],"class_list":{"0":"post-155611","1":"product","2":"type-product","3":"status-publish","4":"has-post-thumbnail","6":"jugador-mujer-fr","7":"marca-bullpadel-fr","8":"product_cat-ropa-fr","10":"first","11":"outofstock","12":"sale","13":"taxable","14":"shipping-taxable","15":"purchasable","16":"product-type-variable"},"acf":[],"yoast_head":"<!-- This site is optimized with the Yoast SEO plugin v27.4 - https:\/\/yoast.com\/product\/yoast-seo-wordpress\/ -->\n<title>MALLA BULLPADEL MUJER ACOTA 005 - Revolution Padel Store<\/title>\n<meta name=\"description\" content=\"Malla Bullpadel Mujer Acota con tecnolog\u00eda Drylum para secado r\u00e1pido, cinturilla alta y dise\u00f1o estilizado. C\u00f3moda y ligera, ideal para p\u00e1del. Compra al mejor precio en Revolution Padel Store.\" \/>\n<meta name=\"robots\" content=\"index, follow, max-snippet:-1, max-image-preview:large, max-video-preview:-1\" \/>\n<link rel=\"canonical\" href=\"https:\/\/revolutionpadelstore.com\/fr\/produit\/malla-bullpadel-mujer-acota-005-3\/\" \/>\n<meta property=\"og:locale\" content=\"fr_FR\" \/>\n<meta property=\"og:type\" content=\"article\" \/>\n<meta property=\"og:title\" content=\"MALLA BULLPADEL MUJER ACOTA 005 - Revolution Padel Store\" \/>\n<meta property=\"og:description\" content=\"Malla Bullpadel Mujer Acota con tecnolog\u00eda Drylum para secado r\u00e1pido, cinturilla alta y dise\u00f1o estilizado. C\u00f3moda y ligera, ideal para p\u00e1del. Compra al mejor precio en Revolution Padel Store.\" \/>\n<meta property=\"og:url\" content=\"https:\/\/revolutionpadelstore.com\/fr\/produit\/malla-bullpadel-mujer-acota-005-3\/\" \/>\n<meta property=\"og:site_name\" content=\"Revolution Padel Store\" \/>\n<meta property=\"article:modified_time\" content=\"2026-04-08T07:17:29+00:00\" \/>\n<meta property=\"og:image\" content=\"https:\/\/revolutionpadelstore.com\/wp-content\/uploads\/2024\/12\/114375_malla_bullpadel_mujer_lejos_005_negro_1200x1200_1_74d5.webp\" \/>\n\t<meta property=\"og:image:width\" content=\"1200\" \/>\n\t<meta property=\"og:image:height\" content=\"1200\" \/>\n\t<meta property=\"og:image:type\" content=\"image\/webp\" \/>\n<meta name=\"twitter:card\" content=\"summary_large_image\" \/>\n<meta name=\"twitter:label1\" content=\"Dur\u00e9e de lecture estim\u00e9e\" \/>\n\t<meta name=\"twitter:data1\" content=\"2 minutes\" \/>\n<script type=\"application\/ld+json\" class=\"yoast-schema-graph\">{\"@context\":\"https:\\\/\\\/schema.org\",\"@graph\":[{\"@type\":\"WebPage\",\"@id\":\"https:\\\/\\\/revolutionpadelstore.com\\\/fr\\\/produit\\\/malla-bullpadel-mujer-acota-005-3\\\/\",\"url\":\"https:\\\/\\\/revolutionpadelstore.com\\\/fr\\\/produit\\\/malla-bullpadel-mujer-acota-005-3\\\/\",\"name\":\"MALLA BULLPADEL MUJER ACOTA 005 - Revolution Padel Store\",\"isPartOf\":{\"@id\":\"https:\\\/\\\/revolutionpadelstore.com\\\/fr\\\/#website\"},\"primaryImageOfPage\":{\"@id\":\"https:\\\/\\\/revolutionpadelstore.com\\\/fr\\\/produit\\\/malla-bullpadel-mujer-acota-005-3\\\/#primaryimage\"},\"image\":{\"@id\":\"https:\\\/\\\/revolutionpadelstore.com\\\/fr\\\/produit\\\/malla-bullpadel-mujer-acota-005-3\\\/#primaryimage\"},\"thumbnailUrl\":\"https:\\\/\\\/revolutionpadelstore.com\\\/wp-content\\\/uploads\\\/2024\\\/12\\\/114375_malla_bullpadel_mujer_lejos_005_negro_1200x1200_1_74d5.webp\",\"datePublished\":\"2024-12-18T07:31:37+00:00\",\"dateModified\":\"2026-04-08T07:17:29+00:00\",\"description\":\"Malla Bullpadel Mujer Acota con tecnolog\u00eda Drylum para secado r\u00e1pido, cinturilla alta y dise\u00f1o estilizado. C\u00f3moda y ligera, ideal para p\u00e1del. Compra al mejor precio en Revolution Padel Store.\",\"breadcrumb\":{\"@id\":\"https:\\\/\\\/revolutionpadelstore.com\\\/fr\\\/produit\\\/malla-bullpadel-mujer-acota-005-3\\\/#breadcrumb\"},\"inLanguage\":\"fr-FR\",\"potentialAction\":[{\"@type\":\"ReadAction\",\"target\":[\"https:\\\/\\\/revolutionpadelstore.com\\\/fr\\\/produit\\\/malla-bullpadel-mujer-acota-005-3\\\/\"]}]},{\"@type\":\"ImageObject\",\"inLanguage\":\"fr-FR\",\"@id\":\"https:\\\/\\\/revolutionpadelstore.com\\\/fr\\\/produit\\\/malla-bullpadel-mujer-acota-005-3\\\/#primaryimage\",\"url\":\"https:\\\/\\\/revolutionpadelstore.com\\\/wp-content\\\/uploads\\\/2024\\\/12\\\/114375_malla_bullpadel_mujer_lejos_005_negro_1200x1200_1_74d5.webp\",\"contentUrl\":\"https:\\\/\\\/revolutionpadelstore.com\\\/wp-content\\\/uploads\\\/2024\\\/12\\\/114375_malla_bullpadel_mujer_lejos_005_negro_1200x1200_1_74d5.webp\",\"width\":1200,\"height\":1200},{\"@type\":\"BreadcrumbList\",\"@id\":\"https:\\\/\\\/revolutionpadelstore.com\\\/fr\\\/produit\\\/malla-bullpadel-mujer-acota-005-3\\\/#breadcrumb\",\"itemListElement\":[{\"@type\":\"ListItem\",\"position\":1,\"name\":\"Portada\",\"item\":\"https:\\\/\\\/revolutionpadelstore.com\\\/fr\\\/\"},{\"@type\":\"ListItem\",\"position\":2,\"name\":\"Boutique\",\"item\":\"https:\\\/\\\/revolutionpadelstore.com\\\/fr\\\/tienda\\\/\"},{\"@type\":\"ListItem\",\"position\":3,\"name\":\"MALLA BULLPADEL MUJER ACOTA 005\"}]},{\"@type\":\"WebSite\",\"@id\":\"https:\\\/\\\/revolutionpadelstore.com\\\/fr\\\/#website\",\"url\":\"https:\\\/\\\/revolutionpadelstore.com\\\/fr\\\/\",\"name\":\"Revolution Padel Store\",\"description\":\"\",\"publisher\":{\"@id\":\"https:\\\/\\\/revolutionpadelstore.com\\\/fr\\\/#organization\"},\"potentialAction\":[{\"@type\":\"SearchAction\",\"target\":{\"@type\":\"EntryPoint\",\"urlTemplate\":\"https:\\\/\\\/revolutionpadelstore.com\\\/fr\\\/?s={search_term_string}\"},\"query-input\":{\"@type\":\"PropertyValueSpecification\",\"valueRequired\":true,\"valueName\":\"search_term_string\"}}],\"inLanguage\":\"fr-FR\"},{\"@type\":\"Organization\",\"@id\":\"https:\\\/\\\/revolutionpadelstore.com\\\/fr\\\/#organization\",\"name\":\"Revolution Padel Store\",\"url\":\"https:\\\/\\\/revolutionpadelstore.com\\\/fr\\\/\",\"logo\":{\"@type\":\"ImageObject\",\"inLanguage\":\"fr-FR\",\"@id\":\"https:\\\/\\\/revolutionpadelstore.com\\\/fr\\\/#\\\/schema\\\/logo\\\/image\\\/\",\"url\":\"https:\\\/\\\/revolutionpadelstore.com\\\/wp-content\\\/uploads\\\/2026\\\/02\\\/revolution-padel-store.jpg\",\"contentUrl\":\"https:\\\/\\\/revolutionpadelstore.com\\\/wp-content\\\/uploads\\\/2026\\\/02\\\/revolution-padel-store.jpg\",\"width\":2000,\"height\":2000,\"caption\":\"Revolution Padel Store\"},\"image\":{\"@id\":\"https:\\\/\\\/revolutionpadelstore.com\\\/fr\\\/#\\\/schema\\\/logo\\\/image\\\/\"},\"sameAs\":[\"https:\\\/\\\/www.instagram.com\\\/revolutionpadelstore\\\/\"]}]}<\/script>\n<!-- \/ Yoast SEO plugin. -->","yoast_head_json":{"title":"MALLA BULLPADEL MUJER ACOTA 005 - Revolution Padel Store","description":"Malla Bullpadel Mujer Acota con tecnolog\u00eda Drylum para secado r\u00e1pido, cinturilla alta y dise\u00f1o estilizado. C\u00f3moda y ligera, ideal para p\u00e1del. Compra al mejor precio en Revolution Padel Store.","robots":{"index":"index","follow":"follow","max-snippet":"max-snippet:-1","max-image-preview":"max-image-preview:large","max-video-preview":"max-video-preview:-1"},"canonical":"https:\/\/revolutionpadelstore.com\/fr\/produit\/malla-bullpadel-mujer-acota-005-3\/","og_locale":"fr_FR","og_type":"article","og_title":"MALLA BULLPADEL MUJER ACOTA 005 - Revolution Padel Store","og_description":"Malla Bullpadel Mujer Acota con tecnolog\u00eda Drylum para secado r\u00e1pido, cinturilla alta y dise\u00f1o estilizado. C\u00f3moda y ligera, ideal para p\u00e1del. Compra al mejor precio en Revolution Padel Store.","og_url":"https:\/\/revolutionpadelstore.com\/fr\/produit\/malla-bullpadel-mujer-acota-005-3\/","og_site_name":"Revolution Padel Store","article_modified_time":"2026-04-08T07:17:29+00:00","og_image":[{"width":1200,"height":1200,"url":"https:\/\/revolutionpadelstore.com\/wp-content\/uploads\/2024\/12\/114375_malla_bullpadel_mujer_lejos_005_negro_1200x1200_1_74d5.webp","type":"image\/webp"}],"twitter_card":"summary_large_image","twitter_misc":{"Dur\u00e9e de lecture estim\u00e9e":"2 minutes"},"schema":{"@context":"https:\/\/schema.org","@graph":[{"@type":"WebPage","@id":"https:\/\/revolutionpadelstore.com\/fr\/produit\/malla-bullpadel-mujer-acota-005-3\/","url":"https:\/\/revolutionpadelstore.com\/fr\/produit\/malla-bullpadel-mujer-acota-005-3\/","name":"MALLA BULLPADEL MUJER ACOTA 005 - Revolution Padel Store","isPartOf":{"@id":"https:\/\/revolutionpadelstore.com\/fr\/#website"},"primaryImageOfPage":{"@id":"https:\/\/revolutionpadelstore.com\/fr\/produit\/malla-bullpadel-mujer-acota-005-3\/#primaryimage"},"image":{"@id":"https:\/\/revolutionpadelstore.com\/fr\/produit\/malla-bullpadel-mujer-acota-005-3\/#primaryimage"},"thumbnailUrl":"https:\/\/revolutionpadelstore.com\/wp-content\/uploads\/2024\/12\/114375_malla_bullpadel_mujer_lejos_005_negro_1200x1200_1_74d5.webp","datePublished":"2024-12-18T07:31:37+00:00","dateModified":"2026-04-08T07:17:29+00:00","description":"Malla Bullpadel Mujer Acota con tecnolog\u00eda Drylum para secado r\u00e1pido, cinturilla alta y dise\u00f1o estilizado. C\u00f3moda y ligera, ideal para p\u00e1del. Compra al mejor precio en Revolution Padel Store.","breadcrumb":{"@id":"https:\/\/revolutionpadelstore.com\/fr\/produit\/malla-bullpadel-mujer-acota-005-3\/#breadcrumb"},"inLanguage":"fr-FR","potentialAction":[{"@type":"ReadAction","target":["https:\/\/revolutionpadelstore.com\/fr\/produit\/malla-bullpadel-mujer-acota-005-3\/"]}]},{"@type":"ImageObject","inLanguage":"fr-FR","@id":"https:\/\/revolutionpadelstore.com\/fr\/produit\/malla-bullpadel-mujer-acota-005-3\/#primaryimage","url":"https:\/\/revolutionpadelstore.com\/wp-content\/uploads\/2024\/12\/114375_malla_bullpadel_mujer_lejos_005_negro_1200x1200_1_74d5.webp","contentUrl":"https:\/\/revolutionpadelstore.com\/wp-content\/uploads\/2024\/12\/114375_malla_bullpadel_mujer_lejos_005_negro_1200x1200_1_74d5.webp","width":1200,"height":1200},{"@type":"BreadcrumbList","@id":"https:\/\/revolutionpadelstore.com\/fr\/produit\/malla-bullpadel-mujer-acota-005-3\/#breadcrumb","itemListElement":[{"@type":"ListItem","position":1,"name":"Portada","item":"https:\/\/revolutionpadelstore.com\/fr\/"},{"@type":"ListItem","position":2,"name":"Boutique","item":"https:\/\/revolutionpadelstore.com\/fr\/tienda\/"},{"@type":"ListItem","position":3,"name":"MALLA BULLPADEL MUJER ACOTA 005"}]},{"@type":"WebSite","@id":"https:\/\/revolutionpadelstore.com\/fr\/#website","url":"https:\/\/revolutionpadelstore.com\/fr\/","name":"Revolution Padel Store","description":"","publisher":{"@id":"https:\/\/revolutionpadelstore.com\/fr\/#organization"},"potentialAction":[{"@type":"SearchAction","target":{"@type":"EntryPoint","urlTemplate":"https:\/\/revolutionpadelstore.com\/fr\/?s={search_term_string}"},"query-input":{"@type":"PropertyValueSpecification","valueRequired":true,"valueName":"search_term_string"}}],"inLanguage":"fr-FR"},{"@type":"Organization","@id":"https:\/\/revolutionpadelstore.com\/fr\/#organization","name":"Revolution Padel Store","url":"https:\/\/revolutionpadelstore.com\/fr\/","logo":{"@type":"ImageObject","inLanguage":"fr-FR","@id":"https:\/\/revolutionpadelstore.com\/fr\/#\/schema\/logo\/image\/","url":"https:\/\/revolutionpadelstore.com\/wp-content\/uploads\/2026\/02\/revolution-padel-store.jpg","contentUrl":"https:\/\/revolutionpadelstore.com\/wp-content\/uploads\/2026\/02\/revolution-padel-store.jpg","width":2000,"height":2000,"caption":"Revolution Padel Store"},"image":{"@id":"https:\/\/revolutionpadelstore.com\/fr\/#\/schema\/logo\/image\/"},"sameAs":["https:\/\/www.instagram.com\/revolutionpadelstore\/"]}]}},"_links":{"self":[{"href":"https:\/\/revolutionpadelstore.com\/fr\/wp-json\/wp\/v2\/product\/155611","targetHints":{"allow":["GET"]}}],"collection":[{"href":"https:\/\/revolutionpadelstore.com\/fr\/wp-json\/wp\/v2\/product"}],"about":[{"href":"https:\/\/revolutionpadelstore.com\/fr\/wp-json\/wp\/v2\/types\/product"}],"replies":[{"embeddable":true,"href":"https:\/\/revolutionpadelstore.com\/fr\/wp-json\/wp\/v2\/comments?post=155611"}],"wp:featuredmedia":[{"embeddable":true,"href":"https:\/\/revolutionpadelstore.com\/fr\/wp-json\/wp\/v2\/media\/155585"}],"wp:attachment":[{"href":"https:\/\/revolutionpadelstore.com\/fr\/wp-json\/wp\/v2\/media?parent=155611"}],"wp:term":[{"taxonomy":"acabado","embeddable":true,"href":"https:\/\/revolutionpadelstore.com\/fr\/wp-json\/wp\/v2\/acabado?post=155611"},{"taxonomy":"balance","embeddable":true,"href":"https:\/\/revolutionpadelstore.com\/fr\/wp-json\/wp\/v2\/balance?post=155611"},{"taxonomy":"dureza","embeddable":true,"href":"https:\/\/revolutionpadelstore.com\/fr\/wp-json\/wp\/v2\/dureza?post=155611"},{"taxonomy":"forma","embeddable":true,"href":"https:\/\/revolutionpadelstore.com\/fr\/wp-json\/wp\/v2\/forma?post=155611"},{"taxonomy":"jugador","embeddable":true,"href":"https:\/\/revolutionpadelstore.com\/fr\/wp-json\/wp\/v2\/jugador?post=155611"},{"taxonomy":"marca","embeddable":true,"href":"https:\/\/revolutionpadelstore.com\/fr\/wp-json\/wp\/v2\/marca?post=155611"},{"taxonomy":"nivel-de-juego","embeddable":true,"href":"https:\/\/revolutionpadelstore.com\/fr\/wp-json\/wp\/v2\/nivel-de-juego?post=155611"},{"taxonomy":"superficie","embeddable":true,"href":"https:\/\/revolutionpadelstore.com\/fr\/wp-json\/wp\/v2\/superficie?post=155611"},{"taxonomy":"tipo-de-juego","embeddable":true,"href":"https:\/\/revolutionpadelstore.com\/fr\/wp-json\/wp\/v2\/tipo-de-juego?post=155611"},{"taxonomy":"product_brand","embeddable":true,"href":"https:\/\/revolutionpadelstore.com\/fr\/wp-json\/wp\/v2\/product_brand?post=155611"},{"taxonomy":"product_cat","embeddable":true,"href":"https:\/\/revolutionpadelstore.com\/fr\/wp-json\/wp\/v2\/product_cat?post=155611"},{"taxonomy":"product_tag","embeddable":true,"href":"https:\/\/revolutionpadelstore.com\/fr\/wp-json\/wp\/v2\/product_tag?post=155611"}],"curies":[{"name":"wp","href":"https:\/\/api.w.org\/{rel}","templated":true}]}}