{"id":155450,"date":"2024-12-17T19:15:28","date_gmt":"2024-12-17T18:15:28","guid":{"rendered":"https:\/\/revolutionpadelstore.com\/bullpadel-xplo-pl-25v-negro\/"},"modified":"2026-04-21T02:02:46","modified_gmt":"2026-04-21T00:02:46","slug":"bullpadel-xplo-pl-25v-negro-3","status":"publish","type":"product","link":"https:\/\/revolutionpadelstore.com\/fr\/produit\/bullpadel-xplo-pl-25v-negro-3\/","title":{"rendered":"BULLPADEL XPLO PL 25V NEGRO"},"content":{"rendered":"<h2> <strong> bullpadel x -plo pl final 25v noir: vitesse, l\u00e9g\u00e8ret\u00e9 et performances sur la piste <\/strong> <\/h2>\n<p>Le <strong> bullpadel X-Pop Final 25V Black <\/strong>, choisi par Mart\u00edn Di Nenno, se distingue comme l&#8217;option la plus avanc\u00e9e de la ligne <strong> pro <\/strong>. Con\u00e7us en collaboration avec <strong> vibram <\/strong>, ces chaussures \u00e0 palette hybride offrent un \u00e9quilibre parfait entre la vitesse, la traction et la stabilit\u00e9 id\u00e9ale pour exiger les joueurs qui cherchent \u00e0 dominer chaque mouvement sur la piste.<\/p>\n<h2> <strong> Innovation et performance: chaussures hybrides pour les joueurs rapides <\/strong> <\/h2>\n<p>Si vous \u00eates un joueur qui donne la priorit\u00e9 \u00e0 la <strong> agilit\u00e9, \u00e0 la pr\u00e9cision et \u00e0 la vitesse <\/strong>, les <strong> X-PLA Final 25V <\/strong> sont votre alli\u00e9 parfait. Sa semelle exclusive, d\u00e9velopp\u00e9e \u00e0 c\u00f4t\u00e9 de <strong> vibram <\/strong>, red\u00e9finit le concept de chaussures hybrides, optimisant l&#8217;adh\u00e9sion et la r\u00e9sistance dans les terres \u00e0 forte demande.<\/p>\n<p>Gr\u00e2ce \u00e0 la <strong> double hauteur dans la zone de pointe <\/strong>, ces chaussures facilitent un glissement contr\u00f4l\u00e9 et s\u00fbr, permettant des performances dynamiques \u00e0 la fois en d\u00e9fense et en attaque.<\/p>\n<h2> <strong> Caract\u00e9ristiques techniques du bullpadel X-Pop Pl Final 25V <\/strong> <\/h2>\n<p style=\"padding-left: 40px\"> <strong> -collaboration avec vibram <\/strong>: semelle innovante qui fournit une r\u00e9sistance, une traction et une excellente poign\u00e9e.<\/p>\n<p> <strong> -Inbridic Design <\/strong>: combinaison de l\u00e9g\u00e8ret\u00e9 et de stabilit\u00e9 pour les mouvements rapides.<\/p>\n<p> <strong> -Upked de pointe Duble <\/strong>: garantit des glissements de terrain fluides et un \u00e9quilibre optimal.<br \/>\n<P> <strong> -ultralight Construction <\/strong>: Promouvoir la vitesse et la mobilit\u00e9 sans compromettre le confort.<br \/>\n<P> <strong> -sports et esth\u00e9tique professionnelle <\/strong>: con\u00e7ue pour mettre en \u00e9vidence dans chaque jeu.<\/p>\n<p>&lt;Il<br \/>\nCes chaussures ont \u00e9t\u00e9 cr\u00e9\u00e9es pour les <strong> joueurs les plus exigeants <\/strong> qui recherchent des chaussures capables de maximiser leurs performances <\/strong> dans des matchs intenses. Sa conception innovante permet des d\u00e9placements rapides, contr\u00f4l\u00e9s et pr\u00e9cis, donnant \u00e0 chaque joueur la confiance pour dominer la piste de paddle.<br \/>\n&lt;En<br \/>\nObtenez maintenant le <strong> bullpadel x -plo pl final 25v noir <\/strong> et exp\u00e9rimentez une combinaison unique de vitesse, de vitesse et de l\u00e9g\u00e8ret\u00e9 <\/strong> <strong>. \u00c9quipez avec les chaussures qui vous am\u00e8neront \u00e0 votre meilleur niveau dans chaque jeu.<\/p>\n<p><strong> Disponible dans notre boutique en ligne <a href=\"https:\/\/www.revolutionpadelstore.com\/\"> www.revolutionpadelstore.com <\/a> au meilleur prix de march\u00e9. N&#8217;attendez plus et am\u00e9liorez votre jeu aujourd&#8217;hui! <\/strong><\/p>\n<h3> <\/h3>\n","protected":false},"excerpt":{"rendered":"<p>Bullpadel XPLO PP 25V en noir, des chaussures \u00e0 palette hybride avec une semelle Vibram, con\u00e7ue pour les joueurs rapides qui ont besoin d&#8217;une traction ferme et s\u00fbre. Mod\u00e8le officiel de Mart\u00edn di Nenno.<\/p>\n","protected":false},"featured_media":155498,"comment_status":"open","ping_status":"closed","template":"","meta":{"_acf_changed":false,"_joinchat":[]},"acabado":[],"balance":[],"dureza":[],"forma":[],"jugador":[1192],"marca":[1257],"nivel-de-juego":[],"superficie":[],"tipo-de-juego":[],"product_brand":[],"product_cat":[830],"product_tag":[],"class_list":{"0":"post-155450","1":"product","2":"type-product","3":"status-publish","4":"has-post-thumbnail","6":"jugador-homme","7":"marca-bullpadel-fr","8":"product_cat-baskets","10":"first","11":"outofstock","12":"sale","13":"taxable","14":"shipping-taxable","15":"purchasable","16":"product-type-variable"},"acf":[],"yoast_head":"<!-- This site is optimized with the Yoast SEO plugin v27.4 - https:\/\/yoast.com\/product\/yoast-seo-wordpress\/ -->\n<title>BULLPADEL XPLO PL 25V NEGRO - Revolution Padel Store<\/title>\n<meta name=\"description\" content=\"Bullpadel X-Plo PP Final 25V Negro: Zapatillas de p\u00e1del ligeras y r\u00e1pidas con suela VIBRAM. M\u00e1ximo rendimiento y estabilidad en pista. \u00a1Compra ahora en Revolution Padel Store!\" \/>\n<meta name=\"robots\" content=\"index, follow, max-snippet:-1, max-image-preview:large, max-video-preview:-1\" \/>\n<link rel=\"canonical\" href=\"https:\/\/revolutionpadelstore.com\/fr\/produit\/bullpadel-xplo-pl-25v-negro-3\/\" \/>\n<meta property=\"og:locale\" content=\"fr_FR\" \/>\n<meta property=\"og:type\" content=\"article\" \/>\n<meta property=\"og:title\" content=\"BULLPADEL XPLO PL 25V NEGRO - Revolution Padel Store\" \/>\n<meta property=\"og:description\" content=\"Bullpadel X-Plo PP Final 25V Negro: Zapatillas de p\u00e1del ligeras y r\u00e1pidas con suela VIBRAM. M\u00e1ximo rendimiento y estabilidad en pista. \u00a1Compra ahora en Revolution Padel Store!\" \/>\n<meta property=\"og:url\" content=\"https:\/\/revolutionpadelstore.com\/fr\/produit\/bullpadel-xplo-pl-25v-negro-3\/\" \/>\n<meta property=\"og:site_name\" content=\"Revolution Padel Store\" \/>\n<meta property=\"article:modified_time\" content=\"2026-04-21T00:02:46+00:00\" \/>\n<meta property=\"og:image\" content=\"https:\/\/revolutionpadelstore.com\/wp-content\/uploads\/2024\/12\/114352-zapatillas-bullpadel-xplo-pl-tour-final-25v-cn97005000-negro-1000x1000-vista1.webp\" \/>\n\t<meta property=\"og:image:width\" content=\"1000\" \/>\n\t<meta property=\"og:image:height\" content=\"1000\" \/>\n\t<meta property=\"og:image:type\" content=\"image\/webp\" \/>\n<meta name=\"twitter:card\" content=\"summary_large_image\" \/>\n<meta name=\"twitter:label1\" content=\"Dur\u00e9e de lecture estim\u00e9e\" \/>\n\t<meta name=\"twitter:data1\" content=\"2 minutes\" \/>\n<script type=\"application\/ld+json\" class=\"yoast-schema-graph\">{\"@context\":\"https:\\\/\\\/schema.org\",\"@graph\":[{\"@type\":\"WebPage\",\"@id\":\"https:\\\/\\\/revolutionpadelstore.com\\\/fr\\\/produit\\\/bullpadel-xplo-pl-25v-negro-3\\\/\",\"url\":\"https:\\\/\\\/revolutionpadelstore.com\\\/fr\\\/produit\\\/bullpadel-xplo-pl-25v-negro-3\\\/\",\"name\":\"BULLPADEL XPLO PL 25V NEGRO - Revolution Padel Store\",\"isPartOf\":{\"@id\":\"https:\\\/\\\/revolutionpadelstore.com\\\/fr\\\/#website\"},\"primaryImageOfPage\":{\"@id\":\"https:\\\/\\\/revolutionpadelstore.com\\\/fr\\\/produit\\\/bullpadel-xplo-pl-25v-negro-3\\\/#primaryimage\"},\"image\":{\"@id\":\"https:\\\/\\\/revolutionpadelstore.com\\\/fr\\\/produit\\\/bullpadel-xplo-pl-25v-negro-3\\\/#primaryimage\"},\"thumbnailUrl\":\"https:\\\/\\\/revolutionpadelstore.com\\\/wp-content\\\/uploads\\\/2024\\\/12\\\/114352-zapatillas-bullpadel-xplo-pl-tour-final-25v-cn97005000-negro-1000x1000-vista1.webp\",\"datePublished\":\"2024-12-17T18:15:28+00:00\",\"dateModified\":\"2026-04-21T00:02:46+00:00\",\"description\":\"Bullpadel X-Plo PP Final 25V Negro: Zapatillas de p\u00e1del ligeras y r\u00e1pidas con suela VIBRAM. M\u00e1ximo rendimiento y estabilidad en pista. \u00a1Compra ahora en Revolution Padel Store!\",\"breadcrumb\":{\"@id\":\"https:\\\/\\\/revolutionpadelstore.com\\\/fr\\\/produit\\\/bullpadel-xplo-pl-25v-negro-3\\\/#breadcrumb\"},\"inLanguage\":\"fr-FR\",\"potentialAction\":[{\"@type\":\"ReadAction\",\"target\":[\"https:\\\/\\\/revolutionpadelstore.com\\\/fr\\\/produit\\\/bullpadel-xplo-pl-25v-negro-3\\\/\"]}]},{\"@type\":\"ImageObject\",\"inLanguage\":\"fr-FR\",\"@id\":\"https:\\\/\\\/revolutionpadelstore.com\\\/fr\\\/produit\\\/bullpadel-xplo-pl-25v-negro-3\\\/#primaryimage\",\"url\":\"https:\\\/\\\/revolutionpadelstore.com\\\/wp-content\\\/uploads\\\/2024\\\/12\\\/114352-zapatillas-bullpadel-xplo-pl-tour-final-25v-cn97005000-negro-1000x1000-vista1.webp\",\"contentUrl\":\"https:\\\/\\\/revolutionpadelstore.com\\\/wp-content\\\/uploads\\\/2024\\\/12\\\/114352-zapatillas-bullpadel-xplo-pl-tour-final-25v-cn97005000-negro-1000x1000-vista1.webp\",\"width\":1000,\"height\":1000},{\"@type\":\"BreadcrumbList\",\"@id\":\"https:\\\/\\\/revolutionpadelstore.com\\\/fr\\\/produit\\\/bullpadel-xplo-pl-25v-negro-3\\\/#breadcrumb\",\"itemListElement\":[{\"@type\":\"ListItem\",\"position\":1,\"name\":\"Portada\",\"item\":\"https:\\\/\\\/revolutionpadelstore.com\\\/fr\\\/\"},{\"@type\":\"ListItem\",\"position\":2,\"name\":\"Boutique\",\"item\":\"https:\\\/\\\/revolutionpadelstore.com\\\/fr\\\/tienda\\\/\"},{\"@type\":\"ListItem\",\"position\":3,\"name\":\"BULLPADEL XPLO PL 25V NEGRO\"}]},{\"@type\":\"WebSite\",\"@id\":\"https:\\\/\\\/revolutionpadelstore.com\\\/fr\\\/#website\",\"url\":\"https:\\\/\\\/revolutionpadelstore.com\\\/fr\\\/\",\"name\":\"Revolution Padel Store\",\"description\":\"\",\"publisher\":{\"@id\":\"https:\\\/\\\/revolutionpadelstore.com\\\/fr\\\/#organization\"},\"potentialAction\":[{\"@type\":\"SearchAction\",\"target\":{\"@type\":\"EntryPoint\",\"urlTemplate\":\"https:\\\/\\\/revolutionpadelstore.com\\\/fr\\\/?s={search_term_string}\"},\"query-input\":{\"@type\":\"PropertyValueSpecification\",\"valueRequired\":true,\"valueName\":\"search_term_string\"}}],\"inLanguage\":\"fr-FR\"},{\"@type\":\"Organization\",\"@id\":\"https:\\\/\\\/revolutionpadelstore.com\\\/fr\\\/#organization\",\"name\":\"Revolution Padel Store\",\"url\":\"https:\\\/\\\/revolutionpadelstore.com\\\/fr\\\/\",\"logo\":{\"@type\":\"ImageObject\",\"inLanguage\":\"fr-FR\",\"@id\":\"https:\\\/\\\/revolutionpadelstore.com\\\/fr\\\/#\\\/schema\\\/logo\\\/image\\\/\",\"url\":\"https:\\\/\\\/revolutionpadelstore.com\\\/wp-content\\\/uploads\\\/2026\\\/02\\\/revolution-padel-store.jpg\",\"contentUrl\":\"https:\\\/\\\/revolutionpadelstore.com\\\/wp-content\\\/uploads\\\/2026\\\/02\\\/revolution-padel-store.jpg\",\"width\":2000,\"height\":2000,\"caption\":\"Revolution Padel Store\"},\"image\":{\"@id\":\"https:\\\/\\\/revolutionpadelstore.com\\\/fr\\\/#\\\/schema\\\/logo\\\/image\\\/\"},\"sameAs\":[\"https:\\\/\\\/www.instagram.com\\\/revolutionpadelstore\\\/\"]}]}<\/script>\n<!-- \/ Yoast SEO plugin. -->","yoast_head_json":{"title":"BULLPADEL XPLO PL 25V NEGRO - Revolution Padel Store","description":"Bullpadel X-Plo PP Final 25V Negro: Zapatillas de p\u00e1del ligeras y r\u00e1pidas con suela VIBRAM. M\u00e1ximo rendimiento y estabilidad en pista. \u00a1Compra ahora en Revolution Padel Store!","robots":{"index":"index","follow":"follow","max-snippet":"max-snippet:-1","max-image-preview":"max-image-preview:large","max-video-preview":"max-video-preview:-1"},"canonical":"https:\/\/revolutionpadelstore.com\/fr\/produit\/bullpadel-xplo-pl-25v-negro-3\/","og_locale":"fr_FR","og_type":"article","og_title":"BULLPADEL XPLO PL 25V NEGRO - Revolution Padel Store","og_description":"Bullpadel X-Plo PP Final 25V Negro: Zapatillas de p\u00e1del ligeras y r\u00e1pidas con suela VIBRAM. M\u00e1ximo rendimiento y estabilidad en pista. \u00a1Compra ahora en Revolution Padel Store!","og_url":"https:\/\/revolutionpadelstore.com\/fr\/produit\/bullpadel-xplo-pl-25v-negro-3\/","og_site_name":"Revolution Padel Store","article_modified_time":"2026-04-21T00:02:46+00:00","og_image":[{"width":1000,"height":1000,"url":"https:\/\/revolutionpadelstore.com\/wp-content\/uploads\/2024\/12\/114352-zapatillas-bullpadel-xplo-pl-tour-final-25v-cn97005000-negro-1000x1000-vista1.webp","type":"image\/webp"}],"twitter_card":"summary_large_image","twitter_misc":{"Dur\u00e9e de lecture estim\u00e9e":"2 minutes"},"schema":{"@context":"https:\/\/schema.org","@graph":[{"@type":"WebPage","@id":"https:\/\/revolutionpadelstore.com\/fr\/produit\/bullpadel-xplo-pl-25v-negro-3\/","url":"https:\/\/revolutionpadelstore.com\/fr\/produit\/bullpadel-xplo-pl-25v-negro-3\/","name":"BULLPADEL XPLO PL 25V NEGRO - Revolution Padel Store","isPartOf":{"@id":"https:\/\/revolutionpadelstore.com\/fr\/#website"},"primaryImageOfPage":{"@id":"https:\/\/revolutionpadelstore.com\/fr\/produit\/bullpadel-xplo-pl-25v-negro-3\/#primaryimage"},"image":{"@id":"https:\/\/revolutionpadelstore.com\/fr\/produit\/bullpadel-xplo-pl-25v-negro-3\/#primaryimage"},"thumbnailUrl":"https:\/\/revolutionpadelstore.com\/wp-content\/uploads\/2024\/12\/114352-zapatillas-bullpadel-xplo-pl-tour-final-25v-cn97005000-negro-1000x1000-vista1.webp","datePublished":"2024-12-17T18:15:28+00:00","dateModified":"2026-04-21T00:02:46+00:00","description":"Bullpadel X-Plo PP Final 25V Negro: Zapatillas de p\u00e1del ligeras y r\u00e1pidas con suela VIBRAM. M\u00e1ximo rendimiento y estabilidad en pista. \u00a1Compra ahora en Revolution Padel Store!","breadcrumb":{"@id":"https:\/\/revolutionpadelstore.com\/fr\/produit\/bullpadel-xplo-pl-25v-negro-3\/#breadcrumb"},"inLanguage":"fr-FR","potentialAction":[{"@type":"ReadAction","target":["https:\/\/revolutionpadelstore.com\/fr\/produit\/bullpadel-xplo-pl-25v-negro-3\/"]}]},{"@type":"ImageObject","inLanguage":"fr-FR","@id":"https:\/\/revolutionpadelstore.com\/fr\/produit\/bullpadel-xplo-pl-25v-negro-3\/#primaryimage","url":"https:\/\/revolutionpadelstore.com\/wp-content\/uploads\/2024\/12\/114352-zapatillas-bullpadel-xplo-pl-tour-final-25v-cn97005000-negro-1000x1000-vista1.webp","contentUrl":"https:\/\/revolutionpadelstore.com\/wp-content\/uploads\/2024\/12\/114352-zapatillas-bullpadel-xplo-pl-tour-final-25v-cn97005000-negro-1000x1000-vista1.webp","width":1000,"height":1000},{"@type":"BreadcrumbList","@id":"https:\/\/revolutionpadelstore.com\/fr\/produit\/bullpadel-xplo-pl-25v-negro-3\/#breadcrumb","itemListElement":[{"@type":"ListItem","position":1,"name":"Portada","item":"https:\/\/revolutionpadelstore.com\/fr\/"},{"@type":"ListItem","position":2,"name":"Boutique","item":"https:\/\/revolutionpadelstore.com\/fr\/tienda\/"},{"@type":"ListItem","position":3,"name":"BULLPADEL XPLO PL 25V NEGRO"}]},{"@type":"WebSite","@id":"https:\/\/revolutionpadelstore.com\/fr\/#website","url":"https:\/\/revolutionpadelstore.com\/fr\/","name":"Revolution Padel Store","description":"","publisher":{"@id":"https:\/\/revolutionpadelstore.com\/fr\/#organization"},"potentialAction":[{"@type":"SearchAction","target":{"@type":"EntryPoint","urlTemplate":"https:\/\/revolutionpadelstore.com\/fr\/?s={search_term_string}"},"query-input":{"@type":"PropertyValueSpecification","valueRequired":true,"valueName":"search_term_string"}}],"inLanguage":"fr-FR"},{"@type":"Organization","@id":"https:\/\/revolutionpadelstore.com\/fr\/#organization","name":"Revolution Padel Store","url":"https:\/\/revolutionpadelstore.com\/fr\/","logo":{"@type":"ImageObject","inLanguage":"fr-FR","@id":"https:\/\/revolutionpadelstore.com\/fr\/#\/schema\/logo\/image\/","url":"https:\/\/revolutionpadelstore.com\/wp-content\/uploads\/2026\/02\/revolution-padel-store.jpg","contentUrl":"https:\/\/revolutionpadelstore.com\/wp-content\/uploads\/2026\/02\/revolution-padel-store.jpg","width":2000,"height":2000,"caption":"Revolution Padel Store"},"image":{"@id":"https:\/\/revolutionpadelstore.com\/fr\/#\/schema\/logo\/image\/"},"sameAs":["https:\/\/www.instagram.com\/revolutionpadelstore\/"]}]}},"_links":{"self":[{"href":"https:\/\/revolutionpadelstore.com\/fr\/wp-json\/wp\/v2\/product\/155450","targetHints":{"allow":["GET"]}}],"collection":[{"href":"https:\/\/revolutionpadelstore.com\/fr\/wp-json\/wp\/v2\/product"}],"about":[{"href":"https:\/\/revolutionpadelstore.com\/fr\/wp-json\/wp\/v2\/types\/product"}],"replies":[{"embeddable":true,"href":"https:\/\/revolutionpadelstore.com\/fr\/wp-json\/wp\/v2\/comments?post=155450"}],"wp:featuredmedia":[{"embeddable":true,"href":"https:\/\/revolutionpadelstore.com\/fr\/wp-json\/wp\/v2\/media\/155498"}],"wp:attachment":[{"href":"https:\/\/revolutionpadelstore.com\/fr\/wp-json\/wp\/v2\/media?parent=155450"}],"wp:term":[{"taxonomy":"acabado","embeddable":true,"href":"https:\/\/revolutionpadelstore.com\/fr\/wp-json\/wp\/v2\/acabado?post=155450"},{"taxonomy":"balance","embeddable":true,"href":"https:\/\/revolutionpadelstore.com\/fr\/wp-json\/wp\/v2\/balance?post=155450"},{"taxonomy":"dureza","embeddable":true,"href":"https:\/\/revolutionpadelstore.com\/fr\/wp-json\/wp\/v2\/dureza?post=155450"},{"taxonomy":"forma","embeddable":true,"href":"https:\/\/revolutionpadelstore.com\/fr\/wp-json\/wp\/v2\/forma?post=155450"},{"taxonomy":"jugador","embeddable":true,"href":"https:\/\/revolutionpadelstore.com\/fr\/wp-json\/wp\/v2\/jugador?post=155450"},{"taxonomy":"marca","embeddable":true,"href":"https:\/\/revolutionpadelstore.com\/fr\/wp-json\/wp\/v2\/marca?post=155450"},{"taxonomy":"nivel-de-juego","embeddable":true,"href":"https:\/\/revolutionpadelstore.com\/fr\/wp-json\/wp\/v2\/nivel-de-juego?post=155450"},{"taxonomy":"superficie","embeddable":true,"href":"https:\/\/revolutionpadelstore.com\/fr\/wp-json\/wp\/v2\/superficie?post=155450"},{"taxonomy":"tipo-de-juego","embeddable":true,"href":"https:\/\/revolutionpadelstore.com\/fr\/wp-json\/wp\/v2\/tipo-de-juego?post=155450"},{"taxonomy":"product_brand","embeddable":true,"href":"https:\/\/revolutionpadelstore.com\/fr\/wp-json\/wp\/v2\/product_brand?post=155450"},{"taxonomy":"product_cat","embeddable":true,"href":"https:\/\/revolutionpadelstore.com\/fr\/wp-json\/wp\/v2\/product_cat?post=155450"},{"taxonomy":"product_tag","embeddable":true,"href":"https:\/\/revolutionpadelstore.com\/fr\/wp-json\/wp\/v2\/product_tag?post=155450"}],"curies":[{"name":"wp","href":"https:\/\/api.w.org\/{rel}","templated":true}]}}