{"id":155355,"date":"2024-12-17T13:02:36","date_gmt":"2024-12-17T12:02:36","guid":{"rendered":"https:\/\/revolutionpadelstore.com\/head-speed-team-2025\/"},"modified":"2026-04-08T09:21:25","modified_gmt":"2026-04-08T07:21:25","slug":"head-speed-team-2025-3","status":"publish","type":"product","link":"https:\/\/revolutionpadelstore.com\/fr\/produit\/head-speed-team-2025-3\/","title":{"rendered":"HEAD SPEED TEAM 2025"},"content":{"rendered":"<h2> <strong> Head Speed \u200b\u200bTeam 2025: Tol\u00e9rance et polyvalence dans chaque coup <\/strong> <\/h2>\n<p>La <strong> Shovel Head Speed \u200b\u200bTeam 2025 <\/strong> est un choix exceptionnel pour les joueurs interm\u00e9diaires et avanc\u00e9s \u00e0 la recherche d&#8217;une combinaison parfaite de puissance contr\u00f4l\u00e9e, de confort et de gestion <\/strong>. Sa forme <strong> d\u00e9chirure <\/strong> et un poids de 365 grammes en font une pelle polyvalente, id\u00e9ale pour acc\u00e9l\u00e9rer le rythme du jeu sans perdre de pr\u00e9cision dans les moments critiques de la f\u00eate.<\/p>\n<p>Gr\u00e2ce \u00e0 son <strong> excellent \u00e9quilibre <\/strong> et \u00e0 sa capacit\u00e9 \u00e0 absorber les vibrations, cette pelle garantit des performances optimales dans chaque coup, r\u00e9duisant le risque de blessures et offrant une exp\u00e9rience de jeu confortable et efficace.<\/p>\n<h2> <strong> Caract\u00e9ristiques techniques de l&#8217;\u00e9quipe de vitesse de t\u00eate 2025 <\/strong> <\/h2>\n<p style=\"padding-left: 40px\"> <strong> -form:<br \/>\n<P> <strong> -Peso: <\/strong> 365 grammes, id\u00e9al pour les joueurs interm\u00e9diaires \u00e0 avanc\u00e9s.<\/p>\n<p style=\"padding-left: 40px\"> <strong> -material de l&#8217;avion: <\/strong> fibre de verre qui fournit un <strong> tact <\/strong> plus fluide <\/strong> et <strong> Excellente sortie de balle <\/b> .<br \/>\n<P> <strong> -nucocole: <\/strong> <strong> mousse de puissance <\/strong> qui maximise la puissance dans le coup.<\/p>\n<p> <strong> -Empu\u00f1ura: <\/strong> Capo-doux pour un <\/strong> <\/strong> stable et confortable.<\/p>\n<p style=\"padding-left: 40px\"> <strong> -protection: <\/strong> <strong> tim skin<br \/>\n<P> <strong> -marco: <\/strong> Graph\u00e8ne \u00e0 l&#8217;int\u00e9rieur combin\u00e9 avec <strong> pont intelligent <\/strong>, assurant une structure robuste et durable.<br \/>\n<P> <strong> -annovaci\u00f3n Auxetic 2.0: <\/strong> am\u00e9liore le sentiment d&#8217;impact et de stabilit\u00e9 dans le jeu.<\/p>\n<p> <strong>-Framedored: <\/strong> \u00e9largit le <strong> point sucr\u00e9 <\/strong>, augmentant la tol\u00e9rance et facilitant la manipulation \u00e0 chaque coup.<\/p>\n<h2> <strong> pour qui est con\u00e7u l&#8217;\u00e9quipe de la vitesse de la t\u00eate 2025?<br \/>\n<P> <strong> -Les joueurs interm\u00e9diaires ou avanc\u00e9s <\/strong> \u00e0 la recherche d&#8217;un \u00e9quilibre entre puissance et contr\u00f4le.<\/p>\n<p style=\"padding-left: 40px\"> &#8211; Les athl\u00e8tes qui veulent <strong> minimiser les vibrations <\/strong> et profitent d&#8217;une pelle plus confortable et s\u00fbre.<\/p>\n<p> &#8211; Ceux qui recherchent une pelle polyvalente et g\u00e9rable pour s&#8217;adapter facilement \u00e0 n&#8217;importe quelle situation sur la piste.<\/p>\n<h2> <strong> Avantages de l&#8217;\u00e9quipe de vitesse de t\u00eate 2025 <\/strong> <\/h2>\n<p> <strong> -Anior Contr\u00f4le: <\/strong> Son point sucr\u00e9 optimis\u00e9 facilite des coups pr\u00e9cis.<\/p>\n<p> <strong> -Mayor Power: <\/strong> gr\u00e2ce \u00e0 la mousse puissante et au graph\u00e8ne \u00e0 l&#8217;int\u00e9rieur de la technologie.<br \/>\n<P> <strong> &#8211; Communicit\u00e9 exceptionnelle: <\/strong> absorbe les vibrations, r\u00e9duisant le risque de blessures.<\/p>\n<p style=\"padding-left: 40px\"> <strong> -le durabilit\u00e9: <\/strong> Votre feuille de peau anti-choc garantit une r\u00e9sistance aux impacts.<\/p>\n<h2> <strong> dominer chaque point avec l&#8217;\u00e9quipe de vitesse de t\u00eate 2025 <\/strong> <\/h2>\n<p>Marquez le rythme du jeu avec la <strong> Head Speed \u200b\u200bTeam 2025 <\/strong> et profitez d&#8217;une pelle qui combine l&#8217;innovation, les performances et le confort. Obtenez avec elle maintenant et portez votre jeu au niveau sup\u00e9rieur!<\/p>\n<p><strong> Disponible dans notre boutique en ligne <a href=\"https:\/\/www.revolutionpadelstore.com\/\"> Revolution Padel Store <\/a>, probablement au meilleur prix du march\u00e9.<\/p>\n<h3> <\/h3>\n","protected":false},"excerpt":{"rendered":"<p>La <strong> Head Speed \u200b\u200bTeam 2025 <\/strong> est une pelle avec <strong> forme de d\u00e9chirure <\/strong>, un poids de <strong> 365 grammes <\/strong> et <strong> surfaces en fibre de verre <\/strong> , qui garantit des performances exceptionnelles sur la piste. Id\u00e9al pour <strong> joueurs interm\u00e9diaires \u00e0 avanc\u00e9s <\/strong> \u00e0 la recherche d&#8217;un \u00e9quilibre parfait entre puissance et contr\u00f4le.<strong>Head Speed Team 2025<\/strong><\/p>\n","protected":false},"featured_media":155296,"comment_status":"open","ping_status":"closed","template":"","meta":{"_acf_changed":false,"_joinchat":[]},"acabado":[1087],"balance":[1142],"dureza":[1157],"forma":[1187],"jugador":[1192,1202],"marca":[1222],"nivel-de-juego":[1337,1352],"superficie":[1357],"tipo-de-juego":[1387],"product_brand":[],"product_cat":[302],"product_tag":[],"class_list":{"0":"post-155355","1":"product","2":"type-product","3":"status-publish","4":"has-post-thumbnail","6":"acabado-mon-pote","7":"balance-moyen","8":"dureza-media-fr","9":"forma-lagrima-fr","10":"jugador-homme","11":"jugador-polivalente-fr","12":"marca-tete","13":"superficie-lise","14":"tipo-de-juego-polivalente-fr","15":"product_cat-palas-de-padel-fr","17":"first","18":"instock","19":"sale","20":"taxable","21":"shipping-taxable","22":"purchasable","23":"product-type-simple"},"acf":[],"yoast_head":"<!-- This site is optimized with the Yoast SEO plugin v27.4 - https:\/\/yoast.com\/product\/yoast-seo-wordpress\/ -->\n<title>HEAD SPEED TEAM 2025 - Revolution Padel Store<\/title>\n<meta name=\"description\" content=\"Descubre la Head Speed Team 2025, la pala ideal para jugadores intermedios y avanzados. Versatilidad, potencia y control en una sola pala. \u00a1C\u00f3mprala ahora al mejor precio en Revolution Padel Store!\" \/>\n<meta name=\"robots\" content=\"index, follow, max-snippet:-1, max-image-preview:large, max-video-preview:-1\" \/>\n<link rel=\"canonical\" href=\"https:\/\/revolutionpadelstore.com\/fr\/produit\/head-speed-team-2025-3\/\" \/>\n<meta property=\"og:locale\" content=\"fr_FR\" \/>\n<meta property=\"og:type\" content=\"article\" \/>\n<meta property=\"og:title\" content=\"HEAD SPEED TEAM 2025 - Revolution Padel Store\" \/>\n<meta property=\"og:description\" content=\"Descubre la Head Speed Team 2025, la pala ideal para jugadores intermedios y avanzados. Versatilidad, potencia y control en una sola pala. \u00a1C\u00f3mprala ahora al mejor precio en Revolution Padel Store!\" \/>\n<meta property=\"og:url\" content=\"https:\/\/revolutionpadelstore.com\/fr\/produit\/head-speed-team-2025-3\/\" \/>\n<meta property=\"og:site_name\" content=\"Revolution Padel Store\" \/>\n<meta property=\"article:modified_time\" content=\"2026-04-08T07:21:25+00:00\" \/>\n<meta property=\"og:image\" content=\"https:\/\/revolutionpadelstore.com\/wp-content\/uploads\/2024\/12\/115667-pala-head-speed-team-2025-221085-1500x1500-1.webp\" \/>\n\t<meta property=\"og:image:width\" content=\"1500\" \/>\n\t<meta property=\"og:image:height\" content=\"1500\" \/>\n\t<meta property=\"og:image:type\" content=\"image\/webp\" \/>\n<meta name=\"twitter:card\" content=\"summary_large_image\" \/>\n<meta name=\"twitter:label1\" content=\"Dur\u00e9e de lecture estim\u00e9e\" \/>\n\t<meta name=\"twitter:data1\" content=\"2 minutes\" \/>\n<script type=\"application\/ld+json\" class=\"yoast-schema-graph\">{\"@context\":\"https:\\\/\\\/schema.org\",\"@graph\":[{\"@type\":\"WebPage\",\"@id\":\"https:\\\/\\\/revolutionpadelstore.com\\\/fr\\\/produit\\\/head-speed-team-2025-3\\\/\",\"url\":\"https:\\\/\\\/revolutionpadelstore.com\\\/fr\\\/produit\\\/head-speed-team-2025-3\\\/\",\"name\":\"HEAD SPEED TEAM 2025 - Revolution Padel Store\",\"isPartOf\":{\"@id\":\"https:\\\/\\\/revolutionpadelstore.com\\\/fr\\\/#website\"},\"primaryImageOfPage\":{\"@id\":\"https:\\\/\\\/revolutionpadelstore.com\\\/fr\\\/produit\\\/head-speed-team-2025-3\\\/#primaryimage\"},\"image\":{\"@id\":\"https:\\\/\\\/revolutionpadelstore.com\\\/fr\\\/produit\\\/head-speed-team-2025-3\\\/#primaryimage\"},\"thumbnailUrl\":\"https:\\\/\\\/revolutionpadelstore.com\\\/wp-content\\\/uploads\\\/2024\\\/12\\\/115667-pala-head-speed-team-2025-221085-1500x1500-1.webp\",\"datePublished\":\"2024-12-17T12:02:36+00:00\",\"dateModified\":\"2026-04-08T07:21:25+00:00\",\"description\":\"Descubre la Head Speed Team 2025, la pala ideal para jugadores intermedios y avanzados. Versatilidad, potencia y control en una sola pala. \u00a1C\u00f3mprala ahora al mejor precio en Revolution Padel Store!\",\"breadcrumb\":{\"@id\":\"https:\\\/\\\/revolutionpadelstore.com\\\/fr\\\/produit\\\/head-speed-team-2025-3\\\/#breadcrumb\"},\"inLanguage\":\"fr-FR\",\"potentialAction\":[{\"@type\":\"ReadAction\",\"target\":[\"https:\\\/\\\/revolutionpadelstore.com\\\/fr\\\/produit\\\/head-speed-team-2025-3\\\/\"]}]},{\"@type\":\"ImageObject\",\"inLanguage\":\"fr-FR\",\"@id\":\"https:\\\/\\\/revolutionpadelstore.com\\\/fr\\\/produit\\\/head-speed-team-2025-3\\\/#primaryimage\",\"url\":\"https:\\\/\\\/revolutionpadelstore.com\\\/wp-content\\\/uploads\\\/2024\\\/12\\\/115667-pala-head-speed-team-2025-221085-1500x1500-1.webp\",\"contentUrl\":\"https:\\\/\\\/revolutionpadelstore.com\\\/wp-content\\\/uploads\\\/2024\\\/12\\\/115667-pala-head-speed-team-2025-221085-1500x1500-1.webp\",\"width\":1500,\"height\":1500},{\"@type\":\"BreadcrumbList\",\"@id\":\"https:\\\/\\\/revolutionpadelstore.com\\\/fr\\\/produit\\\/head-speed-team-2025-3\\\/#breadcrumb\",\"itemListElement\":[{\"@type\":\"ListItem\",\"position\":1,\"name\":\"Portada\",\"item\":\"https:\\\/\\\/revolutionpadelstore.com\\\/fr\\\/\"},{\"@type\":\"ListItem\",\"position\":2,\"name\":\"Boutique\",\"item\":\"https:\\\/\\\/revolutionpadelstore.com\\\/fr\\\/tienda\\\/\"},{\"@type\":\"ListItem\",\"position\":3,\"name\":\"HEAD SPEED TEAM 2025\"}]},{\"@type\":\"WebSite\",\"@id\":\"https:\\\/\\\/revolutionpadelstore.com\\\/fr\\\/#website\",\"url\":\"https:\\\/\\\/revolutionpadelstore.com\\\/fr\\\/\",\"name\":\"Revolution Padel Store\",\"description\":\"\",\"publisher\":{\"@id\":\"https:\\\/\\\/revolutionpadelstore.com\\\/fr\\\/#organization\"},\"potentialAction\":[{\"@type\":\"SearchAction\",\"target\":{\"@type\":\"EntryPoint\",\"urlTemplate\":\"https:\\\/\\\/revolutionpadelstore.com\\\/fr\\\/?s={search_term_string}\"},\"query-input\":{\"@type\":\"PropertyValueSpecification\",\"valueRequired\":true,\"valueName\":\"search_term_string\"}}],\"inLanguage\":\"fr-FR\"},{\"@type\":\"Organization\",\"@id\":\"https:\\\/\\\/revolutionpadelstore.com\\\/fr\\\/#organization\",\"name\":\"Revolution Padel Store\",\"url\":\"https:\\\/\\\/revolutionpadelstore.com\\\/fr\\\/\",\"logo\":{\"@type\":\"ImageObject\",\"inLanguage\":\"fr-FR\",\"@id\":\"https:\\\/\\\/revolutionpadelstore.com\\\/fr\\\/#\\\/schema\\\/logo\\\/image\\\/\",\"url\":\"https:\\\/\\\/revolutionpadelstore.com\\\/wp-content\\\/uploads\\\/2026\\\/02\\\/revolution-padel-store.jpg\",\"contentUrl\":\"https:\\\/\\\/revolutionpadelstore.com\\\/wp-content\\\/uploads\\\/2026\\\/02\\\/revolution-padel-store.jpg\",\"width\":2000,\"height\":2000,\"caption\":\"Revolution Padel Store\"},\"image\":{\"@id\":\"https:\\\/\\\/revolutionpadelstore.com\\\/fr\\\/#\\\/schema\\\/logo\\\/image\\\/\"},\"sameAs\":[\"https:\\\/\\\/www.instagram.com\\\/revolutionpadelstore\\\/\"]}]}<\/script>\n<!-- \/ Yoast SEO plugin. -->","yoast_head_json":{"title":"HEAD SPEED TEAM 2025 - Revolution Padel Store","description":"Descubre la Head Speed Team 2025, la pala ideal para jugadores intermedios y avanzados. Versatilidad, potencia y control en una sola pala. \u00a1C\u00f3mprala ahora al mejor precio en Revolution Padel Store!","robots":{"index":"index","follow":"follow","max-snippet":"max-snippet:-1","max-image-preview":"max-image-preview:large","max-video-preview":"max-video-preview:-1"},"canonical":"https:\/\/revolutionpadelstore.com\/fr\/produit\/head-speed-team-2025-3\/","og_locale":"fr_FR","og_type":"article","og_title":"HEAD SPEED TEAM 2025 - Revolution Padel Store","og_description":"Descubre la Head Speed Team 2025, la pala ideal para jugadores intermedios y avanzados. Versatilidad, potencia y control en una sola pala. \u00a1C\u00f3mprala ahora al mejor precio en Revolution Padel Store!","og_url":"https:\/\/revolutionpadelstore.com\/fr\/produit\/head-speed-team-2025-3\/","og_site_name":"Revolution Padel Store","article_modified_time":"2026-04-08T07:21:25+00:00","og_image":[{"width":1500,"height":1500,"url":"https:\/\/revolutionpadelstore.com\/wp-content\/uploads\/2024\/12\/115667-pala-head-speed-team-2025-221085-1500x1500-1.webp","type":"image\/webp"}],"twitter_card":"summary_large_image","twitter_misc":{"Dur\u00e9e de lecture estim\u00e9e":"2 minutes"},"schema":{"@context":"https:\/\/schema.org","@graph":[{"@type":"WebPage","@id":"https:\/\/revolutionpadelstore.com\/fr\/produit\/head-speed-team-2025-3\/","url":"https:\/\/revolutionpadelstore.com\/fr\/produit\/head-speed-team-2025-3\/","name":"HEAD SPEED TEAM 2025 - Revolution Padel Store","isPartOf":{"@id":"https:\/\/revolutionpadelstore.com\/fr\/#website"},"primaryImageOfPage":{"@id":"https:\/\/revolutionpadelstore.com\/fr\/produit\/head-speed-team-2025-3\/#primaryimage"},"image":{"@id":"https:\/\/revolutionpadelstore.com\/fr\/produit\/head-speed-team-2025-3\/#primaryimage"},"thumbnailUrl":"https:\/\/revolutionpadelstore.com\/wp-content\/uploads\/2024\/12\/115667-pala-head-speed-team-2025-221085-1500x1500-1.webp","datePublished":"2024-12-17T12:02:36+00:00","dateModified":"2026-04-08T07:21:25+00:00","description":"Descubre la Head Speed Team 2025, la pala ideal para jugadores intermedios y avanzados. Versatilidad, potencia y control en una sola pala. \u00a1C\u00f3mprala ahora al mejor precio en Revolution Padel Store!","breadcrumb":{"@id":"https:\/\/revolutionpadelstore.com\/fr\/produit\/head-speed-team-2025-3\/#breadcrumb"},"inLanguage":"fr-FR","potentialAction":[{"@type":"ReadAction","target":["https:\/\/revolutionpadelstore.com\/fr\/produit\/head-speed-team-2025-3\/"]}]},{"@type":"ImageObject","inLanguage":"fr-FR","@id":"https:\/\/revolutionpadelstore.com\/fr\/produit\/head-speed-team-2025-3\/#primaryimage","url":"https:\/\/revolutionpadelstore.com\/wp-content\/uploads\/2024\/12\/115667-pala-head-speed-team-2025-221085-1500x1500-1.webp","contentUrl":"https:\/\/revolutionpadelstore.com\/wp-content\/uploads\/2024\/12\/115667-pala-head-speed-team-2025-221085-1500x1500-1.webp","width":1500,"height":1500},{"@type":"BreadcrumbList","@id":"https:\/\/revolutionpadelstore.com\/fr\/produit\/head-speed-team-2025-3\/#breadcrumb","itemListElement":[{"@type":"ListItem","position":1,"name":"Portada","item":"https:\/\/revolutionpadelstore.com\/fr\/"},{"@type":"ListItem","position":2,"name":"Boutique","item":"https:\/\/revolutionpadelstore.com\/fr\/tienda\/"},{"@type":"ListItem","position":3,"name":"HEAD SPEED TEAM 2025"}]},{"@type":"WebSite","@id":"https:\/\/revolutionpadelstore.com\/fr\/#website","url":"https:\/\/revolutionpadelstore.com\/fr\/","name":"Revolution Padel Store","description":"","publisher":{"@id":"https:\/\/revolutionpadelstore.com\/fr\/#organization"},"potentialAction":[{"@type":"SearchAction","target":{"@type":"EntryPoint","urlTemplate":"https:\/\/revolutionpadelstore.com\/fr\/?s={search_term_string}"},"query-input":{"@type":"PropertyValueSpecification","valueRequired":true,"valueName":"search_term_string"}}],"inLanguage":"fr-FR"},{"@type":"Organization","@id":"https:\/\/revolutionpadelstore.com\/fr\/#organization","name":"Revolution Padel Store","url":"https:\/\/revolutionpadelstore.com\/fr\/","logo":{"@type":"ImageObject","inLanguage":"fr-FR","@id":"https:\/\/revolutionpadelstore.com\/fr\/#\/schema\/logo\/image\/","url":"https:\/\/revolutionpadelstore.com\/wp-content\/uploads\/2026\/02\/revolution-padel-store.jpg","contentUrl":"https:\/\/revolutionpadelstore.com\/wp-content\/uploads\/2026\/02\/revolution-padel-store.jpg","width":2000,"height":2000,"caption":"Revolution Padel Store"},"image":{"@id":"https:\/\/revolutionpadelstore.com\/fr\/#\/schema\/logo\/image\/"},"sameAs":["https:\/\/www.instagram.com\/revolutionpadelstore\/"]}]}},"_links":{"self":[{"href":"https:\/\/revolutionpadelstore.com\/fr\/wp-json\/wp\/v2\/product\/155355","targetHints":{"allow":["GET"]}}],"collection":[{"href":"https:\/\/revolutionpadelstore.com\/fr\/wp-json\/wp\/v2\/product"}],"about":[{"href":"https:\/\/revolutionpadelstore.com\/fr\/wp-json\/wp\/v2\/types\/product"}],"replies":[{"embeddable":true,"href":"https:\/\/revolutionpadelstore.com\/fr\/wp-json\/wp\/v2\/comments?post=155355"}],"wp:featuredmedia":[{"embeddable":true,"href":"https:\/\/revolutionpadelstore.com\/fr\/wp-json\/wp\/v2\/media\/155296"}],"wp:attachment":[{"href":"https:\/\/revolutionpadelstore.com\/fr\/wp-json\/wp\/v2\/media?parent=155355"}],"wp:term":[{"taxonomy":"acabado","embeddable":true,"href":"https:\/\/revolutionpadelstore.com\/fr\/wp-json\/wp\/v2\/acabado?post=155355"},{"taxonomy":"balance","embeddable":true,"href":"https:\/\/revolutionpadelstore.com\/fr\/wp-json\/wp\/v2\/balance?post=155355"},{"taxonomy":"dureza","embeddable":true,"href":"https:\/\/revolutionpadelstore.com\/fr\/wp-json\/wp\/v2\/dureza?post=155355"},{"taxonomy":"forma","embeddable":true,"href":"https:\/\/revolutionpadelstore.com\/fr\/wp-json\/wp\/v2\/forma?post=155355"},{"taxonomy":"jugador","embeddable":true,"href":"https:\/\/revolutionpadelstore.com\/fr\/wp-json\/wp\/v2\/jugador?post=155355"},{"taxonomy":"marca","embeddable":true,"href":"https:\/\/revolutionpadelstore.com\/fr\/wp-json\/wp\/v2\/marca?post=155355"},{"taxonomy":"nivel-de-juego","embeddable":true,"href":"https:\/\/revolutionpadelstore.com\/fr\/wp-json\/wp\/v2\/nivel-de-juego?post=155355"},{"taxonomy":"superficie","embeddable":true,"href":"https:\/\/revolutionpadelstore.com\/fr\/wp-json\/wp\/v2\/superficie?post=155355"},{"taxonomy":"tipo-de-juego","embeddable":true,"href":"https:\/\/revolutionpadelstore.com\/fr\/wp-json\/wp\/v2\/tipo-de-juego?post=155355"},{"taxonomy":"product_brand","embeddable":true,"href":"https:\/\/revolutionpadelstore.com\/fr\/wp-json\/wp\/v2\/product_brand?post=155355"},{"taxonomy":"product_cat","embeddable":true,"href":"https:\/\/revolutionpadelstore.com\/fr\/wp-json\/wp\/v2\/product_cat?post=155355"},{"taxonomy":"product_tag","embeddable":true,"href":"https:\/\/revolutionpadelstore.com\/fr\/wp-json\/wp\/v2\/product_tag?post=155355"}],"curies":[{"name":"wp","href":"https:\/\/api.w.org\/{rel}","templated":true}]}}