{"id":155289,"date":"2024-12-17T12:43:49","date_gmt":"2024-12-17T11:43:49","guid":{"rendered":"https:\/\/revolutionpadelstore.com\/head-speed-one-2025\/"},"modified":"2026-04-08T09:21:52","modified_gmt":"2026-04-08T07:21:52","slug":"head-speed-one-2025-3","status":"publish","type":"product","link":"https:\/\/revolutionpadelstore.com\/fr\/produit\/head-speed-one-2025-3\/","title":{"rendered":"HEAD SPEED ONE 2025"},"content":{"rendered":"<h2> PAL <strong> Speed \u200b\u200bde t\u00eate un 2025 <\/strong> &#8211; puissance et contr\u00f4le maximum <\/h2>\n<p>La <strong> pelle de t\u00eate Speed \u200b\u200bOne 2025 <\/strong> combine l&#8217;innovation technologique avec une conception ultra-l\u00e9g\u00e8re de <strong> 345 grammes <\/strong>, r\u00e9alisant un \u00e9quilibre parfait entre <strong> puissance, gestion et contr\u00f4le <\/strong> <\/strong> . Avec une forme de larme et une conception exclusive d&#8217;un seul trou, cette pelle premium est la ligne de vitesse la plus r\u00e9sistante et la plus la plus r\u00e9sistante. Id\u00e9al pour les joueurs avanc\u00e9s qui cherchent \u00e0 dominer la piste avec style.<\/p>\n<h2> <strong> Caract\u00e9ristiques de la vitesse de t\u00eate un 2025 <\/strong> <\/h2>\n<p> <strong> -tear Form <\/strong>: fournit une puissance explosive et un excellent contr\u00f4le dans chaque coup.<br \/>\n<P style=\"padding-left: 40px\"> <strong> -U Ultralight (345 g) <\/strong>: am\u00e9liore la maniabilit\u00e9 et la vitesse de r\u00e9action.<\/p>\n<p> <strong> -2d Plans carbone <\/strong>: augmente la r\u00e9sistance et la durabilit\u00e9, offrant une surface rigide id\u00e9ale pour les joueurs exigeants.<\/p>\n<p> <strong> -URGH Superficie avec un spin extr\u00eame <\/strong>: maximiser la poign\u00e9e de la balle et permettre d&#8217;ex\u00e9cuter des coups avec plus d&#8217;effet.<\/p>\n<p> <strong> -NuCol Power Moard <\/strong>: fournit une r\u00e9ponse rapide et puissante, id\u00e9ale pour les ench\u00e8res d\u00e9cisives.<\/p>\n<p> <strong> -tecnology Graph\u00e8ne \u00e0 l&#8217;int\u00e9rieur <\/strong>: renforce la structure du cadre et optimise le point doux.<\/p>\n<p> <strong>-Frametard intime <\/strong>: Concevoir la personnalisation pour s&#8217;adapter aux besoins du lecteur.<\/p>\n<p> <strong> -AbEtic 2.0 <\/strong>: am\u00e9liore le toucher et les sensations pendant le coup.<\/p>\n<p> <strong> -Soft Butt Cap 2.0 <\/strong>: la poign\u00e9e sera plus douce et plus confortable qui r\u00e9duit les vibrations.<br \/>\n<P style=\"padding-left: 40px\"> <strong> -smart pont <\/strong>: conception de pont unique pour une plus grande stabilit\u00e9 et contr\u00f4le.<br \/>\n<P> <strong> -ancabado mat et brillant <\/strong>: un design premium qui se d\u00e9marque sur et hors de la piste.<\/p>\n<h2> <strong> Pourquoi choisir la vitesse de la t\u00eate un 2025? <\/strong> <\/h2>\n<p>Le <strong> Speed \u200b\u200bOne 2025 <\/strong> est con\u00e7u pour les joueurs <strong> de niveau avanc\u00e9 <\/strong> qui recherchent <strong> des performances sup\u00e9rieures <\/strong> dans n&#8217;importe quelle situation de jeu. Sa combinaison de mat\u00e9riaux innovants et de technologies de l&#8217;\u00e9tat -Art permet des plans pr\u00e9cis et puissants \u00e0 la fois en d\u00e9fense et en attaque.<\/p>\n<h2> <strong> Passez votre jeu au niveau suivant <\/strong> <\/h2>\n<p>Si vous recherchez une pelle <strong> l\u00e9g\u00e8re et r\u00e9sistante et avec la meilleure adh\u00e9rence <\/strong>, la vitesse de t\u00eate <strong> 1 2025 <\/strong> est votre meilleur alli\u00e9. Sa conception ergonomique et sa surface rugueuse vous permettra <strong> de surprendre vos adversaires <\/strong> avec des effets uniques et de contr\u00f4ler chaque coup avec facilit\u00e9.<\/p>\n<p><strong> maintenant disponible dans notre boutique en ligne <a href=\"https:\/\/www.revolutionpadelstore.com\/\"> www.revolutionpadelstore.com <\/a>, probablement au meilleur prix de march\u00e9. Ne restez pas sans elle et portez votre jeu au niveau suivant!<\/p>\n<h2>Pala <strong>Head Speed One 2025<\/strong><\/p>\n","protected":false},"excerpt":{"rendered":"<p>Phembe <strong> Speed \u200b\u200bSpeed \u200b\u200bOne 2025 <\/strong> en forme de d\u00e9chirure et un poids l\u00e9ger de <strong> 345 grammes <\/strong>, con\u00e7u pour les joueurs avanc\u00e9s \u00e0 la recherche de <strong> polyvalence <\/strong> dans chaque coup. Il a une surface rugueuse fabriqu\u00e9e dans le carbone <strong> 2D <\/strong>.<strong>Head Speed One 2025<\/strong><\/p>\n","protected":false},"featured_media":155247,"comment_status":"open","ping_status":"closed","template":"","meta":{"_acf_changed":false,"_joinchat":[]},"acabado":[1082,1087],"balance":[1137,1142],"dureza":[1157],"forma":[1187],"jugador":[1192,1202],"marca":[1222],"nivel-de-juego":[1337],"superficie":[1362],"tipo-de-juego":[1387],"product_brand":[],"product_cat":[302],"product_tag":[],"class_list":{"0":"post-155289","1":"product","2":"type-product","3":"status-publish","4":"has-post-thumbnail","6":"acabado-luminosite","7":"acabado-mon-pote","8":"balance-eleve","9":"balance-moyen","10":"dureza-media-fr","11":"forma-lagrima-fr","12":"jugador-homme","13":"jugador-polivalente-fr","14":"marca-tete","15":"superficie-rugosa-fr","16":"tipo-de-juego-polivalente-fr","17":"product_cat-palas-de-padel-fr","19":"first","20":"instock","21":"sale","22":"taxable","23":"shipping-taxable","24":"purchasable","25":"product-type-simple"},"acf":[],"yoast_head":"<!-- This site is optimized with the Yoast SEO plugin v27.4 - https:\/\/yoast.com\/product\/yoast-seo-wordpress\/ -->\n<title>HEAD SPEED ONE 2025 - Revolution Padel Store<\/title>\n<meta name=\"description\" content=\"Descubre la pala Head Speed One 2025, ultraligera y de l\u00e1grima, perfecta para jugadores avanzados. Potencia, control y dise\u00f1o premium. \u00a1C\u00f3mprala ahora en Revolution Padel Store!\" \/>\n<meta name=\"robots\" content=\"index, follow, max-snippet:-1, max-image-preview:large, max-video-preview:-1\" \/>\n<link rel=\"canonical\" href=\"https:\/\/revolutionpadelstore.com\/fr\/produit\/head-speed-one-2025-3\/\" \/>\n<meta property=\"og:locale\" content=\"fr_FR\" \/>\n<meta property=\"og:type\" content=\"article\" \/>\n<meta property=\"og:title\" content=\"HEAD SPEED ONE 2025 - Revolution Padel Store\" \/>\n<meta property=\"og:description\" content=\"Descubre la pala Head Speed One 2025, ultraligera y de l\u00e1grima, perfecta para jugadores avanzados. Potencia, control y dise\u00f1o premium. \u00a1C\u00f3mprala ahora en Revolution Padel Store!\" \/>\n<meta property=\"og:url\" content=\"https:\/\/revolutionpadelstore.com\/fr\/produit\/head-speed-one-2025-3\/\" \/>\n<meta property=\"og:site_name\" content=\"Revolution Padel Store\" \/>\n<meta property=\"article:modified_time\" content=\"2026-04-08T07:21:52+00:00\" \/>\n<meta property=\"og:image\" content=\"https:\/\/revolutionpadelstore.com\/wp-content\/uploads\/2024\/12\/115663-pala-head-speed-one-2025-221055-1500x1500-1.webp\" \/>\n\t<meta property=\"og:image:width\" content=\"1500\" \/>\n\t<meta property=\"og:image:height\" content=\"1500\" \/>\n\t<meta property=\"og:image:type\" content=\"image\/webp\" \/>\n<meta name=\"twitter:card\" content=\"summary_large_image\" \/>\n<meta name=\"twitter:label1\" content=\"Dur\u00e9e de lecture estim\u00e9e\" \/>\n\t<meta name=\"twitter:data1\" content=\"2 minutes\" \/>\n<script type=\"application\/ld+json\" class=\"yoast-schema-graph\">{\"@context\":\"https:\\\/\\\/schema.org\",\"@graph\":[{\"@type\":\"WebPage\",\"@id\":\"https:\\\/\\\/revolutionpadelstore.com\\\/fr\\\/produit\\\/head-speed-one-2025-3\\\/\",\"url\":\"https:\\\/\\\/revolutionpadelstore.com\\\/fr\\\/produit\\\/head-speed-one-2025-3\\\/\",\"name\":\"HEAD SPEED ONE 2025 - Revolution Padel Store\",\"isPartOf\":{\"@id\":\"https:\\\/\\\/revolutionpadelstore.com\\\/fr\\\/#website\"},\"primaryImageOfPage\":{\"@id\":\"https:\\\/\\\/revolutionpadelstore.com\\\/fr\\\/produit\\\/head-speed-one-2025-3\\\/#primaryimage\"},\"image\":{\"@id\":\"https:\\\/\\\/revolutionpadelstore.com\\\/fr\\\/produit\\\/head-speed-one-2025-3\\\/#primaryimage\"},\"thumbnailUrl\":\"https:\\\/\\\/revolutionpadelstore.com\\\/wp-content\\\/uploads\\\/2024\\\/12\\\/115663-pala-head-speed-one-2025-221055-1500x1500-1.webp\",\"datePublished\":\"2024-12-17T11:43:49+00:00\",\"dateModified\":\"2026-04-08T07:21:52+00:00\",\"description\":\"Descubre la pala Head Speed One 2025, ultraligera y de l\u00e1grima, perfecta para jugadores avanzados. Potencia, control y dise\u00f1o premium. \u00a1C\u00f3mprala ahora en Revolution Padel Store!\",\"breadcrumb\":{\"@id\":\"https:\\\/\\\/revolutionpadelstore.com\\\/fr\\\/produit\\\/head-speed-one-2025-3\\\/#breadcrumb\"},\"inLanguage\":\"fr-FR\",\"potentialAction\":[{\"@type\":\"ReadAction\",\"target\":[\"https:\\\/\\\/revolutionpadelstore.com\\\/fr\\\/produit\\\/head-speed-one-2025-3\\\/\"]}]},{\"@type\":\"ImageObject\",\"inLanguage\":\"fr-FR\",\"@id\":\"https:\\\/\\\/revolutionpadelstore.com\\\/fr\\\/produit\\\/head-speed-one-2025-3\\\/#primaryimage\",\"url\":\"https:\\\/\\\/revolutionpadelstore.com\\\/wp-content\\\/uploads\\\/2024\\\/12\\\/115663-pala-head-speed-one-2025-221055-1500x1500-1.webp\",\"contentUrl\":\"https:\\\/\\\/revolutionpadelstore.com\\\/wp-content\\\/uploads\\\/2024\\\/12\\\/115663-pala-head-speed-one-2025-221055-1500x1500-1.webp\",\"width\":1500,\"height\":1500},{\"@type\":\"BreadcrumbList\",\"@id\":\"https:\\\/\\\/revolutionpadelstore.com\\\/fr\\\/produit\\\/head-speed-one-2025-3\\\/#breadcrumb\",\"itemListElement\":[{\"@type\":\"ListItem\",\"position\":1,\"name\":\"Portada\",\"item\":\"https:\\\/\\\/revolutionpadelstore.com\\\/fr\\\/\"},{\"@type\":\"ListItem\",\"position\":2,\"name\":\"Boutique\",\"item\":\"https:\\\/\\\/revolutionpadelstore.com\\\/fr\\\/tienda\\\/\"},{\"@type\":\"ListItem\",\"position\":3,\"name\":\"HEAD SPEED ONE 2025\"}]},{\"@type\":\"WebSite\",\"@id\":\"https:\\\/\\\/revolutionpadelstore.com\\\/fr\\\/#website\",\"url\":\"https:\\\/\\\/revolutionpadelstore.com\\\/fr\\\/\",\"name\":\"Revolution Padel Store\",\"description\":\"\",\"publisher\":{\"@id\":\"https:\\\/\\\/revolutionpadelstore.com\\\/fr\\\/#organization\"},\"potentialAction\":[{\"@type\":\"SearchAction\",\"target\":{\"@type\":\"EntryPoint\",\"urlTemplate\":\"https:\\\/\\\/revolutionpadelstore.com\\\/fr\\\/?s={search_term_string}\"},\"query-input\":{\"@type\":\"PropertyValueSpecification\",\"valueRequired\":true,\"valueName\":\"search_term_string\"}}],\"inLanguage\":\"fr-FR\"},{\"@type\":\"Organization\",\"@id\":\"https:\\\/\\\/revolutionpadelstore.com\\\/fr\\\/#organization\",\"name\":\"Revolution Padel Store\",\"url\":\"https:\\\/\\\/revolutionpadelstore.com\\\/fr\\\/\",\"logo\":{\"@type\":\"ImageObject\",\"inLanguage\":\"fr-FR\",\"@id\":\"https:\\\/\\\/revolutionpadelstore.com\\\/fr\\\/#\\\/schema\\\/logo\\\/image\\\/\",\"url\":\"https:\\\/\\\/revolutionpadelstore.com\\\/wp-content\\\/uploads\\\/2026\\\/02\\\/revolution-padel-store.jpg\",\"contentUrl\":\"https:\\\/\\\/revolutionpadelstore.com\\\/wp-content\\\/uploads\\\/2026\\\/02\\\/revolution-padel-store.jpg\",\"width\":2000,\"height\":2000,\"caption\":\"Revolution Padel Store\"},\"image\":{\"@id\":\"https:\\\/\\\/revolutionpadelstore.com\\\/fr\\\/#\\\/schema\\\/logo\\\/image\\\/\"},\"sameAs\":[\"https:\\\/\\\/www.instagram.com\\\/revolutionpadelstore\\\/\"]}]}<\/script>\n<!-- \/ Yoast SEO plugin. -->","yoast_head_json":{"title":"HEAD SPEED ONE 2025 - Revolution Padel Store","description":"Descubre la pala Head Speed One 2025, ultraligera y de l\u00e1grima, perfecta para jugadores avanzados. Potencia, control y dise\u00f1o premium. \u00a1C\u00f3mprala ahora en Revolution Padel Store!","robots":{"index":"index","follow":"follow","max-snippet":"max-snippet:-1","max-image-preview":"max-image-preview:large","max-video-preview":"max-video-preview:-1"},"canonical":"https:\/\/revolutionpadelstore.com\/fr\/produit\/head-speed-one-2025-3\/","og_locale":"fr_FR","og_type":"article","og_title":"HEAD SPEED ONE 2025 - Revolution Padel Store","og_description":"Descubre la pala Head Speed One 2025, ultraligera y de l\u00e1grima, perfecta para jugadores avanzados. Potencia, control y dise\u00f1o premium. \u00a1C\u00f3mprala ahora en Revolution Padel Store!","og_url":"https:\/\/revolutionpadelstore.com\/fr\/produit\/head-speed-one-2025-3\/","og_site_name":"Revolution Padel Store","article_modified_time":"2026-04-08T07:21:52+00:00","og_image":[{"width":1500,"height":1500,"url":"https:\/\/revolutionpadelstore.com\/wp-content\/uploads\/2024\/12\/115663-pala-head-speed-one-2025-221055-1500x1500-1.webp","type":"image\/webp"}],"twitter_card":"summary_large_image","twitter_misc":{"Dur\u00e9e de lecture estim\u00e9e":"2 minutes"},"schema":{"@context":"https:\/\/schema.org","@graph":[{"@type":"WebPage","@id":"https:\/\/revolutionpadelstore.com\/fr\/produit\/head-speed-one-2025-3\/","url":"https:\/\/revolutionpadelstore.com\/fr\/produit\/head-speed-one-2025-3\/","name":"HEAD SPEED ONE 2025 - Revolution Padel Store","isPartOf":{"@id":"https:\/\/revolutionpadelstore.com\/fr\/#website"},"primaryImageOfPage":{"@id":"https:\/\/revolutionpadelstore.com\/fr\/produit\/head-speed-one-2025-3\/#primaryimage"},"image":{"@id":"https:\/\/revolutionpadelstore.com\/fr\/produit\/head-speed-one-2025-3\/#primaryimage"},"thumbnailUrl":"https:\/\/revolutionpadelstore.com\/wp-content\/uploads\/2024\/12\/115663-pala-head-speed-one-2025-221055-1500x1500-1.webp","datePublished":"2024-12-17T11:43:49+00:00","dateModified":"2026-04-08T07:21:52+00:00","description":"Descubre la pala Head Speed One 2025, ultraligera y de l\u00e1grima, perfecta para jugadores avanzados. Potencia, control y dise\u00f1o premium. \u00a1C\u00f3mprala ahora en Revolution Padel Store!","breadcrumb":{"@id":"https:\/\/revolutionpadelstore.com\/fr\/produit\/head-speed-one-2025-3\/#breadcrumb"},"inLanguage":"fr-FR","potentialAction":[{"@type":"ReadAction","target":["https:\/\/revolutionpadelstore.com\/fr\/produit\/head-speed-one-2025-3\/"]}]},{"@type":"ImageObject","inLanguage":"fr-FR","@id":"https:\/\/revolutionpadelstore.com\/fr\/produit\/head-speed-one-2025-3\/#primaryimage","url":"https:\/\/revolutionpadelstore.com\/wp-content\/uploads\/2024\/12\/115663-pala-head-speed-one-2025-221055-1500x1500-1.webp","contentUrl":"https:\/\/revolutionpadelstore.com\/wp-content\/uploads\/2024\/12\/115663-pala-head-speed-one-2025-221055-1500x1500-1.webp","width":1500,"height":1500},{"@type":"BreadcrumbList","@id":"https:\/\/revolutionpadelstore.com\/fr\/produit\/head-speed-one-2025-3\/#breadcrumb","itemListElement":[{"@type":"ListItem","position":1,"name":"Portada","item":"https:\/\/revolutionpadelstore.com\/fr\/"},{"@type":"ListItem","position":2,"name":"Boutique","item":"https:\/\/revolutionpadelstore.com\/fr\/tienda\/"},{"@type":"ListItem","position":3,"name":"HEAD SPEED ONE 2025"}]},{"@type":"WebSite","@id":"https:\/\/revolutionpadelstore.com\/fr\/#website","url":"https:\/\/revolutionpadelstore.com\/fr\/","name":"Revolution Padel Store","description":"","publisher":{"@id":"https:\/\/revolutionpadelstore.com\/fr\/#organization"},"potentialAction":[{"@type":"SearchAction","target":{"@type":"EntryPoint","urlTemplate":"https:\/\/revolutionpadelstore.com\/fr\/?s={search_term_string}"},"query-input":{"@type":"PropertyValueSpecification","valueRequired":true,"valueName":"search_term_string"}}],"inLanguage":"fr-FR"},{"@type":"Organization","@id":"https:\/\/revolutionpadelstore.com\/fr\/#organization","name":"Revolution Padel Store","url":"https:\/\/revolutionpadelstore.com\/fr\/","logo":{"@type":"ImageObject","inLanguage":"fr-FR","@id":"https:\/\/revolutionpadelstore.com\/fr\/#\/schema\/logo\/image\/","url":"https:\/\/revolutionpadelstore.com\/wp-content\/uploads\/2026\/02\/revolution-padel-store.jpg","contentUrl":"https:\/\/revolutionpadelstore.com\/wp-content\/uploads\/2026\/02\/revolution-padel-store.jpg","width":2000,"height":2000,"caption":"Revolution Padel Store"},"image":{"@id":"https:\/\/revolutionpadelstore.com\/fr\/#\/schema\/logo\/image\/"},"sameAs":["https:\/\/www.instagram.com\/revolutionpadelstore\/"]}]}},"_links":{"self":[{"href":"https:\/\/revolutionpadelstore.com\/fr\/wp-json\/wp\/v2\/product\/155289","targetHints":{"allow":["GET"]}}],"collection":[{"href":"https:\/\/revolutionpadelstore.com\/fr\/wp-json\/wp\/v2\/product"}],"about":[{"href":"https:\/\/revolutionpadelstore.com\/fr\/wp-json\/wp\/v2\/types\/product"}],"replies":[{"embeddable":true,"href":"https:\/\/revolutionpadelstore.com\/fr\/wp-json\/wp\/v2\/comments?post=155289"}],"wp:featuredmedia":[{"embeddable":true,"href":"https:\/\/revolutionpadelstore.com\/fr\/wp-json\/wp\/v2\/media\/155247"}],"wp:attachment":[{"href":"https:\/\/revolutionpadelstore.com\/fr\/wp-json\/wp\/v2\/media?parent=155289"}],"wp:term":[{"taxonomy":"acabado","embeddable":true,"href":"https:\/\/revolutionpadelstore.com\/fr\/wp-json\/wp\/v2\/acabado?post=155289"},{"taxonomy":"balance","embeddable":true,"href":"https:\/\/revolutionpadelstore.com\/fr\/wp-json\/wp\/v2\/balance?post=155289"},{"taxonomy":"dureza","embeddable":true,"href":"https:\/\/revolutionpadelstore.com\/fr\/wp-json\/wp\/v2\/dureza?post=155289"},{"taxonomy":"forma","embeddable":true,"href":"https:\/\/revolutionpadelstore.com\/fr\/wp-json\/wp\/v2\/forma?post=155289"},{"taxonomy":"jugador","embeddable":true,"href":"https:\/\/revolutionpadelstore.com\/fr\/wp-json\/wp\/v2\/jugador?post=155289"},{"taxonomy":"marca","embeddable":true,"href":"https:\/\/revolutionpadelstore.com\/fr\/wp-json\/wp\/v2\/marca?post=155289"},{"taxonomy":"nivel-de-juego","embeddable":true,"href":"https:\/\/revolutionpadelstore.com\/fr\/wp-json\/wp\/v2\/nivel-de-juego?post=155289"},{"taxonomy":"superficie","embeddable":true,"href":"https:\/\/revolutionpadelstore.com\/fr\/wp-json\/wp\/v2\/superficie?post=155289"},{"taxonomy":"tipo-de-juego","embeddable":true,"href":"https:\/\/revolutionpadelstore.com\/fr\/wp-json\/wp\/v2\/tipo-de-juego?post=155289"},{"taxonomy":"product_brand","embeddable":true,"href":"https:\/\/revolutionpadelstore.com\/fr\/wp-json\/wp\/v2\/product_brand?post=155289"},{"taxonomy":"product_cat","embeddable":true,"href":"https:\/\/revolutionpadelstore.com\/fr\/wp-json\/wp\/v2\/product_cat?post=155289"},{"taxonomy":"product_tag","embeddable":true,"href":"https:\/\/revolutionpadelstore.com\/fr\/wp-json\/wp\/v2\/product_tag?post=155289"}],"curies":[{"name":"wp","href":"https:\/\/api.w.org\/{rel}","templated":true}]}}