{"id":155240,"date":"2024-12-17T12:16:03","date_gmt":"2024-12-17T11:16:03","guid":{"rendered":"https:\/\/revolutionpadelstore.com\/head-speed-pro-2025\/"},"modified":"2026-04-08T09:22:17","modified_gmt":"2026-04-08T07:22:17","slug":"head-speed-pro-2025-3","status":"publish","type":"product","link":"https:\/\/revolutionpadelstore.com\/fr\/produit\/head-speed-pro-2025-3\/","title":{"rendered":"HEAD SPEED PRO 2025"},"content":{"rendered":"<h2> Head Speed \u200b\u200bPro 2025 &#8211; <strong> Adaptabilit\u00e9 et performance maximale <\/strong> <\/h2>\n<p>Le <strong> Head Speed \u200b\u200bPro 2025 <\/strong> est con\u00e7u pour la concurrence <strong> et le niveau avanc\u00e9 <\/strong> qui recherchent la combinaison parfaite de puissance, de contr\u00f4le et de polyvalence <\/strong> \u00e0 chaque bang. Avec une conception de larme et 370 grammes de poids, cette pelle garantit des performances exceptionnelles \u00e0 la fois dans le r\u00e9seau et en arri\u00e8re-plan.<\/p>\n<h2> <strong> Caract\u00e9ristiques principales de la Speed \u200b\u200bPro 2025 <\/strong> <\/h2>\n<p><P> <strong> -form: <\/strong> d\u00e9chirure, \u00e9quilibre entre puissance et contr\u00f4le.<br \/>\n<P> <strong> -Peso: <\/strong> 370 grammes, id\u00e9al pour les joueurs avanc\u00e9s et la comp\u00e9tition.<\/p>\n<p style=\"padding-left: 40px\"> <strong> -design: <\/strong> \u00e9l\u00e9gant, avec une finition mate brillante.<\/p>\n<h2> <strong> Technologies et avantages de la Speed \u200b\u200bPro 2025 <\/strong> <\/h2>\n<p><P> <strong> -NuCol Power Moard: <\/strong> R\u00e9ponse rapide avec une puissance maximale.<\/p>\n<p> <strong> -hybridcies: <\/strong> combinaison de <strong> fibre de carbone et verre <\/strong> pour une excellente durabilit\u00e9 et un jeu polyvalent.<br \/>\n<P> <strong> -G\u00e9ph\u00e8ne \u00e0 l&#8217;int\u00e9rieur + pont intelligent: <\/strong> renforcement dans le cadre pour plus <strong> stabilit\u00e9 <\/strong> et pr\u00e9cision dans le coup.<\/p>\n<p> <strong> -Damp Plus: <\/strong> Absorption des vibrations pour un <strong> Comfort sup\u00e9rieur <\/strong> pendant le jeu.<\/p>\n<p> <strong>-optimisation Sweet Spot: <\/strong> Point sucr\u00e9 \u00e9tendu qui maximise le contr\u00f4le et la puissance de la frappe.<\/p>\n<p> <strong> -Abexetic 2.0 sur le pont: <\/strong> offre <strong> fermet\u00e9 <\/strong> et une sensation optimale sur l&#8217;impact du ballon.<\/p>\n<p> <strong> -Anti Shock Skin Padel: <\/strong> feuille de protection qui emp\u00eache <strong> des coups et des rayures <\/strong>, augmentant la durabilit\u00e9 de la pelle.<\/p>\n<p> <strong> -Empu\u00f1ura avec un capuchon souple: <\/strong> plus grand confort et adh\u00e9rence, r\u00e9duisant la fatigue dans les longues s\u00e9ances de jeu.<\/p>\n<h2> <strong> Pourquoi choisir la Speed \u200b\u200bPro 2025 de la t\u00eate? <\/strong> <\/h2>\n<p>Cette pelle est le choix parfait pour <strong> joueurs comp\u00e9titifs <\/strong> qui ont besoin d&#8217;un \u00e9quilibre entre <strong> attaque et d\u00e9fense <\/strong>. La combinaison de technologies avanc\u00e9es telles que <strong> power mousse <\/strong>, Graph\u00e8ne \u00e0 l&#8217;int\u00e9rieur et le syst\u00e8me humide plus assure des performances professionnelles avec confort et stabilit\u00e9.<\/p>\n<p>Si vous cherchez \u00e0 faire passer votre jeu au niveau sup\u00e9rieur et \u00e0 mettre en \u00e9vidence dans chaque jeu, le <strong> Head Speed \u200b\u200bPro 2025 <\/strong> est le dernier outil.<\/p>\n<h2> <strong> Achetez la t\u00eate de t\u00eate Pro 2025 au meilleur prix <\/strong> <\/h2>\n<p>Acqu\u00e9rir maintenant la pelle <strong> Head Speed \u200b\u200bPro 2025 <\/strong> dans notre boutique en ligne <strong> <a href=\"http:\/\/www.revolutionpadelstore.com\/\"> www.revolutionpadelstore.com <\/a> Strong&gt; et profitez des meilleures performances de votre jeu avec le prix le plus comp\u00e9titif du march\u00e9.<\/p>\n<h2>Head Speed Pro 2025 \u2013 <strong>M\u00e1xima Adaptabilidad y Rendimiento<\/strong><\/p>\n","protected":false},"excerpt":{"rendered":"<p>Le <strong> Head Speed \u200b\u200bPro 2025 <\/strong> Shovel est con\u00e7u pour les joueurs de paddle de niveau comp\u00e9titif qui cherchent \u00e0 optimiser leurs performances de piste. Il a un format de d\u00e9chirure, un poids de 370 grammes et a une surface \u00e0 succ\u00e8s hybride pour am\u00e9liorer l&#8217;adaptabilit\u00e9 pendant le jeu.<strong>Head Speed Pro 2025<\/strong><\/p>\n","protected":false},"featured_media":155199,"comment_status":"open","ping_status":"closed","template":"","meta":{"_acf_changed":false,"_joinchat":[]},"acabado":[1082,1087],"balance":[1137],"dureza":[1157],"forma":[1187],"jugador":[1192,1202],"marca":[1222],"nivel-de-juego":[1337],"superficie":[1357],"tipo-de-juego":[1387],"product_brand":[],"product_cat":[302],"product_tag":[],"class_list":{"0":"post-155240","1":"product","2":"type-product","3":"status-publish","4":"has-post-thumbnail","6":"acabado-luminosite","7":"acabado-mon-pote","8":"balance-eleve","9":"dureza-media-fr","10":"forma-lagrima-fr","11":"jugador-homme","12":"jugador-polivalente-fr","13":"marca-tete","14":"superficie-lise","15":"tipo-de-juego-polivalente-fr","16":"product_cat-palas-de-padel-fr","18":"first","19":"instock","20":"sale","21":"taxable","22":"shipping-taxable","23":"purchasable","24":"product-type-simple"},"acf":[],"yoast_head":"<!-- This site is optimized with the Yoast SEO plugin v27.4 - https:\/\/yoast.com\/product\/yoast-seo-wordpress\/ -->\n<title>HEAD SPEED PRO 2025 - Revolution Padel Store<\/title>\n<meta name=\"description\" content=\"Descubre la pala Head Speed Pro 2025: equilibrio perfecto entre potencia y control con tecnolog\u00edas innovadoras como Power Foam y Graphene Inside. \u00a1C\u00f3mprala ahora en Revolution Padel Store al mejor precio!\" \/>\n<meta name=\"robots\" content=\"index, follow, max-snippet:-1, max-image-preview:large, max-video-preview:-1\" \/>\n<link rel=\"canonical\" href=\"https:\/\/revolutionpadelstore.com\/fr\/produit\/head-speed-pro-2025-3\/\" \/>\n<meta property=\"og:locale\" content=\"fr_FR\" \/>\n<meta property=\"og:type\" content=\"article\" \/>\n<meta property=\"og:title\" content=\"HEAD SPEED PRO 2025 - Revolution Padel Store\" \/>\n<meta property=\"og:description\" content=\"Descubre la pala Head Speed Pro 2025: equilibrio perfecto entre potencia y control con tecnolog\u00edas innovadoras como Power Foam y Graphene Inside. \u00a1C\u00f3mprala ahora en Revolution Padel Store al mejor precio!\" \/>\n<meta property=\"og:url\" content=\"https:\/\/revolutionpadelstore.com\/fr\/produit\/head-speed-pro-2025-3\/\" \/>\n<meta property=\"og:site_name\" content=\"Revolution Padel Store\" \/>\n<meta property=\"article:modified_time\" content=\"2026-04-08T07:22:17+00:00\" \/>\n<meta property=\"og:image\" content=\"https:\/\/revolutionpadelstore.com\/wp-content\/uploads\/2024\/12\/115665-pala-head-speed-pro-2025-221065-1500x1500-1.webp\" \/>\n\t<meta property=\"og:image:width\" content=\"1500\" \/>\n\t<meta property=\"og:image:height\" content=\"1500\" \/>\n\t<meta property=\"og:image:type\" content=\"image\/webp\" \/>\n<meta name=\"twitter:card\" content=\"summary_large_image\" \/>\n<meta name=\"twitter:label1\" content=\"Dur\u00e9e de lecture estim\u00e9e\" \/>\n\t<meta name=\"twitter:data1\" content=\"2 minutes\" \/>\n<script type=\"application\/ld+json\" class=\"yoast-schema-graph\">{\"@context\":\"https:\\\/\\\/schema.org\",\"@graph\":[{\"@type\":\"WebPage\",\"@id\":\"https:\\\/\\\/revolutionpadelstore.com\\\/fr\\\/produit\\\/head-speed-pro-2025-3\\\/\",\"url\":\"https:\\\/\\\/revolutionpadelstore.com\\\/fr\\\/produit\\\/head-speed-pro-2025-3\\\/\",\"name\":\"HEAD SPEED PRO 2025 - Revolution Padel Store\",\"isPartOf\":{\"@id\":\"https:\\\/\\\/revolutionpadelstore.com\\\/fr\\\/#website\"},\"primaryImageOfPage\":{\"@id\":\"https:\\\/\\\/revolutionpadelstore.com\\\/fr\\\/produit\\\/head-speed-pro-2025-3\\\/#primaryimage\"},\"image\":{\"@id\":\"https:\\\/\\\/revolutionpadelstore.com\\\/fr\\\/produit\\\/head-speed-pro-2025-3\\\/#primaryimage\"},\"thumbnailUrl\":\"https:\\\/\\\/revolutionpadelstore.com\\\/wp-content\\\/uploads\\\/2024\\\/12\\\/115665-pala-head-speed-pro-2025-221065-1500x1500-1.webp\",\"datePublished\":\"2024-12-17T11:16:03+00:00\",\"dateModified\":\"2026-04-08T07:22:17+00:00\",\"description\":\"Descubre la pala Head Speed Pro 2025: equilibrio perfecto entre potencia y control con tecnolog\u00edas innovadoras como Power Foam y Graphene Inside. \u00a1C\u00f3mprala ahora en Revolution Padel Store al mejor precio!\",\"breadcrumb\":{\"@id\":\"https:\\\/\\\/revolutionpadelstore.com\\\/fr\\\/produit\\\/head-speed-pro-2025-3\\\/#breadcrumb\"},\"inLanguage\":\"fr-FR\",\"potentialAction\":[{\"@type\":\"ReadAction\",\"target\":[\"https:\\\/\\\/revolutionpadelstore.com\\\/fr\\\/produit\\\/head-speed-pro-2025-3\\\/\"]}]},{\"@type\":\"ImageObject\",\"inLanguage\":\"fr-FR\",\"@id\":\"https:\\\/\\\/revolutionpadelstore.com\\\/fr\\\/produit\\\/head-speed-pro-2025-3\\\/#primaryimage\",\"url\":\"https:\\\/\\\/revolutionpadelstore.com\\\/wp-content\\\/uploads\\\/2024\\\/12\\\/115665-pala-head-speed-pro-2025-221065-1500x1500-1.webp\",\"contentUrl\":\"https:\\\/\\\/revolutionpadelstore.com\\\/wp-content\\\/uploads\\\/2024\\\/12\\\/115665-pala-head-speed-pro-2025-221065-1500x1500-1.webp\",\"width\":1500,\"height\":1500},{\"@type\":\"BreadcrumbList\",\"@id\":\"https:\\\/\\\/revolutionpadelstore.com\\\/fr\\\/produit\\\/head-speed-pro-2025-3\\\/#breadcrumb\",\"itemListElement\":[{\"@type\":\"ListItem\",\"position\":1,\"name\":\"Portada\",\"item\":\"https:\\\/\\\/revolutionpadelstore.com\\\/fr\\\/\"},{\"@type\":\"ListItem\",\"position\":2,\"name\":\"Boutique\",\"item\":\"https:\\\/\\\/revolutionpadelstore.com\\\/fr\\\/tienda\\\/\"},{\"@type\":\"ListItem\",\"position\":3,\"name\":\"HEAD SPEED PRO 2025\"}]},{\"@type\":\"WebSite\",\"@id\":\"https:\\\/\\\/revolutionpadelstore.com\\\/fr\\\/#website\",\"url\":\"https:\\\/\\\/revolutionpadelstore.com\\\/fr\\\/\",\"name\":\"Revolution Padel Store\",\"description\":\"\",\"publisher\":{\"@id\":\"https:\\\/\\\/revolutionpadelstore.com\\\/fr\\\/#organization\"},\"potentialAction\":[{\"@type\":\"SearchAction\",\"target\":{\"@type\":\"EntryPoint\",\"urlTemplate\":\"https:\\\/\\\/revolutionpadelstore.com\\\/fr\\\/?s={search_term_string}\"},\"query-input\":{\"@type\":\"PropertyValueSpecification\",\"valueRequired\":true,\"valueName\":\"search_term_string\"}}],\"inLanguage\":\"fr-FR\"},{\"@type\":\"Organization\",\"@id\":\"https:\\\/\\\/revolutionpadelstore.com\\\/fr\\\/#organization\",\"name\":\"Revolution Padel Store\",\"url\":\"https:\\\/\\\/revolutionpadelstore.com\\\/fr\\\/\",\"logo\":{\"@type\":\"ImageObject\",\"inLanguage\":\"fr-FR\",\"@id\":\"https:\\\/\\\/revolutionpadelstore.com\\\/fr\\\/#\\\/schema\\\/logo\\\/image\\\/\",\"url\":\"https:\\\/\\\/revolutionpadelstore.com\\\/wp-content\\\/uploads\\\/2026\\\/02\\\/revolution-padel-store.jpg\",\"contentUrl\":\"https:\\\/\\\/revolutionpadelstore.com\\\/wp-content\\\/uploads\\\/2026\\\/02\\\/revolution-padel-store.jpg\",\"width\":2000,\"height\":2000,\"caption\":\"Revolution Padel Store\"},\"image\":{\"@id\":\"https:\\\/\\\/revolutionpadelstore.com\\\/fr\\\/#\\\/schema\\\/logo\\\/image\\\/\"},\"sameAs\":[\"https:\\\/\\\/www.instagram.com\\\/revolutionpadelstore\\\/\"]}]}<\/script>\n<!-- \/ Yoast SEO plugin. -->","yoast_head_json":{"title":"HEAD SPEED PRO 2025 - Revolution Padel Store","description":"Descubre la pala Head Speed Pro 2025: equilibrio perfecto entre potencia y control con tecnolog\u00edas innovadoras como Power Foam y Graphene Inside. \u00a1C\u00f3mprala ahora en Revolution Padel Store al mejor precio!","robots":{"index":"index","follow":"follow","max-snippet":"max-snippet:-1","max-image-preview":"max-image-preview:large","max-video-preview":"max-video-preview:-1"},"canonical":"https:\/\/revolutionpadelstore.com\/fr\/produit\/head-speed-pro-2025-3\/","og_locale":"fr_FR","og_type":"article","og_title":"HEAD SPEED PRO 2025 - Revolution Padel Store","og_description":"Descubre la pala Head Speed Pro 2025: equilibrio perfecto entre potencia y control con tecnolog\u00edas innovadoras como Power Foam y Graphene Inside. \u00a1C\u00f3mprala ahora en Revolution Padel Store al mejor precio!","og_url":"https:\/\/revolutionpadelstore.com\/fr\/produit\/head-speed-pro-2025-3\/","og_site_name":"Revolution Padel Store","article_modified_time":"2026-04-08T07:22:17+00:00","og_image":[{"width":1500,"height":1500,"url":"https:\/\/revolutionpadelstore.com\/wp-content\/uploads\/2024\/12\/115665-pala-head-speed-pro-2025-221065-1500x1500-1.webp","type":"image\/webp"}],"twitter_card":"summary_large_image","twitter_misc":{"Dur\u00e9e de lecture estim\u00e9e":"2 minutes"},"schema":{"@context":"https:\/\/schema.org","@graph":[{"@type":"WebPage","@id":"https:\/\/revolutionpadelstore.com\/fr\/produit\/head-speed-pro-2025-3\/","url":"https:\/\/revolutionpadelstore.com\/fr\/produit\/head-speed-pro-2025-3\/","name":"HEAD SPEED PRO 2025 - Revolution Padel Store","isPartOf":{"@id":"https:\/\/revolutionpadelstore.com\/fr\/#website"},"primaryImageOfPage":{"@id":"https:\/\/revolutionpadelstore.com\/fr\/produit\/head-speed-pro-2025-3\/#primaryimage"},"image":{"@id":"https:\/\/revolutionpadelstore.com\/fr\/produit\/head-speed-pro-2025-3\/#primaryimage"},"thumbnailUrl":"https:\/\/revolutionpadelstore.com\/wp-content\/uploads\/2024\/12\/115665-pala-head-speed-pro-2025-221065-1500x1500-1.webp","datePublished":"2024-12-17T11:16:03+00:00","dateModified":"2026-04-08T07:22:17+00:00","description":"Descubre la pala Head Speed Pro 2025: equilibrio perfecto entre potencia y control con tecnolog\u00edas innovadoras como Power Foam y Graphene Inside. \u00a1C\u00f3mprala ahora en Revolution Padel Store al mejor precio!","breadcrumb":{"@id":"https:\/\/revolutionpadelstore.com\/fr\/produit\/head-speed-pro-2025-3\/#breadcrumb"},"inLanguage":"fr-FR","potentialAction":[{"@type":"ReadAction","target":["https:\/\/revolutionpadelstore.com\/fr\/produit\/head-speed-pro-2025-3\/"]}]},{"@type":"ImageObject","inLanguage":"fr-FR","@id":"https:\/\/revolutionpadelstore.com\/fr\/produit\/head-speed-pro-2025-3\/#primaryimage","url":"https:\/\/revolutionpadelstore.com\/wp-content\/uploads\/2024\/12\/115665-pala-head-speed-pro-2025-221065-1500x1500-1.webp","contentUrl":"https:\/\/revolutionpadelstore.com\/wp-content\/uploads\/2024\/12\/115665-pala-head-speed-pro-2025-221065-1500x1500-1.webp","width":1500,"height":1500},{"@type":"BreadcrumbList","@id":"https:\/\/revolutionpadelstore.com\/fr\/produit\/head-speed-pro-2025-3\/#breadcrumb","itemListElement":[{"@type":"ListItem","position":1,"name":"Portada","item":"https:\/\/revolutionpadelstore.com\/fr\/"},{"@type":"ListItem","position":2,"name":"Boutique","item":"https:\/\/revolutionpadelstore.com\/fr\/tienda\/"},{"@type":"ListItem","position":3,"name":"HEAD SPEED PRO 2025"}]},{"@type":"WebSite","@id":"https:\/\/revolutionpadelstore.com\/fr\/#website","url":"https:\/\/revolutionpadelstore.com\/fr\/","name":"Revolution Padel Store","description":"","publisher":{"@id":"https:\/\/revolutionpadelstore.com\/fr\/#organization"},"potentialAction":[{"@type":"SearchAction","target":{"@type":"EntryPoint","urlTemplate":"https:\/\/revolutionpadelstore.com\/fr\/?s={search_term_string}"},"query-input":{"@type":"PropertyValueSpecification","valueRequired":true,"valueName":"search_term_string"}}],"inLanguage":"fr-FR"},{"@type":"Organization","@id":"https:\/\/revolutionpadelstore.com\/fr\/#organization","name":"Revolution Padel Store","url":"https:\/\/revolutionpadelstore.com\/fr\/","logo":{"@type":"ImageObject","inLanguage":"fr-FR","@id":"https:\/\/revolutionpadelstore.com\/fr\/#\/schema\/logo\/image\/","url":"https:\/\/revolutionpadelstore.com\/wp-content\/uploads\/2026\/02\/revolution-padel-store.jpg","contentUrl":"https:\/\/revolutionpadelstore.com\/wp-content\/uploads\/2026\/02\/revolution-padel-store.jpg","width":2000,"height":2000,"caption":"Revolution Padel Store"},"image":{"@id":"https:\/\/revolutionpadelstore.com\/fr\/#\/schema\/logo\/image\/"},"sameAs":["https:\/\/www.instagram.com\/revolutionpadelstore\/"]}]}},"_links":{"self":[{"href":"https:\/\/revolutionpadelstore.com\/fr\/wp-json\/wp\/v2\/product\/155240","targetHints":{"allow":["GET"]}}],"collection":[{"href":"https:\/\/revolutionpadelstore.com\/fr\/wp-json\/wp\/v2\/product"}],"about":[{"href":"https:\/\/revolutionpadelstore.com\/fr\/wp-json\/wp\/v2\/types\/product"}],"replies":[{"embeddable":true,"href":"https:\/\/revolutionpadelstore.com\/fr\/wp-json\/wp\/v2\/comments?post=155240"}],"wp:featuredmedia":[{"embeddable":true,"href":"https:\/\/revolutionpadelstore.com\/fr\/wp-json\/wp\/v2\/media\/155199"}],"wp:attachment":[{"href":"https:\/\/revolutionpadelstore.com\/fr\/wp-json\/wp\/v2\/media?parent=155240"}],"wp:term":[{"taxonomy":"acabado","embeddable":true,"href":"https:\/\/revolutionpadelstore.com\/fr\/wp-json\/wp\/v2\/acabado?post=155240"},{"taxonomy":"balance","embeddable":true,"href":"https:\/\/revolutionpadelstore.com\/fr\/wp-json\/wp\/v2\/balance?post=155240"},{"taxonomy":"dureza","embeddable":true,"href":"https:\/\/revolutionpadelstore.com\/fr\/wp-json\/wp\/v2\/dureza?post=155240"},{"taxonomy":"forma","embeddable":true,"href":"https:\/\/revolutionpadelstore.com\/fr\/wp-json\/wp\/v2\/forma?post=155240"},{"taxonomy":"jugador","embeddable":true,"href":"https:\/\/revolutionpadelstore.com\/fr\/wp-json\/wp\/v2\/jugador?post=155240"},{"taxonomy":"marca","embeddable":true,"href":"https:\/\/revolutionpadelstore.com\/fr\/wp-json\/wp\/v2\/marca?post=155240"},{"taxonomy":"nivel-de-juego","embeddable":true,"href":"https:\/\/revolutionpadelstore.com\/fr\/wp-json\/wp\/v2\/nivel-de-juego?post=155240"},{"taxonomy":"superficie","embeddable":true,"href":"https:\/\/revolutionpadelstore.com\/fr\/wp-json\/wp\/v2\/superficie?post=155240"},{"taxonomy":"tipo-de-juego","embeddable":true,"href":"https:\/\/revolutionpadelstore.com\/fr\/wp-json\/wp\/v2\/tipo-de-juego?post=155240"},{"taxonomy":"product_brand","embeddable":true,"href":"https:\/\/revolutionpadelstore.com\/fr\/wp-json\/wp\/v2\/product_brand?post=155240"},{"taxonomy":"product_cat","embeddable":true,"href":"https:\/\/revolutionpadelstore.com\/fr\/wp-json\/wp\/v2\/product_cat?post=155240"},{"taxonomy":"product_tag","embeddable":true,"href":"https:\/\/revolutionpadelstore.com\/fr\/wp-json\/wp\/v2\/product_tag?post=155240"}],"curies":[{"name":"wp","href":"https:\/\/api.w.org\/{rel}","templated":true}]}}