{"id":154863,"date":"2024-12-10T22:12:16","date_gmt":"2024-12-10T21:12:16","guid":{"rendered":"https:\/\/revolutionpadelstore.com\/head-speed-motion-2025\/"},"modified":"2026-04-08T09:23:11","modified_gmt":"2026-04-08T07:23:11","slug":"head-speed-motion-2025-3","status":"publish","type":"product","link":"https:\/\/revolutionpadelstore.com\/fr\/produit\/head-speed-motion-2025-3\/","title":{"rendered":"HEAD SPEED MOTION 2025"},"content":{"rendered":"<h2> <strong> Mouvement de vitesse de t\u00eate 2025: l\u00e9g\u00e8ret\u00e9 et polyvalence dans chaque coup <\/strong> <\/h2>\n<p>Le Paddle Phel <strong> Head Speed \u200b\u200bMotion 2025 <\/strong> se distingue comme un choix id\u00e9al pour les avanc\u00e9s et les professionnels qui cherchent \u00e0 dominer le jeu avec un mod\u00e8le g\u00e9rable et polyvalent. Con\u00e7u pour s&#8217;adapter \u00e0 n&#8217;importe quel style, il combine une forme de d\u00e9chirure et un poids ultra-l\u00e9ger de seulement <strong> 355 grammes <\/strong>, offrant une exp\u00e9rience de confort exceptionnelle sans sacrifier le pouvoir en coups rapides et pr\u00e9cis.<\/p>\n<h2> <strong> Conception exclusive pour les joueurs avanc\u00e9s <\/strong> <\/h2>\n<p>Le <strong> Head Speed \u200b\u200bMotion 2025 <\/strong>, la pelle officielle du joueur professionnel Ari S\u00e1nchez, est sp\u00e9cialement con\u00e7u pour les joueurs qui ont besoin d&#8217;\u00e9quilibrer le contr\u00f4le et le pouvoir de leur jeu. Avec l&#8217;\u00e9tat-des technologies -art et les mat\u00e9riaux de haute qualit\u00e9, cette pelle assure des performances exceptionnelles dans toute situation du parti.<\/p>\n<h2> <strong> Caract\u00e9ristiques principales <\/strong> <\/h2>\n<p><P> <strong> -Duro Tact: <\/strong> en fibre de verre hybride et surface de carbone pour une plus grande polyvalence.<\/p>\n<p> <strong> -NuCol Power Moard: <\/strong> puissance maximale et r\u00e9ponse rapide dans les coups offensifs.<br \/>\n<P> <strong> -Ablat 2.0 Advetic.<br \/>\n<P> <strong> -Sweet-optimized Dowery: <\/strong> Merci au Sweet Spot <strong> optimis\u00e9&gt;<br \/>\n<P> <strong> &#8211; Structure r\u00e9sistante et stable: <\/strong> cadre renforc\u00e9 avec <strong> graph\u00e8ne \u00e0 l&#8217;int\u00e9rieur <\/strong> et technologie <strong> Bridge intelligent <\/strong>. p&gt;<\/p>\n<p> <strong> -Extreme Dourabilit\u00e9: <\/strong> Plate de protection en polym\u00e8re <strong> PADEL PACE ANTICHAGE <\/strong> qui augmente la r\u00e9sistance \u00e0 l&#8217;usure.<\/p>\n<p> <strong>-Confort improdu: <\/strong> <strong> Systh Buttcap 2.0 <\/strong>, qui r\u00e9duit les vibrations et fournit une poign\u00e9e plus confortable.<\/p>\n<h2> <strong> technologies avanc\u00e9es pour des performances plus \u00e9lev\u00e9es <\/strong> <\/h2>\n<p>La combinaison de mat\u00e9riaux innovants et de technologies exclusives fait de cette pelle un outil de haute performance, id\u00e9al pour les joueurs qui cherchent \u00e0 faire passer leur jeu au niveau sup\u00e9rieur. De plus, son design l\u00e9ger le rend parfait pour les transitions rapides et les man\u0153uvres agiles.<\/p>\n<h2> <strong> Prenez le mouvement de vitesse de t\u00eate 2025 pelle au meilleur prix <\/strong> <\/h2>\n<p>Ne manquez pas l&#8217;occasion de jouer comme le meilleur du circuit. Acqu\u00e9rir maintenant le <strong> mouvement de vitesse de t\u00eate 2025 <\/strong> et \u00e9prouve l&#8217;\u00e9quilibre parfait entre le contr\u00f4le, la puissance et le confort. Disponible dans notre boutique en ligne <strong> <a> au meilleur prix du march\u00e9.<\/p>\n<h2><strong>Head Speed Motion 2025: Ligereza y Versatilidad en Cada Golpe<\/strong><\/p>\n","protected":false},"excerpt":{"rendered":"<p>La pelle <strong> le mouvement de la vitesse de t\u00eate 2025 <\/strong>, con\u00e7ue par Ari S\u00e1nchez, a une forme en forme de d\u00e9chirure et est particuli\u00e8rement destin\u00e9e aux femmes. C&#8217;est une pelle l\u00e9g\u00e8re qui se d\u00e9marque pour sa facilit\u00e9 de manipulation, son grand confort et sa polyvalence dans le jeu.<strong>Head Speed Motion 2025<\/strong><\/p>\n","protected":false},"featured_media":154858,"comment_status":"open","ping_status":"closed","template":"","meta":{"_acf_changed":false,"_joinchat":[]},"acabado":[1082],"balance":[1142],"dureza":[1162,1157],"forma":[1177],"jugador":[1192,1202],"marca":[1222],"nivel-de-juego":[1337],"superficie":[1357],"tipo-de-juego":[],"product_brand":[],"product_cat":[302],"product_tag":[],"class_list":{"0":"post-154863","1":"product","2":"type-product","3":"status-publish","4":"has-post-thumbnail","6":"acabado-luminosite","7":"balance-moyen","8":"dureza-dure","9":"dureza-media-fr","10":"forma-hybride","11":"jugador-homme","12":"jugador-polivalente-fr","13":"marca-tete","14":"superficie-lise","15":"product_cat-palas-de-padel-fr","17":"first","18":"instock","19":"sale","20":"taxable","21":"shipping-taxable","22":"purchasable","23":"product-type-simple"},"acf":[],"yoast_head":"<!-- This site is optimized with the Yoast SEO plugin v27.4 - https:\/\/yoast.com\/product\/yoast-seo-wordpress\/ -->\n<title>HEAD SPEED MOTION 2025 - Revolution Padel Store<\/title>\n<meta name=\"description\" content=\"&quot;Descubre la pala Head Speed Motion 2025, oficial de Ari S\u00e1nchez, dise\u00f1ada para jugadoras avanzadas que buscan ligereza y versatilidad. Compra online en Revolution Padel Store al mejor precio.&quot;\" \/>\n<meta name=\"robots\" content=\"index, follow, max-snippet:-1, max-image-preview:large, max-video-preview:-1\" \/>\n<link rel=\"canonical\" href=\"https:\/\/revolutionpadelstore.com\/fr\/produit\/head-speed-motion-2025-3\/\" \/>\n<meta property=\"og:locale\" content=\"fr_FR\" \/>\n<meta property=\"og:type\" content=\"article\" \/>\n<meta property=\"og:title\" content=\"HEAD SPEED MOTION 2025 - Revolution Padel Store\" \/>\n<meta property=\"og:description\" content=\"&quot;Descubre la pala Head Speed Motion 2025, oficial de Ari S\u00e1nchez, dise\u00f1ada para jugadoras avanzadas que buscan ligereza y versatilidad. Compra online en Revolution Padel Store al mejor precio.&quot;\" \/>\n<meta property=\"og:url\" content=\"https:\/\/revolutionpadelstore.com\/fr\/produit\/head-speed-motion-2025-3\/\" \/>\n<meta property=\"og:site_name\" content=\"Revolution Padel Store\" \/>\n<meta property=\"article:modified_time\" content=\"2026-04-08T07:23:11+00:00\" \/>\n<meta property=\"og:image\" content=\"https:\/\/revolutionpadelstore.com\/wp-content\/uploads\/2024\/12\/speed-motion-2025.webp\" \/>\n\t<meta property=\"og:image:width\" content=\"1200\" \/>\n\t<meta property=\"og:image:height\" content=\"1200\" \/>\n\t<meta property=\"og:image:type\" content=\"image\/webp\" \/>\n<meta name=\"twitter:card\" content=\"summary_large_image\" \/>\n<meta name=\"twitter:label1\" content=\"Dur\u00e9e de lecture estim\u00e9e\" \/>\n\t<meta name=\"twitter:data1\" content=\"2 minutes\" \/>\n<script type=\"application\/ld+json\" class=\"yoast-schema-graph\">{\"@context\":\"https:\\\/\\\/schema.org\",\"@graph\":[{\"@type\":\"WebPage\",\"@id\":\"https:\\\/\\\/revolutionpadelstore.com\\\/fr\\\/produit\\\/head-speed-motion-2025-3\\\/\",\"url\":\"https:\\\/\\\/revolutionpadelstore.com\\\/fr\\\/produit\\\/head-speed-motion-2025-3\\\/\",\"name\":\"HEAD SPEED MOTION 2025 - Revolution Padel Store\",\"isPartOf\":{\"@id\":\"https:\\\/\\\/revolutionpadelstore.com\\\/fr\\\/#website\"},\"primaryImageOfPage\":{\"@id\":\"https:\\\/\\\/revolutionpadelstore.com\\\/fr\\\/produit\\\/head-speed-motion-2025-3\\\/#primaryimage\"},\"image\":{\"@id\":\"https:\\\/\\\/revolutionpadelstore.com\\\/fr\\\/produit\\\/head-speed-motion-2025-3\\\/#primaryimage\"},\"thumbnailUrl\":\"https:\\\/\\\/revolutionpadelstore.com\\\/wp-content\\\/uploads\\\/2024\\\/12\\\/speed-motion-2025.webp\",\"datePublished\":\"2024-12-10T21:12:16+00:00\",\"dateModified\":\"2026-04-08T07:23:11+00:00\",\"description\":\"\\\"Descubre la pala Head Speed Motion 2025, oficial de Ari S\u00e1nchez, dise\u00f1ada para jugadoras avanzadas que buscan ligereza y versatilidad. Compra online en Revolution Padel Store al mejor precio.\\\"\",\"breadcrumb\":{\"@id\":\"https:\\\/\\\/revolutionpadelstore.com\\\/fr\\\/produit\\\/head-speed-motion-2025-3\\\/#breadcrumb\"},\"inLanguage\":\"fr-FR\",\"potentialAction\":[{\"@type\":\"ReadAction\",\"target\":[\"https:\\\/\\\/revolutionpadelstore.com\\\/fr\\\/produit\\\/head-speed-motion-2025-3\\\/\"]}]},{\"@type\":\"ImageObject\",\"inLanguage\":\"fr-FR\",\"@id\":\"https:\\\/\\\/revolutionpadelstore.com\\\/fr\\\/produit\\\/head-speed-motion-2025-3\\\/#primaryimage\",\"url\":\"https:\\\/\\\/revolutionpadelstore.com\\\/wp-content\\\/uploads\\\/2024\\\/12\\\/speed-motion-2025.webp\",\"contentUrl\":\"https:\\\/\\\/revolutionpadelstore.com\\\/wp-content\\\/uploads\\\/2024\\\/12\\\/speed-motion-2025.webp\",\"width\":1200,\"height\":1200},{\"@type\":\"BreadcrumbList\",\"@id\":\"https:\\\/\\\/revolutionpadelstore.com\\\/fr\\\/produit\\\/head-speed-motion-2025-3\\\/#breadcrumb\",\"itemListElement\":[{\"@type\":\"ListItem\",\"position\":1,\"name\":\"Portada\",\"item\":\"https:\\\/\\\/revolutionpadelstore.com\\\/fr\\\/\"},{\"@type\":\"ListItem\",\"position\":2,\"name\":\"Boutique\",\"item\":\"https:\\\/\\\/revolutionpadelstore.com\\\/fr\\\/tienda\\\/\"},{\"@type\":\"ListItem\",\"position\":3,\"name\":\"HEAD SPEED MOTION 2025\"}]},{\"@type\":\"WebSite\",\"@id\":\"https:\\\/\\\/revolutionpadelstore.com\\\/fr\\\/#website\",\"url\":\"https:\\\/\\\/revolutionpadelstore.com\\\/fr\\\/\",\"name\":\"Revolution Padel Store\",\"description\":\"\",\"publisher\":{\"@id\":\"https:\\\/\\\/revolutionpadelstore.com\\\/fr\\\/#organization\"},\"potentialAction\":[{\"@type\":\"SearchAction\",\"target\":{\"@type\":\"EntryPoint\",\"urlTemplate\":\"https:\\\/\\\/revolutionpadelstore.com\\\/fr\\\/?s={search_term_string}\"},\"query-input\":{\"@type\":\"PropertyValueSpecification\",\"valueRequired\":true,\"valueName\":\"search_term_string\"}}],\"inLanguage\":\"fr-FR\"},{\"@type\":\"Organization\",\"@id\":\"https:\\\/\\\/revolutionpadelstore.com\\\/fr\\\/#organization\",\"name\":\"Revolution Padel Store\",\"url\":\"https:\\\/\\\/revolutionpadelstore.com\\\/fr\\\/\",\"logo\":{\"@type\":\"ImageObject\",\"inLanguage\":\"fr-FR\",\"@id\":\"https:\\\/\\\/revolutionpadelstore.com\\\/fr\\\/#\\\/schema\\\/logo\\\/image\\\/\",\"url\":\"https:\\\/\\\/revolutionpadelstore.com\\\/wp-content\\\/uploads\\\/2026\\\/02\\\/revolution-padel-store.jpg\",\"contentUrl\":\"https:\\\/\\\/revolutionpadelstore.com\\\/wp-content\\\/uploads\\\/2026\\\/02\\\/revolution-padel-store.jpg\",\"width\":2000,\"height\":2000,\"caption\":\"Revolution Padel Store\"},\"image\":{\"@id\":\"https:\\\/\\\/revolutionpadelstore.com\\\/fr\\\/#\\\/schema\\\/logo\\\/image\\\/\"},\"sameAs\":[\"https:\\\/\\\/www.instagram.com\\\/revolutionpadelstore\\\/\"]}]}<\/script>\n<!-- \/ Yoast SEO plugin. -->","yoast_head_json":{"title":"HEAD SPEED MOTION 2025 - Revolution Padel Store","description":"\"Descubre la pala Head Speed Motion 2025, oficial de Ari S\u00e1nchez, dise\u00f1ada para jugadoras avanzadas que buscan ligereza y versatilidad. Compra online en Revolution Padel Store al mejor precio.\"","robots":{"index":"index","follow":"follow","max-snippet":"max-snippet:-1","max-image-preview":"max-image-preview:large","max-video-preview":"max-video-preview:-1"},"canonical":"https:\/\/revolutionpadelstore.com\/fr\/produit\/head-speed-motion-2025-3\/","og_locale":"fr_FR","og_type":"article","og_title":"HEAD SPEED MOTION 2025 - Revolution Padel Store","og_description":"\"Descubre la pala Head Speed Motion 2025, oficial de Ari S\u00e1nchez, dise\u00f1ada para jugadoras avanzadas que buscan ligereza y versatilidad. Compra online en Revolution Padel Store al mejor precio.\"","og_url":"https:\/\/revolutionpadelstore.com\/fr\/produit\/head-speed-motion-2025-3\/","og_site_name":"Revolution Padel Store","article_modified_time":"2026-04-08T07:23:11+00:00","og_image":[{"width":1200,"height":1200,"url":"https:\/\/revolutionpadelstore.com\/wp-content\/uploads\/2024\/12\/speed-motion-2025.webp","type":"image\/webp"}],"twitter_card":"summary_large_image","twitter_misc":{"Dur\u00e9e de lecture estim\u00e9e":"2 minutes"},"schema":{"@context":"https:\/\/schema.org","@graph":[{"@type":"WebPage","@id":"https:\/\/revolutionpadelstore.com\/fr\/produit\/head-speed-motion-2025-3\/","url":"https:\/\/revolutionpadelstore.com\/fr\/produit\/head-speed-motion-2025-3\/","name":"HEAD SPEED MOTION 2025 - Revolution Padel Store","isPartOf":{"@id":"https:\/\/revolutionpadelstore.com\/fr\/#website"},"primaryImageOfPage":{"@id":"https:\/\/revolutionpadelstore.com\/fr\/produit\/head-speed-motion-2025-3\/#primaryimage"},"image":{"@id":"https:\/\/revolutionpadelstore.com\/fr\/produit\/head-speed-motion-2025-3\/#primaryimage"},"thumbnailUrl":"https:\/\/revolutionpadelstore.com\/wp-content\/uploads\/2024\/12\/speed-motion-2025.webp","datePublished":"2024-12-10T21:12:16+00:00","dateModified":"2026-04-08T07:23:11+00:00","description":"\"Descubre la pala Head Speed Motion 2025, oficial de Ari S\u00e1nchez, dise\u00f1ada para jugadoras avanzadas que buscan ligereza y versatilidad. Compra online en Revolution Padel Store al mejor precio.\"","breadcrumb":{"@id":"https:\/\/revolutionpadelstore.com\/fr\/produit\/head-speed-motion-2025-3\/#breadcrumb"},"inLanguage":"fr-FR","potentialAction":[{"@type":"ReadAction","target":["https:\/\/revolutionpadelstore.com\/fr\/produit\/head-speed-motion-2025-3\/"]}]},{"@type":"ImageObject","inLanguage":"fr-FR","@id":"https:\/\/revolutionpadelstore.com\/fr\/produit\/head-speed-motion-2025-3\/#primaryimage","url":"https:\/\/revolutionpadelstore.com\/wp-content\/uploads\/2024\/12\/speed-motion-2025.webp","contentUrl":"https:\/\/revolutionpadelstore.com\/wp-content\/uploads\/2024\/12\/speed-motion-2025.webp","width":1200,"height":1200},{"@type":"BreadcrumbList","@id":"https:\/\/revolutionpadelstore.com\/fr\/produit\/head-speed-motion-2025-3\/#breadcrumb","itemListElement":[{"@type":"ListItem","position":1,"name":"Portada","item":"https:\/\/revolutionpadelstore.com\/fr\/"},{"@type":"ListItem","position":2,"name":"Boutique","item":"https:\/\/revolutionpadelstore.com\/fr\/tienda\/"},{"@type":"ListItem","position":3,"name":"HEAD SPEED MOTION 2025"}]},{"@type":"WebSite","@id":"https:\/\/revolutionpadelstore.com\/fr\/#website","url":"https:\/\/revolutionpadelstore.com\/fr\/","name":"Revolution Padel Store","description":"","publisher":{"@id":"https:\/\/revolutionpadelstore.com\/fr\/#organization"},"potentialAction":[{"@type":"SearchAction","target":{"@type":"EntryPoint","urlTemplate":"https:\/\/revolutionpadelstore.com\/fr\/?s={search_term_string}"},"query-input":{"@type":"PropertyValueSpecification","valueRequired":true,"valueName":"search_term_string"}}],"inLanguage":"fr-FR"},{"@type":"Organization","@id":"https:\/\/revolutionpadelstore.com\/fr\/#organization","name":"Revolution Padel Store","url":"https:\/\/revolutionpadelstore.com\/fr\/","logo":{"@type":"ImageObject","inLanguage":"fr-FR","@id":"https:\/\/revolutionpadelstore.com\/fr\/#\/schema\/logo\/image\/","url":"https:\/\/revolutionpadelstore.com\/wp-content\/uploads\/2026\/02\/revolution-padel-store.jpg","contentUrl":"https:\/\/revolutionpadelstore.com\/wp-content\/uploads\/2026\/02\/revolution-padel-store.jpg","width":2000,"height":2000,"caption":"Revolution Padel Store"},"image":{"@id":"https:\/\/revolutionpadelstore.com\/fr\/#\/schema\/logo\/image\/"},"sameAs":["https:\/\/www.instagram.com\/revolutionpadelstore\/"]}]}},"_links":{"self":[{"href":"https:\/\/revolutionpadelstore.com\/fr\/wp-json\/wp\/v2\/product\/154863","targetHints":{"allow":["GET"]}}],"collection":[{"href":"https:\/\/revolutionpadelstore.com\/fr\/wp-json\/wp\/v2\/product"}],"about":[{"href":"https:\/\/revolutionpadelstore.com\/fr\/wp-json\/wp\/v2\/types\/product"}],"replies":[{"embeddable":true,"href":"https:\/\/revolutionpadelstore.com\/fr\/wp-json\/wp\/v2\/comments?post=154863"}],"wp:featuredmedia":[{"embeddable":true,"href":"https:\/\/revolutionpadelstore.com\/fr\/wp-json\/wp\/v2\/media\/154858"}],"wp:attachment":[{"href":"https:\/\/revolutionpadelstore.com\/fr\/wp-json\/wp\/v2\/media?parent=154863"}],"wp:term":[{"taxonomy":"acabado","embeddable":true,"href":"https:\/\/revolutionpadelstore.com\/fr\/wp-json\/wp\/v2\/acabado?post=154863"},{"taxonomy":"balance","embeddable":true,"href":"https:\/\/revolutionpadelstore.com\/fr\/wp-json\/wp\/v2\/balance?post=154863"},{"taxonomy":"dureza","embeddable":true,"href":"https:\/\/revolutionpadelstore.com\/fr\/wp-json\/wp\/v2\/dureza?post=154863"},{"taxonomy":"forma","embeddable":true,"href":"https:\/\/revolutionpadelstore.com\/fr\/wp-json\/wp\/v2\/forma?post=154863"},{"taxonomy":"jugador","embeddable":true,"href":"https:\/\/revolutionpadelstore.com\/fr\/wp-json\/wp\/v2\/jugador?post=154863"},{"taxonomy":"marca","embeddable":true,"href":"https:\/\/revolutionpadelstore.com\/fr\/wp-json\/wp\/v2\/marca?post=154863"},{"taxonomy":"nivel-de-juego","embeddable":true,"href":"https:\/\/revolutionpadelstore.com\/fr\/wp-json\/wp\/v2\/nivel-de-juego?post=154863"},{"taxonomy":"superficie","embeddable":true,"href":"https:\/\/revolutionpadelstore.com\/fr\/wp-json\/wp\/v2\/superficie?post=154863"},{"taxonomy":"tipo-de-juego","embeddable":true,"href":"https:\/\/revolutionpadelstore.com\/fr\/wp-json\/wp\/v2\/tipo-de-juego?post=154863"},{"taxonomy":"product_brand","embeddable":true,"href":"https:\/\/revolutionpadelstore.com\/fr\/wp-json\/wp\/v2\/product_brand?post=154863"},{"taxonomy":"product_cat","embeddable":true,"href":"https:\/\/revolutionpadelstore.com\/fr\/wp-json\/wp\/v2\/product_cat?post=154863"},{"taxonomy":"product_tag","embeddable":true,"href":"https:\/\/revolutionpadelstore.com\/fr\/wp-json\/wp\/v2\/product_tag?post=154863"}],"curies":[{"name":"wp","href":"https:\/\/api.w.org\/{rel}","templated":true}]}}