{"id":154650,"date":"2024-12-06T13:14:03","date_gmt":"2024-12-06T12:14:03","guid":{"rendered":"https:\/\/revolutionpadelstore.com\/adidas-metalbone-team-light-3-4-2025\/"},"modified":"2026-04-08T09:43:46","modified_gmt":"2026-04-08T07:43:46","slug":"adidas-metalbone-team-light-3-4-2025-3","status":"publish","type":"product","link":"https:\/\/revolutionpadelstore.com\/fr\/produit\/adidas-metalbone-team-light-3-4-2025-3\/","title":{"rendered":"ADIDAS METALBONE TEAM LIGHT 3.4 2025"},"content":{"rendered":"<h2> Adidas Metalbone Team Light 3.4, l\u00e9g\u00e8ret\u00e9 et confort <\/h2>\n<p>Le <strong> Adidas Metalbone Team Light 3.4 <\/strong> se d\u00e9marque pour offrir une sensation incroyable de confort, de contr\u00f4le et de maniabilit\u00e9. Avec son format rond, il distribue le poids pr\u00e8s de la poign\u00e9e, offrant une plus grande pr\u00e9cision et agilit\u00e9 dans les mouvements d\u00e9fensifs du bas de la piste. De plus, son poids l\u00e9ger, qui varie entre 345 et 360 grammes, assure un confort maximum et une gestion \u00e9lev\u00e9e \u00e0 tout moment.<br \/>\n<H2> Metalbone Team Light 3.4 Pala pour les joueurs avanc\u00e9s <\/h2>\n<p>Parfait pour les joueurs de niveau avanc\u00e9, la pelle \u00e0 la pelle <strong> Adidas Metalbone Team Light 3.4 <\/strong> offre une combinaison exceptionnelle de l\u00e9g\u00e8ret\u00e9, de haute performance et de r\u00e9sistance \u00e0 l&#8217;usure. Il est ax\u00e9 sur les coups d\u00e9fensifs, donc si vous cherchez \u00e0 vous d\u00e9marquer dans les jeux \u00e0 partir de la ligne de fond, cette pelle vous offre exactement ce dont vous avez besoin. Son poids l\u00e9ger et ses moisissures rondes favorisent le contr\u00f4le maximal du ballon, id\u00e9al pour ceux qui cherchent \u00e0 obtenir leurs meilleures performances dans chaque jeu.<\/p>\n<h2> Caract\u00e9ristiques et technologies de la lumi\u00e8re de l&#8217;\u00e9quipe Adidas Metalbone 3.4 <\/h2>\n<p> <strong> -eva Nucleus de caoutchouc de performance douce <\/strong>: faible densit\u00e9, pour un plus grand confort et une sensation agr\u00e9able \u00e0 chaque impact.<\/p>\n<p> <strong> -Liberglass Plans <\/strong>: ils fournissent une douceur et assurent une bonne prise de balle.<br \/>\n<P style=\"padding-left: 40px\"> <strong> -chas avec le bouclier de lame de spin de texture <\/strong>: Ils favorisent l&#8217;emprise de la balle pour imprimer plus d&#8217;effet.<\/p>\n<p> <strong> -Ctogonal Structure <\/strong>: minimise la torsion et augmente la pr\u00e9cision.<\/p>\n<p style=\"padding-left: 40px\"> <strong> -grip plus allong\u00e9 de puissance suppl\u00e9mentaire <\/strong>: pour une poign\u00e9e stable et ferme.<\/p>\n<p style=\"padding-left: 40px\"> <strong> -design faible poly <\/strong>: augmente la rigidit\u00e9 de la structure pour des coups plus efficaces et plus \u00e9nergiques.<\/p>\n<p><H2> Disponible dans Revolution Padel Store <\/h2>\n<p>N&#8217;y pensez pas et obtenez la nouvelle pelle \u00e0 la pelle <strong> Metalbone Team Light 3.4 <\/strong> adidas. Avec son moule rond et son faible \u00e9quilibre, il vous fournit le contr\u00f4le n\u00e9cessaire pour r\u00e9ussir dans les pi\u00e8ces d\u00e9fensives.<\/p>\n<h2>Adidas Metalbone Team Light 3.4, ligereza y comodidad<\/h2>\n","protected":false},"excerpt":{"rendered":"<p>Adidas Metalbone Padel Pladel Team Light 3,4 avec une forme ronde et un faible bilan pour un contr\u00f4le et un confort maximaux. Pour les joueurs de niveau avanc\u00e9. Eva Nucleus de performance douce.<\/p>\n","protected":false},"featured_media":152891,"comment_status":"open","ping_status":"closed","template":"","meta":{"_acf_changed":false,"_joinchat":[]},"acabado":[1107],"balance":[1147],"dureza":[1157],"forma":[1182],"jugador":[1192,1202],"marca":[1232],"nivel-de-juego":[1337,1342],"superficie":[1362],"tipo-de-juego":[1372],"product_brand":[],"product_cat":[302],"product_tag":[],"class_list":{"0":"post-154650","1":"product","2":"type-product","3":"status-publish","4":"has-post-thumbnail","6":"acabado-brut","7":"balance-faible","8":"dureza-media-fr","9":"forma-rond","10":"jugador-homme","11":"jugador-polivalente-fr","12":"marca-adidas-fr","13":"superficie-rugosa-fr","14":"tipo-de-juego-control-fr","15":"product_cat-palas-de-padel-fr","17":"first","18":"instock","19":"sale","20":"taxable","21":"shipping-taxable","22":"purchasable","23":"product-type-simple"},"acf":[],"yoast_head":"<!-- This site is optimized with the Yoast SEO plugin v27.4 - https:\/\/yoast.com\/product\/yoast-seo-wordpress\/ -->\n<title>ADIDAS METALBONE TEAM LIGHT 3.4 2025 - Revolution Padel Store<\/title>\n<meta name=\"description\" content=\"La Adidas Metalbone Team Light 3.4 destaca por garantizar unas incre\u00edbles sensaciones de confort, control y maniobrabilidad durante su uso. Con su formato redondo, distribuye el peso cerca del grip, proporcionando mayor precisi\u00f3n y agilidad en movimientos defensivos desde el fondo de la pista. Adem\u00e1s, su peso ligero comprendido entre los 345 y los 360 gramos asegura m\u00e1ximo confort y alta manejabilidad en todo momento.\" \/>\n<meta name=\"robots\" content=\"index, follow, max-snippet:-1, max-image-preview:large, max-video-preview:-1\" \/>\n<link rel=\"canonical\" href=\"https:\/\/revolutionpadelstore.com\/fr\/produit\/adidas-metalbone-team-light-3-4-2025-3\/\" \/>\n<meta property=\"og:locale\" content=\"fr_FR\" \/>\n<meta property=\"og:type\" content=\"article\" \/>\n<meta property=\"og:title\" content=\"ADIDAS METALBONE TEAM LIGHT 3.4 2025 - Revolution Padel Store\" \/>\n<meta property=\"og:description\" content=\"La Adidas Metalbone Team Light 3.4 destaca por garantizar unas incre\u00edbles sensaciones de confort, control y maniobrabilidad durante su uso. Con su formato redondo, distribuye el peso cerca del grip, proporcionando mayor precisi\u00f3n y agilidad en movimientos defensivos desde el fondo de la pista. Adem\u00e1s, su peso ligero comprendido entre los 345 y los 360 gramos asegura m\u00e1ximo confort y alta manejabilidad en todo momento.\" \/>\n<meta property=\"og:url\" content=\"https:\/\/revolutionpadelstore.com\/fr\/produit\/adidas-metalbone-team-light-3-4-2025-3\/\" \/>\n<meta property=\"og:site_name\" content=\"Revolution Padel Store\" \/>\n<meta property=\"article:modified_time\" content=\"2026-04-08T07:43:46+00:00\" \/>\n<meta property=\"og:image\" content=\"https:\/\/revolutionpadelstore.com\/wp-content\/uploads\/2024\/12\/113689-pala-adidas-metalbone-team-light-3-4-ar2ca0u451500x1500-1-1.webp\" \/>\n\t<meta property=\"og:image:width\" content=\"1500\" \/>\n\t<meta property=\"og:image:height\" content=\"1500\" \/>\n\t<meta property=\"og:image:type\" content=\"image\/webp\" \/>\n<meta name=\"twitter:card\" content=\"summary_large_image\" \/>\n<meta name=\"twitter:label1\" content=\"Dur\u00e9e de lecture estim\u00e9e\" \/>\n\t<meta name=\"twitter:data1\" content=\"2 minutes\" \/>\n<script type=\"application\/ld+json\" class=\"yoast-schema-graph\">{\"@context\":\"https:\\\/\\\/schema.org\",\"@graph\":[{\"@type\":\"WebPage\",\"@id\":\"https:\\\/\\\/revolutionpadelstore.com\\\/fr\\\/produit\\\/adidas-metalbone-team-light-3-4-2025-3\\\/\",\"url\":\"https:\\\/\\\/revolutionpadelstore.com\\\/fr\\\/produit\\\/adidas-metalbone-team-light-3-4-2025-3\\\/\",\"name\":\"ADIDAS METALBONE TEAM LIGHT 3.4 2025 - Revolution Padel Store\",\"isPartOf\":{\"@id\":\"https:\\\/\\\/revolutionpadelstore.com\\\/fr\\\/#website\"},\"primaryImageOfPage\":{\"@id\":\"https:\\\/\\\/revolutionpadelstore.com\\\/fr\\\/produit\\\/adidas-metalbone-team-light-3-4-2025-3\\\/#primaryimage\"},\"image\":{\"@id\":\"https:\\\/\\\/revolutionpadelstore.com\\\/fr\\\/produit\\\/adidas-metalbone-team-light-3-4-2025-3\\\/#primaryimage\"},\"thumbnailUrl\":\"https:\\\/\\\/revolutionpadelstore.com\\\/wp-content\\\/uploads\\\/2024\\\/12\\\/113689-pala-adidas-metalbone-team-light-3-4-ar2ca0u451500x1500-1-1.webp\",\"datePublished\":\"2024-12-06T12:14:03+00:00\",\"dateModified\":\"2026-04-08T07:43:46+00:00\",\"description\":\"La Adidas Metalbone Team Light 3.4 destaca por garantizar unas incre\u00edbles sensaciones de confort, control y maniobrabilidad durante su uso. Con su formato redondo, distribuye el peso cerca del grip, proporcionando mayor precisi\u00f3n y agilidad en movimientos defensivos desde el fondo de la pista. Adem\u00e1s, su peso ligero comprendido entre los 345 y los 360 gramos asegura m\u00e1ximo confort y alta manejabilidad en todo momento.\",\"breadcrumb\":{\"@id\":\"https:\\\/\\\/revolutionpadelstore.com\\\/fr\\\/produit\\\/adidas-metalbone-team-light-3-4-2025-3\\\/#breadcrumb\"},\"inLanguage\":\"fr-FR\",\"potentialAction\":[{\"@type\":\"ReadAction\",\"target\":[\"https:\\\/\\\/revolutionpadelstore.com\\\/fr\\\/produit\\\/adidas-metalbone-team-light-3-4-2025-3\\\/\"]}]},{\"@type\":\"ImageObject\",\"inLanguage\":\"fr-FR\",\"@id\":\"https:\\\/\\\/revolutionpadelstore.com\\\/fr\\\/produit\\\/adidas-metalbone-team-light-3-4-2025-3\\\/#primaryimage\",\"url\":\"https:\\\/\\\/revolutionpadelstore.com\\\/wp-content\\\/uploads\\\/2024\\\/12\\\/113689-pala-adidas-metalbone-team-light-3-4-ar2ca0u451500x1500-1-1.webp\",\"contentUrl\":\"https:\\\/\\\/revolutionpadelstore.com\\\/wp-content\\\/uploads\\\/2024\\\/12\\\/113689-pala-adidas-metalbone-team-light-3-4-ar2ca0u451500x1500-1-1.webp\",\"width\":1500,\"height\":1500},{\"@type\":\"BreadcrumbList\",\"@id\":\"https:\\\/\\\/revolutionpadelstore.com\\\/fr\\\/produit\\\/adidas-metalbone-team-light-3-4-2025-3\\\/#breadcrumb\",\"itemListElement\":[{\"@type\":\"ListItem\",\"position\":1,\"name\":\"Portada\",\"item\":\"https:\\\/\\\/revolutionpadelstore.com\\\/fr\\\/\"},{\"@type\":\"ListItem\",\"position\":2,\"name\":\"Boutique\",\"item\":\"https:\\\/\\\/revolutionpadelstore.com\\\/fr\\\/tienda\\\/\"},{\"@type\":\"ListItem\",\"position\":3,\"name\":\"ADIDAS METALBONE TEAM LIGHT 3.4 2025\"}]},{\"@type\":\"WebSite\",\"@id\":\"https:\\\/\\\/revolutionpadelstore.com\\\/fr\\\/#website\",\"url\":\"https:\\\/\\\/revolutionpadelstore.com\\\/fr\\\/\",\"name\":\"Revolution Padel Store\",\"description\":\"\",\"publisher\":{\"@id\":\"https:\\\/\\\/revolutionpadelstore.com\\\/fr\\\/#organization\"},\"potentialAction\":[{\"@type\":\"SearchAction\",\"target\":{\"@type\":\"EntryPoint\",\"urlTemplate\":\"https:\\\/\\\/revolutionpadelstore.com\\\/fr\\\/?s={search_term_string}\"},\"query-input\":{\"@type\":\"PropertyValueSpecification\",\"valueRequired\":true,\"valueName\":\"search_term_string\"}}],\"inLanguage\":\"fr-FR\"},{\"@type\":\"Organization\",\"@id\":\"https:\\\/\\\/revolutionpadelstore.com\\\/fr\\\/#organization\",\"name\":\"Revolution Padel Store\",\"url\":\"https:\\\/\\\/revolutionpadelstore.com\\\/fr\\\/\",\"logo\":{\"@type\":\"ImageObject\",\"inLanguage\":\"fr-FR\",\"@id\":\"https:\\\/\\\/revolutionpadelstore.com\\\/fr\\\/#\\\/schema\\\/logo\\\/image\\\/\",\"url\":\"https:\\\/\\\/revolutionpadelstore.com\\\/wp-content\\\/uploads\\\/2026\\\/02\\\/revolution-padel-store.jpg\",\"contentUrl\":\"https:\\\/\\\/revolutionpadelstore.com\\\/wp-content\\\/uploads\\\/2026\\\/02\\\/revolution-padel-store.jpg\",\"width\":2000,\"height\":2000,\"caption\":\"Revolution Padel Store\"},\"image\":{\"@id\":\"https:\\\/\\\/revolutionpadelstore.com\\\/fr\\\/#\\\/schema\\\/logo\\\/image\\\/\"},\"sameAs\":[\"https:\\\/\\\/www.instagram.com\\\/revolutionpadelstore\\\/\"]}]}<\/script>\n<!-- \/ Yoast SEO plugin. -->","yoast_head_json":{"title":"ADIDAS METALBONE TEAM LIGHT 3.4 2025 - Revolution Padel Store","description":"La Adidas Metalbone Team Light 3.4 destaca por garantizar unas incre\u00edbles sensaciones de confort, control y maniobrabilidad durante su uso. Con su formato redondo, distribuye el peso cerca del grip, proporcionando mayor precisi\u00f3n y agilidad en movimientos defensivos desde el fondo de la pista. Adem\u00e1s, su peso ligero comprendido entre los 345 y los 360 gramos asegura m\u00e1ximo confort y alta manejabilidad en todo momento.","robots":{"index":"index","follow":"follow","max-snippet":"max-snippet:-1","max-image-preview":"max-image-preview:large","max-video-preview":"max-video-preview:-1"},"canonical":"https:\/\/revolutionpadelstore.com\/fr\/produit\/adidas-metalbone-team-light-3-4-2025-3\/","og_locale":"fr_FR","og_type":"article","og_title":"ADIDAS METALBONE TEAM LIGHT 3.4 2025 - Revolution Padel Store","og_description":"La Adidas Metalbone Team Light 3.4 destaca por garantizar unas incre\u00edbles sensaciones de confort, control y maniobrabilidad durante su uso. Con su formato redondo, distribuye el peso cerca del grip, proporcionando mayor precisi\u00f3n y agilidad en movimientos defensivos desde el fondo de la pista. Adem\u00e1s, su peso ligero comprendido entre los 345 y los 360 gramos asegura m\u00e1ximo confort y alta manejabilidad en todo momento.","og_url":"https:\/\/revolutionpadelstore.com\/fr\/produit\/adidas-metalbone-team-light-3-4-2025-3\/","og_site_name":"Revolution Padel Store","article_modified_time":"2026-04-08T07:43:46+00:00","og_image":[{"width":1500,"height":1500,"url":"https:\/\/revolutionpadelstore.com\/wp-content\/uploads\/2024\/12\/113689-pala-adidas-metalbone-team-light-3-4-ar2ca0u451500x1500-1-1.webp","type":"image\/webp"}],"twitter_card":"summary_large_image","twitter_misc":{"Dur\u00e9e de lecture estim\u00e9e":"2 minutes"},"schema":{"@context":"https:\/\/schema.org","@graph":[{"@type":"WebPage","@id":"https:\/\/revolutionpadelstore.com\/fr\/produit\/adidas-metalbone-team-light-3-4-2025-3\/","url":"https:\/\/revolutionpadelstore.com\/fr\/produit\/adidas-metalbone-team-light-3-4-2025-3\/","name":"ADIDAS METALBONE TEAM LIGHT 3.4 2025 - Revolution Padel Store","isPartOf":{"@id":"https:\/\/revolutionpadelstore.com\/fr\/#website"},"primaryImageOfPage":{"@id":"https:\/\/revolutionpadelstore.com\/fr\/produit\/adidas-metalbone-team-light-3-4-2025-3\/#primaryimage"},"image":{"@id":"https:\/\/revolutionpadelstore.com\/fr\/produit\/adidas-metalbone-team-light-3-4-2025-3\/#primaryimage"},"thumbnailUrl":"https:\/\/revolutionpadelstore.com\/wp-content\/uploads\/2024\/12\/113689-pala-adidas-metalbone-team-light-3-4-ar2ca0u451500x1500-1-1.webp","datePublished":"2024-12-06T12:14:03+00:00","dateModified":"2026-04-08T07:43:46+00:00","description":"La Adidas Metalbone Team Light 3.4 destaca por garantizar unas incre\u00edbles sensaciones de confort, control y maniobrabilidad durante su uso. Con su formato redondo, distribuye el peso cerca del grip, proporcionando mayor precisi\u00f3n y agilidad en movimientos defensivos desde el fondo de la pista. Adem\u00e1s, su peso ligero comprendido entre los 345 y los 360 gramos asegura m\u00e1ximo confort y alta manejabilidad en todo momento.","breadcrumb":{"@id":"https:\/\/revolutionpadelstore.com\/fr\/produit\/adidas-metalbone-team-light-3-4-2025-3\/#breadcrumb"},"inLanguage":"fr-FR","potentialAction":[{"@type":"ReadAction","target":["https:\/\/revolutionpadelstore.com\/fr\/produit\/adidas-metalbone-team-light-3-4-2025-3\/"]}]},{"@type":"ImageObject","inLanguage":"fr-FR","@id":"https:\/\/revolutionpadelstore.com\/fr\/produit\/adidas-metalbone-team-light-3-4-2025-3\/#primaryimage","url":"https:\/\/revolutionpadelstore.com\/wp-content\/uploads\/2024\/12\/113689-pala-adidas-metalbone-team-light-3-4-ar2ca0u451500x1500-1-1.webp","contentUrl":"https:\/\/revolutionpadelstore.com\/wp-content\/uploads\/2024\/12\/113689-pala-adidas-metalbone-team-light-3-4-ar2ca0u451500x1500-1-1.webp","width":1500,"height":1500},{"@type":"BreadcrumbList","@id":"https:\/\/revolutionpadelstore.com\/fr\/produit\/adidas-metalbone-team-light-3-4-2025-3\/#breadcrumb","itemListElement":[{"@type":"ListItem","position":1,"name":"Portada","item":"https:\/\/revolutionpadelstore.com\/fr\/"},{"@type":"ListItem","position":2,"name":"Boutique","item":"https:\/\/revolutionpadelstore.com\/fr\/tienda\/"},{"@type":"ListItem","position":3,"name":"ADIDAS METALBONE TEAM LIGHT 3.4 2025"}]},{"@type":"WebSite","@id":"https:\/\/revolutionpadelstore.com\/fr\/#website","url":"https:\/\/revolutionpadelstore.com\/fr\/","name":"Revolution Padel Store","description":"","publisher":{"@id":"https:\/\/revolutionpadelstore.com\/fr\/#organization"},"potentialAction":[{"@type":"SearchAction","target":{"@type":"EntryPoint","urlTemplate":"https:\/\/revolutionpadelstore.com\/fr\/?s={search_term_string}"},"query-input":{"@type":"PropertyValueSpecification","valueRequired":true,"valueName":"search_term_string"}}],"inLanguage":"fr-FR"},{"@type":"Organization","@id":"https:\/\/revolutionpadelstore.com\/fr\/#organization","name":"Revolution Padel Store","url":"https:\/\/revolutionpadelstore.com\/fr\/","logo":{"@type":"ImageObject","inLanguage":"fr-FR","@id":"https:\/\/revolutionpadelstore.com\/fr\/#\/schema\/logo\/image\/","url":"https:\/\/revolutionpadelstore.com\/wp-content\/uploads\/2026\/02\/revolution-padel-store.jpg","contentUrl":"https:\/\/revolutionpadelstore.com\/wp-content\/uploads\/2026\/02\/revolution-padel-store.jpg","width":2000,"height":2000,"caption":"Revolution Padel Store"},"image":{"@id":"https:\/\/revolutionpadelstore.com\/fr\/#\/schema\/logo\/image\/"},"sameAs":["https:\/\/www.instagram.com\/revolutionpadelstore\/"]}]}},"_links":{"self":[{"href":"https:\/\/revolutionpadelstore.com\/fr\/wp-json\/wp\/v2\/product\/154650","targetHints":{"allow":["GET"]}}],"collection":[{"href":"https:\/\/revolutionpadelstore.com\/fr\/wp-json\/wp\/v2\/product"}],"about":[{"href":"https:\/\/revolutionpadelstore.com\/fr\/wp-json\/wp\/v2\/types\/product"}],"replies":[{"embeddable":true,"href":"https:\/\/revolutionpadelstore.com\/fr\/wp-json\/wp\/v2\/comments?post=154650"}],"wp:featuredmedia":[{"embeddable":true,"href":"https:\/\/revolutionpadelstore.com\/fr\/wp-json\/wp\/v2\/media\/152891"}],"wp:attachment":[{"href":"https:\/\/revolutionpadelstore.com\/fr\/wp-json\/wp\/v2\/media?parent=154650"}],"wp:term":[{"taxonomy":"acabado","embeddable":true,"href":"https:\/\/revolutionpadelstore.com\/fr\/wp-json\/wp\/v2\/acabado?post=154650"},{"taxonomy":"balance","embeddable":true,"href":"https:\/\/revolutionpadelstore.com\/fr\/wp-json\/wp\/v2\/balance?post=154650"},{"taxonomy":"dureza","embeddable":true,"href":"https:\/\/revolutionpadelstore.com\/fr\/wp-json\/wp\/v2\/dureza?post=154650"},{"taxonomy":"forma","embeddable":true,"href":"https:\/\/revolutionpadelstore.com\/fr\/wp-json\/wp\/v2\/forma?post=154650"},{"taxonomy":"jugador","embeddable":true,"href":"https:\/\/revolutionpadelstore.com\/fr\/wp-json\/wp\/v2\/jugador?post=154650"},{"taxonomy":"marca","embeddable":true,"href":"https:\/\/revolutionpadelstore.com\/fr\/wp-json\/wp\/v2\/marca?post=154650"},{"taxonomy":"nivel-de-juego","embeddable":true,"href":"https:\/\/revolutionpadelstore.com\/fr\/wp-json\/wp\/v2\/nivel-de-juego?post=154650"},{"taxonomy":"superficie","embeddable":true,"href":"https:\/\/revolutionpadelstore.com\/fr\/wp-json\/wp\/v2\/superficie?post=154650"},{"taxonomy":"tipo-de-juego","embeddable":true,"href":"https:\/\/revolutionpadelstore.com\/fr\/wp-json\/wp\/v2\/tipo-de-juego?post=154650"},{"taxonomy":"product_brand","embeddable":true,"href":"https:\/\/revolutionpadelstore.com\/fr\/wp-json\/wp\/v2\/product_brand?post=154650"},{"taxonomy":"product_cat","embeddable":true,"href":"https:\/\/revolutionpadelstore.com\/fr\/wp-json\/wp\/v2\/product_cat?post=154650"},{"taxonomy":"product_tag","embeddable":true,"href":"https:\/\/revolutionpadelstore.com\/fr\/wp-json\/wp\/v2\/product_tag?post=154650"}],"curies":[{"name":"wp","href":"https:\/\/api.w.org\/{rel}","templated":true}]}}