{"id":154645,"date":"2024-12-07T09:01:12","date_gmt":"2024-12-07T08:01:12","guid":{"rendered":"https:\/\/revolutionpadelstore.com\/adidas-cross-it-ctrl-3-4-2025\/"},"modified":"2026-04-08T09:42:16","modified_gmt":"2026-04-08T07:42:16","slug":"adidas-cross-it-ctrl-3-4-2025-3","status":"publish","type":"product","link":"https:\/\/revolutionpadelstore.com\/fr\/produit\/adidas-cross-it-ctrl-3-4-2025-3\/","title":{"rendered":"ADIDAS CROSS IT CTRL 3.4 2025"},"content":{"rendered":"<h2> <strong> adidas le croiser ctrl 3.4 2025: contr\u00f4le et pr\u00e9cision sur la piste <\/strong> <\/h2>\n<p>Le <strong> adidas cross it ctrl 3.4 2025 <\/strong> est une pelle \u00e0 palette qui porte le contr\u00f4le \u00e0 un nouveau niveau. Ce mod\u00e8le est une \u00e9volution dans la gamme Cross LT renomm\u00e9e, incorporant les technologies les plus avanc\u00e9es pour les joueurs exigeants. Sa conception ronde et ses mat\u00e9riaux de haute qualit\u00e9 garantissent une exp\u00e9rience optimale pour ceux qui recherchent la pr\u00e9cision dans leur jeu.<\/p>\n<h2> <strong> pour les joueurs de haute performance <\/strong> <\/h2>\n<p>Cette pelle est sp\u00e9cialement con\u00e7ue pour les joueurs de haut niveau qui hi\u00e9rarchisent le contr\u00f4le et la maniabilit\u00e9. Gr\u00e2ce \u00e0 son format rond, il s&#8217;adapte parfaitement \u00e0 un jeu technique, permettant des mouvements rapides et pr\u00e9cis. La combinaison en carbone aluminis\u00e9e 15K et le caoutchouc EVA \u00e0 haute densit\u00e9 assure des performances exceptionnelles dans chaque coup, sans sacrifier le confort ni la r\u00e9sistance.<\/p>\n<h2> <strong> Caract\u00e9ristiques principales <\/strong> <\/h2>\n<p> <strong> -Dynamique Air Flow <\/strong>: Am\u00e9lioration a\u00e9rodynamique gr\u00e2ce aux trous ouverts au c\u0153ur de la lame.<\/p>\n<p> <strong> -Power Extra Grip <\/strong>: Grip \u00e9tendu pour une plus grande inertie et puissance dans les coups.<\/p>\n<p style=\"padding-left: 40px\"> <strong> -11 treize <\/strong>: trous de taille optimis\u00e9s qui augmentent la rigidit\u00e9 et la durabilit\u00e9.<\/p>\n<p> <strong> -Spin Blade Moule <\/strong>: relief 3D dans le moule pour g\u00e9n\u00e9rer un plus grand effet sur la balle.<\/p>\n<p> <strong> -Might Memory Eva <\/strong>: caoutchouc haute densit\u00e9 qui maximise la puissance en coups rapides.<\/p>\n<p> <strong>-carbone coditis\u00e9 15k <\/strong>: \u00e9quilibre id\u00e9al entre la r\u00e9sistance et la rigidit\u00e9, avec une touche ferme et puissante.<\/p>\n<p> <strong> -Red Format <\/strong>: Balance faible pour un plus grand contr\u00f4le dans les coups d\u00e9fensifs.<\/p>\n<p>&lt;En<br \/>\nLe <strong> adidas cross it ctrl 3.4 2025 <\/strong> est l&#8217;outil parfait pour les joueurs avanc\u00e9s \u00e0 la recherche de pr\u00e9cision, de durabilit\u00e9 et de performances maximales. Ma\u00eetriser la piste avec une pelle con\u00e7ue pour faire une diff\u00e9rence.<\/p>\n<h2><strong>Adidas Cross It Ctrl 3.4 2025: Control y Precisi\u00f3n en la Pista<\/strong><\/p>\n","protected":false},"excerpt":{"rendered":"<p>L&#8217;adidas Cross Lt Ctrl 3.4 2025 offre un contr\u00f4le absolu gr\u00e2ce \u00e0 son format rond, son carbone 15K, son EVA \u00e0 m\u00e9moire \u00e9lev\u00e9e et ses technologies avanc\u00e9es.<\/p>\n","protected":false},"featured_media":153218,"comment_status":"open","ping_status":"closed","template":"","meta":{"_acf_changed":false,"_joinchat":[]},"acabado":[1092],"balance":[1147],"dureza":[1157],"forma":[1182],"jugador":[1192,1202],"marca":[1232],"nivel-de-juego":[1337],"superficie":[1362],"tipo-de-juego":[1372],"product_brand":[],"product_cat":[302],"product_tag":[],"class_list":{"0":"post-154645","1":"product","2":"type-product","3":"status-publish","4":"has-post-thumbnail","6":"acabado-soulager-la-3d","7":"balance-faible","8":"dureza-media-fr","9":"forma-rond","10":"jugador-homme","11":"jugador-polivalente-fr","12":"marca-adidas-fr","13":"superficie-rugosa-fr","14":"tipo-de-juego-control-fr","15":"product_cat-palas-de-padel-fr","17":"first","18":"instock","19":"sale","20":"taxable","21":"shipping-taxable","22":"purchasable","23":"product-type-simple"},"acf":[],"yoast_head":"<!-- This site is optimized with the Yoast SEO plugin v27.4 - https:\/\/yoast.com\/product\/yoast-seo-wordpress\/ -->\n<title>ADIDAS CROSS IT CTRL 3.4 2025 - Revolution Padel Store<\/title>\n<meta name=\"description\" content=\"La Adidas Cross IT CTRL 3.4 2025 es una pala de p\u00e1del que lleva el control al siguiente nivel. Este modelo se presenta como una evoluci\u00f3n dentro de la reconocida gama Cross LT, incorporando las tecnolog\u00edas m\u00e1s avanzadas para jugadores exigentes. Su dise\u00f1o en formato redondo y materiales de alta calidad garantizan una experiencia \u00f3ptima para quienes buscan precisi\u00f3n en su juego.\" \/>\n<meta name=\"robots\" content=\"index, follow, max-snippet:-1, max-image-preview:large, max-video-preview:-1\" \/>\n<link rel=\"canonical\" href=\"https:\/\/revolutionpadelstore.com\/fr\/produit\/adidas-cross-it-ctrl-3-4-2025-3\/\" \/>\n<meta property=\"og:locale\" content=\"fr_FR\" \/>\n<meta property=\"og:type\" content=\"article\" \/>\n<meta property=\"og:title\" content=\"ADIDAS CROSS IT CTRL 3.4 2025 - Revolution Padel Store\" \/>\n<meta property=\"og:description\" content=\"La Adidas Cross IT CTRL 3.4 2025 es una pala de p\u00e1del que lleva el control al siguiente nivel. Este modelo se presenta como una evoluci\u00f3n dentro de la reconocida gama Cross LT, incorporando las tecnolog\u00edas m\u00e1s avanzadas para jugadores exigentes. Su dise\u00f1o en formato redondo y materiales de alta calidad garantizan una experiencia \u00f3ptima para quienes buscan precisi\u00f3n en su juego.\" \/>\n<meta property=\"og:url\" content=\"https:\/\/revolutionpadelstore.com\/fr\/produit\/adidas-cross-it-ctrl-3-4-2025-3\/\" \/>\n<meta property=\"og:site_name\" content=\"Revolution Padel Store\" \/>\n<meta property=\"article:modified_time\" content=\"2026-04-08T07:42:16+00:00\" \/>\n<meta property=\"og:image\" content=\"https:\/\/revolutionpadelstore.com\/wp-content\/uploads\/2024\/12\/113679-pala-adidas-cross-lt-ctrl-3-4-ar1ca5u281500x1500-1.webp\" \/>\n\t<meta property=\"og:image:width\" content=\"1500\" \/>\n\t<meta property=\"og:image:height\" content=\"1500\" \/>\n\t<meta property=\"og:image:type\" content=\"image\/webp\" \/>\n<meta name=\"twitter:card\" content=\"summary_large_image\" \/>\n<meta name=\"twitter:label1\" content=\"Dur\u00e9e de lecture estim\u00e9e\" \/>\n\t<meta name=\"twitter:data1\" content=\"2 minutes\" \/>\n<script type=\"application\/ld+json\" class=\"yoast-schema-graph\">{\"@context\":\"https:\\\/\\\/schema.org\",\"@graph\":[{\"@type\":\"WebPage\",\"@id\":\"https:\\\/\\\/revolutionpadelstore.com\\\/fr\\\/produit\\\/adidas-cross-it-ctrl-3-4-2025-3\\\/\",\"url\":\"https:\\\/\\\/revolutionpadelstore.com\\\/fr\\\/produit\\\/adidas-cross-it-ctrl-3-4-2025-3\\\/\",\"name\":\"ADIDAS CROSS IT CTRL 3.4 2025 - Revolution Padel Store\",\"isPartOf\":{\"@id\":\"https:\\\/\\\/revolutionpadelstore.com\\\/fr\\\/#website\"},\"primaryImageOfPage\":{\"@id\":\"https:\\\/\\\/revolutionpadelstore.com\\\/fr\\\/produit\\\/adidas-cross-it-ctrl-3-4-2025-3\\\/#primaryimage\"},\"image\":{\"@id\":\"https:\\\/\\\/revolutionpadelstore.com\\\/fr\\\/produit\\\/adidas-cross-it-ctrl-3-4-2025-3\\\/#primaryimage\"},\"thumbnailUrl\":\"https:\\\/\\\/revolutionpadelstore.com\\\/wp-content\\\/uploads\\\/2024\\\/12\\\/113679-pala-adidas-cross-lt-ctrl-3-4-ar1ca5u281500x1500-1.webp\",\"datePublished\":\"2024-12-07T08:01:12+00:00\",\"dateModified\":\"2026-04-08T07:42:16+00:00\",\"description\":\"La Adidas Cross IT CTRL 3.4 2025 es una pala de p\u00e1del que lleva el control al siguiente nivel. Este modelo se presenta como una evoluci\u00f3n dentro de la reconocida gama Cross LT, incorporando las tecnolog\u00edas m\u00e1s avanzadas para jugadores exigentes. Su dise\u00f1o en formato redondo y materiales de alta calidad garantizan una experiencia \u00f3ptima para quienes buscan precisi\u00f3n en su juego.\",\"breadcrumb\":{\"@id\":\"https:\\\/\\\/revolutionpadelstore.com\\\/fr\\\/produit\\\/adidas-cross-it-ctrl-3-4-2025-3\\\/#breadcrumb\"},\"inLanguage\":\"fr-FR\",\"potentialAction\":[{\"@type\":\"ReadAction\",\"target\":[\"https:\\\/\\\/revolutionpadelstore.com\\\/fr\\\/produit\\\/adidas-cross-it-ctrl-3-4-2025-3\\\/\"]}]},{\"@type\":\"ImageObject\",\"inLanguage\":\"fr-FR\",\"@id\":\"https:\\\/\\\/revolutionpadelstore.com\\\/fr\\\/produit\\\/adidas-cross-it-ctrl-3-4-2025-3\\\/#primaryimage\",\"url\":\"https:\\\/\\\/revolutionpadelstore.com\\\/wp-content\\\/uploads\\\/2024\\\/12\\\/113679-pala-adidas-cross-lt-ctrl-3-4-ar1ca5u281500x1500-1.webp\",\"contentUrl\":\"https:\\\/\\\/revolutionpadelstore.com\\\/wp-content\\\/uploads\\\/2024\\\/12\\\/113679-pala-adidas-cross-lt-ctrl-3-4-ar1ca5u281500x1500-1.webp\",\"width\":1500,\"height\":1500},{\"@type\":\"BreadcrumbList\",\"@id\":\"https:\\\/\\\/revolutionpadelstore.com\\\/fr\\\/produit\\\/adidas-cross-it-ctrl-3-4-2025-3\\\/#breadcrumb\",\"itemListElement\":[{\"@type\":\"ListItem\",\"position\":1,\"name\":\"Portada\",\"item\":\"https:\\\/\\\/revolutionpadelstore.com\\\/fr\\\/\"},{\"@type\":\"ListItem\",\"position\":2,\"name\":\"Boutique\",\"item\":\"https:\\\/\\\/revolutionpadelstore.com\\\/fr\\\/tienda\\\/\"},{\"@type\":\"ListItem\",\"position\":3,\"name\":\"ADIDAS CROSS IT CTRL 3.4 2025\"}]},{\"@type\":\"WebSite\",\"@id\":\"https:\\\/\\\/revolutionpadelstore.com\\\/fr\\\/#website\",\"url\":\"https:\\\/\\\/revolutionpadelstore.com\\\/fr\\\/\",\"name\":\"Revolution Padel Store\",\"description\":\"\",\"publisher\":{\"@id\":\"https:\\\/\\\/revolutionpadelstore.com\\\/fr\\\/#organization\"},\"potentialAction\":[{\"@type\":\"SearchAction\",\"target\":{\"@type\":\"EntryPoint\",\"urlTemplate\":\"https:\\\/\\\/revolutionpadelstore.com\\\/fr\\\/?s={search_term_string}\"},\"query-input\":{\"@type\":\"PropertyValueSpecification\",\"valueRequired\":true,\"valueName\":\"search_term_string\"}}],\"inLanguage\":\"fr-FR\"},{\"@type\":\"Organization\",\"@id\":\"https:\\\/\\\/revolutionpadelstore.com\\\/fr\\\/#organization\",\"name\":\"Revolution Padel Store\",\"url\":\"https:\\\/\\\/revolutionpadelstore.com\\\/fr\\\/\",\"logo\":{\"@type\":\"ImageObject\",\"inLanguage\":\"fr-FR\",\"@id\":\"https:\\\/\\\/revolutionpadelstore.com\\\/fr\\\/#\\\/schema\\\/logo\\\/image\\\/\",\"url\":\"https:\\\/\\\/revolutionpadelstore.com\\\/wp-content\\\/uploads\\\/2026\\\/02\\\/revolution-padel-store.jpg\",\"contentUrl\":\"https:\\\/\\\/revolutionpadelstore.com\\\/wp-content\\\/uploads\\\/2026\\\/02\\\/revolution-padel-store.jpg\",\"width\":2000,\"height\":2000,\"caption\":\"Revolution Padel Store\"},\"image\":{\"@id\":\"https:\\\/\\\/revolutionpadelstore.com\\\/fr\\\/#\\\/schema\\\/logo\\\/image\\\/\"},\"sameAs\":[\"https:\\\/\\\/www.instagram.com\\\/revolutionpadelstore\\\/\"]}]}<\/script>\n<!-- \/ Yoast SEO plugin. -->","yoast_head_json":{"title":"ADIDAS CROSS IT CTRL 3.4 2025 - Revolution Padel Store","description":"La Adidas Cross IT CTRL 3.4 2025 es una pala de p\u00e1del que lleva el control al siguiente nivel. Este modelo se presenta como una evoluci\u00f3n dentro de la reconocida gama Cross LT, incorporando las tecnolog\u00edas m\u00e1s avanzadas para jugadores exigentes. Su dise\u00f1o en formato redondo y materiales de alta calidad garantizan una experiencia \u00f3ptima para quienes buscan precisi\u00f3n en su juego.","robots":{"index":"index","follow":"follow","max-snippet":"max-snippet:-1","max-image-preview":"max-image-preview:large","max-video-preview":"max-video-preview:-1"},"canonical":"https:\/\/revolutionpadelstore.com\/fr\/produit\/adidas-cross-it-ctrl-3-4-2025-3\/","og_locale":"fr_FR","og_type":"article","og_title":"ADIDAS CROSS IT CTRL 3.4 2025 - Revolution Padel Store","og_description":"La Adidas Cross IT CTRL 3.4 2025 es una pala de p\u00e1del que lleva el control al siguiente nivel. Este modelo se presenta como una evoluci\u00f3n dentro de la reconocida gama Cross LT, incorporando las tecnolog\u00edas m\u00e1s avanzadas para jugadores exigentes. Su dise\u00f1o en formato redondo y materiales de alta calidad garantizan una experiencia \u00f3ptima para quienes buscan precisi\u00f3n en su juego.","og_url":"https:\/\/revolutionpadelstore.com\/fr\/produit\/adidas-cross-it-ctrl-3-4-2025-3\/","og_site_name":"Revolution Padel Store","article_modified_time":"2026-04-08T07:42:16+00:00","og_image":[{"width":1500,"height":1500,"url":"https:\/\/revolutionpadelstore.com\/wp-content\/uploads\/2024\/12\/113679-pala-adidas-cross-lt-ctrl-3-4-ar1ca5u281500x1500-1.webp","type":"image\/webp"}],"twitter_card":"summary_large_image","twitter_misc":{"Dur\u00e9e de lecture estim\u00e9e":"2 minutes"},"schema":{"@context":"https:\/\/schema.org","@graph":[{"@type":"WebPage","@id":"https:\/\/revolutionpadelstore.com\/fr\/produit\/adidas-cross-it-ctrl-3-4-2025-3\/","url":"https:\/\/revolutionpadelstore.com\/fr\/produit\/adidas-cross-it-ctrl-3-4-2025-3\/","name":"ADIDAS CROSS IT CTRL 3.4 2025 - Revolution Padel Store","isPartOf":{"@id":"https:\/\/revolutionpadelstore.com\/fr\/#website"},"primaryImageOfPage":{"@id":"https:\/\/revolutionpadelstore.com\/fr\/produit\/adidas-cross-it-ctrl-3-4-2025-3\/#primaryimage"},"image":{"@id":"https:\/\/revolutionpadelstore.com\/fr\/produit\/adidas-cross-it-ctrl-3-4-2025-3\/#primaryimage"},"thumbnailUrl":"https:\/\/revolutionpadelstore.com\/wp-content\/uploads\/2024\/12\/113679-pala-adidas-cross-lt-ctrl-3-4-ar1ca5u281500x1500-1.webp","datePublished":"2024-12-07T08:01:12+00:00","dateModified":"2026-04-08T07:42:16+00:00","description":"La Adidas Cross IT CTRL 3.4 2025 es una pala de p\u00e1del que lleva el control al siguiente nivel. Este modelo se presenta como una evoluci\u00f3n dentro de la reconocida gama Cross LT, incorporando las tecnolog\u00edas m\u00e1s avanzadas para jugadores exigentes. Su dise\u00f1o en formato redondo y materiales de alta calidad garantizan una experiencia \u00f3ptima para quienes buscan precisi\u00f3n en su juego.","breadcrumb":{"@id":"https:\/\/revolutionpadelstore.com\/fr\/produit\/adidas-cross-it-ctrl-3-4-2025-3\/#breadcrumb"},"inLanguage":"fr-FR","potentialAction":[{"@type":"ReadAction","target":["https:\/\/revolutionpadelstore.com\/fr\/produit\/adidas-cross-it-ctrl-3-4-2025-3\/"]}]},{"@type":"ImageObject","inLanguage":"fr-FR","@id":"https:\/\/revolutionpadelstore.com\/fr\/produit\/adidas-cross-it-ctrl-3-4-2025-3\/#primaryimage","url":"https:\/\/revolutionpadelstore.com\/wp-content\/uploads\/2024\/12\/113679-pala-adidas-cross-lt-ctrl-3-4-ar1ca5u281500x1500-1.webp","contentUrl":"https:\/\/revolutionpadelstore.com\/wp-content\/uploads\/2024\/12\/113679-pala-adidas-cross-lt-ctrl-3-4-ar1ca5u281500x1500-1.webp","width":1500,"height":1500},{"@type":"BreadcrumbList","@id":"https:\/\/revolutionpadelstore.com\/fr\/produit\/adidas-cross-it-ctrl-3-4-2025-3\/#breadcrumb","itemListElement":[{"@type":"ListItem","position":1,"name":"Portada","item":"https:\/\/revolutionpadelstore.com\/fr\/"},{"@type":"ListItem","position":2,"name":"Boutique","item":"https:\/\/revolutionpadelstore.com\/fr\/tienda\/"},{"@type":"ListItem","position":3,"name":"ADIDAS CROSS IT CTRL 3.4 2025"}]},{"@type":"WebSite","@id":"https:\/\/revolutionpadelstore.com\/fr\/#website","url":"https:\/\/revolutionpadelstore.com\/fr\/","name":"Revolution Padel Store","description":"","publisher":{"@id":"https:\/\/revolutionpadelstore.com\/fr\/#organization"},"potentialAction":[{"@type":"SearchAction","target":{"@type":"EntryPoint","urlTemplate":"https:\/\/revolutionpadelstore.com\/fr\/?s={search_term_string}"},"query-input":{"@type":"PropertyValueSpecification","valueRequired":true,"valueName":"search_term_string"}}],"inLanguage":"fr-FR"},{"@type":"Organization","@id":"https:\/\/revolutionpadelstore.com\/fr\/#organization","name":"Revolution Padel Store","url":"https:\/\/revolutionpadelstore.com\/fr\/","logo":{"@type":"ImageObject","inLanguage":"fr-FR","@id":"https:\/\/revolutionpadelstore.com\/fr\/#\/schema\/logo\/image\/","url":"https:\/\/revolutionpadelstore.com\/wp-content\/uploads\/2026\/02\/revolution-padel-store.jpg","contentUrl":"https:\/\/revolutionpadelstore.com\/wp-content\/uploads\/2026\/02\/revolution-padel-store.jpg","width":2000,"height":2000,"caption":"Revolution Padel Store"},"image":{"@id":"https:\/\/revolutionpadelstore.com\/fr\/#\/schema\/logo\/image\/"},"sameAs":["https:\/\/www.instagram.com\/revolutionpadelstore\/"]}]}},"_links":{"self":[{"href":"https:\/\/revolutionpadelstore.com\/fr\/wp-json\/wp\/v2\/product\/154645","targetHints":{"allow":["GET"]}}],"collection":[{"href":"https:\/\/revolutionpadelstore.com\/fr\/wp-json\/wp\/v2\/product"}],"about":[{"href":"https:\/\/revolutionpadelstore.com\/fr\/wp-json\/wp\/v2\/types\/product"}],"replies":[{"embeddable":true,"href":"https:\/\/revolutionpadelstore.com\/fr\/wp-json\/wp\/v2\/comments?post=154645"}],"wp:featuredmedia":[{"embeddable":true,"href":"https:\/\/revolutionpadelstore.com\/fr\/wp-json\/wp\/v2\/media\/153218"}],"wp:attachment":[{"href":"https:\/\/revolutionpadelstore.com\/fr\/wp-json\/wp\/v2\/media?parent=154645"}],"wp:term":[{"taxonomy":"acabado","embeddable":true,"href":"https:\/\/revolutionpadelstore.com\/fr\/wp-json\/wp\/v2\/acabado?post=154645"},{"taxonomy":"balance","embeddable":true,"href":"https:\/\/revolutionpadelstore.com\/fr\/wp-json\/wp\/v2\/balance?post=154645"},{"taxonomy":"dureza","embeddable":true,"href":"https:\/\/revolutionpadelstore.com\/fr\/wp-json\/wp\/v2\/dureza?post=154645"},{"taxonomy":"forma","embeddable":true,"href":"https:\/\/revolutionpadelstore.com\/fr\/wp-json\/wp\/v2\/forma?post=154645"},{"taxonomy":"jugador","embeddable":true,"href":"https:\/\/revolutionpadelstore.com\/fr\/wp-json\/wp\/v2\/jugador?post=154645"},{"taxonomy":"marca","embeddable":true,"href":"https:\/\/revolutionpadelstore.com\/fr\/wp-json\/wp\/v2\/marca?post=154645"},{"taxonomy":"nivel-de-juego","embeddable":true,"href":"https:\/\/revolutionpadelstore.com\/fr\/wp-json\/wp\/v2\/nivel-de-juego?post=154645"},{"taxonomy":"superficie","embeddable":true,"href":"https:\/\/revolutionpadelstore.com\/fr\/wp-json\/wp\/v2\/superficie?post=154645"},{"taxonomy":"tipo-de-juego","embeddable":true,"href":"https:\/\/revolutionpadelstore.com\/fr\/wp-json\/wp\/v2\/tipo-de-juego?post=154645"},{"taxonomy":"product_brand","embeddable":true,"href":"https:\/\/revolutionpadelstore.com\/fr\/wp-json\/wp\/v2\/product_brand?post=154645"},{"taxonomy":"product_cat","embeddable":true,"href":"https:\/\/revolutionpadelstore.com\/fr\/wp-json\/wp\/v2\/product_cat?post=154645"},{"taxonomy":"product_tag","embeddable":true,"href":"https:\/\/revolutionpadelstore.com\/fr\/wp-json\/wp\/v2\/product_tag?post=154645"}],"curies":[{"name":"wp","href":"https:\/\/api.w.org\/{rel}","templated":true}]}}