{"id":154640,"date":"2024-12-07T09:15:51","date_gmt":"2024-12-07T08:15:51","guid":{"rendered":"https:\/\/revolutionpadelstore.com\/adidas-cross-it-carbon-ctrl-2025\/"},"modified":"2026-04-08T09:41:46","modified_gmt":"2026-04-08T07:41:46","slug":"adidas-cross-it-carbon-ctrl-2025-3","status":"publish","type":"product","link":"https:\/\/revolutionpadelstore.com\/fr\/produit\/adidas-cross-it-carbon-ctrl-2025-3\/","title":{"rendered":"ADIDAS CROSS IT CARBON CTRL 2025"},"content":{"rendered":"<h2> <strong> adidas croiser le carbone ctrl 2025: pr\u00e9cision et contr\u00f4le sur la piste<br \/>\nLe <strong> adidas Cross It Carbon Ctrl 2025 <\/strong> est pr\u00e9sent\u00e9 comme l&#8217;une des grandes nouveaut\u00e9s de l&#8217;ann\u00e9e, con\u00e7ue pour les joueurs \u00e0 la recherche de pr\u00e9cision et de contr\u00f4le dans chaque coup. Ce mod\u00e8le se d\u00e9marque dans la gamme Cross LT, combinant l&#8217;innovation et les mat\u00e9riaux de haute qualit\u00e9. Avec un format rond qui am\u00e9liore la maniabilit\u00e9 et les technologies avanc\u00e9es, il garantit une exp\u00e9rience de jeu in\u00e9gal\u00e9e.<\/p>\n<h2> <strong> pour les joueurs avanc\u00e9s <\/strong> <\/h2>\n<p>Surtout pens\u00e9 pour les joueurs de niveau avanc\u00e9, le <strong> Cross It Carbon Ctrl 2025 <\/strong> se distingue par leur capacit\u00e9 \u00e0 contr\u00f4ler et \u00e0 adapter. Sa construction en carbone 6K et son caoutchouc Eva Soft Performance offrent un \u00e9quilibre parfait entre la puissance et le confort, ce qui en fait une option id\u00e9ale pour ceux qui priorisent un jeu technique et pr\u00e9cis. Son format ronde favorise \u00e9galement les mouvements rapides et agiles, indispensables dans les matchs de niveau \u00e9lev\u00e9.<\/p>\n<h2> <strong> Caract\u00e9ristiques principales <\/strong> <\/h2>\n<p> <strong> -Dynamique Air Flow <\/strong>: Ouvrez les trous dans le c\u0153ur pour une r\u00e9sistance \u00e0 l&#8217;air plus faible et une plus grande maniabilit\u00e9.<\/p>\n<p> <strong> -Power Extra Grip <\/strong>: Poign\u00e9e la plus longue pour augmenter l&#8217;inertie et la puissance des coups.<br \/>\n<P> <strong> -11 treize <\/strong>: disposition sp\u00e9cifique des trous pour optimiser la rigidit\u00e9, la puissance et la durabilit\u00e9.<br \/>\n<P> <strong>-Secal de la lame <\/strong>: soulagement dans le moule pour un contr\u00f4le et des effets plus \u00e9lev\u00e9s.<\/p>\n<p> <strong> -Soft Performance EVA <\/strong>: caoutchouc basse densit\u00e9 pour un confort maximal et une sortie de balle.<\/p>\n<p> <strong> -Carbono 6k <\/strong>: combinaison parfaite entre le contr\u00f4le et la durabilit\u00e9.<\/p>\n<p> <strong> -redond Format <\/strong>: un plus grand contr\u00f4le dans les coups d\u00e9fensifs gr\u00e2ce \u00e0 son \u00e9quilibre pr\u00e8s de la poign\u00e9e.<\/p>\n<h2> <strong> Disponible au Revolution Padel Store <\/strong> <\/h2>\n<p>Le <strong> adidas Cross It Carbon Ctrl 2025 <\/strong> red\u00e9finit le jeu avec sa conception innovante et ses caract\u00e9ristiques plus \u00e9lev\u00e9es. C&#8217;est le choix parfait pour les joueurs avanc\u00e9s qui cherchent \u00e0 se d\u00e9marquer sur la piste avec pr\u00e9cision et style.<\/p>\n<h2><strong>Adidas Cross It Carbon Ctrl 2025: Precisi\u00f3n y Control en la Pista<\/strong><\/p>\n","protected":false},"excerpt":{"rendered":"<p>Le <strong> adidas cross It Carbon Ctrl 2025 <\/strong> se distingue par son format rond, sa construction en carbone 6K et son caoutchouc EVA Soft Performance. Cette combinaison assure le contr\u00f4le, la puissance et le confort absolus, id\u00e9al pour les joueurs avanc\u00e9s qui recherchent une pr\u00e9cision dans chaque coup.<strong>Adidas Cross IT Carbon CTRL 2025<\/strong><\/p>\n","protected":false},"featured_media":153261,"comment_status":"open","ping_status":"closed","template":"","meta":{"_acf_changed":false,"_joinchat":[]},"acabado":[1107],"balance":[1147],"dureza":[1152],"forma":[1182],"jugador":[1192,1202],"marca":[1232],"nivel-de-juego":[1337],"superficie":[1362],"tipo-de-juego":[1372],"product_brand":[],"product_cat":[302],"product_tag":[],"class_list":{"0":"post-154640","1":"product","2":"type-product","3":"status-publish","4":"has-post-thumbnail","6":"acabado-brut","7":"balance-faible","8":"dureza-blanda-fr","9":"forma-rond","10":"jugador-homme","11":"jugador-polivalente-fr","12":"marca-adidas-fr","13":"superficie-rugosa-fr","14":"tipo-de-juego-control-fr","15":"product_cat-palas-de-padel-fr","17":"first","18":"instock","19":"sale","20":"taxable","21":"shipping-taxable","22":"purchasable","23":"product-type-simple"},"acf":[],"yoast_head":"<!-- This site is optimized with the Yoast SEO plugin v27.4 - https:\/\/yoast.com\/product\/yoast-seo-wordpress\/ -->\n<title>ADIDAS CROSS IT CARBON CTRL 2025 - Revolution Padel Store<\/title>\n<meta name=\"description\" content=\"La Adidas Cross IT Carbon CTRL 2025 llega como una de las grandes novedades del a\u00f1o, dise\u00f1ada para los jugadores que buscan precisi\u00f3n y control en cada golpe. Este modelo se posiciona como un referente dentro de la gama Cross LT, combinando innovaci\u00f3n y materiales de alta calidad. Con un formato redondo que mejora la maniobrabilidad y tecnolog\u00edas avanzadas, garantiza una experiencia de juego inigualable.\" \/>\n<meta name=\"robots\" content=\"index, follow, max-snippet:-1, max-image-preview:large, max-video-preview:-1\" \/>\n<link rel=\"canonical\" href=\"https:\/\/revolutionpadelstore.com\/fr\/produit\/adidas-cross-it-carbon-ctrl-2025-3\/\" \/>\n<meta property=\"og:locale\" content=\"fr_FR\" \/>\n<meta property=\"og:type\" content=\"article\" \/>\n<meta property=\"og:title\" content=\"ADIDAS CROSS IT CARBON CTRL 2025 - Revolution Padel Store\" \/>\n<meta property=\"og:description\" content=\"La Adidas Cross IT Carbon CTRL 2025 llega como una de las grandes novedades del a\u00f1o, dise\u00f1ada para los jugadores que buscan precisi\u00f3n y control en cada golpe. Este modelo se posiciona como un referente dentro de la gama Cross LT, combinando innovaci\u00f3n y materiales de alta calidad. Con un formato redondo que mejora la maniobrabilidad y tecnolog\u00edas avanzadas, garantiza una experiencia de juego inigualable.\" \/>\n<meta property=\"og:url\" content=\"https:\/\/revolutionpadelstore.com\/fr\/produit\/adidas-cross-it-carbon-ctrl-2025-3\/\" \/>\n<meta property=\"og:site_name\" content=\"Revolution Padel Store\" \/>\n<meta property=\"article:modified_time\" content=\"2026-04-08T07:41:46+00:00\" \/>\n<meta property=\"og:image\" content=\"https:\/\/revolutionpadelstore.com\/wp-content\/uploads\/2024\/12\/113678-pala-adidas-cross-lt-carbon-ctrl-ar1ca7u121500x1500-1.webp\" \/>\n\t<meta property=\"og:image:width\" content=\"1500\" \/>\n\t<meta property=\"og:image:height\" content=\"1500\" \/>\n\t<meta property=\"og:image:type\" content=\"image\/webp\" \/>\n<meta name=\"twitter:card\" content=\"summary_large_image\" \/>\n<meta name=\"twitter:label1\" content=\"Dur\u00e9e de lecture estim\u00e9e\" \/>\n\t<meta name=\"twitter:data1\" content=\"2 minutes\" \/>\n<script type=\"application\/ld+json\" class=\"yoast-schema-graph\">{\"@context\":\"https:\\\/\\\/schema.org\",\"@graph\":[{\"@type\":\"WebPage\",\"@id\":\"https:\\\/\\\/revolutionpadelstore.com\\\/fr\\\/produit\\\/adidas-cross-it-carbon-ctrl-2025-3\\\/\",\"url\":\"https:\\\/\\\/revolutionpadelstore.com\\\/fr\\\/produit\\\/adidas-cross-it-carbon-ctrl-2025-3\\\/\",\"name\":\"ADIDAS CROSS IT CARBON CTRL 2025 - Revolution Padel Store\",\"isPartOf\":{\"@id\":\"https:\\\/\\\/revolutionpadelstore.com\\\/fr\\\/#website\"},\"primaryImageOfPage\":{\"@id\":\"https:\\\/\\\/revolutionpadelstore.com\\\/fr\\\/produit\\\/adidas-cross-it-carbon-ctrl-2025-3\\\/#primaryimage\"},\"image\":{\"@id\":\"https:\\\/\\\/revolutionpadelstore.com\\\/fr\\\/produit\\\/adidas-cross-it-carbon-ctrl-2025-3\\\/#primaryimage\"},\"thumbnailUrl\":\"https:\\\/\\\/revolutionpadelstore.com\\\/wp-content\\\/uploads\\\/2024\\\/12\\\/113678-pala-adidas-cross-lt-carbon-ctrl-ar1ca7u121500x1500-1.webp\",\"datePublished\":\"2024-12-07T08:15:51+00:00\",\"dateModified\":\"2026-04-08T07:41:46+00:00\",\"description\":\"La Adidas Cross IT Carbon CTRL 2025 llega como una de las grandes novedades del a\u00f1o, dise\u00f1ada para los jugadores que buscan precisi\u00f3n y control en cada golpe. Este modelo se posiciona como un referente dentro de la gama Cross LT, combinando innovaci\u00f3n y materiales de alta calidad. Con un formato redondo que mejora la maniobrabilidad y tecnolog\u00edas avanzadas, garantiza una experiencia de juego inigualable.\",\"breadcrumb\":{\"@id\":\"https:\\\/\\\/revolutionpadelstore.com\\\/fr\\\/produit\\\/adidas-cross-it-carbon-ctrl-2025-3\\\/#breadcrumb\"},\"inLanguage\":\"fr-FR\",\"potentialAction\":[{\"@type\":\"ReadAction\",\"target\":[\"https:\\\/\\\/revolutionpadelstore.com\\\/fr\\\/produit\\\/adidas-cross-it-carbon-ctrl-2025-3\\\/\"]}]},{\"@type\":\"ImageObject\",\"inLanguage\":\"fr-FR\",\"@id\":\"https:\\\/\\\/revolutionpadelstore.com\\\/fr\\\/produit\\\/adidas-cross-it-carbon-ctrl-2025-3\\\/#primaryimage\",\"url\":\"https:\\\/\\\/revolutionpadelstore.com\\\/wp-content\\\/uploads\\\/2024\\\/12\\\/113678-pala-adidas-cross-lt-carbon-ctrl-ar1ca7u121500x1500-1.webp\",\"contentUrl\":\"https:\\\/\\\/revolutionpadelstore.com\\\/wp-content\\\/uploads\\\/2024\\\/12\\\/113678-pala-adidas-cross-lt-carbon-ctrl-ar1ca7u121500x1500-1.webp\",\"width\":1500,\"height\":1500},{\"@type\":\"BreadcrumbList\",\"@id\":\"https:\\\/\\\/revolutionpadelstore.com\\\/fr\\\/produit\\\/adidas-cross-it-carbon-ctrl-2025-3\\\/#breadcrumb\",\"itemListElement\":[{\"@type\":\"ListItem\",\"position\":1,\"name\":\"Portada\",\"item\":\"https:\\\/\\\/revolutionpadelstore.com\\\/fr\\\/\"},{\"@type\":\"ListItem\",\"position\":2,\"name\":\"Boutique\",\"item\":\"https:\\\/\\\/revolutionpadelstore.com\\\/fr\\\/tienda\\\/\"},{\"@type\":\"ListItem\",\"position\":3,\"name\":\"ADIDAS CROSS IT CARBON CTRL 2025\"}]},{\"@type\":\"WebSite\",\"@id\":\"https:\\\/\\\/revolutionpadelstore.com\\\/fr\\\/#website\",\"url\":\"https:\\\/\\\/revolutionpadelstore.com\\\/fr\\\/\",\"name\":\"Revolution Padel Store\",\"description\":\"\",\"publisher\":{\"@id\":\"https:\\\/\\\/revolutionpadelstore.com\\\/fr\\\/#organization\"},\"potentialAction\":[{\"@type\":\"SearchAction\",\"target\":{\"@type\":\"EntryPoint\",\"urlTemplate\":\"https:\\\/\\\/revolutionpadelstore.com\\\/fr\\\/?s={search_term_string}\"},\"query-input\":{\"@type\":\"PropertyValueSpecification\",\"valueRequired\":true,\"valueName\":\"search_term_string\"}}],\"inLanguage\":\"fr-FR\"},{\"@type\":\"Organization\",\"@id\":\"https:\\\/\\\/revolutionpadelstore.com\\\/fr\\\/#organization\",\"name\":\"Revolution Padel Store\",\"url\":\"https:\\\/\\\/revolutionpadelstore.com\\\/fr\\\/\",\"logo\":{\"@type\":\"ImageObject\",\"inLanguage\":\"fr-FR\",\"@id\":\"https:\\\/\\\/revolutionpadelstore.com\\\/fr\\\/#\\\/schema\\\/logo\\\/image\\\/\",\"url\":\"https:\\\/\\\/revolutionpadelstore.com\\\/wp-content\\\/uploads\\\/2026\\\/02\\\/revolution-padel-store.jpg\",\"contentUrl\":\"https:\\\/\\\/revolutionpadelstore.com\\\/wp-content\\\/uploads\\\/2026\\\/02\\\/revolution-padel-store.jpg\",\"width\":2000,\"height\":2000,\"caption\":\"Revolution Padel Store\"},\"image\":{\"@id\":\"https:\\\/\\\/revolutionpadelstore.com\\\/fr\\\/#\\\/schema\\\/logo\\\/image\\\/\"},\"sameAs\":[\"https:\\\/\\\/www.instagram.com\\\/revolutionpadelstore\\\/\"]}]}<\/script>\n<!-- \/ Yoast SEO plugin. -->","yoast_head_json":{"title":"ADIDAS CROSS IT CARBON CTRL 2025 - Revolution Padel Store","description":"La Adidas Cross IT Carbon CTRL 2025 llega como una de las grandes novedades del a\u00f1o, dise\u00f1ada para los jugadores que buscan precisi\u00f3n y control en cada golpe. Este modelo se posiciona como un referente dentro de la gama Cross LT, combinando innovaci\u00f3n y materiales de alta calidad. Con un formato redondo que mejora la maniobrabilidad y tecnolog\u00edas avanzadas, garantiza una experiencia de juego inigualable.","robots":{"index":"index","follow":"follow","max-snippet":"max-snippet:-1","max-image-preview":"max-image-preview:large","max-video-preview":"max-video-preview:-1"},"canonical":"https:\/\/revolutionpadelstore.com\/fr\/produit\/adidas-cross-it-carbon-ctrl-2025-3\/","og_locale":"fr_FR","og_type":"article","og_title":"ADIDAS CROSS IT CARBON CTRL 2025 - Revolution Padel Store","og_description":"La Adidas Cross IT Carbon CTRL 2025 llega como una de las grandes novedades del a\u00f1o, dise\u00f1ada para los jugadores que buscan precisi\u00f3n y control en cada golpe. Este modelo se posiciona como un referente dentro de la gama Cross LT, combinando innovaci\u00f3n y materiales de alta calidad. Con un formato redondo que mejora la maniobrabilidad y tecnolog\u00edas avanzadas, garantiza una experiencia de juego inigualable.","og_url":"https:\/\/revolutionpadelstore.com\/fr\/produit\/adidas-cross-it-carbon-ctrl-2025-3\/","og_site_name":"Revolution Padel Store","article_modified_time":"2026-04-08T07:41:46+00:00","og_image":[{"width":1500,"height":1500,"url":"https:\/\/revolutionpadelstore.com\/wp-content\/uploads\/2024\/12\/113678-pala-adidas-cross-lt-carbon-ctrl-ar1ca7u121500x1500-1.webp","type":"image\/webp"}],"twitter_card":"summary_large_image","twitter_misc":{"Dur\u00e9e de lecture estim\u00e9e":"2 minutes"},"schema":{"@context":"https:\/\/schema.org","@graph":[{"@type":"WebPage","@id":"https:\/\/revolutionpadelstore.com\/fr\/produit\/adidas-cross-it-carbon-ctrl-2025-3\/","url":"https:\/\/revolutionpadelstore.com\/fr\/produit\/adidas-cross-it-carbon-ctrl-2025-3\/","name":"ADIDAS CROSS IT CARBON CTRL 2025 - Revolution Padel Store","isPartOf":{"@id":"https:\/\/revolutionpadelstore.com\/fr\/#website"},"primaryImageOfPage":{"@id":"https:\/\/revolutionpadelstore.com\/fr\/produit\/adidas-cross-it-carbon-ctrl-2025-3\/#primaryimage"},"image":{"@id":"https:\/\/revolutionpadelstore.com\/fr\/produit\/adidas-cross-it-carbon-ctrl-2025-3\/#primaryimage"},"thumbnailUrl":"https:\/\/revolutionpadelstore.com\/wp-content\/uploads\/2024\/12\/113678-pala-adidas-cross-lt-carbon-ctrl-ar1ca7u121500x1500-1.webp","datePublished":"2024-12-07T08:15:51+00:00","dateModified":"2026-04-08T07:41:46+00:00","description":"La Adidas Cross IT Carbon CTRL 2025 llega como una de las grandes novedades del a\u00f1o, dise\u00f1ada para los jugadores que buscan precisi\u00f3n y control en cada golpe. Este modelo se posiciona como un referente dentro de la gama Cross LT, combinando innovaci\u00f3n y materiales de alta calidad. Con un formato redondo que mejora la maniobrabilidad y tecnolog\u00edas avanzadas, garantiza una experiencia de juego inigualable.","breadcrumb":{"@id":"https:\/\/revolutionpadelstore.com\/fr\/produit\/adidas-cross-it-carbon-ctrl-2025-3\/#breadcrumb"},"inLanguage":"fr-FR","potentialAction":[{"@type":"ReadAction","target":["https:\/\/revolutionpadelstore.com\/fr\/produit\/adidas-cross-it-carbon-ctrl-2025-3\/"]}]},{"@type":"ImageObject","inLanguage":"fr-FR","@id":"https:\/\/revolutionpadelstore.com\/fr\/produit\/adidas-cross-it-carbon-ctrl-2025-3\/#primaryimage","url":"https:\/\/revolutionpadelstore.com\/wp-content\/uploads\/2024\/12\/113678-pala-adidas-cross-lt-carbon-ctrl-ar1ca7u121500x1500-1.webp","contentUrl":"https:\/\/revolutionpadelstore.com\/wp-content\/uploads\/2024\/12\/113678-pala-adidas-cross-lt-carbon-ctrl-ar1ca7u121500x1500-1.webp","width":1500,"height":1500},{"@type":"BreadcrumbList","@id":"https:\/\/revolutionpadelstore.com\/fr\/produit\/adidas-cross-it-carbon-ctrl-2025-3\/#breadcrumb","itemListElement":[{"@type":"ListItem","position":1,"name":"Portada","item":"https:\/\/revolutionpadelstore.com\/fr\/"},{"@type":"ListItem","position":2,"name":"Boutique","item":"https:\/\/revolutionpadelstore.com\/fr\/tienda\/"},{"@type":"ListItem","position":3,"name":"ADIDAS CROSS IT CARBON CTRL 2025"}]},{"@type":"WebSite","@id":"https:\/\/revolutionpadelstore.com\/fr\/#website","url":"https:\/\/revolutionpadelstore.com\/fr\/","name":"Revolution Padel Store","description":"","publisher":{"@id":"https:\/\/revolutionpadelstore.com\/fr\/#organization"},"potentialAction":[{"@type":"SearchAction","target":{"@type":"EntryPoint","urlTemplate":"https:\/\/revolutionpadelstore.com\/fr\/?s={search_term_string}"},"query-input":{"@type":"PropertyValueSpecification","valueRequired":true,"valueName":"search_term_string"}}],"inLanguage":"fr-FR"},{"@type":"Organization","@id":"https:\/\/revolutionpadelstore.com\/fr\/#organization","name":"Revolution Padel Store","url":"https:\/\/revolutionpadelstore.com\/fr\/","logo":{"@type":"ImageObject","inLanguage":"fr-FR","@id":"https:\/\/revolutionpadelstore.com\/fr\/#\/schema\/logo\/image\/","url":"https:\/\/revolutionpadelstore.com\/wp-content\/uploads\/2026\/02\/revolution-padel-store.jpg","contentUrl":"https:\/\/revolutionpadelstore.com\/wp-content\/uploads\/2026\/02\/revolution-padel-store.jpg","width":2000,"height":2000,"caption":"Revolution Padel Store"},"image":{"@id":"https:\/\/revolutionpadelstore.com\/fr\/#\/schema\/logo\/image\/"},"sameAs":["https:\/\/www.instagram.com\/revolutionpadelstore\/"]}]}},"_links":{"self":[{"href":"https:\/\/revolutionpadelstore.com\/fr\/wp-json\/wp\/v2\/product\/154640","targetHints":{"allow":["GET"]}}],"collection":[{"href":"https:\/\/revolutionpadelstore.com\/fr\/wp-json\/wp\/v2\/product"}],"about":[{"href":"https:\/\/revolutionpadelstore.com\/fr\/wp-json\/wp\/v2\/types\/product"}],"replies":[{"embeddable":true,"href":"https:\/\/revolutionpadelstore.com\/fr\/wp-json\/wp\/v2\/comments?post=154640"}],"wp:featuredmedia":[{"embeddable":true,"href":"https:\/\/revolutionpadelstore.com\/fr\/wp-json\/wp\/v2\/media\/153261"}],"wp:attachment":[{"href":"https:\/\/revolutionpadelstore.com\/fr\/wp-json\/wp\/v2\/media?parent=154640"}],"wp:term":[{"taxonomy":"acabado","embeddable":true,"href":"https:\/\/revolutionpadelstore.com\/fr\/wp-json\/wp\/v2\/acabado?post=154640"},{"taxonomy":"balance","embeddable":true,"href":"https:\/\/revolutionpadelstore.com\/fr\/wp-json\/wp\/v2\/balance?post=154640"},{"taxonomy":"dureza","embeddable":true,"href":"https:\/\/revolutionpadelstore.com\/fr\/wp-json\/wp\/v2\/dureza?post=154640"},{"taxonomy":"forma","embeddable":true,"href":"https:\/\/revolutionpadelstore.com\/fr\/wp-json\/wp\/v2\/forma?post=154640"},{"taxonomy":"jugador","embeddable":true,"href":"https:\/\/revolutionpadelstore.com\/fr\/wp-json\/wp\/v2\/jugador?post=154640"},{"taxonomy":"marca","embeddable":true,"href":"https:\/\/revolutionpadelstore.com\/fr\/wp-json\/wp\/v2\/marca?post=154640"},{"taxonomy":"nivel-de-juego","embeddable":true,"href":"https:\/\/revolutionpadelstore.com\/fr\/wp-json\/wp\/v2\/nivel-de-juego?post=154640"},{"taxonomy":"superficie","embeddable":true,"href":"https:\/\/revolutionpadelstore.com\/fr\/wp-json\/wp\/v2\/superficie?post=154640"},{"taxonomy":"tipo-de-juego","embeddable":true,"href":"https:\/\/revolutionpadelstore.com\/fr\/wp-json\/wp\/v2\/tipo-de-juego?post=154640"},{"taxonomy":"product_brand","embeddable":true,"href":"https:\/\/revolutionpadelstore.com\/fr\/wp-json\/wp\/v2\/product_brand?post=154640"},{"taxonomy":"product_cat","embeddable":true,"href":"https:\/\/revolutionpadelstore.com\/fr\/wp-json\/wp\/v2\/product_cat?post=154640"},{"taxonomy":"product_tag","embeddable":true,"href":"https:\/\/revolutionpadelstore.com\/fr\/wp-json\/wp\/v2\/product_tag?post=154640"}],"curies":[{"name":"wp","href":"https:\/\/api.w.org\/{rel}","templated":true}]}}