{"id":154635,"date":"2024-12-07T09:35:06","date_gmt":"2024-12-07T08:35:06","guid":{"rendered":"https:\/\/revolutionpadelstore.com\/adidas-cross-it-3-4-2025\/"},"modified":"2026-04-08T09:41:17","modified_gmt":"2026-04-08T07:41:17","slug":"adidas-cross-it-3-4-2025-3","status":"publish","type":"product","link":"https:\/\/revolutionpadelstore.com\/fr\/produit\/adidas-cross-it-3-4-2025-3\/","title":{"rendered":"ADIDAS CROSS IT 3.4 2025"},"content":{"rendered":"<div id=\"zcmjc89rsmhrytmvocyap-user-meage\" role=\"article\" data-tabster=\"{\" Aria-labelledby=\"zcmjc89rsmhrytmvocyap-user-mensage\">\n<div class=\"flex w-full flex-col items-end\" Data-Concentnt=\"User-Message\"> <\/div>\n<\/div>\n<div role=\"Article\" data-tabster=\"{\" Data-Concent=\"Ai-Message\">\n<div id=\"CBJ6XCHXCBIPGKC8GGP2-CONCENTNT\" CLASS=\"Space-Y-3 Break-Words\">\n<h2> <strong> adidas le croiser 3.4 2025: puissance et style sur la piste!<br \/>\nLe <strong> adidas le croiser 3.4 2025 <\/strong> est la pelle \u00e0 palette dont vous avez besoin pour porter votre jeu au niveau sup\u00e9rieur. Con\u00e7u pour maximiser la puissance et la maniabilit\u00e9, cette lame int\u00e8gre des technologies innovantes qui vous feront mettre en \u00e9vidence sur la piste. Avec un design moderne et un format de diamant surdimensionn\u00e9, vous n&#8217;aurez pas seulement fi\u00e8re allure, mais vous aurez \u00e9galement des performances sup\u00e9rieures.<\/p>\n<h2> <strong> pour les joueurs avanc\u00e9s <\/strong> <\/h2>\n<p>Si vous \u00eates un joueur de haut niveau qui cherche \u00e0 tirer le meilleur parti de sa force et de sa technique, cette pelle est pour vous. Sa construction en carbone aluminis\u00e9e 15K et son caoutchouc EVA \u00e0 haute densit\u00e9 garantissent un coup solide et puissant. De plus, la poign\u00e9e de poign\u00e9e suppl\u00e9mentaire de puissance, plus longue que d&#8217;habitude, facilite la g\u00e9n\u00e9ration d&#8217;inertie, id\u00e9ale pour les joueurs offensifs qui ne renoncent pas au bon contr\u00f4le.<\/p>\n<h2> <strong> Caract\u00e9ristiques et technologies <\/strong> <\/h2>\n<p> <strong> -Dynamique Air Flow <\/strong>: moins de r\u00e9sistance \u00e0 l&#8217;air pour une meilleure maniabilit\u00e9.<\/p>\n<p> <strong> -Power EXTRA GRIP <\/strong>: poign\u00e9e \u00e9tendue qui augmente l&#8217;inertie et la puissance dans chaque coup.<br \/>\n<P style=\"padding-left: 40px\"> <strong> -11 treize <\/strong>: trous sp\u00e9cifiques pour une plus grande rigidit\u00e9 et durabilit\u00e9.<br \/>\n<P style=\"padding-left: 40px\"> <strong> -pin lame moule <\/strong>: relief 3D qui am\u00e9liore le contact et augmente les effets.<\/p>\n<p style=\"padding-left: 40px\"> <strong> -Might Memory Eva <\/strong>: caoutchouc haute densit\u00e9 pour une puissance maximale en coups rapides.<\/p>\n<p style=\"padding-left: 40px\"> <strong>-carbone coditis\u00e9 15k <\/strong>: r\u00e9sistance et raideur pour les joueurs qui hi\u00e9rarchisent la force.<br \/>\n<P style=\"padding-left: 40px\"> <strong> -oversize diamant chaussure<\/p>\n<h2> <strong> Disponible au Revolution Padel Store <\/strong> <\/h2>\n<p>Le <strong> adidas le croiser 3.4 2025 <\/strong> est id\u00e9al pour ceux qui recherchent des performances \u00e9lev\u00e9es dans chaque partie. Avec sa combinaison de technologies avanc\u00e9es et de design attrayant, cette pelle est l&#8217;alli\u00e9 parfait pour les joueurs qui veulent ma\u00eetriser le jeu.<\/p>\n<\/div>\n<\/div>\n","protected":false},"excerpt":{"rendered":"<p>L&#8217;adidas Cross It 3.4 2025 combine la puissance, le contr\u00f4le et les technologies avanc\u00e9es telles que le flux d&#8217;air dynamique et le moule \u00e0 lame de spin, id\u00e9al pour les joueurs experts \u00e0 la recherche de performances \u00e9lev\u00e9es dans chaque jeu.<\/p>\n","protected":false},"featured_media":153310,"comment_status":"open","ping_status":"closed","template":"","meta":{"_acf_changed":false,"_joinchat":[]},"acabado":[1092],"balance":[1137],"dureza":[1162],"forma":[1172],"jugador":[1197],"marca":[1232],"nivel-de-juego":[1337],"superficie":[1362],"tipo-de-juego":[1377],"product_brand":[],"product_cat":[302],"product_tag":[],"class_list":{"0":"post-154635","1":"product","2":"type-product","3":"status-publish","4":"has-post-thumbnail","6":"acabado-soulager-la-3d","7":"balance-eleve","8":"dureza-dure","9":"forma-diamant","10":"jugador-mujer-fr","11":"marca-adidas-fr","12":"superficie-rugosa-fr","13":"tipo-de-juego-puissance","14":"product_cat-palas-de-padel-fr","16":"first","17":"instock","18":"sale","19":"taxable","20":"shipping-taxable","21":"purchasable","22":"product-type-simple"},"acf":[],"yoast_head":"<!-- This site is optimized with the Yoast SEO plugin v27.4 - https:\/\/yoast.com\/product\/yoast-seo-wordpress\/ -->\n<title>ADIDAS CROSS IT 3.4 2025 - Revolution Padel Store<\/title>\n<meta name=\"description\" content=\"La Adidas Cross IT 3.4 2025 es una pala de p\u00e1del dise\u00f1ada para maximizar potencia y maniobrabilidad, integrando tecnolog\u00edas innovadoras para elevar el rendimiento en la pista. Con un dise\u00f1o moderno y un formato diamante oversize, esta pala no solo destaca por su aspecto, sino tambi\u00e9n por sus prestaciones avanzadas, que combinan potencia y control para jugadores exigentes.\" \/>\n<meta name=\"robots\" content=\"index, follow, max-snippet:-1, max-image-preview:large, max-video-preview:-1\" \/>\n<link rel=\"canonical\" href=\"https:\/\/revolutionpadelstore.com\/fr\/produit\/adidas-cross-it-3-4-2025-3\/\" \/>\n<meta property=\"og:locale\" content=\"fr_FR\" \/>\n<meta property=\"og:type\" content=\"article\" \/>\n<meta property=\"og:title\" content=\"ADIDAS CROSS IT 3.4 2025 - Revolution Padel Store\" \/>\n<meta property=\"og:description\" content=\"La Adidas Cross IT 3.4 2025 es una pala de p\u00e1del dise\u00f1ada para maximizar potencia y maniobrabilidad, integrando tecnolog\u00edas innovadoras para elevar el rendimiento en la pista. Con un dise\u00f1o moderno y un formato diamante oversize, esta pala no solo destaca por su aspecto, sino tambi\u00e9n por sus prestaciones avanzadas, que combinan potencia y control para jugadores exigentes.\" \/>\n<meta property=\"og:url\" content=\"https:\/\/revolutionpadelstore.com\/fr\/produit\/adidas-cross-it-3-4-2025-3\/\" \/>\n<meta property=\"og:site_name\" content=\"Revolution Padel Store\" \/>\n<meta property=\"article:modified_time\" content=\"2026-04-08T07:41:17+00:00\" \/>\n<meta property=\"og:image\" content=\"https:\/\/revolutionpadelstore.com\/wp-content\/uploads\/2024\/12\/113677-pala-adidas-cross-lt-3-4-ar1aa3u231500x1500-1.webp\" \/>\n\t<meta property=\"og:image:width\" content=\"1500\" \/>\n\t<meta property=\"og:image:height\" content=\"1500\" \/>\n\t<meta property=\"og:image:type\" content=\"image\/webp\" \/>\n<meta name=\"twitter:card\" content=\"summary_large_image\" \/>\n<meta name=\"twitter:label1\" content=\"Dur\u00e9e de lecture estim\u00e9e\" \/>\n\t<meta name=\"twitter:data1\" content=\"2 minutes\" \/>\n<script type=\"application\/ld+json\" class=\"yoast-schema-graph\">{\"@context\":\"https:\\\/\\\/schema.org\",\"@graph\":[{\"@type\":\"WebPage\",\"@id\":\"https:\\\/\\\/revolutionpadelstore.com\\\/fr\\\/produit\\\/adidas-cross-it-3-4-2025-3\\\/\",\"url\":\"https:\\\/\\\/revolutionpadelstore.com\\\/fr\\\/produit\\\/adidas-cross-it-3-4-2025-3\\\/\",\"name\":\"ADIDAS CROSS IT 3.4 2025 - Revolution Padel Store\",\"isPartOf\":{\"@id\":\"https:\\\/\\\/revolutionpadelstore.com\\\/fr\\\/#website\"},\"primaryImageOfPage\":{\"@id\":\"https:\\\/\\\/revolutionpadelstore.com\\\/fr\\\/produit\\\/adidas-cross-it-3-4-2025-3\\\/#primaryimage\"},\"image\":{\"@id\":\"https:\\\/\\\/revolutionpadelstore.com\\\/fr\\\/produit\\\/adidas-cross-it-3-4-2025-3\\\/#primaryimage\"},\"thumbnailUrl\":\"https:\\\/\\\/revolutionpadelstore.com\\\/wp-content\\\/uploads\\\/2024\\\/12\\\/113677-pala-adidas-cross-lt-3-4-ar1aa3u231500x1500-1.webp\",\"datePublished\":\"2024-12-07T08:35:06+00:00\",\"dateModified\":\"2026-04-08T07:41:17+00:00\",\"description\":\"La Adidas Cross IT 3.4 2025 es una pala de p\u00e1del dise\u00f1ada para maximizar potencia y maniobrabilidad, integrando tecnolog\u00edas innovadoras para elevar el rendimiento en la pista. Con un dise\u00f1o moderno y un formato diamante oversize, esta pala no solo destaca por su aspecto, sino tambi\u00e9n por sus prestaciones avanzadas, que combinan potencia y control para jugadores exigentes.\",\"breadcrumb\":{\"@id\":\"https:\\\/\\\/revolutionpadelstore.com\\\/fr\\\/produit\\\/adidas-cross-it-3-4-2025-3\\\/#breadcrumb\"},\"inLanguage\":\"fr-FR\",\"potentialAction\":[{\"@type\":\"ReadAction\",\"target\":[\"https:\\\/\\\/revolutionpadelstore.com\\\/fr\\\/produit\\\/adidas-cross-it-3-4-2025-3\\\/\"]}]},{\"@type\":\"ImageObject\",\"inLanguage\":\"fr-FR\",\"@id\":\"https:\\\/\\\/revolutionpadelstore.com\\\/fr\\\/produit\\\/adidas-cross-it-3-4-2025-3\\\/#primaryimage\",\"url\":\"https:\\\/\\\/revolutionpadelstore.com\\\/wp-content\\\/uploads\\\/2024\\\/12\\\/113677-pala-adidas-cross-lt-3-4-ar1aa3u231500x1500-1.webp\",\"contentUrl\":\"https:\\\/\\\/revolutionpadelstore.com\\\/wp-content\\\/uploads\\\/2024\\\/12\\\/113677-pala-adidas-cross-lt-3-4-ar1aa3u231500x1500-1.webp\",\"width\":1500,\"height\":1500},{\"@type\":\"BreadcrumbList\",\"@id\":\"https:\\\/\\\/revolutionpadelstore.com\\\/fr\\\/produit\\\/adidas-cross-it-3-4-2025-3\\\/#breadcrumb\",\"itemListElement\":[{\"@type\":\"ListItem\",\"position\":1,\"name\":\"Portada\",\"item\":\"https:\\\/\\\/revolutionpadelstore.com\\\/fr\\\/\"},{\"@type\":\"ListItem\",\"position\":2,\"name\":\"Boutique\",\"item\":\"https:\\\/\\\/revolutionpadelstore.com\\\/fr\\\/tienda\\\/\"},{\"@type\":\"ListItem\",\"position\":3,\"name\":\"ADIDAS CROSS IT 3.4 2025\"}]},{\"@type\":\"WebSite\",\"@id\":\"https:\\\/\\\/revolutionpadelstore.com\\\/fr\\\/#website\",\"url\":\"https:\\\/\\\/revolutionpadelstore.com\\\/fr\\\/\",\"name\":\"Revolution Padel Store\",\"description\":\"\",\"publisher\":{\"@id\":\"https:\\\/\\\/revolutionpadelstore.com\\\/fr\\\/#organization\"},\"potentialAction\":[{\"@type\":\"SearchAction\",\"target\":{\"@type\":\"EntryPoint\",\"urlTemplate\":\"https:\\\/\\\/revolutionpadelstore.com\\\/fr\\\/?s={search_term_string}\"},\"query-input\":{\"@type\":\"PropertyValueSpecification\",\"valueRequired\":true,\"valueName\":\"search_term_string\"}}],\"inLanguage\":\"fr-FR\"},{\"@type\":\"Organization\",\"@id\":\"https:\\\/\\\/revolutionpadelstore.com\\\/fr\\\/#organization\",\"name\":\"Revolution Padel Store\",\"url\":\"https:\\\/\\\/revolutionpadelstore.com\\\/fr\\\/\",\"logo\":{\"@type\":\"ImageObject\",\"inLanguage\":\"fr-FR\",\"@id\":\"https:\\\/\\\/revolutionpadelstore.com\\\/fr\\\/#\\\/schema\\\/logo\\\/image\\\/\",\"url\":\"https:\\\/\\\/revolutionpadelstore.com\\\/wp-content\\\/uploads\\\/2026\\\/02\\\/revolution-padel-store.jpg\",\"contentUrl\":\"https:\\\/\\\/revolutionpadelstore.com\\\/wp-content\\\/uploads\\\/2026\\\/02\\\/revolution-padel-store.jpg\",\"width\":2000,\"height\":2000,\"caption\":\"Revolution Padel Store\"},\"image\":{\"@id\":\"https:\\\/\\\/revolutionpadelstore.com\\\/fr\\\/#\\\/schema\\\/logo\\\/image\\\/\"},\"sameAs\":[\"https:\\\/\\\/www.instagram.com\\\/revolutionpadelstore\\\/\"]}]}<\/script>\n<!-- \/ Yoast SEO plugin. -->","yoast_head_json":{"title":"ADIDAS CROSS IT 3.4 2025 - Revolution Padel Store","description":"La Adidas Cross IT 3.4 2025 es una pala de p\u00e1del dise\u00f1ada para maximizar potencia y maniobrabilidad, integrando tecnolog\u00edas innovadoras para elevar el rendimiento en la pista. Con un dise\u00f1o moderno y un formato diamante oversize, esta pala no solo destaca por su aspecto, sino tambi\u00e9n por sus prestaciones avanzadas, que combinan potencia y control para jugadores exigentes.","robots":{"index":"index","follow":"follow","max-snippet":"max-snippet:-1","max-image-preview":"max-image-preview:large","max-video-preview":"max-video-preview:-1"},"canonical":"https:\/\/revolutionpadelstore.com\/fr\/produit\/adidas-cross-it-3-4-2025-3\/","og_locale":"fr_FR","og_type":"article","og_title":"ADIDAS CROSS IT 3.4 2025 - Revolution Padel Store","og_description":"La Adidas Cross IT 3.4 2025 es una pala de p\u00e1del dise\u00f1ada para maximizar potencia y maniobrabilidad, integrando tecnolog\u00edas innovadoras para elevar el rendimiento en la pista. Con un dise\u00f1o moderno y un formato diamante oversize, esta pala no solo destaca por su aspecto, sino tambi\u00e9n por sus prestaciones avanzadas, que combinan potencia y control para jugadores exigentes.","og_url":"https:\/\/revolutionpadelstore.com\/fr\/produit\/adidas-cross-it-3-4-2025-3\/","og_site_name":"Revolution Padel Store","article_modified_time":"2026-04-08T07:41:17+00:00","og_image":[{"width":1500,"height":1500,"url":"https:\/\/revolutionpadelstore.com\/wp-content\/uploads\/2024\/12\/113677-pala-adidas-cross-lt-3-4-ar1aa3u231500x1500-1.webp","type":"image\/webp"}],"twitter_card":"summary_large_image","twitter_misc":{"Dur\u00e9e de lecture estim\u00e9e":"2 minutes"},"schema":{"@context":"https:\/\/schema.org","@graph":[{"@type":"WebPage","@id":"https:\/\/revolutionpadelstore.com\/fr\/produit\/adidas-cross-it-3-4-2025-3\/","url":"https:\/\/revolutionpadelstore.com\/fr\/produit\/adidas-cross-it-3-4-2025-3\/","name":"ADIDAS CROSS IT 3.4 2025 - Revolution Padel Store","isPartOf":{"@id":"https:\/\/revolutionpadelstore.com\/fr\/#website"},"primaryImageOfPage":{"@id":"https:\/\/revolutionpadelstore.com\/fr\/produit\/adidas-cross-it-3-4-2025-3\/#primaryimage"},"image":{"@id":"https:\/\/revolutionpadelstore.com\/fr\/produit\/adidas-cross-it-3-4-2025-3\/#primaryimage"},"thumbnailUrl":"https:\/\/revolutionpadelstore.com\/wp-content\/uploads\/2024\/12\/113677-pala-adidas-cross-lt-3-4-ar1aa3u231500x1500-1.webp","datePublished":"2024-12-07T08:35:06+00:00","dateModified":"2026-04-08T07:41:17+00:00","description":"La Adidas Cross IT 3.4 2025 es una pala de p\u00e1del dise\u00f1ada para maximizar potencia y maniobrabilidad, integrando tecnolog\u00edas innovadoras para elevar el rendimiento en la pista. Con un dise\u00f1o moderno y un formato diamante oversize, esta pala no solo destaca por su aspecto, sino tambi\u00e9n por sus prestaciones avanzadas, que combinan potencia y control para jugadores exigentes.","breadcrumb":{"@id":"https:\/\/revolutionpadelstore.com\/fr\/produit\/adidas-cross-it-3-4-2025-3\/#breadcrumb"},"inLanguage":"fr-FR","potentialAction":[{"@type":"ReadAction","target":["https:\/\/revolutionpadelstore.com\/fr\/produit\/adidas-cross-it-3-4-2025-3\/"]}]},{"@type":"ImageObject","inLanguage":"fr-FR","@id":"https:\/\/revolutionpadelstore.com\/fr\/produit\/adidas-cross-it-3-4-2025-3\/#primaryimage","url":"https:\/\/revolutionpadelstore.com\/wp-content\/uploads\/2024\/12\/113677-pala-adidas-cross-lt-3-4-ar1aa3u231500x1500-1.webp","contentUrl":"https:\/\/revolutionpadelstore.com\/wp-content\/uploads\/2024\/12\/113677-pala-adidas-cross-lt-3-4-ar1aa3u231500x1500-1.webp","width":1500,"height":1500},{"@type":"BreadcrumbList","@id":"https:\/\/revolutionpadelstore.com\/fr\/produit\/adidas-cross-it-3-4-2025-3\/#breadcrumb","itemListElement":[{"@type":"ListItem","position":1,"name":"Portada","item":"https:\/\/revolutionpadelstore.com\/fr\/"},{"@type":"ListItem","position":2,"name":"Boutique","item":"https:\/\/revolutionpadelstore.com\/fr\/tienda\/"},{"@type":"ListItem","position":3,"name":"ADIDAS CROSS IT 3.4 2025"}]},{"@type":"WebSite","@id":"https:\/\/revolutionpadelstore.com\/fr\/#website","url":"https:\/\/revolutionpadelstore.com\/fr\/","name":"Revolution Padel Store","description":"","publisher":{"@id":"https:\/\/revolutionpadelstore.com\/fr\/#organization"},"potentialAction":[{"@type":"SearchAction","target":{"@type":"EntryPoint","urlTemplate":"https:\/\/revolutionpadelstore.com\/fr\/?s={search_term_string}"},"query-input":{"@type":"PropertyValueSpecification","valueRequired":true,"valueName":"search_term_string"}}],"inLanguage":"fr-FR"},{"@type":"Organization","@id":"https:\/\/revolutionpadelstore.com\/fr\/#organization","name":"Revolution Padel Store","url":"https:\/\/revolutionpadelstore.com\/fr\/","logo":{"@type":"ImageObject","inLanguage":"fr-FR","@id":"https:\/\/revolutionpadelstore.com\/fr\/#\/schema\/logo\/image\/","url":"https:\/\/revolutionpadelstore.com\/wp-content\/uploads\/2026\/02\/revolution-padel-store.jpg","contentUrl":"https:\/\/revolutionpadelstore.com\/wp-content\/uploads\/2026\/02\/revolution-padel-store.jpg","width":2000,"height":2000,"caption":"Revolution Padel Store"},"image":{"@id":"https:\/\/revolutionpadelstore.com\/fr\/#\/schema\/logo\/image\/"},"sameAs":["https:\/\/www.instagram.com\/revolutionpadelstore\/"]}]}},"_links":{"self":[{"href":"https:\/\/revolutionpadelstore.com\/fr\/wp-json\/wp\/v2\/product\/154635","targetHints":{"allow":["GET"]}}],"collection":[{"href":"https:\/\/revolutionpadelstore.com\/fr\/wp-json\/wp\/v2\/product"}],"about":[{"href":"https:\/\/revolutionpadelstore.com\/fr\/wp-json\/wp\/v2\/types\/product"}],"replies":[{"embeddable":true,"href":"https:\/\/revolutionpadelstore.com\/fr\/wp-json\/wp\/v2\/comments?post=154635"}],"wp:featuredmedia":[{"embeddable":true,"href":"https:\/\/revolutionpadelstore.com\/fr\/wp-json\/wp\/v2\/media\/153310"}],"wp:attachment":[{"href":"https:\/\/revolutionpadelstore.com\/fr\/wp-json\/wp\/v2\/media?parent=154635"}],"wp:term":[{"taxonomy":"acabado","embeddable":true,"href":"https:\/\/revolutionpadelstore.com\/fr\/wp-json\/wp\/v2\/acabado?post=154635"},{"taxonomy":"balance","embeddable":true,"href":"https:\/\/revolutionpadelstore.com\/fr\/wp-json\/wp\/v2\/balance?post=154635"},{"taxonomy":"dureza","embeddable":true,"href":"https:\/\/revolutionpadelstore.com\/fr\/wp-json\/wp\/v2\/dureza?post=154635"},{"taxonomy":"forma","embeddable":true,"href":"https:\/\/revolutionpadelstore.com\/fr\/wp-json\/wp\/v2\/forma?post=154635"},{"taxonomy":"jugador","embeddable":true,"href":"https:\/\/revolutionpadelstore.com\/fr\/wp-json\/wp\/v2\/jugador?post=154635"},{"taxonomy":"marca","embeddable":true,"href":"https:\/\/revolutionpadelstore.com\/fr\/wp-json\/wp\/v2\/marca?post=154635"},{"taxonomy":"nivel-de-juego","embeddable":true,"href":"https:\/\/revolutionpadelstore.com\/fr\/wp-json\/wp\/v2\/nivel-de-juego?post=154635"},{"taxonomy":"superficie","embeddable":true,"href":"https:\/\/revolutionpadelstore.com\/fr\/wp-json\/wp\/v2\/superficie?post=154635"},{"taxonomy":"tipo-de-juego","embeddable":true,"href":"https:\/\/revolutionpadelstore.com\/fr\/wp-json\/wp\/v2\/tipo-de-juego?post=154635"},{"taxonomy":"product_brand","embeddable":true,"href":"https:\/\/revolutionpadelstore.com\/fr\/wp-json\/wp\/v2\/product_brand?post=154635"},{"taxonomy":"product_cat","embeddable":true,"href":"https:\/\/revolutionpadelstore.com\/fr\/wp-json\/wp\/v2\/product_cat?post=154635"},{"taxonomy":"product_tag","embeddable":true,"href":"https:\/\/revolutionpadelstore.com\/fr\/wp-json\/wp\/v2\/product_tag?post=154635"}],"curies":[{"name":"wp","href":"https:\/\/api.w.org\/{rel}","templated":true}]}}